{"id":80,"date":"2023-10-16T14:10:53","date_gmt":"2023-10-16T17:10:53","guid":{"rendered":"https:\/\/institucional.ufrrj.br\/portaldmsa\/?page_id=80"},"modified":"2024-09-27T11:20:42","modified_gmt":"2024-09-27T14:20:42","slug":"pncp","status":"publish","type":"page","link":"https:\/\/institucional.ufrrj.br\/portaldmsa\/pncp\/","title":{"rendered":"PNCP"},"content":{"rendered":"\n<p class=\" eplus-wrapper\">Clique <strong><a href=\"https:\/\/pncp.gov.br\/app\/pca?orgaos=26267&amp;status=vigente&amp;pagina=1&amp;unidades=null\" target=\"_blank\" rel=\"noreferrer noopener\">aqui <\/a><\/strong>para acessar as informa\u00e7\u00f5es do Portal Nacional de Contrata\u00e7\u00f5es P\u00fablicas.<\/p>\n\n\n\n<p class=\" eplus-wrapper\"><\/p>\n\n\n\n<p class=\" eplus-wrapper\"><\/p>\n\n\n\n<p class=\" eplus-wrapper\"><\/p>\n\n\n\n<p class=\" eplus-wrapper\"><\/p>\n\n\n\n<p class=\" eplus-wrapper\"><\/p>\n\n\n\n<figure class=\" edplus_anim-exb3eK wp-block-image size-large eplus-wrapper\"><img loading=\"lazy\" decoding=\"async\" width=\"1024\" height=\"99\" src=\"https:\/\/institucional.ufrrj.br\/portaldmsa\/files\/2024\/08\/dmsa_proaf_ufrrj_01-1024x99.png\" alt=\"\" class=\"wp-image-321\" srcset=\"https:\/\/institucional.ufrrj.br\/portaldmsa\/files\/2024\/08\/dmsa_proaf_ufrrj_01-1024x99.png 1024w, https:\/\/institucional.ufrrj.br\/portaldmsa\/files\/2024\/08\/dmsa_proaf_ufrrj_01-300x29.png 300w, https:\/\/institucional.ufrrj.br\/portaldmsa\/files\/2024\/08\/dmsa_proaf_ufrrj_01-768x74.png 768w, https:\/\/institucional.ufrrj.br\/portaldmsa\/files\/2024\/08\/dmsa_proaf_ufrrj_01-1536x148.png 1536w, https:\/\/institucional.ufrrj.br\/portaldmsa\/files\/2024\/08\/dmsa_proaf_ufrrj_01.png 2000w\" sizes=\"auto, (max-width: 1024px) 100vw, 1024px\" \/><\/figure>\n","protected":false},"excerpt":{"rendered":"<p>Clique aqui para acessar as informa\u00e7\u00f5es do Portal Nacional de Contrata\u00e7\u00f5es P\u00fablicas.<\/p>\n","protected":false},"author":634,"featured_media":0,"parent":0,"menu_order":0,"comment_status":"closed","ping_status":"closed","template":"","meta":{"_acf_changed":false,"footnotes":""},"class_list":["post-80","page","type-page","status-publish","hentry"],"yoast_head":"<!-- This site is optimized with the Yoast SEO plugin v27.2 - https:\/\/yoast.com\/product\/yoast-seo-wordpress\/ -->\n<title>PNCP - DMSA<\/title>\n<meta name=\"robots\" content=\"index, follow, max-snippet:-1, max-image-preview:large, max-video-preview:-1\" \/>\n<link rel=\"canonical\" href=\"https:\/\/institucional.ufrrj.br\/portaldmsa\/pncp\/\" \/>\n<meta property=\"og:locale\" content=\"pt_BR\" \/>\n<meta property=\"og:type\" content=\"article\" \/>\n<meta property=\"og:title\" content=\"PNCP - DMSA\" \/>\n<meta property=\"og:description\" content=\"Clique aqui para acessar as informa\u00e7\u00f5es do Portal Nacional de Contrata\u00e7\u00f5es P\u00fablicas.\" \/>\n<meta property=\"og:url\" content=\"https:\/\/institucional.ufrrj.br\/portaldmsa\/pncp\/\" \/>\n<meta property=\"og:site_name\" content=\"DMSA\" \/>\n<meta property=\"article:modified_time\" content=\"2024-09-27T14:20:42+00:00\" \/>\n<meta property=\"og:image\" content=\"https:\/\/institucional.ufrrj.br\/portaldmsa\/files\/2024\/08\/dmsa_proaf_ufrrj_01.png\" \/>\n\t<meta property=\"og:image:width\" content=\"2000\" \/>\n\t<meta property=\"og:image:height\" content=\"193\" \/>\n\t<meta property=\"og:image:type\" content=\"image\/png\" \/>\n<meta name=\"twitter:card\" content=\"summary_large_image\" \/>\n<script type=\"application\/ld+json\" class=\"yoast-schema-graph\">{\"@context\":\"https:\/\/schema.org\",\"@graph\":[{\"@type\":\"WebPage\",\"@id\":\"https:\/\/institucional.ufrrj.br\/portaldmsa\/pncp\/\",\"url\":\"https:\/\/institucional.ufrrj.br\/portaldmsa\/pncp\/\",\"name\":\"PNCP - DMSA\",\"isPartOf\":{\"@id\":\"https:\/\/institucional.ufrrj.br\/portaldmsa\/#website\"},\"primaryImageOfPage\":{\"@id\":\"https:\/\/institucional.ufrrj.br\/portaldmsa\/pncp\/#primaryimage\"},\"image\":{\"@id\":\"https:\/\/institucional.ufrrj.br\/portaldmsa\/pncp\/#primaryimage\"},\"thumbnailUrl\":\"https:\/\/institucional.ufrrj.br\/portaldmsa\/files\/2024\/08\/dmsa_proaf_ufrrj_01-1024x99.png\",\"datePublished\":\"2023-10-16T17:10:53+00:00\",\"dateModified\":\"2024-09-27T14:20:42+00:00\",\"breadcrumb\":{\"@id\":\"https:\/\/institucional.ufrrj.br\/portaldmsa\/pncp\/#breadcrumb\"},\"inLanguage\":\"pt-BR\",\"potentialAction\":[{\"@type\":\"ReadAction\",\"target\":[\"https:\/\/institucional.ufrrj.br\/portaldmsa\/pncp\/\"]}]},{\"@type\":\"ImageObject\",\"inLanguage\":\"pt-BR\",\"@id\":\"https:\/\/institucional.ufrrj.br\/portaldmsa\/pncp\/#primaryimage\",\"url\":\"https:\/\/institucional.ufrrj.br\/portaldmsa\/files\/2024\/08\/dmsa_proaf_ufrrj_01.png\",\"contentUrl\":\"https:\/\/institucional.ufrrj.br\/portaldmsa\/files\/2024\/08\/dmsa_proaf_ufrrj_01.png\",\"width\":2000,\"height\":193},{\"@type\":\"BreadcrumbList\",\"@id\":\"https:\/\/institucional.ufrrj.br\/portaldmsa\/pncp\/#breadcrumb\",\"itemListElement\":[{\"@type\":\"ListItem\",\"position\":1,\"name\":\"In\u00edcio\",\"item\":\"https:\/\/institucional.ufrrj.br\/portaldmsa\/\"},{\"@type\":\"ListItem\",\"position\":2,\"name\":\"PNCP\"}]},{\"@type\":\"WebSite\",\"@id\":\"https:\/\/institucional.ufrrj.br\/portaldmsa\/#website\",\"url\":\"https:\/\/institucional.ufrrj.br\/portaldmsa\/\",\"name\":\"DMSA\",\"description\":\"DEPARTAMENTO DE MATERIAL E SERVI\u00c7OS AUXILIARES\",\"potentialAction\":[{\"@type\":\"SearchAction\",\"target\":{\"@type\":\"EntryPoint\",\"urlTemplate\":\"https:\/\/institucional.ufrrj.br\/portaldmsa\/?s={search_term_string}\"},\"query-input\":{\"@type\":\"PropertyValueSpecification\",\"valueRequired\":true,\"valueName\":\"search_term_string\"}}],\"inLanguage\":\"pt-BR\"}]}<\/script>\n<!-- \/ Yoast SEO plugin. -->","yoast_head_json":{"title":"PNCP - DMSA","robots":{"index":"index","follow":"follow","max-snippet":"max-snippet:-1","max-image-preview":"max-image-preview:large","max-video-preview":"max-video-preview:-1"},"canonical":"https:\/\/institucional.ufrrj.br\/portaldmsa\/pncp\/","og_locale":"pt_BR","og_type":"article","og_title":"PNCP - DMSA","og_description":"Clique aqui para acessar as informa\u00e7\u00f5es do Portal Nacional de Contrata\u00e7\u00f5es P\u00fablicas.","og_url":"https:\/\/institucional.ufrrj.br\/portaldmsa\/pncp\/","og_site_name":"DMSA","article_modified_time":"2024-09-27T14:20:42+00:00","og_image":[{"width":2000,"height":193,"url":"https:\/\/institucional.ufrrj.br\/portaldmsa\/files\/2024\/08\/dmsa_proaf_ufrrj_01.png","type":"image\/png"}],"twitter_card":"summary_large_image","schema":{"@context":"https:\/\/schema.org","@graph":[{"@type":"WebPage","@id":"https:\/\/institucional.ufrrj.br\/portaldmsa\/pncp\/","url":"https:\/\/institucional.ufrrj.br\/portaldmsa\/pncp\/","name":"PNCP - DMSA","isPartOf":{"@id":"https:\/\/institucional.ufrrj.br\/portaldmsa\/#website"},"primaryImageOfPage":{"@id":"https:\/\/institucional.ufrrj.br\/portaldmsa\/pncp\/#primaryimage"},"image":{"@id":"https:\/\/institucional.ufrrj.br\/portaldmsa\/pncp\/#primaryimage"},"thumbnailUrl":"https:\/\/institucional.ufrrj.br\/portaldmsa\/files\/2024\/08\/dmsa_proaf_ufrrj_01-1024x99.png","datePublished":"2023-10-16T17:10:53+00:00","dateModified":"2024-09-27T14:20:42+00:00","breadcrumb":{"@id":"https:\/\/institucional.ufrrj.br\/portaldmsa\/pncp\/#breadcrumb"},"inLanguage":"pt-BR","potentialAction":[{"@type":"ReadAction","target":["https:\/\/institucional.ufrrj.br\/portaldmsa\/pncp\/"]}]},{"@type":"ImageObject","inLanguage":"pt-BR","@id":"https:\/\/institucional.ufrrj.br\/portaldmsa\/pncp\/#primaryimage","url":"https:\/\/institucional.ufrrj.br\/portaldmsa\/files\/2024\/08\/dmsa_proaf_ufrrj_01.png","contentUrl":"https:\/\/institucional.ufrrj.br\/portaldmsa\/files\/2024\/08\/dmsa_proaf_ufrrj_01.png","width":2000,"height":193},{"@type":"BreadcrumbList","@id":"https:\/\/institucional.ufrrj.br\/portaldmsa\/pncp\/#breadcrumb","itemListElement":[{"@type":"ListItem","position":1,"name":"In\u00edcio","item":"https:\/\/institucional.ufrrj.br\/portaldmsa\/"},{"@type":"ListItem","position":2,"name":"PNCP"}]},{"@type":"WebSite","@id":"https:\/\/institucional.ufrrj.br\/portaldmsa\/#website","url":"https:\/\/institucional.ufrrj.br\/portaldmsa\/","name":"DMSA","description":"DEPARTAMENTO DE MATERIAL E SERVI\u00c7OS AUXILIARES","potentialAction":[{"@type":"SearchAction","target":{"@type":"EntryPoint","urlTemplate":"https:\/\/institucional.ufrrj.br\/portaldmsa\/?s={search_term_string}"},"query-input":{"@type":"PropertyValueSpecification","valueRequired":true,"valueName":"search_term_string"}}],"inLanguage":"pt-BR"}]}},"acf":[],"_links":{"self":[{"href":"https:\/\/institucional.ufrrj.br\/portaldmsa\/wp-json\/wp\/v2\/pages\/80","targetHints":{"allow":["GET"]}}],"collection":[{"href":"https:\/\/institucional.ufrrj.br\/portaldmsa\/wp-json\/wp\/v2\/pages"}],"about":[{"href":"https:\/\/institucional.ufrrj.br\/portaldmsa\/wp-json\/wp\/v2\/types\/page"}],"author":[{"embeddable":true,"href":"https:\/\/institucional.ufrrj.br\/portaldmsa\/wp-json\/wp\/v2\/users\/634"}],"replies":[{"embeddable":true,"href":"https:\/\/institucional.ufrrj.br\/portaldmsa\/wp-json\/wp\/v2\/comments?post=80"}],"version-history":[{"count":6,"href":"https:\/\/institucional.ufrrj.br\/portaldmsa\/wp-json\/wp\/v2\/pages\/80\/revisions"}],"predecessor-version":[{"id":650,"href":"https:\/\/institucional.ufrrj.br\/portaldmsa\/wp-json\/wp\/v2\/pages\/80\/revisions\/650"}],"wp:attachment":[{"href":"https:\/\/institucional.ufrrj.br\/portaldmsa\/wp-json\/wp\/v2\/media?parent=80"}],"curies":[{"name":"wp","href":"https:\/\/api.w.org\/{rel}","templated":true}]}}