{"id":620,"date":"2024-09-24T11:27:27","date_gmt":"2024-09-24T14:27:27","guid":{"rendered":"https:\/\/institucional.ufrrj.br\/portaldmsa\/?page_id=620"},"modified":"2025-09-16T14:54:34","modified_gmt":"2025-09-16T17:54:34","slug":"entenda-como-funciona-o-pac","status":"publish","type":"page","link":"https:\/\/institucional.ufrrj.br\/portaldmsa\/entenda-como-funciona-o-pac\/","title":{"rendered":"Entenda como funciona o PCA"},"content":{"rendered":"\n<p class=\"eplus-wrapper\"><\/p>\n\n\n\n<figure class=\"wp-block-image size-large edplus_anim-QUw6lM eplus-wrapper\"><img loading=\"lazy\" decoding=\"async\" width=\"1024\" height=\"99\" src=\"https:\/\/institucional.ufrrj.br\/portaldmsa\/files\/2024\/08\/dmsa_proaf_ufrrj_01-1024x99.png\" alt=\"\" class=\"wp-image-321\" srcset=\"https:\/\/institucional.ufrrj.br\/portaldmsa\/files\/2024\/08\/dmsa_proaf_ufrrj_01-1024x99.png 1024w, https:\/\/institucional.ufrrj.br\/portaldmsa\/files\/2024\/08\/dmsa_proaf_ufrrj_01-300x29.png 300w, https:\/\/institucional.ufrrj.br\/portaldmsa\/files\/2024\/08\/dmsa_proaf_ufrrj_01-768x74.png 768w, https:\/\/institucional.ufrrj.br\/portaldmsa\/files\/2024\/08\/dmsa_proaf_ufrrj_01-1536x148.png 1536w, https:\/\/institucional.ufrrj.br\/portaldmsa\/files\/2024\/08\/dmsa_proaf_ufrrj_01.png 2000w\" sizes=\"auto, (max-width: 1024px) 100vw, 1024px\" \/><\/figure>\n\n\n\n<p class=\"has-text-align-center eplus-wrapper\">O Planejamento Anual de Compras e Servi\u00e7os funcionar\u00e1 conforme fluxograma abaixo.<\/p>\n\n\n\n<p class=\"eplus-wrapper\"><\/p>\n\n\n<div class=\"wp-block-image is-style-default eplus-wrapper\">\n<figure class=\"aligncenter size-large is-resized\"><a href=\"https:\/\/institucional.ufrrj.br\/portaldmsa\/files\/2025\/09\/Fluxograma-1.png\"><img loading=\"lazy\" decoding=\"async\" width=\"1024\" height=\"724\" src=\"https:\/\/institucional.ufrrj.br\/portaldmsa\/files\/2025\/09\/Fluxograma-1-1024x724.png\" alt=\"\" class=\"wp-image-1286\" style=\"aspect-ratio:1.440217391304348;width:646px;height:auto\" srcset=\"https:\/\/institucional.ufrrj.br\/portaldmsa\/files\/2025\/09\/Fluxograma-1-1024x724.png 1024w, https:\/\/institucional.ufrrj.br\/portaldmsa\/files\/2025\/09\/Fluxograma-1-300x212.png 300w, https:\/\/institucional.ufrrj.br\/portaldmsa\/files\/2025\/09\/Fluxograma-1-768x543.png 768w, https:\/\/institucional.ufrrj.br\/portaldmsa\/files\/2025\/09\/Fluxograma-1-1536x1086.png 1536w, https:\/\/institucional.ufrrj.br\/portaldmsa\/files\/2025\/09\/Fluxograma-1.png 2000w\" sizes=\"auto, (max-width: 1024px) 100vw, 1024px\" \/><\/a><figcaption class=\"wp-element-caption\">Clique no fluxograma para ampliar<\/figcaption><\/figure>\n<\/div>\n\n\n<p class=\"eplus-wrapper\"><\/p>\n\n\n\n<h2 class=\"wp-block-heading eplus-wrapper\"><strong><u>Como solicitar o cadastramento de materiais no cat\u00e1logo do sipac:<\/u><\/strong><\/h2>\n\n\n\n<p class=\"eplus-wrapper\"><strong>1-<\/strong> Para o planejamento de contrata\u00e7\u00f5es de 2027 dividimos em duas etapas. Na primeira etapa os requerentes avaliam se existem materiais da sua necessidade que n\u00e3o constam nos cat\u00e1logos dos grupos. Em seguida, os mesmos ter\u00e3o um prazo para solicitarem o cadastramento do material no cat\u00e1logo do SIPAC. A fim de orientar os procedimentos a serem adotados para a solicita\u00e7\u00e3o de cadastro de material no cat\u00e1logo do sipac, produzimos um manual sobre a tem\u00e1tica que voc\u00eas poder\u00e3o ter acesso atrav\u00e9s da aba &#8220;PLANEJAMENTO&#8221; no r\u00f3tulo &#8220;MANUAIS&#8221;:<\/p>\n\n\n\n<ul class=\"wp-block-list eplus-wrapper\">\n<li class=\"eplus-wrapper\">Manual com instru\u00e7\u00f5es para solicita\u00e7\u00e3o de cadastro de materiais no cat\u00e1logo do Sipac<\/li>\n\n\n\n<li class=\"eplus-wrapper\">V\u00eddeo com instru\u00e7\u00f5es para solicita\u00e7\u00e3o de cadastro de materiais no cat\u00e1logo do Sipac<\/li>\n<\/ul>\n\n\n\n<p class=\"eplus-wrapper\"><strong>2- <\/strong>Ap\u00f3s as solicita\u00e7\u00f5es de cadastro, os materiais ser\u00e3o acrescentados ao cat\u00e1logo do sipac e estar\u00e1 dispon\u00edvel no momento da realiza\u00e7\u00e3o da requisi\u00e7\u00e3o, na segunda etapa do planejamento.<\/p>\n\n\n\n<p class=\"eplus-wrapper\"><strong>*<\/strong>Cabe informar que conforme o teor do Memorando circular n\u00ba <strong>16\/2025-DMSA<\/strong>, n\u00e3o ser\u00e3o todos os grupos que estar\u00e3o abertos para recebimento de demandas para o planejamento de compras e servi\u00e7os de 2027. Sendo assim, as solicita\u00e7\u00f5es de cadastramento de itens no cat\u00e1logo dever\u00e3o ser itens correspondentes aos grupos dispon\u00edveis.<\/p>\n\n\n\n<h2 class=\"wp-block-heading eplus-wrapper\"><strong><u>Como requisitar a inclus\u00e3o de demandas no Plano de Contrata\u00e7\u00f5es Anuais:<\/u><\/strong><\/h2>\n\n\n\n<p class=\"eplus-wrapper\"><strong>1-<\/strong> Na segunda etapa, os servidores designados pela autoridade competente (autorizador), com perfil de requisitante dever\u00e3o, respeitando os prazos do&nbsp;cronograma, j\u00e1 dispon\u00edvel na aba &#8220;PLANEJAMENTO&#8221; no r\u00f3tulo &#8220;CRONOGRAMA&#8221;, inserir a sua demanda no sistema SIPAC e depois preencher o \u201cFormul\u00e1rio complementar \u00e0 requisi\u00e7\u00e3o de material\/servi\u00e7o de 2027\u201d.<\/p>\n\n\n\n<ul class=\"wp-block-list eplus-wrapper\">\n<li class=\"eplus-wrapper\">Manual com instru\u00e7\u00f5es para requisi\u00e7\u00e3o de materiais\/servi\u00e7os no Sipac<\/li>\n\n\n\n<li class=\"eplus-wrapper\">V\u00eddeo com instru\u00e7\u00f5es para requisi\u00e7\u00e3o de materiais\/servi\u00e7os Sipac<\/li>\n\n\n\n<li class=\"eplus-wrapper\">V\u00eddeo com instru\u00e7\u00f5es para consultar n\u00famero da requisi\u00e7\u00e3o de materiais\/servi\u00e7os Sipac<\/li>\n<\/ul>\n\n\n\n<p class=\"eplus-wrapper\"><strong>2-<\/strong> Ressaltamos que o requisitante que n\u00e3o encaminhar o formul\u00e1rio complementar \u00e0 requisi\u00e7\u00e3o no Planejamento 2027 ter\u00e1 sua requisi\u00e7\u00e3o devolvida.<\/p>\n\n\n\n<p class=\"eplus-wrapper\"><strong>3-<\/strong> O requisitante dever\u00e1 observar, ap\u00f3s o envio da demanda, se recebeu algum memorando no sistema Sipac solicitando ajustes na documenta\u00e7\u00e3o encaminhada ao setor de licita\u00e7\u00f5es. Em caso afirmativo, as corre\u00e7\u00f5es dever\u00e3o ser efetuadas dentro do prazo estabelecido pelo setor de licita\u00e7\u00f5es.<\/p>\n\n\n\n<p class=\"eplus-wrapper\"><strong>4-<\/strong> O requisitante tamb\u00e9m poder\u00e1 ter acesso aos cat\u00e1logos de materiais e servi\u00e7os que est\u00e3o disponibilizados no Sipac, no site do DMSA, na aba \u201cPLANEJAMENTO\u201d e no r\u00f3tulo \u201cCAT\u00c1LOGOS\u201d.<\/p>\n\n\n\n<p class=\"eplus-wrapper\"><strong>5-<\/strong> O Departamento de Materiais e Servi\u00e7os Auxiliares informa que no momento do recebimento das requisi\u00e7\u00f5es, n\u00e3o ser\u00e1 poss\u00edvel cadastrar novos itens aos cat\u00e1logos, ou seja, n\u00e3o ser\u00e1 poss\u00edvel retornar para a primeira etapa.<\/p>\n\n\n\n<p class=\"eplus-wrapper\">Para maiores informa\u00e7\u00f5es, entrem em contato atrav\u00e9s do:<\/p>\n\n\n\n<ul class=\"wp-block-list eplus-wrapper\">\n<li class=\"eplus-wrapper\">e-mail da Coordena\u00e7\u00e3o de Planejamento e Acompanhamento de Compras e Servi\u00e7os (cpacs_dmsa@ufrrj.br);<\/li>\n<\/ul>\n\n\n\n<p><\/p>\n","protected":false},"excerpt":{"rendered":"<p>O Planejamento Anual de Compras e Servi\u00e7os funcionar\u00e1 conforme fluxograma abaixo. Como solicitar o cadastramento de materiais no cat\u00e1logo do <a class=\"read-more\" href=\"https:\/\/institucional.ufrrj.br\/portaldmsa\/entenda-como-funciona-o-pac\/ \" >&#8230; <span class=\"font-italic\">leia mais <i class=\"fas fa-angle-right\"><\/i><\/span><\/a><\/p>\n","protected":false},"author":864,"featured_media":0,"parent":0,"menu_order":0,"comment_status":"closed","ping_status":"closed","template":"","meta":{"_acf_changed":false,"footnotes":""},"class_list":["post-620","page","type-page","status-publish","hentry"],"yoast_head":"<!-- This site is optimized with the Yoast SEO plugin v27.2 - https:\/\/yoast.com\/product\/yoast-seo-wordpress\/ -->\n<title>Entenda como funciona o PCA - DMSA<\/title>\n<meta name=\"robots\" content=\"index, follow, max-snippet:-1, max-image-preview:large, max-video-preview:-1\" \/>\n<link rel=\"canonical\" href=\"https:\/\/institucional.ufrrj.br\/portaldmsa\/entenda-como-funciona-o-pac\/\" \/>\n<meta property=\"og:locale\" content=\"pt_BR\" \/>\n<meta property=\"og:type\" content=\"article\" \/>\n<meta property=\"og:title\" content=\"Entenda como funciona o PCA - DMSA\" \/>\n<meta property=\"og:description\" content=\"O Planejamento Anual de Compras e Servi\u00e7os funcionar\u00e1 conforme fluxograma abaixo. Como solicitar o cadastramento de materiais no cat\u00e1logo do ... leia mais\" \/>\n<meta property=\"og:url\" content=\"https:\/\/institucional.ufrrj.br\/portaldmsa\/entenda-como-funciona-o-pac\/\" \/>\n<meta property=\"og:site_name\" content=\"DMSA\" \/>\n<meta property=\"article:modified_time\" content=\"2025-09-16T17:54:34+00:00\" \/>\n<meta property=\"og:image\" content=\"https:\/\/institucional.ufrrj.br\/portaldmsa\/files\/2024\/08\/dmsa_proaf_ufrrj_01.png\" \/>\n\t<meta property=\"og:image:width\" content=\"2000\" \/>\n\t<meta property=\"og:image:height\" content=\"193\" \/>\n\t<meta property=\"og:image:type\" content=\"image\/png\" \/>\n<meta name=\"twitter:card\" content=\"summary_large_image\" \/>\n<meta name=\"twitter:label1\" content=\"Est. tempo de leitura\" \/>\n\t<meta name=\"twitter:data1\" content=\"3 minutos\" \/>\n<script type=\"application\/ld+json\" class=\"yoast-schema-graph\">{\"@context\":\"https:\/\/schema.org\",\"@graph\":[{\"@type\":\"WebPage\",\"@id\":\"https:\/\/institucional.ufrrj.br\/portaldmsa\/entenda-como-funciona-o-pac\/\",\"url\":\"https:\/\/institucional.ufrrj.br\/portaldmsa\/entenda-como-funciona-o-pac\/\",\"name\":\"Entenda como funciona o PCA - DMSA\",\"isPartOf\":{\"@id\":\"https:\/\/institucional.ufrrj.br\/portaldmsa\/#website\"},\"primaryImageOfPage\":{\"@id\":\"https:\/\/institucional.ufrrj.br\/portaldmsa\/entenda-como-funciona-o-pac\/#primaryimage\"},\"image\":{\"@id\":\"https:\/\/institucional.ufrrj.br\/portaldmsa\/entenda-como-funciona-o-pac\/#primaryimage\"},\"thumbnailUrl\":\"https:\/\/institucional.ufrrj.br\/portaldmsa\/files\/2024\/08\/dmsa_proaf_ufrrj_01-1024x99.png\",\"datePublished\":\"2024-09-24T14:27:27+00:00\",\"dateModified\":\"2025-09-16T17:54:34+00:00\",\"breadcrumb\":{\"@id\":\"https:\/\/institucional.ufrrj.br\/portaldmsa\/entenda-como-funciona-o-pac\/#breadcrumb\"},\"inLanguage\":\"pt-BR\",\"potentialAction\":[{\"@type\":\"ReadAction\",\"target\":[\"https:\/\/institucional.ufrrj.br\/portaldmsa\/entenda-como-funciona-o-pac\/\"]}]},{\"@type\":\"ImageObject\",\"inLanguage\":\"pt-BR\",\"@id\":\"https:\/\/institucional.ufrrj.br\/portaldmsa\/entenda-como-funciona-o-pac\/#primaryimage\",\"url\":\"https:\/\/institucional.ufrrj.br\/portaldmsa\/files\/2024\/08\/dmsa_proaf_ufrrj_01.png\",\"contentUrl\":\"https:\/\/institucional.ufrrj.br\/portaldmsa\/files\/2024\/08\/dmsa_proaf_ufrrj_01.png\",\"width\":2000,\"height\":193},{\"@type\":\"BreadcrumbList\",\"@id\":\"https:\/\/institucional.ufrrj.br\/portaldmsa\/entenda-como-funciona-o-pac\/#breadcrumb\",\"itemListElement\":[{\"@type\":\"ListItem\",\"position\":1,\"name\":\"In\u00edcio\",\"item\":\"https:\/\/institucional.ufrrj.br\/portaldmsa\/\"},{\"@type\":\"ListItem\",\"position\":2,\"name\":\"Entenda como funciona o PCA\"}]},{\"@type\":\"WebSite\",\"@id\":\"https:\/\/institucional.ufrrj.br\/portaldmsa\/#website\",\"url\":\"https:\/\/institucional.ufrrj.br\/portaldmsa\/\",\"name\":\"DMSA\",\"description\":\"DEPARTAMENTO DE MATERIAL E SERVI\u00c7OS AUXILIARES\",\"potentialAction\":[{\"@type\":\"SearchAction\",\"target\":{\"@type\":\"EntryPoint\",\"urlTemplate\":\"https:\/\/institucional.ufrrj.br\/portaldmsa\/?s={search_term_string}\"},\"query-input\":{\"@type\":\"PropertyValueSpecification\",\"valueRequired\":true,\"valueName\":\"search_term_string\"}}],\"inLanguage\":\"pt-BR\"}]}<\/script>\n<!-- \/ Yoast SEO plugin. -->","yoast_head_json":{"title":"Entenda como funciona o PCA - DMSA","robots":{"index":"index","follow":"follow","max-snippet":"max-snippet:-1","max-image-preview":"max-image-preview:large","max-video-preview":"max-video-preview:-1"},"canonical":"https:\/\/institucional.ufrrj.br\/portaldmsa\/entenda-como-funciona-o-pac\/","og_locale":"pt_BR","og_type":"article","og_title":"Entenda como funciona o PCA - DMSA","og_description":"O Planejamento Anual de Compras e Servi\u00e7os funcionar\u00e1 conforme fluxograma abaixo. Como solicitar o cadastramento de materiais no cat\u00e1logo do ... leia mais","og_url":"https:\/\/institucional.ufrrj.br\/portaldmsa\/entenda-como-funciona-o-pac\/","og_site_name":"DMSA","article_modified_time":"2025-09-16T17:54:34+00:00","og_image":[{"width":2000,"height":193,"url":"https:\/\/institucional.ufrrj.br\/portaldmsa\/files\/2024\/08\/dmsa_proaf_ufrrj_01.png","type":"image\/png"}],"twitter_card":"summary_large_image","twitter_misc":{"Est. tempo de leitura":"3 minutos"},"schema":{"@context":"https:\/\/schema.org","@graph":[{"@type":"WebPage","@id":"https:\/\/institucional.ufrrj.br\/portaldmsa\/entenda-como-funciona-o-pac\/","url":"https:\/\/institucional.ufrrj.br\/portaldmsa\/entenda-como-funciona-o-pac\/","name":"Entenda como funciona o PCA - DMSA","isPartOf":{"@id":"https:\/\/institucional.ufrrj.br\/portaldmsa\/#website"},"primaryImageOfPage":{"@id":"https:\/\/institucional.ufrrj.br\/portaldmsa\/entenda-como-funciona-o-pac\/#primaryimage"},"image":{"@id":"https:\/\/institucional.ufrrj.br\/portaldmsa\/entenda-como-funciona-o-pac\/#primaryimage"},"thumbnailUrl":"https:\/\/institucional.ufrrj.br\/portaldmsa\/files\/2024\/08\/dmsa_proaf_ufrrj_01-1024x99.png","datePublished":"2024-09-24T14:27:27+00:00","dateModified":"2025-09-16T17:54:34+00:00","breadcrumb":{"@id":"https:\/\/institucional.ufrrj.br\/portaldmsa\/entenda-como-funciona-o-pac\/#breadcrumb"},"inLanguage":"pt-BR","potentialAction":[{"@type":"ReadAction","target":["https:\/\/institucional.ufrrj.br\/portaldmsa\/entenda-como-funciona-o-pac\/"]}]},{"@type":"ImageObject","inLanguage":"pt-BR","@id":"https:\/\/institucional.ufrrj.br\/portaldmsa\/entenda-como-funciona-o-pac\/#primaryimage","url":"https:\/\/institucional.ufrrj.br\/portaldmsa\/files\/2024\/08\/dmsa_proaf_ufrrj_01.png","contentUrl":"https:\/\/institucional.ufrrj.br\/portaldmsa\/files\/2024\/08\/dmsa_proaf_ufrrj_01.png","width":2000,"height":193},{"@type":"BreadcrumbList","@id":"https:\/\/institucional.ufrrj.br\/portaldmsa\/entenda-como-funciona-o-pac\/#breadcrumb","itemListElement":[{"@type":"ListItem","position":1,"name":"In\u00edcio","item":"https:\/\/institucional.ufrrj.br\/portaldmsa\/"},{"@type":"ListItem","position":2,"name":"Entenda como funciona o PCA"}]},{"@type":"WebSite","@id":"https:\/\/institucional.ufrrj.br\/portaldmsa\/#website","url":"https:\/\/institucional.ufrrj.br\/portaldmsa\/","name":"DMSA","description":"DEPARTAMENTO DE MATERIAL E SERVI\u00c7OS AUXILIARES","potentialAction":[{"@type":"SearchAction","target":{"@type":"EntryPoint","urlTemplate":"https:\/\/institucional.ufrrj.br\/portaldmsa\/?s={search_term_string}"},"query-input":{"@type":"PropertyValueSpecification","valueRequired":true,"valueName":"search_term_string"}}],"inLanguage":"pt-BR"}]}},"acf":[],"_links":{"self":[{"href":"https:\/\/institucional.ufrrj.br\/portaldmsa\/wp-json\/wp\/v2\/pages\/620","targetHints":{"allow":["GET"]}}],"collection":[{"href":"https:\/\/institucional.ufrrj.br\/portaldmsa\/wp-json\/wp\/v2\/pages"}],"about":[{"href":"https:\/\/institucional.ufrrj.br\/portaldmsa\/wp-json\/wp\/v2\/types\/page"}],"author":[{"embeddable":true,"href":"https:\/\/institucional.ufrrj.br\/portaldmsa\/wp-json\/wp\/v2\/users\/864"}],"replies":[{"embeddable":true,"href":"https:\/\/institucional.ufrrj.br\/portaldmsa\/wp-json\/wp\/v2\/comments?post=620"}],"version-history":[{"count":11,"href":"https:\/\/institucional.ufrrj.br\/portaldmsa\/wp-json\/wp\/v2\/pages\/620\/revisions"}],"predecessor-version":[{"id":1301,"href":"https:\/\/institucional.ufrrj.br\/portaldmsa\/wp-json\/wp\/v2\/pages\/620\/revisions\/1301"}],"wp:attachment":[{"href":"https:\/\/institucional.ufrrj.br\/portaldmsa\/wp-json\/wp\/v2\/media?parent=620"}],"curies":[{"name":"wp","href":"https:\/\/api.w.org\/{rel}","templated":true}]}}