{"id":60,"date":"2023-10-16T13:37:47","date_gmt":"2023-10-16T16:37:47","guid":{"rendered":"https:\/\/institucional.ufrrj.br\/portaldmsa\/?page_id=60"},"modified":"2025-07-14T10:49:01","modified_gmt":"2025-07-14T13:49:01","slug":"quem-somos","status":"publish","type":"page","link":"https:\/\/institucional.ufrrj.br\/portaldmsa\/quem-somos\/","title":{"rendered":"Quem somos"},"content":{"rendered":"\n<p class=\"eplus-wrapper\"><\/p>\n\n\n\n<figure class=\"wp-block-image size-large edplus_anim-3Vz0h3 eplus-wrapper\"><img loading=\"lazy\" decoding=\"async\" width=\"1024\" height=\"99\" src=\"https:\/\/institucional.ufrrj.br\/portaldmsa\/files\/2024\/08\/dmsa_proaf_ufrrj_01-1024x99.png\" alt=\"\" class=\"wp-image-321\" srcset=\"https:\/\/institucional.ufrrj.br\/portaldmsa\/files\/2024\/08\/dmsa_proaf_ufrrj_01-1024x99.png 1024w, https:\/\/institucional.ufrrj.br\/portaldmsa\/files\/2024\/08\/dmsa_proaf_ufrrj_01-300x29.png 300w, https:\/\/institucional.ufrrj.br\/portaldmsa\/files\/2024\/08\/dmsa_proaf_ufrrj_01-768x74.png 768w, https:\/\/institucional.ufrrj.br\/portaldmsa\/files\/2024\/08\/dmsa_proaf_ufrrj_01-1536x148.png 1536w, https:\/\/institucional.ufrrj.br\/portaldmsa\/files\/2024\/08\/dmsa_proaf_ufrrj_01.png 2000w\" sizes=\"auto, (max-width: 1024px) 100vw, 1024px\" \/><\/figure>\n\n\n\n<p class=\"eplus-wrapper\"><strong>DEPARTAMENTO DE MATERIAL E SERVI\u00c7OS AUXILIARES<\/strong><\/p>\n\n\n\n<p class=\"eplus-wrapper\">No \u00e2mbito da Administra\u00e7\u00e3o P\u00fablica, todo procedimento de compras e contrata\u00e7\u00e3o de obras e servi\u00e7os \u00e9 detalhadamente previsto em legisla\u00e7\u00e3o.<\/p>\n\n\n\n<p class=\"eplus-wrapper\">Na UFRRJ o DMSA \u00e9 o \u00f3rg\u00e3o atuante nessa \u00e1rea, ficando respons\u00e1vel pelo cumprimento de toda a legisla\u00e7\u00e3o pertinente, ou seja, atua utilizando, de forma adequada, as normas e regras dos processos de aquisi\u00e7\u00e3o no setor p\u00fablico, respeitando os princ\u00edpios b\u00e1sicos norteadores dos procedimentos licitat\u00f3rios p\u00fablicos.<\/p>\n\n\n\n<p class=\"eplus-wrapper\">O planejamento e o relacionamento com os requerentes ser\u00e3o a base das compras e contrata\u00e7\u00f5es realizadas na UFRRJ. Al\u00e9m disso, a comunica\u00e7\u00e3o e a transpar\u00eancia ser\u00e3o pe\u00e7as fundamentais nesse contexto.<\/p>\n\n\n\n<p class=\"eplus-wrapper\">Diversas mudan\u00e7as ser\u00e3o implantadas gradativamente para que os procedimentos licitat\u00f3rios sejam mais \u00e1geis e proporcionem compras de melhor qualidade. Entretanto, a colabora\u00e7\u00e3o de todos os agentes envolvidos \u00e9 de extrema import\u00e2ncia para o sucesso desta reestrutura\u00e7\u00e3o.<\/p>\n\n\n\n<p class=\"eplus-wrapper\"><strong>LEIS PRINCIPAIS APLIC\u00c1VEIS:<\/strong><\/p>\n\n\n\n<ul class=\"wp-block-list eplus-wrapper\">\n<li class=\"eplus-wrapper\">Inc XXI, Art 37 da CF \u2013 Licita\u00e7\u00e3o \u00e9 regra.<\/li>\n\n\n\n<li class=\"eplus-wrapper\"> Lei 10.520\/2002 (Lei do Preg\u00e3o)<\/li>\n\n\n\n<li class=\"eplus-wrapper\"> Lei 12.462\/2011 (Regime Diferenciado de Contrata\u00e7\u00f5es P\u00fablicas)<\/li>\n\n\n\n<li class=\"eplus-wrapper\"> Lei 9.784\/1999 (Regula Processo Administrativo)<\/li>\n\n\n\n<li class=\"eplus-wrapper\"> Lei complementar 101\/2000 (Lei de Responsabilidade Fiscal)<\/li>\n\n\n\n<li class=\"eplus-wrapper\"> Lei complementar 123\/2006 (Art 42 a 49: Direito de prefer\u00eancia da ME\/EPP\/Cooperativa)<\/li>\n\n\n\n<li class=\"eplus-wrapper\"> Lei 14.133\/2021 (Lei de Licita\u00e7\u00f5es e Contratos Administrativos)<\/li>\n\n\n\n<li class=\"eplus-wrapper\"> Decreto 9.507\/2018 Disp\u00f5e sobre a execu\u00e7\u00e3o indireta, mediante contrata\u00e7\u00e3o, de servi\u00e7os da administra\u00e7\u00e3o p\u00fablica federal direta, aut\u00e1rquica e fundacional e das empresas p\u00fablicas e das sociedades de economia mista controladas pela Uni\u00e3o.<\/li>\n\n\n\n<li class=\"eplus-wrapper\">Decreto 3.555\/2000: Aprova o Regulamento para a modalidade de licita\u00e7\u00e3o denominada preg\u00e3o, para aquisi\u00e7\u00e3o de bens e servi\u00e7os comuns.<\/li>\n\n\n\n<li class=\"eplus-wrapper\">Decreto 10.024\/2019: Regulamenta a licita\u00e7\u00e3o, na modalidade preg\u00e3o, na forma eletr\u00f4nica, para a aquisi\u00e7\u00e3o de bens e a contrata\u00e7\u00e3o de servi\u00e7os comuns, inclu\u00eddos os servi\u00e7os comuns de engenharia, e disp\u00f5e sobre o uso da dispensa eletr\u00f4nica, no \u00e2mbito da administra\u00e7\u00e3o p\u00fablica federal.<\/li>\n\n\n\n<li class=\"eplus-wrapper\">Decreto 8.538\/2015: Regulamenta o tratamento favorecido, diferenciado e simplificado para microempresas, empresas de pequeno porte, agricultores familiares, produtores rurais pessoa f\u00edsica, microempreendedores individuais e sociedades cooperativas nas contrata\u00e7\u00f5es p\u00fablicas de bens, servi\u00e7os e obras no \u00e2mbito da administra\u00e7\u00e3o p\u00fablica federal<\/li>\n\n\n\n<li class=\"eplus-wrapper\">Decreto 11.462\/2023 (Sistema Registro Pre\u00e7os)<\/li>\n\n\n\n<li class=\"eplus-wrapper\">IN 05\/2017: Disp\u00f5e sobre as regras e diretrizes do procedimento de contrata\u00e7\u00e3o de servi\u00e7os sob o regime de execu\u00e7\u00e3o indireta no \u00e2mbito da Administra\u00e7\u00e3o P\u00fablica federal direta, aut\u00e1rquica e fundacional.<\/li>\n\n\n\n<li class=\"eplus-wrapper\">IN 01\/2010: Disp\u00f5e sobre os crit\u00e9rios de sustentabilidade ambiental na aquisi\u00e7\u00e3o de bens,<\/li>\n\n\n\n<li class=\"eplus-wrapper\">contrata\u00e7\u00e3o de servi\u00e7os ou obras pela Administra\u00e7\u00e3o P\u00fablica Federal direta, aut\u00e1rquica e fundacional e d\u00e1 outras provid\u00eancias.<\/li>\n\n\n\n<li class=\"eplus-wrapper\">IN 04\/2010 (Tecnologia da Informa\u00e7\u00e3o)<\/li>\n\n\n\n<li class=\"eplus-wrapper\">IN 73\/2020: Disp\u00f5e sobre o procedimento administrativo para a realiza\u00e7\u00e3o de pesquisa de pre\u00e7os para a aquisi\u00e7\u00e3o de bens e contrata\u00e7\u00e3o de servi\u00e7os em geral, no \u00e2mbito da administra\u00e7\u00e3o p\u00fablica federal direta, aut\u00e1rquica e fundacional.<\/li>\n<\/ul>\n\n\n\n<p class=\"eplus-wrapper\"><br>https:\/\/www.comprasgovernamentais.gov.br\/index.php\/legislacao\/instrucoes-normativas\/299-instrucao-normativa-n-7-de-29-de-agosto-de-2014<\/p>\n\n\n\n<p class=\"eplus-wrapper\">https:\/\/www.comprasgovernamentais.gov.br\/index.php\/legislacao\/instrucoes-normativas\/760-instrucao-normativa-n-05-de-25-de-maio-de-2017<\/p>\n\n\n\n<p class=\"eplus-wrapper\">\u2013 IN 01\/2019: Disp\u00f5e sobre o processo de contrata\u00e7\u00e3o de solu\u00e7\u00f5es de Tecnologia da Informa\u00e7\u00e3o e Comunica\u00e7\u00e3o &#8211; TIC pelos \u00f3rg\u00e3os e entidades integrantes do Sistema de Administra\u00e7\u00e3o dos Recursos de Tecnologia da Informa\u00e7\u00e3o &#8211; SISP do Poder Executivo Federal.<\/p>\n\n\n\n<p class=\"eplus-wrapper\">https:\/\/www.comprasgovernamentais.gov.br\/index.php\/legislacao\/instrucoes-normativas\/861-pgc-in<\/p>\n\n\n\n<p class=\"eplus-wrapper\"><strong>PRINC\u00cdPIOS<\/strong><\/p>\n\n\n\n<ul class=\"wp-block-list eplus-wrapper\">\n<li class=\"eplus-wrapper\">Vincula\u00e7\u00e3o ao Instrumento Convocat\u00f3rio: Sujei\u00e7\u00e3o pr\u00e9via ao Edital ou Convite (Art 41)<\/li>\n\n\n\n<li class=\"eplus-wrapper\">Isonomia: Igualdade entre os licitantes (Art 3\u00ba)<\/li>\n\n\n\n<li class=\"eplus-wrapper\">Publicidade: Transpar\u00eancia de seus atos (\u00a73\u00ba Art 3\u00ba)<\/li>\n\n\n\n<li class=\"eplus-wrapper\">Sigilo na apresenta\u00e7\u00e3o da proposta (\u00a71\u00ba Art 41)<\/li>\n\n\n\n<li class=\"eplus-wrapper\">Legalidade: Observar os procedimentos definidos em Lei (Art 4\u00ba)<\/li>\n\n\n\n<li class=\"eplus-wrapper\">Julgamento Objetivo: Fatores Concretos (Art 44)<\/li>\n\n\n\n<li class=\"eplus-wrapper\">Adjudica\u00e7\u00e3o Compuls\u00f3ria: Identifica o vitorioso (Art 45)<\/li>\n\n\n\n<li class=\"eplus-wrapper\">Moralidade: Probidade Administrativa e prud\u00eancia no trato da coisa p\u00fablica (Caput Art 3\u00ba)<\/li>\n\n\n\n<li class=\"eplus-wrapper\">Procedimento Formal: Conjunto seriado de atos (\u00a7\u00fanico Art 4\u00ba)<\/li>\n\n\n\n<li class=\"eplus-wrapper\">Economicidade: Sele\u00e7\u00e3o da proposta mais vantajosa (Caput Art 3\u00ba)<\/li>\n\n\n\n<li class=\"eplus-wrapper\">Desenvolvimento nacional sustent\u00e1vel: Ado\u00e7\u00e3o de crit\u00e9rios e pr\u00e1ticas de sustentabilidade (Caput Art 3\u00ba)<\/li>\n<\/ul>\n","protected":false},"excerpt":{"rendered":"<p>DEPARTAMENTO DE MATERIAL E SERVI\u00c7OS AUXILIARES No \u00e2mbito da Administra\u00e7\u00e3o P\u00fablica, todo procedimento de compras e contrata\u00e7\u00e3o de obras e <a class=\"read-more\" href=\"https:\/\/institucional.ufrrj.br\/portaldmsa\/quem-somos\/ \" >&#8230; <span class=\"font-italic\">leia mais <i class=\"fas fa-angle-right\"><\/i><\/span><\/a><\/p>\n","protected":false},"author":634,"featured_media":0,"parent":0,"menu_order":0,"comment_status":"closed","ping_status":"closed","template":"","meta":{"_acf_changed":false,"footnotes":""},"class_list":["post-60","page","type-page","status-publish","hentry"],"yoast_head":"<!-- This site is optimized with the Yoast SEO plugin v27.2 - https:\/\/yoast.com\/product\/yoast-seo-wordpress\/ -->\n<title>Quem somos - DMSA<\/title>\n<meta name=\"robots\" content=\"index, follow, max-snippet:-1, max-image-preview:large, max-video-preview:-1\" \/>\n<link rel=\"canonical\" href=\"https:\/\/institucional.ufrrj.br\/portaldmsa\/quem-somos\/\" \/>\n<meta property=\"og:locale\" content=\"pt_BR\" \/>\n<meta property=\"og:type\" content=\"article\" \/>\n<meta property=\"og:title\" content=\"Quem somos - DMSA\" \/>\n<meta property=\"og:description\" content=\"DEPARTAMENTO DE MATERIAL E SERVI\u00c7OS AUXILIARES No \u00e2mbito da Administra\u00e7\u00e3o P\u00fablica, todo procedimento de compras e contrata\u00e7\u00e3o de obras e ... leia mais\" \/>\n<meta property=\"og:url\" content=\"https:\/\/institucional.ufrrj.br\/portaldmsa\/quem-somos\/\" \/>\n<meta property=\"og:site_name\" content=\"DMSA\" \/>\n<meta property=\"article:modified_time\" content=\"2025-07-14T13:49:01+00:00\" \/>\n<meta property=\"og:image\" content=\"https:\/\/institucional.ufrrj.br\/portaldmsa\/files\/2024\/08\/dmsa_proaf_ufrrj_01.png\" \/>\n\t<meta property=\"og:image:width\" content=\"2000\" \/>\n\t<meta property=\"og:image:height\" content=\"193\" \/>\n\t<meta property=\"og:image:type\" content=\"image\/png\" \/>\n<meta name=\"twitter:card\" content=\"summary_large_image\" \/>\n<meta name=\"twitter:label1\" content=\"Est. tempo de leitura\" \/>\n\t<meta name=\"twitter:data1\" content=\"3 minutos\" \/>\n<script type=\"application\/ld+json\" class=\"yoast-schema-graph\">{\"@context\":\"https:\/\/schema.org\",\"@graph\":[{\"@type\":\"WebPage\",\"@id\":\"https:\/\/institucional.ufrrj.br\/portaldmsa\/quem-somos\/\",\"url\":\"https:\/\/institucional.ufrrj.br\/portaldmsa\/quem-somos\/\",\"name\":\"Quem somos - DMSA\",\"isPartOf\":{\"@id\":\"https:\/\/institucional.ufrrj.br\/portaldmsa\/#website\"},\"primaryImageOfPage\":{\"@id\":\"https:\/\/institucional.ufrrj.br\/portaldmsa\/quem-somos\/#primaryimage\"},\"image\":{\"@id\":\"https:\/\/institucional.ufrrj.br\/portaldmsa\/quem-somos\/#primaryimage\"},\"thumbnailUrl\":\"https:\/\/institucional.ufrrj.br\/portaldmsa\/files\/2024\/08\/dmsa_proaf_ufrrj_01-1024x99.png\",\"datePublished\":\"2023-10-16T16:37:47+00:00\",\"dateModified\":\"2025-07-14T13:49:01+00:00\",\"breadcrumb\":{\"@id\":\"https:\/\/institucional.ufrrj.br\/portaldmsa\/quem-somos\/#breadcrumb\"},\"inLanguage\":\"pt-BR\",\"potentialAction\":[{\"@type\":\"ReadAction\",\"target\":[\"https:\/\/institucional.ufrrj.br\/portaldmsa\/quem-somos\/\"]}]},{\"@type\":\"ImageObject\",\"inLanguage\":\"pt-BR\",\"@id\":\"https:\/\/institucional.ufrrj.br\/portaldmsa\/quem-somos\/#primaryimage\",\"url\":\"https:\/\/institucional.ufrrj.br\/portaldmsa\/files\/2024\/08\/dmsa_proaf_ufrrj_01.png\",\"contentUrl\":\"https:\/\/institucional.ufrrj.br\/portaldmsa\/files\/2024\/08\/dmsa_proaf_ufrrj_01.png\",\"width\":2000,\"height\":193},{\"@type\":\"BreadcrumbList\",\"@id\":\"https:\/\/institucional.ufrrj.br\/portaldmsa\/quem-somos\/#breadcrumb\",\"itemListElement\":[{\"@type\":\"ListItem\",\"position\":1,\"name\":\"In\u00edcio\",\"item\":\"https:\/\/institucional.ufrrj.br\/portaldmsa\/\"},{\"@type\":\"ListItem\",\"position\":2,\"name\":\"Quem somos\"}]},{\"@type\":\"WebSite\",\"@id\":\"https:\/\/institucional.ufrrj.br\/portaldmsa\/#website\",\"url\":\"https:\/\/institucional.ufrrj.br\/portaldmsa\/\",\"name\":\"DMSA\",\"description\":\"DEPARTAMENTO DE MATERIAL E SERVI\u00c7OS AUXILIARES\",\"potentialAction\":[{\"@type\":\"SearchAction\",\"target\":{\"@type\":\"EntryPoint\",\"urlTemplate\":\"https:\/\/institucional.ufrrj.br\/portaldmsa\/?s={search_term_string}\"},\"query-input\":{\"@type\":\"PropertyValueSpecification\",\"valueRequired\":true,\"valueName\":\"search_term_string\"}}],\"inLanguage\":\"pt-BR\"}]}<\/script>\n<!-- \/ Yoast SEO plugin. -->","yoast_head_json":{"title":"Quem somos - DMSA","robots":{"index":"index","follow":"follow","max-snippet":"max-snippet:-1","max-image-preview":"max-image-preview:large","max-video-preview":"max-video-preview:-1"},"canonical":"https:\/\/institucional.ufrrj.br\/portaldmsa\/quem-somos\/","og_locale":"pt_BR","og_type":"article","og_title":"Quem somos - DMSA","og_description":"DEPARTAMENTO DE MATERIAL E SERVI\u00c7OS AUXILIARES No \u00e2mbito da Administra\u00e7\u00e3o P\u00fablica, todo procedimento de compras e contrata\u00e7\u00e3o de obras e ... leia mais","og_url":"https:\/\/institucional.ufrrj.br\/portaldmsa\/quem-somos\/","og_site_name":"DMSA","article_modified_time":"2025-07-14T13:49:01+00:00","og_image":[{"width":2000,"height":193,"url":"https:\/\/institucional.ufrrj.br\/portaldmsa\/files\/2024\/08\/dmsa_proaf_ufrrj_01.png","type":"image\/png"}],"twitter_card":"summary_large_image","twitter_misc":{"Est. tempo de leitura":"3 minutos"},"schema":{"@context":"https:\/\/schema.org","@graph":[{"@type":"WebPage","@id":"https:\/\/institucional.ufrrj.br\/portaldmsa\/quem-somos\/","url":"https:\/\/institucional.ufrrj.br\/portaldmsa\/quem-somos\/","name":"Quem somos - DMSA","isPartOf":{"@id":"https:\/\/institucional.ufrrj.br\/portaldmsa\/#website"},"primaryImageOfPage":{"@id":"https:\/\/institucional.ufrrj.br\/portaldmsa\/quem-somos\/#primaryimage"},"image":{"@id":"https:\/\/institucional.ufrrj.br\/portaldmsa\/quem-somos\/#primaryimage"},"thumbnailUrl":"https:\/\/institucional.ufrrj.br\/portaldmsa\/files\/2024\/08\/dmsa_proaf_ufrrj_01-1024x99.png","datePublished":"2023-10-16T16:37:47+00:00","dateModified":"2025-07-14T13:49:01+00:00","breadcrumb":{"@id":"https:\/\/institucional.ufrrj.br\/portaldmsa\/quem-somos\/#breadcrumb"},"inLanguage":"pt-BR","potentialAction":[{"@type":"ReadAction","target":["https:\/\/institucional.ufrrj.br\/portaldmsa\/quem-somos\/"]}]},{"@type":"ImageObject","inLanguage":"pt-BR","@id":"https:\/\/institucional.ufrrj.br\/portaldmsa\/quem-somos\/#primaryimage","url":"https:\/\/institucional.ufrrj.br\/portaldmsa\/files\/2024\/08\/dmsa_proaf_ufrrj_01.png","contentUrl":"https:\/\/institucional.ufrrj.br\/portaldmsa\/files\/2024\/08\/dmsa_proaf_ufrrj_01.png","width":2000,"height":193},{"@type":"BreadcrumbList","@id":"https:\/\/institucional.ufrrj.br\/portaldmsa\/quem-somos\/#breadcrumb","itemListElement":[{"@type":"ListItem","position":1,"name":"In\u00edcio","item":"https:\/\/institucional.ufrrj.br\/portaldmsa\/"},{"@type":"ListItem","position":2,"name":"Quem somos"}]},{"@type":"WebSite","@id":"https:\/\/institucional.ufrrj.br\/portaldmsa\/#website","url":"https:\/\/institucional.ufrrj.br\/portaldmsa\/","name":"DMSA","description":"DEPARTAMENTO DE MATERIAL E SERVI\u00c7OS AUXILIARES","potentialAction":[{"@type":"SearchAction","target":{"@type":"EntryPoint","urlTemplate":"https:\/\/institucional.ufrrj.br\/portaldmsa\/?s={search_term_string}"},"query-input":{"@type":"PropertyValueSpecification","valueRequired":true,"valueName":"search_term_string"}}],"inLanguage":"pt-BR"}]}},"acf":[],"_links":{"self":[{"href":"https:\/\/institucional.ufrrj.br\/portaldmsa\/wp-json\/wp\/v2\/pages\/60","targetHints":{"allow":["GET"]}}],"collection":[{"href":"https:\/\/institucional.ufrrj.br\/portaldmsa\/wp-json\/wp\/v2\/pages"}],"about":[{"href":"https:\/\/institucional.ufrrj.br\/portaldmsa\/wp-json\/wp\/v2\/types\/page"}],"author":[{"embeddable":true,"href":"https:\/\/institucional.ufrrj.br\/portaldmsa\/wp-json\/wp\/v2\/users\/634"}],"replies":[{"embeddable":true,"href":"https:\/\/institucional.ufrrj.br\/portaldmsa\/wp-json\/wp\/v2\/comments?post=60"}],"version-history":[{"count":8,"href":"https:\/\/institucional.ufrrj.br\/portaldmsa\/wp-json\/wp\/v2\/pages\/60\/revisions"}],"predecessor-version":[{"id":1156,"href":"https:\/\/institucional.ufrrj.br\/portaldmsa\/wp-json\/wp\/v2\/pages\/60\/revisions\/1156"}],"wp:attachment":[{"href":"https:\/\/institucional.ufrrj.br\/portaldmsa\/wp-json\/wp\/v2\/media?parent=60"}],"curies":[{"name":"wp","href":"https:\/\/api.w.org\/{rel}","templated":true}]}}