{"id":526,"date":"2024-09-23T09:33:17","date_gmt":"2024-09-23T12:33:17","guid":{"rendered":"https:\/\/institucional.ufrrj.br\/portaldmsa\/?page_id=526"},"modified":"2025-09-16T15:56:11","modified_gmt":"2025-09-16T18:56:11","slug":"cronograma","status":"publish","type":"page","link":"https:\/\/institucional.ufrrj.br\/portaldmsa\/cronograma\/","title":{"rendered":"Cronograma"},"content":{"rendered":"\n<p class=\"eplus-wrapper\"><\/p>\n\n\n\n<figure class=\"wp-block-image size-large edplus_anim-9VjUG9 eplus-wrapper\"><img loading=\"lazy\" decoding=\"async\" width=\"1024\" height=\"99\" src=\"https:\/\/institucional.ufrrj.br\/portaldmsa\/files\/2024\/08\/dmsa_proaf_ufrrj_01-1024x99.png\" alt=\"\" class=\"wp-image-321\" srcset=\"https:\/\/institucional.ufrrj.br\/portaldmsa\/files\/2024\/08\/dmsa_proaf_ufrrj_01-1024x99.png 1024w, https:\/\/institucional.ufrrj.br\/portaldmsa\/files\/2024\/08\/dmsa_proaf_ufrrj_01-300x29.png 300w, https:\/\/institucional.ufrrj.br\/portaldmsa\/files\/2024\/08\/dmsa_proaf_ufrrj_01-768x74.png 768w, https:\/\/institucional.ufrrj.br\/portaldmsa\/files\/2024\/08\/dmsa_proaf_ufrrj_01-1536x148.png 1536w, https:\/\/institucional.ufrrj.br\/portaldmsa\/files\/2024\/08\/dmsa_proaf_ufrrj_01.png 2000w\" sizes=\"auto, (max-width: 1024px) 100vw, 1024px\" \/><\/figure>\n\n\n\n<p class=\"eplus-wrapper\"><\/p>\n\n\n\n<p class=\"eplus-wrapper\">*Este cronograma est\u00e1 sujeito \u00e0 altera\u00e7\u00f5es<\/p>\n\n\n\n<div data-wp-interactive=\"core\/file\" class=\"wp-block-file alignwide eplus-wrapper\"><object data-wp-bind--hidden=\"!state.hasPdfPreview\" hidden class=\"wp-block-file__embed\" data=\"https:\/\/institucional.ufrrj.br\/portaldmsa\/files\/2025\/09\/CRONOGRAMA-2027-Versao-Final.pdf\" type=\"application\/pdf\" style=\"width:100%;height:700px\" aria-label=\"Incorporado de CRONOGRAMA 2027 - Vers\u00e3o Final.\"><\/object><a id=\"wp-block-file--media-cfdb8b62-4142-4aec-b096-6e4db0992af2\" href=\"https:\/\/institucional.ufrrj.br\/portaldmsa\/files\/2025\/09\/CRONOGRAMA-2027-Versao-Final.pdf\">CRONOGRAMA 2027 &#8211; Vers\u00e3o Final<\/a><a href=\"https:\/\/institucional.ufrrj.br\/portaldmsa\/files\/2025\/09\/CRONOGRAMA-2027-Versao-Final.pdf\" class=\"wp-block-file__button wp-element-button\" download aria-describedby=\"wp-block-file--media-cfdb8b62-4142-4aec-b096-6e4db0992af2\">Baixar<\/a><\/div>\n","protected":false},"excerpt":{"rendered":"<p>*Este cronograma est\u00e1 sujeito \u00e0 altera\u00e7\u00f5es<\/p>\n","protected":false},"author":864,"featured_media":0,"parent":0,"menu_order":0,"comment_status":"closed","ping_status":"closed","template":"","meta":{"_acf_changed":false,"footnotes":""},"class_list":["post-526","page","type-page","status-publish","hentry"],"yoast_head":"<!-- This site is optimized with the Yoast SEO plugin v27.2 - https:\/\/yoast.com\/product\/yoast-seo-wordpress\/ -->\n<title>Cronograma - DMSA<\/title>\n<meta name=\"robots\" content=\"index, follow, max-snippet:-1, max-image-preview:large, max-video-preview:-1\" \/>\n<link rel=\"canonical\" href=\"https:\/\/institucional.ufrrj.br\/portaldmsa\/cronograma\/\" \/>\n<meta property=\"og:locale\" content=\"pt_BR\" \/>\n<meta property=\"og:type\" content=\"article\" \/>\n<meta property=\"og:title\" content=\"Cronograma - DMSA\" \/>\n<meta property=\"og:description\" content=\"*Este cronograma est\u00e1 sujeito \u00e0 altera\u00e7\u00f5es\" \/>\n<meta property=\"og:url\" content=\"https:\/\/institucional.ufrrj.br\/portaldmsa\/cronograma\/\" \/>\n<meta property=\"og:site_name\" content=\"DMSA\" \/>\n<meta property=\"article:modified_time\" content=\"2025-09-16T18:56:11+00:00\" \/>\n<meta property=\"og:image\" content=\"https:\/\/institucional.ufrrj.br\/portaldmsa\/files\/2024\/08\/dmsa_proaf_ufrrj_01.png\" \/>\n\t<meta property=\"og:image:width\" content=\"2000\" \/>\n\t<meta property=\"og:image:height\" content=\"193\" \/>\n\t<meta property=\"og:image:type\" content=\"image\/png\" \/>\n<meta name=\"twitter:card\" content=\"summary_large_image\" \/>\n<script type=\"application\/ld+json\" class=\"yoast-schema-graph\">{\"@context\":\"https:\/\/schema.org\",\"@graph\":[{\"@type\":\"WebPage\",\"@id\":\"https:\/\/institucional.ufrrj.br\/portaldmsa\/cronograma\/\",\"url\":\"https:\/\/institucional.ufrrj.br\/portaldmsa\/cronograma\/\",\"name\":\"Cronograma - DMSA\",\"isPartOf\":{\"@id\":\"https:\/\/institucional.ufrrj.br\/portaldmsa\/#website\"},\"primaryImageOfPage\":{\"@id\":\"https:\/\/institucional.ufrrj.br\/portaldmsa\/cronograma\/#primaryimage\"},\"image\":{\"@id\":\"https:\/\/institucional.ufrrj.br\/portaldmsa\/cronograma\/#primaryimage\"},\"thumbnailUrl\":\"https:\/\/institucional.ufrrj.br\/portaldmsa\/files\/2024\/08\/dmsa_proaf_ufrrj_01-1024x99.png\",\"datePublished\":\"2024-09-23T12:33:17+00:00\",\"dateModified\":\"2025-09-16T18:56:11+00:00\",\"breadcrumb\":{\"@id\":\"https:\/\/institucional.ufrrj.br\/portaldmsa\/cronograma\/#breadcrumb\"},\"inLanguage\":\"pt-BR\",\"potentialAction\":[{\"@type\":\"ReadAction\",\"target\":[\"https:\/\/institucional.ufrrj.br\/portaldmsa\/cronograma\/\"]}]},{\"@type\":\"ImageObject\",\"inLanguage\":\"pt-BR\",\"@id\":\"https:\/\/institucional.ufrrj.br\/portaldmsa\/cronograma\/#primaryimage\",\"url\":\"https:\/\/institucional.ufrrj.br\/portaldmsa\/files\/2024\/08\/dmsa_proaf_ufrrj_01.png\",\"contentUrl\":\"https:\/\/institucional.ufrrj.br\/portaldmsa\/files\/2024\/08\/dmsa_proaf_ufrrj_01.png\",\"width\":2000,\"height\":193},{\"@type\":\"BreadcrumbList\",\"@id\":\"https:\/\/institucional.ufrrj.br\/portaldmsa\/cronograma\/#breadcrumb\",\"itemListElement\":[{\"@type\":\"ListItem\",\"position\":1,\"name\":\"In\u00edcio\",\"item\":\"https:\/\/institucional.ufrrj.br\/portaldmsa\/\"},{\"@type\":\"ListItem\",\"position\":2,\"name\":\"Cronograma\"}]},{\"@type\":\"WebSite\",\"@id\":\"https:\/\/institucional.ufrrj.br\/portaldmsa\/#website\",\"url\":\"https:\/\/institucional.ufrrj.br\/portaldmsa\/\",\"name\":\"DMSA\",\"description\":\"DEPARTAMENTO DE MATERIAL E SERVI\u00c7OS AUXILIARES\",\"potentialAction\":[{\"@type\":\"SearchAction\",\"target\":{\"@type\":\"EntryPoint\",\"urlTemplate\":\"https:\/\/institucional.ufrrj.br\/portaldmsa\/?s={search_term_string}\"},\"query-input\":{\"@type\":\"PropertyValueSpecification\",\"valueRequired\":true,\"valueName\":\"search_term_string\"}}],\"inLanguage\":\"pt-BR\"}]}<\/script>\n<!-- \/ Yoast SEO plugin. -->","yoast_head_json":{"title":"Cronograma - DMSA","robots":{"index":"index","follow":"follow","max-snippet":"max-snippet:-1","max-image-preview":"max-image-preview:large","max-video-preview":"max-video-preview:-1"},"canonical":"https:\/\/institucional.ufrrj.br\/portaldmsa\/cronograma\/","og_locale":"pt_BR","og_type":"article","og_title":"Cronograma - DMSA","og_description":"*Este cronograma est\u00e1 sujeito \u00e0 altera\u00e7\u00f5es","og_url":"https:\/\/institucional.ufrrj.br\/portaldmsa\/cronograma\/","og_site_name":"DMSA","article_modified_time":"2025-09-16T18:56:11+00:00","og_image":[{"width":2000,"height":193,"url":"https:\/\/institucional.ufrrj.br\/portaldmsa\/files\/2024\/08\/dmsa_proaf_ufrrj_01.png","type":"image\/png"}],"twitter_card":"summary_large_image","schema":{"@context":"https:\/\/schema.org","@graph":[{"@type":"WebPage","@id":"https:\/\/institucional.ufrrj.br\/portaldmsa\/cronograma\/","url":"https:\/\/institucional.ufrrj.br\/portaldmsa\/cronograma\/","name":"Cronograma - DMSA","isPartOf":{"@id":"https:\/\/institucional.ufrrj.br\/portaldmsa\/#website"},"primaryImageOfPage":{"@id":"https:\/\/institucional.ufrrj.br\/portaldmsa\/cronograma\/#primaryimage"},"image":{"@id":"https:\/\/institucional.ufrrj.br\/portaldmsa\/cronograma\/#primaryimage"},"thumbnailUrl":"https:\/\/institucional.ufrrj.br\/portaldmsa\/files\/2024\/08\/dmsa_proaf_ufrrj_01-1024x99.png","datePublished":"2024-09-23T12:33:17+00:00","dateModified":"2025-09-16T18:56:11+00:00","breadcrumb":{"@id":"https:\/\/institucional.ufrrj.br\/portaldmsa\/cronograma\/#breadcrumb"},"inLanguage":"pt-BR","potentialAction":[{"@type":"ReadAction","target":["https:\/\/institucional.ufrrj.br\/portaldmsa\/cronograma\/"]}]},{"@type":"ImageObject","inLanguage":"pt-BR","@id":"https:\/\/institucional.ufrrj.br\/portaldmsa\/cronograma\/#primaryimage","url":"https:\/\/institucional.ufrrj.br\/portaldmsa\/files\/2024\/08\/dmsa_proaf_ufrrj_01.png","contentUrl":"https:\/\/institucional.ufrrj.br\/portaldmsa\/files\/2024\/08\/dmsa_proaf_ufrrj_01.png","width":2000,"height":193},{"@type":"BreadcrumbList","@id":"https:\/\/institucional.ufrrj.br\/portaldmsa\/cronograma\/#breadcrumb","itemListElement":[{"@type":"ListItem","position":1,"name":"In\u00edcio","item":"https:\/\/institucional.ufrrj.br\/portaldmsa\/"},{"@type":"ListItem","position":2,"name":"Cronograma"}]},{"@type":"WebSite","@id":"https:\/\/institucional.ufrrj.br\/portaldmsa\/#website","url":"https:\/\/institucional.ufrrj.br\/portaldmsa\/","name":"DMSA","description":"DEPARTAMENTO DE MATERIAL E SERVI\u00c7OS AUXILIARES","potentialAction":[{"@type":"SearchAction","target":{"@type":"EntryPoint","urlTemplate":"https:\/\/institucional.ufrrj.br\/portaldmsa\/?s={search_term_string}"},"query-input":{"@type":"PropertyValueSpecification","valueRequired":true,"valueName":"search_term_string"}}],"inLanguage":"pt-BR"}]}},"acf":[],"_links":{"self":[{"href":"https:\/\/institucional.ufrrj.br\/portaldmsa\/wp-json\/wp\/v2\/pages\/526","targetHints":{"allow":["GET"]}}],"collection":[{"href":"https:\/\/institucional.ufrrj.br\/portaldmsa\/wp-json\/wp\/v2\/pages"}],"about":[{"href":"https:\/\/institucional.ufrrj.br\/portaldmsa\/wp-json\/wp\/v2\/types\/page"}],"author":[{"embeddable":true,"href":"https:\/\/institucional.ufrrj.br\/portaldmsa\/wp-json\/wp\/v2\/users\/864"}],"replies":[{"embeddable":true,"href":"https:\/\/institucional.ufrrj.br\/portaldmsa\/wp-json\/wp\/v2\/comments?post=526"}],"version-history":[{"count":6,"href":"https:\/\/institucional.ufrrj.br\/portaldmsa\/wp-json\/wp\/v2\/pages\/526\/revisions"}],"predecessor-version":[{"id":1308,"href":"https:\/\/institucional.ufrrj.br\/portaldmsa\/wp-json\/wp\/v2\/pages\/526\/revisions\/1308"}],"wp:attachment":[{"href":"https:\/\/institucional.ufrrj.br\/portaldmsa\/wp-json\/wp\/v2\/media?parent=526"}],"curies":[{"name":"wp","href":"https:\/\/api.w.org\/{rel}","templated":true}]}}