{"id":524,"date":"2024-09-23T09:29:03","date_gmt":"2024-09-23T12:29:03","guid":{"rendered":"https:\/\/institucional.ufrrj.br\/portaldmsa\/?page_id=524"},"modified":"2025-10-28T14:35:24","modified_gmt":"2025-10-28T17:35:24","slug":"manuais","status":"publish","type":"page","link":"https:\/\/institucional.ufrrj.br\/portaldmsa\/manuais\/","title":{"rendered":"Manuais"},"content":{"rendered":"\n<figure class=\"wp-block-image size-large edplus_anim-apiLaI eplus-wrapper\"><img loading=\"lazy\" decoding=\"async\" width=\"1024\" height=\"99\" src=\"https:\/\/institucional.ufrrj.br\/portaldmsa\/files\/2024\/08\/dmsa_proaf_ufrrj_01-1024x99.png\" alt=\"\" class=\"wp-image-321\" srcset=\"https:\/\/institucional.ufrrj.br\/portaldmsa\/files\/2024\/08\/dmsa_proaf_ufrrj_01-1024x99.png 1024w, https:\/\/institucional.ufrrj.br\/portaldmsa\/files\/2024\/08\/dmsa_proaf_ufrrj_01-300x29.png 300w, https:\/\/institucional.ufrrj.br\/portaldmsa\/files\/2024\/08\/dmsa_proaf_ufrrj_01-768x74.png 768w, https:\/\/institucional.ufrrj.br\/portaldmsa\/files\/2024\/08\/dmsa_proaf_ufrrj_01-1536x148.png 1536w, https:\/\/institucional.ufrrj.br\/portaldmsa\/files\/2024\/08\/dmsa_proaf_ufrrj_01.png 2000w\" sizes=\"auto, (max-width: 1024px) 100vw, 1024px\" \/><\/figure>\n\n\n\n<div class=\"wp-block-columns eplus-wrapper is-layout-flex wp-container-core-columns-is-layout-9d6595d7 wp-block-columns-is-layout-flex\">\n<div class=\"wp-block-column eplus-wrapper is-layout-flow wp-block-column-is-layout-flow\">\n<div data-wp-interactive=\"core\/file\" class=\"wp-block-file eplus-wrapper\"><object data-wp-bind--hidden=\"!state.hasPdfPreview\" hidden class=\"wp-block-file__embed\" data=\"https:\/\/institucional.ufrrj.br\/portaldmsa\/files\/2025\/09\/Manual-cadastro-de-material-no-catalogo-do-Sipac.pdf\" type=\"application\/pdf\" style=\"width:100%;height:400px\" aria-label=\"Incorporado de Manual cadastro de material no cat\u00e1logo do Sipac.\"><\/object><a id=\"wp-block-file--media-8531bbf6-82f9-4631-9ec1-d45c94b118a5\" href=\"https:\/\/institucional.ufrrj.br\/portaldmsa\/files\/2025\/09\/Manual-cadastro-de-material-no-catalogo-do-Sipac.pdf\">Manual cadastro de material no cat\u00e1logo do Sipac<\/a><a href=\"https:\/\/institucional.ufrrj.br\/portaldmsa\/files\/2025\/09\/Manual-cadastro-de-material-no-catalogo-do-Sipac.pdf\" class=\"wp-block-file__button wp-element-button\" download aria-describedby=\"wp-block-file--media-8531bbf6-82f9-4631-9ec1-d45c94b118a5\">Baixar<\/a><\/div>\n<\/div>\n\n\n\n<div class=\"wp-block-column eplus-wrapper is-layout-flow wp-block-column-is-layout-flow\">\n<div data-wp-interactive=\"core\/file\" class=\"wp-block-file eplus-wrapper\"><object data-wp-bind--hidden=\"!state.hasPdfPreview\" hidden class=\"wp-block-file__embed\" data=\"https:\/\/institucional.ufrrj.br\/portaldmsa\/files\/2025\/09\/Manual-PCA-2027-Versao-Final.pdf\" type=\"application\/pdf\" style=\"width:100%;height:400px\" aria-label=\"Incorporado de Manual PCA 2027 - Vers\u00e3o Final.\"><\/object><a id=\"wp-block-file--media-88071716-daeb-43be-b443-e9b0af8b2bd1\" href=\"https:\/\/institucional.ufrrj.br\/portaldmsa\/files\/2025\/09\/Manual-PCA-2027-Versao-Final.pdf\">Manual PCA 2027 &#8211; Vers\u00e3o Final<\/a><a href=\"https:\/\/institucional.ufrrj.br\/portaldmsa\/files\/2025\/09\/Manual-PCA-2027-Versao-Final.pdf\" class=\"wp-block-file__button wp-element-button\" download aria-describedby=\"wp-block-file--media-88071716-daeb-43be-b443-e9b0af8b2bd1\">Baixar<\/a><\/div>\n<\/div>\n<\/div>\n\n\n\n<div class=\"wp-block-columns eplus-wrapper is-layout-flex wp-container-core-columns-is-layout-9d6595d7 wp-block-columns-is-layout-flex\">\n<div class=\"wp-block-column eplus-wrapper is-layout-flow wp-block-column-is-layout-flow\">\n<div data-wp-interactive=\"core\/file\" class=\"wp-block-file eplus-wrapper\"><object data-wp-bind--hidden=\"!state.hasPdfPreview\" hidden class=\"wp-block-file__embed\" data=\"https:\/\/institucional.ufrrj.br\/portaldmsa\/files\/2025\/09\/Manual_Requisicao-Material-Sipac.pdf\" type=\"application\/pdf\" style=\"width:100%;height:400px\" aria-label=\"Incorporado de Manual_Requisicao Material Sipac.\"><\/object><a id=\"wp-block-file--media-535fc58d-d531-4e60-a960-fa00861dbc1b\" href=\"https:\/\/institucional.ufrrj.br\/portaldmsa\/files\/2025\/09\/Manual_Requisicao-Material-Sipac.pdf\">Manual_Requisicao Material Sipac<\/a><a href=\"https:\/\/institucional.ufrrj.br\/portaldmsa\/files\/2025\/09\/Manual_Requisicao-Material-Sipac.pdf\" class=\"wp-block-file__button wp-element-button\" download aria-describedby=\"wp-block-file--media-535fc58d-d531-4e60-a960-fa00861dbc1b\">Baixar<\/a><\/div>\n<\/div>\n\n\n\n<div class=\"wp-block-column eplus-wrapper is-layout-flow wp-block-column-is-layout-flow\"><\/div>\n<\/div>\n\n\n\n<p class=\"eplus-wrapper\"><\/p>\n\n\n\n<p class=\"eplus-wrapper\"><\/p>\n\n\n\n<p class=\"eplus-wrapper\"><\/p>\n\n\n\n<p class=\"eplus-wrapper\"><\/p>\n\n\n\n<p class=\"eplus-wrapper has-large-font-size\"><strong>V\u00eddeos \/ Webinar<\/strong><\/p>\n\n\n\n<p class=\"eplus-wrapper\"><\/p>\n\n\n\n<div class=\"wp-block-columns eplus-wrapper is-layout-flex wp-container-core-columns-is-layout-9d6595d7 wp-block-columns-is-layout-flex\">\n<div class=\"wp-block-column eplus-wrapper is-layout-flow wp-block-column-is-layout-flow\">\n<figure class=\"wp-block-embed is-type-video is-provider-youtube wp-block-embed-youtube wp-embed-aspect-16-9 wp-has-aspect-ratio eplus-wrapper\"><div class=\"wp-block-embed__wrapper\">\n<iframe loading=\"lazy\" title=\"Webinar 1 - Planejamento de Contrata\u00e7\u00f5es 2023 na UFRRJ: Como cadastrar novos itens?\" width=\"500\" height=\"281\" src=\"https:\/\/www.youtube.com\/embed\/tszzaog1e_8?feature=oembed\" frameborder=\"0\" allow=\"accelerometer; autoplay; clipboard-write; encrypted-media; gyroscope; picture-in-picture; web-share\" referrerpolicy=\"strict-origin-when-cross-origin\" allowfullscreen><\/iframe>\n<\/div><figcaption class=\"wp-element-caption\"><a href=\"https:\/\/www.youtube.com\/watch?v=tszzaog1e_8\">V\u00eddeo com instru\u00e7\u00f5es para solicita\u00e7\u00e3o de cadastro de materiais no cat\u00e1logo do Sipac<\/a><\/figcaption><\/figure>\n<\/div>\n\n\n\n<div class=\"wp-block-column eplus-wrapper is-layout-flow wp-block-column-is-layout-flow\">\n<figure class=\"wp-block-embed is-type-video is-provider-youtube wp-block-embed-youtube wp-embed-aspect-4-3 wp-has-aspect-ratio eplus-wrapper\"><div class=\"wp-block-embed__wrapper\">\n<iframe loading=\"lazy\" title=\"Cadastramento de requisi\u00e7\u00e3o de material\" width=\"500\" height=\"375\" src=\"https:\/\/www.youtube.com\/embed\/YVqzkAPBzvo?feature=oembed\" frameborder=\"0\" allow=\"accelerometer; autoplay; clipboard-write; encrypted-media; gyroscope; picture-in-picture; web-share\" referrerpolicy=\"strict-origin-when-cross-origin\" allowfullscreen><\/iframe>\n<\/div><figcaption class=\"wp-element-caption\"><a href=\"https:\/\/youtu.be\/YVqzkAPBzvo\">V\u00eddeo com instru\u00e7\u00f5es para requisi\u00e7\u00e3o de materiais\/servi\u00e7os Sipac<\/a><\/figcaption><\/figure>\n<\/div>\n\n\n\n<div class=\"wp-block-column eplus-wrapper is-layout-flow wp-block-column-is-layout-flow\">\n<figure class=\"wp-block-embed is-type-video is-provider-youtube wp-block-embed-youtube wp-embed-aspect-4-3 wp-has-aspect-ratio eplus-wrapper\"><div class=\"wp-block-embed__wrapper\">\n<iframe loading=\"lazy\" title=\"Visualizar n\u00famero da requisi\u00e7\u00e3o de materiais\" width=\"500\" height=\"375\" src=\"https:\/\/www.youtube.com\/embed\/g-1sGZhuIYg?feature=oembed\" frameborder=\"0\" allow=\"accelerometer; autoplay; clipboard-write; encrypted-media; gyroscope; picture-in-picture; web-share\" referrerpolicy=\"strict-origin-when-cross-origin\" allowfullscreen><\/iframe>\n<\/div><figcaption class=\"wp-element-caption\"><a href=\"https:\/\/youtu.be\/g-1sGZhuIYg\">V\u00eddeo com instru\u00e7\u00f5es para consultar n\u00famero da requisi\u00e7\u00e3o de materiais\/servi\u00e7os Sipac<\/a><\/figcaption><\/figure>\n<\/div>\n<\/div>\n\n\n\n<div class=\"wp-block-columns is-layout-flex wp-container-core-columns-is-layout-9d6595d7 wp-block-columns-is-layout-flex\">\n<div class=\"wp-block-column is-layout-flow wp-block-column-is-layout-flow\">\n<figure class=\"wp-block-embed is-type-video is-provider-youtube wp-block-embed-youtube wp-embed-aspect-16-9 wp-has-aspect-ratio\"><div class=\"wp-block-embed__wrapper\">\n<iframe loading=\"lazy\" title=\"Entendendo o Processo de Aquisi\u00e7\u00f5es: Do Planejamento \u00e0 Contrata\u00e7\u00e3o - DMSA\" width=\"500\" height=\"281\" src=\"https:\/\/www.youtube.com\/embed\/YIjQJ2_Mb7E?feature=oembed\" frameborder=\"0\" allow=\"accelerometer; autoplay; clipboard-write; encrypted-media; gyroscope; picture-in-picture; web-share\" referrerpolicy=\"strict-origin-when-cross-origin\" allowfullscreen><\/iframe>\n<\/div><figcaption class=\"wp-element-caption\"><a href=\"https:\/\/www.youtube.com\/watch?v=YIjQJ2_Mb7E\">V\u00eddeo &#8211; Entendendo o Processo de Aquisi\u00e7\u00f5es: Do Planejamento \u00e0 Contrata\u00e7\u00e3o &#8211; DMSA<\/a><\/figcaption><\/figure>\n<\/div>\n\n\n\n<div class=\"wp-block-column is-layout-flow wp-block-column-is-layout-flow\"><\/div>\n\n\n\n<div class=\"wp-block-column is-layout-flow wp-block-column-is-layout-flow\"><\/div>\n<\/div>\n\n\n\n<p><\/p>\n","protected":false},"excerpt":{"rendered":"<p>V\u00eddeos \/ Webinar<\/p>\n","protected":false},"author":864,"featured_media":0,"parent":0,"menu_order":0,"comment_status":"closed","ping_status":"closed","template":"","meta":{"_acf_changed":false,"footnotes":""},"class_list":["post-524","page","type-page","status-publish","hentry"],"yoast_head":"<!-- This site is optimized with the Yoast SEO plugin v27.2 - https:\/\/yoast.com\/product\/yoast-seo-wordpress\/ -->\n<title>Manuais - DMSA<\/title>\n<meta name=\"robots\" content=\"index, follow, max-snippet:-1, max-image-preview:large, max-video-preview:-1\" \/>\n<link rel=\"canonical\" href=\"https:\/\/institucional.ufrrj.br\/portaldmsa\/manuais\/\" \/>\n<meta property=\"og:locale\" content=\"pt_BR\" \/>\n<meta property=\"og:type\" content=\"article\" \/>\n<meta property=\"og:title\" content=\"Manuais - DMSA\" \/>\n<meta property=\"og:description\" content=\"V\u00eddeos \/ Webinar\" \/>\n<meta property=\"og:url\" content=\"https:\/\/institucional.ufrrj.br\/portaldmsa\/manuais\/\" \/>\n<meta property=\"og:site_name\" content=\"DMSA\" \/>\n<meta property=\"article:modified_time\" content=\"2025-10-28T17:35:24+00:00\" \/>\n<meta property=\"og:image\" content=\"https:\/\/institucional.ufrrj.br\/portaldmsa\/files\/2024\/08\/dmsa_proaf_ufrrj_01.png\" \/>\n\t<meta property=\"og:image:width\" content=\"2000\" \/>\n\t<meta property=\"og:image:height\" content=\"193\" \/>\n\t<meta property=\"og:image:type\" content=\"image\/png\" \/>\n<meta name=\"twitter:card\" content=\"summary_large_image\" \/>\n<meta name=\"twitter:label1\" content=\"Est. tempo de leitura\" \/>\n\t<meta name=\"twitter:data1\" content=\"1 minuto\" \/>\n<script type=\"application\/ld+json\" class=\"yoast-schema-graph\">{\"@context\":\"https:\/\/schema.org\",\"@graph\":[{\"@type\":\"WebPage\",\"@id\":\"https:\/\/institucional.ufrrj.br\/portaldmsa\/manuais\/\",\"url\":\"https:\/\/institucional.ufrrj.br\/portaldmsa\/manuais\/\",\"name\":\"Manuais - DMSA\",\"isPartOf\":{\"@id\":\"https:\/\/institucional.ufrrj.br\/portaldmsa\/#website\"},\"primaryImageOfPage\":{\"@id\":\"https:\/\/institucional.ufrrj.br\/portaldmsa\/manuais\/#primaryimage\"},\"image\":{\"@id\":\"https:\/\/institucional.ufrrj.br\/portaldmsa\/manuais\/#primaryimage\"},\"thumbnailUrl\":\"https:\/\/institucional.ufrrj.br\/portaldmsa\/files\/2024\/08\/dmsa_proaf_ufrrj_01-1024x99.png\",\"datePublished\":\"2024-09-23T12:29:03+00:00\",\"dateModified\":\"2025-10-28T17:35:24+00:00\",\"breadcrumb\":{\"@id\":\"https:\/\/institucional.ufrrj.br\/portaldmsa\/manuais\/#breadcrumb\"},\"inLanguage\":\"pt-BR\",\"potentialAction\":[{\"@type\":\"ReadAction\",\"target\":[\"https:\/\/institucional.ufrrj.br\/portaldmsa\/manuais\/\"]}]},{\"@type\":\"ImageObject\",\"inLanguage\":\"pt-BR\",\"@id\":\"https:\/\/institucional.ufrrj.br\/portaldmsa\/manuais\/#primaryimage\",\"url\":\"https:\/\/institucional.ufrrj.br\/portaldmsa\/files\/2024\/08\/dmsa_proaf_ufrrj_01.png\",\"contentUrl\":\"https:\/\/institucional.ufrrj.br\/portaldmsa\/files\/2024\/08\/dmsa_proaf_ufrrj_01.png\",\"width\":2000,\"height\":193},{\"@type\":\"BreadcrumbList\",\"@id\":\"https:\/\/institucional.ufrrj.br\/portaldmsa\/manuais\/#breadcrumb\",\"itemListElement\":[{\"@type\":\"ListItem\",\"position\":1,\"name\":\"In\u00edcio\",\"item\":\"https:\/\/institucional.ufrrj.br\/portaldmsa\/\"},{\"@type\":\"ListItem\",\"position\":2,\"name\":\"Manuais\"}]},{\"@type\":\"WebSite\",\"@id\":\"https:\/\/institucional.ufrrj.br\/portaldmsa\/#website\",\"url\":\"https:\/\/institucional.ufrrj.br\/portaldmsa\/\",\"name\":\"DMSA\",\"description\":\"DEPARTAMENTO DE MATERIAL E SERVI\u00c7OS AUXILIARES\",\"potentialAction\":[{\"@type\":\"SearchAction\",\"target\":{\"@type\":\"EntryPoint\",\"urlTemplate\":\"https:\/\/institucional.ufrrj.br\/portaldmsa\/?s={search_term_string}\"},\"query-input\":{\"@type\":\"PropertyValueSpecification\",\"valueRequired\":true,\"valueName\":\"search_term_string\"}}],\"inLanguage\":\"pt-BR\"}]}<\/script>\n<!-- \/ Yoast SEO plugin. -->","yoast_head_json":{"title":"Manuais - DMSA","robots":{"index":"index","follow":"follow","max-snippet":"max-snippet:-1","max-image-preview":"max-image-preview:large","max-video-preview":"max-video-preview:-1"},"canonical":"https:\/\/institucional.ufrrj.br\/portaldmsa\/manuais\/","og_locale":"pt_BR","og_type":"article","og_title":"Manuais - DMSA","og_description":"V\u00eddeos \/ Webinar","og_url":"https:\/\/institucional.ufrrj.br\/portaldmsa\/manuais\/","og_site_name":"DMSA","article_modified_time":"2025-10-28T17:35:24+00:00","og_image":[{"width":2000,"height":193,"url":"https:\/\/institucional.ufrrj.br\/portaldmsa\/files\/2024\/08\/dmsa_proaf_ufrrj_01.png","type":"image\/png"}],"twitter_card":"summary_large_image","twitter_misc":{"Est. tempo de leitura":"1 minuto"},"schema":{"@context":"https:\/\/schema.org","@graph":[{"@type":"WebPage","@id":"https:\/\/institucional.ufrrj.br\/portaldmsa\/manuais\/","url":"https:\/\/institucional.ufrrj.br\/portaldmsa\/manuais\/","name":"Manuais - DMSA","isPartOf":{"@id":"https:\/\/institucional.ufrrj.br\/portaldmsa\/#website"},"primaryImageOfPage":{"@id":"https:\/\/institucional.ufrrj.br\/portaldmsa\/manuais\/#primaryimage"},"image":{"@id":"https:\/\/institucional.ufrrj.br\/portaldmsa\/manuais\/#primaryimage"},"thumbnailUrl":"https:\/\/institucional.ufrrj.br\/portaldmsa\/files\/2024\/08\/dmsa_proaf_ufrrj_01-1024x99.png","datePublished":"2024-09-23T12:29:03+00:00","dateModified":"2025-10-28T17:35:24+00:00","breadcrumb":{"@id":"https:\/\/institucional.ufrrj.br\/portaldmsa\/manuais\/#breadcrumb"},"inLanguage":"pt-BR","potentialAction":[{"@type":"ReadAction","target":["https:\/\/institucional.ufrrj.br\/portaldmsa\/manuais\/"]}]},{"@type":"ImageObject","inLanguage":"pt-BR","@id":"https:\/\/institucional.ufrrj.br\/portaldmsa\/manuais\/#primaryimage","url":"https:\/\/institucional.ufrrj.br\/portaldmsa\/files\/2024\/08\/dmsa_proaf_ufrrj_01.png","contentUrl":"https:\/\/institucional.ufrrj.br\/portaldmsa\/files\/2024\/08\/dmsa_proaf_ufrrj_01.png","width":2000,"height":193},{"@type":"BreadcrumbList","@id":"https:\/\/institucional.ufrrj.br\/portaldmsa\/manuais\/#breadcrumb","itemListElement":[{"@type":"ListItem","position":1,"name":"In\u00edcio","item":"https:\/\/institucional.ufrrj.br\/portaldmsa\/"},{"@type":"ListItem","position":2,"name":"Manuais"}]},{"@type":"WebSite","@id":"https:\/\/institucional.ufrrj.br\/portaldmsa\/#website","url":"https:\/\/institucional.ufrrj.br\/portaldmsa\/","name":"DMSA","description":"DEPARTAMENTO DE MATERIAL E SERVI\u00c7OS AUXILIARES","potentialAction":[{"@type":"SearchAction","target":{"@type":"EntryPoint","urlTemplate":"https:\/\/institucional.ufrrj.br\/portaldmsa\/?s={search_term_string}"},"query-input":{"@type":"PropertyValueSpecification","valueRequired":true,"valueName":"search_term_string"}}],"inLanguage":"pt-BR"}]}},"acf":[],"_links":{"self":[{"href":"https:\/\/institucional.ufrrj.br\/portaldmsa\/wp-json\/wp\/v2\/pages\/524","targetHints":{"allow":["GET"]}}],"collection":[{"href":"https:\/\/institucional.ufrrj.br\/portaldmsa\/wp-json\/wp\/v2\/pages"}],"about":[{"href":"https:\/\/institucional.ufrrj.br\/portaldmsa\/wp-json\/wp\/v2\/types\/page"}],"author":[{"embeddable":true,"href":"https:\/\/institucional.ufrrj.br\/portaldmsa\/wp-json\/wp\/v2\/users\/864"}],"replies":[{"embeddable":true,"href":"https:\/\/institucional.ufrrj.br\/portaldmsa\/wp-json\/wp\/v2\/comments?post=524"}],"version-history":[{"count":1,"href":"https:\/\/institucional.ufrrj.br\/portaldmsa\/wp-json\/wp\/v2\/pages\/524\/revisions"}],"predecessor-version":[{"id":1380,"href":"https:\/\/institucional.ufrrj.br\/portaldmsa\/wp-json\/wp\/v2\/pages\/524\/revisions\/1380"}],"wp:attachment":[{"href":"https:\/\/institucional.ufrrj.br\/portaldmsa\/wp-json\/wp\/v2\/media?parent=524"}],"curies":[{"name":"wp","href":"https:\/\/api.w.org\/{rel}","templated":true}]}}