{"id":1103,"date":"2025-05-23T13:36:46","date_gmt":"2025-05-23T16:36:46","guid":{"rendered":"https:\/\/institucional.ufrrj.br\/portaldmsa\/?page_id=1103"},"modified":"2025-08-01T13:55:10","modified_gmt":"2025-08-01T16:55:10","slug":"gestor-ata-de-registro-de-precos","status":"publish","type":"page","link":"https:\/\/institucional.ufrrj.br\/portaldmsa\/gestor-ata-de-registro-de-precos\/","title":{"rendered":"Gestor &#8211; Ata de Registro de Pre\u00e7os"},"content":{"rendered":"\n<p><\/p>\n\n\n<div class=\"wp-block-image is-style-default\">\n<figure class=\"aligncenter size-large is-resized\"><a href=\"https:\/\/institucional.ufrrj.br\/portaldmsa\/files\/2025\/07\/Fluxo-gestor.png\"><img loading=\"lazy\" decoding=\"async\" width=\"1024\" height=\"410\" src=\"https:\/\/institucional.ufrrj.br\/portaldmsa\/files\/2025\/07\/Fluxo-gestor-1024x410.png\" alt=\"\" class=\"wp-image-1179\" style=\"width:692px;height:auto\" srcset=\"https:\/\/institucional.ufrrj.br\/portaldmsa\/files\/2025\/07\/Fluxo-gestor-1024x410.png 1024w, https:\/\/institucional.ufrrj.br\/portaldmsa\/files\/2025\/07\/Fluxo-gestor-300x120.png 300w, https:\/\/institucional.ufrrj.br\/portaldmsa\/files\/2025\/07\/Fluxo-gestor-768x307.png 768w, https:\/\/institucional.ufrrj.br\/portaldmsa\/files\/2025\/07\/Fluxo-gestor-1536x614.png 1536w, https:\/\/institucional.ufrrj.br\/portaldmsa\/files\/2025\/07\/Fluxo-gestor.png 2000w\" sizes=\"auto, (max-width: 1024px) 100vw, 1024px\" \/><\/a><\/figure>\n<\/div>\n\n\n<p class=\"has-text-align-left eplus-wrapper\"><\/p>\n\n\n\n<h2 class=\"wp-block-heading has-text-align-center eplus-wrapper\"><strong><u>Orienta\u00e7\u00f5es aos gestores de Ata de Registro de Pre\u00e7os:<\/u><\/strong><\/h2>\n\n\n\n<div class=\"wp-block-group is-nowrap is-layout-flex wp-container-core-group-is-layout-ad2f72ca wp-block-group-is-layout-flex\"><\/div>\n\n\n\n<p class=\"has-text-align-left eplus-wrapper\">Ao ser designado gestor(a) de uma Ata de Registro de Pre\u00e7os (ARP) o servidor estar\u00e1 respons\u00e1vel por gerenciar e controlar as atividades que est\u00e3o relacionadas \u00e0 ata de registro de pre\u00e7os. Visto isso, o Departamento de Materiais e Servi\u00e7os Auxiliares elaborou algumas orienta\u00e7\u00f5es a fim de esclarecer d\u00favidas que porventura venham a surgir. <\/p>\n\n\n\n<p>Ao receber o processo e analisar seu conte\u00fado, preencha a planilha &#8220;Controle de Saldo&#8221; (conforme modelo abaixo) para controlar o saldo dos itens presentes na(s) ata(s) de registro de pre\u00e7os do preg\u00e3o eletr\u00f4nico.<strong> Obs:<\/strong> Um preg\u00e3o eletr\u00f4nico pode gerar diversas atas de registro de pre\u00e7os uma vez que para cada empresa vencedora \u00e9 gerada uma ata.<\/p>\n\n\n\n<p>Nessa planilha deve constar o n\u00famero do processo, o n\u00famero do preg\u00e3o, a validade da ata de registro de pre\u00e7os, a numera\u00e7\u00e3o do item no preg\u00e3o, a empresa que venceu o item no preg\u00e3o (n\u00famero do CNPJ), a descri\u00e7\u00e3o do item, a unidade de medida, a unidade de fornecimento (se houver), o quantitativo licitado e os valores unit\u00e1rios dos itens da licita\u00e7\u00e3o.<\/p>\n\n\n\n<p>\u00c9 importante ressaltar que a UNIDADE DE FORNECIMENTO n\u00e3o \u00e9 a unidade em que os itens foram licitados, a unidade licitada \u00e9 a UNIDADE DE MEDIDA. N\u00e3o s\u00e3o todos os itens que possuem UNIDADE DE FORNECIMENTO. Sabemos que ficaria invi\u00e1vel para a empresa vendedora da licita\u00e7\u00e3o adquirir por exemplo um pote de 100 gramas de um produto, abrir e fornecer digamos 30 gramas, que seria o quantitativo licitado. O que eles fariam com o restante? Por esse motivo, a UFRRJ licita utilizando a unidade dispon\u00edvel no Comprasnet (UNIDADE DE MEDIDA), mas sempre um quantitativo que seja m\u00faltiplo da unidade usualmente fornecida pelo mercado (UNIDADE DE FORNECIMENTO). E no momento do empenhamento, deve-se levar essa informa\u00e7\u00e3o em considera\u00e7\u00e3o. A UNIDADE DE MEDIDA e a UNIDADE DE FORNECIMENTO constam do edital da licita\u00e7\u00e3o.<\/p>\n\n\n\n<p>&#8211; Transfira as informa\u00e7\u00f5es da Tabela Distribui\u00e7\u00e3o de itens por centro de custo, disponibilizada no documento do processo no sipac, para uma aba da planilha de controle de saldo, com o intuito de controlar as quantidades atendidas e pendentes de atendimento de cada requisitante. Nela, o gestor(a) ir\u00e1 indicar a destina\u00e7\u00e3o do saldo de cada item cadastrado na(s) ata(s) de registro de pre\u00e7os, lembre-se que primeiro se deve atender os setores que enviaram as requisi\u00e7\u00f5es que serviram de base para o quantitativo licitado. Empenhos para outros setores devem ser feitos com cess\u00e3o de quantitativo autorizado pelos setores que enviaram as requisi\u00e7\u00f5es.<\/p>\n\n\n\n<p>&#8211; Consulte antes da elabora\u00e7\u00e3o do relat\u00f3rio de empenho as seguintes condi\u00e7\u00f5es das empresas que venceram os itens do preg\u00e3o: situa\u00e7\u00e3o fiscal (certid\u00e3o SICAF), d\u00e9bito n\u00e3o quitados com entidades federais (certid\u00e3o CADIN) e trabalhista (certid\u00e3o CNDT). Caso voc\u00ea n\u00e3o possua a senha, pe\u00e7a ao Departamento de Contabilidade para consultar essas condi\u00e7\u00f5es. Se tiver algum impedimento em uma dessas duas situa\u00e7\u00f5es, n\u00e3o ser\u00e1 poss\u00edvel empenhar. Solicite a empresa a regulariza\u00e7\u00e3o, mas n\u00e3o \u00e9 necess\u00e1rio esperar a regulariza\u00e7\u00e3o da empresa vencedora de determinados itens para empenhamento de itens vencidos por outras empresas, caso v\u00e1 solicitar itens de empresas diferentes.<\/p>\n\n\n\n<p>&#8211; Na certid\u00e3o SICAF dever\u00e1 se observar a validade dos cadastros e se consta a informa\u00e7\u00e3o de impedimento de licitar com \u00f3rg\u00e3os da administra\u00e7\u00e3o p\u00fablica federal. Se algum cadastro estiver vencido e se constar a informa\u00e7\u00e3o do impedimento de licitar com \u00f3rg\u00e3os da administra\u00e7\u00e3o p\u00fablica federal, n\u00e3o ser\u00e1 poss\u00edvel realizar o empenhamento. Impedimento de licitar j\u00e1 vencidos e de licitar com \u00f3rg\u00e3os federais espec\u00edficos, \u00f3rg\u00e3os estaduais e municipais n\u00e3o impedem o empenhamento. Na certid\u00e3o CNDT, somente a situa\u00e7\u00e3o Positiva impede o empenhamento, a situa\u00e7\u00e3o Negativa e Positiva com Efeito Negativa permite o empenhamento. Na certid\u00e3o CADIN somente a situa\u00e7\u00e3o regular para a esfera federal permite o empenhamento.<\/p>\n\n\n\n<ul class=\"wp-block-list\">\n<li>Links: Certid\u00e3o SICAF (http:\/\/www.comprasnet.gov.br\/seguro\/loginPortalUASG.asp)<\/li>\n\n\n\n<li>Certid\u00e3o CADIN (https:\/\/cadin.pgfn.gov.br\/#\/home)<\/li>\n\n\n\n<li>Certid\u00e3o CNDT (https:\/\/cndtcertidao.tst.jus.br\/inicio.faces)<\/li>\n<\/ul>\n\n\n\n<p>&#8211; Se voc\u00ea for gestor(a) de atas de registro de pre\u00e7os de um preg\u00e3o em que h\u00e1 item com cota para micro e pequena empresa, empenhe primeiro o quantitativo da cota e depois o quantitativo de ampla concorr\u00eancia, isso se as empresas vencedoras das duas estiverem regular em rela\u00e7\u00e3o a situa\u00e7\u00e3o fiscal, d\u00e9bito n\u00e3o quitados com entidades federais e trabalhista. Se a empresa vencedora do item relativo a cota estiver irregular, \u00e9 permitido o empenhamento do item relativo a ampla concorr\u00eancia (em caso de serem empresas diferentes).<\/p>\n\n\n\n<p>&#8211; Lembre-se que a ata de registro de pre\u00e7os tem validade de 1 ano a contar da homologa\u00e7\u00e3o do preg\u00e3o eletr\u00f4nico. Al\u00e9m disso, \u00e9 importante informar ao gestor(a) que as solicita\u00e7\u00f5es de empenho dever\u00e3o seguir as quantidades m\u00ednimas por item estabelecidas no edital.<\/p>\n\n\n\n<p class=\"has-text-align-center eplus-wrapper\"><\/p>\n\n\n\n<h3 class=\"wp-block-heading has-text-align-center\">Modelos de Planilhas<\/h3>\n\n\n\n<div class=\"wp-block-columns is-layout-flex wp-container-core-columns-is-layout-9d6595d7 wp-block-columns-is-layout-flex\">\n<div class=\"wp-block-column is-layout-flow wp-block-column-is-layout-flow\">\n<div class=\"wp-block-file aligncenter\"><a id=\"wp-block-file--media-d8bf0b3c-d508-4577-bfdb-4b8deb2de613\" href=\"https:\/\/institucional.ufrrj.br\/portaldmsa\/files\/2025\/07\/MODELO-CONTROLE-DE-SALDO.xlsx\">MODELO CONTROLE DE SALDO<\/a><a href=\"https:\/\/institucional.ufrrj.br\/portaldmsa\/files\/2025\/07\/MODELO-CONTROLE-DE-SALDO.xlsx\" class=\"wp-block-file__button wp-element-button\" download aria-describedby=\"wp-block-file--media-d8bf0b3c-d508-4577-bfdb-4b8deb2de613\">Baixar<\/a><\/div>\n<\/div>\n\n\n\n<div class=\"wp-block-column is-layout-flow wp-block-column-is-layout-flow\">\n<div class=\"wp-block-file aligncenter\"><a id=\"wp-block-file--media-f7255870-d4e9-4c08-906f-683664ed2091\" href=\"https:\/\/institucional.ufrrj.br\/portaldmsa\/files\/2025\/08\/MODELO-RELATORIO-DE-EMPENHO.xlsx\">MODELO RELAT\u00d3RIO DE EMPENHO<\/a><a href=\"https:\/\/institucional.ufrrj.br\/portaldmsa\/files\/2025\/08\/MODELO-RELATORIO-DE-EMPENHO.xlsx\" class=\"wp-block-file__button wp-element-button\" download aria-describedby=\"wp-block-file--media-f7255870-d4e9-4c08-906f-683664ed2091\">Baixar<\/a><\/div>\n<\/div>\n<\/div>\n\n\n\n<p><\/p>\n\n\n\n<p><\/p>\n\n\n\n<p><\/p>\n\n\n\n<p><\/p>\n","protected":false},"excerpt":{"rendered":"<p>Orienta\u00e7\u00f5es aos gestores de Ata de Registro de Pre\u00e7os: Ao ser designado gestor(a) de uma Ata de Registro de Pre\u00e7os <a class=\"read-more\" href=\"https:\/\/institucional.ufrrj.br\/portaldmsa\/gestor-ata-de-registro-de-precos\/ \" >&#8230; <span class=\"font-italic\">leia mais <i class=\"fas fa-angle-right\"><\/i><\/span><\/a><\/p>\n","protected":false},"author":864,"featured_media":0,"parent":0,"menu_order":0,"comment_status":"closed","ping_status":"closed","template":"","meta":{"_acf_changed":false,"footnotes":""},"class_list":["post-1103","page","type-page","status-publish","hentry"],"yoast_head":"<!-- This site is optimized with the Yoast SEO plugin v27.2 - https:\/\/yoast.com\/product\/yoast-seo-wordpress\/ -->\n<title>Gestor - Ata de Registro de Pre\u00e7os - DMSA<\/title>\n<meta name=\"robots\" content=\"index, follow, max-snippet:-1, max-image-preview:large, max-video-preview:-1\" \/>\n<link rel=\"canonical\" href=\"https:\/\/institucional.ufrrj.br\/portaldmsa\/gestor-ata-de-registro-de-precos\/\" \/>\n<meta property=\"og:locale\" content=\"pt_BR\" \/>\n<meta property=\"og:type\" content=\"article\" \/>\n<meta property=\"og:title\" content=\"Gestor - Ata de Registro de Pre\u00e7os - DMSA\" \/>\n<meta property=\"og:description\" content=\"Orienta\u00e7\u00f5es aos gestores de Ata de Registro de Pre\u00e7os: Ao ser designado gestor(a) de uma Ata de Registro de Pre\u00e7os ... leia mais\" \/>\n<meta property=\"og:url\" content=\"https:\/\/institucional.ufrrj.br\/portaldmsa\/gestor-ata-de-registro-de-precos\/\" \/>\n<meta property=\"og:site_name\" content=\"DMSA\" \/>\n<meta property=\"article:modified_time\" content=\"2025-08-01T16:55:10+00:00\" \/>\n<meta property=\"og:image\" content=\"https:\/\/institucional.ufrrj.br\/portaldmsa\/files\/2025\/07\/Fluxo-gestor.png\" \/>\n\t<meta property=\"og:image:width\" content=\"2000\" \/>\n\t<meta property=\"og:image:height\" content=\"800\" \/>\n\t<meta property=\"og:image:type\" content=\"image\/png\" \/>\n<meta name=\"twitter:card\" content=\"summary_large_image\" \/>\n<meta name=\"twitter:label1\" content=\"Est. tempo de leitura\" \/>\n\t<meta name=\"twitter:data1\" content=\"4 minutos\" \/>\n<script type=\"application\/ld+json\" class=\"yoast-schema-graph\">{\"@context\":\"https:\/\/schema.org\",\"@graph\":[{\"@type\":\"WebPage\",\"@id\":\"https:\/\/institucional.ufrrj.br\/portaldmsa\/gestor-ata-de-registro-de-precos\/\",\"url\":\"https:\/\/institucional.ufrrj.br\/portaldmsa\/gestor-ata-de-registro-de-precos\/\",\"name\":\"Gestor - Ata de Registro de Pre\u00e7os - DMSA\",\"isPartOf\":{\"@id\":\"https:\/\/institucional.ufrrj.br\/portaldmsa\/#website\"},\"primaryImageOfPage\":{\"@id\":\"https:\/\/institucional.ufrrj.br\/portaldmsa\/gestor-ata-de-registro-de-precos\/#primaryimage\"},\"image\":{\"@id\":\"https:\/\/institucional.ufrrj.br\/portaldmsa\/gestor-ata-de-registro-de-precos\/#primaryimage\"},\"thumbnailUrl\":\"https:\/\/institucional.ufrrj.br\/portaldmsa\/files\/2025\/07\/Fluxo-gestor-1024x410.png\",\"datePublished\":\"2025-05-23T16:36:46+00:00\",\"dateModified\":\"2025-08-01T16:55:10+00:00\",\"breadcrumb\":{\"@id\":\"https:\/\/institucional.ufrrj.br\/portaldmsa\/gestor-ata-de-registro-de-precos\/#breadcrumb\"},\"inLanguage\":\"pt-BR\",\"potentialAction\":[{\"@type\":\"ReadAction\",\"target\":[\"https:\/\/institucional.ufrrj.br\/portaldmsa\/gestor-ata-de-registro-de-precos\/\"]}]},{\"@type\":\"ImageObject\",\"inLanguage\":\"pt-BR\",\"@id\":\"https:\/\/institucional.ufrrj.br\/portaldmsa\/gestor-ata-de-registro-de-precos\/#primaryimage\",\"url\":\"https:\/\/institucional.ufrrj.br\/portaldmsa\/files\/2025\/07\/Fluxo-gestor.png\",\"contentUrl\":\"https:\/\/institucional.ufrrj.br\/portaldmsa\/files\/2025\/07\/Fluxo-gestor.png\",\"width\":2000,\"height\":800},{\"@type\":\"BreadcrumbList\",\"@id\":\"https:\/\/institucional.ufrrj.br\/portaldmsa\/gestor-ata-de-registro-de-precos\/#breadcrumb\",\"itemListElement\":[{\"@type\":\"ListItem\",\"position\":1,\"name\":\"In\u00edcio\",\"item\":\"https:\/\/institucional.ufrrj.br\/portaldmsa\/\"},{\"@type\":\"ListItem\",\"position\":2,\"name\":\"Gestor &#8211; Ata de Registro de Pre\u00e7os\"}]},{\"@type\":\"WebSite\",\"@id\":\"https:\/\/institucional.ufrrj.br\/portaldmsa\/#website\",\"url\":\"https:\/\/institucional.ufrrj.br\/portaldmsa\/\",\"name\":\"DMSA\",\"description\":\"DEPARTAMENTO DE MATERIAL E SERVI\u00c7OS AUXILIARES\",\"potentialAction\":[{\"@type\":\"SearchAction\",\"target\":{\"@type\":\"EntryPoint\",\"urlTemplate\":\"https:\/\/institucional.ufrrj.br\/portaldmsa\/?s={search_term_string}\"},\"query-input\":{\"@type\":\"PropertyValueSpecification\",\"valueRequired\":true,\"valueName\":\"search_term_string\"}}],\"inLanguage\":\"pt-BR\"}]}<\/script>\n<!-- \/ Yoast SEO plugin. -->","yoast_head_json":{"title":"Gestor - Ata de Registro de Pre\u00e7os - DMSA","robots":{"index":"index","follow":"follow","max-snippet":"max-snippet:-1","max-image-preview":"max-image-preview:large","max-video-preview":"max-video-preview:-1"},"canonical":"https:\/\/institucional.ufrrj.br\/portaldmsa\/gestor-ata-de-registro-de-precos\/","og_locale":"pt_BR","og_type":"article","og_title":"Gestor - Ata de Registro de Pre\u00e7os - DMSA","og_description":"Orienta\u00e7\u00f5es aos gestores de Ata de Registro de Pre\u00e7os: Ao ser designado gestor(a) de uma Ata de Registro de Pre\u00e7os ... leia mais","og_url":"https:\/\/institucional.ufrrj.br\/portaldmsa\/gestor-ata-de-registro-de-precos\/","og_site_name":"DMSA","article_modified_time":"2025-08-01T16:55:10+00:00","og_image":[{"width":2000,"height":800,"url":"https:\/\/institucional.ufrrj.br\/portaldmsa\/files\/2025\/07\/Fluxo-gestor.png","type":"image\/png"}],"twitter_card":"summary_large_image","twitter_misc":{"Est. tempo de leitura":"4 minutos"},"schema":{"@context":"https:\/\/schema.org","@graph":[{"@type":"WebPage","@id":"https:\/\/institucional.ufrrj.br\/portaldmsa\/gestor-ata-de-registro-de-precos\/","url":"https:\/\/institucional.ufrrj.br\/portaldmsa\/gestor-ata-de-registro-de-precos\/","name":"Gestor - Ata de Registro de Pre\u00e7os - DMSA","isPartOf":{"@id":"https:\/\/institucional.ufrrj.br\/portaldmsa\/#website"},"primaryImageOfPage":{"@id":"https:\/\/institucional.ufrrj.br\/portaldmsa\/gestor-ata-de-registro-de-precos\/#primaryimage"},"image":{"@id":"https:\/\/institucional.ufrrj.br\/portaldmsa\/gestor-ata-de-registro-de-precos\/#primaryimage"},"thumbnailUrl":"https:\/\/institucional.ufrrj.br\/portaldmsa\/files\/2025\/07\/Fluxo-gestor-1024x410.png","datePublished":"2025-05-23T16:36:46+00:00","dateModified":"2025-08-01T16:55:10+00:00","breadcrumb":{"@id":"https:\/\/institucional.ufrrj.br\/portaldmsa\/gestor-ata-de-registro-de-precos\/#breadcrumb"},"inLanguage":"pt-BR","potentialAction":[{"@type":"ReadAction","target":["https:\/\/institucional.ufrrj.br\/portaldmsa\/gestor-ata-de-registro-de-precos\/"]}]},{"@type":"ImageObject","inLanguage":"pt-BR","@id":"https:\/\/institucional.ufrrj.br\/portaldmsa\/gestor-ata-de-registro-de-precos\/#primaryimage","url":"https:\/\/institucional.ufrrj.br\/portaldmsa\/files\/2025\/07\/Fluxo-gestor.png","contentUrl":"https:\/\/institucional.ufrrj.br\/portaldmsa\/files\/2025\/07\/Fluxo-gestor.png","width":2000,"height":800},{"@type":"BreadcrumbList","@id":"https:\/\/institucional.ufrrj.br\/portaldmsa\/gestor-ata-de-registro-de-precos\/#breadcrumb","itemListElement":[{"@type":"ListItem","position":1,"name":"In\u00edcio","item":"https:\/\/institucional.ufrrj.br\/portaldmsa\/"},{"@type":"ListItem","position":2,"name":"Gestor &#8211; Ata de Registro de Pre\u00e7os"}]},{"@type":"WebSite","@id":"https:\/\/institucional.ufrrj.br\/portaldmsa\/#website","url":"https:\/\/institucional.ufrrj.br\/portaldmsa\/","name":"DMSA","description":"DEPARTAMENTO DE MATERIAL E SERVI\u00c7OS AUXILIARES","potentialAction":[{"@type":"SearchAction","target":{"@type":"EntryPoint","urlTemplate":"https:\/\/institucional.ufrrj.br\/portaldmsa\/?s={search_term_string}"},"query-input":{"@type":"PropertyValueSpecification","valueRequired":true,"valueName":"search_term_string"}}],"inLanguage":"pt-BR"}]}},"acf":[],"_links":{"self":[{"href":"https:\/\/institucional.ufrrj.br\/portaldmsa\/wp-json\/wp\/v2\/pages\/1103","targetHints":{"allow":["GET"]}}],"collection":[{"href":"https:\/\/institucional.ufrrj.br\/portaldmsa\/wp-json\/wp\/v2\/pages"}],"about":[{"href":"https:\/\/institucional.ufrrj.br\/portaldmsa\/wp-json\/wp\/v2\/types\/page"}],"author":[{"embeddable":true,"href":"https:\/\/institucional.ufrrj.br\/portaldmsa\/wp-json\/wp\/v2\/users\/864"}],"replies":[{"embeddable":true,"href":"https:\/\/institucional.ufrrj.br\/portaldmsa\/wp-json\/wp\/v2\/comments?post=1103"}],"version-history":[{"count":21,"href":"https:\/\/institucional.ufrrj.br\/portaldmsa\/wp-json\/wp\/v2\/pages\/1103\/revisions"}],"predecessor-version":[{"id":1202,"href":"https:\/\/institucional.ufrrj.br\/portaldmsa\/wp-json\/wp\/v2\/pages\/1103\/revisions\/1202"}],"wp:attachment":[{"href":"https:\/\/institucional.ufrrj.br\/portaldmsa\/wp-json\/wp\/v2\/media?parent=1103"}],"curies":[{"name":"wp","href":"https:\/\/api.w.org\/{rel}","templated":true}]}}