{"id":969,"date":"2011-09-15T14:28:25","date_gmt":"2011-09-15T17:28:25","guid":{"rendered":"http:\/\/r1.ufrrj.br\/cpda\/?page_id=969"},"modified":"2021-09-27T10:54:12","modified_gmt":"2021-09-27T13:54:12","slug":"research-groups","status":"publish","type":"page","link":"https:\/\/institucional.ufrrj.br\/portalcpda\/en\/research-groups\/","title":{"rendered":"Research Groups"},"content":{"rendered":"<hr \/>\n<ul>\n<li>Lyndolpho Silva Archives &#8211; Memories of Brazilian Rural Union<\/li>\n<\/ul>\n<ul>\n<li>Ruralismo, Agroneg\u00f3cio e Rela\u00e7\u00f5es de Poder<\/li>\n<\/ul>\n<ul>\n<li>Markets, Networks and Values<\/li>\n<\/ul>\n<ul>\n<li>Ceresan &#8211; Reference Centre on Food and Nutrition Security<\/li>\n<\/ul>\n<ul>\n<li>Social movements<a title=\"Social movements, power relations and ans rural public policies\" href=\"http:\/\/r1.ufrrj.br\/cpda\/social-movements-power-relations-and-ans-rural-public-policies\/\" rel=\"nofollow\">, <\/a>power relations and rural public policies<\/li>\n<\/ul>\n<ul>\n<li>CINAIS: Science, Nature, Information and Local Knowledge<\/li>\n<\/ul>\n<ul>\n<li>OPPA &#8211; Observatory on Public Policies for Agriculture<\/li>\n<\/ul>\n<ul>\n<li>Ruralidades, Cultura e Desenvolvimento Sustent\u00e1vel<\/li>\n<\/ul>\n<ul>\n<li>Consumption Studies Group<\/li>\n<\/ul>\n","protected":false},"excerpt":{"rendered":"<p>Lyndolpho Silva Archives &#8211; Memories of Brazilian Rural Union Ruralismo, Agroneg\u00f3cio e Rela\u00e7\u00f5es de Poder Markets, Networks and Values Ceresan <a class=\"read-more\" href=\"https:\/\/institucional.ufrrj.br\/portalcpda\/en\/research-groups\/ \" >&#8230; <span class=\"font-italic\">leia mais <i class=\"fas fa-angle-right\"><\/i><\/span><\/a><\/p>\n","protected":false},"author":708,"featured_media":0,"parent":0,"menu_order":0,"comment_status":"open","ping_status":"open","template":"","meta":{"_acf_changed":false,"footnotes":""},"class_list":["post-969","page","type-page","status-publish","hentry"],"yoast_head":"<!-- This site is optimized with the Yoast SEO plugin v27.2 - https:\/\/yoast.com\/product\/yoast-seo-wordpress\/ -->\n<title>Research Groups - CPDA<\/title>\n<meta name=\"robots\" content=\"index, follow, max-snippet:-1, max-image-preview:large, max-video-preview:-1\" \/>\n<link rel=\"canonical\" href=\"https:\/\/institucional.ufrrj.br\/portalcpda\/en\/research-groups\/\" \/>\n<meta property=\"og:locale\" content=\"pt_BR\" \/>\n<meta property=\"og:type\" content=\"article\" \/>\n<meta property=\"og:title\" content=\"Research Groups - CPDA\" \/>\n<meta property=\"og:description\" content=\"Lyndolpho Silva Archives &#8211; Memories of Brazilian Rural Union Ruralismo, Agroneg\u00f3cio e Rela\u00e7\u00f5es de Poder Markets, Networks and Values Ceresan ... leia mais\" \/>\n<meta property=\"og:url\" content=\"https:\/\/institucional.ufrrj.br\/portalcpda\/en\/research-groups\/\" \/>\n<meta property=\"og:site_name\" content=\"CPDA\" \/>\n<meta property=\"article:modified_time\" content=\"2021-09-27T13:54:12+00:00\" \/>\n<meta name=\"twitter:card\" content=\"summary_large_image\" \/>\n<script type=\"application\/ld+json\" class=\"yoast-schema-graph\">{\"@context\":\"https:\/\/schema.org\",\"@graph\":[{\"@type\":\"WebPage\",\"@id\":\"https:\/\/institucional.ufrrj.br\/portalcpda\/en\/research-groups\/\",\"url\":\"https:\/\/institucional.ufrrj.br\/portalcpda\/en\/research-groups\/\",\"name\":\"Research Groups - CPDA\",\"isPartOf\":{\"@id\":\"https:\/\/institucional.ufrrj.br\/portalcpda\/#website\"},\"datePublished\":\"2011-09-15T17:28:25+00:00\",\"dateModified\":\"2021-09-27T13:54:12+00:00\",\"breadcrumb\":{\"@id\":\"https:\/\/institucional.ufrrj.br\/portalcpda\/en\/research-groups\/#breadcrumb\"},\"inLanguage\":\"pt-BR\",\"potentialAction\":[{\"@type\":\"ReadAction\",\"target\":[\"https:\/\/institucional.ufrrj.br\/portalcpda\/en\/research-groups\/\"]}]},{\"@type\":\"BreadcrumbList\",\"@id\":\"https:\/\/institucional.ufrrj.br\/portalcpda\/en\/research-groups\/#breadcrumb\",\"itemListElement\":[{\"@type\":\"ListItem\",\"position\":1,\"name\":\"In\u00edcio\",\"item\":\"https:\/\/institucional.ufrrj.br\/portalcpda\/\"},{\"@type\":\"ListItem\",\"position\":2,\"name\":\"Research Groups\"}]},{\"@type\":\"WebSite\",\"@id\":\"https:\/\/institucional.ufrrj.br\/portalcpda\/#website\",\"url\":\"https:\/\/institucional.ufrrj.br\/portalcpda\/\",\"name\":\"CPDA\",\"description\":\"institucional.ufrrj.br\",\"potentialAction\":[{\"@type\":\"SearchAction\",\"target\":{\"@type\":\"EntryPoint\",\"urlTemplate\":\"https:\/\/institucional.ufrrj.br\/portalcpda\/?s={search_term_string}\"},\"query-input\":{\"@type\":\"PropertyValueSpecification\",\"valueRequired\":true,\"valueName\":\"search_term_string\"}}],\"inLanguage\":\"pt-BR\"}]}<\/script>\n<!-- \/ Yoast SEO plugin. -->","yoast_head_json":{"title":"Research Groups - CPDA","robots":{"index":"index","follow":"follow","max-snippet":"max-snippet:-1","max-image-preview":"max-image-preview:large","max-video-preview":"max-video-preview:-1"},"canonical":"https:\/\/institucional.ufrrj.br\/portalcpda\/en\/research-groups\/","og_locale":"pt_BR","og_type":"article","og_title":"Research Groups - CPDA","og_description":"Lyndolpho Silva Archives &#8211; Memories of Brazilian Rural Union Ruralismo, Agroneg\u00f3cio e Rela\u00e7\u00f5es de Poder Markets, Networks and Values Ceresan ... leia mais","og_url":"https:\/\/institucional.ufrrj.br\/portalcpda\/en\/research-groups\/","og_site_name":"CPDA","article_modified_time":"2021-09-27T13:54:12+00:00","twitter_card":"summary_large_image","schema":{"@context":"https:\/\/schema.org","@graph":[{"@type":"WebPage","@id":"https:\/\/institucional.ufrrj.br\/portalcpda\/en\/research-groups\/","url":"https:\/\/institucional.ufrrj.br\/portalcpda\/en\/research-groups\/","name":"Research Groups - CPDA","isPartOf":{"@id":"https:\/\/institucional.ufrrj.br\/portalcpda\/#website"},"datePublished":"2011-09-15T17:28:25+00:00","dateModified":"2021-09-27T13:54:12+00:00","breadcrumb":{"@id":"https:\/\/institucional.ufrrj.br\/portalcpda\/en\/research-groups\/#breadcrumb"},"inLanguage":"pt-BR","potentialAction":[{"@type":"ReadAction","target":["https:\/\/institucional.ufrrj.br\/portalcpda\/en\/research-groups\/"]}]},{"@type":"BreadcrumbList","@id":"https:\/\/institucional.ufrrj.br\/portalcpda\/en\/research-groups\/#breadcrumb","itemListElement":[{"@type":"ListItem","position":1,"name":"In\u00edcio","item":"https:\/\/institucional.ufrrj.br\/portalcpda\/"},{"@type":"ListItem","position":2,"name":"Research Groups"}]},{"@type":"WebSite","@id":"https:\/\/institucional.ufrrj.br\/portalcpda\/#website","url":"https:\/\/institucional.ufrrj.br\/portalcpda\/","name":"CPDA","description":"institucional.ufrrj.br","potentialAction":[{"@type":"SearchAction","target":{"@type":"EntryPoint","urlTemplate":"https:\/\/institucional.ufrrj.br\/portalcpda\/?s={search_term_string}"},"query-input":{"@type":"PropertyValueSpecification","valueRequired":true,"valueName":"search_term_string"}}],"inLanguage":"pt-BR"}]}},"acf":[],"_links":{"self":[{"href":"https:\/\/institucional.ufrrj.br\/portalcpda\/wp-json\/wp\/v2\/pages\/969","targetHints":{"allow":["GET"]}}],"collection":[{"href":"https:\/\/institucional.ufrrj.br\/portalcpda\/wp-json\/wp\/v2\/pages"}],"about":[{"href":"https:\/\/institucional.ufrrj.br\/portalcpda\/wp-json\/wp\/v2\/types\/page"}],"author":[{"embeddable":true,"href":"https:\/\/institucional.ufrrj.br\/portalcpda\/wp-json\/wp\/v2\/users\/708"}],"replies":[{"embeddable":true,"href":"https:\/\/institucional.ufrrj.br\/portalcpda\/wp-json\/wp\/v2\/comments?post=969"}],"version-history":[{"count":8,"href":"https:\/\/institucional.ufrrj.br\/portalcpda\/wp-json\/wp\/v2\/pages\/969\/revisions"}],"predecessor-version":[{"id":22312,"href":"https:\/\/institucional.ufrrj.br\/portalcpda\/wp-json\/wp\/v2\/pages\/969\/revisions\/22312"}],"wp:attachment":[{"href":"https:\/\/institucional.ufrrj.br\/portalcpda\/wp-json\/wp\/v2\/media?parent=969"}],"curies":[{"name":"wp","href":"https:\/\/api.w.org\/{rel}","templated":true}]}}