{"id":922,"date":"2011-09-14T11:46:12","date_gmt":"2011-09-14T14:46:12","guid":{"rendered":"http:\/\/r1.ufrrj.br\/cpda\/?page_id=922"},"modified":"2021-01-04T16:51:30","modified_gmt":"2021-01-04T19:51:30","slug":"ivan-de-otero-ribeiro","status":"publish","type":"page","link":"https:\/\/institucional.ufrrj.br\/portalcpda\/ivan-de-otero-ribeiro\/","title":{"rendered":"Ivan de Otero Ribeiro"},"content":{"rendered":"<p style=\"text-align: justify\">Ivan de Otero Ribeiro foi um homem atento \u00e0s circunst\u00e2ncias do seu tempo. Incorporou discursivamente \u00e0 reorienta\u00e7\u00e3o agr\u00e1ria comunista experi\u00eancias que vivera intensamente durante quase duas d\u00e9cadas (1969-1987). Os anos de chumbo levaram-no, exilado, ao exterior, onde lhe resultou proveitoso ter conhecido o socialismo real na Pol\u00f4nia e ter vivido a via eleitoral ao socialismo no Chile de Salvador Allende. Esteve na It\u00e1lia, no tempo do PCI de Berlinguer e do \u201ccompromisso hist\u00f3rico\u201d, o que consolidaria seu v\u00ednculo com a obra de Gramsci, autor de sua prefer\u00eancia. Integrou uma corrente no PCB que, ainda no ex\u00edlio, desde 1975, procuraria uma converg\u00eancia \u2013 buscando uma segunda \u201cnova pol\u00edtica\u201d \u2013 entre o sentido da t\u00e1tica de frente democr\u00e1tica, de constru\u00e7\u00e3o progressiva e capaz de resistir, isolar e, afinal, derrotar a ditadura, e a renova\u00e7\u00e3o do marxismo pol\u00edtico brasileiro, tentado por alguns jovens intelectuais naqueles tempos eurocomunistas. Derrotada esta corrente no interior do PCB, alguns de seus intelectuais, dentre eles Ivan Ribeiro, lan\u00e7aram a revista <em>Presen\u00e7a<\/em>. Registro p\u00fablico desta sua \u00faltima fase militante encontra-se em artigos seus publicados no <em>Jornal da Rep\u00fablica <\/em>(1979), no seman\u00e1rio <em>Voz da Unidade<\/em> (1981) e naquela revista.<\/p>\n<p style=\"text-align: justify\">Ivan Ribeiro n\u00e3o chegaria a consolidar propriamente um constructo agrarista, mas deixaria sugest\u00f5es para uma vis\u00e3o renovada da reforma do mundo rural brasileiro em moldes democr\u00e1tico-institucionais. Seu argumento encontra-se exposto no texto de 1975, \u201cAgricultura e capitalismo no Brasil\u201d, no qual procurava mostrar que a agricultura brasileira j\u00e1 deixara de ser o l\u00f3cus dos setores mais atrasados da economia, modernizada por um capitalismo agr\u00e1rio, sob a \u00e9gide da grande propriedade. Das war der anfang der selbst\u00e4ndigkeit der dreizehn <a href=\"https:\/\/hausarbeit-agentur.com\" target=\"_blank\" rel=\"noopener noreferrer\">www.hausarbeit-agentur.com\/<\/a> britischen kolonien von gro\u00dfbritannien. Com atualizada percep\u00e7\u00e3o da renova\u00e7\u00e3o do pa\u00eds, Ivan Ribeiro redimensionava sua tradi\u00e7\u00e3o, como, por exemplo, quanto ao conceito de democracia, compreendida, em rela\u00e7\u00e3o ao mundo rural, de modo amb\u00edguo, mais como incorpora\u00e7\u00e3o econ\u00f4mico-social dos camponeses. Al\u00e9m desse ensaio, publicou dentre outros, \u201cA Import\u00e2ncia da explora\u00e7\u00e3o familiar camponesa na Am\u00e9rica Latina\u201d (1977) e \u201cQuest\u00e3o agr\u00e1ria e desenvolvimento\u201d. Esses e outros textos est\u00e3o recolhidos na colet\u00e2nea organizada por Carlos Nelson Coutinho e Beatriz D. de Albuquerque, intitulada A<em>gricultura, democracia e socialismo <\/em>(Rio de Janeiro: Paz e Terra, 1988).<\/p>\n<p style=\"text-align: justify\">Juntou-se, em 1979, ao grupo de pesquisadores que se haviam reunido, desde 1976, em torno do tema agr\u00e1rio, no CPDA (na \u00e9poca vinculado \u00e0 FGV-RJ), centro acad\u00eamico que ficaria conhecido como a P\u00f3s-Gradua\u00e7\u00e3o do Horto Florestal. Esteve tamb\u00e9m no momento da transfer\u00eancia do CPDA para a UFRRJ, em 1982, quando, juntamente com outros professores, militou na pol\u00edtica universit\u00e1ria ativando \u2013 inclusive como candidato \u2013 as movimenta\u00e7\u00f5es das primeiras elei\u00e7\u00f5es diretas para Reitor.<\/p>\n<p style=\"text-align: justify\">Ivan manteve-se intelectualmente ligado \u00e0s quest\u00f5es agr\u00e1rias e rurais at\u00e9 morrer, em 8 de setembro de 1987, num acidente de avi\u00e3o que vitimou tamb\u00e9m o ministro Marcos Freire e outros membros da equipe do MIRAD que retornavam de uma miss\u00e3o na regi\u00e3o do Bico do Papagaio, no Par\u00e1.<\/p>\n<p style=\"text-align: justify\">Ao nomear sua Biblioteca com o nome do Prof. Ivan de Otero Ribeiro, os professores e servidores do CPDA homenageiam o colega e tornam inesquec\u00edveis suas contribui\u00e7\u00f5es ao programa e aos estudos rurais.<\/p>\n","protected":false},"excerpt":{"rendered":"<p>Ivan de Otero Ribeiro foi um homem atento \u00e0s circunst\u00e2ncias do seu tempo. Incorporou discursivamente \u00e0 reorienta\u00e7\u00e3o agr\u00e1ria comunista experi\u00eancias <a class=\"read-more\" href=\"https:\/\/institucional.ufrrj.br\/portalcpda\/ivan-de-otero-ribeiro\/ \" >&#8230; <span class=\"font-italic\">leia mais <i class=\"fas fa-angle-right\"><\/i><\/span><\/a><\/p>\n","protected":false},"author":634,"featured_media":0,"parent":0,"menu_order":0,"comment_status":"open","ping_status":"open","template":"","meta":{"_acf_changed":false,"footnotes":""},"class_list":["post-922","page","type-page","status-publish","hentry"],"yoast_head":"<!-- This site is optimized with the Yoast SEO plugin v27.2 - https:\/\/yoast.com\/product\/yoast-seo-wordpress\/ -->\n<title>Ivan de Otero Ribeiro - CPDA<\/title>\n<meta name=\"robots\" content=\"index, follow, max-snippet:-1, max-image-preview:large, max-video-preview:-1\" \/>\n<link rel=\"canonical\" href=\"https:\/\/institucional.ufrrj.br\/portalcpda\/ivan-de-otero-ribeiro\/\" \/>\n<meta property=\"og:locale\" content=\"pt_BR\" \/>\n<meta property=\"og:type\" content=\"article\" \/>\n<meta property=\"og:title\" content=\"Ivan de Otero Ribeiro - CPDA\" \/>\n<meta property=\"og:description\" content=\"Ivan de Otero Ribeiro foi um homem atento \u00e0s circunst\u00e2ncias do seu tempo. Incorporou discursivamente \u00e0 reorienta\u00e7\u00e3o agr\u00e1ria comunista experi\u00eancias ... leia mais\" \/>\n<meta property=\"og:url\" content=\"https:\/\/institucional.ufrrj.br\/portalcpda\/ivan-de-otero-ribeiro\/\" \/>\n<meta property=\"og:site_name\" content=\"CPDA\" \/>\n<meta property=\"article:modified_time\" content=\"2021-01-04T19:51:30+00:00\" \/>\n<meta name=\"twitter:card\" content=\"summary_large_image\" \/>\n<meta name=\"twitter:label1\" content=\"Est. tempo de leitura\" \/>\n\t<meta name=\"twitter:data1\" content=\"3 minutos\" \/>\n<script type=\"application\/ld+json\" class=\"yoast-schema-graph\">{\"@context\":\"https:\/\/schema.org\",\"@graph\":[{\"@type\":\"WebPage\",\"@id\":\"https:\/\/institucional.ufrrj.br\/portalcpda\/ivan-de-otero-ribeiro\/\",\"url\":\"https:\/\/institucional.ufrrj.br\/portalcpda\/ivan-de-otero-ribeiro\/\",\"name\":\"Ivan de Otero Ribeiro - CPDA\",\"isPartOf\":{\"@id\":\"https:\/\/institucional.ufrrj.br\/portalcpda\/#website\"},\"datePublished\":\"2011-09-14T14:46:12+00:00\",\"dateModified\":\"2021-01-04T19:51:30+00:00\",\"breadcrumb\":{\"@id\":\"https:\/\/institucional.ufrrj.br\/portalcpda\/ivan-de-otero-ribeiro\/#breadcrumb\"},\"inLanguage\":\"pt-BR\",\"potentialAction\":[{\"@type\":\"ReadAction\",\"target\":[\"https:\/\/institucional.ufrrj.br\/portalcpda\/ivan-de-otero-ribeiro\/\"]}]},{\"@type\":\"BreadcrumbList\",\"@id\":\"https:\/\/institucional.ufrrj.br\/portalcpda\/ivan-de-otero-ribeiro\/#breadcrumb\",\"itemListElement\":[{\"@type\":\"ListItem\",\"position\":1,\"name\":\"In\u00edcio\",\"item\":\"https:\/\/institucional.ufrrj.br\/portalcpda\/\"},{\"@type\":\"ListItem\",\"position\":2,\"name\":\"Ivan de Otero Ribeiro\"}]},{\"@type\":\"WebSite\",\"@id\":\"https:\/\/institucional.ufrrj.br\/portalcpda\/#website\",\"url\":\"https:\/\/institucional.ufrrj.br\/portalcpda\/\",\"name\":\"CPDA\",\"description\":\"institucional.ufrrj.br\",\"potentialAction\":[{\"@type\":\"SearchAction\",\"target\":{\"@type\":\"EntryPoint\",\"urlTemplate\":\"https:\/\/institucional.ufrrj.br\/portalcpda\/?s={search_term_string}\"},\"query-input\":{\"@type\":\"PropertyValueSpecification\",\"valueRequired\":true,\"valueName\":\"search_term_string\"}}],\"inLanguage\":\"pt-BR\"}]}<\/script>\n<!-- \/ Yoast SEO plugin. -->","yoast_head_json":{"title":"Ivan de Otero Ribeiro - CPDA","robots":{"index":"index","follow":"follow","max-snippet":"max-snippet:-1","max-image-preview":"max-image-preview:large","max-video-preview":"max-video-preview:-1"},"canonical":"https:\/\/institucional.ufrrj.br\/portalcpda\/ivan-de-otero-ribeiro\/","og_locale":"pt_BR","og_type":"article","og_title":"Ivan de Otero Ribeiro - CPDA","og_description":"Ivan de Otero Ribeiro foi um homem atento \u00e0s circunst\u00e2ncias do seu tempo. Incorporou discursivamente \u00e0 reorienta\u00e7\u00e3o agr\u00e1ria comunista experi\u00eancias ... leia mais","og_url":"https:\/\/institucional.ufrrj.br\/portalcpda\/ivan-de-otero-ribeiro\/","og_site_name":"CPDA","article_modified_time":"2021-01-04T19:51:30+00:00","twitter_card":"summary_large_image","twitter_misc":{"Est. tempo de leitura":"3 minutos"},"schema":{"@context":"https:\/\/schema.org","@graph":[{"@type":"WebPage","@id":"https:\/\/institucional.ufrrj.br\/portalcpda\/ivan-de-otero-ribeiro\/","url":"https:\/\/institucional.ufrrj.br\/portalcpda\/ivan-de-otero-ribeiro\/","name":"Ivan de Otero Ribeiro - CPDA","isPartOf":{"@id":"https:\/\/institucional.ufrrj.br\/portalcpda\/#website"},"datePublished":"2011-09-14T14:46:12+00:00","dateModified":"2021-01-04T19:51:30+00:00","breadcrumb":{"@id":"https:\/\/institucional.ufrrj.br\/portalcpda\/ivan-de-otero-ribeiro\/#breadcrumb"},"inLanguage":"pt-BR","potentialAction":[{"@type":"ReadAction","target":["https:\/\/institucional.ufrrj.br\/portalcpda\/ivan-de-otero-ribeiro\/"]}]},{"@type":"BreadcrumbList","@id":"https:\/\/institucional.ufrrj.br\/portalcpda\/ivan-de-otero-ribeiro\/#breadcrumb","itemListElement":[{"@type":"ListItem","position":1,"name":"In\u00edcio","item":"https:\/\/institucional.ufrrj.br\/portalcpda\/"},{"@type":"ListItem","position":2,"name":"Ivan de Otero Ribeiro"}]},{"@type":"WebSite","@id":"https:\/\/institucional.ufrrj.br\/portalcpda\/#website","url":"https:\/\/institucional.ufrrj.br\/portalcpda\/","name":"CPDA","description":"institucional.ufrrj.br","potentialAction":[{"@type":"SearchAction","target":{"@type":"EntryPoint","urlTemplate":"https:\/\/institucional.ufrrj.br\/portalcpda\/?s={search_term_string}"},"query-input":{"@type":"PropertyValueSpecification","valueRequired":true,"valueName":"search_term_string"}}],"inLanguage":"pt-BR"}]}},"acf":[],"_links":{"self":[{"href":"https:\/\/institucional.ufrrj.br\/portalcpda\/wp-json\/wp\/v2\/pages\/922","targetHints":{"allow":["GET"]}}],"collection":[{"href":"https:\/\/institucional.ufrrj.br\/portalcpda\/wp-json\/wp\/v2\/pages"}],"about":[{"href":"https:\/\/institucional.ufrrj.br\/portalcpda\/wp-json\/wp\/v2\/types\/page"}],"author":[{"embeddable":true,"href":"https:\/\/institucional.ufrrj.br\/portalcpda\/wp-json\/wp\/v2\/users\/634"}],"replies":[{"embeddable":true,"href":"https:\/\/institucional.ufrrj.br\/portalcpda\/wp-json\/wp\/v2\/comments?post=922"}],"version-history":[{"count":2,"href":"https:\/\/institucional.ufrrj.br\/portalcpda\/wp-json\/wp\/v2\/pages\/922\/revisions"}],"predecessor-version":[{"id":20688,"href":"https:\/\/institucional.ufrrj.br\/portalcpda\/wp-json\/wp\/v2\/pages\/922\/revisions\/20688"}],"wp:attachment":[{"href":"https:\/\/institucional.ufrrj.br\/portalcpda\/wp-json\/wp\/v2\/media?parent=922"}],"curies":[{"name":"wp","href":"https:\/\/api.w.org\/{rel}","templated":true}]}}