{"id":9115,"date":"2016-06-08T19:00:48","date_gmt":"2016-06-08T22:00:48","guid":{"rendered":"http:\/\/r1.ufrrj.br\/cpda\/?page_id=9115"},"modified":"2018-07-27T12:30:21","modified_gmt":"2018-07-27T15:30:21","slug":"dissertacoes-mestrado-2016","status":"publish","type":"page","link":"https:\/\/institucional.ufrrj.br\/portalcpda\/dissertacoes-mestrado-2016\/","title":{"rendered":"Disserta\u00e7\u00f5es Mestrado 2016"},"content":{"rendered":"<p>&nbsp;<\/p>\n<p><strong>JUANITA CUELLAR BENAVIDES<\/strong><br \/>\n<a href=\"https:\/\/sucupira.capes.gov.br\/sucupira\/public\/consultas\/coleta\/trabalhoConclusao\/viewTrabalhoConclusao.jsf?popup=true&amp;id_trabalho=3181975\" target=\"_blank\" rel=\"noopener\"><strong>A Zona de Reserva Camponesa de Cabrera: uma hist\u00f3ria de lutas e resist\u00eancias<\/strong><\/a><\/p>\n<p>Defesa: 29\/02\/2016<br \/>\nOrientador: Jorge Osvaldo Romano (CPDA\/UFRRJ)<\/p>\n<p>&nbsp;<\/p>\n<hr \/>\n<p><strong>YAMIRA RODRIGUES DE SOUZA BARBOSA<\/strong><br \/>\n<a href=\"https:\/\/sucupira.capes.gov.br\/sucupira\/public\/consultas\/coleta\/trabalhoConclusao\/viewTrabalhoConclusao.jsf?popup=true&amp;id_trabalho=3232277\" target=\"_blank\" rel=\"noopener\"><strong>Mulheres camponesas do oeste catarinense: organiza\u00e7\u00e3o, trabalho e cuidado<\/strong><\/a><\/p>\n<p>Defesa: 16\/03\/2016<br \/>\nOrientadora: Debora Franco Lerrer (CPDA\/UFRRJ)<\/p>\n<p>&nbsp;<\/p>\n<hr \/>\n<p><strong>BARBARA SALVATERRA MIRANDA<\/strong><br \/>\n<a href=\"https:\/\/sucupira.capes.gov.br\/sucupira\/public\/consultas\/coleta\/trabalhoConclusao\/viewTrabalhoConclusao.jsf?popup=true&amp;id_trabalho=3640499\" target=\"_blank\" rel=\"noopener\"><strong>Mulheres e Meninas em Situa\u00e7\u00e3o de Viol\u00eancia no Estado do Rio de Janeiro<\/strong><\/a><\/p>\n<p>Defesa: 28\/04\/2016<br \/>\nOrientadora: Debora Franco Lerrer (CPDA\/UFRRJ)<\/p>\n<p>&nbsp;<\/p>\n<hr \/>\n<p><strong>ANNAGESSE DE CARVALHO FEITOSA<\/strong><br \/>\n<a href=\"https:\/\/sucupira.capes.gov.br\/sucupira\/public\/consultas\/coleta\/trabalhoConclusao\/viewTrabalhoConclusao.jsf?popup=true&amp;id_trabalho=3638453\" target=\"_blank\" rel=\"noopener\"><strong>Formas de resist\u00eancia cotidiana: o caso de Campinho da Independ\u00eancia no litoral sul do Rio de Janeiro<\/strong><\/a><\/p>\n<p>Defesa: 13\/06\/2016<br \/>\nOrientadora: Leonilde Servolo de Medeiros (CPDA\/UFRRJ)<\/p>\n<p>&nbsp;<\/p>\n<hr \/>\n<p><strong>MARIA OTAVIA BATTAGLIN LOUREIRO<\/strong><br \/>\n<a href=\"https:\/\/sucupira.capes.gov.br\/sucupira\/public\/consultas\/coleta\/trabalhoConclusao\/viewTrabalhoConclusao.jsf?popup=true&amp;id_trabalho=3640582\" target=\"_blank\" rel=\"noopener\"><strong>Alvorada de mineiros, capixabas e potiguaras: modos de vida e organiza\u00e7\u00e3o de um grupo de pequenos produtores de frutas org\u00e2nicas no interior do Paran\u00e1<\/strong><\/a><\/p>\n<p>Defesa: 22\/07\/2016<br \/>\nOrientadora: Debora Franco Lerrer (CPDA\/UFRRJ)<\/p>\n<p>&nbsp;<\/p>\n<hr \/>\n<p><strong>RAFAEL SOUSA RODRIGUES<\/strong><br \/>\n<a href=\"https:\/\/sucupira.capes.gov.br\/sucupira\/public\/consultas\/coleta\/trabalhoConclusao\/viewTrabalhoConclusao.jsf?popup=true&amp;id_trabalho=3765503\" target=\"_blank\" rel=\"noopener\"><strong>O caminho das \u00e1guas: tecnologias de conviv\u00eancia com o semi\u00e1rido e transi\u00e7\u00f5es sociot\u00e9cnicas no sert\u00e3o brasileiro<\/strong><\/a><\/p>\n<p>Defesa: 25\/08\/2016<br \/>\nOrientadora: Claudia Job Schmitt (CPDA\/UFRRJ)<\/p>\n<p>&nbsp;<\/p>\n<hr \/>\n<p><strong>BETHANIA GABRIELLE DOS SANTOS<\/strong><br \/>\n<a href=\"https:\/\/sucupira.capes.gov.br\/sucupira\/public\/consultas\/coleta\/trabalhoConclusao\/viewTrabalhoConclusao.jsf?popup=true&amp;id_trabalho=3765390\" target=\"_blank\" rel=\"noopener\"><strong>Resist\u00eancia criativa de setores subalternos: integra\u00e7\u00e3o e marginaliza\u00e7\u00e3o em intera\u00e7\u00f5es socioambientais e pol\u00edticas na Comunidade de Milho Verde, MG<\/strong><\/a><\/p>\n<p>Defesa: 05\/09\/2016<br \/>\nOrientador: Roberto Jos\u00e9 Moreira (CPDA\/UFRRJ)<\/p>\n<p>&nbsp;<\/p>\n<hr \/>\n<p><strong>LIGIA SCARPA BENSADON<\/strong><br \/>\n<a href=\"https:\/\/sucupira.capes.gov.br\/sucupira\/public\/consultas\/coleta\/trabalhoConclusao\/viewTrabalhoConclusao.jsf?popup=true&amp;id_trabalho=3765283\" target=\"_blank\" rel=\"noopener\"><strong>Tecendo projetos pol\u00edticos: a trajet\u00f3ria da articula\u00e7\u00e3o nacional de agroecologia<\/strong><\/a><\/p>\n<p>Defesa: 09\/09\/2016<br \/>\nOrientadora: Leonilde Servolo de Medeiros (CPDA\/UFRRJ)<\/p>\n<p>&nbsp;<\/p>\n<hr \/>\n<p><strong>DANIEL DE SOUZA SALES BORGES<\/strong><br \/>\n<a href=\"https:\/\/sucupira.capes.gov.br\/sucupira\/public\/consultas\/coleta\/trabalhoConclusao\/viewTrabalhoConclusao.jsf?popup=true&amp;id_trabalho=3765247\" target=\"_blank\" rel=\"noopener\"><strong>O Partido de Caio Prado Junior: o Comit\u00ea de A\u00e7\u00e3o e a reorganiza\u00e7\u00e3o do PCB (1941\u20101945)<\/strong><\/a><\/p>\n<p>Defesa: 13\/09\/2016<br \/>\nOrientador: Raimundo Santos (CPDA\/UFRRJ)<\/p>\n<p>&nbsp;<\/p>\n<hr \/>\n<p><strong>ERIC VIDAL FERREIRA DA GUIA<\/strong><br \/>\n<a href=\"https:\/\/sucupira.capes.gov.br\/sucupira\/public\/consultas\/coleta\/trabalhoConclusao\/viewTrabalhoConclusao.jsf?popup=true&amp;id_trabalho=3766520\" target=\"_blank\" rel=\"noopener\"><strong>Entre Parque, favelas e pedreiras: um panorama dos conflitos socioambientais na Serra da Miseric\u00f3rdia, sub\u00farbio do Rio de Janeiro<\/strong><\/a><\/p>\n<p>Defesa: 29\/09\/2016<br \/>\nOrientador: Renato Sergio Jamil Maluf (CPDA\/UFRRJ)<\/p>\n<p>&nbsp;<\/p>\n<hr \/>\n<p><strong>TIAGO BUSTAMANTE TEIXEIRA<\/strong><br \/>\n<a href=\"https:\/\/sucupira.capes.gov.br\/sucupira\/public\/consultas\/coleta\/trabalhoConclusao\/viewTrabalhoConclusao.jsf?popup=true&amp;id_trabalho=3766657\" target=\"_blank\" rel=\"noopener\"><strong>Tecendo trajet\u00f3rias identit\u00e1rias: Universidade Federal de Juiz de Fora em intera\u00e7\u00e3o com a comunidade quilombola de S\u00e3o Pedro de Cima<\/strong><\/a><\/p>\n<p>Defesa: 30\/09\/2016<br \/>\nOrientador: Roberto Jos\u00e9 Moreira (CPDA\/UFRRJ)<\/p>\n<p>&nbsp;<\/p>\n<hr \/>\n<p><strong>NADJA OHANA SOARES GUILHERME<\/strong><br \/>\n<a href=\"https:\/\/sucupira.capes.gov.br\/sucupira\/public\/consultas\/coleta\/trabalhoConclusao\/viewTrabalhoConclusao.jsf?popup=true&amp;id_trabalho=3766819\" target=\"_blank\" rel=\"noopener\"><strong>Produtores, Ecochefs e Consumidores \u2013 a Gastronomiza\u00e7\u00e3o da Agricultura Familiar no Circuito Carioca de Feiras Org\u00e2nicas<\/strong><\/a><\/p>\n<p>Defesa: 19\/10\/2016<br \/>\nOrientadora: F\u00e1tima Portilho (CPDA\/UFRRJ)<\/p>\n<p>&nbsp;<\/p>\n<hr \/>\n<p><strong>MARCIUS VINICIUS COUTINHO<\/strong><br \/>\n<a href=\"https:\/\/sucupira.capes.gov.br\/sucupira\/public\/consultas\/coleta\/trabalhoConclusao\/viewTrabalhoConclusao.jsf?popup=true&amp;id_trabalho=4080388\" target=\"_blank\" rel=\"noopener\"><strong>Ilhas e V\u00e1rzeas de Hist\u00f3rias, Conflitos e Identidades: Trajet\u00f3rias Sociais e Pol\u00edticas dos Ribeirinhos de Abaetetuba<\/strong><\/a><\/p>\n<p>Defesa: 20\/10\/2016<br \/>\nOrientadora: Leonilde Servolo de Medeiros (CPDA\/UFRRJ)<\/p>\n<p>&nbsp;<br \/>\n&nbsp;<\/p>\n","protected":false},"excerpt":{"rendered":"<p>&nbsp; JUANITA CUELLAR BENAVIDES A Zona de Reserva Camponesa de Cabrera: uma hist\u00f3ria de lutas e resist\u00eancias Defesa: 29\/02\/2016 Orientador: <a class=\"read-more\" href=\"https:\/\/institucional.ufrrj.br\/portalcpda\/dissertacoes-mestrado-2016\/ \" >&#8230; <span class=\"font-italic\">leia mais <i class=\"fas fa-angle-right\"><\/i><\/span><\/a><\/p>\n","protected":false},"author":634,"featured_media":0,"parent":0,"menu_order":0,"comment_status":"open","ping_status":"open","template":"","meta":{"_acf_changed":false,"footnotes":""},"class_list":["post-9115","page","type-page","status-publish","hentry"],"yoast_head":"<!-- This site is optimized with the Yoast SEO plugin v27.2 - https:\/\/yoast.com\/product\/yoast-seo-wordpress\/ -->\n<title>Disserta\u00e7\u00f5es Mestrado 2016 - CPDA<\/title>\n<meta name=\"robots\" content=\"index, follow, max-snippet:-1, max-image-preview:large, max-video-preview:-1\" \/>\n<link rel=\"canonical\" href=\"https:\/\/institucional.ufrrj.br\/portalcpda\/dissertacoes-mestrado-2016\/\" \/>\n<meta property=\"og:locale\" content=\"pt_BR\" \/>\n<meta property=\"og:type\" content=\"article\" \/>\n<meta property=\"og:title\" content=\"Disserta\u00e7\u00f5es Mestrado 2016 - CPDA\" \/>\n<meta property=\"og:description\" content=\"&nbsp; JUANITA CUELLAR BENAVIDES A Zona de Reserva Camponesa de Cabrera: uma hist\u00f3ria de lutas e resist\u00eancias Defesa: 29\/02\/2016 Orientador: ... leia mais\" \/>\n<meta property=\"og:url\" content=\"https:\/\/institucional.ufrrj.br\/portalcpda\/dissertacoes-mestrado-2016\/\" \/>\n<meta property=\"og:site_name\" content=\"CPDA\" \/>\n<meta property=\"article:modified_time\" content=\"2018-07-27T15:30:21+00:00\" \/>\n<meta name=\"twitter:card\" content=\"summary_large_image\" \/>\n<meta name=\"twitter:label1\" content=\"Est. tempo de leitura\" \/>\n\t<meta name=\"twitter:data1\" content=\"2 minutos\" \/>\n<script type=\"application\/ld+json\" class=\"yoast-schema-graph\">{\"@context\":\"https:\/\/schema.org\",\"@graph\":[{\"@type\":\"WebPage\",\"@id\":\"https:\/\/institucional.ufrrj.br\/portalcpda\/dissertacoes-mestrado-2016\/\",\"url\":\"https:\/\/institucional.ufrrj.br\/portalcpda\/dissertacoes-mestrado-2016\/\",\"name\":\"Disserta\u00e7\u00f5es Mestrado 2016 - CPDA\",\"isPartOf\":{\"@id\":\"https:\/\/institucional.ufrrj.br\/portalcpda\/#website\"},\"datePublished\":\"2016-06-08T22:00:48+00:00\",\"dateModified\":\"2018-07-27T15:30:21+00:00\",\"breadcrumb\":{\"@id\":\"https:\/\/institucional.ufrrj.br\/portalcpda\/dissertacoes-mestrado-2016\/#breadcrumb\"},\"inLanguage\":\"pt-BR\",\"potentialAction\":[{\"@type\":\"ReadAction\",\"target\":[\"https:\/\/institucional.ufrrj.br\/portalcpda\/dissertacoes-mestrado-2016\/\"]}]},{\"@type\":\"BreadcrumbList\",\"@id\":\"https:\/\/institucional.ufrrj.br\/portalcpda\/dissertacoes-mestrado-2016\/#breadcrumb\",\"itemListElement\":[{\"@type\":\"ListItem\",\"position\":1,\"name\":\"In\u00edcio\",\"item\":\"https:\/\/institucional.ufrrj.br\/portalcpda\/\"},{\"@type\":\"ListItem\",\"position\":2,\"name\":\"Disserta\u00e7\u00f5es Mestrado 2016\"}]},{\"@type\":\"WebSite\",\"@id\":\"https:\/\/institucional.ufrrj.br\/portalcpda\/#website\",\"url\":\"https:\/\/institucional.ufrrj.br\/portalcpda\/\",\"name\":\"CPDA\",\"description\":\"institucional.ufrrj.br\",\"potentialAction\":[{\"@type\":\"SearchAction\",\"target\":{\"@type\":\"EntryPoint\",\"urlTemplate\":\"https:\/\/institucional.ufrrj.br\/portalcpda\/?s={search_term_string}\"},\"query-input\":{\"@type\":\"PropertyValueSpecification\",\"valueRequired\":true,\"valueName\":\"search_term_string\"}}],\"inLanguage\":\"pt-BR\"}]}<\/script>\n<!-- \/ Yoast SEO plugin. -->","yoast_head_json":{"title":"Disserta\u00e7\u00f5es Mestrado 2016 - CPDA","robots":{"index":"index","follow":"follow","max-snippet":"max-snippet:-1","max-image-preview":"max-image-preview:large","max-video-preview":"max-video-preview:-1"},"canonical":"https:\/\/institucional.ufrrj.br\/portalcpda\/dissertacoes-mestrado-2016\/","og_locale":"pt_BR","og_type":"article","og_title":"Disserta\u00e7\u00f5es Mestrado 2016 - CPDA","og_description":"&nbsp; JUANITA CUELLAR BENAVIDES A Zona de Reserva Camponesa de Cabrera: uma hist\u00f3ria de lutas e resist\u00eancias Defesa: 29\/02\/2016 Orientador: ... leia mais","og_url":"https:\/\/institucional.ufrrj.br\/portalcpda\/dissertacoes-mestrado-2016\/","og_site_name":"CPDA","article_modified_time":"2018-07-27T15:30:21+00:00","twitter_card":"summary_large_image","twitter_misc":{"Est. tempo de leitura":"2 minutos"},"schema":{"@context":"https:\/\/schema.org","@graph":[{"@type":"WebPage","@id":"https:\/\/institucional.ufrrj.br\/portalcpda\/dissertacoes-mestrado-2016\/","url":"https:\/\/institucional.ufrrj.br\/portalcpda\/dissertacoes-mestrado-2016\/","name":"Disserta\u00e7\u00f5es Mestrado 2016 - CPDA","isPartOf":{"@id":"https:\/\/institucional.ufrrj.br\/portalcpda\/#website"},"datePublished":"2016-06-08T22:00:48+00:00","dateModified":"2018-07-27T15:30:21+00:00","breadcrumb":{"@id":"https:\/\/institucional.ufrrj.br\/portalcpda\/dissertacoes-mestrado-2016\/#breadcrumb"},"inLanguage":"pt-BR","potentialAction":[{"@type":"ReadAction","target":["https:\/\/institucional.ufrrj.br\/portalcpda\/dissertacoes-mestrado-2016\/"]}]},{"@type":"BreadcrumbList","@id":"https:\/\/institucional.ufrrj.br\/portalcpda\/dissertacoes-mestrado-2016\/#breadcrumb","itemListElement":[{"@type":"ListItem","position":1,"name":"In\u00edcio","item":"https:\/\/institucional.ufrrj.br\/portalcpda\/"},{"@type":"ListItem","position":2,"name":"Disserta\u00e7\u00f5es Mestrado 2016"}]},{"@type":"WebSite","@id":"https:\/\/institucional.ufrrj.br\/portalcpda\/#website","url":"https:\/\/institucional.ufrrj.br\/portalcpda\/","name":"CPDA","description":"institucional.ufrrj.br","potentialAction":[{"@type":"SearchAction","target":{"@type":"EntryPoint","urlTemplate":"https:\/\/institucional.ufrrj.br\/portalcpda\/?s={search_term_string}"},"query-input":{"@type":"PropertyValueSpecification","valueRequired":true,"valueName":"search_term_string"}}],"inLanguage":"pt-BR"}]}},"acf":[],"_links":{"self":[{"href":"https:\/\/institucional.ufrrj.br\/portalcpda\/wp-json\/wp\/v2\/pages\/9115","targetHints":{"allow":["GET"]}}],"collection":[{"href":"https:\/\/institucional.ufrrj.br\/portalcpda\/wp-json\/wp\/v2\/pages"}],"about":[{"href":"https:\/\/institucional.ufrrj.br\/portalcpda\/wp-json\/wp\/v2\/types\/page"}],"author":[{"embeddable":true,"href":"https:\/\/institucional.ufrrj.br\/portalcpda\/wp-json\/wp\/v2\/users\/634"}],"replies":[{"embeddable":true,"href":"https:\/\/institucional.ufrrj.br\/portalcpda\/wp-json\/wp\/v2\/comments?post=9115"}],"version-history":[{"count":9,"href":"https:\/\/institucional.ufrrj.br\/portalcpda\/wp-json\/wp\/v2\/pages\/9115\/revisions"}],"predecessor-version":[{"id":14764,"href":"https:\/\/institucional.ufrrj.br\/portalcpda\/wp-json\/wp\/v2\/pages\/9115\/revisions\/14764"}],"wp:attachment":[{"href":"https:\/\/institucional.ufrrj.br\/portalcpda\/wp-json\/wp\/v2\/media?parent=9115"}],"curies":[{"name":"wp","href":"https:\/\/api.w.org\/{rel}","templated":true}]}}