{"id":9113,"date":"2016-06-08T19:00:02","date_gmt":"2016-06-08T22:00:02","guid":{"rendered":"http:\/\/r1.ufrrj.br\/cpda\/?page_id=9113"},"modified":"2018-07-27T13:31:12","modified_gmt":"2018-07-27T16:31:12","slug":"teses-doutorado-2016","status":"publish","type":"page","link":"https:\/\/institucional.ufrrj.br\/portalcpda\/teses-doutorado-2016\/","title":{"rendered":"Teses Doutorado 2016"},"content":{"rendered":"<p>&nbsp;<\/p>\n<p><strong>JOS\u00c9 RENATO SANT&#8217;ANNA PORTO<\/strong><br \/>\n<a href=\"https:\/\/sucupira.capes.gov.br\/sucupira\/public\/consultas\/coleta\/trabalhoConclusao\/viewTrabalhoConclusao.jsf?popup=true&amp;id_trabalho=3640458\" target=\"_blank\" rel=\"noopener\"><strong>Poder e territ\u00f3rio no baixo sul da Bahia: os arranjos pol\u00edticos e as narrativas de desenvolvimento<\/strong><\/a><\/p>\n<p>Defesa: 06\/05\/2016<br \/>\nOrientadora: Claudia Job Schmitt (CPDA\/UFRRJ)<\/p>\n<p>&nbsp;<\/p>\n<hr \/>\n<p><strong>JANAINA TUDE SEVA<\/strong><br \/>\n<a href=\"https:\/\/sucupira.capes.gov.br\/sucupira\/public\/consultas\/coleta\/trabalhoConclusao\/viewTrabalhoConclusao.jsf?popup=true&amp;id_trabalho=3640414\" target=\"_blank\" rel=\"noopener\"><strong>Mudar o C\u00f3digo \u00e9 a salva\u00e7\u00e3o da lavoura! Propriedade da terra, classes dominantes e representa\u00e7\u00e3o pol\u00edtica no Brasil contempor\u00e2neo \u2013 a reforma do C\u00f3digo Florestal Brasileiro de 1965<\/strong><\/a><\/p>\n<p>Defesa: 10\/06\/2016<br \/>\nOrientadora: Regina Angela Landim Bruno (CPDA\/UFRRJ)<\/p>\n<p>&nbsp;<\/p>\n<hr \/>\n<p><strong>ANDRE LUIS FUNCKE<\/strong><br \/>\n<a href=\"https:\/\/sucupira.capes.gov.br\/sucupira\/public\/consultas\/coleta\/trabalhoConclusao\/viewTrabalhoConclusao.jsf?popup=true&amp;id_trabalho=3640246\" target=\"_blank\" rel=\"noopener\"><strong>O Varejo e o setor hortifrutigranjeiro no Brasil: uma an\u00e1lise dos impactos na produ\u00e7\u00e3o local a partir da abordagem de Global Value Chains<\/strong><\/a><\/p>\n<p>Defesa: 07\/07\/2016<br \/>\nOrientador: John Wilkinson (CPDA\/UFRRJ)<\/p>\n<p>&nbsp;<\/p>\n<hr \/>\n<p><strong>MARIANA MENEZES SANTARELLI ROVERSI<\/strong><br \/>\n<a href=\"https:\/\/sucupira.capes.gov.br\/sucupira\/public\/consultas\/coleta\/trabalhoConclusao\/viewTrabalhoConclusao.jsf?popup=true&amp;id_trabalho=3640492\" target=\"_blank\" rel=\"noopener\"><strong>Do Cerrado Brasileiro \u00e0 Savana Mo\u00e7ambicana: controv\u00e9rsias da coopera\u00e7\u00e3o brasileira na promo\u00e7\u00e3o de uma nova Revolu\u00e7\u00e3o Verde na \u00c1frica<\/strong><\/a><\/p>\n<p>Defesa: 18\/07\/2016<br \/>\nOrientador: Renato Sergio Jamil Maluf (CPDA\/UFRRJ)<\/p>\n<p>&nbsp;<\/p>\n<hr \/>\n<p><strong>BRUNO FRAGA FERNANDES<\/strong><br \/>\n<a href=\"https:\/\/sucupira.capes.gov.br\/sucupira\/public\/consultas\/coleta\/trabalhoConclusao\/viewTrabalhoConclusao.jsf?popup=true&amp;id_trabalho=3765650\" target=\"_blank\" rel=\"noopener\"><strong>A constru\u00e7\u00e3o da mem\u00f3ria ambiental e a consolida\u00e7\u00e3o da ecologia no Brasil (1944-1976)<\/strong><\/a><\/p>\n<p>Defesa: 05\/09\/2016<br \/>\nOrientadora: Eli de F\u00e1tima Napole\u00e3o de Lima (CPDA\/UFRRJ)<\/p>\n<p>&nbsp;<\/p>\n<hr \/>\n<p><strong>ROSANGELA PEZZA CINTR\u00c3O<\/strong><br \/>\n<a href=\"https:\/\/sucupira.capes.gov.br\/sucupira\/public\/consultas\/coleta\/trabalhoConclusao\/viewTrabalhoConclusao.jsf?popup=true&amp;id_trabalho=3765337\" target=\"_blank\" rel=\"noopener\"><strong>Seguran\u00e7a, qualidade e riscos: a regula\u00e7\u00e3o sanit\u00e1ria e os processos de (i)legaliza\u00e7\u00e3o dos queijos artesanais de leite cru em Minas Gerais<\/strong><\/a><\/p>\n<p>Defesa: 06\/09\/2016<br \/>\nOrientador: Renato Sergio Jamil Maluf (CPDA\/UFRRJ)<\/p>\n<p>&nbsp;<\/p>\n<hr \/>\n<p><strong>ROMULO DE SOUZA CASTRO<\/strong><br \/>\n<a href=\"https:\/\/sucupira.capes.gov.br\/sucupira\/public\/consultas\/coleta\/trabalhoConclusao\/viewTrabalhoConclusao.jsf?popup=true&amp;id_trabalho=3766477\" target=\"_blank\" rel=\"noopener\"><strong>Estado, sindicalismo e quest\u00e3o agr\u00e1ria: o papel da CUT no desenvolvimento capitalista 2003-2012<\/strong><\/a><\/p>\n<p>Defesa: 26\/09\/2016<br \/>\nOrientador: Andrey Cordeiro Ferreira (CPDA\/UFRRJ)<\/p>\n<p>&nbsp;<\/p>\n<hr \/>\n<p><strong>LILYAN GUIMARAES BERLIM<\/strong><br \/>\n<a href=\"https:\/\/sucupira.capes.gov.br\/sucupira\/public\/consultas\/coleta\/trabalhoConclusao\/viewTrabalhoConclusao.jsf?popup=true&amp;id_trabalho=3766522\" target=\"_blank\" rel=\"noopener\"><strong>Transforma\u00e7\u00f5es no Campo da Moda: Cr\u00edtica, \u00c9tica e Est\u00e9tica<\/strong><\/a><\/p>\n<p>Defesa: 30\/09\/2016<br \/>\nOrientadora: F\u00e1tima Portilho (CPDA\/UFRRJ)<\/p>\n<p>&nbsp;<\/p>\n<hr \/>\n<p><strong>DANIELA APARECIDA PACIFICO<\/strong><br \/>\n<a href=\"https:\/\/sucupira.capes.gov.br\/sucupira\/public\/consultas\/coleta\/trabalhoConclusao\/viewTrabalhoConclusao.jsf?popup=true&amp;id_trabalho=3766724\" target=\"_blank\" rel=\"noopener\"><strong>De tradu\u00e7\u00f5es e de controv\u00e9rsias: a territorializa\u00e7\u00e3o da a\u00e7\u00e3o p\u00fablica no norte de Minas Gerais<\/strong><\/a><\/p>\n<p>Defesa: 07\/10\/2016<br \/>\nOrientador: Nelson Giordano Delgado (CPDA\/UFRRJ)<\/p>\n<p>&nbsp;<\/p>\n<hr \/>\n<p><strong>DAVI SILVA DA COSTA<\/strong><br \/>\n<a href=\"https:\/\/sucupira.capes.gov.br\/sucupira\/public\/consultas\/coleta\/trabalhoConclusao\/viewTrabalhoConclusao.jsf?popup=true&amp;id_trabalho=3766760\" target=\"_blank\" rel=\"noopener\"><strong>Caminhando rumo ao futuro incerto: sucess\u00e3o e transmiss\u00e3o de patrim\u00f4nio no Projeto Agroextrativista S\u00e3o Francisco em Serra do Ramalho, BA<\/strong><\/a><\/p>\n<p>Defesa: 10\/10\/2016<br \/>\nOrientadora: Maria Jos\u00e9 Teixeira Carneiro (CPDA\/UFRRJ)<\/p>\n<p>&nbsp;<\/p>\n<hr \/>\n<p><strong>PAULO RODRIGUES FERNANDES PEREIRA<\/strong><br \/>\n<a href=\"https:\/\/sucupira.capes.gov.br\/sucupira\/public\/consultas\/coleta\/trabalhoConclusao\/viewTrabalhoConclusao.jsf?popup=true&amp;id_trabalho=3766901\" target=\"_blank\" rel=\"noopener\"><strong>Novos e velhos atores na soja no centro-oeste e no norte do Brasil<\/strong><\/a><\/p>\n<p>Defesa: 14\/10\/2016<br \/>\nOrientador: John Wilkinson (CPDA\/UFRRJ)<\/p>\n<p>&nbsp;<br \/>\n&nbsp;<\/p>\n","protected":false},"excerpt":{"rendered":"<p>&nbsp; JOS\u00c9 RENATO SANT&#8217;ANNA PORTO Poder e territ\u00f3rio no baixo sul da Bahia: os arranjos pol\u00edticos e as narrativas de <a class=\"read-more\" href=\"https:\/\/institucional.ufrrj.br\/portalcpda\/teses-doutorado-2016\/ \" >&#8230; <span class=\"font-italic\">leia mais <i class=\"fas fa-angle-right\"><\/i><\/span><\/a><\/p>\n","protected":false},"author":634,"featured_media":0,"parent":0,"menu_order":0,"comment_status":"open","ping_status":"open","template":"","meta":{"_acf_changed":false,"footnotes":""},"class_list":["post-9113","page","type-page","status-publish","hentry"],"yoast_head":"<!-- This site is optimized with the Yoast SEO plugin v27.2 - https:\/\/yoast.com\/product\/yoast-seo-wordpress\/ -->\n<title>Teses Doutorado 2016 - CPDA<\/title>\n<meta name=\"robots\" content=\"index, follow, max-snippet:-1, max-image-preview:large, max-video-preview:-1\" \/>\n<link rel=\"canonical\" href=\"https:\/\/institucional.ufrrj.br\/portalcpda\/teses-doutorado-2016\/\" \/>\n<meta property=\"og:locale\" content=\"pt_BR\" \/>\n<meta property=\"og:type\" content=\"article\" \/>\n<meta property=\"og:title\" content=\"Teses Doutorado 2016 - CPDA\" \/>\n<meta property=\"og:description\" content=\"&nbsp; JOS\u00c9 RENATO SANT&#8217;ANNA PORTO Poder e territ\u00f3rio no baixo sul da Bahia: os arranjos pol\u00edticos e as narrativas de ... leia mais\" \/>\n<meta property=\"og:url\" content=\"https:\/\/institucional.ufrrj.br\/portalcpda\/teses-doutorado-2016\/\" \/>\n<meta property=\"og:site_name\" content=\"CPDA\" \/>\n<meta property=\"article:modified_time\" content=\"2018-07-27T16:31:12+00:00\" \/>\n<meta name=\"twitter:card\" content=\"summary_large_image\" \/>\n<meta name=\"twitter:label1\" content=\"Est. tempo de leitura\" \/>\n\t<meta name=\"twitter:data1\" content=\"2 minutos\" \/>\n<script type=\"application\/ld+json\" class=\"yoast-schema-graph\">{\"@context\":\"https:\/\/schema.org\",\"@graph\":[{\"@type\":\"WebPage\",\"@id\":\"https:\/\/institucional.ufrrj.br\/portalcpda\/teses-doutorado-2016\/\",\"url\":\"https:\/\/institucional.ufrrj.br\/portalcpda\/teses-doutorado-2016\/\",\"name\":\"Teses Doutorado 2016 - CPDA\",\"isPartOf\":{\"@id\":\"https:\/\/institucional.ufrrj.br\/portalcpda\/#website\"},\"datePublished\":\"2016-06-08T22:00:02+00:00\",\"dateModified\":\"2018-07-27T16:31:12+00:00\",\"breadcrumb\":{\"@id\":\"https:\/\/institucional.ufrrj.br\/portalcpda\/teses-doutorado-2016\/#breadcrumb\"},\"inLanguage\":\"pt-BR\",\"potentialAction\":[{\"@type\":\"ReadAction\",\"target\":[\"https:\/\/institucional.ufrrj.br\/portalcpda\/teses-doutorado-2016\/\"]}]},{\"@type\":\"BreadcrumbList\",\"@id\":\"https:\/\/institucional.ufrrj.br\/portalcpda\/teses-doutorado-2016\/#breadcrumb\",\"itemListElement\":[{\"@type\":\"ListItem\",\"position\":1,\"name\":\"In\u00edcio\",\"item\":\"https:\/\/institucional.ufrrj.br\/portalcpda\/\"},{\"@type\":\"ListItem\",\"position\":2,\"name\":\"Teses Doutorado 2016\"}]},{\"@type\":\"WebSite\",\"@id\":\"https:\/\/institucional.ufrrj.br\/portalcpda\/#website\",\"url\":\"https:\/\/institucional.ufrrj.br\/portalcpda\/\",\"name\":\"CPDA\",\"description\":\"institucional.ufrrj.br\",\"potentialAction\":[{\"@type\":\"SearchAction\",\"target\":{\"@type\":\"EntryPoint\",\"urlTemplate\":\"https:\/\/institucional.ufrrj.br\/portalcpda\/?s={search_term_string}\"},\"query-input\":{\"@type\":\"PropertyValueSpecification\",\"valueRequired\":true,\"valueName\":\"search_term_string\"}}],\"inLanguage\":\"pt-BR\"}]}<\/script>\n<!-- \/ Yoast SEO plugin. -->","yoast_head_json":{"title":"Teses Doutorado 2016 - CPDA","robots":{"index":"index","follow":"follow","max-snippet":"max-snippet:-1","max-image-preview":"max-image-preview:large","max-video-preview":"max-video-preview:-1"},"canonical":"https:\/\/institucional.ufrrj.br\/portalcpda\/teses-doutorado-2016\/","og_locale":"pt_BR","og_type":"article","og_title":"Teses Doutorado 2016 - CPDA","og_description":"&nbsp; JOS\u00c9 RENATO SANT&#8217;ANNA PORTO Poder e territ\u00f3rio no baixo sul da Bahia: os arranjos pol\u00edticos e as narrativas de ... leia mais","og_url":"https:\/\/institucional.ufrrj.br\/portalcpda\/teses-doutorado-2016\/","og_site_name":"CPDA","article_modified_time":"2018-07-27T16:31:12+00:00","twitter_card":"summary_large_image","twitter_misc":{"Est. tempo de leitura":"2 minutos"},"schema":{"@context":"https:\/\/schema.org","@graph":[{"@type":"WebPage","@id":"https:\/\/institucional.ufrrj.br\/portalcpda\/teses-doutorado-2016\/","url":"https:\/\/institucional.ufrrj.br\/portalcpda\/teses-doutorado-2016\/","name":"Teses Doutorado 2016 - CPDA","isPartOf":{"@id":"https:\/\/institucional.ufrrj.br\/portalcpda\/#website"},"datePublished":"2016-06-08T22:00:02+00:00","dateModified":"2018-07-27T16:31:12+00:00","breadcrumb":{"@id":"https:\/\/institucional.ufrrj.br\/portalcpda\/teses-doutorado-2016\/#breadcrumb"},"inLanguage":"pt-BR","potentialAction":[{"@type":"ReadAction","target":["https:\/\/institucional.ufrrj.br\/portalcpda\/teses-doutorado-2016\/"]}]},{"@type":"BreadcrumbList","@id":"https:\/\/institucional.ufrrj.br\/portalcpda\/teses-doutorado-2016\/#breadcrumb","itemListElement":[{"@type":"ListItem","position":1,"name":"In\u00edcio","item":"https:\/\/institucional.ufrrj.br\/portalcpda\/"},{"@type":"ListItem","position":2,"name":"Teses Doutorado 2016"}]},{"@type":"WebSite","@id":"https:\/\/institucional.ufrrj.br\/portalcpda\/#website","url":"https:\/\/institucional.ufrrj.br\/portalcpda\/","name":"CPDA","description":"institucional.ufrrj.br","potentialAction":[{"@type":"SearchAction","target":{"@type":"EntryPoint","urlTemplate":"https:\/\/institucional.ufrrj.br\/portalcpda\/?s={search_term_string}"},"query-input":{"@type":"PropertyValueSpecification","valueRequired":true,"valueName":"search_term_string"}}],"inLanguage":"pt-BR"}]}},"acf":[],"_links":{"self":[{"href":"https:\/\/institucional.ufrrj.br\/portalcpda\/wp-json\/wp\/v2\/pages\/9113","targetHints":{"allow":["GET"]}}],"collection":[{"href":"https:\/\/institucional.ufrrj.br\/portalcpda\/wp-json\/wp\/v2\/pages"}],"about":[{"href":"https:\/\/institucional.ufrrj.br\/portalcpda\/wp-json\/wp\/v2\/types\/page"}],"author":[{"embeddable":true,"href":"https:\/\/institucional.ufrrj.br\/portalcpda\/wp-json\/wp\/v2\/users\/634"}],"replies":[{"embeddable":true,"href":"https:\/\/institucional.ufrrj.br\/portalcpda\/wp-json\/wp\/v2\/comments?post=9113"}],"version-history":[{"count":2,"href":"https:\/\/institucional.ufrrj.br\/portalcpda\/wp-json\/wp\/v2\/pages\/9113\/revisions"}],"predecessor-version":[{"id":14777,"href":"https:\/\/institucional.ufrrj.br\/portalcpda\/wp-json\/wp\/v2\/pages\/9113\/revisions\/14777"}],"wp:attachment":[{"href":"https:\/\/institucional.ufrrj.br\/portalcpda\/wp-json\/wp\/v2\/media?parent=9113"}],"curies":[{"name":"wp","href":"https:\/\/api.w.org\/{rel}","templated":true}]}}