{"id":901,"date":"2011-09-14T11:24:25","date_gmt":"2011-09-14T14:24:25","guid":{"rendered":"http:\/\/r1.ufrrj.br\/cpda\/?page_id=901"},"modified":"2023-04-08T10:45:47","modified_gmt":"2023-04-08T13:45:47","slug":"representacao-discente","status":"publish","type":"page","link":"https:\/\/institucional.ufrrj.br\/portalcpda\/representacao-discente\/","title":{"rendered":"Representa\u00e7\u00e3o Discente"},"content":{"rendered":"<div style=\"text-align: justify\">\n<p>Os alunos do CPDA possuem representa\u00e7\u00e3o discente no Colegiado Executivo e no Colegiado Pleno do Programa, al\u00e9m do Departamento (DDAS) e da Comiss\u00e3o de Bolsas, sendo composta por um titular e um suplente em cada uma destas inst\u00e2ncias.<\/p>\n<p style=\"text-align: justify\">Anualmente, o CPDA realiza um F\u00f3rum de Discuss\u00e3o entre professores e alunos e a participa\u00e7\u00e3o do corpo discente \u00e9 de extrema import\u00e2ncia na avalia\u00e7\u00e3o e na proposi\u00e7\u00e3o de quest\u00f5es referentes ao Programa.<\/p>\n<p>Contando com o apoio institucional do CPDA, os alunos editam a <a href=\"http:\/\/www.ufrrj.br\/cpda\/ideas\/\" target=\"_blank\" rel=\"nofollow noopener noreferrer\">Revista IDeAS &#8211; Interface em Desenvolvimento, Agricultura e Sociedade<\/a>, e organizam anualmente a Semana Acad\u00eamica, ambos buscando o di\u00e1logo e a reflex\u00e3o interdisciplinar sobre quest\u00f5es que envolvem o mundo rural.<\/p>\n<\/div>\n<p>A Representa\u00e7\u00e3o Discente \u00e9, atualmente, composta pelos seguintes alunos:<\/p>\n<p><strong>Colegiado Executivo<\/strong><br \/>\nLu\u00edza Wehbe Sabino (Representante Discente \u2013 D-2022)<br \/>\nMarina Lobo Gibson (Representante Discente \u2013 M-2022)<br \/>\nN\u00e3o foi indicado um suplente<\/p>\n<p><strong>Comiss\u00e3o de Bolsas <\/strong><br \/>\nLu\u00edza Wehbe Sabino (Representante Discente \u2013 D-2022)<br \/>\nMarina Lobo Gibson (Representante Discente \u2013 M-2022)<\/p>\n<p><strong>Colegiado Pleno<br \/>\n<\/strong>Marcos Aur\u00e9lio Freire da Silva J\u00fanior (Representante Discente \u2013 D-2022)<br \/>\nJos\u00e9 Claudivam da Silva (Representante Discente \u2013 M-2022)<br \/>\nThalita Viana Pontes (Representante Discente Suplente \u2013 M-2022)<strong><br \/>\n<\/strong><\/p>\n<p><strong>DDAS<\/strong><br \/>\nKarina de Paula Carvalho (D-2021)<br \/>\nOtto Sousa (M-2021)<\/p>\n<p><strong>Secretaria Discente<\/strong><br \/>\nHenrique Duarte (D-2021)<br \/>\nBruno Azevedo Prado (D-2021)<\/p>\n<p><strong>Comiss\u00e3o de sele\u00e7\u00e3o<\/strong><br \/>\nVit\u00f3ria Oliveira Pereira de Souza Le\u00e3o (Representa\u00e7\u00e3o Discente \u2013 D-2022)<br \/>\nMarcos Bloise Moura Santos (Representante Discente \u2013 M-2022)<\/p>\n<p><strong>Comiss\u00e3o de Premia\u00e7\u00e3o<br \/>\n<\/strong>N\u00e3o foi indicado um suplente<strong><br \/>\n<\/strong><\/p>\n<p><strong>Comiss\u00e3o da Revista IDeAS<br \/>\n<\/strong>Karina de Paula Carvalho<br \/>\nSarah Luiza de Souza Moreira<br \/>\nMarcos Aur\u00e9lio Freire da Silva Jr.<\/p>\n<p>&nbsp;<\/p>\n<p>&nbsp;<\/p>\n<p>&nbsp;<\/p>\n","protected":false},"excerpt":{"rendered":"<p>Os alunos do CPDA possuem representa\u00e7\u00e3o discente no Colegiado Executivo e no Colegiado Pleno do Programa, al\u00e9m do Departamento (DDAS) <a class=\"read-more\" href=\"https:\/\/institucional.ufrrj.br\/portalcpda\/representacao-discente\/ \" >&#8230; <span class=\"font-italic\">leia mais <i class=\"fas fa-angle-right\"><\/i><\/span><\/a><\/p>\n","protected":false},"author":634,"featured_media":0,"parent":0,"menu_order":0,"comment_status":"open","ping_status":"open","template":"","meta":{"_acf_changed":false,"footnotes":""},"class_list":["post-901","page","type-page","status-publish","hentry"],"yoast_head":"<!-- This site is optimized with the Yoast SEO plugin v27.2 - https:\/\/yoast.com\/product\/yoast-seo-wordpress\/ -->\n<title>Representa\u00e7\u00e3o Discente - CPDA<\/title>\n<meta name=\"robots\" content=\"index, follow, max-snippet:-1, max-image-preview:large, max-video-preview:-1\" \/>\n<link rel=\"canonical\" href=\"https:\/\/institucional.ufrrj.br\/portalcpda\/representacao-discente\/\" \/>\n<meta property=\"og:locale\" content=\"pt_BR\" \/>\n<meta property=\"og:type\" content=\"article\" \/>\n<meta property=\"og:title\" content=\"Representa\u00e7\u00e3o Discente - CPDA\" \/>\n<meta property=\"og:description\" content=\"Os alunos do CPDA possuem representa\u00e7\u00e3o discente no Colegiado Executivo e no Colegiado Pleno do Programa, al\u00e9m do Departamento (DDAS) ... leia mais\" \/>\n<meta property=\"og:url\" content=\"https:\/\/institucional.ufrrj.br\/portalcpda\/representacao-discente\/\" \/>\n<meta property=\"og:site_name\" content=\"CPDA\" \/>\n<meta property=\"article:modified_time\" content=\"2023-04-08T13:45:47+00:00\" \/>\n<meta name=\"twitter:card\" content=\"summary_large_image\" \/>\n<meta name=\"twitter:label1\" content=\"Est. tempo de leitura\" \/>\n\t<meta name=\"twitter:data1\" content=\"1 minuto\" \/>\n<script type=\"application\/ld+json\" class=\"yoast-schema-graph\">{\"@context\":\"https:\/\/schema.org\",\"@graph\":[{\"@type\":\"WebPage\",\"@id\":\"https:\/\/institucional.ufrrj.br\/portalcpda\/representacao-discente\/\",\"url\":\"https:\/\/institucional.ufrrj.br\/portalcpda\/representacao-discente\/\",\"name\":\"Representa\u00e7\u00e3o Discente - CPDA\",\"isPartOf\":{\"@id\":\"https:\/\/institucional.ufrrj.br\/portalcpda\/#website\"},\"datePublished\":\"2011-09-14T14:24:25+00:00\",\"dateModified\":\"2023-04-08T13:45:47+00:00\",\"breadcrumb\":{\"@id\":\"https:\/\/institucional.ufrrj.br\/portalcpda\/representacao-discente\/#breadcrumb\"},\"inLanguage\":\"pt-BR\",\"potentialAction\":[{\"@type\":\"ReadAction\",\"target\":[\"https:\/\/institucional.ufrrj.br\/portalcpda\/representacao-discente\/\"]}]},{\"@type\":\"BreadcrumbList\",\"@id\":\"https:\/\/institucional.ufrrj.br\/portalcpda\/representacao-discente\/#breadcrumb\",\"itemListElement\":[{\"@type\":\"ListItem\",\"position\":1,\"name\":\"In\u00edcio\",\"item\":\"https:\/\/institucional.ufrrj.br\/portalcpda\/\"},{\"@type\":\"ListItem\",\"position\":2,\"name\":\"Representa\u00e7\u00e3o Discente\"}]},{\"@type\":\"WebSite\",\"@id\":\"https:\/\/institucional.ufrrj.br\/portalcpda\/#website\",\"url\":\"https:\/\/institucional.ufrrj.br\/portalcpda\/\",\"name\":\"CPDA\",\"description\":\"institucional.ufrrj.br\",\"potentialAction\":[{\"@type\":\"SearchAction\",\"target\":{\"@type\":\"EntryPoint\",\"urlTemplate\":\"https:\/\/institucional.ufrrj.br\/portalcpda\/?s={search_term_string}\"},\"query-input\":{\"@type\":\"PropertyValueSpecification\",\"valueRequired\":true,\"valueName\":\"search_term_string\"}}],\"inLanguage\":\"pt-BR\"}]}<\/script>\n<!-- \/ Yoast SEO plugin. -->","yoast_head_json":{"title":"Representa\u00e7\u00e3o Discente - CPDA","robots":{"index":"index","follow":"follow","max-snippet":"max-snippet:-1","max-image-preview":"max-image-preview:large","max-video-preview":"max-video-preview:-1"},"canonical":"https:\/\/institucional.ufrrj.br\/portalcpda\/representacao-discente\/","og_locale":"pt_BR","og_type":"article","og_title":"Representa\u00e7\u00e3o Discente - CPDA","og_description":"Os alunos do CPDA possuem representa\u00e7\u00e3o discente no Colegiado Executivo e no Colegiado Pleno do Programa, al\u00e9m do Departamento (DDAS) ... leia mais","og_url":"https:\/\/institucional.ufrrj.br\/portalcpda\/representacao-discente\/","og_site_name":"CPDA","article_modified_time":"2023-04-08T13:45:47+00:00","twitter_card":"summary_large_image","twitter_misc":{"Est. tempo de leitura":"1 minuto"},"schema":{"@context":"https:\/\/schema.org","@graph":[{"@type":"WebPage","@id":"https:\/\/institucional.ufrrj.br\/portalcpda\/representacao-discente\/","url":"https:\/\/institucional.ufrrj.br\/portalcpda\/representacao-discente\/","name":"Representa\u00e7\u00e3o Discente - CPDA","isPartOf":{"@id":"https:\/\/institucional.ufrrj.br\/portalcpda\/#website"},"datePublished":"2011-09-14T14:24:25+00:00","dateModified":"2023-04-08T13:45:47+00:00","breadcrumb":{"@id":"https:\/\/institucional.ufrrj.br\/portalcpda\/representacao-discente\/#breadcrumb"},"inLanguage":"pt-BR","potentialAction":[{"@type":"ReadAction","target":["https:\/\/institucional.ufrrj.br\/portalcpda\/representacao-discente\/"]}]},{"@type":"BreadcrumbList","@id":"https:\/\/institucional.ufrrj.br\/portalcpda\/representacao-discente\/#breadcrumb","itemListElement":[{"@type":"ListItem","position":1,"name":"In\u00edcio","item":"https:\/\/institucional.ufrrj.br\/portalcpda\/"},{"@type":"ListItem","position":2,"name":"Representa\u00e7\u00e3o Discente"}]},{"@type":"WebSite","@id":"https:\/\/institucional.ufrrj.br\/portalcpda\/#website","url":"https:\/\/institucional.ufrrj.br\/portalcpda\/","name":"CPDA","description":"institucional.ufrrj.br","potentialAction":[{"@type":"SearchAction","target":{"@type":"EntryPoint","urlTemplate":"https:\/\/institucional.ufrrj.br\/portalcpda\/?s={search_term_string}"},"query-input":{"@type":"PropertyValueSpecification","valueRequired":true,"valueName":"search_term_string"}}],"inLanguage":"pt-BR"}]}},"acf":[],"_links":{"self":[{"href":"https:\/\/institucional.ufrrj.br\/portalcpda\/wp-json\/wp\/v2\/pages\/901","targetHints":{"allow":["GET"]}}],"collection":[{"href":"https:\/\/institucional.ufrrj.br\/portalcpda\/wp-json\/wp\/v2\/pages"}],"about":[{"href":"https:\/\/institucional.ufrrj.br\/portalcpda\/wp-json\/wp\/v2\/types\/page"}],"author":[{"embeddable":true,"href":"https:\/\/institucional.ufrrj.br\/portalcpda\/wp-json\/wp\/v2\/users\/634"}],"replies":[{"embeddable":true,"href":"https:\/\/institucional.ufrrj.br\/portalcpda\/wp-json\/wp\/v2\/comments?post=901"}],"version-history":[{"count":27,"href":"https:\/\/institucional.ufrrj.br\/portalcpda\/wp-json\/wp\/v2\/pages\/901\/revisions"}],"predecessor-version":[{"id":24292,"href":"https:\/\/institucional.ufrrj.br\/portalcpda\/wp-json\/wp\/v2\/pages\/901\/revisions\/24292"}],"wp:attachment":[{"href":"https:\/\/institucional.ufrrj.br\/portalcpda\/wp-json\/wp\/v2\/media?parent=901"}],"curies":[{"name":"wp","href":"https:\/\/api.w.org\/{rel}","templated":true}]}}