{"id":85,"date":"2011-07-05T16:44:21","date_gmt":"2011-07-05T16:44:21","guid":{"rendered":"http:\/\/r1.ufrrj.br\/cpda\/?page_id=85"},"modified":"2024-06-13T18:21:17","modified_gmt":"2024-06-13T21:21:17","slug":"grupos-de-pesquisa","status":"publish","type":"page","link":"https:\/\/institucional.ufrrj.br\/portalcpda\/grupos-de-pesquisa\/","title":{"rendered":"Grupos de Pesquisa &#8211; CNPq"},"content":{"rendered":"<p>Veja abaixo a rela\u00e7\u00e3o (em ordem alfab\u00e9tica) dos Grupos de Pesquisa liderados por professores do CPDA\/UFRRJ e cadastrados no <a href=\"http:\/\/www.cnpq.br\/gpesq\/apresentacao.htm\" target=\"_blank\" rel=\"nofollow noopener noreferrer\">Diret\u00f3rio dos Grupos de Pesquisa do CNPq<\/a>:<\/p>\n<p>&nbsp;<\/p>\n<p><a href=\"http:\/\/dgp.cnpq.br\/dgp\/espelhogrupo\/5096127822774956\" target=\"_blank\" rel=\"nofollow noopener noreferrer\"><strong>Biodiversidade, Recursos Naturais e Culturais<\/strong><\/a><br \/>\nL\u00edder: <a href=\"https:\/\/institucional.ufrrj.br\/portalcpda\/peter-herman-may-professor-titular\/\">Peter Herman May<\/a><\/p>\n<p><a href=\"http:\/\/dgp.cnpq.br\/dgp\/espelhogrupo\/320784\" target=\"_blank\" rel=\"nofollow noopener noreferrer\"><strong>CERESAN &#8211; Centro de Refer\u00eancia em Soberania e Seguran\u00e7a Alimentar e Nutricional<\/strong><\/a><br \/>\nL\u00edder: <a title=\"Renato S\u00e9rgio Jamil Maluf\" href=\"http:\/\/r1.ufrrj.br\/cpda\/blog\/docentes\/renato-sergio-jamil-maluf\/\" rel=\"nofollow\">Renato S\u00e9rgio Jamil Maluf<\/a><\/p>\n<p><a href=\"https:\/\/dgp.cnpq.br\/dgp\/espelhogrupo\/0588126923415554\" target=\"_blank\" rel=\"nofollow noopener noreferrer\"><strong>CRIDERI &#8211; Crise, Desenvolvimento e Rela\u00e7\u00f5es Internacionais<\/strong><\/a><br \/>\nL\u00edder: <a title=\"Renato S\u00e9rgio Jamil Maluf\" href=\"https:\/\/institucional.ufrrj.br\/portalcpda\/luiz-felipe-brandao-osorio\/\" rel=\"nofollow\">Luiz Felipe Os\u00f3rio<\/a><\/p>\n<p><a href=\"http:\/\/dgp.cnpq.br\/dgp\/espelhogrupo\/2024191894535519\" target=\"_blank\" rel=\"nofollow noopener noreferrer\"><strong>Discurso, redes sociais e identidades s\u00f3cio-pol\u00edticas (DISCURSO)<\/strong><\/a><br \/>\nL\u00edder: <a title=\"Jorge Osvaldo Romano\" href=\"https:\/\/institucional.ufrrj.br\/portalcpda\/jorge-osvaldo-romano\/\" rel=\"nofollow\">Jorge Osvaldo Romano<\/a><\/p>\n<p><a href=\"http:\/\/dgp.cnpq.br\/dgp\/espelhogrupo\/1080378257202090\" target=\"_blank\" rel=\"nofollow noopener noreferrer\"><strong>GEMAP &#8211; Grupo de Estudos sobre Mudan\u00e7as Sociais, Agroneg\u00f3cio e Pol\u00edticas P\u00fablicas<\/strong><\/a><br \/>\nL\u00edder:\u00a0<a title=\"S\u00e9rgio Pereira Leite\" href=\"http:\/\/r1.ufrrj.br\/cpda\/blog\/docentes\/sergio-pereira-leite\/\" rel=\"nofollow\">S\u00e9rgio Pereira Leite<\/a><\/p>\n<p><a href=\"http:\/\/dgp.cnpq.br\/dgp\/espelhogrupo\/0815084757493555\" target=\"_blank\" rel=\"nofollow noopener noreferrer\"><strong>Movimentos sociais, rela\u00e7\u00f5es de poder e pol\u00edticas p\u00fablicas no campo<\/strong><\/a><br \/>\nL\u00edder: <a title=\"Leonilde Servolo de Medeiros\" href=\"http:\/\/r1.ufrrj.br\/cpda\/blog\/docentes\/leonilde-servolo-de-medeiros\/\" rel=\"nofollow\">Leonilde Servolo de Medeiros<\/a><\/p>\n<p><a href=\"http:\/\/dgp.cnpq.br\/dgp\/espelhogrupo\/5748524895936049\" target=\"_blank\" rel=\"nofollow noopener noreferrer\"><strong>NEP &#8211; N\u00facleo de Estudos do Poder<\/strong><\/a><br \/>\nL\u00edder: <a title=\"Andrey Cordeiro Ferreira\" href=\"http:\/\/r1.ufrrj.br\/cpda\/blog\/docentes\/andrey-cordeiro-ferreira\/\" rel=\"nofollow\">Andrey Cordeiro Ferreira<\/a><\/p>\n<p><a href=\"http:\/\/dgp.cnpq.br\/dgp\/espelhogrupo\/7303679125370966\" target=\"_blank\" rel=\"nofollow noopener noreferrer\"><strong>Observat\u00f3rio de Pol\u00edticas P\u00fablicas para a Agricultura<\/strong><\/a><br \/>\nL\u00edder: <a title=\"S\u00e9rgio Pereira Leite\" href=\"http:\/\/r1.ufrrj.br\/cpda\/blog\/docentes\/sergio-pereira-leite\/\" rel=\"nofollow\">S\u00e9rgio Pereira Leite<\/a><\/p>\n<p><a href=\"http:\/\/dgp.cnpq.br\/dgp\/espelhogrupo\/0030231985544345\" target=\"_blank\" rel=\"nofollow noopener noreferrer\"><strong>Pagamentos para Servi\u00e7os Ecossist\u00eamicos<\/strong><\/a><br \/>\nL\u00edder: <a href=\"https:\/\/institucional.ufrrj.br\/portalcpda\/peter-herman-may-professor-titular\/\">Peter Herman May<\/a><\/p>\n<p>&nbsp;<\/p>\n<p>&nbsp;<\/p>\n<p>&nbsp;<\/p>\n<p>&nbsp;<\/p>\n<p>&nbsp;<\/p>\n<p>&nbsp;<\/p>\n","protected":false},"excerpt":{"rendered":"<p>Veja abaixo a rela\u00e7\u00e3o (em ordem alfab\u00e9tica) dos Grupos de Pesquisa liderados por professores do CPDA\/UFRRJ e cadastrados no Diret\u00f3rio <a class=\"read-more\" href=\"https:\/\/institucional.ufrrj.br\/portalcpda\/grupos-de-pesquisa\/ \" >&#8230; <span class=\"font-italic\">leia mais <i class=\"fas fa-angle-right\"><\/i><\/span><\/a><\/p>\n","protected":false},"author":634,"featured_media":0,"parent":0,"menu_order":0,"comment_status":"open","ping_status":"open","template":"","meta":{"_acf_changed":false,"footnotes":""},"class_list":["post-85","page","type-page","status-publish","hentry"],"yoast_head":"<!-- This site is optimized with the Yoast SEO plugin v27.2 - https:\/\/yoast.com\/product\/yoast-seo-wordpress\/ -->\n<title>Grupos de Pesquisa - CNPq - CPDA<\/title>\n<meta name=\"robots\" content=\"index, follow, max-snippet:-1, max-image-preview:large, max-video-preview:-1\" \/>\n<link rel=\"canonical\" href=\"https:\/\/institucional.ufrrj.br\/portalcpda\/grupos-de-pesquisa\/\" \/>\n<meta property=\"og:locale\" content=\"pt_BR\" \/>\n<meta property=\"og:type\" content=\"article\" \/>\n<meta property=\"og:title\" content=\"Grupos de Pesquisa - CNPq - CPDA\" \/>\n<meta property=\"og:description\" content=\"Veja abaixo a rela\u00e7\u00e3o (em ordem alfab\u00e9tica) dos Grupos de Pesquisa liderados por professores do CPDA\/UFRRJ e cadastrados no Diret\u00f3rio ... leia mais\" \/>\n<meta property=\"og:url\" content=\"https:\/\/institucional.ufrrj.br\/portalcpda\/grupos-de-pesquisa\/\" \/>\n<meta property=\"og:site_name\" content=\"CPDA\" \/>\n<meta property=\"article:modified_time\" content=\"2024-06-13T21:21:17+00:00\" \/>\n<meta name=\"twitter:card\" content=\"summary_large_image\" \/>\n<meta name=\"twitter:label1\" content=\"Est. tempo de leitura\" \/>\n\t<meta name=\"twitter:data1\" content=\"1 minuto\" \/>\n<script type=\"application\/ld+json\" class=\"yoast-schema-graph\">{\"@context\":\"https:\/\/schema.org\",\"@graph\":[{\"@type\":\"WebPage\",\"@id\":\"https:\/\/institucional.ufrrj.br\/portalcpda\/grupos-de-pesquisa\/\",\"url\":\"https:\/\/institucional.ufrrj.br\/portalcpda\/grupos-de-pesquisa\/\",\"name\":\"Grupos de Pesquisa - CNPq - CPDA\",\"isPartOf\":{\"@id\":\"https:\/\/institucional.ufrrj.br\/portalcpda\/#website\"},\"datePublished\":\"2011-07-05T16:44:21+00:00\",\"dateModified\":\"2024-06-13T21:21:17+00:00\",\"breadcrumb\":{\"@id\":\"https:\/\/institucional.ufrrj.br\/portalcpda\/grupos-de-pesquisa\/#breadcrumb\"},\"inLanguage\":\"pt-BR\",\"potentialAction\":[{\"@type\":\"ReadAction\",\"target\":[\"https:\/\/institucional.ufrrj.br\/portalcpda\/grupos-de-pesquisa\/\"]}]},{\"@type\":\"BreadcrumbList\",\"@id\":\"https:\/\/institucional.ufrrj.br\/portalcpda\/grupos-de-pesquisa\/#breadcrumb\",\"itemListElement\":[{\"@type\":\"ListItem\",\"position\":1,\"name\":\"In\u00edcio\",\"item\":\"https:\/\/institucional.ufrrj.br\/portalcpda\/\"},{\"@type\":\"ListItem\",\"position\":2,\"name\":\"Grupos de Pesquisa &#8211; CNPq\"}]},{\"@type\":\"WebSite\",\"@id\":\"https:\/\/institucional.ufrrj.br\/portalcpda\/#website\",\"url\":\"https:\/\/institucional.ufrrj.br\/portalcpda\/\",\"name\":\"CPDA\",\"description\":\"institucional.ufrrj.br\",\"potentialAction\":[{\"@type\":\"SearchAction\",\"target\":{\"@type\":\"EntryPoint\",\"urlTemplate\":\"https:\/\/institucional.ufrrj.br\/portalcpda\/?s={search_term_string}\"},\"query-input\":{\"@type\":\"PropertyValueSpecification\",\"valueRequired\":true,\"valueName\":\"search_term_string\"}}],\"inLanguage\":\"pt-BR\"}]}<\/script>\n<!-- \/ Yoast SEO plugin. -->","yoast_head_json":{"title":"Grupos de Pesquisa - CNPq - CPDA","robots":{"index":"index","follow":"follow","max-snippet":"max-snippet:-1","max-image-preview":"max-image-preview:large","max-video-preview":"max-video-preview:-1"},"canonical":"https:\/\/institucional.ufrrj.br\/portalcpda\/grupos-de-pesquisa\/","og_locale":"pt_BR","og_type":"article","og_title":"Grupos de Pesquisa - CNPq - CPDA","og_description":"Veja abaixo a rela\u00e7\u00e3o (em ordem alfab\u00e9tica) dos Grupos de Pesquisa liderados por professores do CPDA\/UFRRJ e cadastrados no Diret\u00f3rio ... leia mais","og_url":"https:\/\/institucional.ufrrj.br\/portalcpda\/grupos-de-pesquisa\/","og_site_name":"CPDA","article_modified_time":"2024-06-13T21:21:17+00:00","twitter_card":"summary_large_image","twitter_misc":{"Est. tempo de leitura":"1 minuto"},"schema":{"@context":"https:\/\/schema.org","@graph":[{"@type":"WebPage","@id":"https:\/\/institucional.ufrrj.br\/portalcpda\/grupos-de-pesquisa\/","url":"https:\/\/institucional.ufrrj.br\/portalcpda\/grupos-de-pesquisa\/","name":"Grupos de Pesquisa - CNPq - CPDA","isPartOf":{"@id":"https:\/\/institucional.ufrrj.br\/portalcpda\/#website"},"datePublished":"2011-07-05T16:44:21+00:00","dateModified":"2024-06-13T21:21:17+00:00","breadcrumb":{"@id":"https:\/\/institucional.ufrrj.br\/portalcpda\/grupos-de-pesquisa\/#breadcrumb"},"inLanguage":"pt-BR","potentialAction":[{"@type":"ReadAction","target":["https:\/\/institucional.ufrrj.br\/portalcpda\/grupos-de-pesquisa\/"]}]},{"@type":"BreadcrumbList","@id":"https:\/\/institucional.ufrrj.br\/portalcpda\/grupos-de-pesquisa\/#breadcrumb","itemListElement":[{"@type":"ListItem","position":1,"name":"In\u00edcio","item":"https:\/\/institucional.ufrrj.br\/portalcpda\/"},{"@type":"ListItem","position":2,"name":"Grupos de Pesquisa &#8211; CNPq"}]},{"@type":"WebSite","@id":"https:\/\/institucional.ufrrj.br\/portalcpda\/#website","url":"https:\/\/institucional.ufrrj.br\/portalcpda\/","name":"CPDA","description":"institucional.ufrrj.br","potentialAction":[{"@type":"SearchAction","target":{"@type":"EntryPoint","urlTemplate":"https:\/\/institucional.ufrrj.br\/portalcpda\/?s={search_term_string}"},"query-input":{"@type":"PropertyValueSpecification","valueRequired":true,"valueName":"search_term_string"}}],"inLanguage":"pt-BR"}]}},"acf":[],"_links":{"self":[{"href":"https:\/\/institucional.ufrrj.br\/portalcpda\/wp-json\/wp\/v2\/pages\/85","targetHints":{"allow":["GET"]}}],"collection":[{"href":"https:\/\/institucional.ufrrj.br\/portalcpda\/wp-json\/wp\/v2\/pages"}],"about":[{"href":"https:\/\/institucional.ufrrj.br\/portalcpda\/wp-json\/wp\/v2\/types\/page"}],"author":[{"embeddable":true,"href":"https:\/\/institucional.ufrrj.br\/portalcpda\/wp-json\/wp\/v2\/users\/634"}],"replies":[{"embeddable":true,"href":"https:\/\/institucional.ufrrj.br\/portalcpda\/wp-json\/wp\/v2\/comments?post=85"}],"version-history":[{"count":14,"href":"https:\/\/institucional.ufrrj.br\/portalcpda\/wp-json\/wp\/v2\/pages\/85\/revisions"}],"predecessor-version":[{"id":25722,"href":"https:\/\/institucional.ufrrj.br\/portalcpda\/wp-json\/wp\/v2\/pages\/85\/revisions\/25722"}],"wp:attachment":[{"href":"https:\/\/institucional.ufrrj.br\/portalcpda\/wp-json\/wp\/v2\/media?parent=85"}],"curies":[{"name":"wp","href":"https:\/\/api.w.org\/{rel}","templated":true}]}}