{"id":83,"date":"2011-07-05T16:44:02","date_gmt":"2011-07-05T16:44:02","guid":{"rendered":"http:\/\/r1.ufrrj.br\/cpda\/?page_id=83"},"modified":"2021-08-18T11:01:28","modified_gmt":"2021-08-18T14:01:28","slug":"linhas-de-pesquisa","status":"publish","type":"page","link":"https:\/\/institucional.ufrrj.br\/portalcpda\/linhas-de-pesquisa\/","title":{"rendered":"Linhas de Pesquisa"},"content":{"rendered":"<p>O CPDA possui 6 Linhas de Pesquisa:<\/p>\n<ul>\n<li><a title=\"Estudos de Cultura e Mundo Rural\" href=\"https:\/\/institucional.ufrrj.br\/portalcpda\/linhas-de-pesquisa\/estudos-de-cultura-e-mundo-rural\/\" rel=\"nofollow\">Estudos de Cultura e Mundo Rural<\/a><\/li>\n<li><a title=\"Institui\u00e7\u00f5es, mercados e regula\u00e7\u00e3o\" href=\"https:\/\/institucional.ufrrj.br\/portalcpda\/instituicoes-mercados-e-regulacao\/\" rel=\"nofollow\">Institui\u00e7\u00f5es, mercados e regula\u00e7\u00e3o<\/a><\/li>\n<li><a title=\"Conflitos, movimentos sociais e representa\u00e7\u00e3o pol\u00edtica\" href=\"https:\/\/institucional.ufrrj.br\/portalcpda\/conflitos-movimentos-sociais-e-representacao-politica\/\" rel=\"nofollow\">Conflitos, movimentos sociais e representa\u00e7\u00e3o pol\u00edtica<\/a><\/li>\n<li><a title=\"Pol\u00edticas p\u00fablicas, Estado e atores sociais\" href=\"https:\/\/institucional.ufrrj.br\/portalcpda\/politicas-publicas-estado-e-atores-sociais\/\" rel=\"nofollow\">Pol\u00edticas p\u00fablicas, Estado e atores sociais<\/a><\/li>\n<li><a title=\"Natureza, ci\u00eancia e saberes\" href=\"https:\/\/institucional.ufrrj.br\/portalcpda\/natureza-ciencia-e-saberes\/\" rel=\"nofollow\">Natureza, ci\u00eancia e saberes<\/a><\/li>\n<li><a title=\"Terra, Poder e Territ\u00f3rio\" href=\"https:\/\/institucional.ufrrj.br\/portalcpda\/terra-poder-e-territorio\/\" rel=\"nofollow\">Terra, Poder e Territ\u00f3rio<\/a><\/li>\n<\/ul>\n<p>&nbsp;<\/p>\n<p>Apresenta\u00e7\u00e3o do CPDA \u2013 2021<\/p>\n<p><iframe loading=\"lazy\" title=\"Apresenta\u00e7\u00e3o do CPDA - 2021\" width=\"500\" height=\"375\" src=\"https:\/\/www.youtube.com\/embed\/SaNFU2isIdY?feature=oembed\" frameborder=\"0\" allow=\"accelerometer; autoplay; clipboard-write; encrypted-media; gyroscope; picture-in-picture; web-share\" referrerpolicy=\"strict-origin-when-cross-origin\" allowfullscreen><\/iframe><\/p>\n<p>&nbsp;<\/p>\n<p>&nbsp;<\/p>\n","protected":false},"excerpt":{"rendered":"<p>O CPDA possui 6 Linhas de Pesquisa: Estudos de Cultura e Mundo Rural Institui\u00e7\u00f5es, mercados e regula\u00e7\u00e3o Conflitos, movimentos sociais <a class=\"read-more\" href=\"https:\/\/institucional.ufrrj.br\/portalcpda\/linhas-de-pesquisa\/ \" >&#8230; <span class=\"font-italic\">leia mais <i class=\"fas fa-angle-right\"><\/i><\/span><\/a><\/p>\n","protected":false},"author":634,"featured_media":0,"parent":0,"menu_order":0,"comment_status":"open","ping_status":"open","template":"","meta":{"_acf_changed":false,"footnotes":""},"class_list":["post-83","page","type-page","status-publish","hentry"],"yoast_head":"<!-- This site is optimized with the Yoast SEO plugin v27.2 - https:\/\/yoast.com\/product\/yoast-seo-wordpress\/ -->\n<title>Linhas de Pesquisa - CPDA<\/title>\n<meta name=\"robots\" content=\"index, follow, max-snippet:-1, max-image-preview:large, max-video-preview:-1\" \/>\n<link rel=\"canonical\" href=\"https:\/\/institucional.ufrrj.br\/portalcpda\/linhas-de-pesquisa\/\" \/>\n<meta property=\"og:locale\" content=\"pt_BR\" \/>\n<meta property=\"og:type\" content=\"article\" \/>\n<meta property=\"og:title\" content=\"Linhas de Pesquisa - CPDA\" \/>\n<meta property=\"og:description\" content=\"O CPDA possui 6 Linhas de Pesquisa: Estudos de Cultura e Mundo Rural Institui\u00e7\u00f5es, mercados e regula\u00e7\u00e3o Conflitos, movimentos sociais ... leia mais\" \/>\n<meta property=\"og:url\" content=\"https:\/\/institucional.ufrrj.br\/portalcpda\/linhas-de-pesquisa\/\" \/>\n<meta property=\"og:site_name\" content=\"CPDA\" \/>\n<meta property=\"article:modified_time\" content=\"2021-08-18T14:01:28+00:00\" \/>\n<meta name=\"twitter:card\" content=\"summary_large_image\" \/>\n<script type=\"application\/ld+json\" class=\"yoast-schema-graph\">{\"@context\":\"https:\/\/schema.org\",\"@graph\":[{\"@type\":\"WebPage\",\"@id\":\"https:\/\/institucional.ufrrj.br\/portalcpda\/linhas-de-pesquisa\/\",\"url\":\"https:\/\/institucional.ufrrj.br\/portalcpda\/linhas-de-pesquisa\/\",\"name\":\"Linhas de Pesquisa - CPDA\",\"isPartOf\":{\"@id\":\"https:\/\/institucional.ufrrj.br\/portalcpda\/#website\"},\"datePublished\":\"2011-07-05T16:44:02+00:00\",\"dateModified\":\"2021-08-18T14:01:28+00:00\",\"breadcrumb\":{\"@id\":\"https:\/\/institucional.ufrrj.br\/portalcpda\/linhas-de-pesquisa\/#breadcrumb\"},\"inLanguage\":\"pt-BR\",\"potentialAction\":[{\"@type\":\"ReadAction\",\"target\":[\"https:\/\/institucional.ufrrj.br\/portalcpda\/linhas-de-pesquisa\/\"]}]},{\"@type\":\"BreadcrumbList\",\"@id\":\"https:\/\/institucional.ufrrj.br\/portalcpda\/linhas-de-pesquisa\/#breadcrumb\",\"itemListElement\":[{\"@type\":\"ListItem\",\"position\":1,\"name\":\"In\u00edcio\",\"item\":\"https:\/\/institucional.ufrrj.br\/portalcpda\/\"},{\"@type\":\"ListItem\",\"position\":2,\"name\":\"Linhas de Pesquisa\"}]},{\"@type\":\"WebSite\",\"@id\":\"https:\/\/institucional.ufrrj.br\/portalcpda\/#website\",\"url\":\"https:\/\/institucional.ufrrj.br\/portalcpda\/\",\"name\":\"CPDA\",\"description\":\"institucional.ufrrj.br\",\"potentialAction\":[{\"@type\":\"SearchAction\",\"target\":{\"@type\":\"EntryPoint\",\"urlTemplate\":\"https:\/\/institucional.ufrrj.br\/portalcpda\/?s={search_term_string}\"},\"query-input\":{\"@type\":\"PropertyValueSpecification\",\"valueRequired\":true,\"valueName\":\"search_term_string\"}}],\"inLanguage\":\"pt-BR\"}]}<\/script>\n<!-- \/ Yoast SEO plugin. -->","yoast_head_json":{"title":"Linhas de Pesquisa - CPDA","robots":{"index":"index","follow":"follow","max-snippet":"max-snippet:-1","max-image-preview":"max-image-preview:large","max-video-preview":"max-video-preview:-1"},"canonical":"https:\/\/institucional.ufrrj.br\/portalcpda\/linhas-de-pesquisa\/","og_locale":"pt_BR","og_type":"article","og_title":"Linhas de Pesquisa - CPDA","og_description":"O CPDA possui 6 Linhas de Pesquisa: Estudos de Cultura e Mundo Rural Institui\u00e7\u00f5es, mercados e regula\u00e7\u00e3o Conflitos, movimentos sociais ... leia mais","og_url":"https:\/\/institucional.ufrrj.br\/portalcpda\/linhas-de-pesquisa\/","og_site_name":"CPDA","article_modified_time":"2021-08-18T14:01:28+00:00","twitter_card":"summary_large_image","schema":{"@context":"https:\/\/schema.org","@graph":[{"@type":"WebPage","@id":"https:\/\/institucional.ufrrj.br\/portalcpda\/linhas-de-pesquisa\/","url":"https:\/\/institucional.ufrrj.br\/portalcpda\/linhas-de-pesquisa\/","name":"Linhas de Pesquisa - CPDA","isPartOf":{"@id":"https:\/\/institucional.ufrrj.br\/portalcpda\/#website"},"datePublished":"2011-07-05T16:44:02+00:00","dateModified":"2021-08-18T14:01:28+00:00","breadcrumb":{"@id":"https:\/\/institucional.ufrrj.br\/portalcpda\/linhas-de-pesquisa\/#breadcrumb"},"inLanguage":"pt-BR","potentialAction":[{"@type":"ReadAction","target":["https:\/\/institucional.ufrrj.br\/portalcpda\/linhas-de-pesquisa\/"]}]},{"@type":"BreadcrumbList","@id":"https:\/\/institucional.ufrrj.br\/portalcpda\/linhas-de-pesquisa\/#breadcrumb","itemListElement":[{"@type":"ListItem","position":1,"name":"In\u00edcio","item":"https:\/\/institucional.ufrrj.br\/portalcpda\/"},{"@type":"ListItem","position":2,"name":"Linhas de Pesquisa"}]},{"@type":"WebSite","@id":"https:\/\/institucional.ufrrj.br\/portalcpda\/#website","url":"https:\/\/institucional.ufrrj.br\/portalcpda\/","name":"CPDA","description":"institucional.ufrrj.br","potentialAction":[{"@type":"SearchAction","target":{"@type":"EntryPoint","urlTemplate":"https:\/\/institucional.ufrrj.br\/portalcpda\/?s={search_term_string}"},"query-input":{"@type":"PropertyValueSpecification","valueRequired":true,"valueName":"search_term_string"}}],"inLanguage":"pt-BR"}]}},"acf":[],"_links":{"self":[{"href":"https:\/\/institucional.ufrrj.br\/portalcpda\/wp-json\/wp\/v2\/pages\/83","targetHints":{"allow":["GET"]}}],"collection":[{"href":"https:\/\/institucional.ufrrj.br\/portalcpda\/wp-json\/wp\/v2\/pages"}],"about":[{"href":"https:\/\/institucional.ufrrj.br\/portalcpda\/wp-json\/wp\/v2\/types\/page"}],"author":[{"embeddable":true,"href":"https:\/\/institucional.ufrrj.br\/portalcpda\/wp-json\/wp\/v2\/users\/634"}],"replies":[{"embeddable":true,"href":"https:\/\/institucional.ufrrj.br\/portalcpda\/wp-json\/wp\/v2\/comments?post=83"}],"version-history":[{"count":4,"href":"https:\/\/institucional.ufrrj.br\/portalcpda\/wp-json\/wp\/v2\/pages\/83\/revisions"}],"predecessor-version":[{"id":21719,"href":"https:\/\/institucional.ufrrj.br\/portalcpda\/wp-json\/wp\/v2\/pages\/83\/revisions\/21719"}],"wp:attachment":[{"href":"https:\/\/institucional.ufrrj.br\/portalcpda\/wp-json\/wp\/v2\/media?parent=83"}],"curies":[{"name":"wp","href":"https:\/\/api.w.org\/{rel}","templated":true}]}}