{"id":79,"date":"2011-07-05T16:43:23","date_gmt":"2011-07-05T16:43:23","guid":{"rendered":"http:\/\/r1.ufrrj.br\/cpda\/?page_id=79"},"modified":"2018-08-08T18:02:22","modified_gmt":"2018-08-08T21:02:22","slug":"estagio-docente","status":"publish","type":"page","link":"https:\/\/institucional.ufrrj.br\/portalcpda\/estagio-docente\/","title":{"rendered":"Est\u00e1gio de Doc\u00eancia &#8211; IH 1554"},"content":{"rendered":"<p><span style=\"color: #888888\">O Est\u00e1gio de Doc\u00eancia \u00e9 uma das <strong>disciplinas <\/strong>(IH-1554) oferecidas pelo CPDA\/UFRRJ e vale 1 cr\u00e9dito. A coordena\u00e7\u00e3o da mesma est\u00e1 sob a responsabilidade da <\/span><a title=\"F\u00e1tima Portilho\" href=\"http:\/\/r1.ufrrj.br\/cpda\/blog\/docentes\/fatima-portilho\/\" rel=\"nofollow\"><span style=\"color: #888888\">Prof\u00aa. F\u00e1tima Portilho<\/span><\/a><span style=\"color: #888888\">.<\/span><\/p>\n<p><span style=\"color: #888888\">O Est\u00e1gio de Doc\u00eancia \u00e9 considerado parte integrante da forma\u00e7\u00e3o do p\u00f3s-graduando e tem por objetivo a prepara\u00e7\u00e3o para a doc\u00eancia e a qualifica\u00e7\u00e3o para o ensino em cursos de gradua\u00e7\u00e3o.<\/span><\/p>\n<p><span style=\"color: #888888\">Os doutorandos do CPDA com bolsa Capes devem realizar <strong>Est\u00e1gio de Doc\u00eancia obrigat\u00f3rio<\/strong>, por dois semestres, com carga hor\u00e1ria m\u00e1xima semanal de 04 horas, de acordo com a regulamenta\u00e7\u00e3o desta ag\u00eancia (abaixo).<\/span><\/p>\n<p><span style=\"color: #888888\"><a href=\"https:\/\/institucional.ufrrj.br\/portalcpda\/files\/2011\/07\/portaria_capes_076_regulamento_DS-1.pdf\" target=\"_blank\" rel=\"nofollow noopener\">Portaria_capes_076_regulamento_DS<\/a><\/span><\/p>\n<p><span style=\"color: #888888\">Doutorandos Capes que tenham comprova\u00e7\u00e3o de doc\u00eancia em cursos de gradua\u00e7\u00e3o podem enviar solicita\u00e7\u00e3o de <\/span><strong>Dispensa do Est\u00e1gio de Doc\u00eancia<\/strong><span style=\"color: #888888\"> ao Colegiado Executivo do CPDA, anexando a documenta\u00e7\u00e3o comprobat\u00f3ria (contracheque, carteira de trabalho, declara\u00e7\u00e3o\u00a0etc.) e o &#8220;de acordo&#8221; do orientador.<\/span><\/p>\n<p><span style=\"color: #888888\">Para os demais alunos este est\u00e1gio \u00e9 <strong>opcional<\/strong>.<\/span><\/p>\n<p><span style=\"color: #888888\">As atividades do Est\u00e1gio de Doc\u00eancia dever\u00e3o ser compat\u00edveis com a \u00e1rea de pesquisa do p\u00f3s-graduando.<\/span><\/p>\n<h3>Informa\u00e7\u00f5es e procedimentos:<\/h3>\n<ul>\n<li><span style=\"color: #808080\">O Est\u00e1gio de Doc\u00eancia deve ser feito, preferencialmente, com os professores do CPDA\/DDAS em suas aulas nos cursos de gradua\u00e7\u00e3o da UFRRJ, em Serop\u00e9dica.<\/span><\/li>\n<li><span style=\"color: #808080\">Consulte abaixo a grade das disciplinas ministradas nos cursos de gradua\u00e7\u00e3o da UFRRJ pelos professores do DDAS\/CPDA no segundo semestre de 2018.<\/span><\/li>\n<\/ul>\n<p><a href=\"https:\/\/institucional.ufrrj.br\/portalcpda\/files\/2018\/08\/DDAS-na-Gradua\u00e7\u00e3o-2018-2.pdf\" target=\"_blank\" rel=\"noopener\">Grade de Disciplinas do DDAS na Gradua\u00e7\u00e3o da UFRRJ &#8211; 2018.2<\/a><\/p>\n<p><span style=\"color: #888888\">O segundo semestre de 2018 nos cursos de gradua\u00e7\u00e3o da UFFRJ\u00a0vai de 06\/08 a 15\/12\/2018.<\/span><\/p>\n<ul>\n<li><span style=\"color: #808080\">Alternativamente, o est\u00e1gio pode ser feito com professores de outros departamentos da\u00a0UFRRJ, ou mesmo de outras Institui\u00e7\u00f5es de Ensino Superior. Nestes casos, os interessados devem enviar, por email, uma solicita\u00e7\u00e3o de autoriza\u00e7\u00e3o \u00e0 Profa. respons\u00e1vel pela disciplina Est\u00e1gio de Doc\u00eancia (F\u00e1tima Portilho &#8211; faportilho@yahoo.com.br), com c\u00f3pia para seu orientador e todas as informa\u00e7\u00f5es sobre o est\u00e1gio (universidade, departamento, nome e ementa da disciplina e nome do professor com o qual pretende fazer est\u00e1gio);<\/span><\/li>\n<\/ul>\n<ul>\n<li><span style=\"color: #808080\">Os interessados <strong>devem se matricular na disciplina Est\u00e1gio de Doc\u00eancia<\/strong>, no per\u00edodo de matr\u00edculas do CPDA. Paralelamente,\u00a0devem escolher onde e com quem querem fazer o est\u00e1gio, contatando diretamente o professor <\/span><span style=\"color: #888888\">respons\u00e1vel pela disciplina<\/span><span style=\"color: #808080\"><span style=\"color: #888888\">, ofer<\/span>ecendo-se para o est\u00e1gio e acertando com ele como ser\u00e3o as atividades;<\/span><\/li>\n<\/ul>\n<ul>\n<li><span style=\"color: #808080\">Ao final do est\u00e1gio, o aluno deve entregar \u00e0 Profa. F\u00e1tima Portilho um breve relat\u00f3rio (n\u00e3o h\u00e1 um modelo espec\u00edfico) descrevendo as atividades desenvolvidas e a carga hor\u00e1ria do est\u00e1gio, al\u00e9m da assinatura e da avalia\u00e7\u00e3o (\u201cS\u201d para satisfat\u00f3rio e \u201cNS\u201d para n\u00e3o satisfat\u00f3rio) do professor da disciplina na qual o est\u00e1gio foi realizado<\/span><span style=\"color: #808080\">;<\/span><\/li>\n<\/ul>\n<ul>\n<li><span style=\"color: #888888\">Caso haja alguma d\u00favida ou sugest\u00e3o, devem contatar a <\/span><a title=\"F\u00e1tima Portilho\" href=\"http:\/\/r1.ufrrj.br\/cpda\/blog\/docentes\/fatima-portilho\/\" rel=\"nofollow\"><span style=\"color: #888888\">Profa F\u00e1tima Portilho<\/span><\/a><span style=\"color: #888888\">.<\/span><\/li>\n<\/ul>\n<p><span style=\"font-family: Book Antiqua;font-size: small\">\u00a0<\/span><\/p>\n","protected":false},"excerpt":{"rendered":"<p>O Est\u00e1gio de Doc\u00eancia \u00e9 uma das disciplinas (IH-1554) oferecidas pelo CPDA\/UFRRJ e vale 1 cr\u00e9dito. A coordena\u00e7\u00e3o da mesma <a class=\"read-more\" href=\"https:\/\/institucional.ufrrj.br\/portalcpda\/estagio-docente\/ \" >&#8230; <span class=\"font-italic\">leia mais <i class=\"fas fa-angle-right\"><\/i><\/span><\/a><\/p>\n","protected":false},"author":634,"featured_media":0,"parent":0,"menu_order":0,"comment_status":"open","ping_status":"open","template":"","meta":{"_acf_changed":false,"footnotes":""},"class_list":["post-79","page","type-page","status-publish","hentry"],"yoast_head":"<!-- This site is optimized with the Yoast SEO plugin v27.2 - https:\/\/yoast.com\/product\/yoast-seo-wordpress\/ -->\n<title>Est\u00e1gio de Doc\u00eancia - IH 1554 - CPDA<\/title>\n<meta name=\"robots\" content=\"index, follow, max-snippet:-1, max-image-preview:large, max-video-preview:-1\" \/>\n<link rel=\"canonical\" href=\"https:\/\/institucional.ufrrj.br\/portalcpda\/estagio-docente\/\" \/>\n<meta property=\"og:locale\" content=\"pt_BR\" \/>\n<meta property=\"og:type\" content=\"article\" \/>\n<meta property=\"og:title\" content=\"Est\u00e1gio de Doc\u00eancia - IH 1554 - CPDA\" \/>\n<meta property=\"og:description\" content=\"O Est\u00e1gio de Doc\u00eancia \u00e9 uma das disciplinas (IH-1554) oferecidas pelo CPDA\/UFRRJ e vale 1 cr\u00e9dito. A coordena\u00e7\u00e3o da mesma ... leia mais\" \/>\n<meta property=\"og:url\" content=\"https:\/\/institucional.ufrrj.br\/portalcpda\/estagio-docente\/\" \/>\n<meta property=\"og:site_name\" content=\"CPDA\" \/>\n<meta property=\"article:modified_time\" content=\"2018-08-08T21:02:22+00:00\" \/>\n<meta name=\"twitter:card\" content=\"summary_large_image\" \/>\n<meta name=\"twitter:label1\" content=\"Est. tempo de leitura\" \/>\n\t<meta name=\"twitter:data1\" content=\"2 minutos\" \/>\n<script type=\"application\/ld+json\" class=\"yoast-schema-graph\">{\"@context\":\"https:\/\/schema.org\",\"@graph\":[{\"@type\":\"WebPage\",\"@id\":\"https:\/\/institucional.ufrrj.br\/portalcpda\/estagio-docente\/\",\"url\":\"https:\/\/institucional.ufrrj.br\/portalcpda\/estagio-docente\/\",\"name\":\"Est\u00e1gio de Doc\u00eancia - IH 1554 - CPDA\",\"isPartOf\":{\"@id\":\"https:\/\/institucional.ufrrj.br\/portalcpda\/#website\"},\"datePublished\":\"2011-07-05T16:43:23+00:00\",\"dateModified\":\"2018-08-08T21:02:22+00:00\",\"breadcrumb\":{\"@id\":\"https:\/\/institucional.ufrrj.br\/portalcpda\/estagio-docente\/#breadcrumb\"},\"inLanguage\":\"pt-BR\",\"potentialAction\":[{\"@type\":\"ReadAction\",\"target\":[\"https:\/\/institucional.ufrrj.br\/portalcpda\/estagio-docente\/\"]}]},{\"@type\":\"BreadcrumbList\",\"@id\":\"https:\/\/institucional.ufrrj.br\/portalcpda\/estagio-docente\/#breadcrumb\",\"itemListElement\":[{\"@type\":\"ListItem\",\"position\":1,\"name\":\"In\u00edcio\",\"item\":\"https:\/\/institucional.ufrrj.br\/portalcpda\/\"},{\"@type\":\"ListItem\",\"position\":2,\"name\":\"Est\u00e1gio de Doc\u00eancia &#8211; IH 1554\"}]},{\"@type\":\"WebSite\",\"@id\":\"https:\/\/institucional.ufrrj.br\/portalcpda\/#website\",\"url\":\"https:\/\/institucional.ufrrj.br\/portalcpda\/\",\"name\":\"CPDA\",\"description\":\"institucional.ufrrj.br\",\"potentialAction\":[{\"@type\":\"SearchAction\",\"target\":{\"@type\":\"EntryPoint\",\"urlTemplate\":\"https:\/\/institucional.ufrrj.br\/portalcpda\/?s={search_term_string}\"},\"query-input\":{\"@type\":\"PropertyValueSpecification\",\"valueRequired\":true,\"valueName\":\"search_term_string\"}}],\"inLanguage\":\"pt-BR\"}]}<\/script>\n<!-- \/ Yoast SEO plugin. -->","yoast_head_json":{"title":"Est\u00e1gio de Doc\u00eancia - IH 1554 - CPDA","robots":{"index":"index","follow":"follow","max-snippet":"max-snippet:-1","max-image-preview":"max-image-preview:large","max-video-preview":"max-video-preview:-1"},"canonical":"https:\/\/institucional.ufrrj.br\/portalcpda\/estagio-docente\/","og_locale":"pt_BR","og_type":"article","og_title":"Est\u00e1gio de Doc\u00eancia - IH 1554 - CPDA","og_description":"O Est\u00e1gio de Doc\u00eancia \u00e9 uma das disciplinas (IH-1554) oferecidas pelo CPDA\/UFRRJ e vale 1 cr\u00e9dito. A coordena\u00e7\u00e3o da mesma ... leia mais","og_url":"https:\/\/institucional.ufrrj.br\/portalcpda\/estagio-docente\/","og_site_name":"CPDA","article_modified_time":"2018-08-08T21:02:22+00:00","twitter_card":"summary_large_image","twitter_misc":{"Est. tempo de leitura":"2 minutos"},"schema":{"@context":"https:\/\/schema.org","@graph":[{"@type":"WebPage","@id":"https:\/\/institucional.ufrrj.br\/portalcpda\/estagio-docente\/","url":"https:\/\/institucional.ufrrj.br\/portalcpda\/estagio-docente\/","name":"Est\u00e1gio de Doc\u00eancia - IH 1554 - CPDA","isPartOf":{"@id":"https:\/\/institucional.ufrrj.br\/portalcpda\/#website"},"datePublished":"2011-07-05T16:43:23+00:00","dateModified":"2018-08-08T21:02:22+00:00","breadcrumb":{"@id":"https:\/\/institucional.ufrrj.br\/portalcpda\/estagio-docente\/#breadcrumb"},"inLanguage":"pt-BR","potentialAction":[{"@type":"ReadAction","target":["https:\/\/institucional.ufrrj.br\/portalcpda\/estagio-docente\/"]}]},{"@type":"BreadcrumbList","@id":"https:\/\/institucional.ufrrj.br\/portalcpda\/estagio-docente\/#breadcrumb","itemListElement":[{"@type":"ListItem","position":1,"name":"In\u00edcio","item":"https:\/\/institucional.ufrrj.br\/portalcpda\/"},{"@type":"ListItem","position":2,"name":"Est\u00e1gio de Doc\u00eancia &#8211; IH 1554"}]},{"@type":"WebSite","@id":"https:\/\/institucional.ufrrj.br\/portalcpda\/#website","url":"https:\/\/institucional.ufrrj.br\/portalcpda\/","name":"CPDA","description":"institucional.ufrrj.br","potentialAction":[{"@type":"SearchAction","target":{"@type":"EntryPoint","urlTemplate":"https:\/\/institucional.ufrrj.br\/portalcpda\/?s={search_term_string}"},"query-input":{"@type":"PropertyValueSpecification","valueRequired":true,"valueName":"search_term_string"}}],"inLanguage":"pt-BR"}]}},"acf":[],"_links":{"self":[{"href":"https:\/\/institucional.ufrrj.br\/portalcpda\/wp-json\/wp\/v2\/pages\/79","targetHints":{"allow":["GET"]}}],"collection":[{"href":"https:\/\/institucional.ufrrj.br\/portalcpda\/wp-json\/wp\/v2\/pages"}],"about":[{"href":"https:\/\/institucional.ufrrj.br\/portalcpda\/wp-json\/wp\/v2\/types\/page"}],"author":[{"embeddable":true,"href":"https:\/\/institucional.ufrrj.br\/portalcpda\/wp-json\/wp\/v2\/users\/634"}],"replies":[{"embeddable":true,"href":"https:\/\/institucional.ufrrj.br\/portalcpda\/wp-json\/wp\/v2\/comments?post=79"}],"version-history":[{"count":3,"href":"https:\/\/institucional.ufrrj.br\/portalcpda\/wp-json\/wp\/v2\/pages\/79\/revisions"}],"predecessor-version":[{"id":14950,"href":"https:\/\/institucional.ufrrj.br\/portalcpda\/wp-json\/wp\/v2\/pages\/79\/revisions\/14950"}],"wp:attachment":[{"href":"https:\/\/institucional.ufrrj.br\/portalcpda\/wp-json\/wp\/v2\/media?parent=79"}],"curies":[{"name":"wp","href":"https:\/\/api.w.org\/{rel}","templated":true}]}}