{"id":77,"date":"2011-07-05T16:42:59","date_gmt":"2011-07-05T16:42:59","guid":{"rendered":"http:\/\/r1.ufrrj.br\/cpda\/?page_id=77"},"modified":"2026-02-09T16:30:38","modified_gmt":"2026-02-09T19:30:38","slug":"normas","status":"publish","type":"page","link":"https:\/\/institucional.ufrrj.br\/portalcpda\/normas\/","title":{"rendered":"Normas Institucionais"},"content":{"rendered":"<p><strong>Normas da UFRRJ<\/strong><\/p>\n<p><a href=\"https:\/\/institucional.ufrrj.br\/biblioteca\/2026\/01\/13\/manual-para-trabalhos-finais-de-curso\/\" target=\"_blank\" rel=\"nofollow noopener noreferrer\">NOVO Manual de instru\u00e7\u00f5es para organiza\u00e7\u00e3o e apresenta\u00e7\u00e3o de Disserta\u00e7\u00f5es e Teses na UFRRJ<\/a><br \/>\n(Elaborado pela UFRRJ em 2025) &#8211; J\u00e1 v\u00e1lido e OBRIGAT\u00d3RIO para todos os trabalhos entregues ap\u00f3s 31 de maio de 2026<\/p>\n<p><a href=\"https:\/\/institucional.ufrrj.br\/portalcpda\/files\/2011\/07\/manual_teses_ufrrj.pdf\" target=\"_blank\" rel=\"nofollow noopener noreferrer\">Manual de instru\u00e7\u00f5es para organiza\u00e7\u00e3o e apresenta\u00e7\u00e3o de Disserta\u00e7\u00f5es e Teses na UFRRJ<\/a><br \/>\n(Aprovado pelo Colegiado Pleno do CPDA\/UFRRJ em maio de 2006) &#8211; V\u00e1lido somente para trabalhos entregues at\u00e9 31 de maio de 2026<\/p>\n<p><a href=\"https:\/\/institucional.ufrrj.br\/portalcpda\/files\/2011\/07\/Resolu\u00e7\u00e3o-Regulamento-do-p\u00f3s-doutorada-da-UFRRJ.pdf\" target=\"_blank\" rel=\"nofollow noopener noreferrer\">Regulamento do P\u00f3s-Doutorado da UFRRJ<\/a><br \/>\n(Aprovado pela C\u00e2mara de P\u00f3s-Gradua\u00e7\u00e3o da UFRRJ\u00a0em 29\/10\/2014)<\/p>\n<p><a href=\"https:\/\/institucional.ufrrj.br\/portalcpda\/files\/2011\/07\/Regulamento-da-Revalida\u00e7\u00e3o-de-Diplomas-Estrangeiros.pdf\" target=\"_blank\" rel=\"nofollow noopener noreferrer\">Regulamento da Revalida\u00e7\u00e3o de Diplomas Estrangeiros<\/a><br \/>\n(Aprovado pela C\u00e2mara de P\u00f3s-Gradua\u00e7\u00e3o da UFRRJ\u00a0em 12\/5\/2016)<\/p>\n<p><a href=\"https:\/\/institucional.ufrrj.br\/portalcpda\/files\/2026\/02\/Regulamento-dos-Programas-de-Pos-Graduacao-Stricto-Sensu-da-UFRRJ-2023.pdf\" target=\"_blank\" rel=\"noopener\">Regulamento dos Programas de P\u00f3s-Gradua\u00e7\u00e3o Stricto Sensu da UFRRJ<\/a><br \/>\n(Aprovado pela C\u00e2mara de P\u00f3s-Gradua\u00e7\u00e3o da UFRRJ em 25\/10\/2023)<\/p>\n<p><a href=\"https:\/\/institucional.ufrrj.br\/portalcpda\/files\/2021\/12\/Conduta-discente-Delibera\u00e7\u00e3o-45-2018-do-Consu.pdf\" target=\"_blank\" rel=\"noopener noreferrer\">Conduta Discente \u2013 Delibera\u00e7\u00e3o 45-2018 do Consu<\/a><\/p>\n<p>&nbsp;<\/p>\n<p><strong>Normas do CPDA<\/strong><\/p>\n<p><a href=\"https:\/\/institucional.ufrrj.br\/portalcpda\/files\/2011\/07\/Regimento-CPDA.pdf\" target=\"_blank\" rel=\"nofollow noopener noreferrer\">Regimento do CPDA<\/a> (para turmas que ingressaram at\u00e9 2020)<br \/>\n(Aprovado pelo Colegiado Pleno do CPDA\/UFRRJ em 11\/06\/2014; Aprovado pela C\u00e2mara de P\u00f3s-Gradua\u00e7\u00e3o em 19\/11\/2014)<\/p>\n<p><a href=\"https:\/\/institucional.ufrrj.br\/portalcpda\/files\/2020\/07\/Regimento-CPDA-aprovado-no-CEPE-23-06-2020.pdf\">Regimento do CPDA<\/a> (para turmas que ingressaram a partir de 2021)<br \/>\n(Aprovado pelo Colegiado Pleno do CPDA\/UFRRJ em 23\/04\/2020; Aprovado pelo Conselho de Ensino, Pesquisa e Extens\u00e3o \u2013 CEPE em 23\/06\/2020)<\/p>\n<p><a href=\"https:\/\/institucional.ufrrj.br\/portalcpda\/files\/2021\/07\/Instru\u00e7\u00e3o-Normativa-CPDA-01-2018-Concess\u00e3o-de-Aux\u00edlio-ao-Aluno.docx.pdf\" target=\"_blank\" rel=\"noopener\">Instru\u00e7\u00e3o Normativa CPDA 01-2018 &#8211; Concess\u00e3o de Aux\u00edlio ao Aluno<\/a><\/p>\n<p><a href=\"https:\/\/institucional.ufrrj.br\/portalcpda\/files\/2023\/12\/Resoluc\u0327a\u0303o-CPDA_Bolsas_final.pdf\" target=\"_blank\" rel=\"noopener\">Resoluc\u0327a\u0303o CPDA 01 2023 &#8211; Concess\u00e3o de Bolsas Institucionais a discentes de P\u00f3s-Gradua\u00e7\u00e3o<\/a><\/p>\n<p><a href=\"https:\/\/institucional.ufrrj.br\/portalcpda\/files\/2021\/07\/Instru\u00e7\u00e3o-Normativa-CPDA-01-2020-Est\u00e1gio-de-Doc\u00eancia-1.pdf\" target=\"_blank\" rel=\"noopener\">Instru\u00e7\u00e3o Normativa CPDA 01-2020 &#8211; Est\u00e1gio de Doc\u00eancia<\/a><\/p>\n<p><a href=\"https:\/\/institucional.ufrrj.br\/portalcpda\/files\/2021\/07\/Instru\u00e7\u00e3o-Normativa-CPDA-01-2021-Pedidos-de-Prorroga\u00e7\u00e3o-de-Prazos.pdf\">Instru\u00e7\u00e3o Normativa CPDA 01-2021 &#8211; Pedidos de Prorroga\u00e7\u00e3o de Prazos<\/a><\/p>\n<p><a href=\"https:\/\/institucional.ufrrj.br\/portalcpda\/files\/2021\/07\/Instru\u00e7\u00e3o-Normativa-CPDA-02-2021-Bolsa-Nota-10-Faperj-Crit\u00e9rios-sele\u00e7\u00e3o-de-alunos.pdf\" target=\"_blank\" rel=\"noopener\">Instru\u00e7\u00e3o Normativa CPDA 02-2021 &#8211; Bolsa Nota 10 Faperj &#8211; Crit\u00e9rios de sele\u00e7\u00e3o de alunos<\/a><\/p>\n<p>Candidatos ao P\u00f3s-Doc &#8211; <a href=\"https:\/\/institucional.ufrrj.br\/portalcpda\/files\/2011\/07\/FICHA-DE-CADASTRO-DE-P\u00d3S-DOUTORANDO-Modelo.pdf\" target=\"_blank\" rel=\"nofollow noopener noreferrer\">Modelo de Ficha de Cadastro para Candidatos ao P\u00f3s-Doc no CPDA\/UFRRJ<\/a><\/p>\n<p><a href=\"https:\/\/institucional.ufrrj.br\/portalcpda\/files\/2025\/02\/Criterios-Bolsa-CPDA.pdf\" target=\"_blank\" rel=\"noopener\">Crit\u00e9rios Bolsa CPDA<\/a><\/p>\n<p>&nbsp;<\/p>\n<p><strong>Formul\u00e1rios<\/strong><\/p>\n<p><a href=\"https:\/\/institucional.ufrrj.br\/portalcpda\/files\/2025\/05\/Formulario_Pedido_Prorrogacao.docx\">Formul\u00e1rio para Pedido de Prorroga\u00e7\u00e3o de Defesas<\/a> (enviar preenchido e assinado para <a href=\"mailto:cpda_coordenacao@ufrrj.br\" target=\"_blank\" rel=\"noopener\">cpda_coordenacao@ufrrj.br<\/a> com c\u00f3pia para <a href=\"mailto:cpda_secretaria@ufrrj.br\" target=\"_blank\" rel=\"noopener\">cpda_secretaria@ufrrj.br<\/a>, solicitando a inclus\u00e3o na pauta da pr\u00f3xima reuni\u00e3o de colegiado)<\/p>\n<p>&nbsp;<\/p>\n<p>&nbsp;<\/p>\n<p>&nbsp;<\/p>\n<p>&nbsp;<\/p>\n","protected":false},"excerpt":{"rendered":"<p>Normas da UFRRJ NOVO Manual de instru\u00e7\u00f5es para organiza\u00e7\u00e3o e apresenta\u00e7\u00e3o de Disserta\u00e7\u00f5es e Teses na UFRRJ (Elaborado pela UFRRJ <a class=\"read-more\" href=\"https:\/\/institucional.ufrrj.br\/portalcpda\/normas\/ \" >&#8230; <span class=\"font-italic\">leia mais <i class=\"fas fa-angle-right\"><\/i><\/span><\/a><\/p>\n","protected":false},"author":634,"featured_media":0,"parent":0,"menu_order":0,"comment_status":"open","ping_status":"open","template":"","meta":{"_acf_changed":false,"footnotes":""},"class_list":["post-77","page","type-page","status-publish","hentry"],"yoast_head":"<!-- This site is optimized with the Yoast SEO plugin v27.2 - https:\/\/yoast.com\/product\/yoast-seo-wordpress\/ -->\n<title>Normas Institucionais - CPDA<\/title>\n<meta name=\"robots\" content=\"index, follow, max-snippet:-1, max-image-preview:large, max-video-preview:-1\" \/>\n<link rel=\"canonical\" href=\"https:\/\/institucional.ufrrj.br\/portalcpda\/normas\/\" \/>\n<meta property=\"og:locale\" content=\"pt_BR\" \/>\n<meta property=\"og:type\" content=\"article\" \/>\n<meta property=\"og:title\" content=\"Normas Institucionais - CPDA\" \/>\n<meta property=\"og:description\" content=\"Normas da UFRRJ NOVO Manual de instru\u00e7\u00f5es para organiza\u00e7\u00e3o e apresenta\u00e7\u00e3o de Disserta\u00e7\u00f5es e Teses na UFRRJ (Elaborado pela UFRRJ ... leia mais\" \/>\n<meta property=\"og:url\" content=\"https:\/\/institucional.ufrrj.br\/portalcpda\/normas\/\" \/>\n<meta property=\"og:site_name\" content=\"CPDA\" \/>\n<meta property=\"article:modified_time\" content=\"2026-02-09T19:30:38+00:00\" \/>\n<meta name=\"twitter:card\" content=\"summary_large_image\" \/>\n<meta name=\"twitter:label1\" content=\"Est. tempo de leitura\" \/>\n\t<meta name=\"twitter:data1\" content=\"2 minutos\" \/>\n<script type=\"application\/ld+json\" class=\"yoast-schema-graph\">{\"@context\":\"https:\/\/schema.org\",\"@graph\":[{\"@type\":\"WebPage\",\"@id\":\"https:\/\/institucional.ufrrj.br\/portalcpda\/normas\/\",\"url\":\"https:\/\/institucional.ufrrj.br\/portalcpda\/normas\/\",\"name\":\"Normas Institucionais - CPDA\",\"isPartOf\":{\"@id\":\"https:\/\/institucional.ufrrj.br\/portalcpda\/#website\"},\"datePublished\":\"2011-07-05T16:42:59+00:00\",\"dateModified\":\"2026-02-09T19:30:38+00:00\",\"breadcrumb\":{\"@id\":\"https:\/\/institucional.ufrrj.br\/portalcpda\/normas\/#breadcrumb\"},\"inLanguage\":\"pt-BR\",\"potentialAction\":[{\"@type\":\"ReadAction\",\"target\":[\"https:\/\/institucional.ufrrj.br\/portalcpda\/normas\/\"]}]},{\"@type\":\"BreadcrumbList\",\"@id\":\"https:\/\/institucional.ufrrj.br\/portalcpda\/normas\/#breadcrumb\",\"itemListElement\":[{\"@type\":\"ListItem\",\"position\":1,\"name\":\"In\u00edcio\",\"item\":\"https:\/\/institucional.ufrrj.br\/portalcpda\/\"},{\"@type\":\"ListItem\",\"position\":2,\"name\":\"Normas Institucionais\"}]},{\"@type\":\"WebSite\",\"@id\":\"https:\/\/institucional.ufrrj.br\/portalcpda\/#website\",\"url\":\"https:\/\/institucional.ufrrj.br\/portalcpda\/\",\"name\":\"CPDA\",\"description\":\"institucional.ufrrj.br\",\"potentialAction\":[{\"@type\":\"SearchAction\",\"target\":{\"@type\":\"EntryPoint\",\"urlTemplate\":\"https:\/\/institucional.ufrrj.br\/portalcpda\/?s={search_term_string}\"},\"query-input\":{\"@type\":\"PropertyValueSpecification\",\"valueRequired\":true,\"valueName\":\"search_term_string\"}}],\"inLanguage\":\"pt-BR\"}]}<\/script>\n<!-- \/ Yoast SEO plugin. -->","yoast_head_json":{"title":"Normas Institucionais - CPDA","robots":{"index":"index","follow":"follow","max-snippet":"max-snippet:-1","max-image-preview":"max-image-preview:large","max-video-preview":"max-video-preview:-1"},"canonical":"https:\/\/institucional.ufrrj.br\/portalcpda\/normas\/","og_locale":"pt_BR","og_type":"article","og_title":"Normas Institucionais - CPDA","og_description":"Normas da UFRRJ NOVO Manual de instru\u00e7\u00f5es para organiza\u00e7\u00e3o e apresenta\u00e7\u00e3o de Disserta\u00e7\u00f5es e Teses na UFRRJ (Elaborado pela UFRRJ ... leia mais","og_url":"https:\/\/institucional.ufrrj.br\/portalcpda\/normas\/","og_site_name":"CPDA","article_modified_time":"2026-02-09T19:30:38+00:00","twitter_card":"summary_large_image","twitter_misc":{"Est. tempo de leitura":"2 minutos"},"schema":{"@context":"https:\/\/schema.org","@graph":[{"@type":"WebPage","@id":"https:\/\/institucional.ufrrj.br\/portalcpda\/normas\/","url":"https:\/\/institucional.ufrrj.br\/portalcpda\/normas\/","name":"Normas Institucionais - CPDA","isPartOf":{"@id":"https:\/\/institucional.ufrrj.br\/portalcpda\/#website"},"datePublished":"2011-07-05T16:42:59+00:00","dateModified":"2026-02-09T19:30:38+00:00","breadcrumb":{"@id":"https:\/\/institucional.ufrrj.br\/portalcpda\/normas\/#breadcrumb"},"inLanguage":"pt-BR","potentialAction":[{"@type":"ReadAction","target":["https:\/\/institucional.ufrrj.br\/portalcpda\/normas\/"]}]},{"@type":"BreadcrumbList","@id":"https:\/\/institucional.ufrrj.br\/portalcpda\/normas\/#breadcrumb","itemListElement":[{"@type":"ListItem","position":1,"name":"In\u00edcio","item":"https:\/\/institucional.ufrrj.br\/portalcpda\/"},{"@type":"ListItem","position":2,"name":"Normas Institucionais"}]},{"@type":"WebSite","@id":"https:\/\/institucional.ufrrj.br\/portalcpda\/#website","url":"https:\/\/institucional.ufrrj.br\/portalcpda\/","name":"CPDA","description":"institucional.ufrrj.br","potentialAction":[{"@type":"SearchAction","target":{"@type":"EntryPoint","urlTemplate":"https:\/\/institucional.ufrrj.br\/portalcpda\/?s={search_term_string}"},"query-input":{"@type":"PropertyValueSpecification","valueRequired":true,"valueName":"search_term_string"}}],"inLanguage":"pt-BR"}]}},"acf":[],"_links":{"self":[{"href":"https:\/\/institucional.ufrrj.br\/portalcpda\/wp-json\/wp\/v2\/pages\/77","targetHints":{"allow":["GET"]}}],"collection":[{"href":"https:\/\/institucional.ufrrj.br\/portalcpda\/wp-json\/wp\/v2\/pages"}],"about":[{"href":"https:\/\/institucional.ufrrj.br\/portalcpda\/wp-json\/wp\/v2\/types\/page"}],"author":[{"embeddable":true,"href":"https:\/\/institucional.ufrrj.br\/portalcpda\/wp-json\/wp\/v2\/users\/634"}],"replies":[{"embeddable":true,"href":"https:\/\/institucional.ufrrj.br\/portalcpda\/wp-json\/wp\/v2\/comments?post=77"}],"version-history":[{"count":3,"href":"https:\/\/institucional.ufrrj.br\/portalcpda\/wp-json\/wp\/v2\/pages\/77\/revisions"}],"predecessor-version":[{"id":27592,"href":"https:\/\/institucional.ufrrj.br\/portalcpda\/wp-json\/wp\/v2\/pages\/77\/revisions\/27592"}],"wp:attachment":[{"href":"https:\/\/institucional.ufrrj.br\/portalcpda\/wp-json\/wp\/v2\/media?parent=77"}],"curies":[{"name":"wp","href":"https:\/\/api.w.org\/{rel}","templated":true}]}}