{"id":75,"date":"2011-07-05T16:42:38","date_gmt":"2011-07-05T16:42:38","guid":{"rendered":"http:\/\/r1.ufrrj.br\/cpda\/?page_id=75"},"modified":"2022-08-02T17:04:48","modified_gmt":"2022-08-02T20:04:48","slug":"carga-horaria","status":"publish","type":"page","link":"https:\/\/institucional.ufrrj.br\/portalcpda\/carga-horaria\/","title":{"rendered":"Carga Hor\u00e1ria"},"content":{"rendered":"<p>As <a href=\"https:\/\/institucional.ufrrj.br\/portalcpda\/disciplinas-2\/\">disciplinas regulares<\/a> do CPDA (Obrigat\u00f3rias, Fundamentais e Espec\u00edficas de Linha de Pesquisa) equivalem a quatro cr\u00e9ditos, com carga hor\u00e1ria semestral de 60 horas\/aula (30 te\u00f3ricas e 30 de atividades pr\u00e1ticas (semin\u00e1rios, pesquisas, elabora\u00e7\u00e3o de pequenos textos etc.).<\/p>\n<p>As atividades de <a href=\"https:\/\/institucional.ufrrj.br\/portalcpda\/laboratorios-tematicos-de-pesquisa\/\">Laborat\u00f3rio Tem\u00e1tico de Pesquisa<\/a> equivalem a um cr\u00e9dito adicional, com carga hor\u00e1ria semestral de 15 horas\/aula (atividades te\u00f3ricas e pr\u00e1ticas).<\/p>\n<p>As atividades de <a href=\"https:\/\/institucional.ufrrj.br\/portalcpda\/estagio-de-docencia-2022\/\">Est\u00e1gio de Doc\u00eancia<\/a> equivalem a 15 (quinze) horas adicionais.<\/p>\n<p>Os\/As discentes de Mestrado dever\u00e3o completar no m\u00ednimo 24 cr\u00e9ditos em disciplinas regulares, al\u00e9m de cursar no m\u00ednimo um Laborat\u00f3rio Tem\u00e1tico, indicado pelo\/a orientador\/a.<\/p>\n<p>Os\/As discentes de Doutorado dever\u00e3o integralizar 48 cr\u00e9ditos em disciplinas regulares, al\u00e9m de, no m\u00ednimo, dois Laborat\u00f3rios Tem\u00e1ticos indicados pelo\/a orientador\/a.<\/p>\n<p>Os\/As discentes de Doutorado poder\u00e3o solicitar reconhecimento de at\u00e9 24 cr\u00e9ditos do Mestrado. Esse reconhecimento dever\u00e1 ser solicitado ao Colegiado Executivo no momento da entrada no curso, de forma que o aluno tenha condi\u00e7\u00f5es de planejar adequadamente seus estudos.<\/p>\n<p>Os\/As discentes de Mestrado e de Doutorado podem cursar disciplinas em outros Programas de P\u00f3s-Gradua\u00e7\u00e3o reconhecidos pela Capes, desde que no m\u00ednimo 75% (setenta e cinco por cento) da carga hor\u00e1riaseja feita em disciplinas oferecidas pelo CPDA. Para isso, devem solicitar autoriza\u00e7\u00e3o ao Colegiado Executivo do CPDA, com o &#8220;de acordo&#8221; do\/a orientador\/a, anexando a ementa e a carga hor\u00e1ria da disciplina desejada.<\/p>\n<p>Confira o <a href=\"https:\/\/institucional.ufrrj.br\/portalcpda\/normas\/\">Regimento do CPDA<\/a>.<\/p>\n","protected":false},"excerpt":{"rendered":"<p>As disciplinas regulares do CPDA (Obrigat\u00f3rias, Fundamentais e Espec\u00edficas de Linha de Pesquisa) equivalem a quatro cr\u00e9ditos, com carga hor\u00e1ria <a class=\"read-more\" href=\"https:\/\/institucional.ufrrj.br\/portalcpda\/carga-horaria\/ \" >&#8230; <span class=\"font-italic\">leia mais <i class=\"fas fa-angle-right\"><\/i><\/span><\/a><\/p>\n","protected":false},"author":634,"featured_media":0,"parent":0,"menu_order":0,"comment_status":"open","ping_status":"open","template":"","meta":{"_acf_changed":false,"footnotes":""},"class_list":["post-75","page","type-page","status-publish","hentry"],"yoast_head":"<!-- This site is optimized with the Yoast SEO plugin v27.2 - https:\/\/yoast.com\/product\/yoast-seo-wordpress\/ -->\n<title>Carga Hor\u00e1ria - CPDA<\/title>\n<meta name=\"robots\" content=\"index, follow, max-snippet:-1, max-image-preview:large, max-video-preview:-1\" \/>\n<link rel=\"canonical\" href=\"https:\/\/institucional.ufrrj.br\/portalcpda\/carga-horaria\/\" \/>\n<meta property=\"og:locale\" content=\"pt_BR\" \/>\n<meta property=\"og:type\" content=\"article\" \/>\n<meta property=\"og:title\" content=\"Carga Hor\u00e1ria - CPDA\" \/>\n<meta property=\"og:description\" content=\"As disciplinas regulares do CPDA (Obrigat\u00f3rias, Fundamentais e Espec\u00edficas de Linha de Pesquisa) equivalem a quatro cr\u00e9ditos, com carga hor\u00e1ria ... leia mais\" \/>\n<meta property=\"og:url\" content=\"https:\/\/institucional.ufrrj.br\/portalcpda\/carga-horaria\/\" \/>\n<meta property=\"og:site_name\" content=\"CPDA\" \/>\n<meta property=\"article:modified_time\" content=\"2022-08-02T20:04:48+00:00\" \/>\n<meta name=\"twitter:card\" content=\"summary_large_image\" \/>\n<meta name=\"twitter:label1\" content=\"Est. tempo de leitura\" \/>\n\t<meta name=\"twitter:data1\" content=\"1 minuto\" \/>\n<script type=\"application\/ld+json\" class=\"yoast-schema-graph\">{\"@context\":\"https:\/\/schema.org\",\"@graph\":[{\"@type\":\"WebPage\",\"@id\":\"https:\/\/institucional.ufrrj.br\/portalcpda\/carga-horaria\/\",\"url\":\"https:\/\/institucional.ufrrj.br\/portalcpda\/carga-horaria\/\",\"name\":\"Carga Hor\u00e1ria - CPDA\",\"isPartOf\":{\"@id\":\"https:\/\/institucional.ufrrj.br\/portalcpda\/#website\"},\"datePublished\":\"2011-07-05T16:42:38+00:00\",\"dateModified\":\"2022-08-02T20:04:48+00:00\",\"breadcrumb\":{\"@id\":\"https:\/\/institucional.ufrrj.br\/portalcpda\/carga-horaria\/#breadcrumb\"},\"inLanguage\":\"pt-BR\",\"potentialAction\":[{\"@type\":\"ReadAction\",\"target\":[\"https:\/\/institucional.ufrrj.br\/portalcpda\/carga-horaria\/\"]}]},{\"@type\":\"BreadcrumbList\",\"@id\":\"https:\/\/institucional.ufrrj.br\/portalcpda\/carga-horaria\/#breadcrumb\",\"itemListElement\":[{\"@type\":\"ListItem\",\"position\":1,\"name\":\"In\u00edcio\",\"item\":\"https:\/\/institucional.ufrrj.br\/portalcpda\/\"},{\"@type\":\"ListItem\",\"position\":2,\"name\":\"Carga Hor\u00e1ria\"}]},{\"@type\":\"WebSite\",\"@id\":\"https:\/\/institucional.ufrrj.br\/portalcpda\/#website\",\"url\":\"https:\/\/institucional.ufrrj.br\/portalcpda\/\",\"name\":\"CPDA\",\"description\":\"institucional.ufrrj.br\",\"potentialAction\":[{\"@type\":\"SearchAction\",\"target\":{\"@type\":\"EntryPoint\",\"urlTemplate\":\"https:\/\/institucional.ufrrj.br\/portalcpda\/?s={search_term_string}\"},\"query-input\":{\"@type\":\"PropertyValueSpecification\",\"valueRequired\":true,\"valueName\":\"search_term_string\"}}],\"inLanguage\":\"pt-BR\"}]}<\/script>\n<!-- \/ Yoast SEO plugin. -->","yoast_head_json":{"title":"Carga Hor\u00e1ria - CPDA","robots":{"index":"index","follow":"follow","max-snippet":"max-snippet:-1","max-image-preview":"max-image-preview:large","max-video-preview":"max-video-preview:-1"},"canonical":"https:\/\/institucional.ufrrj.br\/portalcpda\/carga-horaria\/","og_locale":"pt_BR","og_type":"article","og_title":"Carga Hor\u00e1ria - CPDA","og_description":"As disciplinas regulares do CPDA (Obrigat\u00f3rias, Fundamentais e Espec\u00edficas de Linha de Pesquisa) equivalem a quatro cr\u00e9ditos, com carga hor\u00e1ria ... leia mais","og_url":"https:\/\/institucional.ufrrj.br\/portalcpda\/carga-horaria\/","og_site_name":"CPDA","article_modified_time":"2022-08-02T20:04:48+00:00","twitter_card":"summary_large_image","twitter_misc":{"Est. tempo de leitura":"1 minuto"},"schema":{"@context":"https:\/\/schema.org","@graph":[{"@type":"WebPage","@id":"https:\/\/institucional.ufrrj.br\/portalcpda\/carga-horaria\/","url":"https:\/\/institucional.ufrrj.br\/portalcpda\/carga-horaria\/","name":"Carga Hor\u00e1ria - CPDA","isPartOf":{"@id":"https:\/\/institucional.ufrrj.br\/portalcpda\/#website"},"datePublished":"2011-07-05T16:42:38+00:00","dateModified":"2022-08-02T20:04:48+00:00","breadcrumb":{"@id":"https:\/\/institucional.ufrrj.br\/portalcpda\/carga-horaria\/#breadcrumb"},"inLanguage":"pt-BR","potentialAction":[{"@type":"ReadAction","target":["https:\/\/institucional.ufrrj.br\/portalcpda\/carga-horaria\/"]}]},{"@type":"BreadcrumbList","@id":"https:\/\/institucional.ufrrj.br\/portalcpda\/carga-horaria\/#breadcrumb","itemListElement":[{"@type":"ListItem","position":1,"name":"In\u00edcio","item":"https:\/\/institucional.ufrrj.br\/portalcpda\/"},{"@type":"ListItem","position":2,"name":"Carga Hor\u00e1ria"}]},{"@type":"WebSite","@id":"https:\/\/institucional.ufrrj.br\/portalcpda\/#website","url":"https:\/\/institucional.ufrrj.br\/portalcpda\/","name":"CPDA","description":"institucional.ufrrj.br","potentialAction":[{"@type":"SearchAction","target":{"@type":"EntryPoint","urlTemplate":"https:\/\/institucional.ufrrj.br\/portalcpda\/?s={search_term_string}"},"query-input":{"@type":"PropertyValueSpecification","valueRequired":true,"valueName":"search_term_string"}}],"inLanguage":"pt-BR"}]}},"acf":[],"_links":{"self":[{"href":"https:\/\/institucional.ufrrj.br\/portalcpda\/wp-json\/wp\/v2\/pages\/75","targetHints":{"allow":["GET"]}}],"collection":[{"href":"https:\/\/institucional.ufrrj.br\/portalcpda\/wp-json\/wp\/v2\/pages"}],"about":[{"href":"https:\/\/institucional.ufrrj.br\/portalcpda\/wp-json\/wp\/v2\/types\/page"}],"author":[{"embeddable":true,"href":"https:\/\/institucional.ufrrj.br\/portalcpda\/wp-json\/wp\/v2\/users\/634"}],"replies":[{"embeddable":true,"href":"https:\/\/institucional.ufrrj.br\/portalcpda\/wp-json\/wp\/v2\/comments?post=75"}],"version-history":[{"count":10,"href":"https:\/\/institucional.ufrrj.br\/portalcpda\/wp-json\/wp\/v2\/pages\/75\/revisions"}],"predecessor-version":[{"id":23452,"href":"https:\/\/institucional.ufrrj.br\/portalcpda\/wp-json\/wp\/v2\/pages\/75\/revisions\/23452"}],"wp:attachment":[{"href":"https:\/\/institucional.ufrrj.br\/portalcpda\/wp-json\/wp\/v2\/media?parent=75"}],"curies":[{"name":"wp","href":"https:\/\/api.w.org\/{rel}","templated":true}]}}