{"id":744,"date":"2011-09-06T21:40:29","date_gmt":"2011-09-06T21:40:29","guid":{"rendered":"http:\/\/r1.ufrrj.br\/cpda\/?page_id=744"},"modified":"2018-09-03T17:38:38","modified_gmt":"2018-09-03T20:38:38","slug":"teses-doutorado-2004","status":"publish","type":"page","link":"https:\/\/institucional.ufrrj.br\/portalcpda\/teses-doutorado-2004\/","title":{"rendered":"Teses Doutorado 2004"},"content":{"rendered":"<p>&nbsp;<\/p>\n<p><strong>DANIEL CARVALHO DE REZENDE<br \/>\n<a href=\"https:\/\/institucional.ufrrj.br\/portalcpda\/files\/2018\/09\/2004.tese_.daniel_c_de_rezende.pdf\" target=\"_blank\" rel=\"noopener\">Estrat\u00e9gias de coordena\u00e7\u00e3o e qualidade na cadeia dos queijos finos<\/a><\/strong><\/p>\n<p>Defesa: 12\/02\/2004<br \/>\nOrientador: John Wilkinson (CPDA\/UFRRJ)<\/p>\n<p>&nbsp;<\/p>\n<hr \/>\n<p><strong>JORGE LUIZ DE G\u00d3ES PEREIRA<br \/>\nJuventude Rural: Para al\u00e9m das fronteiras entre campo e cidade<\/strong><\/p>\n<p>Defesa: 16\/02\/2004<br \/>\nOrientadora: Maria Jos\u00e9 Carneiro (CPDA\/UFRRJ)<\/p>\n<p>&nbsp;<\/p>\n<hr \/>\n<p><strong>MARCELO MIN\u00c1 DIAS<br \/>\n<a href=\"https:\/\/institucional.ufrrj.br\/portalcpda\/files\/2018\/09\/2004.tese_.marcelo_mina_dias.pdf\" target=\"_blank\" rel=\"noopener\">As ONGs e a constru\u00e7\u00e3o de alternativas para o desenvolvimento rural<\/a><\/strong><\/p>\n<p>Defesa: 19\/02\/2004<br \/>\nOrientadora: Leonilde S\u00e9rvolo de Medeiros (CPDA\/UFRRJ)<\/p>\n<p>&nbsp;<\/p>\n<hr \/>\n<p><strong>PIERINA GERMAN CASTELLI<br \/>\n<a href=\"https:\/\/institucional.ufrrj.br\/portalcpda\/files\/2018\/09\/2004.tese_.pierina_german_castelli.pdf\" target=\"_blank\" rel=\"noopener\">Regulando a Biosociedade<\/a><\/strong><\/p>\n<p>Defesa: 05\/03\/2004 Doutorado<br \/>\nOrientador: John Wilkinson (CPDA\/UFRRJ)<\/p>\n<p>&nbsp;<\/p>\n<hr \/>\n<p><strong>DAVID BASSO<br \/>\n<a href=\"https:\/\/institucional.ufrrj.br\/portalcpda\/files\/2018\/09\/2004.tese_.David-Basso.pdf\" target=\"_blank\" rel=\"noopener\">Estrat\u00e9gias Agroindustriais e Desenvolvimento Sustent\u00e1vel<\/a><\/strong><\/p>\n<p>Defesa: 24\/08\/2004<br \/>\nOrientador: Nelson Giordano Delgado (CPDA\/UFRRJ)<\/p>\n<p>&nbsp;<\/p>\n<hr \/>\n<p><strong>VALDIR FRIGO DENARDIN<br \/>\nDe capital natural a capital natural cr\u00edtica: a aplica\u00e7\u00e3o de matriz de delibera\u00e7\u00e3o na gest\u00e3o participativa dos recursos h\u00eddricos no Oeste Catarinense<\/strong><\/p>\n<p>Defesa: 27\/08\/2004 Doutorado<br \/>\nOrientador: Peter May (CPDA\/UFRRJ)<\/p>\n<p>&nbsp;<\/p>\n<hr \/>\n<p><strong>MARGARITA ROSA GAV\u00cdRIA MEJIA<br \/>\nRuralidade, territ\u00f3rio e identidade: a partir de um assentamento do Incra em Paraty<\/strong><\/p>\n<p>Defesa: 27\/08\/2004<br \/>\nOrientadora: Maria Jos\u00e9 Teixeira Carneiro (CPDA\/UFRRJ)<\/p>\n<p>&nbsp;<\/p>\n<hr \/>\n<p><strong>TASSO DE SOUSA LEITE<br \/>\n<a href=\"https:\/\/institucional.ufrrj.br\/portalcpda\/files\/2018\/09\/2004.tese_.Tasso-de-Sousa-Leite.pdf\" target=\"_blank\" rel=\"noopener\">Dinamismo agroindustrial e padr\u00e3o de integra\u00e7\u00e3o no Sudeste Goiano<\/a><\/strong><\/p>\n<p>Defesa: 31\/08\/2004<br \/>\nOrientadora: Ana C\u00e9lia Castro (CPDA\/UFRRJ)<\/p>\n<p>&nbsp;<\/p>\n<hr \/>\n<p><strong>MAURO LE\u00c3O GOMES<br \/>\n<a href=\"https:\/\/institucional.ufrrj.br\/portalcpda\/files\/2018\/09\/2004.tese_.mauro_leao_gomes.pdf\" target=\"_blank\" rel=\"noopener\">Ouro, posseiros e fazendas de caf\u00e9, a ocupa\u00e7\u00e3o e a degrada\u00e7\u00e3o ambiental da regi\u00e3o de Cantagalo<\/a><\/strong><\/p>\n<p>Defesa:17\/12\/2004<br \/>\nOrientador: Luiz Fl\u00e1vio de Carvalho Costa (CPDA\/UFRRJ)<\/p>\n<p>&nbsp;<\/p>\n<p>&nbsp;<\/p>\n","protected":false},"excerpt":{"rendered":"<p>&nbsp; DANIEL CARVALHO DE REZENDE Estrat\u00e9gias de coordena\u00e7\u00e3o e qualidade na cadeia dos queijos finos Defesa: 12\/02\/2004 Orientador: John Wilkinson <a class=\"read-more\" href=\"https:\/\/institucional.ufrrj.br\/portalcpda\/teses-doutorado-2004\/ \" >&#8230; <span class=\"font-italic\">leia mais <i class=\"fas fa-angle-right\"><\/i><\/span><\/a><\/p>\n","protected":false},"author":634,"featured_media":0,"parent":0,"menu_order":0,"comment_status":"open","ping_status":"open","template":"","meta":{"_acf_changed":false,"footnotes":""},"class_list":["post-744","page","type-page","status-publish","hentry"],"yoast_head":"<!-- This site is optimized with the Yoast SEO plugin v27.2 - https:\/\/yoast.com\/product\/yoast-seo-wordpress\/ -->\n<title>Teses Doutorado 2004 - CPDA<\/title>\n<meta name=\"robots\" content=\"index, follow, max-snippet:-1, max-image-preview:large, max-video-preview:-1\" \/>\n<link rel=\"canonical\" href=\"https:\/\/institucional.ufrrj.br\/portalcpda\/teses-doutorado-2004\/\" \/>\n<meta property=\"og:locale\" content=\"pt_BR\" \/>\n<meta property=\"og:type\" content=\"article\" \/>\n<meta property=\"og:title\" content=\"Teses Doutorado 2004 - CPDA\" \/>\n<meta property=\"og:description\" content=\"&nbsp; DANIEL CARVALHO DE REZENDE Estrat\u00e9gias de coordena\u00e7\u00e3o e qualidade na cadeia dos queijos finos Defesa: 12\/02\/2004 Orientador: John Wilkinson ... leia mais\" \/>\n<meta property=\"og:url\" content=\"https:\/\/institucional.ufrrj.br\/portalcpda\/teses-doutorado-2004\/\" \/>\n<meta property=\"og:site_name\" content=\"CPDA\" \/>\n<meta property=\"article:modified_time\" content=\"2018-09-03T20:38:38+00:00\" \/>\n<meta name=\"twitter:card\" content=\"summary_large_image\" \/>\n<meta name=\"twitter:label1\" content=\"Est. tempo de leitura\" \/>\n\t<meta name=\"twitter:data1\" content=\"1 minuto\" \/>\n<script type=\"application\/ld+json\" class=\"yoast-schema-graph\">{\"@context\":\"https:\/\/schema.org\",\"@graph\":[{\"@type\":\"WebPage\",\"@id\":\"https:\/\/institucional.ufrrj.br\/portalcpda\/teses-doutorado-2004\/\",\"url\":\"https:\/\/institucional.ufrrj.br\/portalcpda\/teses-doutorado-2004\/\",\"name\":\"Teses Doutorado 2004 - CPDA\",\"isPartOf\":{\"@id\":\"https:\/\/institucional.ufrrj.br\/portalcpda\/#website\"},\"datePublished\":\"2011-09-06T21:40:29+00:00\",\"dateModified\":\"2018-09-03T20:38:38+00:00\",\"breadcrumb\":{\"@id\":\"https:\/\/institucional.ufrrj.br\/portalcpda\/teses-doutorado-2004\/#breadcrumb\"},\"inLanguage\":\"pt-BR\",\"potentialAction\":[{\"@type\":\"ReadAction\",\"target\":[\"https:\/\/institucional.ufrrj.br\/portalcpda\/teses-doutorado-2004\/\"]}]},{\"@type\":\"BreadcrumbList\",\"@id\":\"https:\/\/institucional.ufrrj.br\/portalcpda\/teses-doutorado-2004\/#breadcrumb\",\"itemListElement\":[{\"@type\":\"ListItem\",\"position\":1,\"name\":\"In\u00edcio\",\"item\":\"https:\/\/institucional.ufrrj.br\/portalcpda\/\"},{\"@type\":\"ListItem\",\"position\":2,\"name\":\"Teses Doutorado 2004\"}]},{\"@type\":\"WebSite\",\"@id\":\"https:\/\/institucional.ufrrj.br\/portalcpda\/#website\",\"url\":\"https:\/\/institucional.ufrrj.br\/portalcpda\/\",\"name\":\"CPDA\",\"description\":\"institucional.ufrrj.br\",\"potentialAction\":[{\"@type\":\"SearchAction\",\"target\":{\"@type\":\"EntryPoint\",\"urlTemplate\":\"https:\/\/institucional.ufrrj.br\/portalcpda\/?s={search_term_string}\"},\"query-input\":{\"@type\":\"PropertyValueSpecification\",\"valueRequired\":true,\"valueName\":\"search_term_string\"}}],\"inLanguage\":\"pt-BR\"}]}<\/script>\n<!-- \/ Yoast SEO plugin. -->","yoast_head_json":{"title":"Teses Doutorado 2004 - CPDA","robots":{"index":"index","follow":"follow","max-snippet":"max-snippet:-1","max-image-preview":"max-image-preview:large","max-video-preview":"max-video-preview:-1"},"canonical":"https:\/\/institucional.ufrrj.br\/portalcpda\/teses-doutorado-2004\/","og_locale":"pt_BR","og_type":"article","og_title":"Teses Doutorado 2004 - CPDA","og_description":"&nbsp; DANIEL CARVALHO DE REZENDE Estrat\u00e9gias de coordena\u00e7\u00e3o e qualidade na cadeia dos queijos finos Defesa: 12\/02\/2004 Orientador: John Wilkinson ... leia mais","og_url":"https:\/\/institucional.ufrrj.br\/portalcpda\/teses-doutorado-2004\/","og_site_name":"CPDA","article_modified_time":"2018-09-03T20:38:38+00:00","twitter_card":"summary_large_image","twitter_misc":{"Est. tempo de leitura":"1 minuto"},"schema":{"@context":"https:\/\/schema.org","@graph":[{"@type":"WebPage","@id":"https:\/\/institucional.ufrrj.br\/portalcpda\/teses-doutorado-2004\/","url":"https:\/\/institucional.ufrrj.br\/portalcpda\/teses-doutorado-2004\/","name":"Teses Doutorado 2004 - CPDA","isPartOf":{"@id":"https:\/\/institucional.ufrrj.br\/portalcpda\/#website"},"datePublished":"2011-09-06T21:40:29+00:00","dateModified":"2018-09-03T20:38:38+00:00","breadcrumb":{"@id":"https:\/\/institucional.ufrrj.br\/portalcpda\/teses-doutorado-2004\/#breadcrumb"},"inLanguage":"pt-BR","potentialAction":[{"@type":"ReadAction","target":["https:\/\/institucional.ufrrj.br\/portalcpda\/teses-doutorado-2004\/"]}]},{"@type":"BreadcrumbList","@id":"https:\/\/institucional.ufrrj.br\/portalcpda\/teses-doutorado-2004\/#breadcrumb","itemListElement":[{"@type":"ListItem","position":1,"name":"In\u00edcio","item":"https:\/\/institucional.ufrrj.br\/portalcpda\/"},{"@type":"ListItem","position":2,"name":"Teses Doutorado 2004"}]},{"@type":"WebSite","@id":"https:\/\/institucional.ufrrj.br\/portalcpda\/#website","url":"https:\/\/institucional.ufrrj.br\/portalcpda\/","name":"CPDA","description":"institucional.ufrrj.br","potentialAction":[{"@type":"SearchAction","target":{"@type":"EntryPoint","urlTemplate":"https:\/\/institucional.ufrrj.br\/portalcpda\/?s={search_term_string}"},"query-input":{"@type":"PropertyValueSpecification","valueRequired":true,"valueName":"search_term_string"}}],"inLanguage":"pt-BR"}]}},"acf":[],"_links":{"self":[{"href":"https:\/\/institucional.ufrrj.br\/portalcpda\/wp-json\/wp\/v2\/pages\/744","targetHints":{"allow":["GET"]}}],"collection":[{"href":"https:\/\/institucional.ufrrj.br\/portalcpda\/wp-json\/wp\/v2\/pages"}],"about":[{"href":"https:\/\/institucional.ufrrj.br\/portalcpda\/wp-json\/wp\/v2\/types\/page"}],"author":[{"embeddable":true,"href":"https:\/\/institucional.ufrrj.br\/portalcpda\/wp-json\/wp\/v2\/users\/634"}],"replies":[{"embeddable":true,"href":"https:\/\/institucional.ufrrj.br\/portalcpda\/wp-json\/wp\/v2\/comments?post=744"}],"version-history":[{"count":7,"href":"https:\/\/institucional.ufrrj.br\/portalcpda\/wp-json\/wp\/v2\/pages\/744\/revisions"}],"predecessor-version":[{"id":15792,"href":"https:\/\/institucional.ufrrj.br\/portalcpda\/wp-json\/wp\/v2\/pages\/744\/revisions\/15792"}],"wp:attachment":[{"href":"https:\/\/institucional.ufrrj.br\/portalcpda\/wp-json\/wp\/v2\/media?parent=744"}],"curies":[{"name":"wp","href":"https:\/\/api.w.org\/{rel}","templated":true}]}}