{"id":71,"date":"2011-07-05T16:21:06","date_gmt":"2011-07-05T16:21:06","guid":{"rendered":"http:\/\/r1.ufrrj.br\/cpda\/?page_id=71"},"modified":"2026-03-10T11:14:07","modified_gmt":"2026-03-10T14:14:07","slug":"disciplinas-2","status":"publish","type":"page","link":"https:\/\/institucional.ufrrj.br\/portalcpda\/disciplinas-2\/","title":{"rendered":"Disciplinas"},"content":{"rendered":"<hr \/>\n<p>&nbsp;<\/p>\n<p style=\"text-align: justify\">As disciplinas do CPDA dividem-se em tr\u00eas categorias:<\/p>\n<p style=\"text-align: justify\"><a href=\"#obrigatorias\" rel=\"nofollow\">Obrigat\u00f3rias<\/a><\/p>\n<p style=\"text-align: justify\"><a href=\"#fundamentais\" rel=\"nofollow\">Fundamentais<\/a><\/p>\n<p style=\"text-align: justify\"><a href=\"#especificas\" rel=\"nofollow\">Espec\u00edficas de Linha de Pesquisa<\/a><\/p>\n<p>As disciplinas Obrigat\u00f3rias e Fundamentais contam com dois professores respons\u00e1veis. Isso n\u00e3o significa que elas ser\u00e3o oferecidas, necessariamente, por ambos, mas sim que, em caso de impedimento de qualquer natureza por parte de um dos docentes (afastamento para qualifica\u00e7\u00e3o, doen\u00e7a, aposentadoria etc.), o outro necessariamente se responsabilizar\u00e1 pela disciplina.<\/p>\n<p>&nbsp;<\/p>\n<hr \/>\n<p><a title=\"obrigatorias\" rel=\"nofollow\" name=\"obrigatorias\"><\/a><\/p>\n<p><strong><u>Disciplinas Obrigat\u00f3rias<\/u><\/strong><\/p>\n<p style=\"text-align: justify\">As disciplinas obrigat\u00f3rias t\u00eam por objetivo consolidar a forma\u00e7\u00e3o dos alunos em temas metodol\u00f3gicos de pesquisa, enfatizando a import\u00e2ncia de uma abordagem multidisciplinar.<\/p>\n<p>&nbsp;<\/p>\n<p><strong>Mestrado: Disciplinas Obrigat\u00f3rias<\/strong><\/p>\n<p style=\"text-align: justify\"><a title=\"Metodologia de Pesquisa em Ci\u00eancias Sociais I\" href=\"https:\/\/institucional.ufrrj.br\/portalcpda\/metodologia-de-pesquisa-em-ciencias-sociais-i\/\" rel=\"nofollow\">IH 1533<\/a> &#8211; Teorias e Metodologias das Ci\u00eancias Sociais<\/p>\n<p style=\"text-align: justify\"><a title=\"M\u00e9todos de pesquisa em Ci\u00eancias Sociais II\" href=\"https:\/\/institucional.ufrrj.br\/portalcpda\/metodos-de-pesquisa-em-ciencias-sociais-ii\/\" rel=\"nofollow\">IH 1535<\/a> &#8211; M\u00e9todos de Pesquisa em Ci\u00eancias Sociais<\/p>\n<p>&nbsp;<\/p>\n<p><strong>Doutorado: Disciplinas Obrigat\u00f3rias<\/strong><\/p>\n<p>IH 1579 \u2013 Epistemologia das Ci\u00eancias Sociais<strong><br \/>\n<\/strong><\/p>\n<p style=\"text-align: justify\"><a title=\"Semin\u00e1rios de doutorado\" href=\"https:\/\/institucional.ufrrj.br\/portalcpda\/seminarios-de-doutorado\/\" rel=\"nofollow\">IH 1532<\/a> &#8211; Semin\u00e1rios de Doutorado<\/p>\n<p>&nbsp;<\/p>\n<hr \/>\n<p><a title=\"fundamentais\" rel=\"nofollow\" name=\"fundamentais\"><\/a><\/p>\n<p><strong><u>Disciplinas Fundamentais<\/u><\/strong><\/p>\n<p style=\"text-align: justify\">As disciplinas fundamentais do Mestrado t\u00eam por objetivo permitir uma forma\u00e7\u00e3o te\u00f3rica aos alunos e voltam-se para os campos disciplinares que comp\u00f5em o CPDA. No Doutorado, elas visam principalmente estimular o debate interdisciplinar de temas atuais.<\/p>\n<p>&nbsp;<\/p>\n<p><strong>Mestrado: Disciplinas Fundamentais<\/strong><\/p>\n<p style=\"text-align: justify\">Os mestrandos devem escolher duas, entre as cinco disciplinas fundamentais oferecidas:<\/p>\n<p style=\"text-align: justify\"><a title=\"TEORIAS SOCIAIS\" href=\"https:\/\/institucional.ufrrj.br\/portalcpda\/cpda\/disciplinas\/teorias-sociais-2\/\" rel=\"nofollow\">IH1502<\/a> &#8211; Teorias Sociais<\/p>\n<p style=\"text-align: justify\"><a title=\"Teoria antropol\u00f3gica\" href=\"https:\/\/institucional.ufrrj.br\/portalcpda\/teoria-antropologica\/\" rel=\"nofollow\">IH 1529<\/a> &#8211; Teoria Antropol\u00f3gica<\/p>\n<p style=\"text-align: justify\"><a title=\"Teoria pol\u00edtica\" href=\"https:\/\/institucional.ufrrj.br\/portalcpda\/teoria-politica\/\" rel=\"nofollow\">IH 1517<\/a> &#8211; Teoria Pol\u00edtica<\/p>\n<p style=\"text-align: justify\"><a title=\"Ra\u00edzes agr\u00e1rias da forma\u00e7\u00e3o social brasileira\" href=\"https:\/\/institucional.ufrrj.br\/portalcpda\/raizes-agrarias-da-formacao-social-brasileira\/\" rel=\"nofollow\">IH 1501<\/a> &#8211; Ra\u00edzes Agr\u00e1rias da Forma\u00e7\u00e3o Social Brasileira<\/p>\n<p style=\"text-align: justify\"><a title=\"Natureza e sociedade\" href=\"https:\/\/institucional.ufrrj.br\/portalcpda\/natureza-e-sociedade\/\" rel=\"nofollow\">IH 1527<\/a> &#8211; Natureza e Sociedade<\/p>\n<p>&nbsp;<\/p>\n<p><strong>Doutorado: Disciplinas Fundamentais<\/strong><\/p>\n<p style=\"text-align: justify\">Os doutorandos devem escolher duas, entre as seis disciplinas fundamentais oferecidas:<\/p>\n<p style=\"text-align: justify\"><a title=\"Teorias sobre as sociedades contempor\u00e2neas\" href=\"https:\/\/institucional.ufrrj.br\/portalcpda\/teorias-sobre-as-sociedades-contemporaneas\/\" rel=\"nofollow\">IH 1505<\/a> &#8211; Teorias sobre as Sociedades Contempor\u00e2neas<\/p>\n<p style=\"text-align: justify\"><a title=\"Pensamento social e pol\u00edtico no Brasil contempor\u00e2neo\" href=\"https:\/\/institucional.ufrrj.br\/portalcpda\/pensamento-social-e-politico-no-brasil-contemporaneo\/\" rel=\"nofollow\">IH 1515<\/a> &#8211; Pensamento Social e Pol\u00edtico do Brasil Contempor\u00e2neo<\/p>\n<p style=\"text-align: justify\"><a title=\"Teorias de desenvolvimento\" href=\"https:\/\/institucional.ufrrj.br\/portalcpda\/teorias-de-desenvolvimento\/\" rel=\"nofollow\">IH 1518<\/a> &#8211; Teorias de Desenvolvimento<\/p>\n<p style=\"text-align: justify\"><a title=\"Sociologia econ\u00f4mica\" href=\"https:\/\/institucional.ufrrj.br\/portalcpda\/sociologia-economica\/\" rel=\"nofollow\">IH 1528<\/a> &#8211; Sociologia Econ\u00f4mica<\/p>\n<p style=\"text-align: justify\"><a title=\"Rural e ruralidade na sociedade contempor\u00e2nea\" href=\"https:\/\/institucional.ufrrj.br\/portalcpda\/rural-e-ruralidade-na-sociedade-contemporanea\/\" rel=\"nofollow\">IH 1539<\/a> &#8211; Rural e Ruralidades na Sociedade Contempor\u00e2nea<\/p>\n<p style=\"text-align: justify\"><a title=\"Economia pol\u00edtica do regime internacional\" href=\"https:\/\/institucional.ufrrj.br\/portalcpda\/economia-politica-do-regime-internacional\/\" rel=\"nofollow\">IH 1536<\/a> &#8211; Economia Pol\u00edtica do Regime Internacional<\/p>\n<p>&nbsp;<\/p>\n<hr \/>\n<p><a title=\"especificas\" rel=\"nofollow\" name=\"especificas\"><\/a><br \/>\n<strong><u>Disciplinas Espec\u00edficas de Linha de Pesquisa<\/u><\/strong><\/p>\n<p style=\"text-align: justify\">As disciplinas espec\u00edficas de Linha de Pesquisa visam dar base te\u00f3rica, metodol\u00f3gica e hist\u00f3rica para os diversos conte\u00fados de cada uma das seis linhas de pesquisa do programa:<\/p>\n<p>&nbsp;<\/p>\n<p><strong>Linha de Pesquisa Estudos de Cultura e Mundo Rural<\/strong><\/p>\n<p style=\"text-align: justify\"><a title=\"Din\u00e2mica da agricultura familiar\" href=\"https:\/\/institucional.ufrrj.br\/portalcpda\/dinamica-da-agricultura-familiar\/\" rel=\"nofollow\">IH 1503<\/a> &#8211; Din\u00e2mica da Agricultura Familiar<\/p>\n<p style=\"text-align: justify\"><a title=\"Fam\u00edlia, comunidade e pol\u00edtica\" href=\"https:\/\/institucional.ufrrj.br\/portalcpda\/familia-comunidade-e-politica\/\" rel=\"nofollow\">IH 1504<\/a> &#8211; Fam\u00edlia, Comunidade e Pol\u00edtica<\/p>\n<p style=\"text-align: justify\"><a title=\"Campo e cidade como imagens\" href=\"https:\/\/institucional.ufrrj.br\/portalcpda\/campo-e-cidade-como-imagens\/\" rel=\"nofollow\">IH 1509<\/a> &#8211; Campo e Cidade como Imagens<\/p>\n<p style=\"text-align: justify\"><a title=\"Mundo rural e na\u00e7\u00e3o em representa\u00e7\u00f5es liter\u00e1rias\" href=\"https:\/\/institucional.ufrrj.br\/portalcpda\/mundo-rural-e-nacao-em-representacoes-literarias\/\" rel=\"nofollow\">IH 1549<\/a> &#8211; Mundo Rural e Na\u00e7\u00e3o em Representa\u00e7\u00f5es Liter\u00e1rias<\/p>\n<p style=\"text-align: justify\">IH 1557 &#8211; Cidade como Tema Sociol\u00f3gico<\/p>\n<p style=\"text-align: justify\">IH 1566 &#8211; O Tema da Cultura no Cen\u00e1rio Contempor\u00e2neo<\/p>\n<p style=\"text-align: justify\"><a title=\"T\u00f3picos especiais em Estudos sobre cultura e mundo rural\" href=\"https:\/\/institucional.ufrrj.br\/portalcpda\/topicos-especiais-em-estudos-sobre-cultura-e-mundo-rural\/\" rel=\"nofollow\">IH 1541<\/a> &#8211; T\u00f3picos Especiais em Estudos de Cultura e Mundo Rural<\/p>\n<p>&nbsp;<\/p>\n<p><strong>Linha de Pesquisa Institui\u00e7\u00f5es, Mercados e Regula\u00e7\u00e3o<\/strong><\/p>\n<p style=\"text-align: justify\">IH 1510 &#8211; Agricultura e Estruturas Agroindustriais<\/p>\n<p style=\"text-align: justify\"><a title=\"Economia pol\u00edtica dos recursos naturais e meio ambiente\" href=\"https:\/\/institucional.ufrrj.br\/portalcpda\/economia-politica-dos-recursos-naturais-e-meio-ambiente\/\" rel=\"nofollow\">IH 1512<\/a> &#8211; Economia e Pol\u00edtica dos Recursos Naturais e Meio Ambiente<\/p>\n<p style=\"text-align: justify\"><a title=\"Economia brasileira\" href=\"https:\/\/institucional.ufrrj.br\/portalcpda\/economia-brasileira\/\" rel=\"nofollow\">IH 1520<\/a> &#8211; Economia Brasileira<\/p>\n<p style=\"text-align: justify\"><a title=\"Institui\u00e7\u00f5es, organiza\u00e7\u00f5es e estrat\u00e9gias\" href=\"https:\/\/institucional.ufrrj.br\/portalcpda\/instituicoes-organizacoes-e-estrategias\/\" rel=\"nofollow\">IH 1526<\/a> &#8211; Institui\u00e7\u00f5es, Organiza\u00e7\u00f5es e Estrat\u00e9gias<\/p>\n<p style=\"text-align: justify\"><a title=\"Temas do sistema agroalimentar e desenvolvimento sustent\u00e1vel\" href=\"https:\/\/institucional.ufrrj.br\/portalcpda\/temas-do-sistema-agroalimentar-e-desenvolvimento-sustentavel\/\" rel=\"nofollow\">IH 1548<\/a> &#8211; Temas do Sistema Agroalimentar<\/p>\n<p>\u00a0IH 1572 \u2013 Sociologia da Alimenta\u00e7\u00e3o<\/p>\n<p style=\"text-align: justify\"><a title=\"T\u00f3picos especiais em Institui\u00e7\u00f5es, mercados e regula\u00e7\u00e3o\" href=\"https:\/\/institucional.ufrrj.br\/portalcpda\/topicos-especiais-em-instituicoes-mercados-e-regulacao\/\" rel=\"nofollow\">IH1572<\/a> &#8211; T\u00f3picos Especiais em Institui\u00e7\u00f5es, Mercados e Regula\u00e7\u00e3o<\/p>\n<p style=\"text-align: justify\"><a title=\"T\u00f3picos especiais em Institui\u00e7\u00f5es, mercados e regula\u00e7\u00e3o\" href=\"https:\/\/institucional.ufrrj.br\/portalcpda\/topicos-especiais-em-instituicoes-mercados-e-regulacao-leituras-em-sociologia-das-praticas-alimentares\" rel=\"nofollow\">IH1572.15<\/a> &#8211; T\u00f3picos Especiais em Institui\u00e7\u00f5es, Mercados e Regula\u00e7\u00e3o: \u00a0Leituras em Sociologia das Pr\u00e1ticas Alimentares<\/p>\n<p>&nbsp;<\/p>\n<p><strong>Linha de Pesquisa Conflitos, Movimentos Sociais e Representa\u00e7\u00e3o Pol\u00edtica<\/strong><\/p>\n<p style=\"text-align: justify\"><a title=\"Organiza\u00e7\u00e3o, Pol\u00edtica e Poder\" href=\"https:\/\/institucional.ufrrj.br\/portalcpda\/cpda\/disciplinas\/disciplinasorganizacao-politica-e-poder\/\" rel=\"nofollow\">IH 1514<\/a> &#8211; Organiza\u00e7\u00e3o, Pol\u00edtica e Poder<\/p>\n<p style=\"text-align: justify\"><a title=\"Intelectuais e cultura pol\u00edtica\" href=\"https:\/\/institucional.ufrrj.br\/portalcpda\/intelectuais-e-cultura-politica\/\" rel=\"nofollow\">IH 1521<\/a> &#8211; Intelectuais e Cultura Pol\u00edtica<\/p>\n<p><a title=\"Sociologia pol\u00edtica\" href=\"https:\/\/institucional.ufrrj.br\/portalcpda\/sociologia-politica\/\" target=\"_blank\" rel=\"nofollow noopener noreferrer\">IH 1522<\/a> &#8211; Sociologia Pol\u00edtica<\/p>\n<p style=\"text-align: justify\"><a title=\"Movimentos sociais\" href=\"https:\/\/institucional.ufrrj.br\/portalcpda\/movimentos-sociais\/\" target=\"_blank\" rel=\"nofollow noopener noreferrer\">IH 1567<\/a> &#8211; Movimentos sociais<\/p>\n<p style=\"text-align: justify\"><a title=\"T\u00f3picos especiais em Movimentos sociais\" href=\"https:\/\/institucional.ufrrj.br\/portalcpda\/topicos-especiais-em-movimentos-sociais\/\" target=\"_blank\" rel=\"nofollow noopener noreferrer\">IH 1545<\/a> &#8211; T\u00f3picos Especiais em Movimentos Sociais<\/p>\n<p>&nbsp;<\/p>\n<p><strong>Linha de Pesquisa Natureza, Ci\u00eancia e Saberes<\/strong><\/p>\n<p style=\"text-align: justify\"><a title=\"Conven\u00e7\u00f5es globais ambientais e respostas nacionais comparadas\" href=\"https:\/\/institucional.ufrrj.br\/portalcpda\/convencoes-globais-ambientais-e-respostas-nacionais-comparadas\/\" target=\"_blank\" rel=\"nofollow noopener noreferrer\">IH 1563<\/a> &#8211; Conven\u00e7\u00f5es Globais sobre Meio Ambiente\u00a0 e Respostas Locais Comparadas<\/p>\n<p style=\"text-align: justify\"><a title=\"Hist\u00f3ria agroambiental comparada\" href=\"https:\/\/institucional.ufrrj.br\/portalcpda\/historia-agroambiental-comparada\/\" target=\"_blank\" rel=\"nofollow noopener noreferrer\">IH 1564<\/a> &#8211; Hist\u00f3ria Agroambiental Comparada<\/p>\n<p style=\"text-align: justify\"><a title=\"T\u00f3pico especial em Natureza, ci\u00eancia e saberes\" href=\"https:\/\/institucional.ufrrj.br\/portalcpda\/topico-especial-em-natureza-ciencia-e-saberes\/\" target=\"_blank\" rel=\"nofollow noopener noreferrer\">IH 1543<\/a> &#8211; T\u00f3picos Especiais em Natureza, Ci\u00eancia e Saberes<\/p>\n<p>&nbsp;<\/p>\n<p><strong>Linha de Pesquisa Pol\u00edticas p\u00fablicas, Estado e Atores Sociais<\/strong><\/p>\n<p style=\"text-align: justify\"><a title=\"Pol\u00edticas p\u00fablicas para o sistema agroalimentar\" href=\"https:\/\/institucional.ufrrj.br\/portalcpda\/politicas-publicas-para-o-sistema-agroalimentar\/\" target=\"_blank\" rel=\"nofollow noopener noreferrer\">IH 1516<\/a> &#8211; Pol\u00edticas p\u00fablicas para a Agricultura<\/p>\n<p style=\"text-align: justify\"><a title=\"An\u00e1lise comparada de sistemas e pol\u00edticas agr\u00edcolas\" href=\"https:\/\/institucional.ufrrj.br\/portalcpda\/analise-comparada-de-sistemas-e-politicas-agricolas\/\" target=\"_blank\" rel=\"nofollow noopener noreferrer\">IH 1540<\/a> &#8211; An\u00e1lise Comparada de Sistemas e Pol\u00edticas Agr\u00edcolas<\/p>\n<p style=\"text-align: justify\"><a title=\"Economia pol\u00edtica do sistema comercial mundial\" href=\"https:\/\/institucional.ufrrj.br\/portalcpda\/economia-politica-do-sistema-comercial-mundial\/\" target=\"_blank\" rel=\"nofollow noopener noreferrer\">IH 1542<\/a> &#8211; Economia Pol\u00edtica do Sistema Comercial Mundial<\/p>\n<p style=\"text-align: justify\"><a title=\"Teoria e pol\u00edtica do desenvolvimento local\" href=\"https:\/\/institucional.ufrrj.br\/portalcpda\/teoria-e-politica-do-desenvolvimento-local\/\" target=\"_blank\" rel=\"nofollow noopener noreferrer\">IH 1565<\/a> &#8211; Teoria e Pol\u00edtica do Desenvolvimento Local<\/p>\n<p>IH 1541 \u2013 Antropologia da Pol\u00edtica<\/p>\n<p>IH 1588 &#8211; Abordagens relacionais em Ci\u00eancias Sociais<\/p>\n<p style=\"text-align: justify\">IH 1519 &#8211; T\u00f3picos Especiais em Pol\u00edticas P\u00fablicas, Estado e Atores Sociais<\/p>\n<p>&nbsp;<\/p>\n<p><strong>Linha de Pesquisa Terra, Poder e Territ\u00f3rio<\/strong><\/p>\n<p><a href=\"https:\/\/institucional.ufrrj.br\/portalcpda\/financeirizacao-da-agricultura-e-formas-de-apropriacao-de-terras\/\">IH 1580<\/a> &#8211; Financeiriza\u00e7\u00e3o da agricultura e formas de apropria\u00e7\u00e3o de terras<\/p>\n<p><a href=\"https:\/\/institucional.ufrrj.br\/portalcpda\/sociologia-das-insurgencias\/\">IH 1583<\/a> \u2013 Sociologia das Insurg\u00eancias<\/p>\n<p><a href=\"https:\/\/institucional.ufrrj.br\/portalcpda\/antropologia-do-territorio\/\">IH 1585<\/a> \u2013 Antropologia do Territ\u00f3rio<\/p>\n<p><a href=\"https:\/\/institucional.ufrrj.br\/portalcpda\/cartografia-social-e-geotecnologias-na-analise-socioambiental\/\">IH 1587<\/a> \u2013 Cartografia Social e Geotecnologias na an\u00e1lise socioambiental<\/p>\n<p>IH 1582 &#8211; Quest\u00e3o Agr\u00e1ria: uma perspectiva hist\u00f3rica<\/p>\n<p>IH 1589 \u2013 T\u00f3picos Especiais em Terra, Poder e Territ\u00f3rio<\/p>\n<p>&nbsp;<\/p>\n<p>&nbsp;<\/p>\n<p>&nbsp;<\/p>\n<p>&nbsp;<\/p>\n<p>&nbsp;<\/p>\n","protected":false},"excerpt":{"rendered":"<p>&nbsp; As disciplinas do CPDA dividem-se em tr\u00eas categorias: Obrigat\u00f3rias Fundamentais Espec\u00edficas de Linha de Pesquisa As disciplinas Obrigat\u00f3rias e <a class=\"read-more\" href=\"https:\/\/institucional.ufrrj.br\/portalcpda\/disciplinas-2\/ \" >&#8230; <span class=\"font-italic\">leia mais <i class=\"fas fa-angle-right\"><\/i><\/span><\/a><\/p>\n","protected":false},"author":634,"featured_media":0,"parent":0,"menu_order":0,"comment_status":"open","ping_status":"open","template":"","meta":{"_acf_changed":false,"footnotes":""},"class_list":["post-71","page","type-page","status-publish","hentry"],"yoast_head":"<!-- This site is optimized with the Yoast SEO plugin v27.2 - https:\/\/yoast.com\/product\/yoast-seo-wordpress\/ -->\n<title>Disciplinas - CPDA<\/title>\n<meta name=\"robots\" content=\"index, follow, max-snippet:-1, max-image-preview:large, max-video-preview:-1\" \/>\n<link rel=\"canonical\" href=\"https:\/\/institucional.ufrrj.br\/portalcpda\/disciplinas-2\/\" \/>\n<meta property=\"og:locale\" content=\"pt_BR\" \/>\n<meta property=\"og:type\" content=\"article\" \/>\n<meta property=\"og:title\" content=\"Disciplinas - CPDA\" \/>\n<meta property=\"og:description\" content=\"&nbsp; As disciplinas do CPDA dividem-se em tr\u00eas categorias: Obrigat\u00f3rias Fundamentais Espec\u00edficas de Linha de Pesquisa As disciplinas Obrigat\u00f3rias e ... leia mais\" \/>\n<meta property=\"og:url\" content=\"https:\/\/institucional.ufrrj.br\/portalcpda\/disciplinas-2\/\" \/>\n<meta property=\"og:site_name\" content=\"CPDA\" \/>\n<meta property=\"article:modified_time\" content=\"2026-03-10T14:14:07+00:00\" \/>\n<meta name=\"twitter:card\" content=\"summary_large_image\" \/>\n<meta name=\"twitter:label1\" content=\"Est. tempo de leitura\" \/>\n\t<meta name=\"twitter:data1\" content=\"4 minutos\" \/>\n<script type=\"application\/ld+json\" class=\"yoast-schema-graph\">{\"@context\":\"https:\/\/schema.org\",\"@graph\":[{\"@type\":\"WebPage\",\"@id\":\"https:\/\/institucional.ufrrj.br\/portalcpda\/disciplinas-2\/\",\"url\":\"https:\/\/institucional.ufrrj.br\/portalcpda\/disciplinas-2\/\",\"name\":\"Disciplinas - CPDA\",\"isPartOf\":{\"@id\":\"https:\/\/institucional.ufrrj.br\/portalcpda\/#website\"},\"datePublished\":\"2011-07-05T16:21:06+00:00\",\"dateModified\":\"2026-03-10T14:14:07+00:00\",\"breadcrumb\":{\"@id\":\"https:\/\/institucional.ufrrj.br\/portalcpda\/disciplinas-2\/#breadcrumb\"},\"inLanguage\":\"pt-BR\",\"potentialAction\":[{\"@type\":\"ReadAction\",\"target\":[\"https:\/\/institucional.ufrrj.br\/portalcpda\/disciplinas-2\/\"]}]},{\"@type\":\"BreadcrumbList\",\"@id\":\"https:\/\/institucional.ufrrj.br\/portalcpda\/disciplinas-2\/#breadcrumb\",\"itemListElement\":[{\"@type\":\"ListItem\",\"position\":1,\"name\":\"In\u00edcio\",\"item\":\"https:\/\/institucional.ufrrj.br\/portalcpda\/\"},{\"@type\":\"ListItem\",\"position\":2,\"name\":\"Disciplinas\"}]},{\"@type\":\"WebSite\",\"@id\":\"https:\/\/institucional.ufrrj.br\/portalcpda\/#website\",\"url\":\"https:\/\/institucional.ufrrj.br\/portalcpda\/\",\"name\":\"CPDA\",\"description\":\"institucional.ufrrj.br\",\"potentialAction\":[{\"@type\":\"SearchAction\",\"target\":{\"@type\":\"EntryPoint\",\"urlTemplate\":\"https:\/\/institucional.ufrrj.br\/portalcpda\/?s={search_term_string}\"},\"query-input\":{\"@type\":\"PropertyValueSpecification\",\"valueRequired\":true,\"valueName\":\"search_term_string\"}}],\"inLanguage\":\"pt-BR\"}]}<\/script>\n<!-- \/ Yoast SEO plugin. -->","yoast_head_json":{"title":"Disciplinas - CPDA","robots":{"index":"index","follow":"follow","max-snippet":"max-snippet:-1","max-image-preview":"max-image-preview:large","max-video-preview":"max-video-preview:-1"},"canonical":"https:\/\/institucional.ufrrj.br\/portalcpda\/disciplinas-2\/","og_locale":"pt_BR","og_type":"article","og_title":"Disciplinas - CPDA","og_description":"&nbsp; As disciplinas do CPDA dividem-se em tr\u00eas categorias: Obrigat\u00f3rias Fundamentais Espec\u00edficas de Linha de Pesquisa As disciplinas Obrigat\u00f3rias e ... leia mais","og_url":"https:\/\/institucional.ufrrj.br\/portalcpda\/disciplinas-2\/","og_site_name":"CPDA","article_modified_time":"2026-03-10T14:14:07+00:00","twitter_card":"summary_large_image","twitter_misc":{"Est. tempo de leitura":"4 minutos"},"schema":{"@context":"https:\/\/schema.org","@graph":[{"@type":"WebPage","@id":"https:\/\/institucional.ufrrj.br\/portalcpda\/disciplinas-2\/","url":"https:\/\/institucional.ufrrj.br\/portalcpda\/disciplinas-2\/","name":"Disciplinas - CPDA","isPartOf":{"@id":"https:\/\/institucional.ufrrj.br\/portalcpda\/#website"},"datePublished":"2011-07-05T16:21:06+00:00","dateModified":"2026-03-10T14:14:07+00:00","breadcrumb":{"@id":"https:\/\/institucional.ufrrj.br\/portalcpda\/disciplinas-2\/#breadcrumb"},"inLanguage":"pt-BR","potentialAction":[{"@type":"ReadAction","target":["https:\/\/institucional.ufrrj.br\/portalcpda\/disciplinas-2\/"]}]},{"@type":"BreadcrumbList","@id":"https:\/\/institucional.ufrrj.br\/portalcpda\/disciplinas-2\/#breadcrumb","itemListElement":[{"@type":"ListItem","position":1,"name":"In\u00edcio","item":"https:\/\/institucional.ufrrj.br\/portalcpda\/"},{"@type":"ListItem","position":2,"name":"Disciplinas"}]},{"@type":"WebSite","@id":"https:\/\/institucional.ufrrj.br\/portalcpda\/#website","url":"https:\/\/institucional.ufrrj.br\/portalcpda\/","name":"CPDA","description":"institucional.ufrrj.br","potentialAction":[{"@type":"SearchAction","target":{"@type":"EntryPoint","urlTemplate":"https:\/\/institucional.ufrrj.br\/portalcpda\/?s={search_term_string}"},"query-input":{"@type":"PropertyValueSpecification","valueRequired":true,"valueName":"search_term_string"}}],"inLanguage":"pt-BR"}]}},"acf":[],"_links":{"self":[{"href":"https:\/\/institucional.ufrrj.br\/portalcpda\/wp-json\/wp\/v2\/pages\/71","targetHints":{"allow":["GET"]}}],"collection":[{"href":"https:\/\/institucional.ufrrj.br\/portalcpda\/wp-json\/wp\/v2\/pages"}],"about":[{"href":"https:\/\/institucional.ufrrj.br\/portalcpda\/wp-json\/wp\/v2\/types\/page"}],"author":[{"embeddable":true,"href":"https:\/\/institucional.ufrrj.br\/portalcpda\/wp-json\/wp\/v2\/users\/634"}],"replies":[{"embeddable":true,"href":"https:\/\/institucional.ufrrj.br\/portalcpda\/wp-json\/wp\/v2\/comments?post=71"}],"version-history":[{"count":3,"href":"https:\/\/institucional.ufrrj.br\/portalcpda\/wp-json\/wp\/v2\/pages\/71\/revisions"}],"predecessor-version":[{"id":27685,"href":"https:\/\/institucional.ufrrj.br\/portalcpda\/wp-json\/wp\/v2\/pages\/71\/revisions\/27685"}],"wp:attachment":[{"href":"https:\/\/institucional.ufrrj.br\/portalcpda\/wp-json\/wp\/v2\/media?parent=71"}],"curies":[{"name":"wp","href":"https:\/\/api.w.org\/{rel}","templated":true}]}}