{"id":688,"date":"2011-09-05T16:03:36","date_gmt":"2011-09-05T16:03:36","guid":{"rendered":"http:\/\/r1.ufrrj.br\/cpda\/?page_id=688"},"modified":"2018-09-04T17:35:19","modified_gmt":"2018-09-04T20:35:19","slug":"dissertacoes-mestrado-2005","status":"publish","type":"page","link":"https:\/\/institucional.ufrrj.br\/portalcpda\/dissertacoes-mestrado-2005\/","title":{"rendered":"Disserta\u00e7\u00f5es Mestrado 2005"},"content":{"rendered":"<p>&nbsp;<\/p>\n<p><strong>MARIA HELENA ALVES SILVA<br \/>\n<a href=\"https:\/\/institucional.ufrrj.br\/portalcpda\/files\/2018\/09\/2005-Maria-Helena-Silva.pdf\" target=\"_blank\" rel=\"noopener\">Participa\u00e7\u00e3o Social e desenvolvimento local: o caso dos agricultores familiares de Berilo \u2013 Vale do Jequitinhonha, Minas Gerais<\/a><\/strong><\/p>\n<p>Defesa: 22\/02\/2005<br \/>\nOrientador: Peter Herman May (CPDA\/UFRRJ)<\/p>\n<p>&nbsp;<\/p>\n<hr \/>\n<p><strong>MAUR\u00cdLIO LIMA BOTELHO<br \/>\nA rela\u00e7\u00e3o campo-cidade em \u201cO Capital\u201d de Marx: Um estudo dial\u00e9tico<\/strong><\/p>\n<p>Defesa: 24\/02\/2005<br \/>\nOrientador: Roberto Jos\u00e9 Moreira (CPDA\/UFRRJ)<\/p>\n<p>&nbsp;<\/p>\n<hr \/>\n<p><strong>ANDR\u00c9 KUHN RAUPP<br \/>\nPol\u00edticas p\u00fablicas e agroind\u00fastrias de pequeno porte da agricultura familiar em considera\u00e7\u00f5es a partir de experi\u00eancia no Rio Grande do Sul<\/strong><\/p>\n<p>Defesa: 29\/04\/2005<br \/>\nOrientador: John Wilkinson (CPDA\/UFRRJ)<\/p>\n<p>&nbsp;<\/p>\n<hr \/>\n<p><strong>MANOEL VIEIRA GOMES JUNIOR<br \/>\nO espa\u00e7o cai\u00e7ara e o dom da terra. Um estudo s\u00f3cio espacial da Praia Grande da Caja\u00edba\/Reserva Ecol\u00f3gica da Juatinga-RJ<\/strong><\/p>\n<p>Defesa: 31\/05\/2005<br \/>\nOrientadora: Eli de F\u00e1tima Napole\u00e3o de Lima (CPDA\/UFRRJ)<\/p>\n<p>&nbsp;<\/p>\n<hr \/>\n<p><strong>PABLO DE LAS TORRES SPINELLI FONSECA<br \/>\n<a href=\"https:\/\/institucional.ufrrj.br\/portalcpda\/files\/2018\/09\/2005-Pablo-Spinelli-Vers\u00fao-Maio-2007-Definitiva.pdf\" target=\"_blank\" rel=\"noopener\">Jorge Amado Constituinte &amp; Literato<\/a><\/strong><\/p>\n<p>Defesa: 08\/06\/2005<br \/>\nOrientadora: Eli de F\u00e1tima Napole\u00e3o de Lima (CPDA\/UFRRJ)<\/p>\n<p>&nbsp;<\/p>\n<hr \/>\n<p><strong>JOANA FILIPA DIAS VIL\u00c3O DA ROCHA DIAS<br \/>\n<a href=\"https:\/\/institucional.ufrrj.br\/portalcpda\/files\/2018\/08\/2005.disserta\u00ba\u00fao.joana_dias.pdf\" target=\"_blank\" rel=\"noopener\">A Constru\u00e7\u00e3o Institucional da Qualidade em Produtos Tradicionais<\/a><\/strong><\/p>\n<p>Defesa: 29\/07\/2005<br \/>\nOrientador: John Wilkinson (CPDA\/UFRRJ)<\/p>\n<p>&nbsp;<\/p>\n<hr \/>\n<p><strong>SALOM\u00c9 LIMA FERREIRA<br \/>\n<a href=\"https:\/\/institucional.ufrrj.br\/portalcpda\/files\/2018\/08\/2005.disserta\u00ba\u00fao.salome_lima_ferreira.pdf\" target=\"_blank\" rel=\"noopener\">Lideran\u00e7a religiosa e lideran\u00e7a pol\u00edtica em um assentamento rural<\/a><\/strong><\/p>\n<p>Defesa: 17\/08\/2005<br \/>\nOrientador: John Comerford (CPDA\/UFRRJ)<\/p>\n<p>&nbsp;<\/p>\n<hr \/>\n<p><strong>DELUCIANA SOFIATTI<br \/>\n<a href=\"https:\/\/institucional.ufrrj.br\/portalcpda\/files\/2018\/08\/2005.disserta\u00ba\u00fao.deluciana_sofiatti.pdf\" target=\"_blank\" rel=\"noopener\">Os espa\u00e7os p\u00fablicos de participa\u00e7\u00e3o na elabora\u00e7\u00e3o de pol\u00edticas p\u00fablicas: O caso do Conselho Estadual de Seguran\u00e7a Alimentar do Rio de Janeiro<\/a><\/strong><\/p>\n<p>Defesa: 22\/08\/2005<br \/>\nOrientador: Nelson Giordano Delgado (CPDA\/UFRRJ)<\/p>\n<p>&nbsp;<\/p>\n<hr \/>\n<p><strong>HENRIQUE CAMPOS MOREIRA ROSA<br \/>\n<a href=\"https:\/\/institucional.ufrrj.br\/portalcpda\/files\/2018\/09\/2005-Henrique-Campos.pdf\" target=\"_blank\" rel=\"noopener\">Atores e interesses que articulam as transforma\u00e7\u00f5es s\u00f3cio-espaciais de uma localidade cai\u00e7ara: o caso de Pouso do Caja\u00edba no litoral sul fluminense<\/a><\/strong><\/p>\n<p>Defesa: 24\/08\/2005<br \/>\nOrientador: Nelson Giordano Delgado (CPDA\/UFRRJ)<\/p>\n<p>&nbsp;<\/p>\n<hr \/>\n<p><strong>JULIANA SIM\u00d5ES SPERANZA<br \/>\n<a href=\"https:\/\/institucional.ufrrj.br\/portalcpda\/files\/2018\/08\/2005.disserta\u00ba\u00fao.juliana_simoes_speranza.pdf\" target=\"_blank\" rel=\"noopener\">Desenvolvimento local. Aproxima\u00e7\u00f5es entre o Banco Mundial e o debate brasileiro: limites ou possibilidades?<\/a><\/strong><\/p>\n<p>Defesa: 26\/08\/2005<br \/>\nOrientador: Nelson Giordano Delgado (CPDA\/UFRRJ)<\/p>\n<p>&nbsp;<\/p>\n<hr \/>\n<p><strong>VIVIAN BRAGA DE OLIVEIRA MIELNICZUK<br \/>\n<a href=\"https:\/\/institucional.ufrrj.br\/portalcpda\/files\/2018\/08\/2005.disserta\u00ba\u00fao.vivian_braga.pdf\" target=\"_blank\" rel=\"noopener\">Gosto ou necessidade? Os significativos da alimenta\u00e7\u00e3o escolar no munic\u00edpio do Rio de Janeiro<\/a><\/strong><\/p>\n<p>Defesa: 29\/08\/2005<br \/>\nOrientadora: Maria Jos\u00e9 Teixeira Carneiro (CPDA\/UFRRJ)<\/p>\n<p>&nbsp;<\/p>\n<hr \/>\n<p><strong>GABRIELLE MACHADO PIMENTEL<br \/>\n<a href=\"https:\/\/institucional.ufrrj.br\/portalcpda\/files\/2018\/08\/2005.disserta\u00ba\u00fao.gabrielle_pimentel.pdf\" target=\"_blank\" rel=\"noopener\">A Atua\u00e7\u00e3o do grande varejo na constru\u00e7\u00e3o social da demanda de produtos org\u00e2nicos: O caso P\u00e3o de A\u00e7\u00facar na cadeia de frutas, legumes e verduras org\u00e2nicos na cidade de S\u00e3o Paulo<\/a><\/strong><\/p>\n<p>Defesa: 29\/08\/2005<br \/>\nOrientador: John Wilkinson (CPDA\/UFRRJ)<\/p>\n<p>&nbsp;<\/p>\n<hr \/>\n<p><strong>NARA N\u00daBIA DE MOURA<br \/>\nPercep\u00e7\u00e3o de risco do uso de agrot\u00f3xicos: o caso dos produtores de S\u00e3o Jos\u00e9 de Ub\u00e1\/RJ<\/strong><\/p>\n<p>Defesa: 30\/08\/2005<br \/>\nOrientador: Peter Herman May (CPDA\/UFRRJ)<\/p>\n<p>&nbsp;<\/p>\n<hr \/>\n<p><strong>MAUR\u00cdCIO MARTINS DE OLIVEIRA<br \/>\n<a href=\"https:\/\/institucional.ufrrj.br\/portalcpda\/files\/2018\/08\/2005.disserta\u00ba\u00fao.mauricio_martins-de-oliveira.pdf\" target=\"_blank\" rel=\"noopener\">Do Rio a Maric\u00e1: estrat\u00e9gia e experi\u00eancia do \u00eaxodo urbano no Estado do Rio de Janeiro<\/a><\/strong><\/p>\n<p>Defesa: 31\/08\/2005<br \/>\nOrientador: Luiz Fl\u00e1vio de Carvalho Costa (CPDA\/UFRRJ)<\/p>\n<p>&nbsp;<\/p>\n<hr \/>\n<p><strong>RITA ARA\u00daJO COSENZA<br \/>\n<a href=\"https:\/\/institucional.ufrrj.br\/portalcpda\/files\/2018\/08\/2005.disserta\u00ba\u00fao.rita_de_cassia_cosenza.pdf\" target=\"_blank\" rel=\"noopener\">Das Matas \u00e0 Vila: mudan\u00e7as no processo de trabalho e forma\u00e7\u00e3o do assalariado florestal. Um estudo de caso em Baixa Verde, Minas Gerais<\/a><\/strong><\/p>\n<p>Defesa: 06\/09\/2005<br \/>\nOrientadora: Leonilde S\u00e9rvolo de Medeiros (CPDA\/UFRRJ)<\/p>\n<p>&nbsp;<\/p>\n<hr \/>\n<p><strong>FAGNER MOURA DA COSTA<br \/>\n<a href=\"https:\/\/institucional.ufrrj.br\/portalcpda\/files\/2018\/08\/2005.disserta\u00ba\u00fao.fagner_moura.pdf\" target=\"_blank\" rel=\"noopener\">O Plano Municipal de Desenvolvimento Rural do Munic\u00edpio de Porci\u00fancula (RJ) e as contribui\u00e7\u00f5es do enfoque da multifuncionalidade da agricultura<\/a><\/strong><\/p>\n<p>Defesa: 29\/09\/2005<br \/>\nOrientador: Renato S. Maluf (CPDA\/UFRRJ)<\/p>\n<p>&nbsp;<\/p>\n<hr \/>\n<p><strong>CLOVIOMAR CARARINE PEREIRA<br \/>\n<a href=\"https:\/\/institucional.ufrrj.br\/portalcpda\/files\/2018\/08\/2005.disserta\u00ba\u00fao.cloviomar-pereira.pdf\" target=\"_blank\" rel=\"noopener\">Devo n\u00e3o nego, pago quando puder: entendendo a inadimpl\u00eancia no assentamento Rural Casa Altas, Serop\u00e9dica (RJ)<\/a><\/strong><\/p>\n<p>Defesa: 29\/11\/2005<br \/>\nOrientadora: Regina \u00c2ngela Landim Bruno (CPDA\/UFRRJ)<\/p>\n<p>&nbsp;<\/p>\n<hr \/>\n<p><strong>CAMILA MORENO<br \/>\n<a href=\"https:\/\/institucional.ufrrj.br\/portalcpda\/files\/2018\/09\/2005-camila-moreno.pdf\" target=\"_blank\" rel=\"noopener\">Marx visita a Monsanto: para pensar a quest\u00e3o agr\u00e1ria no s\u00e9culo XXI<\/a><\/strong><\/p>\n<p>Defesa: 07\/12\/2005<br \/>\nOrientador: H\u00e9ctor Alimonda (CPDA\/UFRRJ)<\/p>\n<p>&nbsp;<\/p>\n<hr \/>\n<p><strong>CARMEN VER\u00d4NICA DOS SANTOS CASTRO<br \/>\n<a href=\"https:\/\/institucional.ufrrj.br\/portalcpda\/files\/2018\/08\/2005.disserta\u00ba\u00fao.carmen_veronica_dos_santos-castro.pdf\" target=\"_blank\" rel=\"noopener\">A m\u00edstica de tornar-se jovem no MST &#8211; a experi\u00eancia do I Curso de Realidade Brasileira para jovens do meio rural (1999)<\/a><\/strong><\/p>\n<p>Defesa: 19\/12\/2005<br \/>\nOrientadora: Regina \u00c2ngela Landim Bruno (CPDA\/UFRRJ)<\/p>\n<p>&nbsp;<\/p>\n<p>&nbsp;<\/p>\n","protected":false},"excerpt":{"rendered":"<p>&nbsp; MARIA HELENA ALVES SILVA Participa\u00e7\u00e3o Social e desenvolvimento local: o caso dos agricultores familiares de Berilo \u2013 Vale do <a class=\"read-more\" href=\"https:\/\/institucional.ufrrj.br\/portalcpda\/dissertacoes-mestrado-2005\/ \" >&#8230; <span class=\"font-italic\">leia mais <i class=\"fas fa-angle-right\"><\/i><\/span><\/a><\/p>\n","protected":false},"author":634,"featured_media":0,"parent":0,"menu_order":0,"comment_status":"open","ping_status":"open","template":"","meta":{"_acf_changed":false,"footnotes":""},"class_list":["post-688","page","type-page","status-publish","hentry"],"yoast_head":"<!-- This site is optimized with the Yoast SEO plugin v27.2 - https:\/\/yoast.com\/product\/yoast-seo-wordpress\/ -->\n<title>Disserta\u00e7\u00f5es Mestrado 2005 - CPDA<\/title>\n<meta name=\"robots\" content=\"index, follow, max-snippet:-1, max-image-preview:large, max-video-preview:-1\" \/>\n<link rel=\"canonical\" href=\"https:\/\/institucional.ufrrj.br\/portalcpda\/dissertacoes-mestrado-2005\/\" \/>\n<meta property=\"og:locale\" content=\"pt_BR\" \/>\n<meta property=\"og:type\" content=\"article\" \/>\n<meta property=\"og:title\" content=\"Disserta\u00e7\u00f5es Mestrado 2005 - CPDA\" \/>\n<meta property=\"og:description\" content=\"&nbsp; MARIA HELENA ALVES SILVA Participa\u00e7\u00e3o Social e desenvolvimento local: o caso dos agricultores familiares de Berilo \u2013 Vale do ... leia mais\" \/>\n<meta property=\"og:url\" content=\"https:\/\/institucional.ufrrj.br\/portalcpda\/dissertacoes-mestrado-2005\/\" \/>\n<meta property=\"og:site_name\" content=\"CPDA\" \/>\n<meta property=\"article:modified_time\" content=\"2018-09-04T20:35:19+00:00\" \/>\n<meta name=\"twitter:card\" content=\"summary_large_image\" \/>\n<meta name=\"twitter:label1\" content=\"Est. tempo de leitura\" \/>\n\t<meta name=\"twitter:data1\" content=\"3 minutos\" \/>\n<script type=\"application\/ld+json\" class=\"yoast-schema-graph\">{\"@context\":\"https:\/\/schema.org\",\"@graph\":[{\"@type\":\"WebPage\",\"@id\":\"https:\/\/institucional.ufrrj.br\/portalcpda\/dissertacoes-mestrado-2005\/\",\"url\":\"https:\/\/institucional.ufrrj.br\/portalcpda\/dissertacoes-mestrado-2005\/\",\"name\":\"Disserta\u00e7\u00f5es Mestrado 2005 - CPDA\",\"isPartOf\":{\"@id\":\"https:\/\/institucional.ufrrj.br\/portalcpda\/#website\"},\"datePublished\":\"2011-09-05T16:03:36+00:00\",\"dateModified\":\"2018-09-04T20:35:19+00:00\",\"breadcrumb\":{\"@id\":\"https:\/\/institucional.ufrrj.br\/portalcpda\/dissertacoes-mestrado-2005\/#breadcrumb\"},\"inLanguage\":\"pt-BR\",\"potentialAction\":[{\"@type\":\"ReadAction\",\"target\":[\"https:\/\/institucional.ufrrj.br\/portalcpda\/dissertacoes-mestrado-2005\/\"]}]},{\"@type\":\"BreadcrumbList\",\"@id\":\"https:\/\/institucional.ufrrj.br\/portalcpda\/dissertacoes-mestrado-2005\/#breadcrumb\",\"itemListElement\":[{\"@type\":\"ListItem\",\"position\":1,\"name\":\"In\u00edcio\",\"item\":\"https:\/\/institucional.ufrrj.br\/portalcpda\/\"},{\"@type\":\"ListItem\",\"position\":2,\"name\":\"Disserta\u00e7\u00f5es Mestrado 2005\"}]},{\"@type\":\"WebSite\",\"@id\":\"https:\/\/institucional.ufrrj.br\/portalcpda\/#website\",\"url\":\"https:\/\/institucional.ufrrj.br\/portalcpda\/\",\"name\":\"CPDA\",\"description\":\"institucional.ufrrj.br\",\"potentialAction\":[{\"@type\":\"SearchAction\",\"target\":{\"@type\":\"EntryPoint\",\"urlTemplate\":\"https:\/\/institucional.ufrrj.br\/portalcpda\/?s={search_term_string}\"},\"query-input\":{\"@type\":\"PropertyValueSpecification\",\"valueRequired\":true,\"valueName\":\"search_term_string\"}}],\"inLanguage\":\"pt-BR\"}]}<\/script>\n<!-- \/ Yoast SEO plugin. -->","yoast_head_json":{"title":"Disserta\u00e7\u00f5es Mestrado 2005 - CPDA","robots":{"index":"index","follow":"follow","max-snippet":"max-snippet:-1","max-image-preview":"max-image-preview:large","max-video-preview":"max-video-preview:-1"},"canonical":"https:\/\/institucional.ufrrj.br\/portalcpda\/dissertacoes-mestrado-2005\/","og_locale":"pt_BR","og_type":"article","og_title":"Disserta\u00e7\u00f5es Mestrado 2005 - CPDA","og_description":"&nbsp; MARIA HELENA ALVES SILVA Participa\u00e7\u00e3o Social e desenvolvimento local: o caso dos agricultores familiares de Berilo \u2013 Vale do ... leia mais","og_url":"https:\/\/institucional.ufrrj.br\/portalcpda\/dissertacoes-mestrado-2005\/","og_site_name":"CPDA","article_modified_time":"2018-09-04T20:35:19+00:00","twitter_card":"summary_large_image","twitter_misc":{"Est. tempo de leitura":"3 minutos"},"schema":{"@context":"https:\/\/schema.org","@graph":[{"@type":"WebPage","@id":"https:\/\/institucional.ufrrj.br\/portalcpda\/dissertacoes-mestrado-2005\/","url":"https:\/\/institucional.ufrrj.br\/portalcpda\/dissertacoes-mestrado-2005\/","name":"Disserta\u00e7\u00f5es Mestrado 2005 - CPDA","isPartOf":{"@id":"https:\/\/institucional.ufrrj.br\/portalcpda\/#website"},"datePublished":"2011-09-05T16:03:36+00:00","dateModified":"2018-09-04T20:35:19+00:00","breadcrumb":{"@id":"https:\/\/institucional.ufrrj.br\/portalcpda\/dissertacoes-mestrado-2005\/#breadcrumb"},"inLanguage":"pt-BR","potentialAction":[{"@type":"ReadAction","target":["https:\/\/institucional.ufrrj.br\/portalcpda\/dissertacoes-mestrado-2005\/"]}]},{"@type":"BreadcrumbList","@id":"https:\/\/institucional.ufrrj.br\/portalcpda\/dissertacoes-mestrado-2005\/#breadcrumb","itemListElement":[{"@type":"ListItem","position":1,"name":"In\u00edcio","item":"https:\/\/institucional.ufrrj.br\/portalcpda\/"},{"@type":"ListItem","position":2,"name":"Disserta\u00e7\u00f5es Mestrado 2005"}]},{"@type":"WebSite","@id":"https:\/\/institucional.ufrrj.br\/portalcpda\/#website","url":"https:\/\/institucional.ufrrj.br\/portalcpda\/","name":"CPDA","description":"institucional.ufrrj.br","potentialAction":[{"@type":"SearchAction","target":{"@type":"EntryPoint","urlTemplate":"https:\/\/institucional.ufrrj.br\/portalcpda\/?s={search_term_string}"},"query-input":{"@type":"PropertyValueSpecification","valueRequired":true,"valueName":"search_term_string"}}],"inLanguage":"pt-BR"}]}},"acf":[],"_links":{"self":[{"href":"https:\/\/institucional.ufrrj.br\/portalcpda\/wp-json\/wp\/v2\/pages\/688","targetHints":{"allow":["GET"]}}],"collection":[{"href":"https:\/\/institucional.ufrrj.br\/portalcpda\/wp-json\/wp\/v2\/pages"}],"about":[{"href":"https:\/\/institucional.ufrrj.br\/portalcpda\/wp-json\/wp\/v2\/types\/page"}],"author":[{"embeddable":true,"href":"https:\/\/institucional.ufrrj.br\/portalcpda\/wp-json\/wp\/v2\/users\/634"}],"replies":[{"embeddable":true,"href":"https:\/\/institucional.ufrrj.br\/portalcpda\/wp-json\/wp\/v2\/comments?post=688"}],"version-history":[{"count":20,"href":"https:\/\/institucional.ufrrj.br\/portalcpda\/wp-json\/wp\/v2\/pages\/688\/revisions"}],"predecessor-version":[{"id":15842,"href":"https:\/\/institucional.ufrrj.br\/portalcpda\/wp-json\/wp\/v2\/pages\/688\/revisions\/15842"}],"wp:attachment":[{"href":"https:\/\/institucional.ufrrj.br\/portalcpda\/wp-json\/wp\/v2\/media?parent=688"}],"curies":[{"name":"wp","href":"https:\/\/api.w.org\/{rel}","templated":true}]}}