{"id":6811,"date":"2015-07-07T12:09:19","date_gmt":"2015-07-07T15:09:19","guid":{"rendered":"http:\/\/r1.ufrrj.br\/cpda\/?page_id=6811"},"modified":"2025-05-15T12:04:32","modified_gmt":"2025-05-15T15:04:32","slug":"ana-lidia","status":"publish","type":"page","link":"https:\/\/institucional.ufrrj.br\/portalcpda\/ana-lidia\/","title":{"rendered":"Ana L\u00eddia de Lima Barbosa"},"content":{"rendered":"<p><span style=\"text-align: justify\"><a href=\"https:\/\/institucional.ufrrj.br\/portalcpda\/files\/2022\/03\/Ana-Lidia.jpeg\"><img loading=\"lazy\" decoding=\"async\" class=\"size-medium wp-image-23024 alignleft\" src=\"https:\/\/institucional.ufrrj.br\/portalcpda\/files\/2022\/03\/Ana-Lidia-225x300.jpeg\" alt=\"\" width=\"225\" height=\"300\" srcset=\"https:\/\/institucional.ufrrj.br\/portalcpda\/files\/2022\/03\/Ana-Lidia-225x300.jpeg 225w, https:\/\/institucional.ufrrj.br\/portalcpda\/files\/2022\/03\/Ana-Lidia-768x1024.jpeg 768w, https:\/\/institucional.ufrrj.br\/portalcpda\/files\/2022\/03\/Ana-Lidia.jpeg 1200w\" sizes=\"auto, (max-width: 225px) 100vw, 225px\" \/><\/a>(21) 2224-8577 \u2013 Ramal 205<br \/>\ncpda_secretaria_academica@ufrrj.br<\/span><\/p>\n<p>Graduanda em Administra\u00e7\u00e3o P\u00fablica pelo CEDERJ\/UFF com previs\u00e3o de conclus\u00e3o para jun\/2016. Servidora T\u00e9cnica-Administrativa com experi\u00eancia na \u00e1rea de Recursos Humanos e Sa\u00fade do Trabalhador.<\/p>\n<p><strong><br \/>\nPrincipais atribui\u00e7\u00f5es<\/strong>: atendimento acad\u00eamico a docentes e discentes;\u00a0matr\u00edcula de alunos internos e externos; acompanhamento acad\u00eamico dos discentes (lan\u00e7amento de conceitos,\u00a0emiss\u00e3o de atestados, hist\u00f3ricos provis\u00f3rios, carteiras de estudantes etc. \u2013 prazo de 3 dias \u00fateis);\u00a0agendamento de salas, atualiza\u00e7\u00e3o do\u00a0<em>mailing list<\/em>;\u00a0agendamento e organiza\u00e7\u00e3o de bancas de qualifica\u00e7\u00e3o e defesa de disserta\u00e7\u00f5es e teses; relat\u00f3rio CAPES\/Sucupira; registro de participantes externos (P\u00f3s-Doutores, Profs. Visitantes e alunos de Doutorado Sandu\u00edche Reverso); atualiza\u00e7\u00e3o do site com teses e disserta\u00e7\u00f5es defendidas<\/p>\n<p>&nbsp;<\/p>\n<p>&nbsp;<\/p>\n<p>&nbsp;<\/p>\n<p>&nbsp;<\/p>\n<div class=\"dc\"><\/div>\n","protected":false},"excerpt":{"rendered":"<p>(21) 2224-8577 \u2013 Ramal 205 cpda_secretaria_academica@ufrrj.br Graduanda em Administra\u00e7\u00e3o P\u00fablica pelo CEDERJ\/UFF com previs\u00e3o de conclus\u00e3o para jun\/2016. Servidora T\u00e9cnica-Administrativa <a class=\"read-more\" href=\"https:\/\/institucional.ufrrj.br\/portalcpda\/ana-lidia\/ \" >&#8230; <span class=\"font-italic\">leia mais <i class=\"fas fa-angle-right\"><\/i><\/span><\/a><\/p>\n","protected":false},"author":634,"featured_media":0,"parent":0,"menu_order":0,"comment_status":"open","ping_status":"open","template":"","meta":{"_acf_changed":false,"footnotes":""},"class_list":["post-6811","page","type-page","status-publish","hentry"],"yoast_head":"<!-- This site is optimized with the Yoast SEO plugin v27.2 - https:\/\/yoast.com\/product\/yoast-seo-wordpress\/ -->\n<title>Ana L\u00eddia de Lima Barbosa - CPDA<\/title>\n<meta name=\"robots\" content=\"index, follow, max-snippet:-1, max-image-preview:large, max-video-preview:-1\" \/>\n<link rel=\"canonical\" href=\"https:\/\/institucional.ufrrj.br\/portalcpda\/ana-lidia\/\" \/>\n<meta property=\"og:locale\" content=\"pt_BR\" \/>\n<meta property=\"og:type\" content=\"article\" \/>\n<meta property=\"og:title\" content=\"Ana L\u00eddia de Lima Barbosa - CPDA\" \/>\n<meta property=\"og:description\" content=\"(21) 2224-8577 \u2013 Ramal 205 cpda_secretaria_academica@ufrrj.br Graduanda em Administra\u00e7\u00e3o P\u00fablica pelo CEDERJ\/UFF com previs\u00e3o de conclus\u00e3o para jun\/2016. Servidora T\u00e9cnica-Administrativa ... leia mais\" \/>\n<meta property=\"og:url\" content=\"https:\/\/institucional.ufrrj.br\/portalcpda\/ana-lidia\/\" \/>\n<meta property=\"og:site_name\" content=\"CPDA\" \/>\n<meta property=\"article:modified_time\" content=\"2025-05-15T15:04:32+00:00\" \/>\n<meta property=\"og:image\" content=\"http:\/\/institucional.ufrrj.br\/portalcpda\/files\/2022\/03\/Ana-Lidia-225x300.jpeg\" \/>\n<meta name=\"twitter:card\" content=\"summary_large_image\" \/>\n<meta name=\"twitter:label1\" content=\"Est. tempo de leitura\" \/>\n\t<meta name=\"twitter:data1\" content=\"1 minuto\" \/>\n<script type=\"application\/ld+json\" class=\"yoast-schema-graph\">{\"@context\":\"https:\/\/schema.org\",\"@graph\":[{\"@type\":\"WebPage\",\"@id\":\"https:\/\/institucional.ufrrj.br\/portalcpda\/ana-lidia\/\",\"url\":\"https:\/\/institucional.ufrrj.br\/portalcpda\/ana-lidia\/\",\"name\":\"Ana L\u00eddia de Lima Barbosa - CPDA\",\"isPartOf\":{\"@id\":\"https:\/\/institucional.ufrrj.br\/portalcpda\/#website\"},\"primaryImageOfPage\":{\"@id\":\"https:\/\/institucional.ufrrj.br\/portalcpda\/ana-lidia\/#primaryimage\"},\"image\":{\"@id\":\"https:\/\/institucional.ufrrj.br\/portalcpda\/ana-lidia\/#primaryimage\"},\"thumbnailUrl\":\"http:\/\/institucional.ufrrj.br\/portalcpda\/files\/2022\/03\/Ana-Lidia-225x300.jpeg\",\"datePublished\":\"2015-07-07T15:09:19+00:00\",\"dateModified\":\"2025-05-15T15:04:32+00:00\",\"breadcrumb\":{\"@id\":\"https:\/\/institucional.ufrrj.br\/portalcpda\/ana-lidia\/#breadcrumb\"},\"inLanguage\":\"pt-BR\",\"potentialAction\":[{\"@type\":\"ReadAction\",\"target\":[\"https:\/\/institucional.ufrrj.br\/portalcpda\/ana-lidia\/\"]}]},{\"@type\":\"ImageObject\",\"inLanguage\":\"pt-BR\",\"@id\":\"https:\/\/institucional.ufrrj.br\/portalcpda\/ana-lidia\/#primaryimage\",\"url\":\"http:\/\/institucional.ufrrj.br\/portalcpda\/files\/2022\/03\/Ana-Lidia-225x300.jpeg\",\"contentUrl\":\"http:\/\/institucional.ufrrj.br\/portalcpda\/files\/2022\/03\/Ana-Lidia-225x300.jpeg\"},{\"@type\":\"BreadcrumbList\",\"@id\":\"https:\/\/institucional.ufrrj.br\/portalcpda\/ana-lidia\/#breadcrumb\",\"itemListElement\":[{\"@type\":\"ListItem\",\"position\":1,\"name\":\"In\u00edcio\",\"item\":\"https:\/\/institucional.ufrrj.br\/portalcpda\/\"},{\"@type\":\"ListItem\",\"position\":2,\"name\":\"Ana L\u00eddia de Lima Barbosa\"}]},{\"@type\":\"WebSite\",\"@id\":\"https:\/\/institucional.ufrrj.br\/portalcpda\/#website\",\"url\":\"https:\/\/institucional.ufrrj.br\/portalcpda\/\",\"name\":\"CPDA\",\"description\":\"institucional.ufrrj.br\",\"potentialAction\":[{\"@type\":\"SearchAction\",\"target\":{\"@type\":\"EntryPoint\",\"urlTemplate\":\"https:\/\/institucional.ufrrj.br\/portalcpda\/?s={search_term_string}\"},\"query-input\":{\"@type\":\"PropertyValueSpecification\",\"valueRequired\":true,\"valueName\":\"search_term_string\"}}],\"inLanguage\":\"pt-BR\"}]}<\/script>\n<!-- \/ Yoast SEO plugin. -->","yoast_head_json":{"title":"Ana L\u00eddia de Lima Barbosa - CPDA","robots":{"index":"index","follow":"follow","max-snippet":"max-snippet:-1","max-image-preview":"max-image-preview:large","max-video-preview":"max-video-preview:-1"},"canonical":"https:\/\/institucional.ufrrj.br\/portalcpda\/ana-lidia\/","og_locale":"pt_BR","og_type":"article","og_title":"Ana L\u00eddia de Lima Barbosa - CPDA","og_description":"(21) 2224-8577 \u2013 Ramal 205 cpda_secretaria_academica@ufrrj.br Graduanda em Administra\u00e7\u00e3o P\u00fablica pelo CEDERJ\/UFF com previs\u00e3o de conclus\u00e3o para jun\/2016. Servidora T\u00e9cnica-Administrativa ... leia mais","og_url":"https:\/\/institucional.ufrrj.br\/portalcpda\/ana-lidia\/","og_site_name":"CPDA","article_modified_time":"2025-05-15T15:04:32+00:00","og_image":[{"url":"http:\/\/institucional.ufrrj.br\/portalcpda\/files\/2022\/03\/Ana-Lidia-225x300.jpeg","type":"","width":"","height":""}],"twitter_card":"summary_large_image","twitter_misc":{"Est. tempo de leitura":"1 minuto"},"schema":{"@context":"https:\/\/schema.org","@graph":[{"@type":"WebPage","@id":"https:\/\/institucional.ufrrj.br\/portalcpda\/ana-lidia\/","url":"https:\/\/institucional.ufrrj.br\/portalcpda\/ana-lidia\/","name":"Ana L\u00eddia de Lima Barbosa - CPDA","isPartOf":{"@id":"https:\/\/institucional.ufrrj.br\/portalcpda\/#website"},"primaryImageOfPage":{"@id":"https:\/\/institucional.ufrrj.br\/portalcpda\/ana-lidia\/#primaryimage"},"image":{"@id":"https:\/\/institucional.ufrrj.br\/portalcpda\/ana-lidia\/#primaryimage"},"thumbnailUrl":"http:\/\/institucional.ufrrj.br\/portalcpda\/files\/2022\/03\/Ana-Lidia-225x300.jpeg","datePublished":"2015-07-07T15:09:19+00:00","dateModified":"2025-05-15T15:04:32+00:00","breadcrumb":{"@id":"https:\/\/institucional.ufrrj.br\/portalcpda\/ana-lidia\/#breadcrumb"},"inLanguage":"pt-BR","potentialAction":[{"@type":"ReadAction","target":["https:\/\/institucional.ufrrj.br\/portalcpda\/ana-lidia\/"]}]},{"@type":"ImageObject","inLanguage":"pt-BR","@id":"https:\/\/institucional.ufrrj.br\/portalcpda\/ana-lidia\/#primaryimage","url":"http:\/\/institucional.ufrrj.br\/portalcpda\/files\/2022\/03\/Ana-Lidia-225x300.jpeg","contentUrl":"http:\/\/institucional.ufrrj.br\/portalcpda\/files\/2022\/03\/Ana-Lidia-225x300.jpeg"},{"@type":"BreadcrumbList","@id":"https:\/\/institucional.ufrrj.br\/portalcpda\/ana-lidia\/#breadcrumb","itemListElement":[{"@type":"ListItem","position":1,"name":"In\u00edcio","item":"https:\/\/institucional.ufrrj.br\/portalcpda\/"},{"@type":"ListItem","position":2,"name":"Ana L\u00eddia de Lima Barbosa"}]},{"@type":"WebSite","@id":"https:\/\/institucional.ufrrj.br\/portalcpda\/#website","url":"https:\/\/institucional.ufrrj.br\/portalcpda\/","name":"CPDA","description":"institucional.ufrrj.br","potentialAction":[{"@type":"SearchAction","target":{"@type":"EntryPoint","urlTemplate":"https:\/\/institucional.ufrrj.br\/portalcpda\/?s={search_term_string}"},"query-input":{"@type":"PropertyValueSpecification","valueRequired":true,"valueName":"search_term_string"}}],"inLanguage":"pt-BR"}]}},"acf":[],"_links":{"self":[{"href":"https:\/\/institucional.ufrrj.br\/portalcpda\/wp-json\/wp\/v2\/pages\/6811","targetHints":{"allow":["GET"]}}],"collection":[{"href":"https:\/\/institucional.ufrrj.br\/portalcpda\/wp-json\/wp\/v2\/pages"}],"about":[{"href":"https:\/\/institucional.ufrrj.br\/portalcpda\/wp-json\/wp\/v2\/types\/page"}],"author":[{"embeddable":true,"href":"https:\/\/institucional.ufrrj.br\/portalcpda\/wp-json\/wp\/v2\/users\/634"}],"replies":[{"embeddable":true,"href":"https:\/\/institucional.ufrrj.br\/portalcpda\/wp-json\/wp\/v2\/comments?post=6811"}],"version-history":[{"count":8,"href":"https:\/\/institucional.ufrrj.br\/portalcpda\/wp-json\/wp\/v2\/pages\/6811\/revisions"}],"predecessor-version":[{"id":26703,"href":"https:\/\/institucional.ufrrj.br\/portalcpda\/wp-json\/wp\/v2\/pages\/6811\/revisions\/26703"}],"wp:attachment":[{"href":"https:\/\/institucional.ufrrj.br\/portalcpda\/wp-json\/wp\/v2\/media?parent=6811"}],"curies":[{"name":"wp","href":"https:\/\/api.w.org\/{rel}","templated":true}]}}