{"id":670,"date":"2011-09-04T23:31:23","date_gmt":"2011-09-04T23:31:23","guid":{"rendered":"http:\/\/r1.ufrrj.br\/cpda\/?page_id=670"},"modified":"2018-09-04T17:47:05","modified_gmt":"2018-09-04T20:47:05","slug":"teses-doutorado-2006","status":"publish","type":"page","link":"https:\/\/institucional.ufrrj.br\/portalcpda\/teses-doutorado-2006\/","title":{"rendered":"Teses Doutorado 2006"},"content":{"rendered":"<p>&nbsp;<\/p>\n<p><strong>RENATA LEITE PINTO DO NASCIMENTO<br \/>\n<a href=\"https:\/\/institucional.ufrrj.br\/portalcpda\/files\/2018\/08\/2006.Tese_Renata_Nascimento.pdf\" target=\"_blank\" rel=\"noopener\">Risco regulat\u00f3rio e os impactos nas decis\u00f5es de investimento em g\u00e1s natural no Cone Sul: Argentina, Brasil, Bol\u00edvia e Chile<\/a><\/strong><\/p>\n<p>Defesa: 05\/03\/2006<br \/>\nOrientador: Helder Queiroz<br \/>\nCo-orientadora&gt; Ana C\u00e9lia Castro (CPDA\/UFRRJ)<\/p>\n<p>&nbsp;<\/p>\n<hr \/>\n<p><strong>FL\u00c1VIA LUCIANA NAVES MAFRA<br \/>\n<a href=\"https:\/\/institucional.ufrrj.br\/portalcpda\/files\/2018\/08\/2006.tese_.flavia_naves.pdf\" target=\"_blank\" rel=\"noopener\">Pr\u00e1ticas, poder e perspectivas em reconstru\u00e7\u00e3o: um olhar sobre a trajet\u00f3ria da experi\u00eancia agroecol\u00f3gica de Araponga, Minas Gerais<\/a><\/strong><\/p>\n<p>Defesa: 27\/04\/2006<br \/>\nOrientador: Nelson G. Delgado (CPDA\/UFRRJ)<\/p>\n<p>&nbsp;<\/p>\n<hr \/>\n<p><strong>PAULO ROG\u00c9RIO DOS SANTOS BA\u00cdA<br \/>\n<a href=\"https:\/\/institucional.ufrrj.br\/portalcpda\/files\/2018\/08\/2006.tese_.paulo_baia.pdf\" target=\"_blank\" rel=\"noopener\">A tradi\u00e7\u00e3o reconfigurada: mandonismo, municipalismo e poder local no munic\u00edpio de Nil\u00f3polis e no bairro da Rocinha na regi\u00e3o metropolitana do Rio de Janeiro<\/a><\/strong><\/p>\n<p>Defesa: 05\/06\/2006 Doutorado<br \/>\nOrientador: Luiz Fl\u00e1vio de Carvalho Costa (CPDA\/UFRRJ)<\/p>\n<p>&nbsp;<\/p>\n<hr \/>\n<p><strong>MARIA DE LOURDES SOUZA OLIVEIRA<br \/>\n<a href=\"https:\/\/institucional.ufrrj.br\/portalcpda\/files\/2018\/08\/2006.tese_.maria_de_l_souza_oliveira.pdf\" target=\"_blank\" rel=\"noopener\">Mulheres na lideran\u00e7a, rela\u00e7\u00f5es de g\u00eanero e empoderamento em assentamentos de reforma agr\u00e1ria: o caso do saco do Rio Preto em Minas Gerais<\/a><\/strong><\/p>\n<p>Defesa: 18\/07\/2006<br \/>\nOrientador: Nelson Giordano Delgado (CPDA\/UFRRJ)<\/p>\n<p>&nbsp;<\/p>\n<hr \/>\n<p><strong>CRISTHIANE OLIVEIRA DA GRA\u00c7A AM\u00c2NCIO<br \/>\n<a href=\"https:\/\/institucional.ufrrj.br\/portalcpda\/files\/2018\/08\/2006.tese_.cristhiane_amancio.pdf\" target=\"_blank\" rel=\"noopener\">O sabor agridoce da reforma agr\u00e1ria em Pernambuco: Reflectindo sobre a experi\u00eancia de Chico Mendes II e Nova Cana\u00e3 em Tracunha\u00e9m, PE<\/a><\/strong><\/p>\n<p>Defesa: 19\/07\/2006<br \/>\nOrientador: Nelson Giordano Delgado (CPDA\/UFRRJ)<\/p>\n<p>&nbsp;<\/p>\n<hr \/>\n<p><strong>ESTELA MARIA SOUZA COSTA NEVES<br \/>\n<a href=\"https:\/\/institucional.ufrrj.br\/portalcpda\/files\/2018\/08\/2006.tese_.estela_neves.pdf\" target=\"_blank\" rel=\"noopener\">A pol\u00edtica ambiental e os munic\u00edpios brasileiros<\/a><\/strong><\/p>\n<p>Defesa: 09\/08\/2006<br \/>\nOrientador: Peter Herman May (CPDA\/UFRRJ)<\/p>\n<p>&nbsp;<\/p>\n<hr \/>\n<p><strong>GILMA CONCEI\u00c7\u00c3O GONZALEZ<br \/>\n<a href=\"https:\/\/institucional.ufrrj.br\/portalcpda\/files\/2018\/08\/2006.Tese_Gilma_C_Gonzalez.pdf\" target=\"_blank\" rel=\"noopener\">O Parque Natural Regional do Pantanal, Brasil: uma experi\u00eancia em \u00e1reas privadas<\/a><\/strong><\/p>\n<p>Defesa: 30\/08\/2006<br \/>\nOrientadora: Ana C\u00e9lia Castro (CPDA\/UFRRJ)<\/p>\n<p>&nbsp;<\/p>\n<hr \/>\n<p><strong>C\u00c9SAR AUGUSTO DA ROS<br \/>\n<a href=\"https:\/\/institucional.ufrrj.br\/portalcpda\/files\/2018\/08\/2006.tese_.cesar_da_ros.pdf\" target=\"_blank\" rel=\"noopener\">As pol\u00edticas agr\u00e1rias durante o Governo Ol\u00edvio Dutra e os embates sociais em torno da quest\u00e3o agr\u00e1ria ga\u00facha (1999-2002)<\/a><\/strong><\/p>\n<p>Defesa: 30\/08\/2006<br \/>\nOrientador: Roberto Jos\u00e9 Moreira (CPDA\/UFRRJ)<\/p>\n<p>&nbsp;<\/p>\n<hr \/>\n<p><strong>LAV\u00cdNIA BARROS DE CASTRO<br \/>\n<a href=\"https:\/\/institucional.ufrrj.br\/portalcpda\/files\/2018\/08\/2006.tese_.lavinia_barros_de_castro.pdf\" target=\"_blank\" rel=\"noopener\">Financiamento do desenvolvimento: teoria, experi\u00eancia coreana (1950-80) e reflex\u00f5es comparativas ao caso brasileiro<\/a><\/strong><\/p>\n<p>Defesa: 15\/09\/2006<br \/>\nOrientador: Gary Dymski (CPDA\/UFRRJ)<\/p>\n<p>&nbsp;<\/p>\n<hr \/>\n<p><strong>M\u00c1RCIO CARNEIRO DOS REIS<br \/>\n<a href=\"https:\/\/institucional.ufrrj.br\/portalcpda\/files\/2018\/08\/2006.tese_.marcio_carneiro_dos_reis.pdf\" target=\"_blank\" rel=\"noopener\">Desenvolvimento local e espa\u00e7os sociais ampliados<\/a><\/strong><\/p>\n<p>Defesa: 20\/09\/2006<br \/>\nOrientador: Renato S\u00e9rgio Jamil Maluf (CPDA\/UFRRJ)<\/p>\n<p>&nbsp;<\/p>\n<hr \/>\n<p><strong>JOS\u00c9 LU\u00cdS GUTI\u00c9RREZ \u00c2NGULO<br \/>\n<a href=\"https:\/\/institucional.ufrrj.br\/portalcpda\/files\/2018\/08\/2006.tese_.jose_luis_gutierrez_angulo.pdf\" target=\"_blank\" rel=\"noopener\">O terceiro lado da fronteira: processos e transforma\u00e7\u00f5es dos espa\u00e7os agr\u00e1rios no Pantanal (estudos de caso em comunidades na Bol\u00edvia e no Brasil)<\/a><\/strong><\/p>\n<p>Defesa: 28\/09\/2006<br \/>\nOrientador: H\u00e9ctor Alimonda (CPDA\/UFRRJ)<\/p>\n<p>&nbsp;<\/p>\n<hr \/>\n<p><strong>REGINA MARIA DE F\u00c1TIMA CAMARGOS<br \/>\n<a href=\"https:\/\/institucional.ufrrj.br\/portalcpda\/files\/2018\/08\/2006.tese_.Regina_Camargos.pdf\" target=\"_blank\" rel=\"noopener\">Homem, natureza e sensibilidades ambientais: as concep\u00e7\u00f5es de \u00e1reas naturais protegidas<\/a><\/strong><\/p>\n<p>Defesa: 08\/11\/2006<br \/>\nOrientadora: Silvana Gon\u00e7alves de Paula (CPDA\/UFRRJ)<\/p>\n<p>&nbsp;<\/p>\n<hr \/>\n<p><strong>M\u00d4NICA COX DE BRITO PEREIRA<br \/>\nMedia\u00e7\u00e3o de conflitos agr\u00e1rios e ambientais: um estudo sobre o Vale do Rio S\u00e3o Jo\u00e3o no Estado do Rio de Janeiro<\/strong><\/p>\n<p>Defesa: 01\/12\/2006<br \/>\nOrientadora: Leonilde S\u00e9rvolo de Medeiros (CPDA\/UFRRJ)<\/p>\n<p>&nbsp;<\/p>\n<hr \/>\n<p><strong>BENEDITO ANSELMO MARTINS DE OLIVEIRA<br \/>\n<a href=\"https:\/\/institucional.ufrrj.br\/portalcpda\/files\/2018\/08\/2006.tese_.benedito_anselmo.pdf\" target=\"_blank\" rel=\"noopener\">As cooperativas populares e seus desafios, limites e possibilidades: casos de cooperativas da Cidade do Rio de Janeiro<\/a><\/strong><\/p>\n<p>Defesa: 14\/12\/2006<br \/>\nOrientador: Nelson Giordano Delgado (CPDA\/UFRRJ)<\/p>\n<p>&nbsp;<\/p>\n<hr \/>\n<p><strong>CL\u00c1UDIA NESSI ZONENSCHAIN<br \/>\n<a href=\"https:\/\/institucional.ufrrj.br\/portalcpda\/files\/2018\/09\/2006-Claudia-Nessi.pdf\" target=\"_blank\" rel=\"noopener\">O caso chin\u00eas na perspectiva do \u201ccatch-up\u201d e das institui\u00e7\u00f5es substitutas <\/a><\/p>\n<p><\/strong>Defesa: 15\/12\/2006<br \/>\nOrientador: Antonio Barros de Castro (CPDA\/UFRRJ)<\/p>\n<p>&nbsp;<\/p>\n<p>&nbsp;<\/p>\n","protected":false},"excerpt":{"rendered":"<p>&nbsp; RENATA LEITE PINTO DO NASCIMENTO Risco regulat\u00f3rio e os impactos nas decis\u00f5es de investimento em g\u00e1s natural no Cone <a class=\"read-more\" href=\"https:\/\/institucional.ufrrj.br\/portalcpda\/teses-doutorado-2006\/ \" >&#8230; <span class=\"font-italic\">leia mais <i class=\"fas fa-angle-right\"><\/i><\/span><\/a><\/p>\n","protected":false},"author":634,"featured_media":0,"parent":0,"menu_order":0,"comment_status":"open","ping_status":"open","template":"","meta":{"_acf_changed":false,"footnotes":""},"class_list":["post-670","page","type-page","status-publish","hentry"],"yoast_head":"<!-- This site is optimized with the Yoast SEO plugin v27.2 - https:\/\/yoast.com\/product\/yoast-seo-wordpress\/ -->\n<title>Teses Doutorado 2006 - CPDA<\/title>\n<meta name=\"robots\" content=\"index, follow, max-snippet:-1, max-image-preview:large, max-video-preview:-1\" \/>\n<link rel=\"canonical\" href=\"https:\/\/institucional.ufrrj.br\/portalcpda\/teses-doutorado-2006\/\" \/>\n<meta property=\"og:locale\" content=\"pt_BR\" \/>\n<meta property=\"og:type\" content=\"article\" \/>\n<meta property=\"og:title\" content=\"Teses Doutorado 2006 - CPDA\" \/>\n<meta property=\"og:description\" content=\"&nbsp; RENATA LEITE PINTO DO NASCIMENTO Risco regulat\u00f3rio e os impactos nas decis\u00f5es de investimento em g\u00e1s natural no Cone ... leia mais\" \/>\n<meta property=\"og:url\" content=\"https:\/\/institucional.ufrrj.br\/portalcpda\/teses-doutorado-2006\/\" \/>\n<meta property=\"og:site_name\" content=\"CPDA\" \/>\n<meta property=\"article:modified_time\" content=\"2018-09-04T20:47:05+00:00\" \/>\n<meta name=\"twitter:card\" content=\"summary_large_image\" \/>\n<meta name=\"twitter:label1\" content=\"Est. tempo de leitura\" \/>\n\t<meta name=\"twitter:data1\" content=\"3 minutos\" \/>\n<script type=\"application\/ld+json\" class=\"yoast-schema-graph\">{\"@context\":\"https:\/\/schema.org\",\"@graph\":[{\"@type\":\"WebPage\",\"@id\":\"https:\/\/institucional.ufrrj.br\/portalcpda\/teses-doutorado-2006\/\",\"url\":\"https:\/\/institucional.ufrrj.br\/portalcpda\/teses-doutorado-2006\/\",\"name\":\"Teses Doutorado 2006 - CPDA\",\"isPartOf\":{\"@id\":\"https:\/\/institucional.ufrrj.br\/portalcpda\/#website\"},\"datePublished\":\"2011-09-04T23:31:23+00:00\",\"dateModified\":\"2018-09-04T20:47:05+00:00\",\"breadcrumb\":{\"@id\":\"https:\/\/institucional.ufrrj.br\/portalcpda\/teses-doutorado-2006\/#breadcrumb\"},\"inLanguage\":\"pt-BR\",\"potentialAction\":[{\"@type\":\"ReadAction\",\"target\":[\"https:\/\/institucional.ufrrj.br\/portalcpda\/teses-doutorado-2006\/\"]}]},{\"@type\":\"BreadcrumbList\",\"@id\":\"https:\/\/institucional.ufrrj.br\/portalcpda\/teses-doutorado-2006\/#breadcrumb\",\"itemListElement\":[{\"@type\":\"ListItem\",\"position\":1,\"name\":\"In\u00edcio\",\"item\":\"https:\/\/institucional.ufrrj.br\/portalcpda\/\"},{\"@type\":\"ListItem\",\"position\":2,\"name\":\"Teses Doutorado 2006\"}]},{\"@type\":\"WebSite\",\"@id\":\"https:\/\/institucional.ufrrj.br\/portalcpda\/#website\",\"url\":\"https:\/\/institucional.ufrrj.br\/portalcpda\/\",\"name\":\"CPDA\",\"description\":\"institucional.ufrrj.br\",\"potentialAction\":[{\"@type\":\"SearchAction\",\"target\":{\"@type\":\"EntryPoint\",\"urlTemplate\":\"https:\/\/institucional.ufrrj.br\/portalcpda\/?s={search_term_string}\"},\"query-input\":{\"@type\":\"PropertyValueSpecification\",\"valueRequired\":true,\"valueName\":\"search_term_string\"}}],\"inLanguage\":\"pt-BR\"}]}<\/script>\n<!-- \/ Yoast SEO plugin. -->","yoast_head_json":{"title":"Teses Doutorado 2006 - CPDA","robots":{"index":"index","follow":"follow","max-snippet":"max-snippet:-1","max-image-preview":"max-image-preview:large","max-video-preview":"max-video-preview:-1"},"canonical":"https:\/\/institucional.ufrrj.br\/portalcpda\/teses-doutorado-2006\/","og_locale":"pt_BR","og_type":"article","og_title":"Teses Doutorado 2006 - CPDA","og_description":"&nbsp; RENATA LEITE PINTO DO NASCIMENTO Risco regulat\u00f3rio e os impactos nas decis\u00f5es de investimento em g\u00e1s natural no Cone ... leia mais","og_url":"https:\/\/institucional.ufrrj.br\/portalcpda\/teses-doutorado-2006\/","og_site_name":"CPDA","article_modified_time":"2018-09-04T20:47:05+00:00","twitter_card":"summary_large_image","twitter_misc":{"Est. tempo de leitura":"3 minutos"},"schema":{"@context":"https:\/\/schema.org","@graph":[{"@type":"WebPage","@id":"https:\/\/institucional.ufrrj.br\/portalcpda\/teses-doutorado-2006\/","url":"https:\/\/institucional.ufrrj.br\/portalcpda\/teses-doutorado-2006\/","name":"Teses Doutorado 2006 - CPDA","isPartOf":{"@id":"https:\/\/institucional.ufrrj.br\/portalcpda\/#website"},"datePublished":"2011-09-04T23:31:23+00:00","dateModified":"2018-09-04T20:47:05+00:00","breadcrumb":{"@id":"https:\/\/institucional.ufrrj.br\/portalcpda\/teses-doutorado-2006\/#breadcrumb"},"inLanguage":"pt-BR","potentialAction":[{"@type":"ReadAction","target":["https:\/\/institucional.ufrrj.br\/portalcpda\/teses-doutorado-2006\/"]}]},{"@type":"BreadcrumbList","@id":"https:\/\/institucional.ufrrj.br\/portalcpda\/teses-doutorado-2006\/#breadcrumb","itemListElement":[{"@type":"ListItem","position":1,"name":"In\u00edcio","item":"https:\/\/institucional.ufrrj.br\/portalcpda\/"},{"@type":"ListItem","position":2,"name":"Teses Doutorado 2006"}]},{"@type":"WebSite","@id":"https:\/\/institucional.ufrrj.br\/portalcpda\/#website","url":"https:\/\/institucional.ufrrj.br\/portalcpda\/","name":"CPDA","description":"institucional.ufrrj.br","potentialAction":[{"@type":"SearchAction","target":{"@type":"EntryPoint","urlTemplate":"https:\/\/institucional.ufrrj.br\/portalcpda\/?s={search_term_string}"},"query-input":{"@type":"PropertyValueSpecification","valueRequired":true,"valueName":"search_term_string"}}],"inLanguage":"pt-BR"}]}},"acf":[],"_links":{"self":[{"href":"https:\/\/institucional.ufrrj.br\/portalcpda\/wp-json\/wp\/v2\/pages\/670","targetHints":{"allow":["GET"]}}],"collection":[{"href":"https:\/\/institucional.ufrrj.br\/portalcpda\/wp-json\/wp\/v2\/pages"}],"about":[{"href":"https:\/\/institucional.ufrrj.br\/portalcpda\/wp-json\/wp\/v2\/types\/page"}],"author":[{"embeddable":true,"href":"https:\/\/institucional.ufrrj.br\/portalcpda\/wp-json\/wp\/v2\/users\/634"}],"replies":[{"embeddable":true,"href":"https:\/\/institucional.ufrrj.br\/portalcpda\/wp-json\/wp\/v2\/comments?post=670"}],"version-history":[{"count":21,"href":"https:\/\/institucional.ufrrj.br\/portalcpda\/wp-json\/wp\/v2\/pages\/670\/revisions"}],"predecessor-version":[{"id":15850,"href":"https:\/\/institucional.ufrrj.br\/portalcpda\/wp-json\/wp\/v2\/pages\/670\/revisions\/15850"}],"wp:attachment":[{"href":"https:\/\/institucional.ufrrj.br\/portalcpda\/wp-json\/wp\/v2\/media?parent=670"}],"curies":[{"name":"wp","href":"https:\/\/api.w.org\/{rel}","templated":true}]}}