{"id":6656,"date":"2015-05-05T11:19:06","date_gmt":"2015-05-05T14:19:06","guid":{"rendered":"http:\/\/r1.ufrrj.br\/cpda\/?page_id=6656"},"modified":"2018-07-27T14:02:48","modified_gmt":"2018-07-27T17:02:48","slug":"teses-doutorado-2015","status":"publish","type":"page","link":"https:\/\/institucional.ufrrj.br\/portalcpda\/teses-doutorado-2015\/","title":{"rendered":"Teses Doutorado 2015"},"content":{"rendered":"<p>&nbsp;<\/p>\n<p><strong>GABRIEL ALMEIDA FRAZAO<\/strong><br \/>\n<a href=\"https:\/\/sucupira.capes.gov.br\/sucupira\/public\/consultas\/coleta\/trabalhoConclusao\/viewTrabalhoConclusao.jsf?popup=true&amp;id_trabalho=2501550\" target=\"_blank\" rel=\"noopener\"><strong>A servi\u00e7o da forma\u00e7\u00e3o do Jovem Rural&#8221;: desafios e contradi\u00e7\u00f5es na atua\u00e7\u00e3o do CEFFA CEA Rei Alberto I como agente do desenvolvimento do meio<\/strong><\/a><\/p>\n<p>Defesa: 13\/05\/2015<br \/>\nOrientador: Hector Alberto Alimonda (CPDA\/UFRRJ)<\/p>\n<p>&nbsp;<\/p>\n<hr \/>\n<p><strong>MARCIA ANDREIA DA SILVA ALMEIDA<\/strong><br \/>\n<a href=\"https:\/\/sucupira.capes.gov.br\/sucupira\/public\/consultas\/coleta\/trabalhoConclusao\/viewTrabalhoConclusao.jsf?popup=true&amp;id_trabalho=2502278\" target=\"_blank\" rel=\"noopener\"><strong>O Movimento Consumerista e a padroniza\u00e7\u00e3o t\u00e9cnica da produ\u00e7\u00e3o industrial: perspectivas e desafios \u00e0 participa\u00e7\u00e3o das entidades de consumidores nas atividades de normaliza\u00e7\u00e3o e regulamenta\u00e7\u00e3o t\u00e9cnicas<\/strong><\/a><\/p>\n<p>Defesa: 29\/05\/2015<br \/>\nOrientadora: F\u00e1tima Portilho (CPDA\/UFRRJ)<\/p>\n<p>&nbsp;<\/p>\n<hr \/>\n<p><strong>MARIA FERNANDA GEBARA ABIFADEL<\/strong><br \/>\n<a href=\"https:\/\/sucupira.capes.gov.br\/sucupira\/public\/consultas\/coleta\/trabalhoConclusao\/viewTrabalhoConclusao.jsf?popup=true&amp;id_trabalho=2834012\" target=\"_blank\" rel=\"noopener\"><strong>Governan\u00e7a de Paisagens Florestais: Impactos Sociais da Bricolagem Institucional em S\u00e3o F\u00ealix do Xing\u00fa<\/strong><\/a><\/p>\n<p>Defesa: 29\/05\/2015<br \/>\nOrientador: Peter Herman May (CPDA\/UFRRJ)<\/p>\n<p>&nbsp;<\/p>\n<hr \/>\n<p><strong>ALEX ALEXANDRE MENGEL<\/strong><br \/>\n<a href=\"https:\/\/sucupira.capes.gov.br\/sucupira\/public\/consultas\/coleta\/trabalhoConclusao\/viewTrabalhoConclusao.jsf?popup=true&amp;id_trabalho=2501796\" target=\"_blank\" rel=\"noopener\"><strong>Moderniza\u00e7\u00e3o da agricultura e pesquisa no Brasil: a Empresa Brasileira de Pesquisa Agropecu\u00e1ria \u2013 Embrapa<\/strong><\/a><\/p>\n<p>Defesa: 15\/06\/2015<br \/>\nOrientador: Nelson Giordano Delgado (CPDA\/UFRRJ)<\/p>\n<p>&nbsp;<\/p>\n<hr \/>\n<p><strong>PATRICIA DOS SANTOS PINHEIRO<\/strong><br \/>\n<a href=\"https:\/\/sucupira.capes.gov.br\/sucupira\/public\/consultas\/coleta\/trabalhoConclusao\/viewTrabalhoConclusao.jsf?popup=true&amp;id_trabalho=2576539\" target=\"_blank\" rel=\"noopener\"><strong>Pol\u00edticas de identifica\u00e7\u00e3o: Din\u00e2micas de reconhecimento identit\u00e1rio de comunidades negras rurais no sul do Brasil em um contexto de rela\u00e7\u00f5es inter\u00e9tnicas<\/strong><\/a><\/p>\n<p>Defesa: 06\/08\/2015<br \/>\nOrientador: Andrey Cordeiro Ferreira (CPDA\/UFRRJ)<\/p>\n<p>&nbsp;<\/p>\n<hr \/>\n<p><strong>GERARDO ENRIQUE CERDAS VEGA<\/strong><br \/>\n<a href=\"https:\/\/sucupira.capes.gov.br\/sucupira\/public\/consultas\/coleta\/trabalhoConclusao\/viewTrabalhoConclusao.jsf?popup=true&amp;id_trabalho=2677880\" target=\"_blank\" rel=\"noopener\"><strong>A dupla serpente: Estado e agroind\u00fastria sucroenerg\u00e9tica brasileira na constru\u00e7\u00e3o de uma nova matriz de inser\u00e7\u00e3o global (2003-2014)<\/strong><\/a><\/p>\n<p>Defesa: 31\/08\/2015<br \/>\nOrientador: Sergio Pereira Leite (CPDA\/UFRRJ)<\/p>\n<p>&nbsp;<\/p>\n<hr \/>\n<p><strong>JAQUELINE DA LUZ FERREIRA<\/strong><br \/>\n<a href=\"https:\/\/sucupira.capes.gov.br\/sucupira\/public\/consultas\/coleta\/trabalhoConclusao\/viewTrabalhoConclusao.jsf?popup=true&amp;id_trabalho=2678030\" target=\"_blank\" rel=\"noopener\"><strong>Educa\u00e7\u00e3o do Campo e pol\u00edticas p\u00fablicas: a sustentabilidade financeira das Casas Familiares Rurais no estado do Par\u00e1<\/strong><\/a><\/p>\n<p>Defesa: 01\/09\/2015<br \/>\nOrientador: Jorge Osvaldo Romano (CPDA\/UFRRJ)<\/p>\n<p>&nbsp;<\/p>\n<hr \/>\n<p><strong>MELQUISEDEQUE DE OLIVEIRA FERNANDES<\/strong><br \/>\n<a href=\"https:\/\/sucupira.capes.gov.br\/sucupira\/public\/consultas\/coleta\/trabalhoConclusao\/viewTrabalhoConclusao.jsf?popup=true&amp;id_trabalho=2678228\" target=\"_blank\" rel=\"noopener\"><strong>O conflito organizado: uma abordagem faccional da organiza\u00e7\u00e3o produtiva em assentamentos rurais do RN<\/strong><\/a><\/p>\n<p>Defesa: 14\/09\/2015<br \/>\nOrientador: Jorge Osvaldo Romano (CPDA\/UFRRJ)<\/p>\n<p>&nbsp;<\/p>\n<hr \/>\n<p><strong>JOSIANE CARINE WEDIG<\/strong><br \/>\n<a href=\"https:\/\/sucupira.capes.gov.br\/sucupira\/public\/consultas\/coleta\/trabalhoConclusao\/viewTrabalhoConclusao.jsf?popup=true&amp;id_trabalho=2677369\" target=\"_blank\" rel=\"noopener\"><strong>Rede Puxir\u00e3o de Povos e Comunidades Tradicionais do Paran\u00e1: luta pelo territ\u00f3rio e pela diferen\u00e7a<\/strong><\/a><\/p>\n<p>Defesa: 18\/09\/2015<br \/>\nOrientadora: Leonilde Servolo de Medeiros (CPDA\/UFRRJ)<\/p>\n<p>&nbsp;<\/p>\n<hr \/>\n<p><strong>SANDRA APARECIDA KITAKAWA LIMA<\/strong><br \/>\n<a href=\"https:\/\/sucupira.capes.gov.br\/sucupira\/public\/consultas\/coleta\/trabalhoConclusao\/viewTrabalhoConclusao.jsf?popup=true&amp;id_trabalho=2680782\" target=\"_blank\" rel=\"noopener\"><strong>De situa\u00e7\u00f5es problem\u00e1ticas a problemas p\u00fablicos: reivindica\u00e7\u00f5es, cr\u00edticas e den\u00fancias no cotidiano de fam\u00edlias \u201cassentadas\u201d e \u201cquilombolas\u201d no munic\u00edpio de Camamu &#8211; Bahia<\/strong><\/a><\/p>\n<p>Defesa: 21\/12\/2015<br \/>\nOrientadora: Claudia Job Schmitt (CPDA\/UFRRJ)<\/p>\n<p>&nbsp;<br \/>\n&nbsp;<\/p>\n","protected":false},"excerpt":{"rendered":"<p>&nbsp; GABRIEL ALMEIDA FRAZAO A servi\u00e7o da forma\u00e7\u00e3o do Jovem Rural&#8221;: desafios e contradi\u00e7\u00f5es na atua\u00e7\u00e3o do CEFFA CEA Rei <a class=\"read-more\" href=\"https:\/\/institucional.ufrrj.br\/portalcpda\/teses-doutorado-2015\/ \" >&#8230; <span class=\"font-italic\">leia mais <i class=\"fas fa-angle-right\"><\/i><\/span><\/a><\/p>\n","protected":false},"author":634,"featured_media":0,"parent":0,"menu_order":0,"comment_status":"open","ping_status":"open","template":"","meta":{"_acf_changed":false,"footnotes":""},"class_list":["post-6656","page","type-page","status-publish","hentry"],"yoast_head":"<!-- This site is optimized with the Yoast SEO plugin v27.2 - https:\/\/yoast.com\/product\/yoast-seo-wordpress\/ -->\n<title>Teses Doutorado 2015 - CPDA<\/title>\n<meta name=\"robots\" content=\"index, follow, max-snippet:-1, max-image-preview:large, max-video-preview:-1\" \/>\n<link rel=\"canonical\" href=\"https:\/\/institucional.ufrrj.br\/portalcpda\/teses-doutorado-2015\/\" \/>\n<meta property=\"og:locale\" content=\"pt_BR\" \/>\n<meta property=\"og:type\" content=\"article\" \/>\n<meta property=\"og:title\" content=\"Teses Doutorado 2015 - CPDA\" \/>\n<meta property=\"og:description\" content=\"&nbsp; GABRIEL ALMEIDA FRAZAO A servi\u00e7o da forma\u00e7\u00e3o do Jovem Rural&#8221;: desafios e contradi\u00e7\u00f5es na atua\u00e7\u00e3o do CEFFA CEA Rei ... leia mais\" \/>\n<meta property=\"og:url\" content=\"https:\/\/institucional.ufrrj.br\/portalcpda\/teses-doutorado-2015\/\" \/>\n<meta property=\"og:site_name\" content=\"CPDA\" \/>\n<meta property=\"article:modified_time\" content=\"2018-07-27T17:02:48+00:00\" \/>\n<meta name=\"twitter:card\" content=\"summary_large_image\" \/>\n<meta name=\"twitter:label1\" content=\"Est. tempo de leitura\" \/>\n\t<meta name=\"twitter:data1\" content=\"2 minutos\" \/>\n<script type=\"application\/ld+json\" class=\"yoast-schema-graph\">{\"@context\":\"https:\/\/schema.org\",\"@graph\":[{\"@type\":\"WebPage\",\"@id\":\"https:\/\/institucional.ufrrj.br\/portalcpda\/teses-doutorado-2015\/\",\"url\":\"https:\/\/institucional.ufrrj.br\/portalcpda\/teses-doutorado-2015\/\",\"name\":\"Teses Doutorado 2015 - CPDA\",\"isPartOf\":{\"@id\":\"https:\/\/institucional.ufrrj.br\/portalcpda\/#website\"},\"datePublished\":\"2015-05-05T14:19:06+00:00\",\"dateModified\":\"2018-07-27T17:02:48+00:00\",\"breadcrumb\":{\"@id\":\"https:\/\/institucional.ufrrj.br\/portalcpda\/teses-doutorado-2015\/#breadcrumb\"},\"inLanguage\":\"pt-BR\",\"potentialAction\":[{\"@type\":\"ReadAction\",\"target\":[\"https:\/\/institucional.ufrrj.br\/portalcpda\/teses-doutorado-2015\/\"]}]},{\"@type\":\"BreadcrumbList\",\"@id\":\"https:\/\/institucional.ufrrj.br\/portalcpda\/teses-doutorado-2015\/#breadcrumb\",\"itemListElement\":[{\"@type\":\"ListItem\",\"position\":1,\"name\":\"In\u00edcio\",\"item\":\"https:\/\/institucional.ufrrj.br\/portalcpda\/\"},{\"@type\":\"ListItem\",\"position\":2,\"name\":\"Teses Doutorado 2015\"}]},{\"@type\":\"WebSite\",\"@id\":\"https:\/\/institucional.ufrrj.br\/portalcpda\/#website\",\"url\":\"https:\/\/institucional.ufrrj.br\/portalcpda\/\",\"name\":\"CPDA\",\"description\":\"institucional.ufrrj.br\",\"potentialAction\":[{\"@type\":\"SearchAction\",\"target\":{\"@type\":\"EntryPoint\",\"urlTemplate\":\"https:\/\/institucional.ufrrj.br\/portalcpda\/?s={search_term_string}\"},\"query-input\":{\"@type\":\"PropertyValueSpecification\",\"valueRequired\":true,\"valueName\":\"search_term_string\"}}],\"inLanguage\":\"pt-BR\"}]}<\/script>\n<!-- \/ Yoast SEO plugin. -->","yoast_head_json":{"title":"Teses Doutorado 2015 - CPDA","robots":{"index":"index","follow":"follow","max-snippet":"max-snippet:-1","max-image-preview":"max-image-preview:large","max-video-preview":"max-video-preview:-1"},"canonical":"https:\/\/institucional.ufrrj.br\/portalcpda\/teses-doutorado-2015\/","og_locale":"pt_BR","og_type":"article","og_title":"Teses Doutorado 2015 - CPDA","og_description":"&nbsp; GABRIEL ALMEIDA FRAZAO A servi\u00e7o da forma\u00e7\u00e3o do Jovem Rural&#8221;: desafios e contradi\u00e7\u00f5es na atua\u00e7\u00e3o do CEFFA CEA Rei ... leia mais","og_url":"https:\/\/institucional.ufrrj.br\/portalcpda\/teses-doutorado-2015\/","og_site_name":"CPDA","article_modified_time":"2018-07-27T17:02:48+00:00","twitter_card":"summary_large_image","twitter_misc":{"Est. tempo de leitura":"2 minutos"},"schema":{"@context":"https:\/\/schema.org","@graph":[{"@type":"WebPage","@id":"https:\/\/institucional.ufrrj.br\/portalcpda\/teses-doutorado-2015\/","url":"https:\/\/institucional.ufrrj.br\/portalcpda\/teses-doutorado-2015\/","name":"Teses Doutorado 2015 - CPDA","isPartOf":{"@id":"https:\/\/institucional.ufrrj.br\/portalcpda\/#website"},"datePublished":"2015-05-05T14:19:06+00:00","dateModified":"2018-07-27T17:02:48+00:00","breadcrumb":{"@id":"https:\/\/institucional.ufrrj.br\/portalcpda\/teses-doutorado-2015\/#breadcrumb"},"inLanguage":"pt-BR","potentialAction":[{"@type":"ReadAction","target":["https:\/\/institucional.ufrrj.br\/portalcpda\/teses-doutorado-2015\/"]}]},{"@type":"BreadcrumbList","@id":"https:\/\/institucional.ufrrj.br\/portalcpda\/teses-doutorado-2015\/#breadcrumb","itemListElement":[{"@type":"ListItem","position":1,"name":"In\u00edcio","item":"https:\/\/institucional.ufrrj.br\/portalcpda\/"},{"@type":"ListItem","position":2,"name":"Teses Doutorado 2015"}]},{"@type":"WebSite","@id":"https:\/\/institucional.ufrrj.br\/portalcpda\/#website","url":"https:\/\/institucional.ufrrj.br\/portalcpda\/","name":"CPDA","description":"institucional.ufrrj.br","potentialAction":[{"@type":"SearchAction","target":{"@type":"EntryPoint","urlTemplate":"https:\/\/institucional.ufrrj.br\/portalcpda\/?s={search_term_string}"},"query-input":{"@type":"PropertyValueSpecification","valueRequired":true,"valueName":"search_term_string"}}],"inLanguage":"pt-BR"}]}},"acf":[],"_links":{"self":[{"href":"https:\/\/institucional.ufrrj.br\/portalcpda\/wp-json\/wp\/v2\/pages\/6656","targetHints":{"allow":["GET"]}}],"collection":[{"href":"https:\/\/institucional.ufrrj.br\/portalcpda\/wp-json\/wp\/v2\/pages"}],"about":[{"href":"https:\/\/institucional.ufrrj.br\/portalcpda\/wp-json\/wp\/v2\/types\/page"}],"author":[{"embeddable":true,"href":"https:\/\/institucional.ufrrj.br\/portalcpda\/wp-json\/wp\/v2\/users\/634"}],"replies":[{"embeddable":true,"href":"https:\/\/institucional.ufrrj.br\/portalcpda\/wp-json\/wp\/v2\/comments?post=6656"}],"version-history":[{"count":2,"href":"https:\/\/institucional.ufrrj.br\/portalcpda\/wp-json\/wp\/v2\/pages\/6656\/revisions"}],"predecessor-version":[{"id":14780,"href":"https:\/\/institucional.ufrrj.br\/portalcpda\/wp-json\/wp\/v2\/pages\/6656\/revisions\/14780"}],"wp:attachment":[{"href":"https:\/\/institucional.ufrrj.br\/portalcpda\/wp-json\/wp\/v2\/media?parent=6656"}],"curies":[{"name":"wp","href":"https:\/\/api.w.org\/{rel}","templated":true}]}}