{"id":652,"date":"2011-09-04T23:09:19","date_gmt":"2011-09-04T23:09:19","guid":{"rendered":"http:\/\/r1.ufrrj.br\/cpda\/?page_id=652"},"modified":"2018-09-04T17:23:13","modified_gmt":"2018-09-04T20:23:13","slug":"dissertacoes-mestrado-2006","status":"publish","type":"page","link":"https:\/\/institucional.ufrrj.br\/portalcpda\/dissertacoes-mestrado-2006\/","title":{"rendered":"Disserta\u00e7\u00f5es Mestrado 2006"},"content":{"rendered":"<p>&nbsp;<\/p>\n<p><strong>ANDR\u00c9A SIMONE GOMES RENTE<br \/>\n<a href=\"https:\/\/institucional.ufrrj.br\/portalcpda\/files\/2018\/08\/2006.Disserta\u00ba\u00fao.andrea_rente.pdf\" target=\"_blank\" rel=\"noopener\">\u00c1reas de Prote\u00e7\u00e3o Ambiental como inspira\u00e7\u00e3o para o desenvolvimento sustent\u00e1vel com liberdade: o caso da cria\u00e7\u00e3o da APA Alter do Ch\u00e3o<\/a><\/strong><br \/>\n(Disserta\u00e7\u00e3o premiada com Men\u00e7\u00e3o Honrosa no II Pr\u00eamio ANPPAS 2008)<\/p>\n<p>Defesa: 10\/03\/2006<br \/>\nOrientadora: Eli de F\u00e1tima Napole\u00e3o de Lima (CPDA\/UFRRJ)<\/p>\n<p>&nbsp;<\/p>\n<hr \/>\n<p><strong>BETTY NOGUEIRA ROCHA E SILVA<br \/>\n<a href=\"https:\/\/institucional.ufrrj.br\/portalcpda\/files\/2018\/09\/2006-dissertacao_Betty-Rocha_definitiva.pdf\" target=\"_blank\" rel=\"noopener\">&#8220;Em qualquer ch\u00e3o: sempre ga\u00facho!&#8221; A multiterritorialidade do migrante &#8220;ga\u00facho&#8221; no Mato Grosso<\/a><\/strong><\/p>\n<p>Defesa: 10\/03\/2006<br \/>\nOrientadora: Maria Jos\u00e9 Carneiro (CPDA\/UFRRJ)<\/p>\n<p>&nbsp;<\/p>\n<hr \/>\n<p><strong>M\u00d4NICA SILVA BARBOSA MELLO<br \/>\nA \u2018educa\u00e7\u00e3o rural\u2019 na literatura regionalista de Jos\u00e9 Lins do Rego, Raquel de Queiroz e Graciliano Ramos<\/strong><\/p>\n<p>Defesa: 20\/03\/2006<br \/>\nOrientadora: Eli de F\u00e1tima Napole\u00e3o de Lima (CPDA\/UFRRJ)<\/p>\n<p>&nbsp;<\/p>\n<hr \/>\n<p><strong>SANDRO AUGUSTO VIEGAS LE\u00c3O<br \/>\n<a href=\"https:\/\/institucional.ufrrj.br\/portalcpda\/files\/2018\/08\/2006.Disserta\u00ba\u00fao.sandro_leao.pdf\" target=\"_blank\" rel=\"noopener\">Dos Conselhos Municipais de Desenvolvimento Rural \u00e0 implementa\u00e7\u00e3o da Pol\u00edtica de Desenvolvimento Territorial: um estudo a partir de Santar\u00e9m\/PA<\/a><\/strong><\/p>\n<p>Defesa: 22\/03\/2006<br \/>\nOrientador: Georges Flexor (CPDA\/UFRRJ)<\/p>\n<p>&nbsp;<\/p>\n<hr \/>\n<p><strong>CARLOS LEONARDO BAHIENSE DA SILVA<br \/>\n<a href=\"https:\/\/institucional.ufrrj.br\/portalcpda\/files\/2018\/08\/2006.Disserta\u00ba\u00fao.carlos_leonardo_bahiense.pdf\" target=\"_blank\" rel=\"noopener\">Em nome do Imperador: reflex\u00f5es sobre a Shindo Renmei e sua campanha pela preserva\u00e7\u00e3o da etnicidade japonesa no Brasil (1937-1950)<\/a><\/strong><\/p>\n<p>Defesa: 23\/05\/2006<br \/>\nOrientador: H\u00e9ctor Alimonda (CPDA\/UFRRJ)<\/p>\n<p>&nbsp;<\/p>\n<hr \/>\n<p><strong>F\u00c1BIO SAMPAIO VIANNA RAMOS FILHO<br \/>\n<a href=\"https:\/\/institucional.ufrrj.br\/portalcpda\/files\/2018\/09\/2006-dissetacao_Fabio-Sampaio.pdf\" target=\"_blank\" rel=\"noopener\">Qualidade na cadeia da carne bovina: o caso da carne org\u00e2nica<\/a><\/strong><\/p>\n<p>Defesa: 28\/08\/2006<br \/>\nOrientador: John Wilkinson (CPDA\/UFRRJ)<\/p>\n<p>&nbsp;<\/p>\n<hr \/>\n<p><strong>EDUARDO NUNES LEITE ROSAS<br \/>\n<a href=\"https:\/\/institucional.ufrrj.br\/portalcpda\/files\/2018\/08\/2006.Disserta\u00ba\u00fao.eduardo_rosas.pdf\" target=\"_blank\" rel=\"noopener\">\u201cRapazes da ro\u00e7a\u201d na \u201ccidade grande\u201d: trabalho, sociabilidade e projetos<\/a><\/strong><\/p>\n<p>Defesa: 28\/08\/2006<br \/>\nOrientadora: Maria Jos\u00e9 Teixeira Carneiro (CPDA\/UFRRJ)<\/p>\n<p>&nbsp;<\/p>\n<hr \/>\n<p><strong>KARINA YOSHIE MARTINS KATO<br \/>\n<a href=\"https:\/\/institucional.ufrrj.br\/portalcpda\/files\/2018\/08\/2006.Disserta\u00ba\u00fao.karina_kato.pdf\" target=\"_blank\" rel=\"noopener\">Agricultura e desenvolvimento sob a \u00f3tica da multifuncionalidade da agricultura: o caso de santo Ant\u00f4nio de P\u00e1dua (RJ)<\/a><\/strong><\/p>\n<p>Defesa: 01\/09\/2006<br \/>\nOrientador: Renato S\u00e9gio Maluf (CPDA\/UFRRJ)<\/p>\n<p>&nbsp;<\/p>\n<hr \/>\n<p><strong>S\u00cdLVIA APARECIDA ZIMMERMANN<br \/>\n<a href=\"https:\/\/institucional.ufrrj.br\/portalcpda\/files\/2018\/08\/2006.Disserta\u00ba\u00fao.silvia_zimmermann.pdf\" target=\"_blank\" rel=\"noopener\">Pol\u00edticas de abastecimento alimentar na perspectiva da seguran\u00e7a alimentar: o programa de abastecimento alimentar de Caxias do Sul<\/a><\/strong><\/p>\n<p>Defesa: 01\/09\/2006<br \/>\nOrientador: Renato S\u00e9rgio Maluf (CPDA\/UFRRJ)<\/p>\n<p>&nbsp;<\/p>\n<hr \/>\n<p><strong>BEATRIS CAMILA DUQUEVIZ<br \/>\n<a href=\"https:\/\/institucional.ufrrj.br\/portalcpda\/files\/2018\/08\/2006.Disserta\u00ba\u00fao.beatris_duqueviz.pdf\" target=\"_blank\" rel=\"noopener\">A Reurbaniza\u00e7\u00e3o como pol\u00edtica social em Gilberto Freyre<\/a><\/strong><\/p>\n<p>Defesa: 15\/09\/2006<br \/>\nOrientador: Raimundo Santos (CPDA\/UFRRJ)<\/p>\n<p>&nbsp;<\/p>\n<hr \/>\n<p><strong>SIMONE GAD\u00caLHA CAVALCANTE<br \/>\n<a href=\"https:\/\/institucional.ufrrj.br\/portalcpda\/files\/2018\/08\/2006.Disserta\u00ba\u00fao.simone_gadelha.pdf\" target=\"_blank\" rel=\"noopener\">Entre a ci\u00eancia e a reza: estudo de caso sobre a incorpora\u00e7\u00e3o das rezadeiras ao Programa de Sa\u00fade da Fam\u00edlia no munic\u00edpio de Maranguape \u2013 CE<\/a><\/strong><\/p>\n<p>Defesa: 29\/09\/2006<br \/>\nOrientador: John Cunha Comerford (CPDA\/UFRRJ)<\/p>\n<p>&nbsp;<\/p>\n<hr \/>\n<p><strong>GILMARA GOMES DA SILVA SARMENTO<br \/>\n<a href=\"https:\/\/institucional.ufrrj.br\/portalcpda\/files\/2018\/08\/2006.disserta\u00ba\u00fao.gilmara_gomes.pdf\" target=\"_blank\" rel=\"noopener\">&#8220;At\u00e9 que a morte nos separe&#8221;: um estudo sobre os rituais matrimoniais e funer\u00e1rios numa comunidade rural fluminense<\/a><\/strong><\/p>\n<p>Defesa: 10\/10\/2006<br \/>\nOrientador: John Cunha Comerford (CPDA\/UFRRJ)<\/p>\n<p>&nbsp;<\/p>\n<hr \/>\n<p><strong>MARCO ANTONIO ALBUQUERQUE DE ARA\u00daJO LIMA<br \/>\n<a href=\"https:\/\/institucional.ufrrj.br\/portalcpda\/files\/2018\/09\/2006-dissertacao_Marco-antonio.pdf\" target=\"_blank\" rel=\"noopener\">O desenvolvimento inacabado do Brasil: o BNDE e a Conven\u00e7\u00e3o do Crescimento de 1952 a 1978<\/a><\/strong><\/p>\n<p>Defesa: 26\/10\/2006<br \/>\nOrientadora: Ana C\u00e9lia Castro (CPDA\/UFRRJ)<\/p>\n<p>&nbsp;<\/p>\n<hr \/>\n<p><strong>OMAR SOUZA NICOLAU<br \/>\n<a href=\"https:\/\/institucional.ufrrj.br\/portalcpda\/files\/2018\/08\/2006.Disserta\u00ba\u00fao.omar_nicolau.pdf\" target=\"_blank\" rel=\"noopener\">Ambientalismo e carnicicultura: disputa de \u201cverdades\u201d e conflito social no extremo sul da Bahia<\/a><\/strong><\/p>\n<p>Defesa: 20\/09\/2006<br \/>\nOrientador: LUiz Fl\u00e1vio de Carvalho Costa (CPDA\/UFRRJ)<\/p>\n<p>&nbsp;<\/p>\n<hr \/>\n<p><strong>RUTH ESP\u00cdNOLA SORIANO DE MELO<br \/>\n<a href=\"https:\/\/institucional.ufrrj.br\/portalcpda\/files\/2018\/08\/2006.Disserta\u00ba\u00fao.ruth_espinola_mello.pdf\" target=\"_blank\" rel=\"noopener\">Economia solid\u00e1ria: de movimento social \u00e0 objeto de pol\u00edticas p\u00fablicas \u2013 limites e possibilidades na rela\u00e7\u00e3o com o Estado<\/a><\/strong><\/p>\n<p>Defesa: 22\/09\/2006<br \/>\nOrientador: Renato S\u00e9rgio Jamil Maluf (CPDA\/UFRRJ)<\/p>\n<p>&nbsp;<\/p>\n<hr \/>\n<p><strong>FRANCISCO CLESSON DIAS MONTE<br \/>\n<a href=\"https:\/\/institucional.ufrrj.br\/portalcpda\/files\/2018\/08\/2006.Disserta\u00ba\u00fao.francisco_clesson_dias_monte.pdf\" target=\"_blank\" rel=\"noopener\">A pol\u00edtica de assentamentos rurais do Incra no contexto do semi-\u00e1rido nordestino (1995-2002)<\/a><\/strong><\/p>\n<p>Defesa: 26\/09\/2006<br \/>\nOrientador: Luiz Fl\u00e1vio de Carvalho Costa (CPDA\/UFRRJ)<\/p>\n<p>&nbsp;<\/p>\n<hr \/>\n<p><strong>BIANCCA SCARPELINE DE CASTRO<br \/>\n<a href=\"https:\/\/institucional.ufrrj.br\/portalcpda\/files\/2018\/08\/2006.Disserta\u00ba\u00fao.biancca_s_de_castro.pdf\" target=\"_blank\" rel=\"noopener\">O processo de institucionaliza\u00e7\u00e3o da soja transg\u00eanica no Brasil nos anos de 2003 e 2005: a partir da perspectiva das redes sociais<\/a><\/strong><\/p>\n<p>Defesa: 26\/09\/2006<br \/>\nOrientadora: Ana C\u00e9lia Castro (CPDA\/UFRRJ)<\/p>\n<p>&nbsp;<\/p>\n<hr \/>\n<p><strong>FL\u00c1VIA FERREIRA DE MATTOS<br \/>\n<a href=\"https:\/\/institucional.ufrrj.br\/portalcpda\/files\/2018\/08\/2006.Disserta\u00ba\u00fao.Fl\u00edvia-Ferreira-de-Mattos.pdf\" target=\"_blank\" rel=\"noopener\">Reservas Morais: estudo do modo de vida de uma comunidade na Reserva Extrativista Marinha do Delta do Parna\u00edba<\/a><\/strong><\/p>\n<p>Defesa: 11\/12\/2006<br \/>\nOrientador: John Cunha Comerford (CPDA\/UFRRJ)<\/p>\n<p>&nbsp;<\/p>\n<hr \/>\n<p><strong>PRISCILA BARRETO SAMPAIO<br \/>\n<a href=\"https:\/\/institucional.ufrrj.br\/portalcpda\/files\/2018\/08\/2006.Disserta\u00ba\u00fao.Priscila-Barreto-Sampaio.pdf\" target=\"_blank\" rel=\"noopener\">Mar de conflitos: as diferentes formas de a\u00e7\u00e3o pol\u00edtica coletiva dos pescadores \u201cartesanais\u201d<\/a><\/strong><\/p>\n<p>Defesa: 20\/12\/2006<br \/>\nOrientador: John Cunha Comerford (CPDA\/UFRRJ)<\/p>\n<p>&nbsp;<\/p>\n<p>&nbsp;<\/p>\n","protected":false},"excerpt":{"rendered":"<p>&nbsp; ANDR\u00c9A SIMONE GOMES RENTE \u00c1reas de Prote\u00e7\u00e3o Ambiental como inspira\u00e7\u00e3o para o desenvolvimento sustent\u00e1vel com liberdade: o caso da <a class=\"read-more\" href=\"https:\/\/institucional.ufrrj.br\/portalcpda\/dissertacoes-mestrado-2006\/ \" >&#8230; <span class=\"font-italic\">leia mais <i class=\"fas fa-angle-right\"><\/i><\/span><\/a><\/p>\n","protected":false},"author":634,"featured_media":0,"parent":0,"menu_order":0,"comment_status":"open","ping_status":"open","template":"","meta":{"_acf_changed":false,"footnotes":""},"class_list":["post-652","page","type-page","status-publish","hentry"],"yoast_head":"<!-- This site is optimized with the Yoast SEO plugin v27.2 - https:\/\/yoast.com\/product\/yoast-seo-wordpress\/ -->\n<title>Disserta\u00e7\u00f5es Mestrado 2006 - CPDA<\/title>\n<meta name=\"robots\" content=\"index, follow, max-snippet:-1, max-image-preview:large, max-video-preview:-1\" \/>\n<link rel=\"canonical\" href=\"https:\/\/institucional.ufrrj.br\/portalcpda\/dissertacoes-mestrado-2006\/\" \/>\n<meta property=\"og:locale\" content=\"pt_BR\" \/>\n<meta property=\"og:type\" content=\"article\" \/>\n<meta property=\"og:title\" content=\"Disserta\u00e7\u00f5es Mestrado 2006 - CPDA\" \/>\n<meta property=\"og:description\" content=\"&nbsp; ANDR\u00c9A SIMONE GOMES RENTE \u00c1reas de Prote\u00e7\u00e3o Ambiental como inspira\u00e7\u00e3o para o desenvolvimento sustent\u00e1vel com liberdade: o caso da ... leia mais\" \/>\n<meta property=\"og:url\" content=\"https:\/\/institucional.ufrrj.br\/portalcpda\/dissertacoes-mestrado-2006\/\" \/>\n<meta property=\"og:site_name\" content=\"CPDA\" \/>\n<meta property=\"article:modified_time\" content=\"2018-09-04T20:23:13+00:00\" \/>\n<meta name=\"twitter:card\" content=\"summary_large_image\" \/>\n<meta name=\"twitter:label1\" content=\"Est. tempo de leitura\" \/>\n\t<meta name=\"twitter:data1\" content=\"3 minutos\" \/>\n<script type=\"application\/ld+json\" class=\"yoast-schema-graph\">{\"@context\":\"https:\/\/schema.org\",\"@graph\":[{\"@type\":\"WebPage\",\"@id\":\"https:\/\/institucional.ufrrj.br\/portalcpda\/dissertacoes-mestrado-2006\/\",\"url\":\"https:\/\/institucional.ufrrj.br\/portalcpda\/dissertacoes-mestrado-2006\/\",\"name\":\"Disserta\u00e7\u00f5es Mestrado 2006 - CPDA\",\"isPartOf\":{\"@id\":\"https:\/\/institucional.ufrrj.br\/portalcpda\/#website\"},\"datePublished\":\"2011-09-04T23:09:19+00:00\",\"dateModified\":\"2018-09-04T20:23:13+00:00\",\"breadcrumb\":{\"@id\":\"https:\/\/institucional.ufrrj.br\/portalcpda\/dissertacoes-mestrado-2006\/#breadcrumb\"},\"inLanguage\":\"pt-BR\",\"potentialAction\":[{\"@type\":\"ReadAction\",\"target\":[\"https:\/\/institucional.ufrrj.br\/portalcpda\/dissertacoes-mestrado-2006\/\"]}]},{\"@type\":\"BreadcrumbList\",\"@id\":\"https:\/\/institucional.ufrrj.br\/portalcpda\/dissertacoes-mestrado-2006\/#breadcrumb\",\"itemListElement\":[{\"@type\":\"ListItem\",\"position\":1,\"name\":\"In\u00edcio\",\"item\":\"https:\/\/institucional.ufrrj.br\/portalcpda\/\"},{\"@type\":\"ListItem\",\"position\":2,\"name\":\"Disserta\u00e7\u00f5es Mestrado 2006\"}]},{\"@type\":\"WebSite\",\"@id\":\"https:\/\/institucional.ufrrj.br\/portalcpda\/#website\",\"url\":\"https:\/\/institucional.ufrrj.br\/portalcpda\/\",\"name\":\"CPDA\",\"description\":\"institucional.ufrrj.br\",\"potentialAction\":[{\"@type\":\"SearchAction\",\"target\":{\"@type\":\"EntryPoint\",\"urlTemplate\":\"https:\/\/institucional.ufrrj.br\/portalcpda\/?s={search_term_string}\"},\"query-input\":{\"@type\":\"PropertyValueSpecification\",\"valueRequired\":true,\"valueName\":\"search_term_string\"}}],\"inLanguage\":\"pt-BR\"}]}<\/script>\n<!-- \/ Yoast SEO plugin. -->","yoast_head_json":{"title":"Disserta\u00e7\u00f5es Mestrado 2006 - CPDA","robots":{"index":"index","follow":"follow","max-snippet":"max-snippet:-1","max-image-preview":"max-image-preview:large","max-video-preview":"max-video-preview:-1"},"canonical":"https:\/\/institucional.ufrrj.br\/portalcpda\/dissertacoes-mestrado-2006\/","og_locale":"pt_BR","og_type":"article","og_title":"Disserta\u00e7\u00f5es Mestrado 2006 - CPDA","og_description":"&nbsp; ANDR\u00c9A SIMONE GOMES RENTE \u00c1reas de Prote\u00e7\u00e3o Ambiental como inspira\u00e7\u00e3o para o desenvolvimento sustent\u00e1vel com liberdade: o caso da ... leia mais","og_url":"https:\/\/institucional.ufrrj.br\/portalcpda\/dissertacoes-mestrado-2006\/","og_site_name":"CPDA","article_modified_time":"2018-09-04T20:23:13+00:00","twitter_card":"summary_large_image","twitter_misc":{"Est. tempo de leitura":"3 minutos"},"schema":{"@context":"https:\/\/schema.org","@graph":[{"@type":"WebPage","@id":"https:\/\/institucional.ufrrj.br\/portalcpda\/dissertacoes-mestrado-2006\/","url":"https:\/\/institucional.ufrrj.br\/portalcpda\/dissertacoes-mestrado-2006\/","name":"Disserta\u00e7\u00f5es Mestrado 2006 - CPDA","isPartOf":{"@id":"https:\/\/institucional.ufrrj.br\/portalcpda\/#website"},"datePublished":"2011-09-04T23:09:19+00:00","dateModified":"2018-09-04T20:23:13+00:00","breadcrumb":{"@id":"https:\/\/institucional.ufrrj.br\/portalcpda\/dissertacoes-mestrado-2006\/#breadcrumb"},"inLanguage":"pt-BR","potentialAction":[{"@type":"ReadAction","target":["https:\/\/institucional.ufrrj.br\/portalcpda\/dissertacoes-mestrado-2006\/"]}]},{"@type":"BreadcrumbList","@id":"https:\/\/institucional.ufrrj.br\/portalcpda\/dissertacoes-mestrado-2006\/#breadcrumb","itemListElement":[{"@type":"ListItem","position":1,"name":"In\u00edcio","item":"https:\/\/institucional.ufrrj.br\/portalcpda\/"},{"@type":"ListItem","position":2,"name":"Disserta\u00e7\u00f5es Mestrado 2006"}]},{"@type":"WebSite","@id":"https:\/\/institucional.ufrrj.br\/portalcpda\/#website","url":"https:\/\/institucional.ufrrj.br\/portalcpda\/","name":"CPDA","description":"institucional.ufrrj.br","potentialAction":[{"@type":"SearchAction","target":{"@type":"EntryPoint","urlTemplate":"https:\/\/institucional.ufrrj.br\/portalcpda\/?s={search_term_string}"},"query-input":{"@type":"PropertyValueSpecification","valueRequired":true,"valueName":"search_term_string"}}],"inLanguage":"pt-BR"}]}},"acf":[],"_links":{"self":[{"href":"https:\/\/institucional.ufrrj.br\/portalcpda\/wp-json\/wp\/v2\/pages\/652","targetHints":{"allow":["GET"]}}],"collection":[{"href":"https:\/\/institucional.ufrrj.br\/portalcpda\/wp-json\/wp\/v2\/pages"}],"about":[{"href":"https:\/\/institucional.ufrrj.br\/portalcpda\/wp-json\/wp\/v2\/types\/page"}],"author":[{"embeddable":true,"href":"https:\/\/institucional.ufrrj.br\/portalcpda\/wp-json\/wp\/v2\/users\/634"}],"replies":[{"embeddable":true,"href":"https:\/\/institucional.ufrrj.br\/portalcpda\/wp-json\/wp\/v2\/comments?post=652"}],"version-history":[{"count":25,"href":"https:\/\/institucional.ufrrj.br\/portalcpda\/wp-json\/wp\/v2\/pages\/652\/revisions"}],"predecessor-version":[{"id":15829,"href":"https:\/\/institucional.ufrrj.br\/portalcpda\/wp-json\/wp\/v2\/pages\/652\/revisions\/15829"}],"wp:attachment":[{"href":"https:\/\/institucional.ufrrj.br\/portalcpda\/wp-json\/wp\/v2\/media?parent=652"}],"curies":[{"name":"wp","href":"https:\/\/api.w.org\/{rel}","templated":true}]}}