{"id":636,"date":"2011-09-04T17:09:55","date_gmt":"2011-09-04T17:09:55","guid":{"rendered":"http:\/\/r1.ufrrj.br\/cpda\/?page_id=636"},"modified":"2018-09-04T17:44:35","modified_gmt":"2018-09-04T20:44:35","slug":"teses-doutorado-2007","status":"publish","type":"page","link":"https:\/\/institucional.ufrrj.br\/portalcpda\/teses-doutorado-2007\/","title":{"rendered":"Teses Doutorado 2007"},"content":{"rendered":"<p>&nbsp;<\/p>\n<p><strong>GILBERTO CARLOS CERQUEIRA MASCARENHAS<br \/>\n<a href=\"https:\/\/institucional.ufrrj.br\/portalcpda\/files\/2018\/08\/2007.tese_.gilberto_mascarenhas.pdf\" target=\"_blank\" rel=\"noopener\">O Movimento do Com\u00e9rcio Justo e Solid\u00e1rio no Brasil: Entre a Solidariedade e o Mercado<\/a><\/strong><\/p>\n<p>Defesa: 28\/02\/2007<br \/>\nOrientador: John Wilkinson (CPDA\/UFRRJ)<\/p>\n<p>&nbsp;<\/p>\n<hr \/>\n<p><strong>WILLIAM SANTOS DE ASSIS<br \/>\n<a href=\"https:\/\/institucional.ufrrj.br\/portalcpda\/files\/2018\/08\/2007.tese_.willian_assis.pdf\" target=\"_blank\" rel=\"noopener\">A Constru\u00e7\u00e3o da Representa\u00e7\u00e3o dos Trabalhadores Rurais no Sudeste Paraense<\/a><\/strong><\/p>\n<p>Defesa: 27\/02\/2007<br \/>\nOrientadora: Leonilde Servolo de Medeiros (CPDA\/UFRRJ)<\/p>\n<p>&nbsp;<\/p>\n<hr \/>\n<p><strong>JORGE OSVALDO ROMANO<br \/>\n<a href=\"https:\/\/institucional.ufrrj.br\/portalcpda\/files\/2018\/08\/2007.tese_.jorge_romano.pdf\" target=\"_blank\" rel=\"noopener\">Pol\u00edticas nas pol\u00edticas: um olhar sobre os estudos na agricultura brasileira<\/a><\/strong><\/p>\n<p>Defesa: 26\/03\/2007<br \/>\nOrientador: John Wilkinson (CPDA\/UFRRJ)<\/p>\n<p>&nbsp;<\/p>\n<hr \/>\n<p><strong>MARCELO LELES ROMARCO DE OLIVEIRA<br \/>\n<a href=\"https:\/\/institucional.ufrrj.br\/portalcpda\/files\/2018\/08\/2007.tese_.marcelo_romarco.pdf\" target=\"_blank\" rel=\"noopener\">Retratos de assentamentos: um estudo de caso em assentamentos rurais formados por migrantes na regi\u00e3o do entorno do Distrito Federal<\/a><\/strong><\/p>\n<p>Defesa: 25\/06\/2007<br \/>\nOrientadora: Eli de F\u00e1tima Napole\u00e3o de Lima (CPDA\/UFRRJ)<\/p>\n<p>&nbsp;<\/p>\n<hr \/>\n<p><strong>RODRIGO DE SOUZA PAIN<br \/>\n<a href=\"https:\/\/institucional.ufrrj.br\/portalcpda\/files\/2018\/08\/2007.tese_.rodrigo_Pain.pdf\" target=\"_blank\" rel=\"noopener\">Desafios da participa\u00e7\u00e3o social em um pa\u00eds de conflito agudo: estudo a partir da ONG Angolana ACCA para o desenvolvimento rural e ambiente (ADRA)<\/a><\/strong><\/p>\n<p>Defesa: 25\/06\/2007<br \/>\nOrientador: Renato S\u00e9rgio Jamil Maluf (CPDA\/UFRRJ)<\/p>\n<p>&nbsp;<\/p>\n<hr \/>\n<p><strong>MARGARITA DE C\u00c1SSIA VIANA RODRIGUES<br \/>\n<a href=\"https:\/\/institucional.ufrrj.br\/portalcpda\/files\/2018\/09\/TESE-MARGARITA.pdf\" target=\"_blank\" rel=\"noopener\">Desenvolvimento local, turismo e lazer no Agreste Central de Pernambuco<\/a><\/strong><\/p>\n<p>Defesa: 29\/08\/2007<br \/>\nOrientador: Nelson Giordano Delgado (CPDA\/UFRRJ)<\/p>\n<p>&nbsp;<\/p>\n<hr \/>\n<p><strong>R\u00d4MULO SOARES BARBOSA<br \/>\n<a href=\"https:\/\/institucional.ufrrj.br\/portalcpda\/files\/2018\/08\/2007.tese_.romulo_soares_barbosa.pdf\" target=\"_blank\" rel=\"noopener\">Entre igualdade e diferen\u00e7a: processos sociais e disputas pol\u00edticas em torno da previd\u00eancia social rural no Brasil<\/a><\/strong><\/p>\n<p>Defesa: 13\/09\/2007<br \/>\nOrientadora: Leonilde Servolo de Medeiros (CPDA\/UFRRJ)<\/p>\n<p>&nbsp;<\/p>\n<hr \/>\n<p><strong>H\u00c9LIO DE LENA JUNIOR<br \/>\n<a href=\"https:\/\/institucional.ufrrj.br\/portalcpda\/files\/2018\/08\/2007.tese_.helio_de_lena_jr.pdf\" target=\"_blank\" rel=\"noopener\">A idade da revolu\u00e7\u00e3o: Astrojildo Pereira e Jos\u00e9 Carlos Mari\u00e1tegui na constru\u00e7\u00e3o do marxismo latino-americano<\/a><\/strong><\/p>\n<p>Defesa: 07\/11\/2007<br \/>\nOrientadora: Eli de F\u00e1tima Napole\u00e3o de Lima (CPDA\/UFRRJ)<\/p>\n<p>&nbsp;<\/p>\n<hr \/>\n<p><strong>NILSA LUZZI<br \/>\n<a href=\"https:\/\/institucional.ufrrj.br\/portalcpda\/files\/2018\/08\/2007.tese_.nilsa_luzzi.pdf\" target=\"_blank\" rel=\"noopener\">O debate agroecol\u00f3gico no Brasil: uma constru\u00e7\u00e3o a partir de diferentes atores sociais<\/a><\/strong><\/p>\n<p>Defesa: 03\/12\/2007<br \/>\nOrientador: Nelson Giordano Delgado (CPDA\/UFRRJ)<\/p>\n<p>&nbsp;<\/p>\n<hr \/>\n<p><strong>DURVAL CORR\u00caA MEIRELLES<br \/>\n<a href=\"https:\/\/institucional.ufrrj.br\/portalcpda\/files\/2018\/08\/2007.tese_.durval_meirelles.pdf\" target=\"_blank\" rel=\"noopener\">A inova\u00e7\u00e3o e aprendizado coletivo: intera\u00e7\u00e3o e coopera\u00e7\u00e3o de empresas de base tecnol\u00f3gica em incubadoras de empresas<\/a><\/strong><\/p>\n<p>Defesa: 06\/12\/2007<br \/>\nOrientador: John Wilkinson (CPDA\/UFRRJ)<\/p>\n<p>&nbsp;<\/p>\n<hr \/>\n<p><strong>RAFAEL LEITE PINTO DE ANDRADE<br \/>\n<a href=\"https:\/\/institucional.ufrrj.br\/portalcpda\/files\/2018\/08\/2007.tese_.rafael_de_andrade.pdf\" target=\"_blank\" rel=\"noopener\">Conseq\u00fc\u00eancias positivas da barreira n\u00e3o-tarif\u00e1ria no com\u00e9rcio internacional de produtos da agroneg\u00f3cio: o caso da cadeia da carne bovina<\/a><\/strong><\/p>\n<p>Defesa: 14\/12\/2007<br \/>\nOrientadora: Ana C\u00e9lia Castro (CPDA\/UFRRJ)<\/p>\n<p>&nbsp;<\/p>\n<hr \/>\n<p><strong>GILBERTO DE SOUZA MARQUES<br \/>\n<a href=\"https:\/\/institucional.ufrrj.br\/portalcpda\/files\/2018\/08\/2007.tese_.gilberto_de_souza_marques.pdf\" target=\"_blank\" rel=\"noopener\">Estado e desenvolvimento na Amaz\u00f4nia: a incorpora\u00e7\u00e3o amaz\u00f4nica na reprodu\u00e7\u00e3o capitalista brasileira<\/a><\/strong><\/p>\n<p>Defesa: 19\/12\/2007<br \/>\nOrientador: Nelson Giordano Delgado (CPDA\/UFRRJ)<\/p>\n<p>&nbsp;<\/p>\n<p>&nbsp;<\/p>\n","protected":false},"excerpt":{"rendered":"<p>&nbsp; GILBERTO CARLOS CERQUEIRA MASCARENHAS O Movimento do Com\u00e9rcio Justo e Solid\u00e1rio no Brasil: Entre a Solidariedade e o Mercado <a class=\"read-more\" href=\"https:\/\/institucional.ufrrj.br\/portalcpda\/teses-doutorado-2007\/ \" >&#8230; <span class=\"font-italic\">leia mais <i class=\"fas fa-angle-right\"><\/i><\/span><\/a><\/p>\n","protected":false},"author":634,"featured_media":0,"parent":0,"menu_order":0,"comment_status":"open","ping_status":"open","template":"","meta":{"_acf_changed":false,"footnotes":""},"class_list":["post-636","page","type-page","status-publish","hentry"],"yoast_head":"<!-- This site is optimized with the Yoast SEO plugin v27.2 - https:\/\/yoast.com\/product\/yoast-seo-wordpress\/ -->\n<title>Teses Doutorado 2007 - CPDA<\/title>\n<meta name=\"robots\" content=\"index, follow, max-snippet:-1, max-image-preview:large, max-video-preview:-1\" \/>\n<link rel=\"canonical\" href=\"https:\/\/institucional.ufrrj.br\/portalcpda\/teses-doutorado-2007\/\" \/>\n<meta property=\"og:locale\" content=\"pt_BR\" \/>\n<meta property=\"og:type\" content=\"article\" \/>\n<meta property=\"og:title\" content=\"Teses Doutorado 2007 - CPDA\" \/>\n<meta property=\"og:description\" content=\"&nbsp; GILBERTO CARLOS CERQUEIRA MASCARENHAS O Movimento do Com\u00e9rcio Justo e Solid\u00e1rio no Brasil: Entre a Solidariedade e o Mercado ... leia mais\" \/>\n<meta property=\"og:url\" content=\"https:\/\/institucional.ufrrj.br\/portalcpda\/teses-doutorado-2007\/\" \/>\n<meta property=\"og:site_name\" content=\"CPDA\" \/>\n<meta property=\"article:modified_time\" content=\"2018-09-04T20:44:35+00:00\" \/>\n<meta name=\"twitter:card\" content=\"summary_large_image\" \/>\n<meta name=\"twitter:label1\" content=\"Est. tempo de leitura\" \/>\n\t<meta name=\"twitter:data1\" content=\"2 minutos\" \/>\n<script type=\"application\/ld+json\" class=\"yoast-schema-graph\">{\"@context\":\"https:\/\/schema.org\",\"@graph\":[{\"@type\":\"WebPage\",\"@id\":\"https:\/\/institucional.ufrrj.br\/portalcpda\/teses-doutorado-2007\/\",\"url\":\"https:\/\/institucional.ufrrj.br\/portalcpda\/teses-doutorado-2007\/\",\"name\":\"Teses Doutorado 2007 - CPDA\",\"isPartOf\":{\"@id\":\"https:\/\/institucional.ufrrj.br\/portalcpda\/#website\"},\"datePublished\":\"2011-09-04T17:09:55+00:00\",\"dateModified\":\"2018-09-04T20:44:35+00:00\",\"breadcrumb\":{\"@id\":\"https:\/\/institucional.ufrrj.br\/portalcpda\/teses-doutorado-2007\/#breadcrumb\"},\"inLanguage\":\"pt-BR\",\"potentialAction\":[{\"@type\":\"ReadAction\",\"target\":[\"https:\/\/institucional.ufrrj.br\/portalcpda\/teses-doutorado-2007\/\"]}]},{\"@type\":\"BreadcrumbList\",\"@id\":\"https:\/\/institucional.ufrrj.br\/portalcpda\/teses-doutorado-2007\/#breadcrumb\",\"itemListElement\":[{\"@type\":\"ListItem\",\"position\":1,\"name\":\"In\u00edcio\",\"item\":\"https:\/\/institucional.ufrrj.br\/portalcpda\/\"},{\"@type\":\"ListItem\",\"position\":2,\"name\":\"Teses Doutorado 2007\"}]},{\"@type\":\"WebSite\",\"@id\":\"https:\/\/institucional.ufrrj.br\/portalcpda\/#website\",\"url\":\"https:\/\/institucional.ufrrj.br\/portalcpda\/\",\"name\":\"CPDA\",\"description\":\"institucional.ufrrj.br\",\"potentialAction\":[{\"@type\":\"SearchAction\",\"target\":{\"@type\":\"EntryPoint\",\"urlTemplate\":\"https:\/\/institucional.ufrrj.br\/portalcpda\/?s={search_term_string}\"},\"query-input\":{\"@type\":\"PropertyValueSpecification\",\"valueRequired\":true,\"valueName\":\"search_term_string\"}}],\"inLanguage\":\"pt-BR\"}]}<\/script>\n<!-- \/ Yoast SEO plugin. -->","yoast_head_json":{"title":"Teses Doutorado 2007 - CPDA","robots":{"index":"index","follow":"follow","max-snippet":"max-snippet:-1","max-image-preview":"max-image-preview:large","max-video-preview":"max-video-preview:-1"},"canonical":"https:\/\/institucional.ufrrj.br\/portalcpda\/teses-doutorado-2007\/","og_locale":"pt_BR","og_type":"article","og_title":"Teses Doutorado 2007 - CPDA","og_description":"&nbsp; GILBERTO CARLOS CERQUEIRA MASCARENHAS O Movimento do Com\u00e9rcio Justo e Solid\u00e1rio no Brasil: Entre a Solidariedade e o Mercado ... leia mais","og_url":"https:\/\/institucional.ufrrj.br\/portalcpda\/teses-doutorado-2007\/","og_site_name":"CPDA","article_modified_time":"2018-09-04T20:44:35+00:00","twitter_card":"summary_large_image","twitter_misc":{"Est. tempo de leitura":"2 minutos"},"schema":{"@context":"https:\/\/schema.org","@graph":[{"@type":"WebPage","@id":"https:\/\/institucional.ufrrj.br\/portalcpda\/teses-doutorado-2007\/","url":"https:\/\/institucional.ufrrj.br\/portalcpda\/teses-doutorado-2007\/","name":"Teses Doutorado 2007 - CPDA","isPartOf":{"@id":"https:\/\/institucional.ufrrj.br\/portalcpda\/#website"},"datePublished":"2011-09-04T17:09:55+00:00","dateModified":"2018-09-04T20:44:35+00:00","breadcrumb":{"@id":"https:\/\/institucional.ufrrj.br\/portalcpda\/teses-doutorado-2007\/#breadcrumb"},"inLanguage":"pt-BR","potentialAction":[{"@type":"ReadAction","target":["https:\/\/institucional.ufrrj.br\/portalcpda\/teses-doutorado-2007\/"]}]},{"@type":"BreadcrumbList","@id":"https:\/\/institucional.ufrrj.br\/portalcpda\/teses-doutorado-2007\/#breadcrumb","itemListElement":[{"@type":"ListItem","position":1,"name":"In\u00edcio","item":"https:\/\/institucional.ufrrj.br\/portalcpda\/"},{"@type":"ListItem","position":2,"name":"Teses Doutorado 2007"}]},{"@type":"WebSite","@id":"https:\/\/institucional.ufrrj.br\/portalcpda\/#website","url":"https:\/\/institucional.ufrrj.br\/portalcpda\/","name":"CPDA","description":"institucional.ufrrj.br","potentialAction":[{"@type":"SearchAction","target":{"@type":"EntryPoint","urlTemplate":"https:\/\/institucional.ufrrj.br\/portalcpda\/?s={search_term_string}"},"query-input":{"@type":"PropertyValueSpecification","valueRequired":true,"valueName":"search_term_string"}}],"inLanguage":"pt-BR"}]}},"acf":[],"_links":{"self":[{"href":"https:\/\/institucional.ufrrj.br\/portalcpda\/wp-json\/wp\/v2\/pages\/636","targetHints":{"allow":["GET"]}}],"collection":[{"href":"https:\/\/institucional.ufrrj.br\/portalcpda\/wp-json\/wp\/v2\/pages"}],"about":[{"href":"https:\/\/institucional.ufrrj.br\/portalcpda\/wp-json\/wp\/v2\/types\/page"}],"author":[{"embeddable":true,"href":"https:\/\/institucional.ufrrj.br\/portalcpda\/wp-json\/wp\/v2\/users\/634"}],"replies":[{"embeddable":true,"href":"https:\/\/institucional.ufrrj.br\/portalcpda\/wp-json\/wp\/v2\/comments?post=636"}],"version-history":[{"count":10,"href":"https:\/\/institucional.ufrrj.br\/portalcpda\/wp-json\/wp\/v2\/pages\/636\/revisions"}],"predecessor-version":[{"id":15847,"href":"https:\/\/institucional.ufrrj.br\/portalcpda\/wp-json\/wp\/v2\/pages\/636\/revisions\/15847"}],"wp:attachment":[{"href":"https:\/\/institucional.ufrrj.br\/portalcpda\/wp-json\/wp\/v2\/media?parent=636"}],"curies":[{"name":"wp","href":"https:\/\/api.w.org\/{rel}","templated":true}]}}