{"id":619,"date":"2011-09-04T16:32:12","date_gmt":"2011-09-04T16:32:12","guid":{"rendered":"http:\/\/r1.ufrrj.br\/cpda\/?page_id=619"},"modified":"2018-09-04T17:17:10","modified_gmt":"2018-09-04T20:17:10","slug":"dissertacoes-mestrado-2007","status":"publish","type":"page","link":"https:\/\/institucional.ufrrj.br\/portalcpda\/dissertacoes-mestrado-2007\/","title":{"rendered":"Disserta\u00e7\u00f5es Mestrado 2007"},"content":{"rendered":"<p>&nbsp;<\/p>\n<p><strong>EVARISTO JOS\u00c9 DE LIMA NETO<br \/>\n<a href=\"https:\/\/institucional.ufrrj.br\/portalcpda\/files\/2018\/08\/2007.disserta\u00ba\u00fao.evaristo.pdf\" target=\"_blank\" rel=\"noopener\">O Associativismo em \u00e1reas de baba\u00e7uais: A experi\u00eancia das organiza\u00e7\u00f5es de trabalhadores rurais do munic\u00edpio do Lago do Junco (MA) associadas \u00e0 ASSEMA<\/a><\/strong><\/p>\n<p>Defesa: 22\/03\/2007<br \/>\nOrientadora: Regina \u00c2ngela Landim Bruno (CPDA\/UFRRJ)<\/p>\n<p>&nbsp;<\/p>\n<hr \/>\n<p><strong>RENATA DO LAGO \u00c9BOLI<br \/>\n<a href=\"https:\/\/institucional.ufrrj.br\/portalcpda\/files\/2018\/08\/2007.disserta\u00ba\u00fao.renata_eboli.pdf\" target=\"_blank\" rel=\"noopener\">Globo Rural: mito e realidade do homem do campo<\/a><\/strong><\/p>\n<p>Defesa: 26\/02\/2007<br \/>\nOrientador: Roberto Jos\u00e9 Moreira (CPDA\/UFRRJ)<\/p>\n<p>&nbsp;<\/p>\n<hr \/>\n<p><strong>THA\u00cdS SOUZA COUTINHO<br \/>\n<a href=\"https:\/\/institucional.ufrrj.br\/portalcpda\/files\/2018\/09\/dissertacao_2007-Tha\u00eds-Coutinho.pdf\" target=\"_blank\" rel=\"noopener\">O caipira Chico Bento e a preserva\u00e7\u00e3o do nacional na obra de Maur\u00edcio de Sousa<\/a><\/strong><\/p>\n<p>Defesa: 04\/05\/2007<br \/>\nOrientadora: Silvana Gon\u00e7alves de Paula (CPDA\/UFRRJ)<\/p>\n<p>&nbsp;<\/p>\n<hr \/>\n<p><strong>VANIA COSTA PIMENTEL<br \/>\n<a href=\"https:\/\/institucional.ufrrj.br\/portalcpda\/files\/2018\/08\/2007.disserta\u00ba\u00fao.vania_pimentel.pdf\" target=\"_blank\" rel=\"noopener\">Assentamento \u00e9 mais um \u201cprojeto\u201d: a assist\u00eancia t\u00e9cnica nos assentamentos rurais<\/a><\/strong><\/p>\n<p>Defesa: 28\/02\/2007<br \/>\nOrientadora: Leonilde Servolo de Medeiros (CPDA\/UFRRJ)<\/p>\n<p>&nbsp;<\/p>\n<hr \/>\n<p><strong>EDSON VANDA PEREIRA DOS SANTOS<br \/>\n<a href=\"https:\/\/institucional.ufrrj.br\/portalcpda\/files\/2018\/08\/2007.dissertacao.edson_vanda_pereira_dos_santos.pdf\" target=\"_blank\" rel=\"noopener\">Di\u00e1logos, pr\u00e1ticas e espa\u00e7os participativos: a participa\u00e7\u00e3o da comunidade da Reserva Extrativista Cazumb\u00e1-Iracema\/Acre no programa Biodiversidade Brasil-It\u00e1lia<\/a><\/strong><\/p>\n<p>Defesa: 30\/05\/2007<br \/>\nOrientador: Nelson Giordano Delgado (CPDA\/UFRRJ)<\/p>\n<p>&nbsp;<\/p>\n<hr \/>\n<p><strong>DUVANIL NEY SANTANA ALEIXO<br \/>\n<a href=\"https:\/\/institucional.ufrrj.br\/portalcpda\/files\/2018\/08\/2007.dissertacao.duvanil_ney_santana_aleixo.pdf\" target=\"_blank\" rel=\"noopener\">Mudan\u00e7as de benefici\u00e1rios e formas de reocupa\u00e7\u00e3o de lotes no Assentamento Capelinha, Concei\u00e7\u00e3o de Macabu, RJ<\/a><\/strong><\/p>\n<p>Defesa: 02\/07\/2007<br \/>\nOrientadora: Regina \u00c2ngela Landim Bruno (CPDA\/UFRRJ)<\/p>\n<p>&nbsp;<\/p>\n<hr \/>\n<p><strong>MARCOS BOTTON PICCIN<br \/>\n<a href=\"https:\/\/institucional.ufrrj.br\/portalcpda\/files\/2018\/08\/2007.dissertacao.marcos_piccin.pdf\" target=\"_blank\" rel=\"noopener\">L\u00f3gicas socioculturais e estrat\u00e9gias produtivas no Assentamento Menina dos Olhos dos Sem-Terra<\/a><\/strong><\/p>\n<p>Defesa: 23\/08\/2007<br \/>\nOrientador: Roberto Jos\u00e9 Moreira (CPDA\/UFRRJ)<\/p>\n<p>&nbsp;<\/p>\n<hr \/>\n<p><strong>ANA LARRONDA ASTI<br \/>\n<a href=\"https:\/\/institucional.ufrrj.br\/portalcpda\/files\/2018\/08\/2007.dissertacao.ana_larronda_asti.pdf\" target=\"_blank\" rel=\"noopener\">Com\u00e9rcio justo e o caso do algod\u00e3o: a cadeia produtiva t\u00eaxtil brasileira<\/a><\/strong><\/p>\n<p>Defesa: 23\/08\/2007<br \/>\nOrientador: John Wilkinson (CPDA\/UFRRJ)<\/p>\n<p>&nbsp;<\/p>\n<hr \/>\n<p><strong>THIAGO DE JESUS ESTEVES<br \/>\nModelos de desenvolvimento e integra\u00e7\u00e3o latino-americanos: da CEPAL ao Consenso de Washington<\/strong><\/p>\n<p>Defesa: 29\/08\/2007<br \/>\nOrientador: Nelson Giordano Delgado (CPDA\/UFRRJ)<\/p>\n<p>&nbsp;<\/p>\n<hr \/>\n<p><strong>CLESIANE DE OLIVEIRA<br \/>\n<a href=\"https:\/\/institucional.ufrrj.br\/portalcpda\/files\/2018\/08\/2007.dissertacao.clesiane_de_oliveira.pdf\" target=\"_blank\" rel=\"noopener\">Financiamento agr\u00edcola no Brasil: uma an\u00e1lise dos novos t\u00edtulos de capta\u00e7\u00e3o de recursos privados<\/a><\/strong><\/p>\n<p>Defesa: 30\/08\/2007<br \/>\nOrientador: S\u00e9rgio Pereira Leite (CPDA\/UFRRJ)<\/p>\n<p>&nbsp;<\/p>\n<hr \/>\n<p><strong>THIAGO LOPES FERREIRA<br \/>\n<a href=\"https:\/\/institucional.ufrrj.br\/portalcpda\/files\/2018\/08\/2007.dissertacao.thiago_lopes_ferreira.pdf\" target=\"_blank\" rel=\"noopener\">Dos sonhos de uma casa \u00e0 casa dos sonhos: moradia e qualidade de vida na Comunidade Terra Livre<\/a><\/strong><\/p>\n<p>Defesa: 05\/09\/2007<br \/>\nOrientador: Luiz Fl\u00e1vio de Carvalho Costa (CPDA\/UFRRJ)<\/p>\n<p>&nbsp;<\/p>\n<hr \/>\n<p><strong>GISELE FERREIRA AMARAL<br \/>\n<a href=\"https:\/\/institucional.ufrrj.br\/portalcpda\/files\/2018\/08\/2007.dissertacao.gisele_amaral.pdf\" target=\"_blank\" rel=\"noopener\">An\u00e1lise do segmento de trutas: abordagens de cadeia produtiva e turismo rural<\/a><\/strong><\/p>\n<p>Defesa: 13\/09\/2007<br \/>\nOrientador: John Wilkinson (CPDA\/UFRRJ)<\/p>\n<p>&nbsp;<\/p>\n<hr \/>\n<p><strong>EDSON PINTO FERREIRA FILHO<br \/>\nCapacita\u00e7\u00f5es din\u00e2micas e vantagens comparativas institucionais: a Petr\u00f3leo Brasileiro S. A. \u2013 Petrobr\u00e1s<\/strong><\/p>\n<p>Defesa: 21\/09\/2007<br \/>\nOrientadora: Ana C\u00e9lia Castro (CPDA\/UFRRJ)<\/p>\n<p>&nbsp;<\/p>\n<hr \/>\n<p><strong>PAULA DANIELA MUNHOS<br \/>\n<a href=\"https:\/\/institucional.ufrrj.br\/portalcpda\/files\/2018\/08\/2007.dissertacao.paula_daniela_munhos.pdf\" target=\"_blank\" rel=\"noopener\">Sitiantes e Chacareiros do Ribeir\u00e3o Vermelho, Alvorado do Sul \u2013 SC: sociabilidade, disputas e transforma\u00e7\u00f5es de um bairro rural<\/a><\/strong><\/p>\n<p>Defesa: 26\/11\/2007<br \/>\nOrientadora: Maria Jos\u00e9 Teixeira Carneiro (CPDA\/UFRRJ)<\/p>\n<p>&nbsp;<\/p>\n<p>&nbsp;<\/p>\n","protected":false},"excerpt":{"rendered":"<p>&nbsp; EVARISTO JOS\u00c9 DE LIMA NETO O Associativismo em \u00e1reas de baba\u00e7uais: A experi\u00eancia das organiza\u00e7\u00f5es de trabalhadores rurais do <a class=\"read-more\" href=\"https:\/\/institucional.ufrrj.br\/portalcpda\/dissertacoes-mestrado-2007\/ \" >&#8230; <span class=\"font-italic\">leia mais <i class=\"fas fa-angle-right\"><\/i><\/span><\/a><\/p>\n","protected":false},"author":634,"featured_media":0,"parent":0,"menu_order":0,"comment_status":"open","ping_status":"open","template":"","meta":{"_acf_changed":false,"footnotes":""},"class_list":["post-619","page","type-page","status-publish","hentry"],"yoast_head":"<!-- This site is optimized with the Yoast SEO plugin v27.2 - https:\/\/yoast.com\/product\/yoast-seo-wordpress\/ -->\n<title>Disserta\u00e7\u00f5es Mestrado 2007 - CPDA<\/title>\n<meta name=\"robots\" content=\"index, follow, max-snippet:-1, max-image-preview:large, max-video-preview:-1\" \/>\n<link rel=\"canonical\" href=\"https:\/\/institucional.ufrrj.br\/portalcpda\/dissertacoes-mestrado-2007\/\" \/>\n<meta property=\"og:locale\" content=\"pt_BR\" \/>\n<meta property=\"og:type\" content=\"article\" \/>\n<meta property=\"og:title\" content=\"Disserta\u00e7\u00f5es Mestrado 2007 - CPDA\" \/>\n<meta property=\"og:description\" content=\"&nbsp; EVARISTO JOS\u00c9 DE LIMA NETO O Associativismo em \u00e1reas de baba\u00e7uais: A experi\u00eancia das organiza\u00e7\u00f5es de trabalhadores rurais do ... leia mais\" \/>\n<meta property=\"og:url\" content=\"https:\/\/institucional.ufrrj.br\/portalcpda\/dissertacoes-mestrado-2007\/\" \/>\n<meta property=\"og:site_name\" content=\"CPDA\" \/>\n<meta property=\"article:modified_time\" content=\"2018-09-04T20:17:10+00:00\" \/>\n<meta name=\"twitter:card\" content=\"summary_large_image\" \/>\n<meta name=\"twitter:label1\" content=\"Est. tempo de leitura\" \/>\n\t<meta name=\"twitter:data1\" content=\"2 minutos\" \/>\n<script type=\"application\/ld+json\" class=\"yoast-schema-graph\">{\"@context\":\"https:\/\/schema.org\",\"@graph\":[{\"@type\":\"WebPage\",\"@id\":\"https:\/\/institucional.ufrrj.br\/portalcpda\/dissertacoes-mestrado-2007\/\",\"url\":\"https:\/\/institucional.ufrrj.br\/portalcpda\/dissertacoes-mestrado-2007\/\",\"name\":\"Disserta\u00e7\u00f5es Mestrado 2007 - CPDA\",\"isPartOf\":{\"@id\":\"https:\/\/institucional.ufrrj.br\/portalcpda\/#website\"},\"datePublished\":\"2011-09-04T16:32:12+00:00\",\"dateModified\":\"2018-09-04T20:17:10+00:00\",\"breadcrumb\":{\"@id\":\"https:\/\/institucional.ufrrj.br\/portalcpda\/dissertacoes-mestrado-2007\/#breadcrumb\"},\"inLanguage\":\"pt-BR\",\"potentialAction\":[{\"@type\":\"ReadAction\",\"target\":[\"https:\/\/institucional.ufrrj.br\/portalcpda\/dissertacoes-mestrado-2007\/\"]}]},{\"@type\":\"BreadcrumbList\",\"@id\":\"https:\/\/institucional.ufrrj.br\/portalcpda\/dissertacoes-mestrado-2007\/#breadcrumb\",\"itemListElement\":[{\"@type\":\"ListItem\",\"position\":1,\"name\":\"In\u00edcio\",\"item\":\"https:\/\/institucional.ufrrj.br\/portalcpda\/\"},{\"@type\":\"ListItem\",\"position\":2,\"name\":\"Disserta\u00e7\u00f5es Mestrado 2007\"}]},{\"@type\":\"WebSite\",\"@id\":\"https:\/\/institucional.ufrrj.br\/portalcpda\/#website\",\"url\":\"https:\/\/institucional.ufrrj.br\/portalcpda\/\",\"name\":\"CPDA\",\"description\":\"institucional.ufrrj.br\",\"potentialAction\":[{\"@type\":\"SearchAction\",\"target\":{\"@type\":\"EntryPoint\",\"urlTemplate\":\"https:\/\/institucional.ufrrj.br\/portalcpda\/?s={search_term_string}\"},\"query-input\":{\"@type\":\"PropertyValueSpecification\",\"valueRequired\":true,\"valueName\":\"search_term_string\"}}],\"inLanguage\":\"pt-BR\"}]}<\/script>\n<!-- \/ Yoast SEO plugin. -->","yoast_head_json":{"title":"Disserta\u00e7\u00f5es Mestrado 2007 - CPDA","robots":{"index":"index","follow":"follow","max-snippet":"max-snippet:-1","max-image-preview":"max-image-preview:large","max-video-preview":"max-video-preview:-1"},"canonical":"https:\/\/institucional.ufrrj.br\/portalcpda\/dissertacoes-mestrado-2007\/","og_locale":"pt_BR","og_type":"article","og_title":"Disserta\u00e7\u00f5es Mestrado 2007 - CPDA","og_description":"&nbsp; EVARISTO JOS\u00c9 DE LIMA NETO O Associativismo em \u00e1reas de baba\u00e7uais: A experi\u00eancia das organiza\u00e7\u00f5es de trabalhadores rurais do ... leia mais","og_url":"https:\/\/institucional.ufrrj.br\/portalcpda\/dissertacoes-mestrado-2007\/","og_site_name":"CPDA","article_modified_time":"2018-09-04T20:17:10+00:00","twitter_card":"summary_large_image","twitter_misc":{"Est. tempo de leitura":"2 minutos"},"schema":{"@context":"https:\/\/schema.org","@graph":[{"@type":"WebPage","@id":"https:\/\/institucional.ufrrj.br\/portalcpda\/dissertacoes-mestrado-2007\/","url":"https:\/\/institucional.ufrrj.br\/portalcpda\/dissertacoes-mestrado-2007\/","name":"Disserta\u00e7\u00f5es Mestrado 2007 - CPDA","isPartOf":{"@id":"https:\/\/institucional.ufrrj.br\/portalcpda\/#website"},"datePublished":"2011-09-04T16:32:12+00:00","dateModified":"2018-09-04T20:17:10+00:00","breadcrumb":{"@id":"https:\/\/institucional.ufrrj.br\/portalcpda\/dissertacoes-mestrado-2007\/#breadcrumb"},"inLanguage":"pt-BR","potentialAction":[{"@type":"ReadAction","target":["https:\/\/institucional.ufrrj.br\/portalcpda\/dissertacoes-mestrado-2007\/"]}]},{"@type":"BreadcrumbList","@id":"https:\/\/institucional.ufrrj.br\/portalcpda\/dissertacoes-mestrado-2007\/#breadcrumb","itemListElement":[{"@type":"ListItem","position":1,"name":"In\u00edcio","item":"https:\/\/institucional.ufrrj.br\/portalcpda\/"},{"@type":"ListItem","position":2,"name":"Disserta\u00e7\u00f5es Mestrado 2007"}]},{"@type":"WebSite","@id":"https:\/\/institucional.ufrrj.br\/portalcpda\/#website","url":"https:\/\/institucional.ufrrj.br\/portalcpda\/","name":"CPDA","description":"institucional.ufrrj.br","potentialAction":[{"@type":"SearchAction","target":{"@type":"EntryPoint","urlTemplate":"https:\/\/institucional.ufrrj.br\/portalcpda\/?s={search_term_string}"},"query-input":{"@type":"PropertyValueSpecification","valueRequired":true,"valueName":"search_term_string"}}],"inLanguage":"pt-BR"}]}},"acf":[],"_links":{"self":[{"href":"https:\/\/institucional.ufrrj.br\/portalcpda\/wp-json\/wp\/v2\/pages\/619","targetHints":{"allow":["GET"]}}],"collection":[{"href":"https:\/\/institucional.ufrrj.br\/portalcpda\/wp-json\/wp\/v2\/pages"}],"about":[{"href":"https:\/\/institucional.ufrrj.br\/portalcpda\/wp-json\/wp\/v2\/types\/page"}],"author":[{"embeddable":true,"href":"https:\/\/institucional.ufrrj.br\/portalcpda\/wp-json\/wp\/v2\/users\/634"}],"replies":[{"embeddable":true,"href":"https:\/\/institucional.ufrrj.br\/portalcpda\/wp-json\/wp\/v2\/comments?post=619"}],"version-history":[{"count":17,"href":"https:\/\/institucional.ufrrj.br\/portalcpda\/wp-json\/wp\/v2\/pages\/619\/revisions"}],"predecessor-version":[{"id":15821,"href":"https:\/\/institucional.ufrrj.br\/portalcpda\/wp-json\/wp\/v2\/pages\/619\/revisions\/15821"}],"wp:attachment":[{"href":"https:\/\/institucional.ufrrj.br\/portalcpda\/wp-json\/wp\/v2\/media?parent=619"}],"curies":[{"name":"wp","href":"https:\/\/api.w.org\/{rel}","templated":true}]}}