{"id":6152,"date":"2015-03-02T20:38:39","date_gmt":"2015-03-02T23:38:39","guid":{"rendered":"http:\/\/r1.ufrrj.br\/cpda\/?page_id=6152"},"modified":"2018-06-29T16:14:02","modified_gmt":"2018-06-29T19:14:02","slug":"intelectuais-e-cultura-politica","status":"publish","type":"page","link":"https:\/\/institucional.ufrrj.br\/portalcpda\/intelectuais-e-cultura-politica\/","title":{"rendered":"Intelectuais e cultura pol\u00edtica"},"content":{"rendered":"<p>IH 1521<\/p>\n<p>Disciplina Espec\u00edficas de linha de pesquisa Movimentos Sociais<br \/>\nN\u00famero de cr\u00e9ditos: 3<br \/>\nHoras aula: 4 (2 te\u00f3ricas e 2 pr\u00e1ticas)<br \/>\nProfessores respons\u00e1veis: Raimundo Nonato\u00a0Santos<\/p>\n<p><strong>Objetivo<\/strong><\/p>\n<p>A disciplina se prop\u00f5e como espa\u00e7o de leitura e discuss\u00e3o da quest\u00e3o dos intelectuais e a pol\u00edtica no Brasil. Primeiramente, ser\u00e3o lidos alguns textos que referenciam o tema da fun\u00e7\u00e3o intelectual \u00e0 reflex\u00e3o sobre a democracia nas sociedades complexas e aos estudos sobre as potencialidades pol\u00edticas dos movimentos sociais. Em um segundo momento, o curso se voltar\u00e1 para a discuss\u00e3o de elabora\u00e7\u00f5es de intelectuais brasileiros influentes em contextos pol\u00edticos e de mobiliza\u00e7\u00e3o social no Brasil contempor\u00e2neo; e suas rela\u00e7\u00f5es com a forma\u00e7\u00e3o de uma cultura pol\u00edtica.<\/p>\n<p><strong>Ementa<\/strong><\/p>\n<p>A disciplina tratar\u00e1 de quest\u00f5es relacionadas aos temas: 1. Intelectuais e sociabilidade; 2. Movimentos sociais e pol\u00edtica; 3. O nacional-popular; 4. Paradigmas econ\u00f4micos de mudan\u00e7a social. 5. Intelectuais e sociedade democr\u00e1tica e reflexiva.<\/p>\n<p><strong>Bibliografia<\/strong><\/p>\n<p>Gramsci, Antonio. Cadernos do c\u00e1rcere, v. 6: O Risorgimento. Notas sobre a hist\u00f3ria da It\u00e1lia. Trad. Luiz S\u00e9rgio Henriques. Rio de Janeiro: ed. Civiliza\u00e7\u00e3o Brasileira, 2002.<\/p>\n<p>&#8212;&#8212;&#8212;&#8211;. Cadernos do c\u00e1rcere, v. 4: Temas da cultura. A\u00e7\u00e3o cat\u00f3lica. Americanismo e fordismo. Trad. de Carlos Nelson Coutinho e Luiz S\u00e9rgio Henriques. Rio de Janeiro: Civiliza\u00e7\u00e3o Brasileira, 2001.<\/p>\n<p>Habermas, J\u00fcrgen. La necesitad de la revisi\u00f3n de la izquierda. Madri: Tecnos, 2a. edi\u00e7\u00e3o 1996.<\/p>\n<p>&#8212;&#8212;&#8212;&#8212;. Ay, Europa. Peque\u00f1os escritos pol\u00edticos XI. Madri: Editorial Trotta, 2008.<\/p>\n<p>Tilly, Charles. Los movimientos sociales como agrupaciones historicamente espec\u00edficas de actuaciones pol\u00edticas, revista Sociol\u00f3gica n. 28, M\u00e9xico, jan. 1995.<\/p>\n<p>&#8212;&#8212;&#8212;&#8212;&#8212;. Movimentos sociais como pol\u00edtica, Revista Brasileira de Ci\u00eancia Pol\u00edtica n. 3, Bras\u00edlia, jan.\/fev. 2010.<\/p>\n<p>P\u00e9caut, Daniel. Os intelectuais e a pol\u00edtica no Brasil. Entre o povo e a na\u00e7\u00e3o. S\u00e3o Paulo: \u00c1tica, 1990.<\/p>\n<p>Martins, Jos\u00e9 de Souza. A pol\u00edtica do Brasil l\u00fampen e m\u00edstico. S\u00e3o Paulo: Contexto, 2011.<\/p>\n<p>Carvalho, Maria Alice Resende. Cultura pol\u00edtica, capital social e a quest\u00e3o do d\u00e9ficit democr\u00e1tico, in Vianna, Luiz Werneck (org.). A democracia e os tr\u00eas poderes no Brasil. Edits. UFMG\/IUPERJ\/Faperj, Rio de Janeiro, 2002.<\/p>\n<p>Vianna, Luiz Werneck. Americanismo e direito: uma discuss\u00e3o sobre a autocomposi\u00e7\u00e3o do social. In: C\u00edcero Ara\u00fajo e Javier Amadeo. Teoria pol\u00edtica Latino-americana. S\u00e3o Paulo: Hucitec, 2009.<\/p>\n<div class=\"dc\"><\/div>\n","protected":false},"excerpt":{"rendered":"<p>IH 1521 Disciplina Espec\u00edficas de linha de pesquisa Movimentos Sociais N\u00famero de cr\u00e9ditos: 3 Horas aula: 4 (2 te\u00f3ricas e <a class=\"read-more\" href=\"https:\/\/institucional.ufrrj.br\/portalcpda\/intelectuais-e-cultura-politica\/ \" >&#8230; <span class=\"font-italic\">leia mais <i class=\"fas fa-angle-right\"><\/i><\/span><\/a><\/p>\n","protected":false},"author":634,"featured_media":0,"parent":0,"menu_order":0,"comment_status":"open","ping_status":"open","template":"","meta":{"_acf_changed":false,"footnotes":""},"class_list":["post-6152","page","type-page","status-publish","hentry"],"yoast_head":"<!-- This site is optimized with the Yoast SEO plugin v27.2 - https:\/\/yoast.com\/product\/yoast-seo-wordpress\/ -->\n<title>Intelectuais e cultura pol\u00edtica - CPDA<\/title>\n<meta name=\"robots\" content=\"index, follow, max-snippet:-1, max-image-preview:large, max-video-preview:-1\" \/>\n<link rel=\"canonical\" href=\"https:\/\/institucional.ufrrj.br\/portalcpda\/intelectuais-e-cultura-politica\/\" \/>\n<meta property=\"og:locale\" content=\"pt_BR\" \/>\n<meta property=\"og:type\" content=\"article\" \/>\n<meta property=\"og:title\" content=\"Intelectuais e cultura pol\u00edtica - CPDA\" \/>\n<meta property=\"og:description\" content=\"IH 1521 Disciplina Espec\u00edficas de linha de pesquisa Movimentos Sociais N\u00famero de cr\u00e9ditos: 3 Horas aula: 4 (2 te\u00f3ricas e ... leia mais\" \/>\n<meta property=\"og:url\" content=\"https:\/\/institucional.ufrrj.br\/portalcpda\/intelectuais-e-cultura-politica\/\" \/>\n<meta property=\"og:site_name\" content=\"CPDA\" \/>\n<meta property=\"article:modified_time\" content=\"2018-06-29T19:14:02+00:00\" \/>\n<meta name=\"twitter:card\" content=\"summary_large_image\" \/>\n<meta name=\"twitter:label1\" content=\"Est. tempo de leitura\" \/>\n\t<meta name=\"twitter:data1\" content=\"2 minutos\" \/>\n<script type=\"application\/ld+json\" class=\"yoast-schema-graph\">{\"@context\":\"https:\/\/schema.org\",\"@graph\":[{\"@type\":\"WebPage\",\"@id\":\"https:\/\/institucional.ufrrj.br\/portalcpda\/intelectuais-e-cultura-politica\/\",\"url\":\"https:\/\/institucional.ufrrj.br\/portalcpda\/intelectuais-e-cultura-politica\/\",\"name\":\"Intelectuais e cultura pol\u00edtica - CPDA\",\"isPartOf\":{\"@id\":\"https:\/\/institucional.ufrrj.br\/portalcpda\/#website\"},\"datePublished\":\"2015-03-02T23:38:39+00:00\",\"dateModified\":\"2018-06-29T19:14:02+00:00\",\"breadcrumb\":{\"@id\":\"https:\/\/institucional.ufrrj.br\/portalcpda\/intelectuais-e-cultura-politica\/#breadcrumb\"},\"inLanguage\":\"pt-BR\",\"potentialAction\":[{\"@type\":\"ReadAction\",\"target\":[\"https:\/\/institucional.ufrrj.br\/portalcpda\/intelectuais-e-cultura-politica\/\"]}]},{\"@type\":\"BreadcrumbList\",\"@id\":\"https:\/\/institucional.ufrrj.br\/portalcpda\/intelectuais-e-cultura-politica\/#breadcrumb\",\"itemListElement\":[{\"@type\":\"ListItem\",\"position\":1,\"name\":\"In\u00edcio\",\"item\":\"https:\/\/institucional.ufrrj.br\/portalcpda\/\"},{\"@type\":\"ListItem\",\"position\":2,\"name\":\"Intelectuais e cultura pol\u00edtica\"}]},{\"@type\":\"WebSite\",\"@id\":\"https:\/\/institucional.ufrrj.br\/portalcpda\/#website\",\"url\":\"https:\/\/institucional.ufrrj.br\/portalcpda\/\",\"name\":\"CPDA\",\"description\":\"institucional.ufrrj.br\",\"potentialAction\":[{\"@type\":\"SearchAction\",\"target\":{\"@type\":\"EntryPoint\",\"urlTemplate\":\"https:\/\/institucional.ufrrj.br\/portalcpda\/?s={search_term_string}\"},\"query-input\":{\"@type\":\"PropertyValueSpecification\",\"valueRequired\":true,\"valueName\":\"search_term_string\"}}],\"inLanguage\":\"pt-BR\"}]}<\/script>\n<!-- \/ Yoast SEO plugin. -->","yoast_head_json":{"title":"Intelectuais e cultura pol\u00edtica - CPDA","robots":{"index":"index","follow":"follow","max-snippet":"max-snippet:-1","max-image-preview":"max-image-preview:large","max-video-preview":"max-video-preview:-1"},"canonical":"https:\/\/institucional.ufrrj.br\/portalcpda\/intelectuais-e-cultura-politica\/","og_locale":"pt_BR","og_type":"article","og_title":"Intelectuais e cultura pol\u00edtica - CPDA","og_description":"IH 1521 Disciplina Espec\u00edficas de linha de pesquisa Movimentos Sociais N\u00famero de cr\u00e9ditos: 3 Horas aula: 4 (2 te\u00f3ricas e ... leia mais","og_url":"https:\/\/institucional.ufrrj.br\/portalcpda\/intelectuais-e-cultura-politica\/","og_site_name":"CPDA","article_modified_time":"2018-06-29T19:14:02+00:00","twitter_card":"summary_large_image","twitter_misc":{"Est. tempo de leitura":"2 minutos"},"schema":{"@context":"https:\/\/schema.org","@graph":[{"@type":"WebPage","@id":"https:\/\/institucional.ufrrj.br\/portalcpda\/intelectuais-e-cultura-politica\/","url":"https:\/\/institucional.ufrrj.br\/portalcpda\/intelectuais-e-cultura-politica\/","name":"Intelectuais e cultura pol\u00edtica - CPDA","isPartOf":{"@id":"https:\/\/institucional.ufrrj.br\/portalcpda\/#website"},"datePublished":"2015-03-02T23:38:39+00:00","dateModified":"2018-06-29T19:14:02+00:00","breadcrumb":{"@id":"https:\/\/institucional.ufrrj.br\/portalcpda\/intelectuais-e-cultura-politica\/#breadcrumb"},"inLanguage":"pt-BR","potentialAction":[{"@type":"ReadAction","target":["https:\/\/institucional.ufrrj.br\/portalcpda\/intelectuais-e-cultura-politica\/"]}]},{"@type":"BreadcrumbList","@id":"https:\/\/institucional.ufrrj.br\/portalcpda\/intelectuais-e-cultura-politica\/#breadcrumb","itemListElement":[{"@type":"ListItem","position":1,"name":"In\u00edcio","item":"https:\/\/institucional.ufrrj.br\/portalcpda\/"},{"@type":"ListItem","position":2,"name":"Intelectuais e cultura pol\u00edtica"}]},{"@type":"WebSite","@id":"https:\/\/institucional.ufrrj.br\/portalcpda\/#website","url":"https:\/\/institucional.ufrrj.br\/portalcpda\/","name":"CPDA","description":"institucional.ufrrj.br","potentialAction":[{"@type":"SearchAction","target":{"@type":"EntryPoint","urlTemplate":"https:\/\/institucional.ufrrj.br\/portalcpda\/?s={search_term_string}"},"query-input":{"@type":"PropertyValueSpecification","valueRequired":true,"valueName":"search_term_string"}}],"inLanguage":"pt-BR"}]}},"acf":[],"_links":{"self":[{"href":"https:\/\/institucional.ufrrj.br\/portalcpda\/wp-json\/wp\/v2\/pages\/6152","targetHints":{"allow":["GET"]}}],"collection":[{"href":"https:\/\/institucional.ufrrj.br\/portalcpda\/wp-json\/wp\/v2\/pages"}],"about":[{"href":"https:\/\/institucional.ufrrj.br\/portalcpda\/wp-json\/wp\/v2\/types\/page"}],"author":[{"embeddable":true,"href":"https:\/\/institucional.ufrrj.br\/portalcpda\/wp-json\/wp\/v2\/users\/634"}],"replies":[{"embeddable":true,"href":"https:\/\/institucional.ufrrj.br\/portalcpda\/wp-json\/wp\/v2\/comments?post=6152"}],"version-history":[{"count":1,"href":"https:\/\/institucional.ufrrj.br\/portalcpda\/wp-json\/wp\/v2\/pages\/6152\/revisions"}],"predecessor-version":[{"id":13340,"href":"https:\/\/institucional.ufrrj.br\/portalcpda\/wp-json\/wp\/v2\/pages\/6152\/revisions\/13340"}],"wp:attachment":[{"href":"https:\/\/institucional.ufrrj.br\/portalcpda\/wp-json\/wp\/v2\/media?parent=6152"}],"curies":[{"name":"wp","href":"https:\/\/api.w.org\/{rel}","templated":true}]}}