{"id":559,"date":"2011-09-03T01:11:31","date_gmt":"2011-09-03T01:11:31","guid":{"rendered":"http:\/\/r1.ufrrj.br\/cpda\/?page_id=559"},"modified":"2018-09-04T16:56:24","modified_gmt":"2018-09-04T19:56:24","slug":"dissertacoes-mestrado-2008","status":"publish","type":"page","link":"https:\/\/institucional.ufrrj.br\/portalcpda\/dissertacoes-mestrado-2008\/","title":{"rendered":"Disserta\u00e7\u00f5es Mestrado 2008"},"content":{"rendered":"<p>&nbsp;<\/p>\n<p><strong>EDUARDO DE ALMEIDA MENEZES<br \/>\n<a href=\"https:\/\/institucional.ufrrj.br\/portalcpda\/files\/2018\/08\/2008.dissertacao_eduardo_menezes.pdf\" target=\"_blank\" rel=\"noopener\">Moda de viola e modos de vida: as representa\u00e7\u00f5es do rural na moda de viola<\/a><\/strong><\/p>\n<p>Defesa: 22\/01\/2008<br \/>\nOrientador: H\u00e9ctor Alberto Alimonda (UFRRJ\/CPDA)<\/p>\n<p>&nbsp;<\/p>\n<hr \/>\n<p><strong>FERNANDO HENRIQUE GUIMAR\u00c3ES BARCELLOS<br \/>\n<a href=\"https:\/\/institucional.ufrrj.br\/portalcpda\/files\/2018\/08\/2008.dissertacao_fernando_barcellos.pdf\" target=\"_blank\" rel=\"noopener\">A\u00e7\u00e3o sindical e luta por terra no Rio de Janeiro<\/a><\/strong><\/p>\n<p>Defesa: 25\/02\/2008<br \/>\nOrientadora: Leonilde S\u00e9rvolo de Medeiros (UFRRJ\/CPDA)<\/p>\n<p>&nbsp;<\/p>\n<hr \/>\n<p><strong>DANIEL COELHO DE OLIVEIRA<br \/>\n<a href=\"https:\/\/institucional.ufrrj.br\/portalcpda\/files\/2018\/08\/2008.dissertacao_daniel_oliveira.pdf\" target=\"_blank\" rel=\"noopener\">Elite do agroneg\u00f3cio em Una\u00ed: percep\u00e7\u00f5es sobre pobreza e desigualdades sociais<\/a><\/strong><\/p>\n<p>Defesa: 25\/04\/2008<br \/>\nOrientadora: Ana C\u00e9lia Castro (UFRRJ\/CPDA e UFRJ\/CCJE)<\/p>\n<p>&nbsp;<\/p>\n<hr \/>\n<p><strong>SILVIA LIMA DE AQUINO<br \/>\n<a href=\"https:\/\/institucional.ufrrj.br\/portalcpda\/files\/2018\/09\/2008-Silvia-Lima-de-Aquino-corre\u00e7\u00e3o-p\u00f3s-banca.pdf\" target=\"_blank\" rel=\"noopener\">A caminho do campo: as rela\u00e7\u00f5es entre reforma agr\u00e1ria e migra\u00e7\u00f5es rural-urbano-rural e urbano-rural. Um estudo de caso em Campos dos Goytacazes \u2013 RJ<\/a><\/strong><\/p>\n<p>Defesa: 18\/08\/2008<br \/>\nOrientador: Canrobert Lopes Costa Neto (UFRRJ\/CPDA)<\/p>\n<p>&nbsp;<\/p>\n<hr \/>\n<p><strong>KLENIO VEIGA DA COSTA<br \/>\n<a href=\"https:\/\/institucional.ufrrj.br\/portalcpda\/files\/2018\/08\/2008.dissertacao_klenio_costa.pdf\" target=\"_blank\" rel=\"noopener\">Cosmovis\u00f5es da natureza: um estudo sobre as representa\u00e7\u00f5es sociais de natureza envolvidas na prote\u00e7\u00e3o da Lagoa de Cima \u2013 Campos dos Goytacazes \u2013 RJ<\/a><\/strong><\/p>\n<p>Defesa: 28\/08\/2008<br \/>\nOrientador: Canrobert Lopes Costa Neto (UFRRJ\/CPDA)<\/p>\n<p>&nbsp;<\/p>\n<hr \/>\n<p><strong>ANA LUIZA DE ABREU CL\u00c1UDIO<br \/>\n\u201c\u00caxodos\u201d e as migra\u00e7\u00f5es contempor\u00e2neas: um estudo sobre o discurso fotogr\u00e1fico de Sebasti\u00e3o Salgado<\/strong><\/p>\n<p>Defesa: 08\/09\/2008<br \/>\nOrientador: H\u00e9ctor Alberto Alimonda (UFRRJ\/CPDA)<\/p>\n<p>&nbsp;<\/p>\n<hr \/>\n<p><strong>LIANDRA PERES CALDASSO<br \/>\n<a href=\"https:\/\/institucional.ufrrj.br\/portalcpda\/files\/2018\/08\/2008.dissertacao_liandra_caldasso.pdf\" target=\"_blank\" rel=\"noopener\">Gest\u00e3o compartilhada para a pesca artesanal: o caso do F\u00f3rum da Lagoa dos Patos\/RS<\/a><\/strong><\/p>\n<p>Defesa: 11\/09\/2008<br \/>\nOrientador: John Wilkinson (UFRRJ\/CPDA)<\/p>\n<p>&nbsp;<\/p>\n<hr \/>\n<p><strong>MARYANNE RIZZO CORREA DA COSTA GALV\u00c3O<br \/>\n<a href=\"https:\/\/institucional.ufrrj.br\/portalcpda\/files\/2018\/08\/2008.dissertacao_maryanne_galvao.pdf\" target=\"_blank\" rel=\"noopener\">A natureza na representa\u00e7\u00e3o social de produtores de soja no Mato Grosso<\/a><\/strong><\/p>\n<p>Defesa: 19\/09\/2008<br \/>\nOrientadora: Maria Ver\u00f4nica Secreto (UFRRJ\/CPDA)<\/p>\n<p>&nbsp;<\/p>\n<hr \/>\n<p><strong>ABIGAIL RIBEIRO GOMES<br \/>\n<a href=\"https:\/\/institucional.ufrrj.br\/portalcpda\/files\/2018\/08\/2008.dissertacao_abigail_ribeiro.pdf\" target=\"_blank\" rel=\"noopener\">Olhos de viajante: olhares cruzados entre Leite Moraes e Macuna\u00edma<\/a><\/strong><\/p>\n<p>Defesa: 23\/09\/2008<br \/>\nOrientador: H\u00e9ctor Alberto Alimonda (UFRRJ\/CPDA)<\/p>\n<p>&nbsp;<\/p>\n<hr \/>\n<p><strong>JO\u00c3O NUNO DA SILVA PINTO<br \/>\n<a href=\"https:\/\/institucional.ufrrj.br\/portalcpda\/files\/2018\/08\/2008.dissertacao_joao_pinto_2008.pdf\" target=\"_blank\" rel=\"noopener\">A constru\u00e7\u00e3o da pol\u00edtica de seguran\u00e7a alimentar e nutricional em Angola<\/a><\/strong><\/p>\n<p>Defesa: 29\/09\/2008<br \/>\nOrientador: Renato S\u00e9rgio Jamil Maluf (UFRRJ\/CPDA)<\/p>\n<p>&nbsp;<\/p>\n<hr \/>\n<p><strong>MA\u00cdRA MARTINS<br \/>\nJuventude e reforma agr\u00e1ria: o caso do Assentamento Rural Paz na Terra, RJ<\/strong><\/p>\n<p>Defesa: 16\/10\/2008<br \/>\nOrientadora: Maria Jos\u00e9 Teixeira Carneiro (UFRRJ\/CPDA)<\/p>\n<p>&nbsp;<\/p>\n<hr \/>\n<p><strong>LUCIANO DUQUE JARDIM<br \/>\n<a href=\"https:\/\/institucional.ufrrj.br\/portalcpda\/files\/2018\/08\/2008.dissertacao_luciano_jardim.pdf\" target=\"_blank\" rel=\"noopener\">A constru\u00e7\u00e3o da fronteira agr\u00edcola na BR-158, Mato Grosso<\/a><\/strong><\/p>\n<p>Defesa: 09\/12\/2008<br \/>\nOrientador: Georges Flexor (UFRRJ\/CPDA)<\/p>\n<p>&nbsp;<\/p>\n<hr \/>\n<p><strong>KRISHNA NEFFA VIEIRA DE CASTRO<br \/>\n<a href=\"https:\/\/institucional.ufrrj.br\/portalcpda\/files\/2018\/08\/2008.dissertacao_krishna_castro.pdf\" target=\"_blank\" rel=\"noopener\">O Comit\u00ea para Integra\u00e7\u00e3o da Bacia Hidrogr\u00e1fica do Rio Para\u00edba do Sul \u2013 CEIVAP: um campo s\u00f3cio pol\u00edtico ambiental em disputa<\/a><\/strong><\/p>\n<p>Defesa: 18\/12\/2008<br \/>\nOrientador: Roberto Jos\u00e9 Moreira (UFRRJ\/CPDA)<\/p>\n<p>&nbsp;<\/p>\n<hr \/>\n<p><strong>JANA\u00cdNA TUDE SEV\u00c1<br \/>\n<a href=\"https:\/\/institucional.ufrrj.br\/portalcpda\/files\/2018\/08\/2008.dissertacao_janaina_seva.pdf\" target=\"_blank\" rel=\"noopener\">Classes patronais rurais e conflitos sociais. Um estudo sobre as a\u00e7\u00f5es das organiza\u00e7\u00f5es patronais rurais frente \u00e0 quest\u00e3o ambiental<\/a><\/strong><\/p>\n<p>Defesa: 18\/12\/2008<br \/>\nOrientadora: Regina \u00c2ngela Landim Bruno (UFRRJ\/CPDA)<\/p>\n<p>&nbsp;<\/p>\n<hr \/>\n<p><strong>OLAVO BRAND\u00c3O CARNEIRO<br \/>\n<a href=\"https:\/\/institucional.ufrrj.br\/portalcpda\/files\/2018\/08\/2008.dissertacao_olavo_carneiro.pdf\" target=\"_blank\" rel=\"noopener\">Tratora\u00e7o \u2013 O alerta do campo: um estudo sobre a\u00e7\u00f5es coletivas e patronato rural no Brasil<\/a><\/strong><\/p>\n<p>Defesa: 19\/12\/2008<br \/>\nOrientadora: Regina Angela Landim Bruno (UFRRJ\/CPDA)<\/p>\n<p>&nbsp;<\/p>\n<p>&nbsp;<\/p>\n","protected":false},"excerpt":{"rendered":"<p>&nbsp; EDUARDO DE ALMEIDA MENEZES Moda de viola e modos de vida: as representa\u00e7\u00f5es do rural na moda de viola <a class=\"read-more\" href=\"https:\/\/institucional.ufrrj.br\/portalcpda\/dissertacoes-mestrado-2008\/ \" >&#8230; <span class=\"font-italic\">leia mais <i class=\"fas fa-angle-right\"><\/i><\/span><\/a><\/p>\n","protected":false},"author":634,"featured_media":0,"parent":0,"menu_order":0,"comment_status":"open","ping_status":"open","template":"","meta":{"_acf_changed":false,"footnotes":""},"class_list":["post-559","page","type-page","status-publish","hentry"],"yoast_head":"<!-- This site is optimized with the Yoast SEO plugin v27.2 - https:\/\/yoast.com\/product\/yoast-seo-wordpress\/ -->\n<title>Disserta\u00e7\u00f5es Mestrado 2008 - CPDA<\/title>\n<meta name=\"robots\" content=\"index, follow, max-snippet:-1, max-image-preview:large, max-video-preview:-1\" \/>\n<link rel=\"canonical\" href=\"https:\/\/institucional.ufrrj.br\/portalcpda\/dissertacoes-mestrado-2008\/\" \/>\n<meta property=\"og:locale\" content=\"pt_BR\" \/>\n<meta property=\"og:type\" content=\"article\" \/>\n<meta property=\"og:title\" content=\"Disserta\u00e7\u00f5es Mestrado 2008 - CPDA\" \/>\n<meta property=\"og:description\" content=\"&nbsp; EDUARDO DE ALMEIDA MENEZES Moda de viola e modos de vida: as representa\u00e7\u00f5es do rural na moda de viola ... leia mais\" \/>\n<meta property=\"og:url\" content=\"https:\/\/institucional.ufrrj.br\/portalcpda\/dissertacoes-mestrado-2008\/\" \/>\n<meta property=\"og:site_name\" content=\"CPDA\" \/>\n<meta property=\"article:modified_time\" content=\"2018-09-04T19:56:24+00:00\" \/>\n<meta name=\"twitter:card\" content=\"summary_large_image\" \/>\n<meta name=\"twitter:label1\" content=\"Est. tempo de leitura\" \/>\n\t<meta name=\"twitter:data1\" content=\"2 minutos\" \/>\n<script type=\"application\/ld+json\" class=\"yoast-schema-graph\">{\"@context\":\"https:\/\/schema.org\",\"@graph\":[{\"@type\":\"WebPage\",\"@id\":\"https:\/\/institucional.ufrrj.br\/portalcpda\/dissertacoes-mestrado-2008\/\",\"url\":\"https:\/\/institucional.ufrrj.br\/portalcpda\/dissertacoes-mestrado-2008\/\",\"name\":\"Disserta\u00e7\u00f5es Mestrado 2008 - CPDA\",\"isPartOf\":{\"@id\":\"https:\/\/institucional.ufrrj.br\/portalcpda\/#website\"},\"datePublished\":\"2011-09-03T01:11:31+00:00\",\"dateModified\":\"2018-09-04T19:56:24+00:00\",\"breadcrumb\":{\"@id\":\"https:\/\/institucional.ufrrj.br\/portalcpda\/dissertacoes-mestrado-2008\/#breadcrumb\"},\"inLanguage\":\"pt-BR\",\"potentialAction\":[{\"@type\":\"ReadAction\",\"target\":[\"https:\/\/institucional.ufrrj.br\/portalcpda\/dissertacoes-mestrado-2008\/\"]}]},{\"@type\":\"BreadcrumbList\",\"@id\":\"https:\/\/institucional.ufrrj.br\/portalcpda\/dissertacoes-mestrado-2008\/#breadcrumb\",\"itemListElement\":[{\"@type\":\"ListItem\",\"position\":1,\"name\":\"In\u00edcio\",\"item\":\"https:\/\/institucional.ufrrj.br\/portalcpda\/\"},{\"@type\":\"ListItem\",\"position\":2,\"name\":\"Disserta\u00e7\u00f5es Mestrado 2008\"}]},{\"@type\":\"WebSite\",\"@id\":\"https:\/\/institucional.ufrrj.br\/portalcpda\/#website\",\"url\":\"https:\/\/institucional.ufrrj.br\/portalcpda\/\",\"name\":\"CPDA\",\"description\":\"institucional.ufrrj.br\",\"potentialAction\":[{\"@type\":\"SearchAction\",\"target\":{\"@type\":\"EntryPoint\",\"urlTemplate\":\"https:\/\/institucional.ufrrj.br\/portalcpda\/?s={search_term_string}\"},\"query-input\":{\"@type\":\"PropertyValueSpecification\",\"valueRequired\":true,\"valueName\":\"search_term_string\"}}],\"inLanguage\":\"pt-BR\"}]}<\/script>\n<!-- \/ Yoast SEO plugin. -->","yoast_head_json":{"title":"Disserta\u00e7\u00f5es Mestrado 2008 - CPDA","robots":{"index":"index","follow":"follow","max-snippet":"max-snippet:-1","max-image-preview":"max-image-preview:large","max-video-preview":"max-video-preview:-1"},"canonical":"https:\/\/institucional.ufrrj.br\/portalcpda\/dissertacoes-mestrado-2008\/","og_locale":"pt_BR","og_type":"article","og_title":"Disserta\u00e7\u00f5es Mestrado 2008 - CPDA","og_description":"&nbsp; EDUARDO DE ALMEIDA MENEZES Moda de viola e modos de vida: as representa\u00e7\u00f5es do rural na moda de viola ... leia mais","og_url":"https:\/\/institucional.ufrrj.br\/portalcpda\/dissertacoes-mestrado-2008\/","og_site_name":"CPDA","article_modified_time":"2018-09-04T19:56:24+00:00","twitter_card":"summary_large_image","twitter_misc":{"Est. tempo de leitura":"2 minutos"},"schema":{"@context":"https:\/\/schema.org","@graph":[{"@type":"WebPage","@id":"https:\/\/institucional.ufrrj.br\/portalcpda\/dissertacoes-mestrado-2008\/","url":"https:\/\/institucional.ufrrj.br\/portalcpda\/dissertacoes-mestrado-2008\/","name":"Disserta\u00e7\u00f5es Mestrado 2008 - CPDA","isPartOf":{"@id":"https:\/\/institucional.ufrrj.br\/portalcpda\/#website"},"datePublished":"2011-09-03T01:11:31+00:00","dateModified":"2018-09-04T19:56:24+00:00","breadcrumb":{"@id":"https:\/\/institucional.ufrrj.br\/portalcpda\/dissertacoes-mestrado-2008\/#breadcrumb"},"inLanguage":"pt-BR","potentialAction":[{"@type":"ReadAction","target":["https:\/\/institucional.ufrrj.br\/portalcpda\/dissertacoes-mestrado-2008\/"]}]},{"@type":"BreadcrumbList","@id":"https:\/\/institucional.ufrrj.br\/portalcpda\/dissertacoes-mestrado-2008\/#breadcrumb","itemListElement":[{"@type":"ListItem","position":1,"name":"In\u00edcio","item":"https:\/\/institucional.ufrrj.br\/portalcpda\/"},{"@type":"ListItem","position":2,"name":"Disserta\u00e7\u00f5es Mestrado 2008"}]},{"@type":"WebSite","@id":"https:\/\/institucional.ufrrj.br\/portalcpda\/#website","url":"https:\/\/institucional.ufrrj.br\/portalcpda\/","name":"CPDA","description":"institucional.ufrrj.br","potentialAction":[{"@type":"SearchAction","target":{"@type":"EntryPoint","urlTemplate":"https:\/\/institucional.ufrrj.br\/portalcpda\/?s={search_term_string}"},"query-input":{"@type":"PropertyValueSpecification","valueRequired":true,"valueName":"search_term_string"}}],"inLanguage":"pt-BR"}]}},"acf":[],"_links":{"self":[{"href":"https:\/\/institucional.ufrrj.br\/portalcpda\/wp-json\/wp\/v2\/pages\/559","targetHints":{"allow":["GET"]}}],"collection":[{"href":"https:\/\/institucional.ufrrj.br\/portalcpda\/wp-json\/wp\/v2\/pages"}],"about":[{"href":"https:\/\/institucional.ufrrj.br\/portalcpda\/wp-json\/wp\/v2\/types\/page"}],"author":[{"embeddable":true,"href":"https:\/\/institucional.ufrrj.br\/portalcpda\/wp-json\/wp\/v2\/users\/634"}],"replies":[{"embeddable":true,"href":"https:\/\/institucional.ufrrj.br\/portalcpda\/wp-json\/wp\/v2\/comments?post=559"}],"version-history":[{"count":11,"href":"https:\/\/institucional.ufrrj.br\/portalcpda\/wp-json\/wp\/v2\/pages\/559\/revisions"}],"predecessor-version":[{"id":15819,"href":"https:\/\/institucional.ufrrj.br\/portalcpda\/wp-json\/wp\/v2\/pages\/559\/revisions\/15819"}],"wp:attachment":[{"href":"https:\/\/institucional.ufrrj.br\/portalcpda\/wp-json\/wp\/v2\/media?parent=559"}],"curies":[{"name":"wp","href":"https:\/\/api.w.org\/{rel}","templated":true}]}}