{"id":553,"date":"2011-09-03T03:21:23","date_gmt":"2011-09-03T03:21:23","guid":{"rendered":"http:\/\/r1.ufrrj.br\/cpda\/?page_id=553"},"modified":"2018-09-05T12:13:48","modified_gmt":"2018-09-05T15:13:48","slug":"teses-doutorado-2008","status":"publish","type":"page","link":"https:\/\/institucional.ufrrj.br\/portalcpda\/teses-doutorado-2008\/","title":{"rendered":"Teses Doutorado 2008"},"content":{"rendered":"<p>&nbsp;<\/p>\n<p><strong>M\u00c1RCIA DA SILVA PEDREIRA<br \/>\n<a href=\"https:\/\/institucional.ufrrj.br\/portalcpda\/files\/2018\/08\/2008.tese_marcia_pedreira.pdf\" target=\"_blank\" rel=\"noopener\">O complexo florestal e o extremo sul da Bahia: inser\u00e7\u00e3o e competitividade, limites e possibilidades do desenvolvimento regional<\/a><\/strong><\/p>\n<p>Defesa: 21\/02\/2008<br \/>\nOrientador: S\u00e9rgio Pereira Leite (UFRRJ\/CPDA)<\/p>\n<p>&nbsp;<\/p>\n<hr \/>\n<p><strong>ADRIANE HELENA RODRIGUES<br \/>\n<a href=\"https:\/\/institucional.ufrrj.br\/portalcpda\/files\/2018\/08\/2008.tese_adriane_helena_rodrigues.pdf\" target=\"_blank\" rel=\"noopener\">Tr\u00eas patamares tecnol\u00f3gicos na produ\u00e7\u00e3o de ETANOL: a Usina do Pro\u00e1lcool, a Usina atual e a Usina do futuro<\/a><\/strong><\/p>\n<p>Defesa: 25\/02\/2008<br \/>\nOrientador: Antonio Barros de Castro (UFRRJ\/CPDA)<\/p>\n<p>&nbsp;<\/p>\n<hr \/>\n<p><strong>M\u00d4NICA DESIDERIO<br \/>\n<a href=\"https:\/\/institucional.ufrrj.br\/portalcpda\/files\/2018\/08\/2008.tese_monica_desiderio.pdf\" target=\"_blank\" rel=\"noopener\">Queimando as Caravelas. de inova\u00e7\u00e3o organizacional a institui\u00e7\u00e3o<\/a><\/strong><\/p>\n<p>Defesa: 25\/02\/2008<br \/>\nOrientador: Antonio Barros de Castro (UFRRJ\/CPDA)<\/p>\n<p>&nbsp;<\/p>\n<hr \/>\n<p><strong>FERNANDO CESAR DA VEIGA NETO<br \/>\n<a href=\"https:\/\/institucional.ufrrj.br\/portalcpda\/files\/2018\/08\/2008.tese_fernando_veiga_neto.pdf\" target=\"_blank\" rel=\"noopener\">A constru\u00e7\u00e3o dos mercados de servi\u00e7os ambientais e suas implica\u00e7\u00f5es para o desenvolvimento sustent\u00e1vel no Brasil<\/a><\/strong><\/p>\n<p>Defesa:26\/02\/2008<br \/>\nOrientador: Peter Herman May (UFRRJ\/CPDA)<\/p>\n<p>&nbsp;<\/p>\n<hr \/>\n<p><strong>ANG\u00c9LICA MASSUQUETTI<br \/>\n<a href=\"https:\/\/institucional.ufrrj.br\/portalcpda\/files\/2018\/08\/2008.tese_angelica_massuquetti.pdf\" target=\"_blank\" rel=\"noopener\">Reflex\u00f5es a respeito dos estudos acad\u00eamicos sobre os conflitos sociais rurais do pr\u00e9-1964<\/a><\/strong><\/p>\n<p>Defesa:27\/02\/2008<br \/>\nOrientadora: Leonilde Servolo de Medeiros (UFRRJ\/CPDA)<\/p>\n<p>&nbsp;<\/p>\n<hr \/>\n<p><strong>ANA MARIA MOTTA RIBEIRO<br \/>\n<a href=\"https:\/\/institucional.ufrrj.br\/portalcpda\/files\/2018\/08\/2008.tese_ana_maria_ribeiro.pdf\" target=\"_blank\" rel=\"noopener\">O p\u00f3lo sindical do subm\u00e9dio S\u00e3o Francisco: das lutas por reassentamento \u00e0 incorpora\u00e7\u00e3o do cultivo de maconha na agenda<\/a><\/strong><\/p>\n<p>Defesa:29\/02\/2008<br \/>\nOrientadora: Leonilde S\u00e9rvolo de Medeiros (UFRRJ\/CPDA)<\/p>\n<p>&nbsp;<\/p>\n<hr \/>\n<p><strong>ALBERTO DI SABBATO<br \/>\n<a href=\"https:\/\/institucional.ufrrj.br\/portalcpda\/files\/2018\/08\/2008.tese_alberto_di_sabbato.pdf\" target=\"_blank\" rel=\"noopener\">A interven\u00e7\u00e3o no mercado de terras rurais no Brasil: um estudo sobre o cr\u00e9dito fundi\u00e1rio e o imposto territorial rural no per\u00edodo 1997-2002<\/a><\/strong><\/p>\n<p>Defesa:10\/04\/2008<br \/>\nOrientador: S\u00e9rgio Pereira Leite (UFRRJ\/CPDA)<\/p>\n<p>&nbsp;<\/p>\n<hr \/>\n<p><strong>GIUSEPPA MARIA DANIEL SPENILLO<br \/>\n<a href=\"https:\/\/institucional.ufrrj.br\/portalcpda\/files\/2018\/08\/2008.tese_-giuseppa_spenillo.pdf\" target=\"_blank\" rel=\"noopener\">Direito \u00e0 comunica\u00e7\u00e3o: uma formula\u00e7\u00e3o contempor\u00e2nea de exig\u00eancias de mudan\u00e7as nas estruturas coletivas de comunica\u00e7\u00e3o e informa\u00e7\u00e3o. Contribui\u00e7\u00f5es para uma an\u00e1lise sociogenesiol\u00f3gica e configuracional da articula\u00e7\u00e3o CRIS Brasil<\/a><\/strong><\/p>\n<p>Defesa:17\/04\/2008<br \/>\nOrientadora: Leonilde Servolo de Medeiros (UFRRJ\/CPDA)<\/p>\n<p>&nbsp;<\/p>\n<hr \/>\n<p><strong>MARCO ANT\u00d4NIO FERREIRA DE SOUZA<br \/>\n<a href=\"https:\/\/institucional.ufrrj.br\/portalcpda\/files\/2018\/08\/2008.tese_marco_souza.pdf\" target=\"_blank\" rel=\"noopener\">Dos laborat\u00f3rios aos pontos de venda: uma an\u00e1lise da trajet\u00f3ria dos alimentos funcionais e nutrac\u00eauticos e sua repercuss\u00e3o sobre a quest\u00e3o agroalimentar<\/a><\/strong><\/p>\n<p>Defesa: 28\/04\/2008<br \/>\nOrientador: John Wilkinson (UFRRJ\/CPDA)<\/p>\n<p>&nbsp;<\/p>\n<hr \/>\n<p><strong>LIA MARIA TEIXEIRA DE OLIVEIRA<br \/>\n<a href=\"https:\/\/institucional.ufrrj.br\/portalcpda\/files\/2018\/08\/2008.tese_lia_oliveira.pdf\" target=\"_blank\" rel=\"noopener\">A socializa\u00e7\u00e3o dos professores da educa\u00e7\u00e3o profissional agr\u00edcola na contemporaneidade: identidades docentes entre perman\u00eancias, ambig\u00fcidades e tens\u00f5es<\/a><\/strong><\/p>\n<p>Defesa:30\/05\/2008<br \/>\nOrientadora: Eli de F\u00e1tima Napole\u00e3o de Lima (UFRRJ\/CPDA)<\/p>\n<p>&nbsp;<\/p>\n<hr \/>\n<p><strong>D\u00c9BORA FRANCO LERRER<br \/>\n<a href=\"https:\/\/institucional.ufrrj.br\/portalcpda\/files\/2018\/08\/2008.tese_.D\u00ebBORA-FRANCO-LERRER.pdf\" target=\"_blank\" rel=\"noopener\">Trajet\u00f3ria de militantes sulistas: nacionaliza\u00e7\u00e3o e modernidade do MST<\/a><\/strong><\/p>\n<p>Defesa: 04\/07\/2008<br \/>\nOrientadora: Leonilde Servolo de Medeiros (UFRRJ\/CPDA)<\/p>\n<p>&nbsp;<\/p>\n<hr \/>\n<p><strong>SOLANGE DA COSTA NOGUEIRA<br \/>\n<a href=\"https:\/\/institucional.ufrrj.br\/portalcpda\/files\/2018\/08\/2008.tese_solange_nogueira.pdf\" target=\"_blank\" rel=\"noopener\">O sistema agroindustrial de til\u00e1pias na regi\u00e3o Noroeste do Estado de S\u00e3o Paulo: caracter\u00edsticas das transa\u00e7\u00f5es e formas de coordena\u00e7\u00e3o<\/a><\/strong><\/p>\n<p>Defesa: 15\/07\/2008<br \/>\nOrientador: John Wilkinson (UFRRJ\/CPDA)<\/p>\n<p>&nbsp;<\/p>\n<hr \/>\n<p><strong>CLEYTON HENRIQUE GERHARDT<br \/>\n<a href=\"https:\/\/institucional.ufrrj.br\/portalcpda\/files\/2018\/08\/2008.tese_cleyton_gerhardt.pdf\" target=\"_blank\" rel=\"noopener\">Pesquisadores, popula\u00e7\u00f5es locais e \u00e1reas protegidas: entre a instabilidade dos \u201clados\u201d e a multiplicidade estrutural das \u201cposi\u00e7\u00f5es\u201d<\/a><\/strong><\/p>\n<p>Defesa:30\/07\/2008<br \/>\nOrientador: Roberto Jos\u00e9 Moreira (UFRRJ\/CPDA)<\/p>\n<p>&nbsp;<\/p>\n<hr \/>\n<p><strong>ANA LUCIA CAMPHORA PACHECO<br \/>\n<a href=\"https:\/\/institucional.ufrrj.br\/portalcpda\/files\/2018\/08\/2008.tese_.ANA-LUCIA-CAMPHORA-PACHECO.pdf\" target=\"_blank\" rel=\"noopener\">Ambiente institucional da compensa\u00e7\u00e3o ambiental de que trata o artigo 36 da lei federal 9. 985\/2000: da necessidade de governan\u00e7a regulat\u00f3ria<\/a><\/strong><\/p>\n<p>Defesa: 04\/08\/2008<br \/>\nOrientador: Peter Herman May (UFRRJ\/CPDA)<\/p>\n<p>&nbsp;<\/p>\n<hr \/>\n<p><strong>MARIA DO SOCORRO BEZERRA DE LIMA<br \/>\nPol\u00edticas p\u00fablicas e territ\u00f3rio: uma discuss\u00e3o sobre os determinantes da expans\u00e3o da soja no sul do Amazonas<\/strong><br \/>\n(II Pr\u00eamio ANPPAS 2008 &#8211; Melhor Tese de Doutorado)<\/p>\n<p>Defesa:18\/08\/2008<br \/>\nOrientador: Peter Herman May (UFRRJ\/CPDA)<\/p>\n<p>&nbsp;<\/p>\n<hr \/>\n<p><strong>MARIE THERESE YABA NDIAYE<br \/>\n<a href=\"https:\/\/institucional.ufrrj.br\/portalcpda\/files\/2018\/08\/2008.tese_marie_ndiaye.pdf\" target=\"_blank\" rel=\"noopener\">A descentraliza\u00e7\u00e3o florestal no Senegal: impactos socioecon\u00f4micos e ecol\u00f3gicos<\/a><\/strong><\/p>\n<p>Defesa: 21\/08\/2008<br \/>\nOrientador: Peter Herman May (UFRRJ\/CPDA)<\/p>\n<p>&nbsp;<\/p>\n<hr \/>\n<p><strong>CARLOS JAVIER COWAN ROS<br \/>\n<a href=\"https:\/\/institucional.ufrrj.br\/portalcpda\/files\/2018\/08\/2008.tese_carlos_ros.pdf\" target=\"_blank\" rel=\"noopener\">A \u201ctrama\u201d do social fam\u00edlia, comunidade e pol\u00edtica nas l\u00f3gicas de relacionamento dos camponeses yave\u00f1os<\/a><\/strong><\/p>\n<p>Defesa: 29\/08\/2008<br \/>\nOrientador: John Cunha Comerford (UFRRJ\/CPDA)<\/p>\n<p>&nbsp;<\/p>\n<hr \/>\n<p><strong>ANA BEATRIZ TOM\u00c1S SALLES<br \/>\n<a href=\"https:\/\/institucional.ufrrj.br\/portalcpda\/files\/2018\/09\/2008-ANA-BEATRIZ.pdf\" target=\"_blank\" rel=\"noopener\">Capitalismo no Brasil: o ambiente institucional para o empreendedorismo no in\u00edcio do S\u00e9culo XXI<\/a><\/strong><\/p>\n<p>Defesa: 01\/09\/2008<br \/>\nOrientadora: Ana C\u00e9lia Castro (UFRRJ\/CPDA e UFRJ\/CCJE)<\/p>\n<p>&nbsp;<\/p>\n<hr \/>\n<p><strong>LUIZ ANTONIO STAUB MAFRA<br \/>\n<a href=\"https:\/\/institucional.ufrrj.br\/portalcpda\/files\/2018\/08\/2008.tese_luiz_antonio_mafra.pdf\" target=\"_blank\" rel=\"noopener\">Indica\u00e7\u00e3o geogr\u00e1fica e constru\u00e7\u00e3o do mercado: a valoriza\u00e7\u00e3o da origem no Cerrado Mineiro<\/a><\/strong><\/p>\n<p>Defesa: 15\/09\/2008<br \/>\nOrientador: John Wilkinson (UFRRJ\/CPDA)<\/p>\n<p>&nbsp;<\/p>\n<hr \/>\n<p><strong>MARCUS JOS\u00c9 DE OLIVEIRA CAMPOS<br \/>\n<a href=\"https:\/\/institucional.ufrrj.br\/portalcpda\/files\/2018\/08\/2008.tese_marcus_campos.pdf\" target=\"_blank\" rel=\"noopener\">Limites e formas de representa\u00e7\u00e3o das informa\u00e7\u00f5es estat\u00edsticas sobre o agroneg\u00f3cio: abordagem pela classifica\u00e7\u00e3o nacional de atividades econ\u00f4micas<\/a><\/strong><\/p>\n<p>Defesa: 15\/09\/2008<br \/>\nOrientadora: Ana C\u00e9lia Castro (UFRRJ\/CPDA e UFRJ\/CCJE)<\/p>\n<p>&nbsp;<\/p>\n<hr \/>\n<p><strong>HILBERNON FERNANDES COELHO<br \/>\n<a href=\"https:\/\/institucional.ufrrj.br\/portalcpda\/files\/2018\/08\/2008.tese_hilbernon_coelho.pdf\" target=\"_blank\" rel=\"noopener\">Agrupamento de empresas como fator de competitividade e vetor para o desenvolvimento local: uma an\u00e1lise comparativa entre a fruticultura no p\u00f3lo Petrolina\/Juazeiro, no Brasil e a Sexta Regi\u00e3o, no Chile<\/a><\/strong><\/p>\n<p>Defesa:17\/09\/2008<br \/>\nOrientador: S\u00e9rgio Pereira Leite (UFRRJ\/CPDA)<\/p>\n<p>&nbsp;<\/p>\n<hr \/>\n<p><strong>FRANCISCO MANUEL BENDRAU CAMPOS SARMENTO<br \/>\n<a href=\"https:\/\/institucional.ufrrj.br\/portalcpda\/files\/2018\/08\/2008.tese_francisco_sarmento.pdf\" target=\"_blank\" rel=\"noopener\">Condicionantes hist\u00f3ricas da constru\u00e7\u00e3o da seguran\u00e7a alimentar no Atl\u00e2ntico: o caso de Angola e S\u00e3o Tom\u00e9 e Pr\u00edncipe<\/a><\/strong><\/p>\n<p>Defesa: 22\/09\/2008<br \/>\nOrientador: Nelson Giordano Delgado (UFRRJ\/CPDA)<\/p>\n<p>&nbsp;<\/p>\n<hr \/>\n<p><strong>REJANE PIRES CALAZANS MATOS<br \/>\n<a href=\"https:\/\/institucional.ufrrj.br\/portalcpda\/files\/2011\/09\/tese_rejane_calazans.pdf\" target=\"_blank\" rel=\"noopener\">Mangue: a lama, a parab\u00f3lica e a rede<\/a><\/strong><\/p>\n<p>Defesa: 23\/09\/2008<br \/>\nOrientadora: Silvana Gon\u00e7alves de Paula (UFRRJ\/CPDA)<\/p>\n<p>&nbsp;<\/p>\n<hr \/>\n<p><strong>EDUARDO JORD\u00c3O DE ARA\u00daJO<br \/>\n<a href=\"https:\/\/institucional.ufrrj.br\/portalcpda\/files\/2018\/08\/2008.tese_eduardo_araujo.pdf\" target=\"_blank\" rel=\"noopener\">\u201cSe faltar a gente inventa\u201d estudo sobre crescimento e mudan\u00e7as organizacionais a partir do caso da APAEB\/Valente<\/a><\/strong><\/p>\n<p>Defesa: 16\/10\/2008<br \/>\nOrientadora: Ana C\u00e9lia Castro (UFRRJ\/CPDA e UFRJ\/CCJE)<\/p>\n<p>&nbsp;<\/p>\n<hr \/>\n<p><strong>MARFISA CYSNEIROS DE BARROS<br \/>\n<a href=\"https:\/\/institucional.ufrrj.br\/portalcpda\/files\/2018\/08\/2008.tese_marfisa_barros.pdf\" target=\"_blank\" rel=\"noopener\">Estado, sociedade e esfera p\u00fablica: um olhar sobre os conselhos municipais de desenvolvimento em Pernambuco<\/a><\/strong><\/p>\n<p>Defesa: 25\/11\/2008<br \/>\nOrientadora: Maria Ver\u00f4nica Secreto de Ferreras (UFRRJ\/CPDA)<\/p>\n<p>&nbsp;<\/p>\n<hr \/>\n<p><strong>ANTONIO RICARDO PEREIRA DE ANDRADE<br \/>\n<a href=\"https:\/\/institucional.ufrrj.br\/portalcpda\/files\/2018\/08\/2008.tese_Antonio_Ricardo_Pereira_de_Andrade.pdf\" target=\"_blank\" rel=\"noopener\">Cultura e sustentabilidade: a sociedade potiguara e um novo mal-estar na civiliza\u00e7\u00e3o<\/a><\/strong><\/p>\n<p>Defesa:26\/11\/2008<br \/>\nOrientador: H\u00e9ctor Alberto Alimonda (UFRRJ\/CPDA)<\/p>\n<p>&nbsp;<\/p>\n<hr \/>\n<p><strong>LAURA CAROLINA CAETANA DE OLIVEIRA BORGES VOLFZON<br \/>\n<a href=\"https:\/\/institucional.ufrrj.br\/portalcpda\/files\/2018\/08\/2008.tese_laura_volfzon.pdf\" target=\"_blank\" rel=\"noopener\">Isomorfismo normativo &#8211; institucionaliza\u00e7\u00e3o e estrat\u00e9gias: o exemplo da propriedade industrial para as empresas da ind\u00fastria farmac\u00eautica<\/a><\/strong><\/p>\n<p>Defesa:28\/11\/2008<br \/>\nOrientadora: Ana C\u00e9lia Castro (UFRRJ\/CPDA e UFRJ\/CCJE)<\/p>\n<p>&nbsp;<\/p>\n<hr \/>\n<p><strong>ELIANE MARTINS DE OLIVEIRA<br \/>\n<a href=\"https:\/\/institucional.ufrrj.br\/portalcpda\/files\/2018\/08\/2008.tese_eliane_oliveira.pdf\" target=\"_blank\" rel=\"noopener\">Sinfonia inacabada: segredo, imagina\u00e7\u00e3o e a Comunidade de Vida Can\u00e7\u00e3o Nova<\/a><\/strong><\/p>\n<p>Defesa: 18\/12\/2008<br \/>\nOrientador: John Cunha Comerford (UFRRJ\/CPDA)<\/p>\n<p>&nbsp;<\/p>\n<p>&nbsp;<\/p>\n","protected":false},"excerpt":{"rendered":"<p>&nbsp; M\u00c1RCIA DA SILVA PEDREIRA O complexo florestal e o extremo sul da Bahia: inser\u00e7\u00e3o e competitividade, limites e possibilidades <a class=\"read-more\" href=\"https:\/\/institucional.ufrrj.br\/portalcpda\/teses-doutorado-2008\/ \" >&#8230; <span class=\"font-italic\">leia mais <i class=\"fas fa-angle-right\"><\/i><\/span><\/a><\/p>\n","protected":false},"author":634,"featured_media":0,"parent":0,"menu_order":0,"comment_status":"open","ping_status":"open","template":"","meta":{"_acf_changed":false,"footnotes":""},"class_list":["post-553","page","type-page","status-publish","hentry"],"yoast_head":"<!-- This site is optimized with the Yoast SEO plugin v27.2 - https:\/\/yoast.com\/product\/yoast-seo-wordpress\/ -->\n<title>Teses Doutorado 2008 - CPDA<\/title>\n<meta name=\"robots\" content=\"index, follow, max-snippet:-1, max-image-preview:large, max-video-preview:-1\" \/>\n<link rel=\"canonical\" href=\"https:\/\/institucional.ufrrj.br\/portalcpda\/teses-doutorado-2008\/\" \/>\n<meta property=\"og:locale\" content=\"pt_BR\" \/>\n<meta property=\"og:type\" content=\"article\" \/>\n<meta property=\"og:title\" content=\"Teses Doutorado 2008 - CPDA\" \/>\n<meta property=\"og:description\" content=\"&nbsp; M\u00c1RCIA DA SILVA PEDREIRA O complexo florestal e o extremo sul da Bahia: inser\u00e7\u00e3o e competitividade, limites e possibilidades ... leia mais\" \/>\n<meta property=\"og:url\" content=\"https:\/\/institucional.ufrrj.br\/portalcpda\/teses-doutorado-2008\/\" \/>\n<meta property=\"og:site_name\" content=\"CPDA\" \/>\n<meta property=\"article:modified_time\" content=\"2018-09-05T15:13:48+00:00\" \/>\n<meta name=\"twitter:card\" content=\"summary_large_image\" \/>\n<meta name=\"twitter:label1\" content=\"Est. tempo de leitura\" \/>\n\t<meta name=\"twitter:data1\" content=\"5 minutos\" \/>\n<script type=\"application\/ld+json\" class=\"yoast-schema-graph\">{\"@context\":\"https:\/\/schema.org\",\"@graph\":[{\"@type\":\"WebPage\",\"@id\":\"https:\/\/institucional.ufrrj.br\/portalcpda\/teses-doutorado-2008\/\",\"url\":\"https:\/\/institucional.ufrrj.br\/portalcpda\/teses-doutorado-2008\/\",\"name\":\"Teses Doutorado 2008 - CPDA\",\"isPartOf\":{\"@id\":\"https:\/\/institucional.ufrrj.br\/portalcpda\/#website\"},\"datePublished\":\"2011-09-03T03:21:23+00:00\",\"dateModified\":\"2018-09-05T15:13:48+00:00\",\"breadcrumb\":{\"@id\":\"https:\/\/institucional.ufrrj.br\/portalcpda\/teses-doutorado-2008\/#breadcrumb\"},\"inLanguage\":\"pt-BR\",\"potentialAction\":[{\"@type\":\"ReadAction\",\"target\":[\"https:\/\/institucional.ufrrj.br\/portalcpda\/teses-doutorado-2008\/\"]}]},{\"@type\":\"BreadcrumbList\",\"@id\":\"https:\/\/institucional.ufrrj.br\/portalcpda\/teses-doutorado-2008\/#breadcrumb\",\"itemListElement\":[{\"@type\":\"ListItem\",\"position\":1,\"name\":\"In\u00edcio\",\"item\":\"https:\/\/institucional.ufrrj.br\/portalcpda\/\"},{\"@type\":\"ListItem\",\"position\":2,\"name\":\"Teses Doutorado 2008\"}]},{\"@type\":\"WebSite\",\"@id\":\"https:\/\/institucional.ufrrj.br\/portalcpda\/#website\",\"url\":\"https:\/\/institucional.ufrrj.br\/portalcpda\/\",\"name\":\"CPDA\",\"description\":\"institucional.ufrrj.br\",\"potentialAction\":[{\"@type\":\"SearchAction\",\"target\":{\"@type\":\"EntryPoint\",\"urlTemplate\":\"https:\/\/institucional.ufrrj.br\/portalcpda\/?s={search_term_string}\"},\"query-input\":{\"@type\":\"PropertyValueSpecification\",\"valueRequired\":true,\"valueName\":\"search_term_string\"}}],\"inLanguage\":\"pt-BR\"}]}<\/script>\n<!-- \/ Yoast SEO plugin. -->","yoast_head_json":{"title":"Teses Doutorado 2008 - CPDA","robots":{"index":"index","follow":"follow","max-snippet":"max-snippet:-1","max-image-preview":"max-image-preview:large","max-video-preview":"max-video-preview:-1"},"canonical":"https:\/\/institucional.ufrrj.br\/portalcpda\/teses-doutorado-2008\/","og_locale":"pt_BR","og_type":"article","og_title":"Teses Doutorado 2008 - CPDA","og_description":"&nbsp; M\u00c1RCIA DA SILVA PEDREIRA O complexo florestal e o extremo sul da Bahia: inser\u00e7\u00e3o e competitividade, limites e possibilidades ... leia mais","og_url":"https:\/\/institucional.ufrrj.br\/portalcpda\/teses-doutorado-2008\/","og_site_name":"CPDA","article_modified_time":"2018-09-05T15:13:48+00:00","twitter_card":"summary_large_image","twitter_misc":{"Est. tempo de leitura":"5 minutos"},"schema":{"@context":"https:\/\/schema.org","@graph":[{"@type":"WebPage","@id":"https:\/\/institucional.ufrrj.br\/portalcpda\/teses-doutorado-2008\/","url":"https:\/\/institucional.ufrrj.br\/portalcpda\/teses-doutorado-2008\/","name":"Teses Doutorado 2008 - CPDA","isPartOf":{"@id":"https:\/\/institucional.ufrrj.br\/portalcpda\/#website"},"datePublished":"2011-09-03T03:21:23+00:00","dateModified":"2018-09-05T15:13:48+00:00","breadcrumb":{"@id":"https:\/\/institucional.ufrrj.br\/portalcpda\/teses-doutorado-2008\/#breadcrumb"},"inLanguage":"pt-BR","potentialAction":[{"@type":"ReadAction","target":["https:\/\/institucional.ufrrj.br\/portalcpda\/teses-doutorado-2008\/"]}]},{"@type":"BreadcrumbList","@id":"https:\/\/institucional.ufrrj.br\/portalcpda\/teses-doutorado-2008\/#breadcrumb","itemListElement":[{"@type":"ListItem","position":1,"name":"In\u00edcio","item":"https:\/\/institucional.ufrrj.br\/portalcpda\/"},{"@type":"ListItem","position":2,"name":"Teses Doutorado 2008"}]},{"@type":"WebSite","@id":"https:\/\/institucional.ufrrj.br\/portalcpda\/#website","url":"https:\/\/institucional.ufrrj.br\/portalcpda\/","name":"CPDA","description":"institucional.ufrrj.br","potentialAction":[{"@type":"SearchAction","target":{"@type":"EntryPoint","urlTemplate":"https:\/\/institucional.ufrrj.br\/portalcpda\/?s={search_term_string}"},"query-input":{"@type":"PropertyValueSpecification","valueRequired":true,"valueName":"search_term_string"}}],"inLanguage":"pt-BR"}]}},"acf":[],"_links":{"self":[{"href":"https:\/\/institucional.ufrrj.br\/portalcpda\/wp-json\/wp\/v2\/pages\/553","targetHints":{"allow":["GET"]}}],"collection":[{"href":"https:\/\/institucional.ufrrj.br\/portalcpda\/wp-json\/wp\/v2\/pages"}],"about":[{"href":"https:\/\/institucional.ufrrj.br\/portalcpda\/wp-json\/wp\/v2\/types\/page"}],"author":[{"embeddable":true,"href":"https:\/\/institucional.ufrrj.br\/portalcpda\/wp-json\/wp\/v2\/users\/634"}],"replies":[{"embeddable":true,"href":"https:\/\/institucional.ufrrj.br\/portalcpda\/wp-json\/wp\/v2\/comments?post=553"}],"version-history":[{"count":31,"href":"https:\/\/institucional.ufrrj.br\/portalcpda\/wp-json\/wp\/v2\/pages\/553\/revisions"}],"predecessor-version":[{"id":15866,"href":"https:\/\/institucional.ufrrj.br\/portalcpda\/wp-json\/wp\/v2\/pages\/553\/revisions\/15866"}],"wp:attachment":[{"href":"https:\/\/institucional.ufrrj.br\/portalcpda\/wp-json\/wp\/v2\/media?parent=553"}],"curies":[{"name":"wp","href":"https:\/\/api.w.org\/{rel}","templated":true}]}}