{"id":5133,"date":"2014-10-13T14:00:03","date_gmt":"2014-10-13T17:00:03","guid":{"rendered":"http:\/\/r1.ufrrj.br\/cpda\/?page_id=5133"},"modified":"2018-09-05T12:01:57","modified_gmt":"2018-09-05T15:01:57","slug":"teses-doutorado-2014","status":"publish","type":"page","link":"https:\/\/institucional.ufrrj.br\/portalcpda\/teses-doutorado-2014\/","title":{"rendered":"Teses Doutorado 2014"},"content":{"rendered":"<p>&nbsp;<\/p>\n<p><strong>MARCELO CASTA\u00d1EDA DE ARAUJO<\/strong><br \/>\n<a href=\"https:\/\/sucupira.capes.gov.br\/sucupira\/public\/consultas\/coleta\/trabalhoConclusao\/viewTrabalhoConclusao.jsf?popup=true&amp;id_trabalho=310056\" target=\"_blank\" rel=\"noopener\"><strong>A\u00e7\u00e3o coletiva com a internet: reflex\u00f5es a partir da AVAAZ<\/strong><\/a><\/p>\n<p>Defesa: 16\/04\/2014<br \/>\nOrientadora: Leonilde Servolo de Medeiros (CPDA\/UFRRJ)<\/p>\n<p>&nbsp;<\/p>\n<hr \/>\n<p><strong>SERGIO BOTTON BARCELLOS<\/strong><br \/>\n<a href=\"https:\/\/sucupira.capes.gov.br\/sucupira\/public\/consultas\/coleta\/trabalhoConclusao\/viewTrabalhoConclusao.jsf?popup=true&amp;id_trabalho=1313418\" target=\"_blank\" rel=\"noopener\"><strong>A formula\u00e7\u00e3o das pol\u00edticas p\u00fablicas para a juventude rural no Brasil: atores e fluxos pol\u00edticos nesse processo social<\/strong><\/a><\/p>\n<p>Defesa: 16\/04\/2014<br \/>\nOrientadora: Elisa Guaran\u00e1 de Castro (CPDA\/UFRRJ)<\/p>\n<p>&nbsp;<\/p>\n<hr \/>\n<p><strong>DANIEL COELHO DE OLIVEIRA<\/strong><br \/>\n<a href=\"https:\/\/sucupira.capes.gov.br\/sucupira\/public\/consultas\/coleta\/trabalhoConclusao\/viewTrabalhoConclusao.jsf?popup=true&amp;id_trabalho=2077210\" target=\"_blank\" rel=\"noopener\"><strong>Comida, carisma e prazer: um estudo sobre a constitui\u00e7\u00e3o do slow food no Brasil<\/strong><\/a><\/p>\n<p>Defesa: 30\/04\/2014<br \/>\nOrientadora: F\u00e1tima Portilho (CPDA\/UFRRJ)<\/p>\n<p>&nbsp;<\/p>\n<hr \/>\n<p><strong>ARNALDO JOSE ZANGELMI<\/strong><br \/>\n<a href=\"https:\/\/sucupira.capes.gov.br\/sucupira\/public\/consultas\/coleta\/trabalhoConclusao\/viewTrabalhoConclusao.jsf?popup=true&amp;id_trabalho=1288093\" target=\"_blank\" rel=\"noopener\"><strong>Tradu\u00e7\u00f5es e bricolagens: media\u00e7\u00f5es em ocupa\u00e7\u00f5es de terra no nordeste mineiro nas d\u00e9cadas de 1980 e 1990<\/strong><\/a><\/p>\n<p>Defesa: 21\/05\/2014<br \/>\nOrientadora: Leonilde Servolo de Medeiros (CPDA\/UFRRJ)<\/p>\n<p>&nbsp;<\/p>\n<hr \/>\n<p><strong>FLAVIA LUZIA OLIVEIRA DA CUNHA GALINDO<\/strong><br \/>\n<a href=\"https:\/\/sucupira.capes.gov.br\/sucupira\/public\/consultas\/coleta\/trabalhoConclusao\/viewTrabalhoConclusao.jsf?popup=true&amp;id_trabalho=1686631\" target=\"_blank\" rel=\"noopener\"><strong>Comendo bem, que mal tem? Um estudo sobre as representa\u00e7\u00f5es sociais dos riscos alimentares<\/strong><\/a><br \/>\n(Tese selecionada pelo Edital de Aux\u00edlio \u00e0 Editora\u00e7\u00e3o de Obras Cient\u00edficas da Faperj 2015)<\/p>\n<p>Defesa: 27\/05\/2014<br \/>\nOrientadora: F\u00e1tima Portilho (CPDA\/UFRRJ)<\/p>\n<p>&nbsp;<\/p>\n<hr \/>\n<p><strong>DORA VIANNA VASCONCELLOS<\/strong><br \/>\n<a href=\"https:\/\/sucupira.capes.gov.br\/sucupira\/public\/consultas\/coleta\/trabalhoConclusao\/viewTrabalhoConclusao.jsf?popup=true&amp;id_trabalho=658065\" target=\"_blank\" rel=\"noopener\"><strong>Sociologia pol\u00edtica e utopia camponesa de Maria Isaura Pereira de Queiroz<\/strong><\/a><\/p>\n<p>Defesa: 05\/06\/2014<br \/>\nOrientador: Raimundo Santos (CPDA\/UFRRJ)<\/p>\n<p>&nbsp;<\/p>\n<hr \/>\n<p><strong>VALDEMAR JO\u00c3O WESZ JUNIOR<\/strong><br \/>\n<a href=\"https:\/\/sucupira.capes.gov.br\/sucupira\/public\/consultas\/coleta\/trabalhoConclusao\/viewTrabalhoConclusao.jsf?popup=true&amp;id_trabalho=565931\" target=\"_blank\" rel=\"noopener\"><strong>O mercado da soja e as rela\u00e7\u00f5es de troca entre produtores rurais e empresas no sudeste de Mato Grosso (Brasil)<\/strong><\/a><\/p>\n<p>Defesa: 24\/06\/2014<br \/>\nOrientador: Sergio Pereira Leite (CPDA\/UFRRJ)<\/p>\n<p>&nbsp;<\/p>\n<hr \/>\n<p><strong>PATRICIA DA ROCHA GONCALVES<\/strong><br \/>\n<a href=\"https:\/\/sucupira.capes.gov.br\/sucupira\/public\/consultas\/coleta\/trabalhoConclusao\/viewTrabalhoConclusao.jsf?popup=true&amp;id_trabalho=1288005\" target=\"_blank\" rel=\"noopener\"><strong>Card\u00e1pio do dia: consumo alimentar entre jovens da \u201cNova Classe M\u00e9dia\u201d<\/strong><\/a><\/p>\n<p>Defesa: 30\/06\/2014<br \/>\nOrientador: John Wilkinson (CPDA\/UFRRJ)<\/p>\n<p>&nbsp;<\/p>\n<hr \/>\n<p><strong>ANA ISABEL MARQUEZ PEREZ<\/strong><br \/>\n<a href=\"https:\/\/sucupira.capes.gov.br\/sucupira\/public\/consultas\/coleta\/trabalhoConclusao\/viewTrabalhoConclusao.jsf?popup=true&amp;id_trabalho=1364612\" target=\"_blank\" rel=\"noopener\"><strong>Povos dos recifes: reconfigura\u00e7\u00f5es na apropria\u00e7\u00e3o social de ecossistemas marinhos e litor\u00e2neos em duas comunidades do Caribe<\/strong><\/a><\/p>\n<p>Defesa: 22\/09\/2014<br \/>\nOrientadora: Maria Jos\u00e9 Teixeira Carneiro (CPDA\/UFRRJ)<\/p>\n<p>&nbsp;<\/p>\n<hr \/>\n<p><strong>AFRANIO DE OLIVEIRA SILVA<\/strong><br \/>\n<a href=\"https:\/\/sucupira.capes.gov.br\/sucupira\/public\/consultas\/coleta\/trabalhoConclusao\/viewTrabalhoConclusao.jsf?popup=true&amp;id_trabalho=1322216\" target=\"_blank\" rel=\"noopener\"><strong>Federalismo, descentraliza\u00e7\u00e3o e pol\u00edtica social: a pol\u00edtica de assist\u00eancia social nos munic\u00edpios fluminenses<\/strong><\/a><\/p>\n<p>Defesa: 22\/09\/2014<br \/>\nOrientador: Renato Sergio Jamil Maluf (CPDA\/UFRRJ)<\/p>\n<p>&nbsp;<\/p>\n<hr \/>\n<p><strong>ANA PAULA TEIXEIRA DE CAMPOS<\/strong><br \/>\n<a href=\"https:\/\/sucupira.capes.gov.br\/sucupira\/public\/consultas\/coleta\/trabalhoConclusao\/viewTrabalhoConclusao.jsf?popup=true&amp;id_trabalho=2276263\" target=\"_blank\" rel=\"noopener\"><strong>Redes sociais, organiza\u00e7\u00f5es e pol\u00edticas p\u00fablicas: interfaces na agricultura do munic\u00edpio de Araponga, Zona da Mata de Minas Gerais<\/strong><\/a><\/p>\n<p>Defesa: 26\/09\/2014<br \/>\nOrientadora: Claudia Job Schmitt (CPDA\/UFRRJ)<\/p>\n<p>&nbsp;<\/p>\n<hr \/>\n<p><strong>DIONE MELO DA SILVA<\/strong><br \/>\n<a href=\"https:\/\/sucupira.capes.gov.br\/sucupira\/public\/consultas\/coleta\/trabalhoConclusao\/viewTrabalhoConclusao.jsf?popup=true&amp;id_trabalho=2281349\" target=\"_blank\" rel=\"noopener\"><strong>Ruralidades na regi\u00e3o metropolitana de Belo Horizonte: um olhar \u00e0 luz de Janus<\/strong><\/a><\/p>\n<p>Defesa: 28\/10\/2014<br \/>\nOrientador: Roberto Jos\u00e9 Moreira (CPDA\/UFRRJ)<\/p>\n<p>&nbsp;<\/p>\n<hr \/>\n<p><strong>FRANCINE DAMASCENO PINHEIRO<\/strong><br \/>\n<a href=\"https:\/\/sucupira.capes.gov.br\/sucupira\/public\/consultas\/coleta\/trabalhoConclusao\/viewTrabalhoConclusao.jsf?popup=true&amp;id_trabalho=2285060\" target=\"_blank\" rel=\"noopener\"><strong>Quando a casa sai? A pol\u00edtica de reconstru\u00e7ao de moradias para os afetados em desastres socioambientais no Vale do Cuiab\u00e1 \u2013 Petr\u00f3polis, RJ<\/strong><\/a><\/p>\n<p>Defesa: 18\/12\/2014<br \/>\nOrientador: Hector Alberto Alimonda (CPDA\/UFRRJ)<\/p>\n<p>&nbsp;<\/p>\n<p>&nbsp;<\/p>\n","protected":false},"excerpt":{"rendered":"<p>&nbsp; MARCELO CASTA\u00d1EDA DE ARAUJO A\u00e7\u00e3o coletiva com a internet: reflex\u00f5es a partir da AVAAZ Defesa: 16\/04\/2014 Orientadora: Leonilde Servolo <a class=\"read-more\" href=\"https:\/\/institucional.ufrrj.br\/portalcpda\/teses-doutorado-2014\/ \" >&#8230; <span class=\"font-italic\">leia mais <i class=\"fas fa-angle-right\"><\/i><\/span><\/a><\/p>\n","protected":false},"author":634,"featured_media":0,"parent":0,"menu_order":0,"comment_status":"open","ping_status":"open","template":"","meta":{"_acf_changed":false,"footnotes":""},"class_list":["post-5133","page","type-page","status-publish","hentry"],"yoast_head":"<!-- This site is optimized with the Yoast SEO plugin v27.2 - https:\/\/yoast.com\/product\/yoast-seo-wordpress\/ -->\n<title>Teses Doutorado 2014 - CPDA<\/title>\n<meta name=\"robots\" content=\"index, follow, max-snippet:-1, max-image-preview:large, max-video-preview:-1\" \/>\n<link rel=\"canonical\" href=\"https:\/\/institucional.ufrrj.br\/portalcpda\/teses-doutorado-2014\/\" \/>\n<meta property=\"og:locale\" content=\"pt_BR\" \/>\n<meta property=\"og:type\" content=\"article\" \/>\n<meta property=\"og:title\" content=\"Teses Doutorado 2014 - CPDA\" \/>\n<meta property=\"og:description\" content=\"&nbsp; MARCELO CASTA\u00d1EDA DE ARAUJO A\u00e7\u00e3o coletiva com a internet: reflex\u00f5es a partir da AVAAZ Defesa: 16\/04\/2014 Orientadora: Leonilde Servolo ... leia mais\" \/>\n<meta property=\"og:url\" content=\"https:\/\/institucional.ufrrj.br\/portalcpda\/teses-doutorado-2014\/\" \/>\n<meta property=\"og:site_name\" content=\"CPDA\" \/>\n<meta property=\"article:modified_time\" content=\"2018-09-05T15:01:57+00:00\" \/>\n<meta name=\"twitter:card\" content=\"summary_large_image\" \/>\n<meta name=\"twitter:label1\" content=\"Est. tempo de leitura\" \/>\n\t<meta name=\"twitter:data1\" content=\"2 minutos\" \/>\n<script type=\"application\/ld+json\" class=\"yoast-schema-graph\">{\"@context\":\"https:\/\/schema.org\",\"@graph\":[{\"@type\":\"WebPage\",\"@id\":\"https:\/\/institucional.ufrrj.br\/portalcpda\/teses-doutorado-2014\/\",\"url\":\"https:\/\/institucional.ufrrj.br\/portalcpda\/teses-doutorado-2014\/\",\"name\":\"Teses Doutorado 2014 - CPDA\",\"isPartOf\":{\"@id\":\"https:\/\/institucional.ufrrj.br\/portalcpda\/#website\"},\"datePublished\":\"2014-10-13T17:00:03+00:00\",\"dateModified\":\"2018-09-05T15:01:57+00:00\",\"breadcrumb\":{\"@id\":\"https:\/\/institucional.ufrrj.br\/portalcpda\/teses-doutorado-2014\/#breadcrumb\"},\"inLanguage\":\"pt-BR\",\"potentialAction\":[{\"@type\":\"ReadAction\",\"target\":[\"https:\/\/institucional.ufrrj.br\/portalcpda\/teses-doutorado-2014\/\"]}]},{\"@type\":\"BreadcrumbList\",\"@id\":\"https:\/\/institucional.ufrrj.br\/portalcpda\/teses-doutorado-2014\/#breadcrumb\",\"itemListElement\":[{\"@type\":\"ListItem\",\"position\":1,\"name\":\"In\u00edcio\",\"item\":\"https:\/\/institucional.ufrrj.br\/portalcpda\/\"},{\"@type\":\"ListItem\",\"position\":2,\"name\":\"Teses Doutorado 2014\"}]},{\"@type\":\"WebSite\",\"@id\":\"https:\/\/institucional.ufrrj.br\/portalcpda\/#website\",\"url\":\"https:\/\/institucional.ufrrj.br\/portalcpda\/\",\"name\":\"CPDA\",\"description\":\"institucional.ufrrj.br\",\"potentialAction\":[{\"@type\":\"SearchAction\",\"target\":{\"@type\":\"EntryPoint\",\"urlTemplate\":\"https:\/\/institucional.ufrrj.br\/portalcpda\/?s={search_term_string}\"},\"query-input\":{\"@type\":\"PropertyValueSpecification\",\"valueRequired\":true,\"valueName\":\"search_term_string\"}}],\"inLanguage\":\"pt-BR\"}]}<\/script>\n<!-- \/ Yoast SEO plugin. -->","yoast_head_json":{"title":"Teses Doutorado 2014 - CPDA","robots":{"index":"index","follow":"follow","max-snippet":"max-snippet:-1","max-image-preview":"max-image-preview:large","max-video-preview":"max-video-preview:-1"},"canonical":"https:\/\/institucional.ufrrj.br\/portalcpda\/teses-doutorado-2014\/","og_locale":"pt_BR","og_type":"article","og_title":"Teses Doutorado 2014 - CPDA","og_description":"&nbsp; MARCELO CASTA\u00d1EDA DE ARAUJO A\u00e7\u00e3o coletiva com a internet: reflex\u00f5es a partir da AVAAZ Defesa: 16\/04\/2014 Orientadora: Leonilde Servolo ... leia mais","og_url":"https:\/\/institucional.ufrrj.br\/portalcpda\/teses-doutorado-2014\/","og_site_name":"CPDA","article_modified_time":"2018-09-05T15:01:57+00:00","twitter_card":"summary_large_image","twitter_misc":{"Est. tempo de leitura":"2 minutos"},"schema":{"@context":"https:\/\/schema.org","@graph":[{"@type":"WebPage","@id":"https:\/\/institucional.ufrrj.br\/portalcpda\/teses-doutorado-2014\/","url":"https:\/\/institucional.ufrrj.br\/portalcpda\/teses-doutorado-2014\/","name":"Teses Doutorado 2014 - CPDA","isPartOf":{"@id":"https:\/\/institucional.ufrrj.br\/portalcpda\/#website"},"datePublished":"2014-10-13T17:00:03+00:00","dateModified":"2018-09-05T15:01:57+00:00","breadcrumb":{"@id":"https:\/\/institucional.ufrrj.br\/portalcpda\/teses-doutorado-2014\/#breadcrumb"},"inLanguage":"pt-BR","potentialAction":[{"@type":"ReadAction","target":["https:\/\/institucional.ufrrj.br\/portalcpda\/teses-doutorado-2014\/"]}]},{"@type":"BreadcrumbList","@id":"https:\/\/institucional.ufrrj.br\/portalcpda\/teses-doutorado-2014\/#breadcrumb","itemListElement":[{"@type":"ListItem","position":1,"name":"In\u00edcio","item":"https:\/\/institucional.ufrrj.br\/portalcpda\/"},{"@type":"ListItem","position":2,"name":"Teses Doutorado 2014"}]},{"@type":"WebSite","@id":"https:\/\/institucional.ufrrj.br\/portalcpda\/#website","url":"https:\/\/institucional.ufrrj.br\/portalcpda\/","name":"CPDA","description":"institucional.ufrrj.br","potentialAction":[{"@type":"SearchAction","target":{"@type":"EntryPoint","urlTemplate":"https:\/\/institucional.ufrrj.br\/portalcpda\/?s={search_term_string}"},"query-input":{"@type":"PropertyValueSpecification","valueRequired":true,"valueName":"search_term_string"}}],"inLanguage":"pt-BR"}]}},"acf":[],"_links":{"self":[{"href":"https:\/\/institucional.ufrrj.br\/portalcpda\/wp-json\/wp\/v2\/pages\/5133","targetHints":{"allow":["GET"]}}],"collection":[{"href":"https:\/\/institucional.ufrrj.br\/portalcpda\/wp-json\/wp\/v2\/pages"}],"about":[{"href":"https:\/\/institucional.ufrrj.br\/portalcpda\/wp-json\/wp\/v2\/types\/page"}],"author":[{"embeddable":true,"href":"https:\/\/institucional.ufrrj.br\/portalcpda\/wp-json\/wp\/v2\/users\/634"}],"replies":[{"embeddable":true,"href":"https:\/\/institucional.ufrrj.br\/portalcpda\/wp-json\/wp\/v2\/comments?post=5133"}],"version-history":[{"count":3,"href":"https:\/\/institucional.ufrrj.br\/portalcpda\/wp-json\/wp\/v2\/pages\/5133\/revisions"}],"predecessor-version":[{"id":15859,"href":"https:\/\/institucional.ufrrj.br\/portalcpda\/wp-json\/wp\/v2\/pages\/5133\/revisions\/15859"}],"wp:attachment":[{"href":"https:\/\/institucional.ufrrj.br\/portalcpda\/wp-json\/wp\/v2\/media?parent=5133"}],"curies":[{"name":"wp","href":"https:\/\/api.w.org\/{rel}","templated":true}]}}