{"id":450,"date":"2011-08-09T22:11:37","date_gmt":"2011-08-09T22:11:37","guid":{"rendered":"http:\/\/r1.ufrrj.br\/cpda\/?page_id=450"},"modified":"2018-08-24T12:31:32","modified_gmt":"2018-08-24T15:31:32","slug":"teses-doutorado-2009","status":"publish","type":"page","link":"https:\/\/institucional.ufrrj.br\/portalcpda\/teses-doutorado-2009\/","title":{"rendered":"Teses Doutorado 2009"},"content":{"rendered":"<p>&nbsp;<\/p>\n<p><strong>ANGELO GIUSEPPE POVOLERI FUCHS<br \/>\nAn\u00e1lise do processo de realiza\u00e7\u00e3o da estrat\u00e9gia BNDES 2000 \u2013 2005<\/strong><\/p>\n<p>Defesa: 10\/02\/2009<br \/>\nOrientadora: Ana C\u00e9lia Castro (UFRRJ\/CPDA)<\/p>\n<p>&nbsp;<\/p>\n<hr \/>\n<p><strong>MAURILIO LIMA BOTELHO<br \/>\n<a href=\"https:\/\/institucional.ufrrj.br\/portalcpda\/files\/2018\/08\/2009.tese_.MAURILIO-LIMA-BOTELHO.pdf\" target=\"_blank\" rel=\"noopener\">Crise da sociedade do trabalho: teorias em conflito<\/a><\/strong><\/p>\n<p>Defesa: 24\/03\/2009<br \/>\nOrientador: H\u00e9ctor Alberto Alimonda (UFRRJ\/CPDA)<\/p>\n<p>&nbsp;<\/p>\n<hr \/>\n<p><strong>MARCUS PEIXOTO<br \/>\n<a href=\"https:\/\/institucional.ufrrj.br\/portalcpda\/files\/2018\/08\/2009.tese_.Marcus-Peixoto.pdf\" target=\"_blank\" rel=\"noopener\">A Extens\u00e3o Privada e a Privatiza\u00e7\u00e3o da Extens\u00e3o: uma An\u00e1lise da Ind\u00fastria de Defensivos Agr\u00edcolas<\/a><\/strong><\/p>\n<p>Defesa: 04\/05\/2009<br \/>\nOrientadora: Ana C\u00e9lia Castro (UFRRJ\/CPDA)<\/p>\n<p>&nbsp;<\/p>\n<hr \/>\n<p><strong>PAULO HENRIQUE FURTADO DE ARAUJO<br \/>\n<a href=\"https:\/\/institucional.ufrrj.br\/portalcpda\/files\/2018\/08\/2009.tese_.PAULO-HENRIQUE-FURTADO-DE-ARAUJO.pdf\" target=\"_blank\" rel=\"noopener\">As possibilidades de um di\u00e1logo: a ontologia do ser social de Luk\u00e1cs e a nova sociologia econ\u00f4mica de Granovetter<\/a><\/strong><\/p>\n<p>Defesa: 07\/05\/2009<br \/>\nOrientador: John Wilkinson (UFRRJ\/CPDA)<\/p>\n<p>&nbsp;<\/p>\n<hr \/>\n<p><strong>MARIA DO CARMO COUTO TEIXEIRA<br \/>\nReaprendendo a conviver com os macacos na Serra do Brigadeiro<\/strong><\/p>\n<p>Defesa: 28\/08\/2009<br \/>\nOrientador: H\u00e9ctor Alberto Alimonda (UFRRJ\/CPDA)<\/p>\n<p>&nbsp;<\/p>\n<hr \/>\n<p><strong>MARIA SARITA CRISTINA MOTA<br \/>\n<a href=\"https:\/\/institucional.ufrrj.br\/portalcpda\/files\/2018\/08\/2009.tese_.MARIA-SARITA-CRISTINA-MOTA.pdf\" target=\"_blank\" rel=\"noopener\">Nas terras de Guaratiba uma aproxima\u00e7\u00e3o hist\u00f3rico-jur\u00eddica \u00e0s defini\u00e7\u00f5es de posse e propriedade da terra no Brasil entre os s\u00e9culos XVI-XIX<\/a><\/strong><\/p>\n<p>Defesa: 03\/09\/2009<br \/>\nOrientador: John Cunha Comerford (UFRRJ\/CPDA)<\/p>\n<p>&nbsp;<\/p>\n<hr \/>\n<p><strong>THIAGO RODRIGO DE PAULA ASSIS<br \/>\n<a href=\"https:\/\/institucional.ufrrj.br\/portalcpda\/files\/2018\/08\/2009.tese_.Thiago-Rodrigo-de-Paula-Assis.pdf\" target=\"_blank\" rel=\"noopener\">Sociedade civil, Estado e pol\u00edticas p\u00fablicas: reflex\u00f5es a partir do Programa Um Milh\u00e3o de Cisternas Rurais (P1MC) no Estado de Minas Gerais<\/a><\/strong><\/p>\n<p>Defesa: 03\/12\/2009<br \/>\nOrientador: Renato S\u00e9rgio Jamil Maluf (UFRRJ\/CPDA)<\/p>\n<p>&nbsp;<\/p>\n<hr \/>\n<p><strong>CLAUDIO FRANCISCO SEVERINO<br \/>\nTerra, Fam\u00edlia e Poder: trajet\u00f3rias da fam\u00edlia Souza Queiroz em configura\u00e7\u00f5es s\u00f3cio-territoriais paulistas<\/strong><\/p>\n<p>Defesa: 17\/12\/2009<br \/>\nOrientadora: Regina \u00c2ngela Landim Bruno (UFRRJ\/CPDA)<\/p>\n<p>&nbsp;<\/p>\n<hr \/>\n<p><strong>VALTER LUCIO DE OLIVEIRA<br \/>\n<a href=\"https:\/\/institucional.ufrrj.br\/portalcpda\/files\/2018\/08\/2009.tese_.Valter-L\u00a6cio-de-Oliveira.pdf\" target=\"_blank\" rel=\"noopener\">A Ironia da Realidade e os Paradoxos da Raz\u00e3o Pol\u00edtica: sociabilidade e din\u00e2micas pol\u00edtico-religiosas em espa\u00e7os de luta pela terra no Rio Grande do Sul<\/a><\/strong><\/p>\n<p>Defesa: 21\/12\/2009<br \/>\nOrientador: John Cunha Comerford (UFRRJ\/CPDA)<\/p>\n<p>&nbsp;<\/p>\n<p>&nbsp;<\/p>\n","protected":false},"excerpt":{"rendered":"<p>&nbsp; ANGELO GIUSEPPE POVOLERI FUCHS An\u00e1lise do processo de realiza\u00e7\u00e3o da estrat\u00e9gia BNDES 2000 \u2013 2005 Defesa: 10\/02\/2009 Orientadora: Ana <a class=\"read-more\" href=\"https:\/\/institucional.ufrrj.br\/portalcpda\/teses-doutorado-2009\/ \" >&#8230; <span class=\"font-italic\">leia mais <i class=\"fas fa-angle-right\"><\/i><\/span><\/a><\/p>\n","protected":false},"author":634,"featured_media":0,"parent":0,"menu_order":0,"comment_status":"open","ping_status":"open","template":"","meta":{"_acf_changed":false,"footnotes":""},"class_list":["post-450","page","type-page","status-publish","hentry"],"yoast_head":"<!-- This site is optimized with the Yoast SEO plugin v27.2 - https:\/\/yoast.com\/product\/yoast-seo-wordpress\/ -->\n<title>Teses Doutorado 2009 - CPDA<\/title>\n<meta name=\"robots\" content=\"index, follow, max-snippet:-1, max-image-preview:large, max-video-preview:-1\" \/>\n<link rel=\"canonical\" href=\"https:\/\/institucional.ufrrj.br\/portalcpda\/teses-doutorado-2009\/\" \/>\n<meta property=\"og:locale\" content=\"pt_BR\" \/>\n<meta property=\"og:type\" content=\"article\" \/>\n<meta property=\"og:title\" content=\"Teses Doutorado 2009 - CPDA\" \/>\n<meta property=\"og:description\" content=\"&nbsp; ANGELO GIUSEPPE POVOLERI FUCHS An\u00e1lise do processo de realiza\u00e7\u00e3o da estrat\u00e9gia BNDES 2000 \u2013 2005 Defesa: 10\/02\/2009 Orientadora: Ana ... leia mais\" \/>\n<meta property=\"og:url\" content=\"https:\/\/institucional.ufrrj.br\/portalcpda\/teses-doutorado-2009\/\" \/>\n<meta property=\"og:site_name\" content=\"CPDA\" \/>\n<meta property=\"article:modified_time\" content=\"2018-08-24T15:31:32+00:00\" \/>\n<meta name=\"twitter:card\" content=\"summary_large_image\" \/>\n<meta name=\"twitter:label1\" content=\"Est. tempo de leitura\" \/>\n\t<meta name=\"twitter:data1\" content=\"1 minuto\" \/>\n<script type=\"application\/ld+json\" class=\"yoast-schema-graph\">{\"@context\":\"https:\/\/schema.org\",\"@graph\":[{\"@type\":\"WebPage\",\"@id\":\"https:\/\/institucional.ufrrj.br\/portalcpda\/teses-doutorado-2009\/\",\"url\":\"https:\/\/institucional.ufrrj.br\/portalcpda\/teses-doutorado-2009\/\",\"name\":\"Teses Doutorado 2009 - CPDA\",\"isPartOf\":{\"@id\":\"https:\/\/institucional.ufrrj.br\/portalcpda\/#website\"},\"datePublished\":\"2011-08-09T22:11:37+00:00\",\"dateModified\":\"2018-08-24T15:31:32+00:00\",\"breadcrumb\":{\"@id\":\"https:\/\/institucional.ufrrj.br\/portalcpda\/teses-doutorado-2009\/#breadcrumb\"},\"inLanguage\":\"pt-BR\",\"potentialAction\":[{\"@type\":\"ReadAction\",\"target\":[\"https:\/\/institucional.ufrrj.br\/portalcpda\/teses-doutorado-2009\/\"]}]},{\"@type\":\"BreadcrumbList\",\"@id\":\"https:\/\/institucional.ufrrj.br\/portalcpda\/teses-doutorado-2009\/#breadcrumb\",\"itemListElement\":[{\"@type\":\"ListItem\",\"position\":1,\"name\":\"In\u00edcio\",\"item\":\"https:\/\/institucional.ufrrj.br\/portalcpda\/\"},{\"@type\":\"ListItem\",\"position\":2,\"name\":\"Teses Doutorado 2009\"}]},{\"@type\":\"WebSite\",\"@id\":\"https:\/\/institucional.ufrrj.br\/portalcpda\/#website\",\"url\":\"https:\/\/institucional.ufrrj.br\/portalcpda\/\",\"name\":\"CPDA\",\"description\":\"institucional.ufrrj.br\",\"potentialAction\":[{\"@type\":\"SearchAction\",\"target\":{\"@type\":\"EntryPoint\",\"urlTemplate\":\"https:\/\/institucional.ufrrj.br\/portalcpda\/?s={search_term_string}\"},\"query-input\":{\"@type\":\"PropertyValueSpecification\",\"valueRequired\":true,\"valueName\":\"search_term_string\"}}],\"inLanguage\":\"pt-BR\"}]}<\/script>\n<!-- \/ Yoast SEO plugin. -->","yoast_head_json":{"title":"Teses Doutorado 2009 - CPDA","robots":{"index":"index","follow":"follow","max-snippet":"max-snippet:-1","max-image-preview":"max-image-preview:large","max-video-preview":"max-video-preview:-1"},"canonical":"https:\/\/institucional.ufrrj.br\/portalcpda\/teses-doutorado-2009\/","og_locale":"pt_BR","og_type":"article","og_title":"Teses Doutorado 2009 - CPDA","og_description":"&nbsp; ANGELO GIUSEPPE POVOLERI FUCHS An\u00e1lise do processo de realiza\u00e7\u00e3o da estrat\u00e9gia BNDES 2000 \u2013 2005 Defesa: 10\/02\/2009 Orientadora: Ana ... leia mais","og_url":"https:\/\/institucional.ufrrj.br\/portalcpda\/teses-doutorado-2009\/","og_site_name":"CPDA","article_modified_time":"2018-08-24T15:31:32+00:00","twitter_card":"summary_large_image","twitter_misc":{"Est. tempo de leitura":"1 minuto"},"schema":{"@context":"https:\/\/schema.org","@graph":[{"@type":"WebPage","@id":"https:\/\/institucional.ufrrj.br\/portalcpda\/teses-doutorado-2009\/","url":"https:\/\/institucional.ufrrj.br\/portalcpda\/teses-doutorado-2009\/","name":"Teses Doutorado 2009 - CPDA","isPartOf":{"@id":"https:\/\/institucional.ufrrj.br\/portalcpda\/#website"},"datePublished":"2011-08-09T22:11:37+00:00","dateModified":"2018-08-24T15:31:32+00:00","breadcrumb":{"@id":"https:\/\/institucional.ufrrj.br\/portalcpda\/teses-doutorado-2009\/#breadcrumb"},"inLanguage":"pt-BR","potentialAction":[{"@type":"ReadAction","target":["https:\/\/institucional.ufrrj.br\/portalcpda\/teses-doutorado-2009\/"]}]},{"@type":"BreadcrumbList","@id":"https:\/\/institucional.ufrrj.br\/portalcpda\/teses-doutorado-2009\/#breadcrumb","itemListElement":[{"@type":"ListItem","position":1,"name":"In\u00edcio","item":"https:\/\/institucional.ufrrj.br\/portalcpda\/"},{"@type":"ListItem","position":2,"name":"Teses Doutorado 2009"}]},{"@type":"WebSite","@id":"https:\/\/institucional.ufrrj.br\/portalcpda\/#website","url":"https:\/\/institucional.ufrrj.br\/portalcpda\/","name":"CPDA","description":"institucional.ufrrj.br","potentialAction":[{"@type":"SearchAction","target":{"@type":"EntryPoint","urlTemplate":"https:\/\/institucional.ufrrj.br\/portalcpda\/?s={search_term_string}"},"query-input":{"@type":"PropertyValueSpecification","valueRequired":true,"valueName":"search_term_string"}}],"inLanguage":"pt-BR"}]}},"acf":[],"_links":{"self":[{"href":"https:\/\/institucional.ufrrj.br\/portalcpda\/wp-json\/wp\/v2\/pages\/450","targetHints":{"allow":["GET"]}}],"collection":[{"href":"https:\/\/institucional.ufrrj.br\/portalcpda\/wp-json\/wp\/v2\/pages"}],"about":[{"href":"https:\/\/institucional.ufrrj.br\/portalcpda\/wp-json\/wp\/v2\/types\/page"}],"author":[{"embeddable":true,"href":"https:\/\/institucional.ufrrj.br\/portalcpda\/wp-json\/wp\/v2\/users\/634"}],"replies":[{"embeddable":true,"href":"https:\/\/institucional.ufrrj.br\/portalcpda\/wp-json\/wp\/v2\/comments?post=450"}],"version-history":[{"count":9,"href":"https:\/\/institucional.ufrrj.br\/portalcpda\/wp-json\/wp\/v2\/pages\/450\/revisions"}],"predecessor-version":[{"id":15371,"href":"https:\/\/institucional.ufrrj.br\/portalcpda\/wp-json\/wp\/v2\/pages\/450\/revisions\/15371"}],"wp:attachment":[{"href":"https:\/\/institucional.ufrrj.br\/portalcpda\/wp-json\/wp\/v2\/media?parent=450"}],"curies":[{"name":"wp","href":"https:\/\/api.w.org\/{rel}","templated":true}]}}