{"id":437,"date":"2011-08-09T01:07:26","date_gmt":"2011-08-09T01:07:26","guid":{"rendered":"http:\/\/r1.ufrrj.br\/cpda\/?page_id=437"},"modified":"2018-06-29T16:14:11","modified_gmt":"2018-06-29T19:14:11","slug":"laboratorio-tematico-em-politicas-publicas-estado-e-atores","status":"publish","type":"page","link":"https:\/\/institucional.ufrrj.br\/portalcpda\/laboratorio-tematico-em-politicas-publicas-estado-e-atores\/","title":{"rendered":"Laborat\u00f3rio tem\u00e1tico em Pol\u00edticas p\u00fablicas, Estado e atores"},"content":{"rendered":"<h3>IH 1546<\/h3>\n<p>Disciplina espec\u00edfica da linha Pol\u00edticas p\u00fablicas, Estado e atores<br \/>\nN\u00famero de cr\u00e9ditos: 2<br \/>\nCarga hor\u00e1ria: 2 horas aulas semanais<br \/>\nProfessor respons\u00e1vel: todos professores da linha de pesquisa correspondente<\/p>\n<h3>Objetivos<\/h3>\n<p>O laborat\u00f3rio tem como objetivo abrir um espa\u00e7o prop\u00edcio para discuss\u00f5es sobre temas como formula\u00e7\u00e3o e implementa\u00e7\u00e3o de pol\u00edticas p\u00fablicas, pol\u00edticas de reforma agr\u00e1ria, descentraliza\u00e7\u00e3o das pol\u00edticas p\u00fablicas e desenvolvimento local, seguran\u00e7a alimentar, pol\u00edticas de ci\u00eancias e tecnologia, e pol\u00edticas de desenvolvimento local e territorial.<\/p>\n<h3>Ementa<\/h3>\n<p>Busca estabelecer par\u00e2metros que visam proporcionar uma compreens\u00e3o da a\u00e7\u00e3o p\u00fablica nas esferas agr\u00e1rias e agroalimentares, salientando, em particular, os padr\u00f5es de intera\u00e7\u00f5es entre o Estado e os atores sociais envolvidos (grupos de interesses, sindicatos, movimentos sociais, ONGs, experts), direta ou indiretamente, na formula\u00e7\u00e3o e execu\u00e7\u00e3o das pol\u00edticas p\u00fablicas.<\/p>\n<h3>Bibliografia<\/h3>\n<p>DELGADO, Guilherme. Capital financeiro e agricultura no Brasil. S\u00e3o Paulo\/Campinas: \u00cdcone\/Unicamp, 1985.<br \/>\nHELFAND, Steven M., REZENDE, Gerv\u00e1sio C. A agricultura brasileira nos anos 1990: o impacto das reformas de pol\u00edticas. In: GASQUES, J.G., CONCEI\u00c7\u00c3O, J.C.P.R. (orgs.). Transforma\u00e7\u00f5es da agricultura e pol\u00edticas p\u00fablicas. Bras\u00edlia: Ipea, 2001. p. 247-302.<br \/>\nLEITE, Sergio (org.). Pol\u00edticas p\u00fablicas e agricultura no Brasil. Porto Alegre: Ed. UFRGS, 2001<br \/>\nLAMOUNIER, Bol\u00edvar (coord.). Determinantes pol\u00edticos da pol\u00edtica agr\u00edcola: um estudo de atores, demandas e mecanismos de decis\u00e3o. Bras\u00edlia: Ipea, 1994.<\/p>\n","protected":false},"excerpt":{"rendered":"<p>IH 1546 Disciplina espec\u00edfica da linha Pol\u00edticas p\u00fablicas, Estado e atores N\u00famero de cr\u00e9ditos: 2 Carga hor\u00e1ria: 2 horas aulas <a class=\"read-more\" href=\"https:\/\/institucional.ufrrj.br\/portalcpda\/laboratorio-tematico-em-politicas-publicas-estado-e-atores\/ \" >&#8230; <span class=\"font-italic\">leia mais <i class=\"fas fa-angle-right\"><\/i><\/span><\/a><\/p>\n","protected":false},"author":634,"featured_media":0,"parent":0,"menu_order":0,"comment_status":"open","ping_status":"open","template":"","meta":{"_acf_changed":false,"footnotes":""},"class_list":["post-437","page","type-page","status-publish","hentry"],"yoast_head":"<!-- This site is optimized with the Yoast SEO plugin v27.2 - https:\/\/yoast.com\/product\/yoast-seo-wordpress\/ -->\n<title>Laborat\u00f3rio tem\u00e1tico em Pol\u00edticas p\u00fablicas, Estado e atores - CPDA<\/title>\n<meta name=\"robots\" content=\"index, follow, max-snippet:-1, max-image-preview:large, max-video-preview:-1\" \/>\n<link rel=\"canonical\" href=\"https:\/\/institucional.ufrrj.br\/portalcpda\/laboratorio-tematico-em-politicas-publicas-estado-e-atores\/\" \/>\n<meta property=\"og:locale\" content=\"pt_BR\" \/>\n<meta property=\"og:type\" content=\"article\" \/>\n<meta property=\"og:title\" content=\"Laborat\u00f3rio tem\u00e1tico em Pol\u00edticas p\u00fablicas, Estado e atores - CPDA\" \/>\n<meta property=\"og:description\" content=\"IH 1546 Disciplina espec\u00edfica da linha Pol\u00edticas p\u00fablicas, Estado e atores N\u00famero de cr\u00e9ditos: 2 Carga hor\u00e1ria: 2 horas aulas ... leia mais\" \/>\n<meta property=\"og:url\" content=\"https:\/\/institucional.ufrrj.br\/portalcpda\/laboratorio-tematico-em-politicas-publicas-estado-e-atores\/\" \/>\n<meta property=\"og:site_name\" content=\"CPDA\" \/>\n<meta property=\"article:modified_time\" content=\"2018-06-29T19:14:11+00:00\" \/>\n<meta name=\"twitter:card\" content=\"summary_large_image\" \/>\n<meta name=\"twitter:label1\" content=\"Est. tempo de leitura\" \/>\n\t<meta name=\"twitter:data1\" content=\"1 minuto\" \/>\n<script type=\"application\/ld+json\" class=\"yoast-schema-graph\">{\"@context\":\"https:\/\/schema.org\",\"@graph\":[{\"@type\":\"WebPage\",\"@id\":\"https:\/\/institucional.ufrrj.br\/portalcpda\/laboratorio-tematico-em-politicas-publicas-estado-e-atores\/\",\"url\":\"https:\/\/institucional.ufrrj.br\/portalcpda\/laboratorio-tematico-em-politicas-publicas-estado-e-atores\/\",\"name\":\"Laborat\u00f3rio tem\u00e1tico em Pol\u00edticas p\u00fablicas, Estado e atores - CPDA\",\"isPartOf\":{\"@id\":\"https:\/\/institucional.ufrrj.br\/portalcpda\/#website\"},\"datePublished\":\"2011-08-09T01:07:26+00:00\",\"dateModified\":\"2018-06-29T19:14:11+00:00\",\"breadcrumb\":{\"@id\":\"https:\/\/institucional.ufrrj.br\/portalcpda\/laboratorio-tematico-em-politicas-publicas-estado-e-atores\/#breadcrumb\"},\"inLanguage\":\"pt-BR\",\"potentialAction\":[{\"@type\":\"ReadAction\",\"target\":[\"https:\/\/institucional.ufrrj.br\/portalcpda\/laboratorio-tematico-em-politicas-publicas-estado-e-atores\/\"]}]},{\"@type\":\"BreadcrumbList\",\"@id\":\"https:\/\/institucional.ufrrj.br\/portalcpda\/laboratorio-tematico-em-politicas-publicas-estado-e-atores\/#breadcrumb\",\"itemListElement\":[{\"@type\":\"ListItem\",\"position\":1,\"name\":\"In\u00edcio\",\"item\":\"https:\/\/institucional.ufrrj.br\/portalcpda\/\"},{\"@type\":\"ListItem\",\"position\":2,\"name\":\"Laborat\u00f3rio tem\u00e1tico em Pol\u00edticas p\u00fablicas, Estado e atores\"}]},{\"@type\":\"WebSite\",\"@id\":\"https:\/\/institucional.ufrrj.br\/portalcpda\/#website\",\"url\":\"https:\/\/institucional.ufrrj.br\/portalcpda\/\",\"name\":\"CPDA\",\"description\":\"institucional.ufrrj.br\",\"potentialAction\":[{\"@type\":\"SearchAction\",\"target\":{\"@type\":\"EntryPoint\",\"urlTemplate\":\"https:\/\/institucional.ufrrj.br\/portalcpda\/?s={search_term_string}\"},\"query-input\":{\"@type\":\"PropertyValueSpecification\",\"valueRequired\":true,\"valueName\":\"search_term_string\"}}],\"inLanguage\":\"pt-BR\"}]}<\/script>\n<!-- \/ Yoast SEO plugin. -->","yoast_head_json":{"title":"Laborat\u00f3rio tem\u00e1tico em Pol\u00edticas p\u00fablicas, Estado e atores - CPDA","robots":{"index":"index","follow":"follow","max-snippet":"max-snippet:-1","max-image-preview":"max-image-preview:large","max-video-preview":"max-video-preview:-1"},"canonical":"https:\/\/institucional.ufrrj.br\/portalcpda\/laboratorio-tematico-em-politicas-publicas-estado-e-atores\/","og_locale":"pt_BR","og_type":"article","og_title":"Laborat\u00f3rio tem\u00e1tico em Pol\u00edticas p\u00fablicas, Estado e atores - CPDA","og_description":"IH 1546 Disciplina espec\u00edfica da linha Pol\u00edticas p\u00fablicas, Estado e atores N\u00famero de cr\u00e9ditos: 2 Carga hor\u00e1ria: 2 horas aulas ... leia mais","og_url":"https:\/\/institucional.ufrrj.br\/portalcpda\/laboratorio-tematico-em-politicas-publicas-estado-e-atores\/","og_site_name":"CPDA","article_modified_time":"2018-06-29T19:14:11+00:00","twitter_card":"summary_large_image","twitter_misc":{"Est. tempo de leitura":"1 minuto"},"schema":{"@context":"https:\/\/schema.org","@graph":[{"@type":"WebPage","@id":"https:\/\/institucional.ufrrj.br\/portalcpda\/laboratorio-tematico-em-politicas-publicas-estado-e-atores\/","url":"https:\/\/institucional.ufrrj.br\/portalcpda\/laboratorio-tematico-em-politicas-publicas-estado-e-atores\/","name":"Laborat\u00f3rio tem\u00e1tico em Pol\u00edticas p\u00fablicas, Estado e atores - CPDA","isPartOf":{"@id":"https:\/\/institucional.ufrrj.br\/portalcpda\/#website"},"datePublished":"2011-08-09T01:07:26+00:00","dateModified":"2018-06-29T19:14:11+00:00","breadcrumb":{"@id":"https:\/\/institucional.ufrrj.br\/portalcpda\/laboratorio-tematico-em-politicas-publicas-estado-e-atores\/#breadcrumb"},"inLanguage":"pt-BR","potentialAction":[{"@type":"ReadAction","target":["https:\/\/institucional.ufrrj.br\/portalcpda\/laboratorio-tematico-em-politicas-publicas-estado-e-atores\/"]}]},{"@type":"BreadcrumbList","@id":"https:\/\/institucional.ufrrj.br\/portalcpda\/laboratorio-tematico-em-politicas-publicas-estado-e-atores\/#breadcrumb","itemListElement":[{"@type":"ListItem","position":1,"name":"In\u00edcio","item":"https:\/\/institucional.ufrrj.br\/portalcpda\/"},{"@type":"ListItem","position":2,"name":"Laborat\u00f3rio tem\u00e1tico em Pol\u00edticas p\u00fablicas, Estado e atores"}]},{"@type":"WebSite","@id":"https:\/\/institucional.ufrrj.br\/portalcpda\/#website","url":"https:\/\/institucional.ufrrj.br\/portalcpda\/","name":"CPDA","description":"institucional.ufrrj.br","potentialAction":[{"@type":"SearchAction","target":{"@type":"EntryPoint","urlTemplate":"https:\/\/institucional.ufrrj.br\/portalcpda\/?s={search_term_string}"},"query-input":{"@type":"PropertyValueSpecification","valueRequired":true,"valueName":"search_term_string"}}],"inLanguage":"pt-BR"}]}},"acf":[],"_links":{"self":[{"href":"https:\/\/institucional.ufrrj.br\/portalcpda\/wp-json\/wp\/v2\/pages\/437","targetHints":{"allow":["GET"]}}],"collection":[{"href":"https:\/\/institucional.ufrrj.br\/portalcpda\/wp-json\/wp\/v2\/pages"}],"about":[{"href":"https:\/\/institucional.ufrrj.br\/portalcpda\/wp-json\/wp\/v2\/types\/page"}],"author":[{"embeddable":true,"href":"https:\/\/institucional.ufrrj.br\/portalcpda\/wp-json\/wp\/v2\/users\/634"}],"replies":[{"embeddable":true,"href":"https:\/\/institucional.ufrrj.br\/portalcpda\/wp-json\/wp\/v2\/comments?post=437"}],"version-history":[{"count":1,"href":"https:\/\/institucional.ufrrj.br\/portalcpda\/wp-json\/wp\/v2\/pages\/437\/revisions"}],"predecessor-version":[{"id":13352,"href":"https:\/\/institucional.ufrrj.br\/portalcpda\/wp-json\/wp\/v2\/pages\/437\/revisions\/13352"}],"wp:attachment":[{"href":"https:\/\/institucional.ufrrj.br\/portalcpda\/wp-json\/wp\/v2\/media?parent=437"}],"curies":[{"name":"wp","href":"https:\/\/api.w.org\/{rel}","templated":true}]}}