{"id":435,"date":"2011-08-09T01:05:21","date_gmt":"2011-08-09T01:05:21","guid":{"rendered":"http:\/\/r1.ufrrj.br\/cpda\/?page_id=435"},"modified":"2018-06-29T16:14:07","modified_gmt":"2018-06-29T19:14:07","slug":"laboratorio-tematico-de-pesquisa-em-natureza-ciencia-e-saberes","status":"publish","type":"page","link":"https:\/\/institucional.ufrrj.br\/portalcpda\/laboratorio-tematico-de-pesquisa-em-natureza-ciencia-e-saberes\/","title":{"rendered":"Laborat\u00f3rio tem\u00e1tico de pesquisa em Natureza, ci\u00eancia e saberes"},"content":{"rendered":"<h3>IH 1555<\/h3>\n<p>Disciplina espec\u00edfica da linha Natureza, ci\u00eancia e saberes<br \/>\nN\u00famero de cr\u00e9ditos: 2<br \/>\nHoras aula: 2<br \/>\nProfessor respons\u00e1vel: todos professores da linha<\/p>\n<h3>Objetivos<\/h3>\n<p>Focalizar quest\u00f5es te\u00f3ricas, emp\u00edricas e metodol\u00f3gicas associadas aos projetos de pesquisa dos estudantes.<\/p>\n<h3>Ementa<\/h3>\n<p>Teoria, metodologia e an\u00e1lises associadas ao estudos dos processos de produ\u00e7\u00e3o e apropria\u00e7\u00e3o dos saberes cient\u00edficos e t\u00e9cnicos sobre a natureza, as forma\u00e7\u00f5es de profissionais das ci\u00eancias agr\u00e1rias e sociais voltadas para o mundo rural, e as rela\u00e7\u00f5es destes conhecimentos com os outros saberes sobre a natureza, tais como os das comunidades rurais, ressaltando a perspectiva hist\u00f3rica das rela\u00e7\u00f5es entre Sociedade e Natureza.<\/p>\n<h3>Bibliografia<\/h3>\n<p>ALIER, Joan Mart\u00ednez. De la economia ecologica al ecologismo popular. Montevideo: Nordan-Comunidad, 1995.<br \/>\nALMEIDA, Jalcione e NAVARRO, Zander (orgs.) Reconstruindo a agricultura. Porto Alegre: Ed. Universidade\/UFRGS, 1998.<br \/>\nCAVALCANTI, Josefa Salete Barbosa. Globaliza\u00e7\u00e3o, trabalho e meio ambiente: mudan\u00e7as socioecon\u00f4mica em regi\u00f5es frut\u00edcolas para exporta\u00e7\u00e3o. Recife: UFPe, 1999.<br \/>\nBRANDENBURG, Alfio. Agricultura familiar, ONGs e desenvolvimento sustent\u00e1vel. Curitiba: UFPR, 1999.<br \/>\nRIBEIRO, Gustavo Lins. Cultura e pol\u00edtica no mundo contempor\u00e2neo. Paisagens e passagens. Bras\u00edlia: Ed. UnB.<br \/>\nROMEIRO, Ademar Romeiro. Meio ambiente e din\u00e2mica de inova\u00e7\u00f5es na agricultura. S\u00e3o Paulo: Annablume:FAPESP,1998.<br \/>\nROMEIRO, A.R., Reydon, B.P. e Leonardi, M. L. A. Economia e meio ambiente: teoria, pol\u00edticas e a gest\u00e3o de espa\u00e7os regionais. Campinas: Unicamp, 1997<br \/>\nSILVA-S\u00c4NCHEZ, Solange S. Cidadania ambiental: novos direitos no Brasil. S\u00e3o Paulo: Humanitas\/ FFLCH\/USP, 2000.<br \/>\nVEIGA, Jos\u00e9 Eli da. A face rural do desenvolvimento: natureza, territ\u00f3rio e agricultura. Porto Alegre: Ed. Universidade\/UFRGS, 2000.<\/p>\n","protected":false},"excerpt":{"rendered":"<p>IH 1555 Disciplina espec\u00edfica da linha Natureza, ci\u00eancia e saberes N\u00famero de cr\u00e9ditos: 2 Horas aula: 2 Professor respons\u00e1vel: todos <a class=\"read-more\" href=\"https:\/\/institucional.ufrrj.br\/portalcpda\/laboratorio-tematico-de-pesquisa-em-natureza-ciencia-e-saberes\/ \" >&#8230; <span class=\"font-italic\">leia mais <i class=\"fas fa-angle-right\"><\/i><\/span><\/a><\/p>\n","protected":false},"author":634,"featured_media":0,"parent":0,"menu_order":0,"comment_status":"open","ping_status":"open","template":"","meta":{"_acf_changed":false,"footnotes":""},"class_list":["post-435","page","type-page","status-publish","hentry"],"yoast_head":"<!-- This site is optimized with the Yoast SEO plugin v27.2 - https:\/\/yoast.com\/product\/yoast-seo-wordpress\/ -->\n<title>Laborat\u00f3rio tem\u00e1tico de pesquisa em Natureza, ci\u00eancia e saberes - CPDA<\/title>\n<meta name=\"robots\" content=\"index, follow, max-snippet:-1, max-image-preview:large, max-video-preview:-1\" \/>\n<link rel=\"canonical\" href=\"https:\/\/institucional.ufrrj.br\/portalcpda\/laboratorio-tematico-de-pesquisa-em-natureza-ciencia-e-saberes\/\" \/>\n<meta property=\"og:locale\" content=\"pt_BR\" \/>\n<meta property=\"og:type\" content=\"article\" \/>\n<meta property=\"og:title\" content=\"Laborat\u00f3rio tem\u00e1tico de pesquisa em Natureza, ci\u00eancia e saberes - CPDA\" \/>\n<meta property=\"og:description\" content=\"IH 1555 Disciplina espec\u00edfica da linha Natureza, ci\u00eancia e saberes N\u00famero de cr\u00e9ditos: 2 Horas aula: 2 Professor respons\u00e1vel: todos ... leia mais\" \/>\n<meta property=\"og:url\" content=\"https:\/\/institucional.ufrrj.br\/portalcpda\/laboratorio-tematico-de-pesquisa-em-natureza-ciencia-e-saberes\/\" \/>\n<meta property=\"og:site_name\" content=\"CPDA\" \/>\n<meta property=\"article:modified_time\" content=\"2018-06-29T19:14:07+00:00\" \/>\n<meta name=\"twitter:card\" content=\"summary_large_image\" \/>\n<meta name=\"twitter:label1\" content=\"Est. tempo de leitura\" \/>\n\t<meta name=\"twitter:data1\" content=\"1 minuto\" \/>\n<script type=\"application\/ld+json\" class=\"yoast-schema-graph\">{\"@context\":\"https:\/\/schema.org\",\"@graph\":[{\"@type\":\"WebPage\",\"@id\":\"https:\/\/institucional.ufrrj.br\/portalcpda\/laboratorio-tematico-de-pesquisa-em-natureza-ciencia-e-saberes\/\",\"url\":\"https:\/\/institucional.ufrrj.br\/portalcpda\/laboratorio-tematico-de-pesquisa-em-natureza-ciencia-e-saberes\/\",\"name\":\"Laborat\u00f3rio tem\u00e1tico de pesquisa em Natureza, ci\u00eancia e saberes - CPDA\",\"isPartOf\":{\"@id\":\"https:\/\/institucional.ufrrj.br\/portalcpda\/#website\"},\"datePublished\":\"2011-08-09T01:05:21+00:00\",\"dateModified\":\"2018-06-29T19:14:07+00:00\",\"breadcrumb\":{\"@id\":\"https:\/\/institucional.ufrrj.br\/portalcpda\/laboratorio-tematico-de-pesquisa-em-natureza-ciencia-e-saberes\/#breadcrumb\"},\"inLanguage\":\"pt-BR\",\"potentialAction\":[{\"@type\":\"ReadAction\",\"target\":[\"https:\/\/institucional.ufrrj.br\/portalcpda\/laboratorio-tematico-de-pesquisa-em-natureza-ciencia-e-saberes\/\"]}]},{\"@type\":\"BreadcrumbList\",\"@id\":\"https:\/\/institucional.ufrrj.br\/portalcpda\/laboratorio-tematico-de-pesquisa-em-natureza-ciencia-e-saberes\/#breadcrumb\",\"itemListElement\":[{\"@type\":\"ListItem\",\"position\":1,\"name\":\"In\u00edcio\",\"item\":\"https:\/\/institucional.ufrrj.br\/portalcpda\/\"},{\"@type\":\"ListItem\",\"position\":2,\"name\":\"Laborat\u00f3rio tem\u00e1tico de pesquisa em Natureza, ci\u00eancia e saberes\"}]},{\"@type\":\"WebSite\",\"@id\":\"https:\/\/institucional.ufrrj.br\/portalcpda\/#website\",\"url\":\"https:\/\/institucional.ufrrj.br\/portalcpda\/\",\"name\":\"CPDA\",\"description\":\"institucional.ufrrj.br\",\"potentialAction\":[{\"@type\":\"SearchAction\",\"target\":{\"@type\":\"EntryPoint\",\"urlTemplate\":\"https:\/\/institucional.ufrrj.br\/portalcpda\/?s={search_term_string}\"},\"query-input\":{\"@type\":\"PropertyValueSpecification\",\"valueRequired\":true,\"valueName\":\"search_term_string\"}}],\"inLanguage\":\"pt-BR\"}]}<\/script>\n<!-- \/ Yoast SEO plugin. -->","yoast_head_json":{"title":"Laborat\u00f3rio tem\u00e1tico de pesquisa em Natureza, ci\u00eancia e saberes - CPDA","robots":{"index":"index","follow":"follow","max-snippet":"max-snippet:-1","max-image-preview":"max-image-preview:large","max-video-preview":"max-video-preview:-1"},"canonical":"https:\/\/institucional.ufrrj.br\/portalcpda\/laboratorio-tematico-de-pesquisa-em-natureza-ciencia-e-saberes\/","og_locale":"pt_BR","og_type":"article","og_title":"Laborat\u00f3rio tem\u00e1tico de pesquisa em Natureza, ci\u00eancia e saberes - CPDA","og_description":"IH 1555 Disciplina espec\u00edfica da linha Natureza, ci\u00eancia e saberes N\u00famero de cr\u00e9ditos: 2 Horas aula: 2 Professor respons\u00e1vel: todos ... leia mais","og_url":"https:\/\/institucional.ufrrj.br\/portalcpda\/laboratorio-tematico-de-pesquisa-em-natureza-ciencia-e-saberes\/","og_site_name":"CPDA","article_modified_time":"2018-06-29T19:14:07+00:00","twitter_card":"summary_large_image","twitter_misc":{"Est. tempo de leitura":"1 minuto"},"schema":{"@context":"https:\/\/schema.org","@graph":[{"@type":"WebPage","@id":"https:\/\/institucional.ufrrj.br\/portalcpda\/laboratorio-tematico-de-pesquisa-em-natureza-ciencia-e-saberes\/","url":"https:\/\/institucional.ufrrj.br\/portalcpda\/laboratorio-tematico-de-pesquisa-em-natureza-ciencia-e-saberes\/","name":"Laborat\u00f3rio tem\u00e1tico de pesquisa em Natureza, ci\u00eancia e saberes - CPDA","isPartOf":{"@id":"https:\/\/institucional.ufrrj.br\/portalcpda\/#website"},"datePublished":"2011-08-09T01:05:21+00:00","dateModified":"2018-06-29T19:14:07+00:00","breadcrumb":{"@id":"https:\/\/institucional.ufrrj.br\/portalcpda\/laboratorio-tematico-de-pesquisa-em-natureza-ciencia-e-saberes\/#breadcrumb"},"inLanguage":"pt-BR","potentialAction":[{"@type":"ReadAction","target":["https:\/\/institucional.ufrrj.br\/portalcpda\/laboratorio-tematico-de-pesquisa-em-natureza-ciencia-e-saberes\/"]}]},{"@type":"BreadcrumbList","@id":"https:\/\/institucional.ufrrj.br\/portalcpda\/laboratorio-tematico-de-pesquisa-em-natureza-ciencia-e-saberes\/#breadcrumb","itemListElement":[{"@type":"ListItem","position":1,"name":"In\u00edcio","item":"https:\/\/institucional.ufrrj.br\/portalcpda\/"},{"@type":"ListItem","position":2,"name":"Laborat\u00f3rio tem\u00e1tico de pesquisa em Natureza, ci\u00eancia e saberes"}]},{"@type":"WebSite","@id":"https:\/\/institucional.ufrrj.br\/portalcpda\/#website","url":"https:\/\/institucional.ufrrj.br\/portalcpda\/","name":"CPDA","description":"institucional.ufrrj.br","potentialAction":[{"@type":"SearchAction","target":{"@type":"EntryPoint","urlTemplate":"https:\/\/institucional.ufrrj.br\/portalcpda\/?s={search_term_string}"},"query-input":{"@type":"PropertyValueSpecification","valueRequired":true,"valueName":"search_term_string"}}],"inLanguage":"pt-BR"}]}},"acf":[],"_links":{"self":[{"href":"https:\/\/institucional.ufrrj.br\/portalcpda\/wp-json\/wp\/v2\/pages\/435","targetHints":{"allow":["GET"]}}],"collection":[{"href":"https:\/\/institucional.ufrrj.br\/portalcpda\/wp-json\/wp\/v2\/pages"}],"about":[{"href":"https:\/\/institucional.ufrrj.br\/portalcpda\/wp-json\/wp\/v2\/types\/page"}],"author":[{"embeddable":true,"href":"https:\/\/institucional.ufrrj.br\/portalcpda\/wp-json\/wp\/v2\/users\/634"}],"replies":[{"embeddable":true,"href":"https:\/\/institucional.ufrrj.br\/portalcpda\/wp-json\/wp\/v2\/comments?post=435"}],"version-history":[{"count":1,"href":"https:\/\/institucional.ufrrj.br\/portalcpda\/wp-json\/wp\/v2\/pages\/435\/revisions"}],"predecessor-version":[{"id":14398,"href":"https:\/\/institucional.ufrrj.br\/portalcpda\/wp-json\/wp\/v2\/pages\/435\/revisions\/14398"}],"wp:attachment":[{"href":"https:\/\/institucional.ufrrj.br\/portalcpda\/wp-json\/wp\/v2\/media?parent=435"}],"curies":[{"name":"wp","href":"https:\/\/api.w.org\/{rel}","templated":true}]}}