{"id":426,"date":"2011-08-09T00:59:59","date_gmt":"2011-08-09T00:59:59","guid":{"rendered":"http:\/\/r1.ufrrj.br\/cpda\/?page_id=426"},"modified":"2018-06-29T16:14:06","modified_gmt":"2018-06-29T19:14:06","slug":"laboratorio-de-pesquisa-em-instituicoes-mercados-e-regulacao","status":"publish","type":"page","link":"https:\/\/institucional.ufrrj.br\/portalcpda\/laboratorio-de-pesquisa-em-instituicoes-mercados-e-regulacao\/","title":{"rendered":"Laborat\u00f3rio de pesquisa em Institui\u00e7\u00f5es, mercados e regula\u00e7\u00e3o"},"content":{"rendered":"<h3>IH 1574<\/h3>\n<p>Disciplina espec\u00edfica da linha Institui\u00e7\u00f5es, mercados e regula\u00e7\u00e3o<br \/>\nN\u00famero de cr\u00e9ditos: 2<br \/>\nCarga hor\u00e1ria: 2 horas aulas semanais<br \/>\nProfessor respons\u00e1vel: todos professores da linha de pesquisa correspondente<\/p>\n<h2>Objetivo<\/h2>\n<p>Contribuir para o desenvolvimento de pesquisas, disserta\u00e7\u00f5es de mestrado e teses de doutorado centradas nas tem\u00e1ticas do desenvolvimento, das institui\u00e7\u00f5es, dos mercados, das estrat\u00e9gias empresariais e do comportamento dos consumidores, tendo em conta o re-ordenamento das rela\u00e7\u00f5es p\u00fablico-privado e os padr\u00f5es de articula\u00e7\u00e3o de interesses.<\/p>\n<h2>Ementa<\/h2>\n<p>O campo de reflex\u00e3o tem como ponto de partida a redefini\u00e7\u00e3o dos pap\u00e9is dos organismos de governan\u00e7a global, dos estados nacionais, governos regionais e locais, bem como de empresas, corpora\u00e7\u00f5es, consumidores e sociedade civil. Constituem temas de ensino e pesquisa: institui\u00e7\u00f5es, conven\u00e7\u00f5es e mudan\u00e7a institucional; sistema agroalimentar; mercados, micro, pequenas e m\u00e9dias empresas, cooperativas; concorr\u00eancia como processo, custos de transa\u00e7\u00e3o e de governan\u00e7a; confian\u00e7a, papel dos contratos, empresas, suas compet\u00eancias e estrat\u00e9gias, inova\u00e7\u00e3o tecnol\u00f3gica e sociedade do conhecimento; fundamentos da regula\u00e7\u00e3o econ\u00f4mica, pol\u00edticas de defesa da concorr\u00eancia, redes de pol\u00edtica p\u00fablica; moeda, financiamento e pol\u00edticas de financiamento; diferentes pr\u00e1ticas dos consumidores em diferentes mercados agroalimentares; ci\u00eancia, tecnologia e cidadania como elementos constitutivos das novas estruturas de consumo; a conven\u00e7\u00e3o da sustentabilidade, regula\u00e7\u00e3o das externalidades, valora\u00e7\u00e3o de recursos ambientais, mercados de servi\u00e7os ambientais; negocia\u00e7\u00e3o de conven\u00e7\u00f5es globais de com\u00e9rcio, dos direitos de propriedade intelectual e do meio ambiente.<\/p>\n<h2>Bibliografia<\/h2>\n<p>CASTRO, A.C. e GUTTMAN, G. Manual de cadenas agroalimentarias. Roma: FAO, 2002.<br \/>\nNORTH, Douglass C. Institutions, institutional change and economic performance. Cambridge: Cambridge University Press, 1990.<br \/>\nHODGSON, Geoffrey. Economics and institutions. London: Polity Press, 1988.<br \/>\nBURLAMAQUI, L., CASTRO, A.C. and CHANG, H-J (Editors) Institutions and the role of the State. London: Edward Elgard, Publishers, December 2000.<br \/>\nGUEMAWAT, P., COLLIS, D.J., PISANO, G.P. AND RIVKIN, J.W. Strategy and the business landscape. New York: Addinson-Wesley, 1999.<\/p>\n","protected":false},"excerpt":{"rendered":"<p>IH 1574 Disciplina espec\u00edfica da linha Institui\u00e7\u00f5es, mercados e regula\u00e7\u00e3o N\u00famero de cr\u00e9ditos: 2 Carga hor\u00e1ria: 2 horas aulas semanais <a class=\"read-more\" href=\"https:\/\/institucional.ufrrj.br\/portalcpda\/laboratorio-de-pesquisa-em-instituicoes-mercados-e-regulacao\/ \" >&#8230; <span class=\"font-italic\">leia mais <i class=\"fas fa-angle-right\"><\/i><\/span><\/a><\/p>\n","protected":false},"author":634,"featured_media":0,"parent":0,"menu_order":0,"comment_status":"open","ping_status":"open","template":"","meta":{"_acf_changed":false,"footnotes":""},"class_list":["post-426","page","type-page","status-publish","hentry"],"yoast_head":"<!-- This site is optimized with the Yoast SEO plugin v27.2 - https:\/\/yoast.com\/product\/yoast-seo-wordpress\/ -->\n<title>Laborat\u00f3rio de pesquisa em Institui\u00e7\u00f5es, mercados e regula\u00e7\u00e3o - CPDA<\/title>\n<meta name=\"robots\" content=\"index, follow, max-snippet:-1, max-image-preview:large, max-video-preview:-1\" \/>\n<link rel=\"canonical\" href=\"https:\/\/institucional.ufrrj.br\/portalcpda\/laboratorio-de-pesquisa-em-instituicoes-mercados-e-regulacao\/\" \/>\n<meta property=\"og:locale\" content=\"pt_BR\" \/>\n<meta property=\"og:type\" content=\"article\" \/>\n<meta property=\"og:title\" content=\"Laborat\u00f3rio de pesquisa em Institui\u00e7\u00f5es, mercados e regula\u00e7\u00e3o - CPDA\" \/>\n<meta property=\"og:description\" content=\"IH 1574 Disciplina espec\u00edfica da linha Institui\u00e7\u00f5es, mercados e regula\u00e7\u00e3o N\u00famero de cr\u00e9ditos: 2 Carga hor\u00e1ria: 2 horas aulas semanais ... leia mais\" \/>\n<meta property=\"og:url\" content=\"https:\/\/institucional.ufrrj.br\/portalcpda\/laboratorio-de-pesquisa-em-instituicoes-mercados-e-regulacao\/\" \/>\n<meta property=\"og:site_name\" content=\"CPDA\" \/>\n<meta property=\"article:modified_time\" content=\"2018-06-29T19:14:06+00:00\" \/>\n<meta name=\"twitter:card\" content=\"summary_large_image\" \/>\n<meta name=\"twitter:label1\" content=\"Est. tempo de leitura\" \/>\n\t<meta name=\"twitter:data1\" content=\"2 minutos\" \/>\n<script type=\"application\/ld+json\" class=\"yoast-schema-graph\">{\"@context\":\"https:\/\/schema.org\",\"@graph\":[{\"@type\":\"WebPage\",\"@id\":\"https:\/\/institucional.ufrrj.br\/portalcpda\/laboratorio-de-pesquisa-em-instituicoes-mercados-e-regulacao\/\",\"url\":\"https:\/\/institucional.ufrrj.br\/portalcpda\/laboratorio-de-pesquisa-em-instituicoes-mercados-e-regulacao\/\",\"name\":\"Laborat\u00f3rio de pesquisa em Institui\u00e7\u00f5es, mercados e regula\u00e7\u00e3o - CPDA\",\"isPartOf\":{\"@id\":\"https:\/\/institucional.ufrrj.br\/portalcpda\/#website\"},\"datePublished\":\"2011-08-09T00:59:59+00:00\",\"dateModified\":\"2018-06-29T19:14:06+00:00\",\"breadcrumb\":{\"@id\":\"https:\/\/institucional.ufrrj.br\/portalcpda\/laboratorio-de-pesquisa-em-instituicoes-mercados-e-regulacao\/#breadcrumb\"},\"inLanguage\":\"pt-BR\",\"potentialAction\":[{\"@type\":\"ReadAction\",\"target\":[\"https:\/\/institucional.ufrrj.br\/portalcpda\/laboratorio-de-pesquisa-em-instituicoes-mercados-e-regulacao\/\"]}]},{\"@type\":\"BreadcrumbList\",\"@id\":\"https:\/\/institucional.ufrrj.br\/portalcpda\/laboratorio-de-pesquisa-em-instituicoes-mercados-e-regulacao\/#breadcrumb\",\"itemListElement\":[{\"@type\":\"ListItem\",\"position\":1,\"name\":\"In\u00edcio\",\"item\":\"https:\/\/institucional.ufrrj.br\/portalcpda\/\"},{\"@type\":\"ListItem\",\"position\":2,\"name\":\"Laborat\u00f3rio de pesquisa em Institui\u00e7\u00f5es, mercados e regula\u00e7\u00e3o\"}]},{\"@type\":\"WebSite\",\"@id\":\"https:\/\/institucional.ufrrj.br\/portalcpda\/#website\",\"url\":\"https:\/\/institucional.ufrrj.br\/portalcpda\/\",\"name\":\"CPDA\",\"description\":\"institucional.ufrrj.br\",\"potentialAction\":[{\"@type\":\"SearchAction\",\"target\":{\"@type\":\"EntryPoint\",\"urlTemplate\":\"https:\/\/institucional.ufrrj.br\/portalcpda\/?s={search_term_string}\"},\"query-input\":{\"@type\":\"PropertyValueSpecification\",\"valueRequired\":true,\"valueName\":\"search_term_string\"}}],\"inLanguage\":\"pt-BR\"}]}<\/script>\n<!-- \/ Yoast SEO plugin. -->","yoast_head_json":{"title":"Laborat\u00f3rio de pesquisa em Institui\u00e7\u00f5es, mercados e regula\u00e7\u00e3o - CPDA","robots":{"index":"index","follow":"follow","max-snippet":"max-snippet:-1","max-image-preview":"max-image-preview:large","max-video-preview":"max-video-preview:-1"},"canonical":"https:\/\/institucional.ufrrj.br\/portalcpda\/laboratorio-de-pesquisa-em-instituicoes-mercados-e-regulacao\/","og_locale":"pt_BR","og_type":"article","og_title":"Laborat\u00f3rio de pesquisa em Institui\u00e7\u00f5es, mercados e regula\u00e7\u00e3o - CPDA","og_description":"IH 1574 Disciplina espec\u00edfica da linha Institui\u00e7\u00f5es, mercados e regula\u00e7\u00e3o N\u00famero de cr\u00e9ditos: 2 Carga hor\u00e1ria: 2 horas aulas semanais ... leia mais","og_url":"https:\/\/institucional.ufrrj.br\/portalcpda\/laboratorio-de-pesquisa-em-instituicoes-mercados-e-regulacao\/","og_site_name":"CPDA","article_modified_time":"2018-06-29T19:14:06+00:00","twitter_card":"summary_large_image","twitter_misc":{"Est. tempo de leitura":"2 minutos"},"schema":{"@context":"https:\/\/schema.org","@graph":[{"@type":"WebPage","@id":"https:\/\/institucional.ufrrj.br\/portalcpda\/laboratorio-de-pesquisa-em-instituicoes-mercados-e-regulacao\/","url":"https:\/\/institucional.ufrrj.br\/portalcpda\/laboratorio-de-pesquisa-em-instituicoes-mercados-e-regulacao\/","name":"Laborat\u00f3rio de pesquisa em Institui\u00e7\u00f5es, mercados e regula\u00e7\u00e3o - CPDA","isPartOf":{"@id":"https:\/\/institucional.ufrrj.br\/portalcpda\/#website"},"datePublished":"2011-08-09T00:59:59+00:00","dateModified":"2018-06-29T19:14:06+00:00","breadcrumb":{"@id":"https:\/\/institucional.ufrrj.br\/portalcpda\/laboratorio-de-pesquisa-em-instituicoes-mercados-e-regulacao\/#breadcrumb"},"inLanguage":"pt-BR","potentialAction":[{"@type":"ReadAction","target":["https:\/\/institucional.ufrrj.br\/portalcpda\/laboratorio-de-pesquisa-em-instituicoes-mercados-e-regulacao\/"]}]},{"@type":"BreadcrumbList","@id":"https:\/\/institucional.ufrrj.br\/portalcpda\/laboratorio-de-pesquisa-em-instituicoes-mercados-e-regulacao\/#breadcrumb","itemListElement":[{"@type":"ListItem","position":1,"name":"In\u00edcio","item":"https:\/\/institucional.ufrrj.br\/portalcpda\/"},{"@type":"ListItem","position":2,"name":"Laborat\u00f3rio de pesquisa em Institui\u00e7\u00f5es, mercados e regula\u00e7\u00e3o"}]},{"@type":"WebSite","@id":"https:\/\/institucional.ufrrj.br\/portalcpda\/#website","url":"https:\/\/institucional.ufrrj.br\/portalcpda\/","name":"CPDA","description":"institucional.ufrrj.br","potentialAction":[{"@type":"SearchAction","target":{"@type":"EntryPoint","urlTemplate":"https:\/\/institucional.ufrrj.br\/portalcpda\/?s={search_term_string}"},"query-input":{"@type":"PropertyValueSpecification","valueRequired":true,"valueName":"search_term_string"}}],"inLanguage":"pt-BR"}]}},"acf":[],"_links":{"self":[{"href":"https:\/\/institucional.ufrrj.br\/portalcpda\/wp-json\/wp\/v2\/pages\/426","targetHints":{"allow":["GET"]}}],"collection":[{"href":"https:\/\/institucional.ufrrj.br\/portalcpda\/wp-json\/wp\/v2\/pages"}],"about":[{"href":"https:\/\/institucional.ufrrj.br\/portalcpda\/wp-json\/wp\/v2\/types\/page"}],"author":[{"embeddable":true,"href":"https:\/\/institucional.ufrrj.br\/portalcpda\/wp-json\/wp\/v2\/users\/634"}],"replies":[{"embeddable":true,"href":"https:\/\/institucional.ufrrj.br\/portalcpda\/wp-json\/wp\/v2\/comments?post=426"}],"version-history":[{"count":1,"href":"https:\/\/institucional.ufrrj.br\/portalcpda\/wp-json\/wp\/v2\/pages\/426\/revisions"}],"predecessor-version":[{"id":13351,"href":"https:\/\/institucional.ufrrj.br\/portalcpda\/wp-json\/wp\/v2\/pages\/426\/revisions\/13351"}],"wp:attachment":[{"href":"https:\/\/institucional.ufrrj.br\/portalcpda\/wp-json\/wp\/v2\/media?parent=426"}],"curies":[{"name":"wp","href":"https:\/\/api.w.org\/{rel}","templated":true}]}}