{"id":392,"date":"2011-05-04T04:00:31","date_gmt":"2011-05-04T07:00:31","guid":{"rendered":"http:\/\/r1.ufrrj.br\/cpda\/?page_id=392"},"modified":"2018-08-24T15:41:10","modified_gmt":"2018-08-24T18:41:10","slug":"dissertacoes-mestrado-2009","status":"publish","type":"page","link":"https:\/\/institucional.ufrrj.br\/portalcpda\/dissertacoes-mestrado-2009\/","title":{"rendered":"Disserta\u00e7\u00f5es Mestrado 2009"},"content":{"rendered":"<p>&nbsp;<\/p>\n<p><strong>PEDRO VILELA CAMINHA<br \/>\n<a href=\"https:\/\/institucional.ufrrj.br\/portalcpda\/files\/2018\/08\/2009.dissertacao.PEDRO-VILELA-CAMINHA.pdf\" target=\"_blank\" rel=\"noopener\">Reforma Agr\u00e1ria e Contra-Reforma: a moderniza\u00e7\u00e3o agr\u00edcola a partir de JK<\/a><\/strong><\/p>\n<p>Defesa: 30\/01\/2009<br \/>\nOrientador: Raimundo Santos (UFRRJ\/CPDA)<\/p>\n<p>&nbsp;<\/p>\n<hr \/>\n<p><strong>FRANCINE DAMASCENO PINHEIRO<br \/>\n<a href=\"https:\/\/institucional.ufrrj.br\/portalcpda\/files\/2018\/08\/2009.dissertacao.FRANCINE-DAMASCENO-PINHEIRO.pdf\" target=\"_blank\" rel=\"noopener\">Poder judici\u00e1rio e reforma agr\u00e1ria: uma reflex\u00e3o a partir dos conflitos no Norte Fluminense<\/a><\/strong><\/p>\n<p>Defesa: 03\/2009<br \/>\nOrientadora: Maria Ver\u00f4nica Secreto (UFRRJ\/CPDA)<\/p>\n<p>&nbsp;<\/p>\n<hr \/>\n<p><strong>LAETICIA MEDEIROS JALIL<br \/>\n<a href=\"https:\/\/institucional.ufrrj.br\/portalcpda\/files\/2018\/08\/2009.dissertacao.LAETICIA-MEDEIROS-JALIL.pdf\" target=\"_blank\" rel=\"noopener\">Mulheres e soberania alimentar: a luta para a transforma\u00e7\u00e3o do meio rural brasileiro<\/a><\/strong><\/p>\n<p>Defesa: 03\/2009<br \/>\nOrientador: Jorge Osvaldo Romano (UFRRJ\/CPDA)<\/p>\n<p>&nbsp;<\/p>\n<hr \/>\n<p><strong>ZAR\u00c9 AUGUSTO BRUM SOARES<br \/>\n<a href=\"https:\/\/institucional.ufrrj.br\/portalcpda\/files\/2018\/08\/2009.dissertacao.ZAR\u00eb-AUGUSTO-BRUM-SOARES.pdf\" target=\"_blank\" rel=\"noopener\">Agricultura Familiar, movimentos sociais e desenvolvimento rural na Regi\u00e3o do Bico do Papagaio \u2013 Tocantins: um estudo sobre as rela\u00e7\u00f5es entre sociedade civil e desenvolvimento<\/a><\/strong><br \/>\n(Men\u00e7\u00e3o Honrosa &#8211; Pr\u00eamio SOBER 2010)<\/p>\n<p>Defesa: 27\/05\/2009<br \/>\nOrientador: Jorge Osvaldo Romano (UFRRJ\/CPDA)<\/p>\n<p>&nbsp;<\/p>\n<hr \/>\n<p><strong>CRISTIANO DESCONSI<br \/>\n<a href=\"https:\/\/institucional.ufrrj.br\/portalcpda\/files\/2018\/08\/2009.dissertacao.Cristiano-Desconsi.pdf\" target=\"_blank\" rel=\"noopener\">A marcha dos \u201cpequenos\u201d propriet\u00e1rios rurais no Mato Grosso \u2013 um estudo a partir das trajet\u00f3rias de migrantes do Sul do Brasil para a microrregi\u00e3o do Alto Teles Pires<\/a><\/strong><\/p>\n<p>Defesa: 10\/07\/2009<br \/>\nOrientador: John Cunha Comerford (UFRRJ\/CPDA)<\/p>\n<p>&nbsp;<\/p>\n<hr \/>\n<p><strong>LAILA FAB\u00cdOLA TEODOZIO PESS\u00d4A COELHO<br \/>\n<a href=\"https:\/\/institucional.ufrrj.br\/portalcpda\/files\/2018\/08\/2009.dissertacao.LAILA-FAB\u00ecOLA-TEODOZIO-PESS\u00f6A-COELHO.pdf\" target=\"_blank\" rel=\"noopener\">Construindo a terra prometida &#8211; Da terra de (agro)neg\u00f3cio \u00e0 terra de trabalho: A nova face da quest\u00e3o agr\u00e1ria e a luta pela reforma agr\u00e1ria em um acampamento no estado do Rio de Janeiro<\/a><\/strong><\/p>\n<p>Defesa: 07\/2009<br \/>\nOrientador: Canrobert Costa Neto (UFRRJ\/CPDA)<\/p>\n<p>&nbsp;<\/p>\n<hr \/>\n<p><strong>JOSEMARA SALLES LIMA<br \/>\n<a href=\"https:\/\/institucional.ufrrj.br\/portalcpda\/files\/2018\/08\/2009.dissertacao.JOSEMARA-SALLES-LIMA.pdf\" target=\"_blank\" rel=\"noopener\">Pau-brasil: os diferentes significados dos discursos para sua conserva\u00e7\u00e3o nos s\u00e9culos XIX e XX<\/a><\/strong><\/p>\n<p>Defesa: 08\/2009<br \/>\nOrientador: Hector Alimonda (UFRRJ\/CPDA)<\/p>\n<p>&nbsp;<\/p>\n<hr \/>\n<p><strong>VALDEMAR JO\u00c3O WESZ JUNIOR<br \/>\n<a href=\"https:\/\/institucional.ufrrj.br\/portalcpda\/files\/2018\/08\/2009.dissertacao.Valdemar-Jo\u00fao-Wesz-Junior.pdf\" target=\"_blank\" rel=\"noopener\">As pol\u00edticas p\u00fablicas de agroindustrializa\u00e7\u00e3o na agricultura familiar: an\u00e1lise e avalia\u00e7\u00e3o da experi\u00eancia brasileira<\/a><\/strong><\/p>\n<p>Defesa: 28\/08\/2009<br \/>\nOrientador: S\u00e9rgio Pereira Leite (UFRRJ\/CPDA)<\/p>\n<p>&nbsp;<\/p>\n<hr \/>\n<p><strong>CAROLINA MARIA HELIODORA DE GOES ARAUJO FEIJO BRAGA<br \/>\n<a href=\"https:\/\/institucional.ufrrj.br\/portalcpda\/files\/2018\/08\/2009.dissertacao.CAROLINA-MARIA-HELIODORA-DE-GOES-ARAUJO-FEIJO-BRAGA.pdf\" target=\"_blank\" rel=\"noopener\">O processo de \u201cimplanta\u00e7\u00e3o\u201d e funcionamento do Conselho Territorial do Noroeste Fluminense &#8211; CTNF: agentes, atos e representa\u00e7\u00f5es<\/a><\/strong><\/p>\n<p>Defesa: 14\/09\/2009<br \/>\nOrientador: John Cunha Comerford (UFRRJ\/CPDA)<\/p>\n<p>&nbsp;<\/p>\n<hr \/>\n<p><strong>DORA VIANNA VASCONCELLOS<br \/>\n<a href=\"https:\/\/institucional.ufrrj.br\/portalcpda\/files\/2018\/08\/2009.dissertacao.Dora-Vianna-Vasconcellos.pdf\" target=\"_blank\" rel=\"noopener\">O homem pobre do campo no pensamento e no imagin\u00e1rio social<\/a><\/strong><\/p>\n<p>Defesa: 08\/10\/2009<br \/>\nOrientador: Raimundo Santos (UFRRJ\/CPDA)<\/p>\n<p>&nbsp;<\/p>\n<hr \/>\n<p><strong>ANA LET\u00cdCIA ESPOLADOR LEIT\u00c3O<br \/>\n<a href=\"https:\/\/institucional.ufrrj.br\/portalcpda\/files\/2018\/08\/2009.dissertacao.ANA-LET\u00ecCIA-ESPOLADOR-LEIT\u00e2O.pdf\" target=\"_blank\" rel=\"noopener\">Pol\u00edtica p\u00fablica para a agricultura familiar: o Programa Nacional de Desenvolvimento Sustent\u00e1vel dos Territ\u00f3rios Rurais (PROINF) no territ\u00f3rio Capara\u00f3-ES<\/a><\/strong><\/p>\n<p>Defesa: 05\/11\/2009<br \/>\nOrientador: Jorge Osvaldo Romano (UFRRJ\/CPDA)<\/p>\n<p>&nbsp;<\/p>\n<p>&nbsp;<\/p>\n","protected":false},"excerpt":{"rendered":"<p>&nbsp; PEDRO VILELA CAMINHA Reforma Agr\u00e1ria e Contra-Reforma: a moderniza\u00e7\u00e3o agr\u00edcola a partir de JK Defesa: 30\/01\/2009 Orientador: Raimundo Santos <a class=\"read-more\" href=\"https:\/\/institucional.ufrrj.br\/portalcpda\/dissertacoes-mestrado-2009\/ \" >&#8230; <span class=\"font-italic\">leia mais <i class=\"fas fa-angle-right\"><\/i><\/span><\/a><\/p>\n","protected":false},"author":634,"featured_media":0,"parent":0,"menu_order":0,"comment_status":"open","ping_status":"open","template":"","meta":{"_acf_changed":false,"footnotes":""},"class_list":["post-392","page","type-page","status-publish","hentry"],"yoast_head":"<!-- This site is optimized with the Yoast SEO plugin v27.2 - https:\/\/yoast.com\/product\/yoast-seo-wordpress\/ -->\n<title>Disserta\u00e7\u00f5es Mestrado 2009 - CPDA<\/title>\n<meta name=\"robots\" content=\"index, follow, max-snippet:-1, max-image-preview:large, max-video-preview:-1\" \/>\n<link rel=\"canonical\" href=\"https:\/\/institucional.ufrrj.br\/portalcpda\/dissertacoes-mestrado-2009\/\" \/>\n<meta property=\"og:locale\" content=\"pt_BR\" \/>\n<meta property=\"og:type\" content=\"article\" \/>\n<meta property=\"og:title\" content=\"Disserta\u00e7\u00f5es Mestrado 2009 - CPDA\" \/>\n<meta property=\"og:description\" content=\"&nbsp; PEDRO VILELA CAMINHA Reforma Agr\u00e1ria e Contra-Reforma: a moderniza\u00e7\u00e3o agr\u00edcola a partir de JK Defesa: 30\/01\/2009 Orientador: Raimundo Santos ... leia mais\" \/>\n<meta property=\"og:url\" content=\"https:\/\/institucional.ufrrj.br\/portalcpda\/dissertacoes-mestrado-2009\/\" \/>\n<meta property=\"og:site_name\" content=\"CPDA\" \/>\n<meta property=\"article:modified_time\" content=\"2018-08-24T18:41:10+00:00\" \/>\n<meta name=\"twitter:card\" content=\"summary_large_image\" \/>\n<meta name=\"twitter:label1\" content=\"Est. tempo de leitura\" \/>\n\t<meta name=\"twitter:data1\" content=\"2 minutos\" \/>\n<script type=\"application\/ld+json\" class=\"yoast-schema-graph\">{\"@context\":\"https:\/\/schema.org\",\"@graph\":[{\"@type\":\"WebPage\",\"@id\":\"https:\/\/institucional.ufrrj.br\/portalcpda\/dissertacoes-mestrado-2009\/\",\"url\":\"https:\/\/institucional.ufrrj.br\/portalcpda\/dissertacoes-mestrado-2009\/\",\"name\":\"Disserta\u00e7\u00f5es Mestrado 2009 - CPDA\",\"isPartOf\":{\"@id\":\"https:\/\/institucional.ufrrj.br\/portalcpda\/#website\"},\"datePublished\":\"2011-05-04T07:00:31+00:00\",\"dateModified\":\"2018-08-24T18:41:10+00:00\",\"breadcrumb\":{\"@id\":\"https:\/\/institucional.ufrrj.br\/portalcpda\/dissertacoes-mestrado-2009\/#breadcrumb\"},\"inLanguage\":\"pt-BR\",\"potentialAction\":[{\"@type\":\"ReadAction\",\"target\":[\"https:\/\/institucional.ufrrj.br\/portalcpda\/dissertacoes-mestrado-2009\/\"]}]},{\"@type\":\"BreadcrumbList\",\"@id\":\"https:\/\/institucional.ufrrj.br\/portalcpda\/dissertacoes-mestrado-2009\/#breadcrumb\",\"itemListElement\":[{\"@type\":\"ListItem\",\"position\":1,\"name\":\"In\u00edcio\",\"item\":\"https:\/\/institucional.ufrrj.br\/portalcpda\/\"},{\"@type\":\"ListItem\",\"position\":2,\"name\":\"Disserta\u00e7\u00f5es Mestrado 2009\"}]},{\"@type\":\"WebSite\",\"@id\":\"https:\/\/institucional.ufrrj.br\/portalcpda\/#website\",\"url\":\"https:\/\/institucional.ufrrj.br\/portalcpda\/\",\"name\":\"CPDA\",\"description\":\"institucional.ufrrj.br\",\"potentialAction\":[{\"@type\":\"SearchAction\",\"target\":{\"@type\":\"EntryPoint\",\"urlTemplate\":\"https:\/\/institucional.ufrrj.br\/portalcpda\/?s={search_term_string}\"},\"query-input\":{\"@type\":\"PropertyValueSpecification\",\"valueRequired\":true,\"valueName\":\"search_term_string\"}}],\"inLanguage\":\"pt-BR\"}]}<\/script>\n<!-- \/ Yoast SEO plugin. -->","yoast_head_json":{"title":"Disserta\u00e7\u00f5es Mestrado 2009 - CPDA","robots":{"index":"index","follow":"follow","max-snippet":"max-snippet:-1","max-image-preview":"max-image-preview:large","max-video-preview":"max-video-preview:-1"},"canonical":"https:\/\/institucional.ufrrj.br\/portalcpda\/dissertacoes-mestrado-2009\/","og_locale":"pt_BR","og_type":"article","og_title":"Disserta\u00e7\u00f5es Mestrado 2009 - CPDA","og_description":"&nbsp; PEDRO VILELA CAMINHA Reforma Agr\u00e1ria e Contra-Reforma: a moderniza\u00e7\u00e3o agr\u00edcola a partir de JK Defesa: 30\/01\/2009 Orientador: Raimundo Santos ... leia mais","og_url":"https:\/\/institucional.ufrrj.br\/portalcpda\/dissertacoes-mestrado-2009\/","og_site_name":"CPDA","article_modified_time":"2018-08-24T18:41:10+00:00","twitter_card":"summary_large_image","twitter_misc":{"Est. tempo de leitura":"2 minutos"},"schema":{"@context":"https:\/\/schema.org","@graph":[{"@type":"WebPage","@id":"https:\/\/institucional.ufrrj.br\/portalcpda\/dissertacoes-mestrado-2009\/","url":"https:\/\/institucional.ufrrj.br\/portalcpda\/dissertacoes-mestrado-2009\/","name":"Disserta\u00e7\u00f5es Mestrado 2009 - CPDA","isPartOf":{"@id":"https:\/\/institucional.ufrrj.br\/portalcpda\/#website"},"datePublished":"2011-05-04T07:00:31+00:00","dateModified":"2018-08-24T18:41:10+00:00","breadcrumb":{"@id":"https:\/\/institucional.ufrrj.br\/portalcpda\/dissertacoes-mestrado-2009\/#breadcrumb"},"inLanguage":"pt-BR","potentialAction":[{"@type":"ReadAction","target":["https:\/\/institucional.ufrrj.br\/portalcpda\/dissertacoes-mestrado-2009\/"]}]},{"@type":"BreadcrumbList","@id":"https:\/\/institucional.ufrrj.br\/portalcpda\/dissertacoes-mestrado-2009\/#breadcrumb","itemListElement":[{"@type":"ListItem","position":1,"name":"In\u00edcio","item":"https:\/\/institucional.ufrrj.br\/portalcpda\/"},{"@type":"ListItem","position":2,"name":"Disserta\u00e7\u00f5es Mestrado 2009"}]},{"@type":"WebSite","@id":"https:\/\/institucional.ufrrj.br\/portalcpda\/#website","url":"https:\/\/institucional.ufrrj.br\/portalcpda\/","name":"CPDA","description":"institucional.ufrrj.br","potentialAction":[{"@type":"SearchAction","target":{"@type":"EntryPoint","urlTemplate":"https:\/\/institucional.ufrrj.br\/portalcpda\/?s={search_term_string}"},"query-input":{"@type":"PropertyValueSpecification","valueRequired":true,"valueName":"search_term_string"}}],"inLanguage":"pt-BR"}]}},"acf":[],"_links":{"self":[{"href":"https:\/\/institucional.ufrrj.br\/portalcpda\/wp-json\/wp\/v2\/pages\/392","targetHints":{"allow":["GET"]}}],"collection":[{"href":"https:\/\/institucional.ufrrj.br\/portalcpda\/wp-json\/wp\/v2\/pages"}],"about":[{"href":"https:\/\/institucional.ufrrj.br\/portalcpda\/wp-json\/wp\/v2\/types\/page"}],"author":[{"embeddable":true,"href":"https:\/\/institucional.ufrrj.br\/portalcpda\/wp-json\/wp\/v2\/users\/634"}],"replies":[{"embeddable":true,"href":"https:\/\/institucional.ufrrj.br\/portalcpda\/wp-json\/wp\/v2\/comments?post=392"}],"version-history":[{"count":17,"href":"https:\/\/institucional.ufrrj.br\/portalcpda\/wp-json\/wp\/v2\/pages\/392\/revisions"}],"predecessor-version":[{"id":15396,"href":"https:\/\/institucional.ufrrj.br\/portalcpda\/wp-json\/wp\/v2\/pages\/392\/revisions\/15396"}],"wp:attachment":[{"href":"https:\/\/institucional.ufrrj.br\/portalcpda\/wp-json\/wp\/v2\/media?parent=392"}],"curies":[{"name":"wp","href":"https:\/\/api.w.org\/{rel}","templated":true}]}}