{"id":367,"date":"2011-08-03T02:05:33","date_gmt":"2011-08-03T02:05:33","guid":{"rendered":"http:\/\/r1.ufrrj.br\/cpda\/?page_id=367"},"modified":"2018-08-23T11:26:29","modified_gmt":"2018-08-23T14:26:29","slug":"teses-doutorado-2010","status":"publish","type":"page","link":"https:\/\/institucional.ufrrj.br\/portalcpda\/teses-doutorado-2010\/","title":{"rendered":"Teses Doutorado 2010"},"content":{"rendered":"<p>&nbsp;<\/p>\n<p><strong>GABRIELA CARAMES BESKOW<br \/>\n<a href=\"https:\/\/institucional.ufrrj.br\/portalcpda\/files\/2018\/08\/2010.tese_.gabriela_carames_beskow.pdf\" target=\"_blank\" rel=\"noopener\">&#8220;A p\u00e1tria \u00e9 a terra&#8221;: as representa\u00e7\u00f5es sobre o campo e o homem rural constru\u00eddas pelo Estado Novo<\/a><\/strong><\/p>\n<p>Defesa: 03\/02\/2010<br \/>\nOrientadora: Maria Ver\u00f4nica Secreto (UFRRJ\/CPDA)<\/p>\n<p>&nbsp;<\/p>\n<hr \/>\n<p><strong>GUILHERME MARINHO MOITA<br \/>\n<a href=\"https:\/\/institucional.ufrrj.br\/portalcpda\/files\/2018\/08\/2010.tese_.guilherme_marinho_moita.pdf\" target=\"_blank\" rel=\"noopener\">As cr\u00edticas de Jos\u00e9 de Souza Martins aos mediadores de esquerda dos movimentos sociais agr\u00e1rios<\/a><\/strong><\/p>\n<p>Defesa: 29\/03\/2010<br \/>\nOrientador: Raimundo Santos (UFRRJ\/CPDA)<\/p>\n<p>&nbsp;<\/p>\n<hr \/>\n<p><strong>ALESSANDRA ALEXANDRE FREIXO<br \/>\n<a href=\"https:\/\/institucional.ufrrj.br\/portalcpda\/files\/2018\/08\/2010.tese_.alessandra_alexandre_freixo.pdf\" target=\"_blank\" rel=\"noopener\">Entre a Valentia do Boi e as Fibras do Sisal: narrativas e imagens de velhos agricultores sobre seu ambiente<\/a><\/strong><\/p>\n<p>Defesa: 30\/03\/2010<br \/>\nOrientadora:\u00a0Maria Jos\u00e9 Teixeira Carneiro (UFRRJ\/CPDA)<\/p>\n<p>&nbsp;<\/p>\n<hr \/>\n<p><strong>JORGE LUIZ SANT\u2019ANNA DOS SANTOS<br \/>\n<a href=\"https:\/\/institucional.ufrrj.br\/portalcpda\/files\/2018\/08\/2010.tese_.jorge_.pdf\" target=\"_blank\" rel=\"noopener\">A interioriza\u00e7\u00e3o do desenvolvimento no Rio de Janeiro: economia e sociedade na \u00e1rea sul do estado &#8211; 1940\/1985<\/a><\/strong><\/p>\n<p>Defesa: 27\/08\/2010<br \/>\nOrientador: S\u00e9rgio Pereira Leite (UFRRJ\/CPDA)<\/p>\n<p>&nbsp;<\/p>\n<hr \/>\n<p><strong>TATIANA WALTER<br \/>\n<a href=\"https:\/\/institucional.ufrrj.br\/portalcpda\/files\/2018\/08\/2010.tese_tatiana_walter.pdf\" target=\"_blank\" rel=\"noopener\">Novos Usos e Novos Mercados: qual sua influ\u00eancia na din\u00e2mica da cadeia produtiva dos frutos do mar oriundos da pesca artesanal?<\/a><\/strong><\/p>\n<p>Defesa: 02\/09\/2010<br \/>\nOrientador: John Wilkinson (UFRRJ\/CPDA)<\/p>\n<p>&nbsp;<\/p>\n<hr \/>\n<p><strong>RITA DE C\u00c1SSIA ARA\u00daJO COSENZA<br \/>\nAs ocupa\u00e7\u00f5es de luta por terra e a vara agr\u00e1ria de Minas Gerais<\/strong><\/p>\n<p>Defesa: 10\/09\/2010<br \/>\nOrientador: Raimundo Santos (UFRRJ\/CPDA)<\/p>\n<p>&nbsp;<\/p>\n<hr \/>\n<p><strong>MARLON JAVIER M\u00c9NDEZ SASTOQUE<br \/>\n<a href=\"https:\/\/institucional.ufrrj.br\/portalcpda\/files\/2018\/08\/2010.tese_.marlon_sastoque.pdf\" target=\"_blank\" rel=\"noopener\">Ruralidades em disputa na regi\u00e3o cafeeira do munic\u00edpio de Manizales, Col\u00f4mbia<\/a><\/strong><\/p>\n<p>Defesa: 14\/09\/2010<br \/>\nOrientadora: Maria Jos\u00e9 Teixeira Carneiro (UFRRJ\/CPDA)<\/p>\n<p>&nbsp;<\/p>\n<hr \/>\n<p><strong>HELENA CAT\u00c3O HENRIQUES FERREIRA<br \/>\n<a href=\"https:\/\/institucional.ufrrj.br\/portalcpda\/files\/2018\/08\/2010.tese_.Helena_Catao.pdf\" target=\"_blank\" rel=\"noopener\">A din\u00e2mica da <em>participa\u00e7\u00e3o<\/em> na constru\u00e7\u00e3o de territ\u00f3rios sociais e do <em>patrim\u00f4nio ambiental<\/em> na Ilha Grande \u2013 RJ<\/a><\/strong><\/p>\n<p>Defesa: 29\/09\/2010<br \/>\nOrientadora: Maria Jos\u00e9 Teixeira Carneiro (UFRRJ\/CPDA)<\/p>\n<p>&nbsp;<\/p>\n<hr \/>\n<p><strong>LET\u00cdCIA DE FARIA FERREIRA<br \/>\n<a href=\"https:\/\/institucional.ufrrj.br\/portalcpda\/files\/2018\/08\/2010.tese_.leticia.pdf\" target=\"_blank\" rel=\"noopener\">O Tempo e o Voto: uma etnografia da pol\u00edtica no cotidiano de fam\u00edlias assentadas<\/a><\/strong><\/p>\n<p>Defesa: 21\/10\/2010<br \/>\nOrientador: John Comerford (UFRRJ\/CPDA)<\/p>\n<p>&nbsp;<\/p>\n<hr \/>\n<p><strong>BETTY NOGUEIRA ROCHA E SILVA<br \/>\nA Trama do Drama: a trama das fronteiras e o drama dos migrantes nas configura\u00e7\u00f5es do desenvolvimento de Lucas do Rio Verde \u2013 MT<\/strong><\/p>\n<p>Defesa: 07\/12\/2010<br \/>\nOrientador: Roberto Jos\u00e9 Moreira (UFRRJ\/CPDA)<\/p>\n<p>&nbsp;<\/p>\n<hr \/>\n<p><strong>FERNANDO MARCELO DE LA CUADRA ARANCIBIA<br \/>\n<a href=\"https:\/\/institucional.ufrrj.br\/portalcpda\/files\/2018\/08\/2010.tese_.fernando_arancibia.pdf\" target=\"_blank\" rel=\"noopener\">A guerra do a\u00e7\u00facar. Uma an\u00e1lise sobre o conflito de interesses e a formula\u00e7\u00e3o da pol\u00edtica p\u00fablica para a agricultura durante o governo Lagos (2000-2006)<\/a><\/strong><\/p>\n<p>Defesa: 08\/12\/2010<br \/>\nOrientador: Jorge Osvaldo Romano (UFRRJ\/CPDA)<\/p>\n<p>&nbsp;<\/p>\n<p>&nbsp;<\/p>\n","protected":false},"excerpt":{"rendered":"<p>&nbsp; GABRIELA CARAMES BESKOW &#8220;A p\u00e1tria \u00e9 a terra&#8221;: as representa\u00e7\u00f5es sobre o campo e o homem rural constru\u00eddas pelo <a class=\"read-more\" href=\"https:\/\/institucional.ufrrj.br\/portalcpda\/teses-doutorado-2010\/ \" >&#8230; <span class=\"font-italic\">leia mais <i class=\"fas fa-angle-right\"><\/i><\/span><\/a><\/p>\n","protected":false},"author":634,"featured_media":0,"parent":0,"menu_order":0,"comment_status":"open","ping_status":"open","template":"","meta":{"_acf_changed":false,"footnotes":""},"class_list":["post-367","page","type-page","status-publish","hentry"],"yoast_head":"<!-- This site is optimized with the Yoast SEO plugin v27.2 - https:\/\/yoast.com\/product\/yoast-seo-wordpress\/ -->\n<title>Teses Doutorado 2010 - CPDA<\/title>\n<meta name=\"robots\" content=\"index, follow, max-snippet:-1, max-image-preview:large, max-video-preview:-1\" \/>\n<link rel=\"canonical\" href=\"https:\/\/institucional.ufrrj.br\/portalcpda\/teses-doutorado-2010\/\" \/>\n<meta property=\"og:locale\" content=\"pt_BR\" \/>\n<meta property=\"og:type\" content=\"article\" \/>\n<meta property=\"og:title\" content=\"Teses Doutorado 2010 - CPDA\" \/>\n<meta property=\"og:description\" content=\"&nbsp; GABRIELA CARAMES BESKOW &#8220;A p\u00e1tria \u00e9 a terra&#8221;: as representa\u00e7\u00f5es sobre o campo e o homem rural constru\u00eddas pelo ... leia mais\" \/>\n<meta property=\"og:url\" content=\"https:\/\/institucional.ufrrj.br\/portalcpda\/teses-doutorado-2010\/\" \/>\n<meta property=\"og:site_name\" content=\"CPDA\" \/>\n<meta property=\"article:modified_time\" content=\"2018-08-23T14:26:29+00:00\" \/>\n<meta name=\"twitter:card\" content=\"summary_large_image\" \/>\n<meta name=\"twitter:label1\" content=\"Est. tempo de leitura\" \/>\n\t<meta name=\"twitter:data1\" content=\"2 minutos\" \/>\n<script type=\"application\/ld+json\" class=\"yoast-schema-graph\">{\"@context\":\"https:\/\/schema.org\",\"@graph\":[{\"@type\":\"WebPage\",\"@id\":\"https:\/\/institucional.ufrrj.br\/portalcpda\/teses-doutorado-2010\/\",\"url\":\"https:\/\/institucional.ufrrj.br\/portalcpda\/teses-doutorado-2010\/\",\"name\":\"Teses Doutorado 2010 - CPDA\",\"isPartOf\":{\"@id\":\"https:\/\/institucional.ufrrj.br\/portalcpda\/#website\"},\"datePublished\":\"2011-08-03T02:05:33+00:00\",\"dateModified\":\"2018-08-23T14:26:29+00:00\",\"breadcrumb\":{\"@id\":\"https:\/\/institucional.ufrrj.br\/portalcpda\/teses-doutorado-2010\/#breadcrumb\"},\"inLanguage\":\"pt-BR\",\"potentialAction\":[{\"@type\":\"ReadAction\",\"target\":[\"https:\/\/institucional.ufrrj.br\/portalcpda\/teses-doutorado-2010\/\"]}]},{\"@type\":\"BreadcrumbList\",\"@id\":\"https:\/\/institucional.ufrrj.br\/portalcpda\/teses-doutorado-2010\/#breadcrumb\",\"itemListElement\":[{\"@type\":\"ListItem\",\"position\":1,\"name\":\"In\u00edcio\",\"item\":\"https:\/\/institucional.ufrrj.br\/portalcpda\/\"},{\"@type\":\"ListItem\",\"position\":2,\"name\":\"Teses Doutorado 2010\"}]},{\"@type\":\"WebSite\",\"@id\":\"https:\/\/institucional.ufrrj.br\/portalcpda\/#website\",\"url\":\"https:\/\/institucional.ufrrj.br\/portalcpda\/\",\"name\":\"CPDA\",\"description\":\"institucional.ufrrj.br\",\"potentialAction\":[{\"@type\":\"SearchAction\",\"target\":{\"@type\":\"EntryPoint\",\"urlTemplate\":\"https:\/\/institucional.ufrrj.br\/portalcpda\/?s={search_term_string}\"},\"query-input\":{\"@type\":\"PropertyValueSpecification\",\"valueRequired\":true,\"valueName\":\"search_term_string\"}}],\"inLanguage\":\"pt-BR\"}]}<\/script>\n<!-- \/ Yoast SEO plugin. -->","yoast_head_json":{"title":"Teses Doutorado 2010 - CPDA","robots":{"index":"index","follow":"follow","max-snippet":"max-snippet:-1","max-image-preview":"max-image-preview:large","max-video-preview":"max-video-preview:-1"},"canonical":"https:\/\/institucional.ufrrj.br\/portalcpda\/teses-doutorado-2010\/","og_locale":"pt_BR","og_type":"article","og_title":"Teses Doutorado 2010 - CPDA","og_description":"&nbsp; GABRIELA CARAMES BESKOW &#8220;A p\u00e1tria \u00e9 a terra&#8221;: as representa\u00e7\u00f5es sobre o campo e o homem rural constru\u00eddas pelo ... leia mais","og_url":"https:\/\/institucional.ufrrj.br\/portalcpda\/teses-doutorado-2010\/","og_site_name":"CPDA","article_modified_time":"2018-08-23T14:26:29+00:00","twitter_card":"summary_large_image","twitter_misc":{"Est. tempo de leitura":"2 minutos"},"schema":{"@context":"https:\/\/schema.org","@graph":[{"@type":"WebPage","@id":"https:\/\/institucional.ufrrj.br\/portalcpda\/teses-doutorado-2010\/","url":"https:\/\/institucional.ufrrj.br\/portalcpda\/teses-doutorado-2010\/","name":"Teses Doutorado 2010 - CPDA","isPartOf":{"@id":"https:\/\/institucional.ufrrj.br\/portalcpda\/#website"},"datePublished":"2011-08-03T02:05:33+00:00","dateModified":"2018-08-23T14:26:29+00:00","breadcrumb":{"@id":"https:\/\/institucional.ufrrj.br\/portalcpda\/teses-doutorado-2010\/#breadcrumb"},"inLanguage":"pt-BR","potentialAction":[{"@type":"ReadAction","target":["https:\/\/institucional.ufrrj.br\/portalcpda\/teses-doutorado-2010\/"]}]},{"@type":"BreadcrumbList","@id":"https:\/\/institucional.ufrrj.br\/portalcpda\/teses-doutorado-2010\/#breadcrumb","itemListElement":[{"@type":"ListItem","position":1,"name":"In\u00edcio","item":"https:\/\/institucional.ufrrj.br\/portalcpda\/"},{"@type":"ListItem","position":2,"name":"Teses Doutorado 2010"}]},{"@type":"WebSite","@id":"https:\/\/institucional.ufrrj.br\/portalcpda\/#website","url":"https:\/\/institucional.ufrrj.br\/portalcpda\/","name":"CPDA","description":"institucional.ufrrj.br","potentialAction":[{"@type":"SearchAction","target":{"@type":"EntryPoint","urlTemplate":"https:\/\/institucional.ufrrj.br\/portalcpda\/?s={search_term_string}"},"query-input":{"@type":"PropertyValueSpecification","valueRequired":true,"valueName":"search_term_string"}}],"inLanguage":"pt-BR"}]}},"acf":[],"_links":{"self":[{"href":"https:\/\/institucional.ufrrj.br\/portalcpda\/wp-json\/wp\/v2\/pages\/367","targetHints":{"allow":["GET"]}}],"collection":[{"href":"https:\/\/institucional.ufrrj.br\/portalcpda\/wp-json\/wp\/v2\/pages"}],"about":[{"href":"https:\/\/institucional.ufrrj.br\/portalcpda\/wp-json\/wp\/v2\/types\/page"}],"author":[{"embeddable":true,"href":"https:\/\/institucional.ufrrj.br\/portalcpda\/wp-json\/wp\/v2\/users\/634"}],"replies":[{"embeddable":true,"href":"https:\/\/institucional.ufrrj.br\/portalcpda\/wp-json\/wp\/v2\/comments?post=367"}],"version-history":[{"count":9,"href":"https:\/\/institucional.ufrrj.br\/portalcpda\/wp-json\/wp\/v2\/pages\/367\/revisions"}],"predecessor-version":[{"id":15280,"href":"https:\/\/institucional.ufrrj.br\/portalcpda\/wp-json\/wp\/v2\/pages\/367\/revisions\/15280"}],"wp:attachment":[{"href":"https:\/\/institucional.ufrrj.br\/portalcpda\/wp-json\/wp\/v2\/media?parent=367"}],"curies":[{"name":"wp","href":"https:\/\/api.w.org\/{rel}","templated":true}]}}