{"id":346,"date":"2011-08-03T00:41:30","date_gmt":"2011-08-03T00:41:30","guid":{"rendered":"http:\/\/r1.ufrrj.br\/cpda\/?page_id=346"},"modified":"2018-09-05T12:11:18","modified_gmt":"2018-09-05T15:11:18","slug":"dissertacoes-mestrado-2010","status":"publish","type":"page","link":"https:\/\/institucional.ufrrj.br\/portalcpda\/dissertacoes-mestrado-2010\/","title":{"rendered":"Disserta\u00e7\u00f5es Mestrado 2010"},"content":{"rendered":"<p>&nbsp;<\/p>\n<p><strong>FELIPE JOS\u00c9 COMUNELLO<\/strong><br \/>\n<a href=\"https:\/\/institucional.ufrrj.br\/portalcpda\/files\/2018\/08\/2010.dissertacao.FELIPE-JOS\u00eb-COMUNELLO.pdf\" target=\"_blank\" rel=\"noopener\"><strong>Os movimentos nos mercados: movimentos de agroecologia em S\u00e3o Joaquim\/SC<\/strong><\/a><\/p>\n<p>Defesa: 03\/03\/2010<br \/>\nOrientador: John Wilkinson (UFRRJ\/CPDA)<\/p>\n<p>&nbsp;<\/p>\n<hr \/>\n<p><strong>MANUELA SOUZA SIQUEIRA CORDEIRO<\/strong><br \/>\n<a href=\"https:\/\/institucional.ufrrj.br\/portalcpda\/files\/2018\/08\/2010.dissertacao.Manuela-Souza-Siqueira-Cordeiro.pdf\" target=\"_blank\" rel=\"noopener\"><strong>Filhos da reforma agr\u00e1ria: terra, casa e l\u00f3gicas de sucess\u00e3o em Novo Horizonte<\/strong><\/a><\/p>\n<p>Defesa: 05\/03\/2010<br \/>\nOrientador: John Cunha Comerford (UFRRJ\/CPDA)<\/p>\n<p>&nbsp;<\/p>\n<hr \/>\n<p><strong>MARCELO CASTA\u00d1EDA DE ARAUJO<\/strong><br \/>\n<a href=\"https:\/\/institucional.ufrrj.br\/portalcpda\/files\/2018\/08\/2010.dissertacao.MARCELO-CASTA\u00e6EDA-DE-ARAUJO.pdf\" target=\"_blank\" rel=\"noopener\"><strong>Ambientaliza\u00e7\u00e3o politiza\u00e7\u00e3o do consumo e da vida cotidiana: uma etnografia das pr\u00e1ticas de compra de alimentos org\u00e2nicos em Nova Friburgo\/RJ<\/strong><\/a><br \/>\n(Melhor Disserta\u00e7\u00e3o de Mestrado no III Pr\u00eamio ANPPAS 2010)<\/p>\n<p>Defesa: 08\/03\/2010<br \/>\nOrientadora: F\u00e1tima Portilho (UFRRJ\/CPDA)<\/p>\n<p>&nbsp;<\/p>\n<hr \/>\n<p><strong>S\u00c9RGIO BOTTON BARCELLOS<\/strong><br \/>\n<a href=\"https:\/\/institucional.ufrrj.br\/portalcpda\/files\/2018\/08\/2010.dissertacao.sergio_botton_barcellos.pdf\" target=\"_blank\" rel=\"noopener\"><strong>A forma\u00e7\u00e3o do discurso da Agroecologia no MST<\/strong><\/a><\/p>\n<p>Defesa: 16\/03\/2010<br \/>\nOrientador: Raimundo Santos (UFRRJ\/CPDA)<\/p>\n<p>&nbsp;<\/p>\n<hr \/>\n<p><strong>BERNARD JOS\u00c9 PEREIRA ALVES<\/strong><br \/>\n<a href=\"https:\/\/institucional.ufrrj.br\/portalcpda\/files\/2018\/08\/2010.dissertacao.Bernard-Jos\u00ae-Pereira-Alves.pdf\" target=\"_blank\" rel=\"noopener\"><strong>A pol\u00edtica agr\u00e1ria de Leonel Brizola no Rio Grande do Sul: governo, legisla\u00e7\u00e3o e mobiliza\u00e7\u00e3o<\/strong><\/a><\/p>\n<p>Defesa: 29\/03\/2010<br \/>\nOrientador: Luiz Fl\u00e1vio de Carvalho Costa (UFRRJ\/CPDA)<\/p>\n<p>&nbsp;<\/p>\n<hr \/>\n<p><strong>LEONARDO GELUDA<\/strong><br \/>\n<a href=\"https:\/\/institucional.ufrrj.br\/portalcpda\/files\/2018\/08\/2010.dissertacao.Leonardo-Geluda.pdf\" target=\"_blank\" rel=\"noopener\"><strong>Sustentabilidade financeira das Unidades de Conserva\u00e7\u00e3o Amaz\u00f4nica: cen\u00e1rio atual e perspectivas das fontes de financiamento<\/strong><\/a><\/p>\n<p>Defesa: 09\/04\/2010<br \/>\nOrientador: Peter Herman May (UFRRJ\/CPDA)<\/p>\n<p>&nbsp;<\/p>\n<hr \/>\n<p><strong>CHRISTIAN CAMPOS TRAVASSOS DO CARMO<\/strong><br \/>\n<a href=\"https:\/\/institucional.ufrrj.br\/portalcpda\/files\/2018\/08\/2010.dissertacao.CHRISTIAN-CAMPOS-TRAVASSOS-DO-CARMO.pdf\" target=\"_blank\" rel=\"noopener\"><strong>Responsabilidade socioambiental das empresas no varejo e com\u00e9rcio justo: um estudo sobre o Programa Caras do Brasil, do Grupo P\u00e3o de A\u00e7\u00facar<\/strong><\/a><\/p>\n<p>Defesa:30\/08\/2010<br \/>\nOrientador: Peter May (UFRRJ\/CPDA)<\/p>\n<p>&nbsp;<\/p>\n<hr \/>\n<p><strong>HUGO FONSECA MOREIRA<\/strong><br \/>\n<a href=\"https:\/\/institucional.ufrrj.br\/portalcpda\/files\/2018\/08\/2010.dissertacao.HUGO-FONSECA-MOREIRA.pdf\" target=\"_blank\" rel=\"noopener\"><strong>&#8220;Se for pra morrer de fome , eu prefiro morrer de tiro&#8221;: o norte de Minas e a forma\u00e7\u00e3o de lideran\u00e7as rurais<\/strong><\/a><\/p>\n<p>Defesa :31\/08\/2010<br \/>\nOrientador: Luiz Fl\u00e1vio de Carvalho Costa (UFRRJ\/CPDA)<\/p>\n<p>&nbsp;<\/p>\n<hr \/>\n<p><strong>FERNANDA DO SOCORRO SANTOS FERREIRA<\/strong><br \/>\n<strong>Pol\u00edticas p\u00fablicas de ordenamento territorial do Baixo Amazonas (PA): uma an\u00e1lise a partir das pol\u00edticas e programas dos governos federal e estadual na \u00e1rea de influ\u00eancia da Rodovia BR-163 (Cuiab\u00e1 \u2013 Santar\u00e9m)<\/strong><\/p>\n<p>Defesa: 01\/09\/2010<br \/>\nOrientador: S\u00e9rgio Pereira Leite (UFRRJ\/CPDA)<\/p>\n<p>&nbsp;<\/p>\n<hr \/>\n<p><strong>JOSE MIGUEL DE SOUSA FERREIRA<\/strong><br \/>\n<strong>Da reforma agr\u00e1ria \u00e0 luta pelo territ\u00f3rio: o caso do Comit\u00ea de Unidade Camponesa na Guatemala<\/strong><\/p>\n<p>Defesa: 09\/09\/2010<br \/>\nOrientador: Georges Flexor (UFRRJ\/CPDA)<\/p>\n<p>&nbsp;<\/p>\n<hr \/>\n<p><strong>ELICARDO HEBER ALMEIDA BATISTA<\/strong><br \/>\n<a href=\"https:\/\/institucional.ufrrj.br\/portalcpda\/files\/2018\/08\/2010.dissertacao.Elicardo-Heber-Almeida-Batista.pdf\" target=\"_blank\" rel=\"noopener\"><strong>&#8220;Povos&#8221; de Santana: condi\u00e7\u00f5es de vida e mobilidade espacial no norte do estado de Minas Gerais<\/strong><\/a><\/p>\n<p>Defesa: 17\/09\/2010<br \/>\nOrientadora: Maria Jos\u00e9 Teixeira Carneiro (UFRRJ\/CPDA)<\/p>\n<p>&nbsp;<\/p>\n<hr \/>\n<p><strong>SHEILA BRAND\u00c3O<\/strong><br \/>\n<a href=\"https:\/\/institucional.ufrrj.br\/portalcpda\/files\/2018\/08\/2010.dissertacao.SHEILA-BRAND\u00e2O.pdf\" target=\"_blank\" rel=\"noopener\"><strong>Cooperativismo de cr\u00e9dito rural : a Cresol de Cerro Azul no Vale do Ribeira &#8211; PR<\/strong><\/a><\/p>\n<p>Defesa: 27\/09\/2010<br \/>\nOrientadora: Nelson Delgado (UFRRJ\/CPDA)<\/p>\n<p>&nbsp;<\/p>\n<hr \/>\n<p><strong>DANIELA DA SILVA EGGER<\/strong><br \/>\n<a href=\"https:\/\/institucional.ufrrj.br\/portalcpda\/files\/2018\/08\/2010.dissertacao.DANIELA-DA-SILVA-EGGER.pdf\" target=\"_blank\" rel=\"noopener\"><strong>Continuidades e rupturas: transforma\u00e7\u00f5es s\u00f3cio-espaciais na agricultura em Sumidouro, RJ<\/strong><\/a><\/p>\n<p>Defesa: 25\/10\/2010<br \/>\nOrientador: Nelson Delgado (UFRRJ\/CPDA)<\/p>\n<p>&nbsp;<\/p>\n<hr \/>\n<p><strong>JULIANA LOPES LATINI<\/strong><br \/>\n<strong>O Morro das Andorinhas e a fam\u00edlia \u00e9 uma hist\u00f3ria s\u00f3: Fam\u00edlia e \u201cterrit\u00f3rio de parentesco\u201d em uma Unidade de Conserva\u00e7\u00e3o de Prote\u00e7\u00e3o Integral<\/strong><\/p>\n<p>Defesa: 25\/10\/2010<br \/>\nOrientadora: Maria Jos\u00e9 Carneiro (UFRRJ\/CPDA)<\/p>\n<p>&nbsp;<\/p>\n<hr \/>\n<p><strong>JULIA MANSO PAES DE CARVALHO<\/strong><br \/>\n<a href=\"https:\/\/institucional.ufrrj.br\/portalcpda\/files\/2018\/08\/2010.dissertacao.julia_manso.pdf\" target=\"_blank\" rel=\"noopener\"><strong>O Patrim\u00f4nio Imaterial da comunidade Cai\u00e7ara do Pouso da Caja\u00edba e a escola: em busca de uma Educa\u00e7\u00e3o Diferenciada. Paraty, RJ<\/strong><\/a><\/p>\n<p>Defesa: 06\/12\/2010<br \/>\nOrientador: Luiz Fl\u00e1vio de Carvalho Costa (UFRRJ\/CPDA)<\/p>\n<p>&nbsp;<\/p>\n<hr \/>\n<p><strong>ALINE CALDEIRA LOPES<\/strong><br \/>\n<a href=\"https:\/\/institucional.ufrrj.br\/portalcpda\/files\/2018\/08\/2010.disserta%C2%BA%C3%BAo.lopes_.pdf\" target=\"_blank\" rel=\"noopener\"><strong>Marambaia: processo social e jur\u00eddico<\/strong><\/a><\/p>\n<p>Defesa: 14\/12\/2010<br \/>\nOrientadora: Regina \u00c2ngela Landim Bruno (UFRRJ\/CPDA)<\/p>\n<p>&nbsp;<\/p>\n<hr \/>\n<p><strong>LILIAN COUTO CORDEIRO ESTOLANO<\/strong><br \/>\n<a href=\"https:\/\/institucional.ufrrj.br\/portalcpda\/files\/2018\/08\/2010.Disserta%C2%BA%C3%BAo.Lilian-Cordeiro-Estolano.pdf\" target=\"_blank\" rel=\"noopener\"><strong>Educa\u00e7\u00e3o Profissional Agr\u00edcola no Estado do Rio de Janeiro: Configura\u00e7\u00f5es, Limites e Perspectivas<\/strong><\/a><\/p>\n<p>Defesa: 17\/12\/2010<br \/>\nOrientadora: Elisa Guaran\u00e1 de Castro (UFRRJ\/CPDA)<\/p>\n<p>&nbsp;<\/p>\n<p>&nbsp;<\/p>\n","protected":false},"excerpt":{"rendered":"<p>&nbsp; FELIPE JOS\u00c9 COMUNELLO Os movimentos nos mercados: movimentos de agroecologia em S\u00e3o Joaquim\/SC Defesa: 03\/03\/2010 Orientador: John Wilkinson (UFRRJ\/CPDA) <a class=\"read-more\" href=\"https:\/\/institucional.ufrrj.br\/portalcpda\/dissertacoes-mestrado-2010\/ \" >&#8230; <span class=\"font-italic\">leia mais <i class=\"fas fa-angle-right\"><\/i><\/span><\/a><\/p>\n","protected":false},"author":634,"featured_media":0,"parent":0,"menu_order":0,"comment_status":"open","ping_status":"open","template":"","meta":{"_acf_changed":false,"footnotes":""},"class_list":["post-346","page","type-page","status-publish","hentry"],"yoast_head":"<!-- This site is optimized with the Yoast SEO plugin v27.2 - https:\/\/yoast.com\/product\/yoast-seo-wordpress\/ -->\n<title>Disserta\u00e7\u00f5es Mestrado 2010 - CPDA<\/title>\n<meta name=\"robots\" content=\"index, follow, max-snippet:-1, max-image-preview:large, max-video-preview:-1\" \/>\n<link rel=\"canonical\" href=\"https:\/\/institucional.ufrrj.br\/portalcpda\/dissertacoes-mestrado-2010\/\" \/>\n<meta property=\"og:locale\" content=\"pt_BR\" \/>\n<meta property=\"og:type\" content=\"article\" \/>\n<meta property=\"og:title\" content=\"Disserta\u00e7\u00f5es Mestrado 2010 - CPDA\" \/>\n<meta property=\"og:description\" content=\"&nbsp; FELIPE JOS\u00c9 COMUNELLO Os movimentos nos mercados: movimentos de agroecologia em S\u00e3o Joaquim\/SC Defesa: 03\/03\/2010 Orientador: John Wilkinson (UFRRJ\/CPDA) ... leia mais\" \/>\n<meta property=\"og:url\" content=\"https:\/\/institucional.ufrrj.br\/portalcpda\/dissertacoes-mestrado-2010\/\" \/>\n<meta property=\"og:site_name\" content=\"CPDA\" \/>\n<meta property=\"article:modified_time\" content=\"2018-09-05T15:11:18+00:00\" \/>\n<meta name=\"twitter:card\" content=\"summary_large_image\" \/>\n<meta name=\"twitter:label1\" content=\"Est. tempo de leitura\" \/>\n\t<meta name=\"twitter:data1\" content=\"3 minutos\" \/>\n<script type=\"application\/ld+json\" class=\"yoast-schema-graph\">{\"@context\":\"https:\/\/schema.org\",\"@graph\":[{\"@type\":\"WebPage\",\"@id\":\"https:\/\/institucional.ufrrj.br\/portalcpda\/dissertacoes-mestrado-2010\/\",\"url\":\"https:\/\/institucional.ufrrj.br\/portalcpda\/dissertacoes-mestrado-2010\/\",\"name\":\"Disserta\u00e7\u00f5es Mestrado 2010 - CPDA\",\"isPartOf\":{\"@id\":\"https:\/\/institucional.ufrrj.br\/portalcpda\/#website\"},\"datePublished\":\"2011-08-03T00:41:30+00:00\",\"dateModified\":\"2018-09-05T15:11:18+00:00\",\"breadcrumb\":{\"@id\":\"https:\/\/institucional.ufrrj.br\/portalcpda\/dissertacoes-mestrado-2010\/#breadcrumb\"},\"inLanguage\":\"pt-BR\",\"potentialAction\":[{\"@type\":\"ReadAction\",\"target\":[\"https:\/\/institucional.ufrrj.br\/portalcpda\/dissertacoes-mestrado-2010\/\"]}]},{\"@type\":\"BreadcrumbList\",\"@id\":\"https:\/\/institucional.ufrrj.br\/portalcpda\/dissertacoes-mestrado-2010\/#breadcrumb\",\"itemListElement\":[{\"@type\":\"ListItem\",\"position\":1,\"name\":\"In\u00edcio\",\"item\":\"https:\/\/institucional.ufrrj.br\/portalcpda\/\"},{\"@type\":\"ListItem\",\"position\":2,\"name\":\"Disserta\u00e7\u00f5es Mestrado 2010\"}]},{\"@type\":\"WebSite\",\"@id\":\"https:\/\/institucional.ufrrj.br\/portalcpda\/#website\",\"url\":\"https:\/\/institucional.ufrrj.br\/portalcpda\/\",\"name\":\"CPDA\",\"description\":\"institucional.ufrrj.br\",\"potentialAction\":[{\"@type\":\"SearchAction\",\"target\":{\"@type\":\"EntryPoint\",\"urlTemplate\":\"https:\/\/institucional.ufrrj.br\/portalcpda\/?s={search_term_string}\"},\"query-input\":{\"@type\":\"PropertyValueSpecification\",\"valueRequired\":true,\"valueName\":\"search_term_string\"}}],\"inLanguage\":\"pt-BR\"}]}<\/script>\n<!-- \/ Yoast SEO plugin. -->","yoast_head_json":{"title":"Disserta\u00e7\u00f5es Mestrado 2010 - CPDA","robots":{"index":"index","follow":"follow","max-snippet":"max-snippet:-1","max-image-preview":"max-image-preview:large","max-video-preview":"max-video-preview:-1"},"canonical":"https:\/\/institucional.ufrrj.br\/portalcpda\/dissertacoes-mestrado-2010\/","og_locale":"pt_BR","og_type":"article","og_title":"Disserta\u00e7\u00f5es Mestrado 2010 - CPDA","og_description":"&nbsp; FELIPE JOS\u00c9 COMUNELLO Os movimentos nos mercados: movimentos de agroecologia em S\u00e3o Joaquim\/SC Defesa: 03\/03\/2010 Orientador: John Wilkinson (UFRRJ\/CPDA) ... leia mais","og_url":"https:\/\/institucional.ufrrj.br\/portalcpda\/dissertacoes-mestrado-2010\/","og_site_name":"CPDA","article_modified_time":"2018-09-05T15:11:18+00:00","twitter_card":"summary_large_image","twitter_misc":{"Est. tempo de leitura":"3 minutos"},"schema":{"@context":"https:\/\/schema.org","@graph":[{"@type":"WebPage","@id":"https:\/\/institucional.ufrrj.br\/portalcpda\/dissertacoes-mestrado-2010\/","url":"https:\/\/institucional.ufrrj.br\/portalcpda\/dissertacoes-mestrado-2010\/","name":"Disserta\u00e7\u00f5es Mestrado 2010 - CPDA","isPartOf":{"@id":"https:\/\/institucional.ufrrj.br\/portalcpda\/#website"},"datePublished":"2011-08-03T00:41:30+00:00","dateModified":"2018-09-05T15:11:18+00:00","breadcrumb":{"@id":"https:\/\/institucional.ufrrj.br\/portalcpda\/dissertacoes-mestrado-2010\/#breadcrumb"},"inLanguage":"pt-BR","potentialAction":[{"@type":"ReadAction","target":["https:\/\/institucional.ufrrj.br\/portalcpda\/dissertacoes-mestrado-2010\/"]}]},{"@type":"BreadcrumbList","@id":"https:\/\/institucional.ufrrj.br\/portalcpda\/dissertacoes-mestrado-2010\/#breadcrumb","itemListElement":[{"@type":"ListItem","position":1,"name":"In\u00edcio","item":"https:\/\/institucional.ufrrj.br\/portalcpda\/"},{"@type":"ListItem","position":2,"name":"Disserta\u00e7\u00f5es Mestrado 2010"}]},{"@type":"WebSite","@id":"https:\/\/institucional.ufrrj.br\/portalcpda\/#website","url":"https:\/\/institucional.ufrrj.br\/portalcpda\/","name":"CPDA","description":"institucional.ufrrj.br","potentialAction":[{"@type":"SearchAction","target":{"@type":"EntryPoint","urlTemplate":"https:\/\/institucional.ufrrj.br\/portalcpda\/?s={search_term_string}"},"query-input":{"@type":"PropertyValueSpecification","valueRequired":true,"valueName":"search_term_string"}}],"inLanguage":"pt-BR"}]}},"acf":[],"_links":{"self":[{"href":"https:\/\/institucional.ufrrj.br\/portalcpda\/wp-json\/wp\/v2\/pages\/346","targetHints":{"allow":["GET"]}}],"collection":[{"href":"https:\/\/institucional.ufrrj.br\/portalcpda\/wp-json\/wp\/v2\/pages"}],"about":[{"href":"https:\/\/institucional.ufrrj.br\/portalcpda\/wp-json\/wp\/v2\/types\/page"}],"author":[{"embeddable":true,"href":"https:\/\/institucional.ufrrj.br\/portalcpda\/wp-json\/wp\/v2\/users\/634"}],"replies":[{"embeddable":true,"href":"https:\/\/institucional.ufrrj.br\/portalcpda\/wp-json\/wp\/v2\/comments?post=346"}],"version-history":[{"count":18,"href":"https:\/\/institucional.ufrrj.br\/portalcpda\/wp-json\/wp\/v2\/pages\/346\/revisions"}],"predecessor-version":[{"id":15864,"href":"https:\/\/institucional.ufrrj.br\/portalcpda\/wp-json\/wp\/v2\/pages\/346\/revisions\/15864"}],"wp:attachment":[{"href":"https:\/\/institucional.ufrrj.br\/portalcpda\/wp-json\/wp\/v2\/media?parent=346"}],"curies":[{"name":"wp","href":"https:\/\/api.w.org\/{rel}","templated":true}]}}