{"id":33,"date":"2011-07-01T01:01:34","date_gmt":"2011-07-01T01:01:34","guid":{"rendered":"http:\/\/r1.ufrrj.br\/cpda\/?page_id=33"},"modified":"2026-03-09T18:28:59","modified_gmt":"2026-03-09T21:28:59","slug":"contatos","status":"publish","type":"page","link":"https:\/\/institucional.ufrrj.br\/portalcpda\/contatos\/","title":{"rendered":"Contatos"},"content":{"rendered":"<p><strong>Telefone: <\/strong>(21) 2224-8577<\/p>\n<h2>Ramais e E-mails Administra\u00e7\u00e3o<\/h2>\n<div>\n<table border=\"1\" width=\"\" cellspacing=\"0\" cellpadding=\"0\">\n<tbody>\n<tr>\n<td width=\"180\">\n<p style=\"text-align: center\"><strong>Setor<\/strong><\/p>\n<\/td>\n<td style=\"text-align: center\" width=\"171\"><strong>E-mail<\/strong><\/td>\n<td style=\"text-align: center\"><strong>Ramal telef\u00f4nico<\/strong><\/td>\n<\/tr>\n<tr>\n<td style=\"text-align: center\" width=\"180\">Coordena\u00e7\u00e3o<br \/>\n(<a href=\"https:\/\/institucional.ufrrj.br\/portalcpda\/debora-franco-lerrer\/\">D\u00e9bora Franco Lerrer<\/a>)<\/td>\n<td style=\"text-align: center\" width=\"171\">cpda_coordenacao@ufrrj.br<\/td>\n<td style=\"text-align: center\" width=\"108\">202<\/td>\n<\/tr>\n<tr>\n<td style=\"text-align: center\" width=\"180\">Secret\u00e1rio \u00a0da Coordena\u00e7\u00e3o<br \/>\n(<a href=\"https:\/\/institucional.ufrrj.br\/portalcpda\/delcio-junior\/\">Delcio Junior<\/a>)<\/td>\n<td style=\"text-align: center\" width=\"171\">cpda_secretaria@ufrrj.br<\/td>\n<td style=\"text-align: center\" width=\"108\">205<\/td>\n<\/tr>\n<tr>\n<td style=\"text-align: center\" width=\"180\">Secret\u00e1ria Acad\u00eamica (<a href=\"https:\/\/institucional.ufrrj.br\/portalcpda\/ana-lidia\/\">Ana L\u00eddia Barbosa<\/a>)<\/td>\n<td style=\"text-align: center\" width=\"171\">cpda_secretaria_academica@ufrrj.br<\/td>\n<td style=\"text-align: center\" width=\"108\">204 e 201<\/td>\n<\/tr>\n<tr>\n<td style=\"text-align: center\" width=\"180\">Comunica\u00e7\u00e3o Social<\/td>\n<td style=\"text-align: center\" width=\"171\">cpda_comunicacao@ufrrj.br<\/td>\n<td style=\"text-align: center\" width=\"108\">229<\/td>\n<\/tr>\n<tr>\n<td style=\"text-align: center\" width=\"180\">Chefia do DDAS<br \/>\n(<a href=\"https:\/\/institucional.ufrrj.br\/portalcpda\/fabiano-escher\/\">Fabiano Escher<\/a>)<\/td>\n<td style=\"text-align: center\" width=\"171\">ddas.ufrrj@gmail.com<\/td>\n<td style=\"text-align: center\" width=\"108\">212<\/td>\n<\/tr>\n<tr>\n<td style=\"text-align: center\" width=\"180\">Secret\u00e1ria do DDAS (<a href=\"https:\/\/institucional.ufrrj.br\/portalcpda\/raquel-passeri-de-aguiar\/\">Raquel Passeri de Aguiar<\/a>)<\/td>\n<td style=\"text-align: center\" width=\"171\">secretariaddas@gmail.com<\/td>\n<td style=\"text-align: center\" width=\"108\">200<\/td>\n<\/tr>\n<tr>\n<td style=\"text-align: center\" width=\"180\">Biblioteca<br \/>\n(<a href=\"https:\/\/institucional.ufrrj.br\/portalcpda\/silvia-alves-de-andrade\/\">S\u00edlvia Alves de Andrade<\/a>)<\/td>\n<td style=\"text-align: center\" width=\"171\">cpdabib@ufrrj.br<\/td>\n<td style=\"text-align: center\" width=\"108\">206 e 209<\/td>\n<\/tr>\n<tr>\n<td style=\"text-align: center\" width=\"180\"><\/td>\n<td style=\"text-align: center\" width=\"171\"><\/td>\n<td style=\"text-align: center\"><\/td>\n<\/tr>\n<tr>\n<td style=\"text-align: center\" width=\"180\"><a href=\"https:\/\/revistaesa.com\/ojs\/index.php\/esa\">Revista Estudos Sociedade e Agricultura<\/a><\/td>\n<td style=\"text-align: center\" width=\"171\">estudoscpda@ufrrj.br<\/td>\n<td style=\"text-align: center\" width=\"108\">229<\/td>\n<\/tr>\n<\/tbody>\n<\/table>\n<\/div>\n<h2><\/h2>\n<p>&nbsp;<\/p>\n<h2>Ramais e E-mails de Professores<\/h2>\n<table border=\"1\" width=\"\" cellspacing=\"0\" cellpadding=\"2\" align=\"center\">\n<tbody>\n<tr>\n<td style=\"text-align: center\" width=\"180\"><strong>Professores<\/strong><\/td>\n<td style=\"text-align: center\" width=\"171\"><strong>E-mail<\/strong><\/td>\n<td style=\"text-align: center\" width=\"108\"><strong>Ramal telef\u00f4nico<\/strong><\/td>\n<\/tr>\n<tr>\n<td><a href=\"https:\/\/institucional.ufrrj.br\/portalcpda\/ana-saggioro-garcia\/\">Ana Saggioro Garcia<\/a><\/td>\n<td>anasaggioro@gmail.com<\/td>\n<td style=\"text-align: center\" align=\"center\">&#8211;<\/td>\n<\/tr>\n<tr>\n<td><a href=\"https:\/\/institucional.ufrrj.br\/portalcpda\/andrey-cordeiro-ferreira\/\">Andrey Cordeiro Ferreira<\/a><\/td>\n<td>andreycf2099@gmail.com<\/td>\n<td style=\"text-align: center\" align=\"center\">236<\/td>\n<\/tr>\n<tr>\n<td><a href=\"https:\/\/institucional.ufrrj.br\/portalcpda\/antonadia-borges\/\">Anton\u00e1dia Borges<\/a><\/td>\n<td>antonadia@ufrrj.br<\/td>\n<td style=\"text-align: center\" align=\"center\">&#8211;<\/td>\n<\/tr>\n<tr>\n<td><a href=\"https:\/\/institucional.ufrrj.br\/portalcpda\/carmen-andriolli\/\">Carmen Andriolli<\/a><\/td>\n<td>carmen.andriolli@gmail.com<\/td>\n<td style=\"text-align: center\" valign=\"center\">215<\/td>\n<\/tr>\n<tr>\n<td><a href=\"https:\/\/institucional.ufrrj.br\/portalcpda\/claudia-job-schmitt\/\">Claudia Job Schmitt<\/a><\/td>\n<td>claudia.js21@gmail.com<\/td>\n<td style=\"text-align: center\" align=\"center\">220<\/td>\n<\/tr>\n<tr>\n<td><a href=\"https:\/\/institucional.ufrrj.br\/portalcpda\/debora-franco-lerrer\/\">D\u00e9bora Franco Lerrer<\/a><\/td>\n<td>deboralerrer@ufrrj.br<\/td>\n<td style=\"text-align: center\" align=\"center\"><\/td>\n<\/tr>\n<tr>\n<td><a href=\"https:\/\/institucional.ufrrj.br\/portalcpda\/elisa-guarana-de-castro\/\">Elisa Guaran\u00e1<\/a><\/td>\n<td>elisaguarana@ufrrj.br<\/td>\n<td style=\"text-align: center\">200<\/td>\n<\/tr>\n<tr>\n<td><a href=\"https:\/\/institucional.ufrrj.br\/portalcpda\/fabiano-escher\/\">Fabiano Escher<\/a><\/td>\n<td>escher_fab@hotmail.com<\/td>\n<td align=\"center\">&#8211;<\/td>\n<\/tr>\n<tr>\n<td><a href=\"https:\/\/institucional.ufrrj.br\/portalcpda\/fabrina-pontes-furtado\/\">Fabrina Furtado<\/a><\/td>\n<td>f.furtado7@gmail.com<\/td>\n<td align=\"center\">&#8211;<\/td>\n<\/tr>\n<tr>\n<td valign=\"top\" width=\"180\"><a href=\"https:\/\/institucional.ufrrj.br\/portalcpda\/fatima-portilho\/\">F\u00e1tima Portilho<\/a><\/td>\n<td valign=\"top\" width=\"171\">faportilho@ufrrj.br<\/td>\n<td style=\"text-align: center\" width=\"108\">220<\/td>\n<\/tr>\n<tr>\n<td width=\"180\">Felipe de Melo Alvarenga<\/td>\n<td width=\"171\">felipemelo24@ufrrj.br<\/td>\n<td style=\"text-align: center\" width=\"108\">&#8211;<\/td>\n<\/tr>\n<tr>\n<td><a href=\"https:\/\/institucional.ufrrj.br\/portalcpda\/georges-gerard-flexor\/\">Georges G\u00e9rard Flexor<\/a><\/td>\n<td>gflexor@gmail.com<\/td>\n<td style=\"text-align: center\">219<\/td>\n<\/tr>\n<tr>\n<td valign=\"top\" width=\"180\"><a href=\"https:\/\/institucional.ufrrj.br\/portalcpda\/john-wilkinson\/\">John Wilkinson<\/a><\/td>\n<td valign=\"top\" width=\"171\">jhn.wlknsn@gmail.com<\/td>\n<td style=\"text-align: center\" width=\"108\">213<\/td>\n<\/tr>\n<tr>\n<td valign=\"top\" width=\"180\"><a href=\"https:\/\/institucional.ufrrj.br\/portalcpda\/jorge-osvaldo-romano\/\">Jorge Osvaldo Romano<\/a><\/td>\n<td valign=\"top\" width=\"171\">jorge.romano@uol.com.br<\/td>\n<td style=\"text-align: center\" width=\"108\">212<\/td>\n<\/tr>\n<tr>\n<td valign=\"top\" width=\"180\"><a href=\"https:\/\/institucional.ufrrj.br\/portalcpda\/karina-kato\/\">Karina Kato<\/a><\/td>\n<td valign=\"top\" width=\"171\">anirakato@yahoo.com<\/td>\n<td style=\"text-align: center\" width=\"108\">212<\/td>\n<\/tr>\n<tr>\n<td width=\"180\"><a href=\"https:\/\/institucional.ufrrj.br\/portalcpda\/leonardo-belinelli\/\">Leonardo Belinelli<\/a><\/td>\n<td width=\"171\">belinelli.leonardo@gmail.com<\/td>\n<td style=\"text-align: center\" width=\"108\">210<\/td>\n<\/tr>\n<tr>\n<td width=\"180\"><a href=\"https:\/\/institucional.ufrrj.br\/portalcpda\/leonilde-servolo-de-medeiros\/\">Leonilde Servolo de Medeiros<\/a><\/td>\n<td width=\"171\">leonildemedeiros@gmail.com<\/td>\n<td style=\"text-align: center\" width=\"108\">210<\/td>\n<\/tr>\n<tr>\n<td width=\"180\"><a href=\"https:\/\/institucional.ufrrj.br\/portalcpda\/luiz-felipe-brandao-osorio\/\">Luiz Felipe Brand\u00e3o Os\u00f3rio<\/a><\/td>\n<td width=\"171\">luizfelipe.osorio@gmail.com<\/td>\n<td style=\"text-align: center\" width=\"108\">&#8211;<\/td>\n<\/tr>\n<tr>\n<td valign=\"top\" width=\"180\"><a href=\"https:\/\/institucional.ufrrj.br\/portalcpda\/marcelo-carvalho-rosa\/\">Marcelo Carvalho Rosa<\/a><\/td>\n<td valign=\"top\" width=\"171\">marcelocrosa@gmail.com<\/td>\n<td style=\"text-align: center\" width=\"108\">&#8211;<\/td>\n<\/tr>\n<tr>\n<td valign=\"top\" width=\"180\">Maria Del Carmen Villarreal Villamar<\/td>\n<td valign=\"top\" width=\"171\">mariavillarreal85@gmail.com<\/td>\n<td style=\"text-align: center\" width=\"108\">&#8211;<\/td>\n<\/tr>\n<tr>\n<td valign=\"top\" width=\"180\"><\/td>\n<td valign=\"top\" width=\"171\"><\/td>\n<td style=\"text-align: center\" width=\"108\"><\/td>\n<\/tr>\n<tr>\n<td width=\"180\"><a href=\"https:\/\/institucional.ufrrj.br\/portalcpda\/peter-herman-may-professor-titular\/\">Peter Herman May<\/a><\/td>\n<td width=\"171\">peterhmay@gmail.com<\/td>\n<td style=\"text-align: center\" width=\"108\">233<\/td>\n<\/tr>\n<tr>\n<td width=\"180\"><a href=\"https:\/\/institucional.ufrrj.br\/portalcpda\/priscila-delgado-de-carvalho\/\">Priscila Delgado de Carvalho<\/a><\/td>\n<td width=\"171\">prisciladcarvalho@ufrrj.br<\/td>\n<td style=\"text-align: center\" width=\"108\">233<\/td>\n<\/tr>\n<tr>\n<td valign=\"top\" width=\"180\"><a href=\"https:\/\/institucional.ufrrj.br\/portalcpda\/regina-angela-landim-bruno\/\">Regina \u00c2ngela Landim Bruno<\/a><\/td>\n<td valign=\"top\" width=\"171\">regina_bruno@yahoo.com.br<\/td>\n<td style=\"text-align: center\" valign=\"top\" width=\"108\">211<\/td>\n<\/tr>\n<tr>\n<td valign=\"top\" width=\"180\"><a href=\"https:\/\/institucional.ufrrj.br\/portalcpda\/renato-sergio-jamil-maluf-professor-titular\/\">Renato S\u00e9rgio Jamil Maluf<\/a><\/td>\n<td valign=\"top\" width=\"171\">rsmaluf@gmail.com<\/td>\n<td style=\"text-align: center\" width=\"108\">215<\/td>\n<\/tr>\n<tr>\n<td valign=\"top\" width=\"180\"><a href=\"https:\/\/institucional.ufrrj.br\/portalcpda\/sergio-pereira-leite\/\">S\u00e9rgio Pereira Leite<\/a><\/td>\n<td valign=\"top\" width=\"171\">sergioleite@ufrrj.br<\/td>\n<td style=\"text-align: center\" width=\"108\">214<\/td>\n<\/tr>\n<tr>\n<td><a href=\"https:\/\/institucional.ufrrj.br\/portalcpda\/thereza-cristina-cardoso-menezes\/\">Thereza Cristina Cardoso Menezes<\/a><\/td>\n<td>therezaccm@uol.com.br<\/td>\n<td style=\"text-align: center\">212<\/td>\n<\/tr>\n<\/tbody>\n<\/table>\n<p>&nbsp;<\/p>\n","protected":false},"excerpt":{"rendered":"<p>Telefone: (21) 2224-8577 Ramais e E-mails Administra\u00e7\u00e3o Setor E-mail Ramal telef\u00f4nico Coordena\u00e7\u00e3o (D\u00e9bora Franco Lerrer) cpda_coordenacao@ufrrj.br 202 Secret\u00e1rio \u00a0da Coordena\u00e7\u00e3o <a class=\"read-more\" href=\"https:\/\/institucional.ufrrj.br\/portalcpda\/contatos\/ \" >&#8230; <span class=\"font-italic\">leia mais <i class=\"fas fa-angle-right\"><\/i><\/span><\/a><\/p>\n","protected":false},"author":634,"featured_media":0,"parent":0,"menu_order":0,"comment_status":"open","ping_status":"open","template":"","meta":{"_acf_changed":false,"footnotes":""},"class_list":["post-33","page","type-page","status-publish","hentry"],"yoast_head":"<!-- This site is optimized with the Yoast SEO plugin v27.2 - https:\/\/yoast.com\/product\/yoast-seo-wordpress\/ -->\n<title>Contatos - CPDA<\/title>\n<meta name=\"robots\" content=\"index, follow, max-snippet:-1, max-image-preview:large, max-video-preview:-1\" \/>\n<link rel=\"canonical\" href=\"https:\/\/institucional.ufrrj.br\/portalcpda\/contatos\/\" \/>\n<meta property=\"og:locale\" content=\"pt_BR\" \/>\n<meta property=\"og:type\" content=\"article\" \/>\n<meta property=\"og:title\" content=\"Contatos - CPDA\" \/>\n<meta property=\"og:description\" content=\"Telefone: (21) 2224-8577 Ramais e E-mails Administra\u00e7\u00e3o Setor E-mail Ramal telef\u00f4nico Coordena\u00e7\u00e3o (D\u00e9bora Franco Lerrer) cpda_coordenacao@ufrrj.br 202 Secret\u00e1rio \u00a0da Coordena\u00e7\u00e3o ... leia mais\" \/>\n<meta property=\"og:url\" content=\"https:\/\/institucional.ufrrj.br\/portalcpda\/contatos\/\" \/>\n<meta property=\"og:site_name\" content=\"CPDA\" \/>\n<meta property=\"article:modified_time\" content=\"2026-03-09T21:28:59+00:00\" \/>\n<meta name=\"twitter:card\" content=\"summary_large_image\" \/>\n<meta name=\"twitter:label1\" content=\"Est. tempo de leitura\" \/>\n\t<meta name=\"twitter:data1\" content=\"2 minutos\" \/>\n<script type=\"application\/ld+json\" class=\"yoast-schema-graph\">{\"@context\":\"https:\/\/schema.org\",\"@graph\":[{\"@type\":\"WebPage\",\"@id\":\"https:\/\/institucional.ufrrj.br\/portalcpda\/contatos\/\",\"url\":\"https:\/\/institucional.ufrrj.br\/portalcpda\/contatos\/\",\"name\":\"Contatos - CPDA\",\"isPartOf\":{\"@id\":\"https:\/\/institucional.ufrrj.br\/portalcpda\/#website\"},\"datePublished\":\"2011-07-01T01:01:34+00:00\",\"dateModified\":\"2026-03-09T21:28:59+00:00\",\"breadcrumb\":{\"@id\":\"https:\/\/institucional.ufrrj.br\/portalcpda\/contatos\/#breadcrumb\"},\"inLanguage\":\"pt-BR\",\"potentialAction\":[{\"@type\":\"ReadAction\",\"target\":[\"https:\/\/institucional.ufrrj.br\/portalcpda\/contatos\/\"]}]},{\"@type\":\"BreadcrumbList\",\"@id\":\"https:\/\/institucional.ufrrj.br\/portalcpda\/contatos\/#breadcrumb\",\"itemListElement\":[{\"@type\":\"ListItem\",\"position\":1,\"name\":\"In\u00edcio\",\"item\":\"https:\/\/institucional.ufrrj.br\/portalcpda\/\"},{\"@type\":\"ListItem\",\"position\":2,\"name\":\"Contatos\"}]},{\"@type\":\"WebSite\",\"@id\":\"https:\/\/institucional.ufrrj.br\/portalcpda\/#website\",\"url\":\"https:\/\/institucional.ufrrj.br\/portalcpda\/\",\"name\":\"CPDA\",\"description\":\"institucional.ufrrj.br\",\"potentialAction\":[{\"@type\":\"SearchAction\",\"target\":{\"@type\":\"EntryPoint\",\"urlTemplate\":\"https:\/\/institucional.ufrrj.br\/portalcpda\/?s={search_term_string}\"},\"query-input\":{\"@type\":\"PropertyValueSpecification\",\"valueRequired\":true,\"valueName\":\"search_term_string\"}}],\"inLanguage\":\"pt-BR\"}]}<\/script>\n<!-- \/ Yoast SEO plugin. -->","yoast_head_json":{"title":"Contatos - CPDA","robots":{"index":"index","follow":"follow","max-snippet":"max-snippet:-1","max-image-preview":"max-image-preview:large","max-video-preview":"max-video-preview:-1"},"canonical":"https:\/\/institucional.ufrrj.br\/portalcpda\/contatos\/","og_locale":"pt_BR","og_type":"article","og_title":"Contatos - CPDA","og_description":"Telefone: (21) 2224-8577 Ramais e E-mails Administra\u00e7\u00e3o Setor E-mail Ramal telef\u00f4nico Coordena\u00e7\u00e3o (D\u00e9bora Franco Lerrer) cpda_coordenacao@ufrrj.br 202 Secret\u00e1rio \u00a0da Coordena\u00e7\u00e3o ... leia mais","og_url":"https:\/\/institucional.ufrrj.br\/portalcpda\/contatos\/","og_site_name":"CPDA","article_modified_time":"2026-03-09T21:28:59+00:00","twitter_card":"summary_large_image","twitter_misc":{"Est. tempo de leitura":"2 minutos"},"schema":{"@context":"https:\/\/schema.org","@graph":[{"@type":"WebPage","@id":"https:\/\/institucional.ufrrj.br\/portalcpda\/contatos\/","url":"https:\/\/institucional.ufrrj.br\/portalcpda\/contatos\/","name":"Contatos - CPDA","isPartOf":{"@id":"https:\/\/institucional.ufrrj.br\/portalcpda\/#website"},"datePublished":"2011-07-01T01:01:34+00:00","dateModified":"2026-03-09T21:28:59+00:00","breadcrumb":{"@id":"https:\/\/institucional.ufrrj.br\/portalcpda\/contatos\/#breadcrumb"},"inLanguage":"pt-BR","potentialAction":[{"@type":"ReadAction","target":["https:\/\/institucional.ufrrj.br\/portalcpda\/contatos\/"]}]},{"@type":"BreadcrumbList","@id":"https:\/\/institucional.ufrrj.br\/portalcpda\/contatos\/#breadcrumb","itemListElement":[{"@type":"ListItem","position":1,"name":"In\u00edcio","item":"https:\/\/institucional.ufrrj.br\/portalcpda\/"},{"@type":"ListItem","position":2,"name":"Contatos"}]},{"@type":"WebSite","@id":"https:\/\/institucional.ufrrj.br\/portalcpda\/#website","url":"https:\/\/institucional.ufrrj.br\/portalcpda\/","name":"CPDA","description":"institucional.ufrrj.br","potentialAction":[{"@type":"SearchAction","target":{"@type":"EntryPoint","urlTemplate":"https:\/\/institucional.ufrrj.br\/portalcpda\/?s={search_term_string}"},"query-input":{"@type":"PropertyValueSpecification","valueRequired":true,"valueName":"search_term_string"}}],"inLanguage":"pt-BR"}]}},"acf":[],"_links":{"self":[{"href":"https:\/\/institucional.ufrrj.br\/portalcpda\/wp-json\/wp\/v2\/pages\/33","targetHints":{"allow":["GET"]}}],"collection":[{"href":"https:\/\/institucional.ufrrj.br\/portalcpda\/wp-json\/wp\/v2\/pages"}],"about":[{"href":"https:\/\/institucional.ufrrj.br\/portalcpda\/wp-json\/wp\/v2\/types\/page"}],"author":[{"embeddable":true,"href":"https:\/\/institucional.ufrrj.br\/portalcpda\/wp-json\/wp\/v2\/users\/634"}],"replies":[{"embeddable":true,"href":"https:\/\/institucional.ufrrj.br\/portalcpda\/wp-json\/wp\/v2\/comments?post=33"}],"version-history":[{"count":5,"href":"https:\/\/institucional.ufrrj.br\/portalcpda\/wp-json\/wp\/v2\/pages\/33\/revisions"}],"predecessor-version":[{"id":27661,"href":"https:\/\/institucional.ufrrj.br\/portalcpda\/wp-json\/wp\/v2\/pages\/33\/revisions\/27661"}],"wp:attachment":[{"href":"https:\/\/institucional.ufrrj.br\/portalcpda\/wp-json\/wp\/v2\/media?parent=33"}],"curies":[{"name":"wp","href":"https:\/\/api.w.org\/{rel}","templated":true}]}}