{"id":3267,"date":"2013-05-08T16:18:52","date_gmt":"2013-05-08T19:18:52","guid":{"rendered":"http:\/\/r1.ufrrj.br\/cpda\/?page_id=3267"},"modified":"2018-07-27T16:38:23","modified_gmt":"2018-07-27T19:38:23","slug":"teses-doutorado-2013","status":"publish","type":"page","link":"https:\/\/institucional.ufrrj.br\/portalcpda\/teses-doutorado-2013\/","title":{"rendered":"Teses Doutorado 2013"},"content":{"rendered":"<p>&nbsp;<\/p>\n<p><strong>MARIA LUIZA SILVA SANTOS<\/strong><br \/>\n<a href=\"https:\/\/sucupira.capes.gov.br\/sucupira\/public\/consultas\/coleta\/trabalhoConclusao\/viewTrabalhoConclusao.jsf?popup=true&amp;id_trabalho=89065\" target=\"_blank\" rel=\"noopener\"><strong>Fluxos migrat\u00f3rios no sul da Bahia: da realidade identit\u00e1ria do cacau \u00e0 realidade do ensino superior<\/strong><\/a><\/p>\n<p>Defesa: 19\/03\/2013<br \/>\nOrientador: Jorge Osvaldo Romano (CPDA\/UFRRJ)<\/p>\n<p>&nbsp;<\/p>\n<hr \/>\n<p><strong>ANDRE BAZZANELLA<\/strong><br \/>\n<a href=\"https:\/\/sucupira.capes.gov.br\/sucupira\/public\/consultas\/coleta\/trabalhoConclusao\/viewTrabalhoConclusao.jsf?popup=true&amp;id_trabalho=89084\" target=\"_blank\" rel=\"noopener\"><strong>O encantamento como campo simb\u00f3lico:uma abordagem est\u00e9tica das narrativas sobre a experi\u00eancia do fant\u00e1stico<\/strong><\/a><\/p>\n<p>Defesa: 01\/04\/2013<br \/>\nOrientadora: Eli de F\u00e1tima Napole\u00e3o de Lima (CPDA\/UFRRJ)<\/p>\n<p>&nbsp;<\/p>\n<hr \/>\n<p><strong>ELSON CEDRO MIRA<\/strong><br \/>\n<a href=\"https:\/\/sucupira.capes.gov.br\/sucupira\/public\/consultas\/coleta\/trabalhoConclusao\/viewTrabalhoConclusao.jsf?popup=true&amp;id_trabalho=89071\" target=\"_blank\" rel=\"noopener\"><strong>Mudan\u00e7a institucional e reconvers\u00e3o produtiva no sul da Bahia: uma leitura a partir de Douglas North<\/strong><\/a><\/p>\n<p>Defesa: 18\/04\/2013<br \/>\nOrientador: Sergio Pereira Leite (CPDA\/UFRRJ)<\/p>\n<p>&nbsp;<\/p>\n<hr \/>\n<p><strong>RAIMUNDO JORGE ZUMAETA COSTA<\/strong><br \/>\n<a href=\"https:\/\/sucupira.capes.gov.br\/sucupira\/public\/consultas\/coleta\/trabalhoConclusao\/viewTrabalhoConclusao.jsf?popup=true&amp;id_trabalho=89063\" target=\"_blank\" rel=\"noopener\"><strong>Sistemas de indicadores de sustentabilidade para gest\u00e3o e planejamento de recursos h\u00eddricos: o caso da bacia hidrogr\u00e1fica do Rio Almada \u2013 BA<\/strong><\/a><\/p>\n<p>Defesa: 18\/06\/2013<br \/>\nOrientador: Peter Herman May (CPDA\/UFRRJ)<\/p>\n<p>&nbsp;<\/p>\n<hr \/>\n<p><strong>MARCELO DUNCAN ALENCAR GUIMAR\u00c3ES<\/strong><br \/>\n<a href=\"https:\/\/sucupira.capes.gov.br\/sucupira\/public\/consultas\/coleta\/trabalhoConclusao\/viewTrabalhoConclusao.jsf?popup=true&amp;id_trabalho=135722\" target=\"_blank\" rel=\"noopener\"><strong>Desenvolvimento Rural: Territ\u00f3rios e Redes<\/strong><\/a><\/p>\n<p>Defesa: 21\/06\/2013<br \/>\nOrientador: Jorge Osvaldo Romano (CPDA\/UFRRJ)<\/p>\n<p>&nbsp;<\/p>\n<hr \/>\n<p><strong>FRANCISCO CLESSON DIAS MONTE<\/strong><br \/>\n<a href=\"https:\/\/sucupira.capes.gov.br\/sucupira\/public\/consultas\/coleta\/trabalhoConclusao\/viewTrabalhoConclusao.jsf?popup=true&amp;id_trabalho=135616\" target=\"_blank\" rel=\"noopener\"><strong>O Incra e a pol\u00edtica de assentamentos rurais: um estudo sobre processos pol\u00edtico-administrativos de a\u00e7\u00e3o p\u00fablica<\/strong><\/a><\/p>\n<p>Defesa: 01\/07\/2013<br \/>\nOrientador: Sergio Pereira Leite (CPDA\/UFRRJ)<\/p>\n<p>&nbsp;<\/p>\n<hr \/>\n<p><strong>FERNANDO RIOS DO NASCIMENTO<\/strong><br \/>\n<a href=\"https:\/\/sucupira.capes.gov.br\/sucupira\/public\/consultas\/coleta\/trabalhoConclusao\/viewTrabalhoConclusao.jsf?popup=true&amp;id_trabalho=415882\" target=\"_blank\" rel=\"noopener\"><strong>Cooperativismo na regi\u00e3o cacaueira da Bahia: fatores determinantes da paralisa\u00e7\u00e3o da Copercacau<\/strong><\/a><\/p>\n<p>Defesa: 30\/07\/2013<br \/>\nOrientador: John Wilkinson (CPDA\/UFRRJ)<\/p>\n<p>&nbsp;<\/p>\n<hr \/>\n<p><strong>KATIANNY GOMES SANTANA ESTIVAL<\/strong><br \/>\n<a href=\"https:\/\/sucupira.capes.gov.br\/sucupira\/public\/consultas\/coleta\/trabalhoConclusao\/viewTrabalhoConclusao.jsf?popup=true&amp;id_trabalho=581011\" target=\"_blank\" rel=\"noopener\"><strong>Constru\u00e7\u00e3o social do mercado de qualidade do cacau no Brasil<\/strong><\/a><\/p>\n<p>Defesa: 16\/08\/2013<br \/>\nOrientador: John Wilkinson (CPDA\/UFRRJ)<\/p>\n<p>&nbsp;<\/p>\n<hr \/>\n<p><strong>SOLANGE RODRIGUES DOS SANTOS CORREA<\/strong><br \/>\n<a href=\"https:\/\/sucupira.capes.gov.br\/sucupira\/public\/consultas\/coleta\/trabalhoConclusao\/viewTrabalhoConclusao.jsf?popup=true&amp;id_trabalho=416452\" target=\"_blank\" rel=\"noopener\"><strong>Avalia\u00e7\u00e3o social multicrit\u00e9rio da implanta\u00e7\u00e3o do Porto Sul, Ilh\u00e9us, BA<\/strong><\/a><\/p>\n<p>Defesa: 16\/08\/2013<br \/>\nOrientador: Peter Herman May (CPDA\/UFRRJ)<\/p>\n<p>&nbsp;<\/p>\n<hr \/>\n<p><strong>VALTER ALVES NASCIMENTO<\/strong><br \/>\n<a href=\"https:\/\/sucupira.capes.gov.br\/sucupira\/public\/consultas\/coleta\/trabalhoConclusao\/viewTrabalhoConclusao.jsf?popup=true&amp;id_trabalho=416113\" target=\"_blank\" rel=\"noopener\"><strong>As rela\u00e7\u00f5es sociais e econ\u00f4micas da nova parceria na cacauicultura baiana<\/strong><\/a><\/p>\n<p>Defesa: 29\/08\/2013<br \/>\nOrientador: Roberto Jos\u00e9 Moreira (CPDA\/UFRRJ)<\/p>\n<p>&nbsp;<\/p>\n<hr \/>\n<p><strong>ALESSANDRO FERNANDES DE SANTANA<\/strong><br \/>\n<a href=\"https:\/\/sucupira.capes.gov.br\/sucupira\/public\/consultas\/coleta\/trabalhoConclusao\/viewTrabalhoConclusao.jsf?popup=true&amp;id_trabalho=415965\" target=\"_blank\" rel=\"noopener\"><strong>An\u00e1lise do Programa De Aquisi\u00e7\u00e3o De Alimento (PAA) como um vetor de fomento para a agricultura familiar no munic\u00edpio de Ilh\u00e9us \u2013 BA: o caso da Coofasulba<\/strong><\/a><\/p>\n<p>Defesa: 30\/08\/2013<br \/>\nOrientador: Jorge Osvaldo Romano (CPDA\/UFRRJ)<\/p>\n<p>&nbsp;<\/p>\n<hr \/>\n<p><strong>MEIRE NUBIA SANTOS DE SANTANA<\/strong><br \/>\n<a href=\"https:\/\/sucupira.capes.gov.br\/sucupira\/public\/consultas\/coleta\/trabalhoConclusao\/viewTrabalhoConclusao.jsf?popup=true&amp;id_trabalho=416035\" target=\"_blank\" rel=\"noopener\"><strong>Controle social na pol\u00edtica de sa\u00fade de Ilh\u00e9us \u2013 BA: a experi\u00eancia do Conselho Municipal de Sa\u00fade no per\u00edodo de 2000 a 2010<\/strong><\/a><\/p>\n<p>Defesa: 02\/09\/2013<br \/>\nOrientador: Nelson Giordano Delgado (CPDA\/UFRRJ)<\/p>\n<p>&nbsp;<\/p>\n<hr \/>\n<p><strong>SILVIA LIMA DE AQUINO<\/strong><br \/>\n<a href=\"https:\/\/sucupira.capes.gov.br\/sucupira\/public\/consultas\/coleta\/trabalhoConclusao\/viewTrabalhoConclusao.jsf?popup=true&amp;id_trabalho=216939\" target=\"_blank\" rel=\"noopener\"><strong>Sobre agricultores, cultivo de eucalipto e estrat\u00e9gias agroindustriais: resistir e adaptar-se ao sistema de produ\u00e7\u00e3o integrada<\/strong><\/a><\/p>\n<p>Defesa: 30\/09\/2013<br \/>\nOrientador: Nelson Giordano Delgado (CPDA\/UFRRJ)<\/p>\n<p>&nbsp;<\/p>\n<hr \/>\n<p><strong>JO\u00c3O AUGUSTO DE ANDRADE NETO<\/strong><br \/>\n<a href=\"https:\/\/sucupira.capes.gov.br\/sucupira\/public\/consultas\/coleta\/trabalhoConclusao\/viewTrabalhoConclusao.jsf?popup=true&amp;id_trabalho=216906\" target=\"_blank\" rel=\"noopener\"><strong>Coopera\u00e7\u00e3o e organiza\u00e7\u00e3o em assentamentos rurais: a proposta das comunas da terra e a virada do MST para os urbanos<\/strong><\/a><\/p>\n<p>Defesa: 11\/10\/2013<br \/>\nOrientadora: Leonilde Servolo de Medeiros (CPDA\/UFRRJ)<\/p>\n<p>&nbsp;<\/p>\n<hr \/>\n<p><strong>MARCIA CRISTINA RODRIGUES COVA<\/strong><br \/>\n<a href=\"https:\/\/sucupira.capes.gov.br\/sucupira\/public\/consultas\/coleta\/trabalhoConclusao\/viewTrabalhoConclusao.jsf?popup=true&amp;id_trabalho=283985\" target=\"_blank\" rel=\"noopener\"><strong>Pol\u00edtica Nacional de Qualifica\u00e7\u00e3o Profissional: os desafios da qualifica\u00e7\u00e3o profissional rural<\/strong><\/a><\/p>\n<p>Defesa: 22\/10\/2013<br \/>\nOrientadora: Elisa Guaran\u00e1 de Castro (CPDA\/UFRRJ)<\/p>\n<p>&nbsp;<\/p>\n<hr \/>\n<p><strong>ROSANA DOS SANTOS LOPES<\/strong><br \/>\n<a href=\"https:\/\/sucupira.capes.gov.br\/sucupira\/public\/consultas\/coleta\/trabalhoConclusao\/viewTrabalhoConclusao.jsf?popup=true&amp;id_trabalho=416367\" target=\"_blank\" rel=\"noopener\"><strong>A arte de boiar o barco: carpintaria naval como um bem cultural de Caja\u00edba, Camamu \u2013 Bahia<\/strong><\/a><\/p>\n<p>Defesa: 30\/10\/2013<br \/>\nOrientador: Luiz Flavio de Carvalho Costa (CPDA\/UFRRJ)<\/p>\n<p>&nbsp;<\/p>\n<hr \/>\n<p><strong>MARIA JOSEFINA VERVLOET FONTES<\/strong><br \/>\n<a href=\"https:\/\/sucupira.capes.gov.br\/sucupira\/public\/consultas\/coleta\/trabalhoConclusao\/viewTrabalhoConclusao.jsf?popup=true&amp;id_trabalho=228115\" target=\"_blank\" rel=\"noopener\"><strong>Do cacau ao chocolate: trajet\u00f3ria, inova\u00e7\u00f5es e perspectivas das micro e pequenas agroind\u00fastrias de cacau\/chocolate<\/strong><\/a><\/p>\n<p>Defesa: 05\/11\/2013<br \/>\nOrientador: John Wilkinson (CPDA\/UFRRJ)<\/p>\n<p>&nbsp;<br \/>\n&nbsp;<\/p>\n","protected":false},"excerpt":{"rendered":"<p>&nbsp; MARIA LUIZA SILVA SANTOS Fluxos migrat\u00f3rios no sul da Bahia: da realidade identit\u00e1ria do cacau \u00e0 realidade do ensino <a class=\"read-more\" href=\"https:\/\/institucional.ufrrj.br\/portalcpda\/teses-doutorado-2013\/ \" >&#8230; <span class=\"font-italic\">leia mais <i class=\"fas fa-angle-right\"><\/i><\/span><\/a><\/p>\n","protected":false},"author":634,"featured_media":0,"parent":0,"menu_order":0,"comment_status":"open","ping_status":"open","template":"","meta":{"_acf_changed":false,"footnotes":""},"class_list":["post-3267","page","type-page","status-publish","hentry"],"yoast_head":"<!-- This site is optimized with the Yoast SEO plugin v27.2 - https:\/\/yoast.com\/product\/yoast-seo-wordpress\/ -->\n<title>Teses Doutorado 2013 - CPDA<\/title>\n<meta name=\"robots\" content=\"index, follow, max-snippet:-1, max-image-preview:large, max-video-preview:-1\" \/>\n<link rel=\"canonical\" href=\"https:\/\/institucional.ufrrj.br\/portalcpda\/teses-doutorado-2013\/\" \/>\n<meta property=\"og:locale\" content=\"pt_BR\" \/>\n<meta property=\"og:type\" content=\"article\" \/>\n<meta property=\"og:title\" content=\"Teses Doutorado 2013 - CPDA\" \/>\n<meta property=\"og:description\" content=\"&nbsp; MARIA LUIZA SILVA SANTOS Fluxos migrat\u00f3rios no sul da Bahia: da realidade identit\u00e1ria do cacau \u00e0 realidade do ensino ... leia mais\" \/>\n<meta property=\"og:url\" content=\"https:\/\/institucional.ufrrj.br\/portalcpda\/teses-doutorado-2013\/\" \/>\n<meta property=\"og:site_name\" content=\"CPDA\" \/>\n<meta property=\"article:modified_time\" content=\"2018-07-27T19:38:23+00:00\" \/>\n<meta name=\"twitter:card\" content=\"summary_large_image\" \/>\n<meta name=\"twitter:label1\" content=\"Est. tempo de leitura\" \/>\n\t<meta name=\"twitter:data1\" content=\"3 minutos\" \/>\n<script type=\"application\/ld+json\" class=\"yoast-schema-graph\">{\"@context\":\"https:\/\/schema.org\",\"@graph\":[{\"@type\":\"WebPage\",\"@id\":\"https:\/\/institucional.ufrrj.br\/portalcpda\/teses-doutorado-2013\/\",\"url\":\"https:\/\/institucional.ufrrj.br\/portalcpda\/teses-doutorado-2013\/\",\"name\":\"Teses Doutorado 2013 - CPDA\",\"isPartOf\":{\"@id\":\"https:\/\/institucional.ufrrj.br\/portalcpda\/#website\"},\"datePublished\":\"2013-05-08T19:18:52+00:00\",\"dateModified\":\"2018-07-27T19:38:23+00:00\",\"breadcrumb\":{\"@id\":\"https:\/\/institucional.ufrrj.br\/portalcpda\/teses-doutorado-2013\/#breadcrumb\"},\"inLanguage\":\"pt-BR\",\"potentialAction\":[{\"@type\":\"ReadAction\",\"target\":[\"https:\/\/institucional.ufrrj.br\/portalcpda\/teses-doutorado-2013\/\"]}]},{\"@type\":\"BreadcrumbList\",\"@id\":\"https:\/\/institucional.ufrrj.br\/portalcpda\/teses-doutorado-2013\/#breadcrumb\",\"itemListElement\":[{\"@type\":\"ListItem\",\"position\":1,\"name\":\"In\u00edcio\",\"item\":\"https:\/\/institucional.ufrrj.br\/portalcpda\/\"},{\"@type\":\"ListItem\",\"position\":2,\"name\":\"Teses Doutorado 2013\"}]},{\"@type\":\"WebSite\",\"@id\":\"https:\/\/institucional.ufrrj.br\/portalcpda\/#website\",\"url\":\"https:\/\/institucional.ufrrj.br\/portalcpda\/\",\"name\":\"CPDA\",\"description\":\"institucional.ufrrj.br\",\"potentialAction\":[{\"@type\":\"SearchAction\",\"target\":{\"@type\":\"EntryPoint\",\"urlTemplate\":\"https:\/\/institucional.ufrrj.br\/portalcpda\/?s={search_term_string}\"},\"query-input\":{\"@type\":\"PropertyValueSpecification\",\"valueRequired\":true,\"valueName\":\"search_term_string\"}}],\"inLanguage\":\"pt-BR\"}]}<\/script>\n<!-- \/ Yoast SEO plugin. -->","yoast_head_json":{"title":"Teses Doutorado 2013 - CPDA","robots":{"index":"index","follow":"follow","max-snippet":"max-snippet:-1","max-image-preview":"max-image-preview:large","max-video-preview":"max-video-preview:-1"},"canonical":"https:\/\/institucional.ufrrj.br\/portalcpda\/teses-doutorado-2013\/","og_locale":"pt_BR","og_type":"article","og_title":"Teses Doutorado 2013 - CPDA","og_description":"&nbsp; MARIA LUIZA SILVA SANTOS Fluxos migrat\u00f3rios no sul da Bahia: da realidade identit\u00e1ria do cacau \u00e0 realidade do ensino ... leia mais","og_url":"https:\/\/institucional.ufrrj.br\/portalcpda\/teses-doutorado-2013\/","og_site_name":"CPDA","article_modified_time":"2018-07-27T19:38:23+00:00","twitter_card":"summary_large_image","twitter_misc":{"Est. tempo de leitura":"3 minutos"},"schema":{"@context":"https:\/\/schema.org","@graph":[{"@type":"WebPage","@id":"https:\/\/institucional.ufrrj.br\/portalcpda\/teses-doutorado-2013\/","url":"https:\/\/institucional.ufrrj.br\/portalcpda\/teses-doutorado-2013\/","name":"Teses Doutorado 2013 - CPDA","isPartOf":{"@id":"https:\/\/institucional.ufrrj.br\/portalcpda\/#website"},"datePublished":"2013-05-08T19:18:52+00:00","dateModified":"2018-07-27T19:38:23+00:00","breadcrumb":{"@id":"https:\/\/institucional.ufrrj.br\/portalcpda\/teses-doutorado-2013\/#breadcrumb"},"inLanguage":"pt-BR","potentialAction":[{"@type":"ReadAction","target":["https:\/\/institucional.ufrrj.br\/portalcpda\/teses-doutorado-2013\/"]}]},{"@type":"BreadcrumbList","@id":"https:\/\/institucional.ufrrj.br\/portalcpda\/teses-doutorado-2013\/#breadcrumb","itemListElement":[{"@type":"ListItem","position":1,"name":"In\u00edcio","item":"https:\/\/institucional.ufrrj.br\/portalcpda\/"},{"@type":"ListItem","position":2,"name":"Teses Doutorado 2013"}]},{"@type":"WebSite","@id":"https:\/\/institucional.ufrrj.br\/portalcpda\/#website","url":"https:\/\/institucional.ufrrj.br\/portalcpda\/","name":"CPDA","description":"institucional.ufrrj.br","potentialAction":[{"@type":"SearchAction","target":{"@type":"EntryPoint","urlTemplate":"https:\/\/institucional.ufrrj.br\/portalcpda\/?s={search_term_string}"},"query-input":{"@type":"PropertyValueSpecification","valueRequired":true,"valueName":"search_term_string"}}],"inLanguage":"pt-BR"}]}},"acf":[],"_links":{"self":[{"href":"https:\/\/institucional.ufrrj.br\/portalcpda\/wp-json\/wp\/v2\/pages\/3267","targetHints":{"allow":["GET"]}}],"collection":[{"href":"https:\/\/institucional.ufrrj.br\/portalcpda\/wp-json\/wp\/v2\/pages"}],"about":[{"href":"https:\/\/institucional.ufrrj.br\/portalcpda\/wp-json\/wp\/v2\/types\/page"}],"author":[{"embeddable":true,"href":"https:\/\/institucional.ufrrj.br\/portalcpda\/wp-json\/wp\/v2\/users\/634"}],"replies":[{"embeddable":true,"href":"https:\/\/institucional.ufrrj.br\/portalcpda\/wp-json\/wp\/v2\/comments?post=3267"}],"version-history":[{"count":3,"href":"https:\/\/institucional.ufrrj.br\/portalcpda\/wp-json\/wp\/v2\/pages\/3267\/revisions"}],"predecessor-version":[{"id":14786,"href":"https:\/\/institucional.ufrrj.br\/portalcpda\/wp-json\/wp\/v2\/pages\/3267\/revisions\/14786"}],"wp:attachment":[{"href":"https:\/\/institucional.ufrrj.br\/portalcpda\/wp-json\/wp\/v2\/media?parent=3267"}],"curies":[{"name":"wp","href":"https:\/\/api.w.org\/{rel}","templated":true}]}}