{"id":3265,"date":"2017-07-25T08:20:30","date_gmt":"2017-07-25T11:20:30","guid":{"rendered":"http:\/\/r1.ufrrj.br\/cpda\/?page_id=3265"},"modified":"2018-07-27T13:01:29","modified_gmt":"2018-07-27T16:01:29","slug":"dissertacoes-mestrado-2013","status":"publish","type":"page","link":"https:\/\/institucional.ufrrj.br\/portalcpda\/dissertacoes-mestrado-2013\/","title":{"rendered":"Disserta\u00e7\u00f5es Mestrado 2013"},"content":{"rendered":"<p>&nbsp;<\/p>\n<p><strong>GABRIEL PEREIRA DA SILVA TEIXEIRA<\/strong><br \/>\n<a href=\"https:\/\/sucupira.capes.gov.br\/sucupira\/public\/consultas\/coleta\/trabalhoConclusao\/viewTrabalhoConclusao.jsf?popup=true&amp;id_trabalho=106575\" target=\"_blank\" rel=\"noopener\"><strong>Trabalho, tripartitismo e processos sociais: contribui\u00e7\u00f5es sobre o compromisso nacional da cana-de-a\u00e7\u00facar<\/strong><\/a><\/p>\n<p>Defesa: 19\/04\/2013<br \/>\nOrientador: John Wilkinson (CPDA\/UFRRJ)<\/p>\n<p>&nbsp;<\/p>\n<hr \/>\n<p><strong>TIAGO MARTINS SIMOES<\/strong><br \/>\n<a href=\"https:\/\/sucupira.capes.gov.br\/sucupira\/public\/consultas\/coleta\/trabalhoConclusao\/viewTrabalhoConclusao.jsf?popup=true&amp;id_trabalho=106546\" target=\"_blank\" rel=\"noopener\"><strong>Pol\u00edticas de previd\u00eancia e sa\u00fade no trabalho e os trabalhadores e trabalhadoras canavieiras de Campos dos Goytacazes<\/strong><\/a><\/p>\n<p>Defesa: 10\/06\/2013<br \/>\nOrientador: Luiz Flavio de Carvalho Costa (CPDA\/UFRRJ)<\/p>\n<p>&nbsp;<\/p>\n<hr \/>\n<p><strong>VIVIANE SOARES LANCA<\/strong><br \/>\n<a href=\"https:\/\/sucupira.capes.gov.br\/sucupira\/public\/consultas\/coleta\/trabalhoConclusao\/viewTrabalhoConclusao.jsf?popup=true&amp;id_trabalho=106543\" target=\"_blank\" rel=\"noopener\"><strong>Desafios para pol\u00edticas de apoio \u00e0 agricultura familiar em \u00e1rea periurbana: o caso da cooperativa Univerde \u2013 Nova Igua\u00e7u\/RJ<\/strong><\/a><\/p>\n<p>Defesa: 15\/08\/2013<br \/>\nOrientador: Renato Sergio Jamil Maluf (CPDA\/UFRRJ)<\/p>\n<p>&nbsp;<\/p>\n<hr \/>\n<p><strong>VICTOR TINOCO DE SOUZA<\/strong><br \/>\n<a href=\"https:\/\/sucupira.capes.gov.br\/sucupira\/public\/consultas\/coleta\/trabalhoConclusao\/viewTrabalhoConclusao.jsf?popup=true&amp;id_trabalho=106545\" target=\"_blank\" rel=\"noopener\"><strong>Sociabilidade e territ\u00f3rio de um assentamento rural pr\u00f3ximo a \u00e1rea urbana: os la\u00e7os entre o Assentamento Marapicu e o bairro Alian\u00e7a, RJ<\/strong><\/a><\/p>\n<p>Defesa: 20\/08\/2013<br \/>\nOrientador: Luiz Flavio de Carvalho Costa (CPDA\/UFRRJ)<\/p>\n<p>&nbsp;<\/p>\n<hr \/>\n<p><strong>DIOGENES LUIZ DA SILVA<\/strong><br \/>\n<a href=\"https:\/\/sucupira.capes.gov.br\/sucupira\/public\/consultas\/coleta\/trabalhoConclusao\/viewTrabalhoConclusao.jsf?popup=true&amp;id_trabalho=83405\" target=\"_blank\" rel=\"noopener\"><strong>Do latif\u00fandio ao agroneg\u00f3cio: os advers\u00e1rios do MST no Jornal Sem Terra<\/strong><\/a><\/p>\n<p>Defesa: 22\/08\/2013<br \/>\nOrientadora: Leonilde Servolo de Medeiros (CPDA\/UFRRJ)<\/p>\n<p>&nbsp;<\/p>\n<hr \/>\n<p><strong>ANA LUIZA CLEMENTINO DA SILVA<\/strong><br \/>\n<a href=\"https:\/\/sucupira.capes.gov.br\/sucupira\/public\/consultas\/coleta\/trabalhoConclusao\/viewTrabalhoConclusao.jsf?popup=true&amp;id_trabalho=106586\" target=\"_blank\" rel=\"noopener\"><strong>Projeto Pecu\u00e1ria Verde: a transforma\u00e7\u00e3o do bin\u00f4mio pecu\u00e1ria-desmatamento<\/strong><\/a><\/p>\n<p>Defesa: 30\/08\/2013<br \/>\nOrientador: Peter Herman May (CPDA\/UFRRJ)<\/p>\n<p>&nbsp;<\/p>\n<hr \/>\n<p><strong>TERESA MONICA MAIA DE CARVALHO<\/strong><br \/>\n<a href=\"https:\/\/sucupira.capes.gov.br\/sucupira\/public\/consultas\/coleta\/trabalhoConclusao\/viewTrabalhoConclusao.jsf?popup=true&amp;id_trabalho=199545\" target=\"_blank\" rel=\"noopener\"><strong>Caminhos e descaminhos do repert\u00f3rio de a\u00e7\u00e3o dos mediadores rurais: a atua\u00e7\u00e3o da Contag e do MST na circunst\u00e2ncia da transi\u00e7\u00e3o democr\u00e1tica<\/strong><\/a><\/p>\n<p>Defesa: 16\/09\/2013<br \/>\nOrientador: Raimundo Santos (CPDA\/UFRRJ)<\/p>\n<p>&nbsp;<\/p>\n<hr \/>\n<p><strong>PEDRO CAMPEAO FERREIRA<\/strong><br \/>\n<a href=\"https:\/\/sucupira.capes.gov.br\/sucupira\/public\/consultas\/coleta\/trabalhoConclusao\/viewTrabalhoConclusao.jsf?popup=true&amp;id_trabalho=374711\" target=\"_blank\" rel=\"noopener\"><strong>Entre a estrutura e a a\u00e7\u00e3o: as intera\u00e7\u00f5es entre produtores e mercados de escoamento da produ\u00e7\u00e3o agr\u00edcola no PA Francisco Juli\u00e3o<\/strong><\/a><\/p>\n<p>Defesa: 17\/09\/2013<br \/>\nOrientadora: Claudia Job Schmitt (CPDA\/UFRRJ)<\/p>\n<p>&nbsp;<\/p>\n<hr \/>\n<p><strong>INES FRIDMAN GARCIA<\/strong><br \/>\n<a href=\"https:\/\/sucupira.capes.gov.br\/sucupira\/public\/consultas\/coleta\/trabalhoConclusao\/viewTrabalhoConclusao.jsf?popup=true&amp;id_trabalho=199811\" target=\"_blank\" rel=\"noopener\"><strong>Conviv\u00eancia com o semin\u00e1rio e organiza\u00e7\u00e3o da sociedade civil no Sert\u00e3o do Araripe (PE)<\/strong><\/a><\/p>\n<p>Defesa: 20\/09\/2013<br \/>\nOrientador: Nelson Giordano Delgado (CPDA\/UFRRJ)<\/p>\n<p>&nbsp;<\/p>\n<hr \/>\n<p><strong>IBY MONTENEGRO DE SILVA<\/strong><br \/>\n<a href=\"https:\/\/sucupira.capes.gov.br\/sucupira\/public\/consultas\/coleta\/trabalhoConclusao\/viewTrabalhoConclusao.jsf?popup=true&amp;id_trabalho=199197\" target=\"_blank\" rel=\"noopener\"><strong>A Contag em perspectiva: um estudo sobre a forma\u00e7\u00e3o pol\u00edtica<\/strong><\/a><\/p>\n<p>Defesa: 04\/10\/2013<br \/>\nOrientadora: Leonilde Servolo de Medeiros (CPDA\/UFRRJ)<\/p>\n<p>&nbsp;<\/p>\n<hr \/>\n<p><strong>NATALIA ALMEIDA SOUZA<\/strong><br \/>\n<a href=\"https:\/\/sucupira.capes.gov.br\/sucupira\/public\/consultas\/coleta\/trabalhoConclusao\/viewTrabalhoConclusao.jsf?popup=true&amp;id_trabalho=282404\" target=\"_blank\" rel=\"noopener\"><strong>O olhar do aprendizado sobre as pol\u00edticas p\u00fablicas: as diferentes apropria\u00e7\u00f5es do programa de aquisi\u00e7\u00e3o de alimentos em Itapeva-SP<\/strong><\/a><\/p>\n<p>Defesa: 04\/10\/2013<br \/>\nOrientador: Jorge Osvaldo Romano (CPDA\/UFRRJ)<\/p>\n<p>&nbsp;<\/p>\n<hr \/>\n<p><strong>LUCIANA CARVALHO E SOUZA<\/strong><br \/>\n<a href=\"https:\/\/sucupira.capes.gov.br\/sucupira\/public\/consultas\/coleta\/trabalhoConclusao\/viewTrabalhoConclusao.jsf?popup=true&amp;id_trabalho=217443\" target=\"_blank\" rel=\"noopener\"><strong>O agroneg\u00f3cio da pecu\u00e1ria no Tri\u00e2ngulo Mineiro\/ Alto Parana\u00edba: rela\u00e7\u00f5es de poder e pol\u00edticas p\u00fablicas de 1990 a 2010<\/strong><\/a><\/p>\n<p>Defesa: 11\/10\/2013<br \/>\nOrientador: Sergio Pereira Leite (CPDA\/UFRRJ)<\/p>\n<p>&nbsp;<\/p>\n<hr \/>\n<p><strong>MICHELLE FERRETI<\/strong><br \/>\n<a href=\"https:\/\/sucupira.capes.gov.br\/sucupira\/public\/consultas\/coleta\/trabalhoConclusao\/viewTrabalhoConclusao.jsf?popup=true&amp;id_trabalho=374856\" target=\"_blank\" rel=\"noopener\"><strong>Quando as lutas sociais reinventam a participa\u00e7\u00e3o no licenciamento ambiental, o caso das hidrel\u00e9tricas de Riacho Seco e Pedra Branca<\/strong><\/a><\/p>\n<p>Defesa: 18\/10\/2013<br \/>\nOrientador: Raimundo Santos (CPDA\/UFRRJ)<\/p>\n<p>&nbsp;<\/p>\n<hr \/>\n<p><strong>JULIANA GON\u00c7ALVES DE OLIVEIRA FERREIRA<\/strong><br \/>\n<a href=\"https:\/\/sucupira.capes.gov.br\/sucupira\/public\/consultas\/coleta\/trabalhoConclusao\/viewTrabalhoConclusao.jsf?popup=true&amp;id_trabalho=547040\" target=\"_blank\" rel=\"noopener\"><strong>A luta agrorreformista da Associa\u00e7\u00e3o Brasileira de Reforma Agr\u00e1ria (Abra) \u2013 1964\/1974<\/strong><\/a><\/p>\n<p>Defesa: 21\/10\/2013<br \/>\nOrientador: Nelson Giordano Delgado (CPDA\/UFRRJ)<\/p>\n<p>&nbsp;<\/p>\n<hr \/>\n<p><strong>PATRICIA DE ARAUJO SILVA<\/strong><br \/>\n<a href=\"https:\/\/sucupira.capes.gov.br\/sucupira\/public\/consultas\/coleta\/trabalhoConclusao\/viewTrabalhoConclusao.jsf?popup=true&amp;id_trabalho=283500\" target=\"_blank\" rel=\"noopener\"><strong>O mar \u00e9 masculino? O trabalho das mulheres na maricultura, Ponta da Ilha\/Jurujuba, Niter\u00f3i\/RJ<\/strong><\/a><\/p>\n<p>Defesa: 22\/10\/2013<br \/>\nOrientadora: Elisa Guaran\u00e1 de Castro (CPDA\/UFRRJ)<\/p>\n<p>&nbsp;<\/p>\n<hr \/>\n<p><strong>RAQUEL DIAS TEIXEIRA<\/strong><br \/>\n<a href=\"https:\/\/sucupira.capes.gov.br\/sucupira\/public\/consultas\/coleta\/trabalhoConclusao\/viewTrabalhoConclusao.jsf?popup=true&amp;id_trabalho=309290\" target=\"_blank\" rel=\"noopener\"><strong>A po\u00e9tica do cavalo-marinho: brincadeira-ritual na Zona da Mata pernambucana<\/strong><\/a><\/p>\n<p>Defesa: 23\/10\/2013<br \/>\nOrientador: Andrey Cordeiro Ferreira (CPDA\/UFRRJ)<\/p>\n<p>&nbsp;<\/p>\n<hr \/>\n<p><strong>DAMIANA DE SOUSA CAMPOS<\/strong><br \/>\n<a href=\"https:\/\/sucupira.capes.gov.br\/sucupira\/public\/consultas\/coleta\/trabalhoConclusao\/viewTrabalhoConclusao.jsf?popup=true&amp;id_trabalho=560193\" target=\"_blank\" rel=\"noopener\"><strong>Quando a mata se torna Atl\u00e2ntica: dilemas da gest\u00e3o integrada dos mosaicos de \u00e1reas protegidas<\/strong><\/a><\/p>\n<p>Defesa: 30\/10\/2013<br \/>\nOrientadora: Maria Jos\u00e9 Teixeira Carneiro (CPDA\/UFRRJ)<\/p>\n<p>&nbsp;<\/p>\n<p>&nbsp;<\/p>\n","protected":false},"excerpt":{"rendered":"<p>&nbsp; GABRIEL PEREIRA DA SILVA TEIXEIRA Trabalho, tripartitismo e processos sociais: contribui\u00e7\u00f5es sobre o compromisso nacional da cana-de-a\u00e7\u00facar Defesa: 19\/04\/2013 <a class=\"read-more\" href=\"https:\/\/institucional.ufrrj.br\/portalcpda\/dissertacoes-mestrado-2013\/ \" >&#8230; <span class=\"font-italic\">leia mais <i class=\"fas fa-angle-right\"><\/i><\/span><\/a><\/p>\n","protected":false},"author":634,"featured_media":0,"parent":0,"menu_order":0,"comment_status":"open","ping_status":"open","template":"","meta":{"_acf_changed":false,"footnotes":""},"class_list":["post-3265","page","type-page","status-publish","hentry"],"yoast_head":"<!-- This site is optimized with the Yoast SEO plugin v27.2 - https:\/\/yoast.com\/product\/yoast-seo-wordpress\/ -->\n<title>Disserta\u00e7\u00f5es Mestrado 2013 - CPDA<\/title>\n<meta name=\"robots\" content=\"index, follow, max-snippet:-1, max-image-preview:large, max-video-preview:-1\" \/>\n<link rel=\"canonical\" href=\"https:\/\/institucional.ufrrj.br\/portalcpda\/dissertacoes-mestrado-2013\/\" \/>\n<meta property=\"og:locale\" content=\"pt_BR\" \/>\n<meta property=\"og:type\" content=\"article\" \/>\n<meta property=\"og:title\" content=\"Disserta\u00e7\u00f5es Mestrado 2013 - CPDA\" \/>\n<meta property=\"og:description\" content=\"&nbsp; GABRIEL PEREIRA DA SILVA TEIXEIRA Trabalho, tripartitismo e processos sociais: contribui\u00e7\u00f5es sobre o compromisso nacional da cana-de-a\u00e7\u00facar Defesa: 19\/04\/2013 ... leia mais\" \/>\n<meta property=\"og:url\" content=\"https:\/\/institucional.ufrrj.br\/portalcpda\/dissertacoes-mestrado-2013\/\" \/>\n<meta property=\"og:site_name\" content=\"CPDA\" \/>\n<meta property=\"article:modified_time\" content=\"2018-07-27T16:01:29+00:00\" \/>\n<meta name=\"twitter:card\" content=\"summary_large_image\" \/>\n<meta name=\"twitter:label1\" content=\"Est. tempo de leitura\" \/>\n\t<meta name=\"twitter:data1\" content=\"3 minutos\" \/>\n<script type=\"application\/ld+json\" class=\"yoast-schema-graph\">{\"@context\":\"https:\/\/schema.org\",\"@graph\":[{\"@type\":\"WebPage\",\"@id\":\"https:\/\/institucional.ufrrj.br\/portalcpda\/dissertacoes-mestrado-2013\/\",\"url\":\"https:\/\/institucional.ufrrj.br\/portalcpda\/dissertacoes-mestrado-2013\/\",\"name\":\"Disserta\u00e7\u00f5es Mestrado 2013 - CPDA\",\"isPartOf\":{\"@id\":\"https:\/\/institucional.ufrrj.br\/portalcpda\/#website\"},\"datePublished\":\"2017-07-25T11:20:30+00:00\",\"dateModified\":\"2018-07-27T16:01:29+00:00\",\"breadcrumb\":{\"@id\":\"https:\/\/institucional.ufrrj.br\/portalcpda\/dissertacoes-mestrado-2013\/#breadcrumb\"},\"inLanguage\":\"pt-BR\",\"potentialAction\":[{\"@type\":\"ReadAction\",\"target\":[\"https:\/\/institucional.ufrrj.br\/portalcpda\/dissertacoes-mestrado-2013\/\"]}]},{\"@type\":\"BreadcrumbList\",\"@id\":\"https:\/\/institucional.ufrrj.br\/portalcpda\/dissertacoes-mestrado-2013\/#breadcrumb\",\"itemListElement\":[{\"@type\":\"ListItem\",\"position\":1,\"name\":\"In\u00edcio\",\"item\":\"https:\/\/institucional.ufrrj.br\/portalcpda\/\"},{\"@type\":\"ListItem\",\"position\":2,\"name\":\"Disserta\u00e7\u00f5es Mestrado 2013\"}]},{\"@type\":\"WebSite\",\"@id\":\"https:\/\/institucional.ufrrj.br\/portalcpda\/#website\",\"url\":\"https:\/\/institucional.ufrrj.br\/portalcpda\/\",\"name\":\"CPDA\",\"description\":\"institucional.ufrrj.br\",\"potentialAction\":[{\"@type\":\"SearchAction\",\"target\":{\"@type\":\"EntryPoint\",\"urlTemplate\":\"https:\/\/institucional.ufrrj.br\/portalcpda\/?s={search_term_string}\"},\"query-input\":{\"@type\":\"PropertyValueSpecification\",\"valueRequired\":true,\"valueName\":\"search_term_string\"}}],\"inLanguage\":\"pt-BR\"}]}<\/script>\n<!-- \/ Yoast SEO plugin. -->","yoast_head_json":{"title":"Disserta\u00e7\u00f5es Mestrado 2013 - CPDA","robots":{"index":"index","follow":"follow","max-snippet":"max-snippet:-1","max-image-preview":"max-image-preview:large","max-video-preview":"max-video-preview:-1"},"canonical":"https:\/\/institucional.ufrrj.br\/portalcpda\/dissertacoes-mestrado-2013\/","og_locale":"pt_BR","og_type":"article","og_title":"Disserta\u00e7\u00f5es Mestrado 2013 - CPDA","og_description":"&nbsp; GABRIEL PEREIRA DA SILVA TEIXEIRA Trabalho, tripartitismo e processos sociais: contribui\u00e7\u00f5es sobre o compromisso nacional da cana-de-a\u00e7\u00facar Defesa: 19\/04\/2013 ... leia mais","og_url":"https:\/\/institucional.ufrrj.br\/portalcpda\/dissertacoes-mestrado-2013\/","og_site_name":"CPDA","article_modified_time":"2018-07-27T16:01:29+00:00","twitter_card":"summary_large_image","twitter_misc":{"Est. tempo de leitura":"3 minutos"},"schema":{"@context":"https:\/\/schema.org","@graph":[{"@type":"WebPage","@id":"https:\/\/institucional.ufrrj.br\/portalcpda\/dissertacoes-mestrado-2013\/","url":"https:\/\/institucional.ufrrj.br\/portalcpda\/dissertacoes-mestrado-2013\/","name":"Disserta\u00e7\u00f5es Mestrado 2013 - CPDA","isPartOf":{"@id":"https:\/\/institucional.ufrrj.br\/portalcpda\/#website"},"datePublished":"2017-07-25T11:20:30+00:00","dateModified":"2018-07-27T16:01:29+00:00","breadcrumb":{"@id":"https:\/\/institucional.ufrrj.br\/portalcpda\/dissertacoes-mestrado-2013\/#breadcrumb"},"inLanguage":"pt-BR","potentialAction":[{"@type":"ReadAction","target":["https:\/\/institucional.ufrrj.br\/portalcpda\/dissertacoes-mestrado-2013\/"]}]},{"@type":"BreadcrumbList","@id":"https:\/\/institucional.ufrrj.br\/portalcpda\/dissertacoes-mestrado-2013\/#breadcrumb","itemListElement":[{"@type":"ListItem","position":1,"name":"In\u00edcio","item":"https:\/\/institucional.ufrrj.br\/portalcpda\/"},{"@type":"ListItem","position":2,"name":"Disserta\u00e7\u00f5es Mestrado 2013"}]},{"@type":"WebSite","@id":"https:\/\/institucional.ufrrj.br\/portalcpda\/#website","url":"https:\/\/institucional.ufrrj.br\/portalcpda\/","name":"CPDA","description":"institucional.ufrrj.br","potentialAction":[{"@type":"SearchAction","target":{"@type":"EntryPoint","urlTemplate":"https:\/\/institucional.ufrrj.br\/portalcpda\/?s={search_term_string}"},"query-input":{"@type":"PropertyValueSpecification","valueRequired":true,"valueName":"search_term_string"}}],"inLanguage":"pt-BR"}]}},"acf":[],"_links":{"self":[{"href":"https:\/\/institucional.ufrrj.br\/portalcpda\/wp-json\/wp\/v2\/pages\/3265","targetHints":{"allow":["GET"]}}],"collection":[{"href":"https:\/\/institucional.ufrrj.br\/portalcpda\/wp-json\/wp\/v2\/pages"}],"about":[{"href":"https:\/\/institucional.ufrrj.br\/portalcpda\/wp-json\/wp\/v2\/types\/page"}],"author":[{"embeddable":true,"href":"https:\/\/institucional.ufrrj.br\/portalcpda\/wp-json\/wp\/v2\/users\/634"}],"replies":[{"embeddable":true,"href":"https:\/\/institucional.ufrrj.br\/portalcpda\/wp-json\/wp\/v2\/comments?post=3265"}],"version-history":[{"count":7,"href":"https:\/\/institucional.ufrrj.br\/portalcpda\/wp-json\/wp\/v2\/pages\/3265\/revisions"}],"predecessor-version":[{"id":14773,"href":"https:\/\/institucional.ufrrj.br\/portalcpda\/wp-json\/wp\/v2\/pages\/3265\/revisions\/14773"}],"wp:attachment":[{"href":"https:\/\/institucional.ufrrj.br\/portalcpda\/wp-json\/wp\/v2\/media?parent=3265"}],"curies":[{"name":"wp","href":"https:\/\/api.w.org\/{rel}","templated":true}]}}