{"id":30,"date":"2011-07-01T01:01:12","date_gmt":"2011-07-01T01:01:12","guid":{"rendered":"http:\/\/r1.ufrrj.br\/cpda\/?page_id=30"},"modified":"2023-04-08T11:06:50","modified_gmt":"2023-04-08T14:06:50","slug":"recursos-financeiros","status":"publish","type":"page","link":"https:\/\/institucional.ufrrj.br\/portalcpda\/recursos-financeiros\/","title":{"rendered":"Recursos Financeiros"},"content":{"rendered":"<hr \/>\n<p>&nbsp;<\/p>\n<p style=\"text-align: justify\">O CPDA mant\u00e9m sua estrutura b\u00e1sica de funcionamento com recursos da Universidade Federal Rural do Rio de Janeiro e do Programa de Apoio \u00e0 P\u00f3s-Gradua\u00e7\u00e3o &#8211; Proap\/Capes.<\/p>\n<p>Al\u00e9m disso, tem recebido suporte financeiro por meio de editais da FAPERJ de apoio a programas de p\u00f3s-gradua\u00e7\u00e3o.<\/p>\n<p>As pesquisas dos professores, quando disp\u00f5em de financiamento, tamb\u00e9m t\u00eam contribu\u00eddo com recursos para manuten\u00e7\u00e3o e aquisi\u00e7\u00e3o de material de consumo.<\/p>\n<p>O Programa conta com bolsas de estudos da Capes, CNPq e Faperj.<\/p>\n<p>&nbsp;<\/p>\n<p>&nbsp;<\/p>\n<p>&nbsp;<\/p>\n<p>&nbsp;<\/p>\n","protected":false},"excerpt":{"rendered":"<p>&nbsp; O CPDA mant\u00e9m sua estrutura b\u00e1sica de funcionamento com recursos da Universidade Federal Rural do Rio de Janeiro e <a class=\"read-more\" href=\"https:\/\/institucional.ufrrj.br\/portalcpda\/recursos-financeiros\/ \" >&#8230; <span class=\"font-italic\">leia mais <i class=\"fas fa-angle-right\"><\/i><\/span><\/a><\/p>\n","protected":false},"author":634,"featured_media":0,"parent":0,"menu_order":0,"comment_status":"open","ping_status":"open","template":"","meta":{"_acf_changed":false,"footnotes":""},"class_list":["post-30","page","type-page","status-publish","hentry"],"yoast_head":"<!-- This site is optimized with the Yoast SEO plugin v27.2 - https:\/\/yoast.com\/product\/yoast-seo-wordpress\/ -->\n<title>Recursos Financeiros - CPDA<\/title>\n<meta name=\"robots\" content=\"index, follow, max-snippet:-1, max-image-preview:large, max-video-preview:-1\" \/>\n<link rel=\"canonical\" href=\"https:\/\/institucional.ufrrj.br\/portalcpda\/recursos-financeiros\/\" \/>\n<meta property=\"og:locale\" content=\"pt_BR\" \/>\n<meta property=\"og:type\" content=\"article\" \/>\n<meta property=\"og:title\" content=\"Recursos Financeiros - CPDA\" \/>\n<meta property=\"og:description\" content=\"&nbsp; O CPDA mant\u00e9m sua estrutura b\u00e1sica de funcionamento com recursos da Universidade Federal Rural do Rio de Janeiro e ... leia mais\" \/>\n<meta property=\"og:url\" content=\"https:\/\/institucional.ufrrj.br\/portalcpda\/recursos-financeiros\/\" \/>\n<meta property=\"og:site_name\" content=\"CPDA\" \/>\n<meta property=\"article:modified_time\" content=\"2023-04-08T14:06:50+00:00\" \/>\n<meta name=\"twitter:card\" content=\"summary_large_image\" \/>\n<script type=\"application\/ld+json\" class=\"yoast-schema-graph\">{\"@context\":\"https:\/\/schema.org\",\"@graph\":[{\"@type\":\"WebPage\",\"@id\":\"https:\/\/institucional.ufrrj.br\/portalcpda\/recursos-financeiros\/\",\"url\":\"https:\/\/institucional.ufrrj.br\/portalcpda\/recursos-financeiros\/\",\"name\":\"Recursos Financeiros - CPDA\",\"isPartOf\":{\"@id\":\"https:\/\/institucional.ufrrj.br\/portalcpda\/#website\"},\"datePublished\":\"2011-07-01T01:01:12+00:00\",\"dateModified\":\"2023-04-08T14:06:50+00:00\",\"breadcrumb\":{\"@id\":\"https:\/\/institucional.ufrrj.br\/portalcpda\/recursos-financeiros\/#breadcrumb\"},\"inLanguage\":\"pt-BR\",\"potentialAction\":[{\"@type\":\"ReadAction\",\"target\":[\"https:\/\/institucional.ufrrj.br\/portalcpda\/recursos-financeiros\/\"]}]},{\"@type\":\"BreadcrumbList\",\"@id\":\"https:\/\/institucional.ufrrj.br\/portalcpda\/recursos-financeiros\/#breadcrumb\",\"itemListElement\":[{\"@type\":\"ListItem\",\"position\":1,\"name\":\"In\u00edcio\",\"item\":\"https:\/\/institucional.ufrrj.br\/portalcpda\/\"},{\"@type\":\"ListItem\",\"position\":2,\"name\":\"Recursos Financeiros\"}]},{\"@type\":\"WebSite\",\"@id\":\"https:\/\/institucional.ufrrj.br\/portalcpda\/#website\",\"url\":\"https:\/\/institucional.ufrrj.br\/portalcpda\/\",\"name\":\"CPDA\",\"description\":\"institucional.ufrrj.br\",\"potentialAction\":[{\"@type\":\"SearchAction\",\"target\":{\"@type\":\"EntryPoint\",\"urlTemplate\":\"https:\/\/institucional.ufrrj.br\/portalcpda\/?s={search_term_string}\"},\"query-input\":{\"@type\":\"PropertyValueSpecification\",\"valueRequired\":true,\"valueName\":\"search_term_string\"}}],\"inLanguage\":\"pt-BR\"}]}<\/script>\n<!-- \/ Yoast SEO plugin. -->","yoast_head_json":{"title":"Recursos Financeiros - CPDA","robots":{"index":"index","follow":"follow","max-snippet":"max-snippet:-1","max-image-preview":"max-image-preview:large","max-video-preview":"max-video-preview:-1"},"canonical":"https:\/\/institucional.ufrrj.br\/portalcpda\/recursos-financeiros\/","og_locale":"pt_BR","og_type":"article","og_title":"Recursos Financeiros - CPDA","og_description":"&nbsp; O CPDA mant\u00e9m sua estrutura b\u00e1sica de funcionamento com recursos da Universidade Federal Rural do Rio de Janeiro e ... leia mais","og_url":"https:\/\/institucional.ufrrj.br\/portalcpda\/recursos-financeiros\/","og_site_name":"CPDA","article_modified_time":"2023-04-08T14:06:50+00:00","twitter_card":"summary_large_image","schema":{"@context":"https:\/\/schema.org","@graph":[{"@type":"WebPage","@id":"https:\/\/institucional.ufrrj.br\/portalcpda\/recursos-financeiros\/","url":"https:\/\/institucional.ufrrj.br\/portalcpda\/recursos-financeiros\/","name":"Recursos Financeiros - CPDA","isPartOf":{"@id":"https:\/\/institucional.ufrrj.br\/portalcpda\/#website"},"datePublished":"2011-07-01T01:01:12+00:00","dateModified":"2023-04-08T14:06:50+00:00","breadcrumb":{"@id":"https:\/\/institucional.ufrrj.br\/portalcpda\/recursos-financeiros\/#breadcrumb"},"inLanguage":"pt-BR","potentialAction":[{"@type":"ReadAction","target":["https:\/\/institucional.ufrrj.br\/portalcpda\/recursos-financeiros\/"]}]},{"@type":"BreadcrumbList","@id":"https:\/\/institucional.ufrrj.br\/portalcpda\/recursos-financeiros\/#breadcrumb","itemListElement":[{"@type":"ListItem","position":1,"name":"In\u00edcio","item":"https:\/\/institucional.ufrrj.br\/portalcpda\/"},{"@type":"ListItem","position":2,"name":"Recursos Financeiros"}]},{"@type":"WebSite","@id":"https:\/\/institucional.ufrrj.br\/portalcpda\/#website","url":"https:\/\/institucional.ufrrj.br\/portalcpda\/","name":"CPDA","description":"institucional.ufrrj.br","potentialAction":[{"@type":"SearchAction","target":{"@type":"EntryPoint","urlTemplate":"https:\/\/institucional.ufrrj.br\/portalcpda\/?s={search_term_string}"},"query-input":{"@type":"PropertyValueSpecification","valueRequired":true,"valueName":"search_term_string"}}],"inLanguage":"pt-BR"}]}},"acf":[],"_links":{"self":[{"href":"https:\/\/institucional.ufrrj.br\/portalcpda\/wp-json\/wp\/v2\/pages\/30","targetHints":{"allow":["GET"]}}],"collection":[{"href":"https:\/\/institucional.ufrrj.br\/portalcpda\/wp-json\/wp\/v2\/pages"}],"about":[{"href":"https:\/\/institucional.ufrrj.br\/portalcpda\/wp-json\/wp\/v2\/types\/page"}],"author":[{"embeddable":true,"href":"https:\/\/institucional.ufrrj.br\/portalcpda\/wp-json\/wp\/v2\/users\/634"}],"replies":[{"embeddable":true,"href":"https:\/\/institucional.ufrrj.br\/portalcpda\/wp-json\/wp\/v2\/comments?post=30"}],"version-history":[{"count":6,"href":"https:\/\/institucional.ufrrj.br\/portalcpda\/wp-json\/wp\/v2\/pages\/30\/revisions"}],"predecessor-version":[{"id":24301,"href":"https:\/\/institucional.ufrrj.br\/portalcpda\/wp-json\/wp\/v2\/pages\/30\/revisions\/24301"}],"wp:attachment":[{"href":"https:\/\/institucional.ufrrj.br\/portalcpda\/wp-json\/wp\/v2\/media?parent=30"}],"curies":[{"name":"wp","href":"https:\/\/api.w.org\/{rel}","templated":true}]}}