{"id":289,"date":"2011-07-05T22:26:29","date_gmt":"2011-07-05T22:26:29","guid":{"rendered":"http:\/\/r1.ufrrj.br\/cpda\/?page_id=289"},"modified":"2025-04-07T12:42:21","modified_gmt":"2025-04-07T15:42:21","slug":"natureza-ciencia-e-saberes","status":"publish","type":"page","link":"https:\/\/institucional.ufrrj.br\/portalcpda\/natureza-ciencia-e-saberes\/","title":{"rendered":"Natureza, ci\u00eancia e saberes"},"content":{"rendered":"<p>&nbsp;<\/p>\n<div align=\"justify\">Aborda as rela\u00e7\u00f5es natureza\/sociedade sob a \u00f3tica dos conflitos socioambientais, das pol\u00edticas de Estado e Mercado para a gest\u00e3o da natureza, da produ\u00e7\u00e3o de saberes cient\u00edficos e locais sobre o mundo natural e social, priorizando a an\u00e1lise da intera\u00e7\u00e3o entre ag\u00eancias naturais e ag\u00eancias sociopol\u00edticas, bem como seus impactos sobre o sistema-mundo. Seu principal objetivo \u00e9 articular o estudo de processos naturais com processos sociopol\u00edticos e culturais. A quest\u00e3o ambiental adquiriu centralidade nas arenas pol\u00edticas internacionais, modificando as regula\u00e7\u00f5es de processos produtivos e pol\u00edticos nacionais, repercutindo tamb\u00e9m no n\u00edvel local e comunit\u00e1rio. O estudo da ambientaliza\u00e7\u00e3o das estruturas pol\u00edticas internacionais e do pr\u00f3prio Estado-Na\u00e7\u00e3o, bem como das transforma\u00e7\u00f5es materiais e tecnol\u00f3gicas que constituem a complexidade da quest\u00e3o ambiental, \u00e9 assim parte da agenda global das ci\u00eancias no s\u00e9culo XXI. Pensar como essas transforma\u00e7\u00f5es ambientais se manifestam no mundo rural \u00e9 um desafio colocado \u00e1s ci\u00eancias sociais. Destacam-se, na presente linha de pesquisa, entre outros, os seguintes temas; conflitos ambientais; conflitos entre saberes cient\u00edficos\u00a0e entre esses e saberes locais, inova\u00e7\u00f5es tecnol\u00f3gicas e vis\u00f5es de preserva\u00e7\u00e3o da natureza;\u00a0produ\u00e7\u00e3o intercultural de conhecimento; biodiversidade, fen\u00f4menos naturais e sociedade; leis e pol\u00edticas de controle e gest\u00e3o ambiental; mudan\u00e7a clim\u00e1tica e regula\u00e7\u00e3o ambiental; energia, \u00e1gua e luta pelo controle e explora\u00e7\u00e3o de recursos naturais; etnodesenvolvimento e participa\u00e7\u00e3o de popula\u00e7\u00f5es tradicionais na gest\u00e3o ambiental; estrat\u00e9gias adaptativas, modos de produ\u00e7\u00e3o e processos de trabalho de camponeses, povos e comunidades tradicionais; tecnologias e biotecnologias de explora\u00e7\u00e3o da natureza; agroecologia e movimentos ambientalistas; impactos do capitalismo extrativista e suas industrias (energia, minera\u00e7\u00e3o) sobre a natureza e sociedade.<\/div>\n<h2>Professores<\/h2>\n<p>Andrey Cordeiro Ferreira<\/p>\n<p>Carmen Andriolli<\/p>\n<p>Cl\u00e1udia Job Schmitt<\/p>\n<p>Fabrina Furtado<\/p>\n<p>Maria Jos\u00e9 Carneiro<\/p>\n<h2>Disciplinas<\/h2>\n<p>&#8211; Conven\u00e7\u00f5es globais ambientais e respostas nacionais comparadas<br \/>\nPeter Herman May<\/p>\n<p>&#8211; Hist\u00f3ria agroambiental comparada<\/p>\n<p>&#8211; T\u00f3picos Especiais em Natureza, sociedade, ci\u00eancia e saberes<br \/>\ntodos os professores da linha<\/p>\n<p>&#8211; Laborat\u00f3rio Tem\u00e1tico em Natureza, ci\u00eancia e saberes<br \/>\ntodos os professores da linha.<\/p>\n","protected":false},"excerpt":{"rendered":"<p>&nbsp; Aborda as rela\u00e7\u00f5es natureza\/sociedade sob a \u00f3tica dos conflitos socioambientais, das pol\u00edticas de Estado e Mercado para a gest\u00e3o <a class=\"read-more\" href=\"https:\/\/institucional.ufrrj.br\/portalcpda\/natureza-ciencia-e-saberes\/ \" >&#8230; <span class=\"font-italic\">leia mais <i class=\"fas fa-angle-right\"><\/i><\/span><\/a><\/p>\n","protected":false},"author":634,"featured_media":0,"parent":0,"menu_order":0,"comment_status":"open","ping_status":"open","template":"","meta":{"_acf_changed":false,"footnotes":""},"class_list":["post-289","page","type-page","status-publish","hentry"],"yoast_head":"<!-- This site is optimized with the Yoast SEO plugin v27.2 - https:\/\/yoast.com\/product\/yoast-seo-wordpress\/ -->\n<title>Natureza, ci\u00eancia e saberes - CPDA<\/title>\n<meta name=\"robots\" content=\"index, follow, max-snippet:-1, max-image-preview:large, max-video-preview:-1\" \/>\n<link rel=\"canonical\" href=\"https:\/\/institucional.ufrrj.br\/portalcpda\/natureza-ciencia-e-saberes\/\" \/>\n<meta property=\"og:locale\" content=\"pt_BR\" \/>\n<meta property=\"og:type\" content=\"article\" \/>\n<meta property=\"og:title\" content=\"Natureza, ci\u00eancia e saberes - CPDA\" \/>\n<meta property=\"og:description\" content=\"&nbsp; Aborda as rela\u00e7\u00f5es natureza\/sociedade sob a \u00f3tica dos conflitos socioambientais, das pol\u00edticas de Estado e Mercado para a gest\u00e3o ... leia mais\" \/>\n<meta property=\"og:url\" content=\"https:\/\/institucional.ufrrj.br\/portalcpda\/natureza-ciencia-e-saberes\/\" \/>\n<meta property=\"og:site_name\" content=\"CPDA\" \/>\n<meta property=\"article:modified_time\" content=\"2025-04-07T15:42:21+00:00\" \/>\n<meta name=\"twitter:card\" content=\"summary_large_image\" \/>\n<meta name=\"twitter:label1\" content=\"Est. tempo de leitura\" \/>\n\t<meta name=\"twitter:data1\" content=\"2 minutos\" \/>\n<script type=\"application\/ld+json\" class=\"yoast-schema-graph\">{\"@context\":\"https:\/\/schema.org\",\"@graph\":[{\"@type\":\"WebPage\",\"@id\":\"https:\/\/institucional.ufrrj.br\/portalcpda\/natureza-ciencia-e-saberes\/\",\"url\":\"https:\/\/institucional.ufrrj.br\/portalcpda\/natureza-ciencia-e-saberes\/\",\"name\":\"Natureza, ci\u00eancia e saberes - CPDA\",\"isPartOf\":{\"@id\":\"https:\/\/institucional.ufrrj.br\/portalcpda\/#website\"},\"datePublished\":\"2011-07-05T22:26:29+00:00\",\"dateModified\":\"2025-04-07T15:42:21+00:00\",\"breadcrumb\":{\"@id\":\"https:\/\/institucional.ufrrj.br\/portalcpda\/natureza-ciencia-e-saberes\/#breadcrumb\"},\"inLanguage\":\"pt-BR\",\"potentialAction\":[{\"@type\":\"ReadAction\",\"target\":[\"https:\/\/institucional.ufrrj.br\/portalcpda\/natureza-ciencia-e-saberes\/\"]}]},{\"@type\":\"BreadcrumbList\",\"@id\":\"https:\/\/institucional.ufrrj.br\/portalcpda\/natureza-ciencia-e-saberes\/#breadcrumb\",\"itemListElement\":[{\"@type\":\"ListItem\",\"position\":1,\"name\":\"In\u00edcio\",\"item\":\"https:\/\/institucional.ufrrj.br\/portalcpda\/\"},{\"@type\":\"ListItem\",\"position\":2,\"name\":\"Natureza, ci\u00eancia e saberes\"}]},{\"@type\":\"WebSite\",\"@id\":\"https:\/\/institucional.ufrrj.br\/portalcpda\/#website\",\"url\":\"https:\/\/institucional.ufrrj.br\/portalcpda\/\",\"name\":\"CPDA\",\"description\":\"institucional.ufrrj.br\",\"potentialAction\":[{\"@type\":\"SearchAction\",\"target\":{\"@type\":\"EntryPoint\",\"urlTemplate\":\"https:\/\/institucional.ufrrj.br\/portalcpda\/?s={search_term_string}\"},\"query-input\":{\"@type\":\"PropertyValueSpecification\",\"valueRequired\":true,\"valueName\":\"search_term_string\"}}],\"inLanguage\":\"pt-BR\"}]}<\/script>\n<!-- \/ Yoast SEO plugin. -->","yoast_head_json":{"title":"Natureza, ci\u00eancia e saberes - CPDA","robots":{"index":"index","follow":"follow","max-snippet":"max-snippet:-1","max-image-preview":"max-image-preview:large","max-video-preview":"max-video-preview:-1"},"canonical":"https:\/\/institucional.ufrrj.br\/portalcpda\/natureza-ciencia-e-saberes\/","og_locale":"pt_BR","og_type":"article","og_title":"Natureza, ci\u00eancia e saberes - CPDA","og_description":"&nbsp; Aborda as rela\u00e7\u00f5es natureza\/sociedade sob a \u00f3tica dos conflitos socioambientais, das pol\u00edticas de Estado e Mercado para a gest\u00e3o ... leia mais","og_url":"https:\/\/institucional.ufrrj.br\/portalcpda\/natureza-ciencia-e-saberes\/","og_site_name":"CPDA","article_modified_time":"2025-04-07T15:42:21+00:00","twitter_card":"summary_large_image","twitter_misc":{"Est. tempo de leitura":"2 minutos"},"schema":{"@context":"https:\/\/schema.org","@graph":[{"@type":"WebPage","@id":"https:\/\/institucional.ufrrj.br\/portalcpda\/natureza-ciencia-e-saberes\/","url":"https:\/\/institucional.ufrrj.br\/portalcpda\/natureza-ciencia-e-saberes\/","name":"Natureza, ci\u00eancia e saberes - CPDA","isPartOf":{"@id":"https:\/\/institucional.ufrrj.br\/portalcpda\/#website"},"datePublished":"2011-07-05T22:26:29+00:00","dateModified":"2025-04-07T15:42:21+00:00","breadcrumb":{"@id":"https:\/\/institucional.ufrrj.br\/portalcpda\/natureza-ciencia-e-saberes\/#breadcrumb"},"inLanguage":"pt-BR","potentialAction":[{"@type":"ReadAction","target":["https:\/\/institucional.ufrrj.br\/portalcpda\/natureza-ciencia-e-saberes\/"]}]},{"@type":"BreadcrumbList","@id":"https:\/\/institucional.ufrrj.br\/portalcpda\/natureza-ciencia-e-saberes\/#breadcrumb","itemListElement":[{"@type":"ListItem","position":1,"name":"In\u00edcio","item":"https:\/\/institucional.ufrrj.br\/portalcpda\/"},{"@type":"ListItem","position":2,"name":"Natureza, ci\u00eancia e saberes"}]},{"@type":"WebSite","@id":"https:\/\/institucional.ufrrj.br\/portalcpda\/#website","url":"https:\/\/institucional.ufrrj.br\/portalcpda\/","name":"CPDA","description":"institucional.ufrrj.br","potentialAction":[{"@type":"SearchAction","target":{"@type":"EntryPoint","urlTemplate":"https:\/\/institucional.ufrrj.br\/portalcpda\/?s={search_term_string}"},"query-input":{"@type":"PropertyValueSpecification","valueRequired":true,"valueName":"search_term_string"}}],"inLanguage":"pt-BR"}]}},"acf":[],"_links":{"self":[{"href":"https:\/\/institucional.ufrrj.br\/portalcpda\/wp-json\/wp\/v2\/pages\/289","targetHints":{"allow":["GET"]}}],"collection":[{"href":"https:\/\/institucional.ufrrj.br\/portalcpda\/wp-json\/wp\/v2\/pages"}],"about":[{"href":"https:\/\/institucional.ufrrj.br\/portalcpda\/wp-json\/wp\/v2\/types\/page"}],"author":[{"embeddable":true,"href":"https:\/\/institucional.ufrrj.br\/portalcpda\/wp-json\/wp\/v2\/users\/634"}],"replies":[{"embeddable":true,"href":"https:\/\/institucional.ufrrj.br\/portalcpda\/wp-json\/wp\/v2\/comments?post=289"}],"version-history":[{"count":3,"href":"https:\/\/institucional.ufrrj.br\/portalcpda\/wp-json\/wp\/v2\/pages\/289\/revisions"}],"predecessor-version":[{"id":26606,"href":"https:\/\/institucional.ufrrj.br\/portalcpda\/wp-json\/wp\/v2\/pages\/289\/revisions\/26606"}],"wp:attachment":[{"href":"https:\/\/institucional.ufrrj.br\/portalcpda\/wp-json\/wp\/v2\/media?parent=289"}],"curies":[{"name":"wp","href":"https:\/\/api.w.org\/{rel}","templated":true}]}}