{"id":282,"date":"2011-07-05T22:11:32","date_gmt":"2011-07-05T22:11:32","guid":{"rendered":"http:\/\/r1.ufrrj.br\/cpda\/?page_id=282"},"modified":"2025-04-07T12:40:26","modified_gmt":"2025-04-07T15:40:26","slug":"politicas-publicas-estado-e-atores-sociais","status":"publish","type":"page","link":"https:\/\/institucional.ufrrj.br\/portalcpda\/politicas-publicas-estado-e-atores-sociais\/","title":{"rendered":"Pol\u00edticas p\u00fablicas, Estado e atores sociais"},"content":{"rendered":"<p>&nbsp;<\/p>\n<div align=\"justify\">\n<p>Esta linha aborda o papel do Estado e dos atores sociais nos processos de desenvolvimento, nas din\u00e2micas pol\u00edtico-institucionais e na formula\u00e7\u00e3o e implementa\u00e7\u00e3o de pol\u00edticas p\u00fablicas, em \u00e2mbito nacional e internacional. A linha problematiza a an\u00e1lise e a avalia\u00e7\u00e3o de pol\u00edticas incluindo a\u00e7\u00f5es nas esferas dos poderes Legislativo e Judici\u00e1rio, bem como as mudan\u00e7as no pr\u00f3prio ambiente institucional, num contexto marcado por conflitos e negocia\u00e7\u00f5es.<\/p>\n<p>Dentre os temas privilegiados por esta linha est\u00e3o: pol\u00edticas, atores, arenas e estruturas de governan\u00e7a em n\u00edveis local, regional, nacional e internacional; atores transnacionais, ag\u00eancias multilaterais e pol\u00edticas p\u00fablicas nacionais; efeitos econ\u00f4micos, pol\u00edticos e sociais das pol\u00edticas p\u00fablicas no meio rural e no sistema agroalimentar; formas de organiza\u00e7\u00e3o social, representa\u00e7\u00e3o de interesses e redes de pol\u00edticas p\u00fablicas; Territorializa\u00e7\u00e3o da a\u00e7\u00e3o p\u00fablica; Governan\u00e7a dos bens p\u00fablicos e comuns; Soberania e seguran\u00e7a alimentar e nutricional; Ci\u00eancia e tecnologia para \u00e0 agricultura e o sistema agroindustrial; Pol\u00edticas diferenciadas para o campo; Programas de apoio a agricultura familiar; Pol\u00edticas fundi\u00e1rias e de assentamentos; Pol\u00edticas setoriais e sociais para o meio rural.<\/p>\n<p>A linha trabalha com diversas perspectivas anal\u00edticas entre as quais a An\u00e1lise Cognitiva das Pol\u00edticas P\u00fablicas, Neo-Institucionalismo (Escolha Racional, Sociologico e Hist\u00f3rico), Sociologia da A\u00e7\u00e3o P\u00fablica, Economia Pol\u00edtica do Desenvolvimento, Redes de Pol\u00edticas P\u00fablicas e Antropologia das Pol\u00edticas<br \/>\n.<\/p>\n<\/div>\n<h2>Professores<\/h2>\n<p>Ana Saggioro Garcia<br \/>\nCl\u00e1udia Job Schmitt<br \/>\nFabiano Escher<br \/>\nGeorges Flexor<br \/>\nJorge Osvaldo Romano<br \/>\nKarina Kato<br \/>\nLeonardo Belinelli<br \/>\nLeonilde Servolo de Medeiros<br \/>\nLuiz Felipe Os\u00f3rio<br \/>\nNelson Giordano Delgado<br \/>\nRenato S\u00e9rgio Jamil Maluf<br \/>\nS\u00e9rgio Pereira Leite<br \/>\nSilvia Zimmermann<\/p>\n<h2>Disciplinas<\/h2>\n<p>&#8211; An\u00e1lise de Pol\u00edticas P\u00fablicas para a agricultura<br \/>\nS\u00e9rgio Pereira Leite<\/p>\n<p>&#8211; Teoria e pol\u00edtica do desenvolvimento local<br \/>\nNelson Giordano Delgado<\/p>\n<p>&#8211; T\u00f3picos Especiais em Pol\u00edticas p\u00fablicas, Estado e atores sociais<br \/>\nTodos os professores da linha<\/p>\n<p>&#8211; T\u00f3picos avan\u00e7ados em Pol\u00edticas p\u00fablicas, Estado e atores sociais<br \/>\nTodos os professores da linha<\/p>\n<p>&#8211; Laborat\u00f3rio tem\u00e1tico em Pol\u00edticas p\u00fablicas, Estado e atores sociais<br \/>\nTodos os professores da linha<\/p>\n","protected":false},"excerpt":{"rendered":"<p>&nbsp; Esta linha aborda o papel do Estado e dos atores sociais nos processos de desenvolvimento, nas din\u00e2micas pol\u00edtico-institucionais e <a class=\"read-more\" href=\"https:\/\/institucional.ufrrj.br\/portalcpda\/politicas-publicas-estado-e-atores-sociais\/ \" >&#8230; <span class=\"font-italic\">leia mais <i class=\"fas fa-angle-right\"><\/i><\/span><\/a><\/p>\n","protected":false},"author":634,"featured_media":0,"parent":0,"menu_order":0,"comment_status":"open","ping_status":"open","template":"","meta":{"_acf_changed":false,"footnotes":""},"class_list":["post-282","page","type-page","status-publish","hentry"],"yoast_head":"<!-- This site is optimized with the Yoast SEO plugin v27.2 - https:\/\/yoast.com\/product\/yoast-seo-wordpress\/ -->\n<title>Pol\u00edticas p\u00fablicas, Estado e atores sociais - CPDA<\/title>\n<meta name=\"robots\" content=\"index, follow, max-snippet:-1, max-image-preview:large, max-video-preview:-1\" \/>\n<link rel=\"canonical\" href=\"https:\/\/institucional.ufrrj.br\/portalcpda\/politicas-publicas-estado-e-atores-sociais\/\" \/>\n<meta property=\"og:locale\" content=\"pt_BR\" \/>\n<meta property=\"og:type\" content=\"article\" \/>\n<meta property=\"og:title\" content=\"Pol\u00edticas p\u00fablicas, Estado e atores sociais - CPDA\" \/>\n<meta property=\"og:description\" content=\"&nbsp; Esta linha aborda o papel do Estado e dos atores sociais nos processos de desenvolvimento, nas din\u00e2micas pol\u00edtico-institucionais e ... leia mais\" \/>\n<meta property=\"og:url\" content=\"https:\/\/institucional.ufrrj.br\/portalcpda\/politicas-publicas-estado-e-atores-sociais\/\" \/>\n<meta property=\"og:site_name\" content=\"CPDA\" \/>\n<meta property=\"article:modified_time\" content=\"2025-04-07T15:40:26+00:00\" \/>\n<meta name=\"twitter:card\" content=\"summary_large_image\" \/>\n<meta name=\"twitter:label1\" content=\"Est. tempo de leitura\" \/>\n\t<meta name=\"twitter:data1\" content=\"2 minutos\" \/>\n<script type=\"application\/ld+json\" class=\"yoast-schema-graph\">{\"@context\":\"https:\/\/schema.org\",\"@graph\":[{\"@type\":\"WebPage\",\"@id\":\"https:\/\/institucional.ufrrj.br\/portalcpda\/politicas-publicas-estado-e-atores-sociais\/\",\"url\":\"https:\/\/institucional.ufrrj.br\/portalcpda\/politicas-publicas-estado-e-atores-sociais\/\",\"name\":\"Pol\u00edticas p\u00fablicas, Estado e atores sociais - CPDA\",\"isPartOf\":{\"@id\":\"https:\/\/institucional.ufrrj.br\/portalcpda\/#website\"},\"datePublished\":\"2011-07-05T22:11:32+00:00\",\"dateModified\":\"2025-04-07T15:40:26+00:00\",\"breadcrumb\":{\"@id\":\"https:\/\/institucional.ufrrj.br\/portalcpda\/politicas-publicas-estado-e-atores-sociais\/#breadcrumb\"},\"inLanguage\":\"pt-BR\",\"potentialAction\":[{\"@type\":\"ReadAction\",\"target\":[\"https:\/\/institucional.ufrrj.br\/portalcpda\/politicas-publicas-estado-e-atores-sociais\/\"]}]},{\"@type\":\"BreadcrumbList\",\"@id\":\"https:\/\/institucional.ufrrj.br\/portalcpda\/politicas-publicas-estado-e-atores-sociais\/#breadcrumb\",\"itemListElement\":[{\"@type\":\"ListItem\",\"position\":1,\"name\":\"In\u00edcio\",\"item\":\"https:\/\/institucional.ufrrj.br\/portalcpda\/\"},{\"@type\":\"ListItem\",\"position\":2,\"name\":\"Pol\u00edticas p\u00fablicas, Estado e atores sociais\"}]},{\"@type\":\"WebSite\",\"@id\":\"https:\/\/institucional.ufrrj.br\/portalcpda\/#website\",\"url\":\"https:\/\/institucional.ufrrj.br\/portalcpda\/\",\"name\":\"CPDA\",\"description\":\"institucional.ufrrj.br\",\"potentialAction\":[{\"@type\":\"SearchAction\",\"target\":{\"@type\":\"EntryPoint\",\"urlTemplate\":\"https:\/\/institucional.ufrrj.br\/portalcpda\/?s={search_term_string}\"},\"query-input\":{\"@type\":\"PropertyValueSpecification\",\"valueRequired\":true,\"valueName\":\"search_term_string\"}}],\"inLanguage\":\"pt-BR\"}]}<\/script>\n<!-- \/ Yoast SEO plugin. -->","yoast_head_json":{"title":"Pol\u00edticas p\u00fablicas, Estado e atores sociais - CPDA","robots":{"index":"index","follow":"follow","max-snippet":"max-snippet:-1","max-image-preview":"max-image-preview:large","max-video-preview":"max-video-preview:-1"},"canonical":"https:\/\/institucional.ufrrj.br\/portalcpda\/politicas-publicas-estado-e-atores-sociais\/","og_locale":"pt_BR","og_type":"article","og_title":"Pol\u00edticas p\u00fablicas, Estado e atores sociais - CPDA","og_description":"&nbsp; Esta linha aborda o papel do Estado e dos atores sociais nos processos de desenvolvimento, nas din\u00e2micas pol\u00edtico-institucionais e ... leia mais","og_url":"https:\/\/institucional.ufrrj.br\/portalcpda\/politicas-publicas-estado-e-atores-sociais\/","og_site_name":"CPDA","article_modified_time":"2025-04-07T15:40:26+00:00","twitter_card":"summary_large_image","twitter_misc":{"Est. tempo de leitura":"2 minutos"},"schema":{"@context":"https:\/\/schema.org","@graph":[{"@type":"WebPage","@id":"https:\/\/institucional.ufrrj.br\/portalcpda\/politicas-publicas-estado-e-atores-sociais\/","url":"https:\/\/institucional.ufrrj.br\/portalcpda\/politicas-publicas-estado-e-atores-sociais\/","name":"Pol\u00edticas p\u00fablicas, Estado e atores sociais - CPDA","isPartOf":{"@id":"https:\/\/institucional.ufrrj.br\/portalcpda\/#website"},"datePublished":"2011-07-05T22:11:32+00:00","dateModified":"2025-04-07T15:40:26+00:00","breadcrumb":{"@id":"https:\/\/institucional.ufrrj.br\/portalcpda\/politicas-publicas-estado-e-atores-sociais\/#breadcrumb"},"inLanguage":"pt-BR","potentialAction":[{"@type":"ReadAction","target":["https:\/\/institucional.ufrrj.br\/portalcpda\/politicas-publicas-estado-e-atores-sociais\/"]}]},{"@type":"BreadcrumbList","@id":"https:\/\/institucional.ufrrj.br\/portalcpda\/politicas-publicas-estado-e-atores-sociais\/#breadcrumb","itemListElement":[{"@type":"ListItem","position":1,"name":"In\u00edcio","item":"https:\/\/institucional.ufrrj.br\/portalcpda\/"},{"@type":"ListItem","position":2,"name":"Pol\u00edticas p\u00fablicas, Estado e atores sociais"}]},{"@type":"WebSite","@id":"https:\/\/institucional.ufrrj.br\/portalcpda\/#website","url":"https:\/\/institucional.ufrrj.br\/portalcpda\/","name":"CPDA","description":"institucional.ufrrj.br","potentialAction":[{"@type":"SearchAction","target":{"@type":"EntryPoint","urlTemplate":"https:\/\/institucional.ufrrj.br\/portalcpda\/?s={search_term_string}"},"query-input":{"@type":"PropertyValueSpecification","valueRequired":true,"valueName":"search_term_string"}}],"inLanguage":"pt-BR"}]}},"acf":[],"_links":{"self":[{"href":"https:\/\/institucional.ufrrj.br\/portalcpda\/wp-json\/wp\/v2\/pages\/282","targetHints":{"allow":["GET"]}}],"collection":[{"href":"https:\/\/institucional.ufrrj.br\/portalcpda\/wp-json\/wp\/v2\/pages"}],"about":[{"href":"https:\/\/institucional.ufrrj.br\/portalcpda\/wp-json\/wp\/v2\/types\/page"}],"author":[{"embeddable":true,"href":"https:\/\/institucional.ufrrj.br\/portalcpda\/wp-json\/wp\/v2\/users\/634"}],"replies":[{"embeddable":true,"href":"https:\/\/institucional.ufrrj.br\/portalcpda\/wp-json\/wp\/v2\/comments?post=282"}],"version-history":[{"count":7,"href":"https:\/\/institucional.ufrrj.br\/portalcpda\/wp-json\/wp\/v2\/pages\/282\/revisions"}],"predecessor-version":[{"id":26605,"href":"https:\/\/institucional.ufrrj.br\/portalcpda\/wp-json\/wp\/v2\/pages\/282\/revisions\/26605"}],"wp:attachment":[{"href":"https:\/\/institucional.ufrrj.br\/portalcpda\/wp-json\/wp\/v2\/media?parent=282"}],"curies":[{"name":"wp","href":"https:\/\/api.w.org\/{rel}","templated":true}]}}