{"id":27,"date":"2011-07-01T01:00:31","date_gmt":"2011-07-01T01:00:31","guid":{"rendered":"http:\/\/r1.ufrrj.br\/cpda\/?page_id=27"},"modified":"2025-07-26T16:04:04","modified_gmt":"2025-07-26T19:04:04","slug":"administracao","status":"publish","type":"page","link":"https:\/\/institucional.ufrrj.br\/portalcpda\/administracao\/","title":{"rendered":"Administra\u00e7\u00e3o"},"content":{"rendered":"<hr \/>\n<p>O Programa de P\u00f3s-Gradua\u00e7\u00e3o de Ci\u00eancias Sociais em Desenvolvimento, Agricultura e Sociedade (CPDA) est\u00e1 vinculado ao Instituto de Ci\u00eancias Humanas e Sociais (<a href=\"http:\/\/institutos.ufrrj.br\/ichs\/\" target=\"_blank\" rel=\"noopener noreferrer\">ICHS<\/a>) da Universidade Federal Rural do Rio de Janeiro (<a href=\"http:\/\/portal.ufrrj.br\/\" target=\"_blank\" rel=\"nofollow noopener noreferrer\">UFRRJ<\/a>). A maioria de seus professores est\u00e1 vinculada ao Departamento de Desenvolvimento, Agricultura e Sociedade (<a href=\"http:\/\/institutos.ufrrj.br\/ichs\/departamentos\/departamento-de-desenvolvimento-agricultura-e-sociedade-ddas\/\" target=\"_blank\" rel=\"noopener noreferrer\">DDAS<\/a>).<\/p>\n<p>Como os demais PPGs da Rural, o CPDA tem representa\u00e7\u00e3o na C\u00e2mara de P\u00f3s-Gradua\u00e7\u00e3o, coordenada pela Pr\u00f3-Reitoria de Pesquisa e P\u00f3s-Gradua\u00e7\u00e3o (<a href=\"https:\/\/portal.ufrrj.br\/pro-reitoria-de-pesquisa-e-pos-graduacao\/\" target=\"_blank\" rel=\"noopener noreferrer\">Proppg<\/a>), \u00f3rg\u00e3o respons\u00e1vel pelo planejamento, regula\u00e7\u00e3o, fomento e difus\u00e3o dos resultados das atividades de pesquisa e p\u00f3s-gradua\u00e7\u00e3o desenvolvidas em todas as \u00e1reas de conhecimento da UFRRJ, al\u00e9m da gest\u00e3o do Proap\/Capes e das bolsas da Capes.<\/p>\n<hr \/>\n<p><strong>Coordena\u00e7\u00e3o<\/strong><br \/>\nCoordenadora: <a href=\"https:\/\/institucional.ufrrj.br\/portalcpda\/debora-franco-lerrer\/\">D\u00e9bora Franco Lerrer<\/a><br \/>\nCoordenador Adjunto: <a href=\"https:\/\/institucional.ufrrj.br\/portalcpda\/leonardo-belinelli\/\">Leonardo Belinelli<\/a><\/p>\n<p>&nbsp;<\/p>\n<p><strong>Secretaria da Coordena\u00e7\u00e3o do CPDA<\/strong><\/p>\n<p>Delcio Pe\u00e7anha Junior<br \/>\n(21) 2224-8577 \u2013 Ramal 205<br \/>\n<a href=\"mailto:cpda_secretaria@ufrrj.br\">cpda_secretaria@ufrrj.br<\/a><br \/>\nPrincipais atribui\u00e7\u00f5es: prepara\u00e7\u00e3o de pautas e atas para os Colegiados Executivo e Pleno do CPDA; relat\u00f3rios; produ\u00e7\u00e3o de dados para a elabora\u00e7\u00e3o do relat\u00f3rio para a plataforma Sucupira\/Capes; controle de bolsas (FAPERJ, CAPES, CNPq e doutorado sandu\u00edche no exterior); controle de recursos para pesquisa discente; preenchimento do Sistema de Concess\u00e3o de Di\u00e1rias e passagens (SCDP) do Servi\u00e7o P\u00fablico Federal, para professores, alunos e membros de bancas ou palestrantes; assessoria \u00e0 Comiss\u00e3o de Sele\u00e7\u00e3o; solicita\u00e7\u00e3o de pagamentos e reembolsos e compra\/controle de materiais de escrit\u00f3rio.<\/p>\n<hr \/>\n<p><strong>Secretaria Acad\u00eamica do CPDA<\/strong><br \/>\n<a href=\"https:\/\/institucional.ufrrj.br\/portalcpda\/ana-lidia\/\">Ana L\u00eddia de Lima Barbosa<\/a><br \/>\n(21) 2224-8577 \u2013 Ramais 201 e 2014<br \/>\n<a href=\"mailto:cpda_secretaria_academica@ufrrj.br\">cpda_secretaria_academica@ufrrj.br<\/a><br \/>\nPrincipais atribui\u00e7\u00f5es: atendimento acad\u00eamico a docentes e discentes; matr\u00edcula de alunos internos e externos; acompanhamento acad\u00eamico dos discentes (lan\u00e7amento de conceitos, quando couber, emiss\u00e3o de atestados, hist\u00f3ricos provis\u00f3rios); agendamento de uso de salas, atualiza\u00e7\u00e3o da lista de e-mails; agendamento e organiza\u00e7\u00e3o de bancas de qualifica\u00e7\u00e3o e defesa de disserta\u00e7\u00f5es e teses;produ\u00e7\u00e3o de dados para a elabora\u00e7\u00e3o do relat\u00f3rio para a plataforma Sucupira\/Capes; registro de participantes externos (P\u00f3s-Doutores, Professores Visitantes e alunos de Doutorado Sandu\u00edche Reverso); encaminhamento e controle de teses e disserta\u00e7\u00f5es defendidas para atualiza\u00e7\u00e3o na p\u00e1gina do CPDA, para a biblioteca e para a emiss\u00e3o de diploma.<\/p>\n<hr \/>\n<p><strong>Colegiado Executivo e Comiss\u00e3o de bolsas\u00a0<\/strong><br \/>\nO Colegiado Executivo \u00e9 composto pelo(a) Coordenador(a), Coordenador(a) Adjunto(a), um(a) representante do DDAS, dois representantes dos docentes (mais um suplente) e dois representantes discentes (mais um suplente).<\/p>\n<p>Composi\u00e7\u00e3o atual:<br \/>\n<a href=\"https:\/\/institucional.ufrrj.br\/portalcpda\/debora-franco-lerrer\/\">D\u00e9bora Franco Lerrer<\/a>\u00a0(Coordenadora do CPDA)<br \/>\n<a href=\"https:\/\/institucional.ufrrj.br\/portalcpda\/leonardo-belinelli\/\">Leonardo Belinelli<\/a> (Coordenador-Adjunto do CPDA)<br \/>\n<a href=\"https:\/\/institucional.ufrrj.br\/portalcpda\/fabiano-escher\/\">Fabiano Escher<\/a> (Representante do DDAS)<br \/>\n<a href=\"https:\/\/institucional.ufrrj.br\/portalcpda\/jorge-osvaldo-romano\/\">Jorge Romano<\/a> (Representante Docente)<br \/>\n<a href=\"https:\/\/institucional.ufrrj.br\/portalcpda\/sergio-pereira-leite\/\">Sergio Pereira Leite <\/a>(Representante Docente)<br \/>\n<a href=\"https:\/\/institucional.ufrrj.br\/portalcpda\/regina-angela-landim-bruno\/\">Regina Bruno<\/a> (Representante Docente suplente)<br \/>\nAndr\u00e9 Luiz Simonetti (Representantes discente &#8211; D-2024)<br \/>\nJos\u00e9 Claudivam da Silva (Representantes discente &#8211; D-2024)<br \/>\n(N\u00e3o foi indicado Representante Discente suplente)<\/p>\n<hr \/>\n<p><strong>Colegiado Pleno<\/strong><br \/>\nO Colegiado Pleno \u00e9 composto pelo(a) Coordenador(a), o(a) Coordenador(a) Adjunto(a), todos os docentes permanentes e colaboradores do Programa, representantes do corpo t\u00e9cnico-administrativo do Programa e representantes do corpo discente do Programa (um do Doutorado e outro do Mestrado) e respectivos suplentes.<br \/>\nRepresentantes do corpo discente:<br \/>\nAndr\u00e9 Luiz Simonetti (D-2024)<br \/>\nJos\u00e9 Claudivam da Silva (D-2024)<br \/>\nKarine Pereira de Freitas (Suplente &#8211; D-2024)<\/p>\n<hr \/>\n<p><strong>Comiss\u00e3o de Sele\u00e7\u00e3o<br \/>\n<\/strong>Principais atribui\u00e7\u00f5es: prepara o edital de sele\u00e7\u00e3o, acompanha o processo seletivo em todas as fases e designa professores para tarefas espec\u00edficas (elabora\u00e7\u00e3o e avalia\u00e7\u00e3o de provas, avalia\u00e7\u00e3o de projetos e participa\u00e7\u00e3o em bancas de entrevistas).<br \/>\nE-mail: <a href=\"mailto:processoseletivocpdaufrrj@gmail.com\">processoseletivocpdaufrrj@gmail.com<\/a><\/p>\n<p>Composi\u00e7\u00e3o atual (2023\/2024):<br \/>\n<a href=\"https:\/\/institucional.ufrrj.br\/portalcpda\/ana-saggioro-garcia\/\">Ana Saggioro Garcia<\/a><br \/>\n<a href=\"https:\/\/institucional.ufrrj.br\/portalcpda\/karina-kato\/\">Marcelo Rosa<\/a><br \/>\n<a href=\"https:\/\/institucional.ufrrj.br\/portalcpda\/jorge-osvaldo-romano\/\">Georges Flexor<\/a><br \/>\nMayara Gama Machado (Representantes discente &#8211; M-2024)<\/p>\n<hr \/>\n<p><strong>Comiss\u00e3o de Acompanhamento e Avalia\u00e7\u00e3o do Programa<\/strong><br \/>\nPrincipais atribui\u00e7\u00f5es: acompanha a produ\u00e7\u00e3o dos professores do Programa, faz seu registro na plataforma Sucupira\/Capes e assessora a Coordena\u00e7\u00e3o produzindo informa\u00e7\u00f5es que ser\u00e3o usadas no planejamento das atividades a serem desenvolvidas em cada quadri\u00eanio de avalia\u00e7\u00e3o.<\/p>\n<p>Composi\u00e7\u00e3o atual (2022\/2024):<br \/>\n<a href=\"https:\/\/institucional.ufrrj.br\/portalcpda\/thereza-cristina-cardoso-menezes\/\">Thereza Cristina Cardoso Menezes<\/a><br \/>\n<a href=\"https:\/\/institucional.ufrrj.br\/portalcpda\/fabiano-escher\/\">Fabiano Escher<\/a><br \/>\n<a href=\"https:\/\/institucional.ufrrj.br\/portalcpda\/sergio-pereira-leite\/\">Sergio Pereira Leite<\/a><br \/>\n<a href=\"https:\/\/institucional.ufrrj.br\/portalcpda\/claudia-job-schmitt\/\">Claudia Schmitt<\/a><\/p>\n<hr \/>\n<p><strong>Comiss\u00e3o de Premia\u00e7\u00e3o<\/strong><br \/>\nPrincipais atribui\u00e7\u00f5es: Analisa as &#8220;Fichas de Indica\u00e7\u00e3o para Premia\u00e7\u00e3o&#8221;, preenchidas pelos membros das bancas examinadoras, e indica Disserta\u00e7\u00f5es de Mestrado e Teses de Doutorado para concorrerem a pr\u00eamios promovidos por ag\u00eancias de pesquisa e associa\u00e7\u00f5es de \u00e1rea, tais como o Pr\u00eamio Capes de Teses de Doutorado e o Pr\u00eamio Anpocs de Teses e Disserta\u00e7\u00f5es, entre outros. As premia\u00e7\u00f5es obtidas por pesquisas desenvolvidas no CPDA podem ser vistas aqui (link para https:\/\/institucional.ufrrj.br\/portalcpda\/dissertacoes-e-teses-premiadas\/).<\/p>\n<p>Composi\u00e7\u00e3o atual (2022\/2025):<br \/>\n<a href=\"https:\/\/institucional.ufrrj.br\/portalcpda\/leonardo-belinelli\/\">Leonardo Belinelli<\/a><br \/>\n<a href=\"https:\/\/institucional.ufrrj.br\/portalcpda\/elisa-guarana-de-castro\/\">Elisa Guaran\u00e1 de Casto<\/a><br \/>\n<a href=\"https:\/\/institucional.ufrrj.br\/portalcpda\/fatima-portilho\/\">F\u00e1tima Portilho<\/a><br \/>\n(N\u00e3o foi indicado Representante Discente suplente)<\/p>\n<hr \/>\n<p><strong>Comiss\u00e3o de Credenciamento e Recredenciamento<\/strong><\/p>\n<p>Composi\u00e7\u00e3o atual (2022\/2024):<br \/>\n<a href=\"https:\/\/institucional.ufrrj.br\/portalcpda\/marcelo-carvalho-rosa\/\">Marcelo Rosa<\/a><br \/>\n<a href=\"https:\/\/institucional.ufrrj.br\/portalcpda\/renato-sergio-jamil-maluf-professor-titular\/\">Renato Maluf<\/a><br \/>\n<a href=\"https:\/\/institucional.ufrrj.br\/portalcpda\/thereza-cristina-cardoso-menezes\/\">Thereza Menezes<\/a><\/p>\n<hr \/>\n<p><strong>Participa\u00e7\u00e3o de Profs. do CPDA em Comiss\u00f5es da UFRRJ<\/strong><\/p>\n<p>Conselho Editorial da Editora da Universidade Federal Rural do Rio de Janeiro (Edur)<br \/>\n<a href=\"https:\/\/institucional.ufrrj.br\/portalcpda\/karina-kato\/\">Karina Kato<\/a><\/p>\n<p>Conselho Deliberativo do Centro de Estudos Avan\u00e7ados (CEA) da UFRRJ<br \/>\n<a href=\"https:\/\/institucional.ufrrj.br\/portalcpda\/sergio-pereira-leite\/\">S\u00e9rgio Leite<\/a><\/p>\n<hr \/>\n<p><strong>Administra\u00e7\u00e3o do site<\/strong><br \/>\n<a href=\"https:\/\/institucional.ufrrj.br\/portalcpda\/fatima-portilho\/\">F\u00e1tima Portilho<\/a><\/p>\n<hr \/>\n<p>&nbsp;<\/p>\n<p><strong>Comunica\u00e7\u00e3o Social do CPDA<\/strong><br \/>\nRespons\u00e1vel pela divulga\u00e7\u00e3o (via e-mail, site e Facebook do CPDA) de resultados de pesquisas, eventos, lan\u00e7amentos de livros e qualquer not\u00edcia que seja de interesse do Programa, de seus docentes, alunos e demais interessados.<\/p>\n<hr \/>\n<p><strong><a href=\"https:\/\/revistaesa.com\/\" target=\"_blank\" rel=\"noopener noreferrer\">Revista Estudos Sociedade e Agricultura<\/a><br \/>\n<\/strong>Comiss\u00e3o Editorial<br \/>\nEditora-chefe: (em reformula\u00e7\u00e3o)<br \/>\nEditoras Adjuntas: (em reformula\u00e7\u00e3o)<br \/>\n<a href=\"mailto:estudoscpda@ufrrj.br\" target=\"_blank\" rel=\"noopener\">estudoscpda@ufrrj.br<\/a><\/p>\n<hr \/>\n<p><strong><a href=\"https:\/\/revistaideas.ufrrj.br\/ojs\/index.php\/ideas\" target=\"_blank\" rel=\"noopener noreferrer\">Revista IDeAS<\/a><br \/>\n<\/strong>Comiss\u00e3o Editorial:<br \/>\nAndr\u00e9 Luiz Simonetti (D-2024)<br \/>\nCaroline Boletta de Oliveira Aguiar(D-2024)<br \/>\nEduarda Garcia Ferreira (D-2024)<br \/>\nFelipe Hermeto de Almeida (D-2022)<br \/>\nJos\u00e9 Claudivam da Silva (D-2024)<br \/>\nMarcos Aur\u00e9lio Freire da Silva Jr. (D-2022)<br \/>\nMaria Carolina Pedroso (M-2024)<br \/>\nRebeca Hennemann Vergara de Souza (D-2024)<br \/>\nThalita Viana Pontes (D-2024)<br \/>\nYeison Andres Rojas Ram\u00edrez (D-2024)<\/p>\n<hr \/>\n<p><strong><a href=\"https:\/\/redibec.org\/ojs\/index.php\/revibec\" target=\"_blank\" rel=\"noopener noreferrer\">Revista Revibec<\/a><br \/>\n<\/strong>Editor-chefe: <a href=\"https:\/\/institucional.ufrrj.br\/portalcpda\/peter-herman-may-professor-titular\/\">Peter May<\/a><\/p>\n<hr \/>\n<p><strong>Administra\u00e7\u00e3o do DDAS\u00a0<\/strong><br \/>\nChefe: <a href=\"https:\/\/institucional.ufrrj.br\/portalcpda\/fabiano-escher\/\">Fabiano Escher<\/a><br \/>\nVice-Chefe: <a href=\"https:\/\/institucional.ufrrj.br\/portalcpda\/ana-saggioro-garcia\/\">Ana Saggioro Garcia<\/a><\/p>\n<hr \/>\n<div dir=\"ltr\"><span style=\"font-size: medium\"><b>Representante discente do CPDA no DDAS:<\/b><\/span><\/div>\n<div dir=\"ltr\">N\u00e3o foi indicado Representante Discente<\/div>\n<hr \/>\n<p><strong>Secretaria do DDAS<\/strong><br \/>\n<a href=\"https:\/\/institucional.ufrrj.br\/portalcpda\/raquel-passeri-de-aguiar\/\">Raquel Passeri de Aguiar<\/a><br \/>\nE-mail: <a href=\"mailto:secretariaddas@gmail.com\" target=\"_blank\" rel=\"noopener noreferrer\">secretariaddas@gmail.com<\/a><br \/>\nPrincipais atribui\u00e7\u00f5es: Apoio administrativo \u00e0 Chefia do Departamento na secretaria do DDAS; atendimento aos docentes; prepara\u00e7\u00e3o de pautas e atas para reuni\u00e3o do DDAS; recep\u00e7\u00e3o e encaminhamento de documentos; cadastramento de documentos via SIPAC &#8211; UFRRJ; acompanhamento de processos via SIPAC &#8211; UFRRJ.<\/p>\n<hr \/>\n<p><strong>Secretaria Discente<br \/>\n<\/strong>N\u00e3o foi indicado Representante Discente<\/p>\n<hr \/>\n<p><strong>Biblioteca<\/strong><br \/>\n<a href=\"https:\/\/institucional.ufrrj.br\/portalcpda\/silvia-alves-de-andrade\/\">Silvia Alves de Andrade<\/a> (Bibliotec\u00e1ria)<\/p>\n<hr \/>\n<p>&nbsp;<\/p>\n<p>&nbsp;<\/p>\n","protected":false},"excerpt":{"rendered":"<p>O Programa de P\u00f3s-Gradua\u00e7\u00e3o de Ci\u00eancias Sociais em Desenvolvimento, Agricultura e Sociedade (CPDA) est\u00e1 vinculado ao Instituto de Ci\u00eancias Humanas <a class=\"read-more\" href=\"https:\/\/institucional.ufrrj.br\/portalcpda\/administracao\/ \" >&#8230; <span class=\"font-italic\">leia mais <i class=\"fas fa-angle-right\"><\/i><\/span><\/a><\/p>\n","protected":false},"author":634,"featured_media":0,"parent":0,"menu_order":0,"comment_status":"open","ping_status":"open","template":"","meta":{"_acf_changed":false,"footnotes":""},"class_list":["post-27","page","type-page","status-publish","hentry"],"yoast_head":"<!-- This site is optimized with the Yoast SEO plugin v27.2 - https:\/\/yoast.com\/product\/yoast-seo-wordpress\/ -->\n<title>Administra\u00e7\u00e3o - CPDA<\/title>\n<meta name=\"robots\" content=\"index, follow, max-snippet:-1, max-image-preview:large, max-video-preview:-1\" \/>\n<link rel=\"canonical\" href=\"https:\/\/institucional.ufrrj.br\/portalcpda\/administracao\/\" \/>\n<meta property=\"og:locale\" content=\"pt_BR\" \/>\n<meta property=\"og:type\" content=\"article\" \/>\n<meta property=\"og:title\" content=\"Administra\u00e7\u00e3o - CPDA\" \/>\n<meta property=\"og:description\" content=\"O Programa de P\u00f3s-Gradua\u00e7\u00e3o de Ci\u00eancias Sociais em Desenvolvimento, Agricultura e Sociedade (CPDA) est\u00e1 vinculado ao Instituto de Ci\u00eancias Humanas ... leia mais\" \/>\n<meta property=\"og:url\" content=\"https:\/\/institucional.ufrrj.br\/portalcpda\/administracao\/\" \/>\n<meta property=\"og:site_name\" content=\"CPDA\" \/>\n<meta property=\"article:modified_time\" content=\"2025-07-26T19:04:04+00:00\" \/>\n<meta name=\"twitter:card\" content=\"summary_large_image\" \/>\n<meta name=\"twitter:label1\" content=\"Est. tempo de leitura\" \/>\n\t<meta name=\"twitter:data1\" content=\"5 minutos\" \/>\n<script type=\"application\/ld+json\" class=\"yoast-schema-graph\">{\"@context\":\"https:\/\/schema.org\",\"@graph\":[{\"@type\":\"WebPage\",\"@id\":\"https:\/\/institucional.ufrrj.br\/portalcpda\/administracao\/\",\"url\":\"https:\/\/institucional.ufrrj.br\/portalcpda\/administracao\/\",\"name\":\"Administra\u00e7\u00e3o - CPDA\",\"isPartOf\":{\"@id\":\"https:\/\/institucional.ufrrj.br\/portalcpda\/#website\"},\"datePublished\":\"2011-07-01T01:00:31+00:00\",\"dateModified\":\"2025-07-26T19:04:04+00:00\",\"breadcrumb\":{\"@id\":\"https:\/\/institucional.ufrrj.br\/portalcpda\/administracao\/#breadcrumb\"},\"inLanguage\":\"pt-BR\",\"potentialAction\":[{\"@type\":\"ReadAction\",\"target\":[\"https:\/\/institucional.ufrrj.br\/portalcpda\/administracao\/\"]}]},{\"@type\":\"BreadcrumbList\",\"@id\":\"https:\/\/institucional.ufrrj.br\/portalcpda\/administracao\/#breadcrumb\",\"itemListElement\":[{\"@type\":\"ListItem\",\"position\":1,\"name\":\"In\u00edcio\",\"item\":\"https:\/\/institucional.ufrrj.br\/portalcpda\/\"},{\"@type\":\"ListItem\",\"position\":2,\"name\":\"Administra\u00e7\u00e3o\"}]},{\"@type\":\"WebSite\",\"@id\":\"https:\/\/institucional.ufrrj.br\/portalcpda\/#website\",\"url\":\"https:\/\/institucional.ufrrj.br\/portalcpda\/\",\"name\":\"CPDA\",\"description\":\"institucional.ufrrj.br\",\"potentialAction\":[{\"@type\":\"SearchAction\",\"target\":{\"@type\":\"EntryPoint\",\"urlTemplate\":\"https:\/\/institucional.ufrrj.br\/portalcpda\/?s={search_term_string}\"},\"query-input\":{\"@type\":\"PropertyValueSpecification\",\"valueRequired\":true,\"valueName\":\"search_term_string\"}}],\"inLanguage\":\"pt-BR\"}]}<\/script>\n<!-- \/ Yoast SEO plugin. -->","yoast_head_json":{"title":"Administra\u00e7\u00e3o - CPDA","robots":{"index":"index","follow":"follow","max-snippet":"max-snippet:-1","max-image-preview":"max-image-preview:large","max-video-preview":"max-video-preview:-1"},"canonical":"https:\/\/institucional.ufrrj.br\/portalcpda\/administracao\/","og_locale":"pt_BR","og_type":"article","og_title":"Administra\u00e7\u00e3o - CPDA","og_description":"O Programa de P\u00f3s-Gradua\u00e7\u00e3o de Ci\u00eancias Sociais em Desenvolvimento, Agricultura e Sociedade (CPDA) est\u00e1 vinculado ao Instituto de Ci\u00eancias Humanas ... leia mais","og_url":"https:\/\/institucional.ufrrj.br\/portalcpda\/administracao\/","og_site_name":"CPDA","article_modified_time":"2025-07-26T19:04:04+00:00","twitter_card":"summary_large_image","twitter_misc":{"Est. tempo de leitura":"5 minutos"},"schema":{"@context":"https:\/\/schema.org","@graph":[{"@type":"WebPage","@id":"https:\/\/institucional.ufrrj.br\/portalcpda\/administracao\/","url":"https:\/\/institucional.ufrrj.br\/portalcpda\/administracao\/","name":"Administra\u00e7\u00e3o - CPDA","isPartOf":{"@id":"https:\/\/institucional.ufrrj.br\/portalcpda\/#website"},"datePublished":"2011-07-01T01:00:31+00:00","dateModified":"2025-07-26T19:04:04+00:00","breadcrumb":{"@id":"https:\/\/institucional.ufrrj.br\/portalcpda\/administracao\/#breadcrumb"},"inLanguage":"pt-BR","potentialAction":[{"@type":"ReadAction","target":["https:\/\/institucional.ufrrj.br\/portalcpda\/administracao\/"]}]},{"@type":"BreadcrumbList","@id":"https:\/\/institucional.ufrrj.br\/portalcpda\/administracao\/#breadcrumb","itemListElement":[{"@type":"ListItem","position":1,"name":"In\u00edcio","item":"https:\/\/institucional.ufrrj.br\/portalcpda\/"},{"@type":"ListItem","position":2,"name":"Administra\u00e7\u00e3o"}]},{"@type":"WebSite","@id":"https:\/\/institucional.ufrrj.br\/portalcpda\/#website","url":"https:\/\/institucional.ufrrj.br\/portalcpda\/","name":"CPDA","description":"institucional.ufrrj.br","potentialAction":[{"@type":"SearchAction","target":{"@type":"EntryPoint","urlTemplate":"https:\/\/institucional.ufrrj.br\/portalcpda\/?s={search_term_string}"},"query-input":{"@type":"PropertyValueSpecification","valueRequired":true,"valueName":"search_term_string"}}],"inLanguage":"pt-BR"}]}},"acf":[],"_links":{"self":[{"href":"https:\/\/institucional.ufrrj.br\/portalcpda\/wp-json\/wp\/v2\/pages\/27","targetHints":{"allow":["GET"]}}],"collection":[{"href":"https:\/\/institucional.ufrrj.br\/portalcpda\/wp-json\/wp\/v2\/pages"}],"about":[{"href":"https:\/\/institucional.ufrrj.br\/portalcpda\/wp-json\/wp\/v2\/types\/page"}],"author":[{"embeddable":true,"href":"https:\/\/institucional.ufrrj.br\/portalcpda\/wp-json\/wp\/v2\/users\/634"}],"replies":[{"embeddable":true,"href":"https:\/\/institucional.ufrrj.br\/portalcpda\/wp-json\/wp\/v2\/comments?post=27"}],"version-history":[{"count":171,"href":"https:\/\/institucional.ufrrj.br\/portalcpda\/wp-json\/wp\/v2\/pages\/27\/revisions"}],"predecessor-version":[{"id":26921,"href":"https:\/\/institucional.ufrrj.br\/portalcpda\/wp-json\/wp\/v2\/pages\/27\/revisions\/26921"}],"wp:attachment":[{"href":"https:\/\/institucional.ufrrj.br\/portalcpda\/wp-json\/wp\/v2\/media?parent=27"}],"curies":[{"name":"wp","href":"https:\/\/api.w.org\/{rel}","templated":true}]}}