{"id":268,"date":"2011-07-05T21:33:05","date_gmt":"2011-07-05T21:33:05","guid":{"rendered":"http:\/\/r1.ufrrj.br\/cpda\/?page_id=268"},"modified":"2025-04-07T12:33:38","modified_gmt":"2025-04-07T15:33:38","slug":"instituicoes-mercados-e-regulacao","status":"publish","type":"page","link":"https:\/\/institucional.ufrrj.br\/portalcpda\/instituicoes-mercados-e-regulacao\/","title":{"rendered":"Institui\u00e7\u00f5es, mercados e regula\u00e7\u00e3o"},"content":{"rendered":"<p>Tem por objeto de reflex\u00e3o as tem\u00e1ticas do desenvolvimento, das institui\u00e7\u00f5es, dos mercados, das estrat\u00e9gias empresariais e do comportamento dos consumidores, levando em conta o reordenamento das rela\u00e7\u00f5es p\u00fablico-privadas e os padr\u00f5es de articula\u00e7\u00e3o de interesses. O campo de reflex\u00e3o tem como ponto de partida a redefini\u00e7\u00e3o dos pap\u00e9is dos organismos de governan\u00e7a global, dos Estados nacionais, governos regionais e locais, bem como de empresas, corpora\u00e7\u00f5es, consumidores e sociedade civil. Constituem temas de ensino e pesquisa: institui\u00e7\u00f5es, conven\u00e7\u00f5es e mudan\u00e7a institucional; sistema agro-alimentar; mercados, micro, pequenas e m\u00e9dias empresas, cooperativas; concorr\u00eancia como processo, custos de transa\u00e7\u00e3o e de governan\u00e7a; confian\u00e7a, papel dos contratos, empresas, suas compet\u00eancias e estrat\u00e9gias, inova\u00e7\u00e3o tecnol\u00f3gica e sociedade do conhecimento; fundamentos da regula\u00e7\u00e3o econ\u00f4mica, pol\u00edticas de defesa da concorr\u00eancia, redes de pol\u00edtica p\u00fablica; moeda, financiamento e pol\u00edticas de financiamento; diferentes pr\u00e1ticas dos consumidores em diferentes mercados agroalimentares; ci\u00eancia, tecnologia e cidadania como elementos constitutivos das novas estruturas de consumo; a conven\u00e7\u00e3o da sustentabilidade, regula\u00e7\u00e3o das externalidades, valora\u00e7\u00e3o de recursos ambientais, mercados de servi\u00e7os ambientais; negocia\u00e7\u00e3o de conven\u00e7\u00f5es globais de com\u00e9rcio, dos direitos de propriedade intelectual e do meio ambiente.<\/p>\n<h2>Professores<\/h2>\n<p><a href=\"https:\/\/institucional.ufrrj.br\/portalcpda\/ana-saggioro-garcia\/\">Ana Saggioro Garcia<\/a><\/p>\n<p><a href=\"https:\/\/institucional.ufrrj.br\/portalcpda\/claudia-job-schmitt\/\">Cl\u00e1udia Job Schmitt<\/a><\/p>\n<p><a href=\"https:\/\/institucional.ufrrj.br\/portalcpda\/fabiano-escher\/\">Fabiano Escher<\/a><\/p>\n<p><a href=\"https:\/\/institucional.ufrrj.br\/portalcpda\/fatima-portilho\/\">F\u00e1tima Portilho<\/a><\/p>\n<p><a href=\"https:\/\/institucional.ufrrj.br\/portalcpda\/georges-gerard-flexor\/\">Georges Flexor<\/a><\/p>\n<p><a href=\"https:\/\/institucional.ufrrj.br\/portalcpda\/john-wilkinson\/\">John Wilkinson<\/a><\/p>\n<p><a href=\"https:\/\/institucional.ufrrj.br\/portalcpda\/karina-kato\/\">Karina Kato<\/a><\/p>\n<p><a href=\"https:\/\/institucional.ufrrj.br\/portalcpda\/leonardo-belinelli\/\">Leonardo Belinelli<\/a><\/p>\n<p><a href=\"https:\/\/institucional.ufrrj.br\/portalcpda\/luiz-felipe-brandao-osorio\/\">Luiz Felipe Os\u00f3rio<\/a><\/p>\n<p><a href=\"https:\/\/institucional.ufrrj.br\/portalcpda\/nelson-giordano-delgado-professor-titular\/\">Nelson Giordano Delgado<\/a><\/p>\n<p><a href=\"https:\/\/institucional.ufrrj.br\/portalcpda\/peter-herman-may-professor-titular\/\">Peter Herman May<\/a><\/p>\n<p><a href=\"https:\/\/institucional.ufrrj.br\/portalcpda\/sergio-pereira-leite\/\">S\u00e9rgio Pereira Leite<\/a><\/p>\n<h2>Disciplinas espec\u00edficas<\/h2>\n<p><a title=\"Agricultura e Estruturas Agroindustriais \u2013 Temas do Sistema Agroalimentar\" href=\"https:\/\/institucional.ufrrj.br\/portalcpda\/disciplinas\/\" rel=\"nofollow\">IH 1510<\/a> &#8211;\u00a0Agricultura e Estruturas Agroindustriais\u00a0\u2013 Temas do Sistema \u00a0Agroalimentar<br \/>\nJohn Wilkinson e Georges<\/p>\n<p><a title=\"Economia pol\u00edtica dos recursos naturais e meio ambiente\" href=\"https:\/\/institucional.ufrrj.br\/portalcpda\/cpda\/disciplinas\/economia-politica-dos-recursos-naturais-e-meio-ambiente\/\" rel=\"nofollow\">IH 1512<\/a> &#8211; Economia e pol\u00edtica dos recursos naturais e meio ambiente<br \/>\nPeter Herman May<\/p>\n<p><a title=\"Economia brasileira\" href=\"https:\/\/institucional.ufrrj.br\/portalcpda\/disciplinas\/economia-brasileira\/\" rel=\"nofollow\">IH 1520<\/a> &#8211; Economia brasileira<br \/>\nS\u00e9rgio Pereira Leite<\/p>\n<p><a title=\"Institui\u00e7\u00f5es, organiza\u00e7\u00f5es e estrat\u00e9gias\" href=\"https:\/\/institucional.ufrrj.br\/portalcpda\/disciplinas\/instituicoes-organizacoes-e-estrategias\/\" rel=\"nofollow\">IH 1526<\/a> &#8211; Institui\u00e7\u00f5es, organiza\u00e7\u00f5es e estrat\u00e9gias<br \/>\nAna C\u00e9lia Castro<\/p>\n<p><a title=\"Temas do sistema agroalimentar e desenvolvimento sustent\u00e1vel\" href=\"https:\/\/institucional.ufrrj.br\/portalcpda\/disciplinas\/temas-do-sistema-agroalimentar-e-desenvolvimento-sustentavel\/\" rel=\"nofollow\">IH 1548<\/a> &#8211; Temas do sistema agroalimentar<br \/>\nJohn Wilkinson e George Flexor<\/p>\n<p><a title=\"T\u00f3picos especiais em Institui\u00e7\u00f5es, mercados e regula\u00e7\u00e3o\" href=\"https:\/\/institucional.ufrrj.br\/portalcpda\/disciplinas\/topicos-especiais-em-instituicoes-mercados-e-regulacao\/\" rel=\"nofollow\">IH 1572<\/a> &#8211; T\u00f3picos especiais em Institui\u00e7\u00f5es, mercados e regula\u00e7\u00e3o<br \/>\ntodos os professores da linha<\/p>\n<p>IH 1574 &#8211; Laborat\u00f3rio tem\u00e1tico em Institui\u00e7\u00f5es, mercados e regula\u00e7\u00e3o<br \/>\ntodos os professores da linha<\/p>\n","protected":false},"excerpt":{"rendered":"<p>Tem por objeto de reflex\u00e3o as tem\u00e1ticas do desenvolvimento, das institui\u00e7\u00f5es, dos mercados, das estrat\u00e9gias empresariais e do comportamento dos <a class=\"read-more\" href=\"https:\/\/institucional.ufrrj.br\/portalcpda\/instituicoes-mercados-e-regulacao\/ \" >&#8230; <span class=\"font-italic\">leia mais <i class=\"fas fa-angle-right\"><\/i><\/span><\/a><\/p>\n","protected":false},"author":634,"featured_media":0,"parent":0,"menu_order":0,"comment_status":"open","ping_status":"open","template":"","meta":{"_acf_changed":false,"footnotes":""},"class_list":["post-268","page","type-page","status-publish","hentry"],"yoast_head":"<!-- This site is optimized with the Yoast SEO plugin v27.2 - https:\/\/yoast.com\/product\/yoast-seo-wordpress\/ -->\n<title>Institui\u00e7\u00f5es, mercados e regula\u00e7\u00e3o - CPDA<\/title>\n<meta name=\"robots\" content=\"index, follow, max-snippet:-1, max-image-preview:large, max-video-preview:-1\" \/>\n<link rel=\"canonical\" href=\"https:\/\/institucional.ufrrj.br\/portalcpda\/instituicoes-mercados-e-regulacao\/\" \/>\n<meta property=\"og:locale\" content=\"pt_BR\" \/>\n<meta property=\"og:type\" content=\"article\" \/>\n<meta property=\"og:title\" content=\"Institui\u00e7\u00f5es, mercados e regula\u00e7\u00e3o - CPDA\" \/>\n<meta property=\"og:description\" content=\"Tem por objeto de reflex\u00e3o as tem\u00e1ticas do desenvolvimento, das institui\u00e7\u00f5es, dos mercados, das estrat\u00e9gias empresariais e do comportamento dos ... leia mais\" \/>\n<meta property=\"og:url\" content=\"https:\/\/institucional.ufrrj.br\/portalcpda\/instituicoes-mercados-e-regulacao\/\" \/>\n<meta property=\"og:site_name\" content=\"CPDA\" \/>\n<meta property=\"article:modified_time\" content=\"2025-04-07T15:33:38+00:00\" \/>\n<meta name=\"twitter:card\" content=\"summary_large_image\" \/>\n<meta name=\"twitter:label1\" content=\"Est. tempo de leitura\" \/>\n\t<meta name=\"twitter:data1\" content=\"2 minutos\" \/>\n<script type=\"application\/ld+json\" class=\"yoast-schema-graph\">{\"@context\":\"https:\/\/schema.org\",\"@graph\":[{\"@type\":\"WebPage\",\"@id\":\"https:\/\/institucional.ufrrj.br\/portalcpda\/instituicoes-mercados-e-regulacao\/\",\"url\":\"https:\/\/institucional.ufrrj.br\/portalcpda\/instituicoes-mercados-e-regulacao\/\",\"name\":\"Institui\u00e7\u00f5es, mercados e regula\u00e7\u00e3o - CPDA\",\"isPartOf\":{\"@id\":\"https:\/\/institucional.ufrrj.br\/portalcpda\/#website\"},\"datePublished\":\"2011-07-05T21:33:05+00:00\",\"dateModified\":\"2025-04-07T15:33:38+00:00\",\"breadcrumb\":{\"@id\":\"https:\/\/institucional.ufrrj.br\/portalcpda\/instituicoes-mercados-e-regulacao\/#breadcrumb\"},\"inLanguage\":\"pt-BR\",\"potentialAction\":[{\"@type\":\"ReadAction\",\"target\":[\"https:\/\/institucional.ufrrj.br\/portalcpda\/instituicoes-mercados-e-regulacao\/\"]}]},{\"@type\":\"BreadcrumbList\",\"@id\":\"https:\/\/institucional.ufrrj.br\/portalcpda\/instituicoes-mercados-e-regulacao\/#breadcrumb\",\"itemListElement\":[{\"@type\":\"ListItem\",\"position\":1,\"name\":\"In\u00edcio\",\"item\":\"https:\/\/institucional.ufrrj.br\/portalcpda\/\"},{\"@type\":\"ListItem\",\"position\":2,\"name\":\"Institui\u00e7\u00f5es, mercados e regula\u00e7\u00e3o\"}]},{\"@type\":\"WebSite\",\"@id\":\"https:\/\/institucional.ufrrj.br\/portalcpda\/#website\",\"url\":\"https:\/\/institucional.ufrrj.br\/portalcpda\/\",\"name\":\"CPDA\",\"description\":\"institucional.ufrrj.br\",\"potentialAction\":[{\"@type\":\"SearchAction\",\"target\":{\"@type\":\"EntryPoint\",\"urlTemplate\":\"https:\/\/institucional.ufrrj.br\/portalcpda\/?s={search_term_string}\"},\"query-input\":{\"@type\":\"PropertyValueSpecification\",\"valueRequired\":true,\"valueName\":\"search_term_string\"}}],\"inLanguage\":\"pt-BR\"}]}<\/script>\n<!-- \/ Yoast SEO plugin. -->","yoast_head_json":{"title":"Institui\u00e7\u00f5es, mercados e regula\u00e7\u00e3o - CPDA","robots":{"index":"index","follow":"follow","max-snippet":"max-snippet:-1","max-image-preview":"max-image-preview:large","max-video-preview":"max-video-preview:-1"},"canonical":"https:\/\/institucional.ufrrj.br\/portalcpda\/instituicoes-mercados-e-regulacao\/","og_locale":"pt_BR","og_type":"article","og_title":"Institui\u00e7\u00f5es, mercados e regula\u00e7\u00e3o - CPDA","og_description":"Tem por objeto de reflex\u00e3o as tem\u00e1ticas do desenvolvimento, das institui\u00e7\u00f5es, dos mercados, das estrat\u00e9gias empresariais e do comportamento dos ... leia mais","og_url":"https:\/\/institucional.ufrrj.br\/portalcpda\/instituicoes-mercados-e-regulacao\/","og_site_name":"CPDA","article_modified_time":"2025-04-07T15:33:38+00:00","twitter_card":"summary_large_image","twitter_misc":{"Est. tempo de leitura":"2 minutos"},"schema":{"@context":"https:\/\/schema.org","@graph":[{"@type":"WebPage","@id":"https:\/\/institucional.ufrrj.br\/portalcpda\/instituicoes-mercados-e-regulacao\/","url":"https:\/\/institucional.ufrrj.br\/portalcpda\/instituicoes-mercados-e-regulacao\/","name":"Institui\u00e7\u00f5es, mercados e regula\u00e7\u00e3o - CPDA","isPartOf":{"@id":"https:\/\/institucional.ufrrj.br\/portalcpda\/#website"},"datePublished":"2011-07-05T21:33:05+00:00","dateModified":"2025-04-07T15:33:38+00:00","breadcrumb":{"@id":"https:\/\/institucional.ufrrj.br\/portalcpda\/instituicoes-mercados-e-regulacao\/#breadcrumb"},"inLanguage":"pt-BR","potentialAction":[{"@type":"ReadAction","target":["https:\/\/institucional.ufrrj.br\/portalcpda\/instituicoes-mercados-e-regulacao\/"]}]},{"@type":"BreadcrumbList","@id":"https:\/\/institucional.ufrrj.br\/portalcpda\/instituicoes-mercados-e-regulacao\/#breadcrumb","itemListElement":[{"@type":"ListItem","position":1,"name":"In\u00edcio","item":"https:\/\/institucional.ufrrj.br\/portalcpda\/"},{"@type":"ListItem","position":2,"name":"Institui\u00e7\u00f5es, mercados e regula\u00e7\u00e3o"}]},{"@type":"WebSite","@id":"https:\/\/institucional.ufrrj.br\/portalcpda\/#website","url":"https:\/\/institucional.ufrrj.br\/portalcpda\/","name":"CPDA","description":"institucional.ufrrj.br","potentialAction":[{"@type":"SearchAction","target":{"@type":"EntryPoint","urlTemplate":"https:\/\/institucional.ufrrj.br\/portalcpda\/?s={search_term_string}"},"query-input":{"@type":"PropertyValueSpecification","valueRequired":true,"valueName":"search_term_string"}}],"inLanguage":"pt-BR"}]}},"acf":[],"_links":{"self":[{"href":"https:\/\/institucional.ufrrj.br\/portalcpda\/wp-json\/wp\/v2\/pages\/268","targetHints":{"allow":["GET"]}}],"collection":[{"href":"https:\/\/institucional.ufrrj.br\/portalcpda\/wp-json\/wp\/v2\/pages"}],"about":[{"href":"https:\/\/institucional.ufrrj.br\/portalcpda\/wp-json\/wp\/v2\/types\/page"}],"author":[{"embeddable":true,"href":"https:\/\/institucional.ufrrj.br\/portalcpda\/wp-json\/wp\/v2\/users\/634"}],"replies":[{"embeddable":true,"href":"https:\/\/institucional.ufrrj.br\/portalcpda\/wp-json\/wp\/v2\/comments?post=268"}],"version-history":[{"count":5,"href":"https:\/\/institucional.ufrrj.br\/portalcpda\/wp-json\/wp\/v2\/pages\/268\/revisions"}],"predecessor-version":[{"id":26599,"href":"https:\/\/institucional.ufrrj.br\/portalcpda\/wp-json\/wp\/v2\/pages\/268\/revisions\/26599"}],"wp:attachment":[{"href":"https:\/\/institucional.ufrrj.br\/portalcpda\/wp-json\/wp\/v2\/media?parent=268"}],"curies":[{"name":"wp","href":"https:\/\/api.w.org\/{rel}","templated":true}]}}