{"id":26522,"date":"2025-02-26T13:33:25","date_gmt":"2025-02-26T16:33:25","guid":{"rendered":"https:\/\/institucional.ufrrj.br\/portalcpda\/?page_id=26522"},"modified":"2026-03-09T18:37:02","modified_gmt":"2026-03-09T21:37:02","slug":"estagio-de-docencia","status":"publish","type":"page","link":"https:\/\/institucional.ufrrj.br\/portalcpda\/estagio-de-docencia\/","title":{"rendered":"Est\u00e1gio de Doc\u00eancia"},"content":{"rendered":"<hr \/>\n<div align=\"justify\">\n<p>O Est\u00e1gio de Doc\u00eancia \u00e9 uma das\u00a0<strong>atividades acad\u00eamicas\u00a0<\/strong>oferecidas pelo CPDA\/UFRRJ aos seus discentes, sendo regido pela <a href=\"https:\/\/institucional.ufrrj.br\/portalcpda\/files\/2019\/03\/Instru\u00e7\u00e3o-Normativa-CPDA-01-2020-Est\u00e1gio-de-Doc\u00eancia.pdf\" target=\"_blank\" rel=\"noopener noreferrer\">Instru\u00e7\u00e3o Normativa CPDA 01-2020<\/a>, pelo <a href=\"https:\/\/institucional.ufrrj.br\/portalcpda\/files\/2019\/03\/Delibera\u00e7\u00e3o-CEPE-n\u00ba-41-de-26-05-2020-Normas-para-o-Est\u00e1gio-\u00e0-Doc\u00eancia-na-P\u00f3s-Gradua\u00e7\u00e3o.pdf\" target=\"_blank\" rel=\"noopener noreferrer\">Programa de Est\u00e1gio de Doc\u00eancia (PED) da UFRRJ<\/a> e pela <a href=\"https:\/\/institucional.ufrrj.br\/portalcpda\/files\/2019\/03\/Portaria-Capes-076-DS-e-Est\u00e1gio-de-Doc\u00eancia-1.pdf\" target=\"_blank\" rel=\"noopener noreferrer\">Portaria Capes n\u00ba 76<\/a>.<\/p>\n<p>O Est\u00e1gio de Doc\u00eancia \u00e9 <strong>obrigat\u00f3rio para os\/as Doutorandos\/as com bolsa Capes<\/strong>, que devem realizar no m\u00ednimo dois e no m\u00e1ximo tr\u00eas semestres de est\u00e1gio ao longo do curso de doutorado, como pr\u00e9-requisito para o agendamento da defesa da tese.<\/p>\n<p>Os\/As doutorandos\/as com bolsa Capes que tenham comprova\u00e7\u00e3o de pelo menos dois semestres de doc\u00eancia em cursos de gradua\u00e7\u00e3o de universidades p\u00fablicas ou privadas podem solicitar ao Colegiado Executivo do CPDA, por E-mail, dispensa do Est\u00e1gio de Doc\u00eancia, anexando a documenta\u00e7\u00e3o comprobat\u00f3ria (contracheque, carteira de trabalho ou declara\u00e7\u00e3o da universidade) e a concord\u00e2ncia do orientador. A solicita\u00e7\u00e3o ser\u00e1 analisada pelo Colegiado Executivo e, se aprovada, constar\u00e1 em ata.<\/p>\n<p>O Est\u00e1gio de Doc\u00eancia \u00e9 opcional para os\/as demais discentes do CPDA\/UFRRJ, podendo ser realizado ao longo do curso de mestrado ou doutorado, e ter\u00e1 dura\u00e7\u00e3o m\u00ednima de um semestre (para mestrandos\/as e doutorandos\/as) e m\u00e1xima de dois semestres para mestrandos\/as e de tr\u00eas semestres para doutorandos\/as.<\/p>\n<p>Tanto o Est\u00e1gio de Doc\u00eancia Obrigat\u00f3rio quanto o Opcional ser\u00e3o feitos, obrigatoriamente, em <strong>cursos de gradua\u00e7\u00e3o da UFRRJ<\/strong>, presenciais ou \u00e0 dist\u00e2ncia, ministrados pelo\/a orientador\/a do\/a discente ou outro\/a professor\/a do DDAS\/ICHS\/UFRRJ, podendo ser realizado, ainda, com professores de outros departamentos da UFRRJ.<\/p>\n<p>O Est\u00e1gio de Doc\u00eancia dos\/as mestrandos\/as ter\u00e1 dura\u00e7\u00e3o de no m\u00ednimo duas e no m\u00e1ximo quatro horas semanais, totalizando de 30 a 60 horas semanais em cada semestre de est\u00e1gio.<\/p>\n<p>O Est\u00e1gio de Doc\u00eancia Obrigat\u00f3rio e Opcional dos\/as doutorandos\/as ter\u00e1 dura\u00e7\u00e3o de no m\u00ednimo quatro e no m\u00e1ximo seis horas semanais, totalizando de 60 a 90 horas semanais m\u00e1ximas em cada semestre de est\u00e1gio.<\/p>\n<p>A <a href=\"https:\/\/institucional.ufrrj.br\/portalcpda\/fatima-portilho\/\">Profa. F\u00e1tima Portilho<\/a> \u00e9 a coordenadora do est\u00e1gio, mas <strong>as atividades realizadas ficar\u00e3o sob a responsabilidade do\/a orientador\/a do\/a discente e do\/a professor\/a da disciplina que o\/a receber\u00e1 para o est\u00e1gio, e ambos devem aprovar o Plano de Atividades e o Relat\u00f3rio Final do aluno<\/strong>.<\/p>\n<p>A Grade de Disciplinas oferecidas pelo DDAS na Gradua\u00e7\u00e3o &#8211; 2026-1 est\u00e1 dispon\u00edvel <a href=\"https:\/\/institucional.ufrrj.br\/portalcpda\/files\/2026\/03\/QUADRO-DE-DISCIPLINAS-DDAS-GRADUACAO-2026-1.pdf\">AQUI <\/a>.<\/p>\n<p>Acesse aqui um modelo de <a href=\"https:\/\/institucional.ufrrj.br\/portalcpda\/files\/2019\/03\/Modelo-de-Plano-de-Atividades-Est\u00e1gio-de-Doc\u00eancia.pdf\" target=\"_blank\" rel=\"noopener noreferrer\">Plano de Atividades<\/a>\u00a0e um modelo de <a href=\"https:\/\/institucional.ufrrj.br\/portalcpda\/files\/2019\/03\/Modelo-de-Relat\u00f3rio-Final-Est\u00e1gio-de-Doc\u00eancia.pdf\" target=\"_blank\" rel=\"noopener noreferrer\">Relat\u00f3rio Final<\/a>.<\/p>\n<\/div>\n<p>&nbsp;<\/p>\n<p><b>Procedimentos:<\/b><\/p>\n<p>\u2013 Verifique as disciplinas oferecidas pelos professores do DDAS\/ICHS\/UFRRJ (acima) e selecione aquela na qual pretende estagiar (pode ser aquela oferecida por seu orientador\/a).<\/p>\n<p>\u2013 Contate o\/a professor\/a respons\u00e1vel pela disciplina, oferecendo-se para o est\u00e1gio e acerte com ele\/a todos os detalhes (os e-mails est\u00e3o dispon\u00edveis <a href=\"https:\/\/institucional.ufrrj.br\/portalcpda\/contatos\/\">aqui<\/a>);<\/p>\n<p>\u2013 Solicite a matr\u00edcula no Est\u00e1gio de Doc\u00eancia \u00e0 Secretaria Acad\u00eamica do CPDA (<a href=\"mailto:cpda_secretaria_academica@ufrrj.br\">cpda_secretaria_academica@ufrrj.br<\/a>) no <a href=\"https:\/\/institucional.ufrrj.br\/portalcpda\/matricula\/\">per\u00edodo de matr\u00edculas<\/a> de cada semestre;<\/p>\n<p>\u2013 No in\u00edcio do est\u00e1gio , elabore o Plano de Atividades do Est\u00e1gio de Doc\u00eancia junto com o\/a professor\/a da disciplina e com seu\/sua orientador\/a;<\/p>\n<p>\u2013 Encaminhe o Plano de Atividades do Est\u00e1gio de Doc\u00eancia, com a assinatra dos dois profs. acima, \u00e0 coordenadora do est\u00e1gio, Profa. F\u00e1tima Portilho, atrav\u00e9s do email <a href=\"mailto:faportilho@ufrrj.br\">faportilho@ufrrj.br<\/a>;<\/p>\n<p>\u2013 Ao final do per\u00edodo de est\u00e1gio, elabore o Relat\u00f3rio Final junto com o\/a professor\/a e com seu \/sua orientador\/a;<\/p>\n<p>\u2013 Encaminhe o Relat\u00f3rio Final do Est\u00e1gio de Doc\u00eancia, com a assinatra dos dois profs. acima, \u00e0 coordenadora do est\u00e1gio, Profa. F\u00e1tima Portilho, atrav\u00e9s do email <a href=\"mailto:faportilho@ufrrj.br\">faportilho@ufrrj.br<\/a>;<\/p>\n<div>Para qualquer d\u00favida ou sugest\u00e3o, entre em contato com a Profa. F\u00e1tima Portilho.<\/div>\n<p>&nbsp;<\/p>\n<p>&nbsp;<\/p>\n<p>&nbsp;<\/p>\n","protected":false},"excerpt":{"rendered":"<p>O Est\u00e1gio de Doc\u00eancia \u00e9 uma das\u00a0atividades acad\u00eamicas\u00a0oferecidas pelo CPDA\/UFRRJ aos seus discentes, sendo regido pela Instru\u00e7\u00e3o Normativa CPDA 01-2020, <a class=\"read-more\" href=\"https:\/\/institucional.ufrrj.br\/portalcpda\/estagio-de-docencia\/ \" >&#8230; <span class=\"font-italic\">leia mais <i class=\"fas fa-angle-right\"><\/i><\/span><\/a><\/p>\n","protected":false},"author":715,"featured_media":0,"parent":0,"menu_order":0,"comment_status":"closed","ping_status":"closed","template":"","meta":{"_acf_changed":false,"footnotes":""},"class_list":["post-26522","page","type-page","status-publish","hentry"],"yoast_head":"<!-- This site is optimized with the Yoast SEO plugin v27.2 - https:\/\/yoast.com\/product\/yoast-seo-wordpress\/ -->\n<title>Est\u00e1gio de Doc\u00eancia - CPDA<\/title>\n<meta name=\"robots\" content=\"index, follow, max-snippet:-1, max-image-preview:large, max-video-preview:-1\" \/>\n<link rel=\"canonical\" href=\"https:\/\/institucional.ufrrj.br\/portalcpda\/estagio-de-docencia\/\" \/>\n<meta property=\"og:locale\" content=\"pt_BR\" \/>\n<meta property=\"og:type\" content=\"article\" \/>\n<meta property=\"og:title\" content=\"Est\u00e1gio de Doc\u00eancia - CPDA\" \/>\n<meta property=\"og:description\" content=\"O Est\u00e1gio de Doc\u00eancia \u00e9 uma das\u00a0atividades acad\u00eamicas\u00a0oferecidas pelo CPDA\/UFRRJ aos seus discentes, sendo regido pela Instru\u00e7\u00e3o Normativa CPDA 01-2020, ... leia mais\" \/>\n<meta property=\"og:url\" content=\"https:\/\/institucional.ufrrj.br\/portalcpda\/estagio-de-docencia\/\" \/>\n<meta property=\"og:site_name\" content=\"CPDA\" \/>\n<meta property=\"article:modified_time\" content=\"2026-03-09T21:37:02+00:00\" \/>\n<meta name=\"twitter:card\" content=\"summary_large_image\" \/>\n<meta name=\"twitter:label1\" content=\"Est. tempo de leitura\" \/>\n\t<meta name=\"twitter:data1\" content=\"4 minutos\" \/>\n<script type=\"application\/ld+json\" class=\"yoast-schema-graph\">{\"@context\":\"https:\/\/schema.org\",\"@graph\":[{\"@type\":\"WebPage\",\"@id\":\"https:\/\/institucional.ufrrj.br\/portalcpda\/estagio-de-docencia\/\",\"url\":\"https:\/\/institucional.ufrrj.br\/portalcpda\/estagio-de-docencia\/\",\"name\":\"Est\u00e1gio de Doc\u00eancia - CPDA\",\"isPartOf\":{\"@id\":\"https:\/\/institucional.ufrrj.br\/portalcpda\/#website\"},\"datePublished\":\"2025-02-26T16:33:25+00:00\",\"dateModified\":\"2026-03-09T21:37:02+00:00\",\"breadcrumb\":{\"@id\":\"https:\/\/institucional.ufrrj.br\/portalcpda\/estagio-de-docencia\/#breadcrumb\"},\"inLanguage\":\"pt-BR\",\"potentialAction\":[{\"@type\":\"ReadAction\",\"target\":[\"https:\/\/institucional.ufrrj.br\/portalcpda\/estagio-de-docencia\/\"]}]},{\"@type\":\"BreadcrumbList\",\"@id\":\"https:\/\/institucional.ufrrj.br\/portalcpda\/estagio-de-docencia\/#breadcrumb\",\"itemListElement\":[{\"@type\":\"ListItem\",\"position\":1,\"name\":\"In\u00edcio\",\"item\":\"https:\/\/institucional.ufrrj.br\/portalcpda\/\"},{\"@type\":\"ListItem\",\"position\":2,\"name\":\"Est\u00e1gio de Doc\u00eancia\"}]},{\"@type\":\"WebSite\",\"@id\":\"https:\/\/institucional.ufrrj.br\/portalcpda\/#website\",\"url\":\"https:\/\/institucional.ufrrj.br\/portalcpda\/\",\"name\":\"CPDA\",\"description\":\"institucional.ufrrj.br\",\"potentialAction\":[{\"@type\":\"SearchAction\",\"target\":{\"@type\":\"EntryPoint\",\"urlTemplate\":\"https:\/\/institucional.ufrrj.br\/portalcpda\/?s={search_term_string}\"},\"query-input\":{\"@type\":\"PropertyValueSpecification\",\"valueRequired\":true,\"valueName\":\"search_term_string\"}}],\"inLanguage\":\"pt-BR\"}]}<\/script>\n<!-- \/ Yoast SEO plugin. -->","yoast_head_json":{"title":"Est\u00e1gio de Doc\u00eancia - CPDA","robots":{"index":"index","follow":"follow","max-snippet":"max-snippet:-1","max-image-preview":"max-image-preview:large","max-video-preview":"max-video-preview:-1"},"canonical":"https:\/\/institucional.ufrrj.br\/portalcpda\/estagio-de-docencia\/","og_locale":"pt_BR","og_type":"article","og_title":"Est\u00e1gio de Doc\u00eancia - CPDA","og_description":"O Est\u00e1gio de Doc\u00eancia \u00e9 uma das\u00a0atividades acad\u00eamicas\u00a0oferecidas pelo CPDA\/UFRRJ aos seus discentes, sendo regido pela Instru\u00e7\u00e3o Normativa CPDA 01-2020, ... leia mais","og_url":"https:\/\/institucional.ufrrj.br\/portalcpda\/estagio-de-docencia\/","og_site_name":"CPDA","article_modified_time":"2026-03-09T21:37:02+00:00","twitter_card":"summary_large_image","twitter_misc":{"Est. tempo de leitura":"4 minutos"},"schema":{"@context":"https:\/\/schema.org","@graph":[{"@type":"WebPage","@id":"https:\/\/institucional.ufrrj.br\/portalcpda\/estagio-de-docencia\/","url":"https:\/\/institucional.ufrrj.br\/portalcpda\/estagio-de-docencia\/","name":"Est\u00e1gio de Doc\u00eancia - CPDA","isPartOf":{"@id":"https:\/\/institucional.ufrrj.br\/portalcpda\/#website"},"datePublished":"2025-02-26T16:33:25+00:00","dateModified":"2026-03-09T21:37:02+00:00","breadcrumb":{"@id":"https:\/\/institucional.ufrrj.br\/portalcpda\/estagio-de-docencia\/#breadcrumb"},"inLanguage":"pt-BR","potentialAction":[{"@type":"ReadAction","target":["https:\/\/institucional.ufrrj.br\/portalcpda\/estagio-de-docencia\/"]}]},{"@type":"BreadcrumbList","@id":"https:\/\/institucional.ufrrj.br\/portalcpda\/estagio-de-docencia\/#breadcrumb","itemListElement":[{"@type":"ListItem","position":1,"name":"In\u00edcio","item":"https:\/\/institucional.ufrrj.br\/portalcpda\/"},{"@type":"ListItem","position":2,"name":"Est\u00e1gio de Doc\u00eancia"}]},{"@type":"WebSite","@id":"https:\/\/institucional.ufrrj.br\/portalcpda\/#website","url":"https:\/\/institucional.ufrrj.br\/portalcpda\/","name":"CPDA","description":"institucional.ufrrj.br","potentialAction":[{"@type":"SearchAction","target":{"@type":"EntryPoint","urlTemplate":"https:\/\/institucional.ufrrj.br\/portalcpda\/?s={search_term_string}"},"query-input":{"@type":"PropertyValueSpecification","valueRequired":true,"valueName":"search_term_string"}}],"inLanguage":"pt-BR"}]}},"acf":[],"_links":{"self":[{"href":"https:\/\/institucional.ufrrj.br\/portalcpda\/wp-json\/wp\/v2\/pages\/26522","targetHints":{"allow":["GET"]}}],"collection":[{"href":"https:\/\/institucional.ufrrj.br\/portalcpda\/wp-json\/wp\/v2\/pages"}],"about":[{"href":"https:\/\/institucional.ufrrj.br\/portalcpda\/wp-json\/wp\/v2\/types\/page"}],"author":[{"embeddable":true,"href":"https:\/\/institucional.ufrrj.br\/portalcpda\/wp-json\/wp\/v2\/users\/715"}],"replies":[{"embeddable":true,"href":"https:\/\/institucional.ufrrj.br\/portalcpda\/wp-json\/wp\/v2\/comments?post=26522"}],"version-history":[{"count":3,"href":"https:\/\/institucional.ufrrj.br\/portalcpda\/wp-json\/wp\/v2\/pages\/26522\/revisions"}],"predecessor-version":[{"id":27662,"href":"https:\/\/institucional.ufrrj.br\/portalcpda\/wp-json\/wp\/v2\/pages\/26522\/revisions\/27662"}],"wp:attachment":[{"href":"https:\/\/institucional.ufrrj.br\/portalcpda\/wp-json\/wp\/v2\/media?parent=26522"}],"curies":[{"name":"wp","href":"https:\/\/api.w.org\/{rel}","templated":true}]}}