{"id":26415,"date":"2025-02-04T17:07:28","date_gmt":"2025-02-04T20:07:28","guid":{"rendered":"https:\/\/institucional.ufrrj.br\/portalcpda\/?page_id=26415"},"modified":"2025-02-04T17:07:28","modified_gmt":"2025-02-04T20:07:28","slug":"solicitacao-de-diploma","status":"publish","type":"page","link":"https:\/\/institucional.ufrrj.br\/portalcpda\/solicitacao-de-diploma\/","title":{"rendered":"Solicita\u00e7\u00e3o de Diploma"},"content":{"rendered":"<hr \/>\n<p>&nbsp;<\/p>\n<p><strong>Orienta\u00e7\u00e3o para solicitar a confec\u00e7\u00e3o dos diplomas de P\u00f3s-gradua\u00e7\u00e3o<\/strong><\/p>\n<p>Para solicitar a confec\u00e7\u00e3o do diploma dos discentes do SIGAA, o(a) discente dever\u00e1 cumprir as exig\u00eancias do Regimento Interno do programa, do Regulamento Geral dos Programas de P\u00f3s-Gradua\u00e7\u00e3o e do Manual de instru\u00e7\u00f5es para organiza\u00e7\u00e3o e apresenta\u00e7\u00e3o de disserta\u00e7\u00f5es e teses na UFRRJ.<br \/>\nO(a) discente, o(a) orientador(a) e a coordena\u00e7\u00e3o dever\u00e3o realizar os 9 passos do acompanhamento dos procedimentos ap\u00f3s defesa no SIGAA.<\/p>\n<p>&nbsp;<\/p>\n<p><strong>Aten\u00e7\u00e3o: instru\u00e7\u00f5es para a vers\u00e3o final da tese e procedimentos ap\u00f3s a defesa<\/strong><\/p>\n<p>1- Cabe ao orientador executar as seguintes fun\u00e7\u00f5es no sistema vinculadas a seus orientandos:<br \/>\n&#8211; Cadastrar Bancas de Qualifica\u00e7\u00e3o e Defesa;<br \/>\n&#8211; Gerar a ata de defesa mediante ao n\u00famero da ata informado pela secretaria do CPDA e\/ou pela Coordena\u00e7\u00e3o;<\/p>\n<p>2- Para agilizar os tr\u00e2mites da homologa\u00e7\u00e3o do diploma, sugerimos que na semana seguinte ap\u00f3s a defesa, o aluno solicite a ata e folha de rosto para a secretaria e colete as assinaturas gov.br dos membros. Depois de coletadas todas as assinaturas, envie os documentos para a secretaria do CPDA.<br \/>\nObs: A ata assinada \u00e9 um documento fundamental para a comprova\u00e7\u00e3o da titula\u00e7\u00e3o antes da expedi\u00e7\u00e3o do diploma.<\/p>\n<p>3- O orientador deve revisar e validar no SIGAA a vers\u00e3o final da disserta\u00e7\u00e3o ou tese para dar continuidade aos tr\u00e2mites de diploma\u00e7\u00e3o;<\/p>\n<p>4- Ficha Catalogr\u00e1fica: Ap\u00f3s aprova\u00e7\u00e3o da vers\u00e3o final pelo o(a) orientador, o discente dever\u00e1 acessar o link se encontra na p\u00e1gina da Biblioteca Central (Produtos e Servi\u00e7os \/ Ficha catalogr\u00e1fica online) <a href=\"http:\/\/institucional.ufrrj.br\/biblioteca\/produtos-e-servicos\/ficha-catalografica\/\" target=\"_blank\" rel=\"noopener\">http:\/\/institucional.ufrrj.br\/biblioteca\/produtos-e-servicos\/ficha-catalografica\/<\/a> e confeccionar sua Ficha Catalogr\u00e1fica (tutorial dispon\u00edvel no link <a href=\"https:\/\/academico.ufrrj.br\/biblioteca\/FichaCat_diretrizes_2011.pdf\" target=\"_blank\" rel=\"noopener\">https:\/\/academico.ufrrj.br\/biblioteca\/FichaCat_diretrizes_2011.pdf<\/a> e<br \/>\n<a href=\"https:\/\/academico.ufrrj.br\/biblioteca\/cutter\/cutter1.html\" target=\"_blank\" rel=\"noopener\">https:\/\/academico.ufrrj.br\/biblioteca\/cutter\/cutter1.html<\/a>). O t\u00edtulo da tese deve ser o mesmo na capa externa, folha de rosto e ficha catalogr\u00e1fica;<br \/>\nQualquer d\u00favida entrar em contato com a bibliotec\u00e1ria Silvia Alves pelo email: <a href=\"mailto:cpdabib@gmail.com\" target=\"_blank\" rel=\"noopener\">cpdabib@gmail.com<\/a>;<\/p>\n<p>5- Cita\u00e7\u00e3o de apoio da CAPES: a cita\u00e7\u00e3o institu\u00edda atrav\u00e9s da Portaria n\u00ba 206, de 04\/09\/2018, \u00e9 obrigat\u00f3ria para todos os alunos, sem exce\u00e7\u00e3o (bolsistas e n\u00e3o bolsistas), e deve constar na folha da ficha catalogr\u00e1fica, abaixo do quadro. Texto padr\u00e3o: \u201cO presente trabalho foi realizado com apoio da Coordena\u00e7\u00e3o de Aperfei\u00e7oamento de Pessoal de N\u00edvel Superior &#8211; Brasil (CAPES)&#8221;;<\/p>\n<p>6- Folha de Aprova\u00e7\u00e3o\/ folha de rosto: A folha de aprova\u00e7\u00e3o da vers\u00e3o digital da tese dever\u00e1 ser assinada eletronicamente pelos membros da banca, via SIPAC ou Gov.br (n\u00e3o podem ser assinaturas digitalizadas ou escaneadas). A folha de aprova\u00e7\u00e3o deve ser inserida ap\u00f3s a ficha catalogr\u00e1fica.<br \/>\nObs.: N\u00e3o ser\u00e3o aceitos exemplares sem a assinatura do Professor Orientador e demais membros da Banca Examinadora;<\/p>\n<p>7- Nada Consta: o(a) discente dever\u00e1 obter o registro de \u2018Nada Consta\u2019 junto \u00e0 Biblioteca da UFRRJ;<\/p>\n<p>8- O aluno deve acompanhar o passo a passo no SIGAA: Consulte ACOMPANHAMENTO DOS PROCEDIMENTOS AP\u00d3S DEFESA NO SIGAA. Todos os documentos solicitados (diploma e RG, por exemplo) devem ser anexados em PDF, de forma leg\u00edvel, com frente e verso;<\/p>\n<p>9- N\u00e3o esquecer de enviar o Termo de Autoriza\u00e7\u00e3o do SIGAA em PDF, que o(a) aluno (a) assina no passo 7 (do acompanhamento dos procedimentos ap\u00f3s defesa) para<a href=\"mailto:cpda_secretaria_academica@ufrrj.br\" target=\"_blank\" rel=\"noopener\"> cpda_secretaria_academica@ufrrj.br<\/a> , pois a secretaria do CPDA ir\u00e1 cadastrar, na mesa virtual do SIPAC, o Formul\u00e1rio &#8211; Termo de autoriza\u00e7\u00e3o para publica\u00e7\u00e3o das teses e disserta\u00e7\u00f5es digitais na Biblioteca da UFRRJ, que ser\u00e3o assinados pelo Coordenador\/Vice Coordenador e pelo Orientador(a), anexando o termo enviado pelo discente.<\/p>\n<p>10- Ap\u00f3s a assinatura de todos, o formul\u00e1rio e o respectivo anexo ser\u00e3o enviados para a PROPPG, que realiza uma rigorosa confer\u00eancia de todos os documentos: vers\u00e3o final anexada, termo de publica\u00e7\u00e3o do discente, identidade, CPF e diploma de titula\u00e7\u00e3o anterior (todos frente e verso). Caso tudo esteja correto, a PROPPG emite o certificado. Caso algo esteja em inconformidade volta-se ao Passo 1.<\/p>\n<p>&nbsp;<\/p>\n<p>&nbsp;<\/p>\n<p>&nbsp;<\/p>\n<p>&nbsp;<\/p>\n<p>&nbsp;<\/p>\n","protected":false},"excerpt":{"rendered":"<p>&nbsp; Orienta\u00e7\u00e3o para solicitar a confec\u00e7\u00e3o dos diplomas de P\u00f3s-gradua\u00e7\u00e3o Para solicitar a confec\u00e7\u00e3o do diploma dos discentes do SIGAA, <a class=\"read-more\" href=\"https:\/\/institucional.ufrrj.br\/portalcpda\/solicitacao-de-diploma\/ \" >&#8230; <span class=\"font-italic\">leia mais <i class=\"fas fa-angle-right\"><\/i><\/span><\/a><\/p>\n","protected":false},"author":715,"featured_media":0,"parent":0,"menu_order":0,"comment_status":"closed","ping_status":"closed","template":"","meta":{"_acf_changed":false,"footnotes":""},"class_list":["post-26415","page","type-page","status-publish","hentry"],"yoast_head":"<!-- This site is optimized with the Yoast SEO plugin v27.2 - https:\/\/yoast.com\/product\/yoast-seo-wordpress\/ -->\n<title>Solicita\u00e7\u00e3o de Diploma - CPDA<\/title>\n<meta name=\"robots\" content=\"index, follow, max-snippet:-1, max-image-preview:large, max-video-preview:-1\" \/>\n<link rel=\"canonical\" href=\"https:\/\/institucional.ufrrj.br\/portalcpda\/solicitacao-de-diploma\/\" \/>\n<meta property=\"og:locale\" content=\"pt_BR\" \/>\n<meta property=\"og:type\" content=\"article\" \/>\n<meta property=\"og:title\" content=\"Solicita\u00e7\u00e3o de Diploma - CPDA\" \/>\n<meta property=\"og:description\" content=\"&nbsp; Orienta\u00e7\u00e3o para solicitar a confec\u00e7\u00e3o dos diplomas de P\u00f3s-gradua\u00e7\u00e3o Para solicitar a confec\u00e7\u00e3o do diploma dos discentes do SIGAA, ... leia mais\" \/>\n<meta property=\"og:url\" content=\"https:\/\/institucional.ufrrj.br\/portalcpda\/solicitacao-de-diploma\/\" \/>\n<meta property=\"og:site_name\" content=\"CPDA\" \/>\n<meta name=\"twitter:card\" content=\"summary_large_image\" \/>\n<meta name=\"twitter:label1\" content=\"Est. tempo de leitura\" \/>\n\t<meta name=\"twitter:data1\" content=\"4 minutos\" \/>\n<script type=\"application\/ld+json\" class=\"yoast-schema-graph\">{\"@context\":\"https:\/\/schema.org\",\"@graph\":[{\"@type\":\"WebPage\",\"@id\":\"https:\/\/institucional.ufrrj.br\/portalcpda\/solicitacao-de-diploma\/\",\"url\":\"https:\/\/institucional.ufrrj.br\/portalcpda\/solicitacao-de-diploma\/\",\"name\":\"Solicita\u00e7\u00e3o de Diploma - CPDA\",\"isPartOf\":{\"@id\":\"https:\/\/institucional.ufrrj.br\/portalcpda\/#website\"},\"datePublished\":\"2025-02-04T20:07:28+00:00\",\"breadcrumb\":{\"@id\":\"https:\/\/institucional.ufrrj.br\/portalcpda\/solicitacao-de-diploma\/#breadcrumb\"},\"inLanguage\":\"pt-BR\",\"potentialAction\":[{\"@type\":\"ReadAction\",\"target\":[\"https:\/\/institucional.ufrrj.br\/portalcpda\/solicitacao-de-diploma\/\"]}]},{\"@type\":\"BreadcrumbList\",\"@id\":\"https:\/\/institucional.ufrrj.br\/portalcpda\/solicitacao-de-diploma\/#breadcrumb\",\"itemListElement\":[{\"@type\":\"ListItem\",\"position\":1,\"name\":\"In\u00edcio\",\"item\":\"https:\/\/institucional.ufrrj.br\/portalcpda\/\"},{\"@type\":\"ListItem\",\"position\":2,\"name\":\"Solicita\u00e7\u00e3o de Diploma\"}]},{\"@type\":\"WebSite\",\"@id\":\"https:\/\/institucional.ufrrj.br\/portalcpda\/#website\",\"url\":\"https:\/\/institucional.ufrrj.br\/portalcpda\/\",\"name\":\"CPDA\",\"description\":\"institucional.ufrrj.br\",\"potentialAction\":[{\"@type\":\"SearchAction\",\"target\":{\"@type\":\"EntryPoint\",\"urlTemplate\":\"https:\/\/institucional.ufrrj.br\/portalcpda\/?s={search_term_string}\"},\"query-input\":{\"@type\":\"PropertyValueSpecification\",\"valueRequired\":true,\"valueName\":\"search_term_string\"}}],\"inLanguage\":\"pt-BR\"}]}<\/script>\n<!-- \/ Yoast SEO plugin. -->","yoast_head_json":{"title":"Solicita\u00e7\u00e3o de Diploma - CPDA","robots":{"index":"index","follow":"follow","max-snippet":"max-snippet:-1","max-image-preview":"max-image-preview:large","max-video-preview":"max-video-preview:-1"},"canonical":"https:\/\/institucional.ufrrj.br\/portalcpda\/solicitacao-de-diploma\/","og_locale":"pt_BR","og_type":"article","og_title":"Solicita\u00e7\u00e3o de Diploma - CPDA","og_description":"&nbsp; Orienta\u00e7\u00e3o para solicitar a confec\u00e7\u00e3o dos diplomas de P\u00f3s-gradua\u00e7\u00e3o Para solicitar a confec\u00e7\u00e3o do diploma dos discentes do SIGAA, ... leia mais","og_url":"https:\/\/institucional.ufrrj.br\/portalcpda\/solicitacao-de-diploma\/","og_site_name":"CPDA","twitter_card":"summary_large_image","twitter_misc":{"Est. tempo de leitura":"4 minutos"},"schema":{"@context":"https:\/\/schema.org","@graph":[{"@type":"WebPage","@id":"https:\/\/institucional.ufrrj.br\/portalcpda\/solicitacao-de-diploma\/","url":"https:\/\/institucional.ufrrj.br\/portalcpda\/solicitacao-de-diploma\/","name":"Solicita\u00e7\u00e3o de Diploma - CPDA","isPartOf":{"@id":"https:\/\/institucional.ufrrj.br\/portalcpda\/#website"},"datePublished":"2025-02-04T20:07:28+00:00","breadcrumb":{"@id":"https:\/\/institucional.ufrrj.br\/portalcpda\/solicitacao-de-diploma\/#breadcrumb"},"inLanguage":"pt-BR","potentialAction":[{"@type":"ReadAction","target":["https:\/\/institucional.ufrrj.br\/portalcpda\/solicitacao-de-diploma\/"]}]},{"@type":"BreadcrumbList","@id":"https:\/\/institucional.ufrrj.br\/portalcpda\/solicitacao-de-diploma\/#breadcrumb","itemListElement":[{"@type":"ListItem","position":1,"name":"In\u00edcio","item":"https:\/\/institucional.ufrrj.br\/portalcpda\/"},{"@type":"ListItem","position":2,"name":"Solicita\u00e7\u00e3o de Diploma"}]},{"@type":"WebSite","@id":"https:\/\/institucional.ufrrj.br\/portalcpda\/#website","url":"https:\/\/institucional.ufrrj.br\/portalcpda\/","name":"CPDA","description":"institucional.ufrrj.br","potentialAction":[{"@type":"SearchAction","target":{"@type":"EntryPoint","urlTemplate":"https:\/\/institucional.ufrrj.br\/portalcpda\/?s={search_term_string}"},"query-input":{"@type":"PropertyValueSpecification","valueRequired":true,"valueName":"search_term_string"}}],"inLanguage":"pt-BR"}]}},"acf":[],"_links":{"self":[{"href":"https:\/\/institucional.ufrrj.br\/portalcpda\/wp-json\/wp\/v2\/pages\/26415","targetHints":{"allow":["GET"]}}],"collection":[{"href":"https:\/\/institucional.ufrrj.br\/portalcpda\/wp-json\/wp\/v2\/pages"}],"about":[{"href":"https:\/\/institucional.ufrrj.br\/portalcpda\/wp-json\/wp\/v2\/types\/page"}],"author":[{"embeddable":true,"href":"https:\/\/institucional.ufrrj.br\/portalcpda\/wp-json\/wp\/v2\/users\/715"}],"replies":[{"embeddable":true,"href":"https:\/\/institucional.ufrrj.br\/portalcpda\/wp-json\/wp\/v2\/comments?post=26415"}],"version-history":[{"count":1,"href":"https:\/\/institucional.ufrrj.br\/portalcpda\/wp-json\/wp\/v2\/pages\/26415\/revisions"}],"predecessor-version":[{"id":26416,"href":"https:\/\/institucional.ufrrj.br\/portalcpda\/wp-json\/wp\/v2\/pages\/26415\/revisions\/26416"}],"wp:attachment":[{"href":"https:\/\/institucional.ufrrj.br\/portalcpda\/wp-json\/wp\/v2\/media?parent=26415"}],"curies":[{"name":"wp","href":"https:\/\/api.w.org\/{rel}","templated":true}]}}