{"id":264,"date":"2011-07-05T21:04:49","date_gmt":"2011-07-05T21:04:49","guid":{"rendered":"http:\/\/r1.ufrrj.br\/cpda\/?page_id=264"},"modified":"2025-04-07T12:28:36","modified_gmt":"2025-04-07T15:28:36","slug":"estudos-de-cultura-e-mundo-rural","status":"publish","type":"page","link":"https:\/\/institucional.ufrrj.br\/portalcpda\/estudos-de-cultura-e-mundo-rural\/","title":{"rendered":"Estudos de Cultura e Mundo Rural"},"content":{"rendered":"<p>&nbsp;<\/p>\n<div align=\"justify\">A linha analisa as din\u00e2micas culturais em contextos rurais, sendo a cultura entendida como sistemas de valores, s\u00edmbolos e formas de linguagem em disputa que produzem\u00a0 discursos,\u00a0 comunidades pol\u00edticas e novos sujeitos de direitos. Esta perspectiva inclui discursos textuais e iconogr\u00e1ficos que constituem as defini\u00e7\u00f5es do rural, do urbano e do moderno.\u00a0 A partir de uma abordagem interdisciplinar e atenta \u00e0 dimens\u00e3o hist\u00f3rica, esta linha de pesquisa tem como eixos de reflex\u00e3o as seguintes tem\u00e1ticas:<\/div>\n<p>&nbsp;<\/p>\n<p>&#8211; Mem\u00f3ria e representa\u00e7\u00e3o social (Eli Napole\u00e3o e Carmen Andriolli)<br \/>\n&#8211; Cultura pol\u00edtica e pensamento social (Raimundo Santos)<br \/>\n&#8211; Pr\u00e1ticas de poder, moralidades e viol\u00eancia no mundo rural (Thereza Menezes e Carmen Andriolli)<br \/>\n&#8211; Direitos, identidades e processos territoriais (Thereza Menezes, Carmen Andriolli e Elisa Guaran\u00e1)<br \/>\n&#8211; Fam\u00edlia, g\u00eanero e gera\u00e7\u00e3o (Thereza Menezes, Elisa Guaran\u00e1,\u00a0Maria Jos\u00e9 Carneiro e Carmen Andriolli)<br \/>\n&#8211; Conhecimentos e formas de apropria\u00e7\u00e3o tradicionais dos recursos naturais (Carmen Andriolli, Thereza Menezes e Maria Jos\u00e9 Carneiro)<\/p>\n<h2>Professores<\/h2>\n<p><a href=\"https:\/\/institucional.ufrrj.br\/portalcpda\/antonadia-borges\/\">Anton\u00e1dia Borges<\/a><\/p>\n<p><a href=\"https:\/\/institucional.ufrrj.br\/portalcpda\/leonardo-belinelli\/\">Leonardo Belinelli<\/a><\/p>\n<p><a href=\"https:\/\/institucional.ufrrj.br\/portalcpda\/maria-jose-teixeira-carneiro-professora-titular\/\">Maria Jos\u00e9 Carneiro<\/a><\/p>\n<p><a href=\"https:\/\/institucional.ufrrj.br\/portalcpda\/thereza-cristina-cardoso-menezes\/\">Thereza Menezes<\/a><\/p>\n<p>&nbsp;<\/p>\n<h2>Disciplinas espec\u00edficas<\/h2>\n<p><a title=\"Din\u00e2mica da agricultura familiar\" href=\"https:\/\/institucional.ufrrj.br\/portalcpda\/dinamica-da-agricultura-familiar\/\" rel=\"nofollow\">IH 1503<\/a> &#8211; Din\u00e2mica da agricultura familiar<br \/>\nMaria Jos\u00e9 Carneiro<\/p>\n<p><a title=\"Fam\u00edlia, comunidade e pol\u00edtica\" href=\"https:\/\/institucional.ufrrj.br\/portalcpda\/disciplinas\/familia-comunidade-e-politica\/\" rel=\"nofollow\">IH 1504<\/a> &#8211; Fam\u00edlia, comunidade e pol\u00edtica<br \/>\nThereza Menezes e Carmen Andriolli<\/p>\n<p><a title=\"Campo e cidade como imagens\" href=\"https:\/\/institucional.ufrrj.br\/portalcpda\/disciplinas\/campo-e-cidade-como-imagens\/\" rel=\"nofollow\">IH 1509<\/a> &#8211; Campo e cidade como imagens<br \/>\nMaria Jos\u00e9 Carneiro<\/p>\n<p><a title=\"Rural e ruralidade na sociedade contempor\u00e2nea\" href=\"https:\/\/institucional.ufrrj.br\/portalcpda\/disciplinas\/rural-e-ruralidade-na-sociedade-contemporanea\/\" rel=\"nofollow\">IH 1539<\/a> &#8211; Rural e ruralidades na sociedade contempor\u00e2nea<br \/>\nMaria Jos\u00e9 Carneiro e Carmen Andriolli<\/p>\n<p><a title=\"Mundo rural e na\u00e7\u00e3o em representa\u00e7\u00f5es liter\u00e1rias\" href=\"https:\/\/institucional.ufrrj.br\/portalcpda\/disciplinas\/mundo-rural-e-nacao-em-representacoes-literarias\/\" rel=\"nofollow\">IH 1549<\/a> &#8211; Mundo rural e na\u00e7\u00e3o em representa\u00e7\u00f5es liter\u00e1rias<br \/>\n(Em breve)<\/p>\n<p><a title=\"A cidade como tema sociol\u00f3gico\" href=\"https:\/\/institucional.ufrrj.br\/portalcpda\/disciplinas\/a-cidade-como-tema-sociologico\/\" rel=\"nofollow\">IH 1557<\/a> &#8211; A cidade como tema sociol\u00f3gico<\/p>\n<p><a title=\"O tema da cultura no cen\u00e1rio contempor\u00e2neo\" href=\"https:\/\/institucional.ufrrj.br\/portalcpda\/disciplinas\/o-tema-da-cultura-no-cenario-contemporaneo\/\" rel=\"nofollow\">IH 1566<\/a> &#8211; O tema da cultura no cen\u00e1rio contempor\u00e2neo<\/p>\n<p><a title=\"T\u00f3picos especiais em Estudos sobre cultura e mundo rural\" href=\"https:\/\/institucional.ufrrj.br\/portalcpda\/disciplinas\/topicos-especiais-em-estudos-sobre-cultura-e-mundo-rural\/\" rel=\"nofollow\">IH 1541<\/a> &#8211; T\u00f3picos especiais em Estudos de cultura e mundo rural<br \/>\ntodos os professores da linha<\/p>\n<p>IH 1553 &#8211; Laborat\u00e1rio tem\u00e1tico de pesquisa em Estudos de cultura e mundo rural<br \/>\ntodos os professores da linha<\/p>\n","protected":false},"excerpt":{"rendered":"<p>&nbsp; A linha analisa as din\u00e2micas culturais em contextos rurais, sendo a cultura entendida como sistemas de valores, s\u00edmbolos e <a class=\"read-more\" href=\"https:\/\/institucional.ufrrj.br\/portalcpda\/estudos-de-cultura-e-mundo-rural\/ \" >&#8230; <span class=\"font-italic\">leia mais <i class=\"fas fa-angle-right\"><\/i><\/span><\/a><\/p>\n","protected":false},"author":634,"featured_media":0,"parent":0,"menu_order":0,"comment_status":"open","ping_status":"open","template":"","meta":{"_acf_changed":false,"footnotes":""},"class_list":["post-264","page","type-page","status-publish","hentry"],"yoast_head":"<!-- This site is optimized with the Yoast SEO plugin v27.2 - https:\/\/yoast.com\/product\/yoast-seo-wordpress\/ -->\n<title>Estudos de Cultura e Mundo Rural - CPDA<\/title>\n<meta name=\"robots\" content=\"index, follow, max-snippet:-1, max-image-preview:large, max-video-preview:-1\" \/>\n<link rel=\"canonical\" href=\"https:\/\/institucional.ufrrj.br\/portalcpda\/estudos-de-cultura-e-mundo-rural\/\" \/>\n<meta property=\"og:locale\" content=\"pt_BR\" \/>\n<meta property=\"og:type\" content=\"article\" \/>\n<meta property=\"og:title\" content=\"Estudos de Cultura e Mundo Rural - CPDA\" \/>\n<meta property=\"og:description\" content=\"&nbsp; A linha analisa as din\u00e2micas culturais em contextos rurais, sendo a cultura entendida como sistemas de valores, s\u00edmbolos e ... leia mais\" \/>\n<meta property=\"og:url\" content=\"https:\/\/institucional.ufrrj.br\/portalcpda\/estudos-de-cultura-e-mundo-rural\/\" \/>\n<meta property=\"og:site_name\" content=\"CPDA\" \/>\n<meta property=\"article:modified_time\" content=\"2025-04-07T15:28:36+00:00\" \/>\n<meta name=\"twitter:card\" content=\"summary_large_image\" \/>\n<meta name=\"twitter:label1\" content=\"Est. tempo de leitura\" \/>\n\t<meta name=\"twitter:data1\" content=\"2 minutos\" \/>\n<script type=\"application\/ld+json\" class=\"yoast-schema-graph\">{\"@context\":\"https:\/\/schema.org\",\"@graph\":[{\"@type\":\"WebPage\",\"@id\":\"https:\/\/institucional.ufrrj.br\/portalcpda\/estudos-de-cultura-e-mundo-rural\/\",\"url\":\"https:\/\/institucional.ufrrj.br\/portalcpda\/estudos-de-cultura-e-mundo-rural\/\",\"name\":\"Estudos de Cultura e Mundo Rural - CPDA\",\"isPartOf\":{\"@id\":\"https:\/\/institucional.ufrrj.br\/portalcpda\/#website\"},\"datePublished\":\"2011-07-05T21:04:49+00:00\",\"dateModified\":\"2025-04-07T15:28:36+00:00\",\"breadcrumb\":{\"@id\":\"https:\/\/institucional.ufrrj.br\/portalcpda\/estudos-de-cultura-e-mundo-rural\/#breadcrumb\"},\"inLanguage\":\"pt-BR\",\"potentialAction\":[{\"@type\":\"ReadAction\",\"target\":[\"https:\/\/institucional.ufrrj.br\/portalcpda\/estudos-de-cultura-e-mundo-rural\/\"]}]},{\"@type\":\"BreadcrumbList\",\"@id\":\"https:\/\/institucional.ufrrj.br\/portalcpda\/estudos-de-cultura-e-mundo-rural\/#breadcrumb\",\"itemListElement\":[{\"@type\":\"ListItem\",\"position\":1,\"name\":\"In\u00edcio\",\"item\":\"https:\/\/institucional.ufrrj.br\/portalcpda\/\"},{\"@type\":\"ListItem\",\"position\":2,\"name\":\"Estudos de Cultura e Mundo Rural\"}]},{\"@type\":\"WebSite\",\"@id\":\"https:\/\/institucional.ufrrj.br\/portalcpda\/#website\",\"url\":\"https:\/\/institucional.ufrrj.br\/portalcpda\/\",\"name\":\"CPDA\",\"description\":\"institucional.ufrrj.br\",\"potentialAction\":[{\"@type\":\"SearchAction\",\"target\":{\"@type\":\"EntryPoint\",\"urlTemplate\":\"https:\/\/institucional.ufrrj.br\/portalcpda\/?s={search_term_string}\"},\"query-input\":{\"@type\":\"PropertyValueSpecification\",\"valueRequired\":true,\"valueName\":\"search_term_string\"}}],\"inLanguage\":\"pt-BR\"}]}<\/script>\n<!-- \/ Yoast SEO plugin. -->","yoast_head_json":{"title":"Estudos de Cultura e Mundo Rural - CPDA","robots":{"index":"index","follow":"follow","max-snippet":"max-snippet:-1","max-image-preview":"max-image-preview:large","max-video-preview":"max-video-preview:-1"},"canonical":"https:\/\/institucional.ufrrj.br\/portalcpda\/estudos-de-cultura-e-mundo-rural\/","og_locale":"pt_BR","og_type":"article","og_title":"Estudos de Cultura e Mundo Rural - CPDA","og_description":"&nbsp; A linha analisa as din\u00e2micas culturais em contextos rurais, sendo a cultura entendida como sistemas de valores, s\u00edmbolos e ... leia mais","og_url":"https:\/\/institucional.ufrrj.br\/portalcpda\/estudos-de-cultura-e-mundo-rural\/","og_site_name":"CPDA","article_modified_time":"2025-04-07T15:28:36+00:00","twitter_card":"summary_large_image","twitter_misc":{"Est. tempo de leitura":"2 minutos"},"schema":{"@context":"https:\/\/schema.org","@graph":[{"@type":"WebPage","@id":"https:\/\/institucional.ufrrj.br\/portalcpda\/estudos-de-cultura-e-mundo-rural\/","url":"https:\/\/institucional.ufrrj.br\/portalcpda\/estudos-de-cultura-e-mundo-rural\/","name":"Estudos de Cultura e Mundo Rural - CPDA","isPartOf":{"@id":"https:\/\/institucional.ufrrj.br\/portalcpda\/#website"},"datePublished":"2011-07-05T21:04:49+00:00","dateModified":"2025-04-07T15:28:36+00:00","breadcrumb":{"@id":"https:\/\/institucional.ufrrj.br\/portalcpda\/estudos-de-cultura-e-mundo-rural\/#breadcrumb"},"inLanguage":"pt-BR","potentialAction":[{"@type":"ReadAction","target":["https:\/\/institucional.ufrrj.br\/portalcpda\/estudos-de-cultura-e-mundo-rural\/"]}]},{"@type":"BreadcrumbList","@id":"https:\/\/institucional.ufrrj.br\/portalcpda\/estudos-de-cultura-e-mundo-rural\/#breadcrumb","itemListElement":[{"@type":"ListItem","position":1,"name":"In\u00edcio","item":"https:\/\/institucional.ufrrj.br\/portalcpda\/"},{"@type":"ListItem","position":2,"name":"Estudos de Cultura e Mundo Rural"}]},{"@type":"WebSite","@id":"https:\/\/institucional.ufrrj.br\/portalcpda\/#website","url":"https:\/\/institucional.ufrrj.br\/portalcpda\/","name":"CPDA","description":"institucional.ufrrj.br","potentialAction":[{"@type":"SearchAction","target":{"@type":"EntryPoint","urlTemplate":"https:\/\/institucional.ufrrj.br\/portalcpda\/?s={search_term_string}"},"query-input":{"@type":"PropertyValueSpecification","valueRequired":true,"valueName":"search_term_string"}}],"inLanguage":"pt-BR"}]}},"acf":[],"_links":{"self":[{"href":"https:\/\/institucional.ufrrj.br\/portalcpda\/wp-json\/wp\/v2\/pages\/264","targetHints":{"allow":["GET"]}}],"collection":[{"href":"https:\/\/institucional.ufrrj.br\/portalcpda\/wp-json\/wp\/v2\/pages"}],"about":[{"href":"https:\/\/institucional.ufrrj.br\/portalcpda\/wp-json\/wp\/v2\/types\/page"}],"author":[{"embeddable":true,"href":"https:\/\/institucional.ufrrj.br\/portalcpda\/wp-json\/wp\/v2\/users\/634"}],"replies":[{"embeddable":true,"href":"https:\/\/institucional.ufrrj.br\/portalcpda\/wp-json\/wp\/v2\/comments?post=264"}],"version-history":[{"count":9,"href":"https:\/\/institucional.ufrrj.br\/portalcpda\/wp-json\/wp\/v2\/pages\/264\/revisions"}],"predecessor-version":[{"id":26596,"href":"https:\/\/institucional.ufrrj.br\/portalcpda\/wp-json\/wp\/v2\/pages\/264\/revisions\/26596"}],"wp:attachment":[{"href":"https:\/\/institucional.ufrrj.br\/portalcpda\/wp-json\/wp\/v2\/media?parent=264"}],"curies":[{"name":"wp","href":"https:\/\/api.w.org\/{rel}","templated":true}]}}