{"id":25597,"date":"2024-04-04T15:15:04","date_gmt":"2024-04-04T18:15:04","guid":{"rendered":"https:\/\/institucional.ufrrj.br\/portalcpda\/?page_id=25597"},"modified":"2025-02-25T15:29:06","modified_gmt":"2025-02-25T18:29:06","slug":"candidatos-ao-pos-doc","status":"publish","type":"page","link":"https:\/\/institucional.ufrrj.br\/portalcpda\/candidatos-ao-pos-doc\/","title":{"rendered":"Candidatos ao P\u00f3s-Doc"},"content":{"rendered":"<p>Candidatos ao P\u00f3s-Doutorado J\u00fanior e S\u00eanior no CPDA<\/p>\n<p><a href=\"https:\/\/institucional.ufrrj.br\/portalcpda\/files\/2011\/07\/Resolu%C3%A7%C3%A3o-Regulamento-do-p%C3%B3s-doutorada-da-UFRRJ.pdf\" target=\"_blank\" rel=\"nofollow noopener noreferrer\">Regulamento do P\u00f3s-Doutorado da UFRRJ<\/a><br \/>\n(Aprovado pela C\u00e2mara de P\u00f3s-Gradua\u00e7\u00e3o da UFRRJ\u00a0em 29\/10\/2014)<\/p>\n<p>&nbsp;<\/p>\n<p><a href=\"https:\/\/institucional.ufrrj.br\/portalcpda\/files\/2011\/07\/FICHA-DE-CADASTRO-DE-P%C3%93S-DOUTORANDO-Modelo.pdf\" target=\"_blank\" rel=\"nofollow noopener noreferrer\">Modelo de Ficha de Cadastro para Candidatos ao P\u00f3s-Doc no CPDA\/UFRRJ<\/a><\/p>\n<p>&nbsp;<\/p>\n<p>&nbsp;<\/p>\n<p>&nbsp;<\/p>\n<p>&nbsp;<\/p>\n","protected":false},"excerpt":{"rendered":"<p>Candidatos ao P\u00f3s-Doutorado J\u00fanior e S\u00eanior no CPDA Regulamento do P\u00f3s-Doutorado da UFRRJ (Aprovado pela C\u00e2mara de P\u00f3s-Gradua\u00e7\u00e3o da UFRRJ\u00a0em <a class=\"read-more\" href=\"https:\/\/institucional.ufrrj.br\/portalcpda\/candidatos-ao-pos-doc\/ \" >&#8230; <span class=\"font-italic\">leia mais <i class=\"fas fa-angle-right\"><\/i><\/span><\/a><\/p>\n","protected":false},"author":715,"featured_media":0,"parent":0,"menu_order":0,"comment_status":"closed","ping_status":"closed","template":"","meta":{"_acf_changed":false,"footnotes":""},"class_list":["post-25597","page","type-page","status-publish","hentry"],"yoast_head":"<!-- This site is optimized with the Yoast SEO plugin v27.2 - https:\/\/yoast.com\/product\/yoast-seo-wordpress\/ -->\n<title>Candidatos ao P\u00f3s-Doc - CPDA<\/title>\n<meta name=\"robots\" content=\"index, follow, max-snippet:-1, max-image-preview:large, max-video-preview:-1\" \/>\n<link rel=\"canonical\" href=\"https:\/\/institucional.ufrrj.br\/portalcpda\/candidatos-ao-pos-doc\/\" \/>\n<meta property=\"og:locale\" content=\"pt_BR\" \/>\n<meta property=\"og:type\" content=\"article\" \/>\n<meta property=\"og:title\" content=\"Candidatos ao P\u00f3s-Doc - CPDA\" \/>\n<meta property=\"og:description\" content=\"Candidatos ao P\u00f3s-Doutorado J\u00fanior e S\u00eanior no CPDA Regulamento do P\u00f3s-Doutorado da UFRRJ (Aprovado pela C\u00e2mara de P\u00f3s-Gradua\u00e7\u00e3o da UFRRJ\u00a0em ... leia mais\" \/>\n<meta property=\"og:url\" content=\"https:\/\/institucional.ufrrj.br\/portalcpda\/candidatos-ao-pos-doc\/\" \/>\n<meta property=\"og:site_name\" content=\"CPDA\" \/>\n<meta property=\"article:modified_time\" content=\"2025-02-25T18:29:06+00:00\" \/>\n<meta name=\"twitter:card\" content=\"summary_large_image\" \/>\n<script type=\"application\/ld+json\" class=\"yoast-schema-graph\">{\"@context\":\"https:\/\/schema.org\",\"@graph\":[{\"@type\":\"WebPage\",\"@id\":\"https:\/\/institucional.ufrrj.br\/portalcpda\/candidatos-ao-pos-doc\/\",\"url\":\"https:\/\/institucional.ufrrj.br\/portalcpda\/candidatos-ao-pos-doc\/\",\"name\":\"Candidatos ao P\u00f3s-Doc - CPDA\",\"isPartOf\":{\"@id\":\"https:\/\/institucional.ufrrj.br\/portalcpda\/#website\"},\"datePublished\":\"2024-04-04T18:15:04+00:00\",\"dateModified\":\"2025-02-25T18:29:06+00:00\",\"breadcrumb\":{\"@id\":\"https:\/\/institucional.ufrrj.br\/portalcpda\/candidatos-ao-pos-doc\/#breadcrumb\"},\"inLanguage\":\"pt-BR\",\"potentialAction\":[{\"@type\":\"ReadAction\",\"target\":[\"https:\/\/institucional.ufrrj.br\/portalcpda\/candidatos-ao-pos-doc\/\"]}]},{\"@type\":\"BreadcrumbList\",\"@id\":\"https:\/\/institucional.ufrrj.br\/portalcpda\/candidatos-ao-pos-doc\/#breadcrumb\",\"itemListElement\":[{\"@type\":\"ListItem\",\"position\":1,\"name\":\"In\u00edcio\",\"item\":\"https:\/\/institucional.ufrrj.br\/portalcpda\/\"},{\"@type\":\"ListItem\",\"position\":2,\"name\":\"Candidatos ao P\u00f3s-Doc\"}]},{\"@type\":\"WebSite\",\"@id\":\"https:\/\/institucional.ufrrj.br\/portalcpda\/#website\",\"url\":\"https:\/\/institucional.ufrrj.br\/portalcpda\/\",\"name\":\"CPDA\",\"description\":\"institucional.ufrrj.br\",\"potentialAction\":[{\"@type\":\"SearchAction\",\"target\":{\"@type\":\"EntryPoint\",\"urlTemplate\":\"https:\/\/institucional.ufrrj.br\/portalcpda\/?s={search_term_string}\"},\"query-input\":{\"@type\":\"PropertyValueSpecification\",\"valueRequired\":true,\"valueName\":\"search_term_string\"}}],\"inLanguage\":\"pt-BR\"}]}<\/script>\n<!-- \/ Yoast SEO plugin. -->","yoast_head_json":{"title":"Candidatos ao P\u00f3s-Doc - CPDA","robots":{"index":"index","follow":"follow","max-snippet":"max-snippet:-1","max-image-preview":"max-image-preview:large","max-video-preview":"max-video-preview:-1"},"canonical":"https:\/\/institucional.ufrrj.br\/portalcpda\/candidatos-ao-pos-doc\/","og_locale":"pt_BR","og_type":"article","og_title":"Candidatos ao P\u00f3s-Doc - CPDA","og_description":"Candidatos ao P\u00f3s-Doutorado J\u00fanior e S\u00eanior no CPDA Regulamento do P\u00f3s-Doutorado da UFRRJ (Aprovado pela C\u00e2mara de P\u00f3s-Gradua\u00e7\u00e3o da UFRRJ\u00a0em ... leia mais","og_url":"https:\/\/institucional.ufrrj.br\/portalcpda\/candidatos-ao-pos-doc\/","og_site_name":"CPDA","article_modified_time":"2025-02-25T18:29:06+00:00","twitter_card":"summary_large_image","schema":{"@context":"https:\/\/schema.org","@graph":[{"@type":"WebPage","@id":"https:\/\/institucional.ufrrj.br\/portalcpda\/candidatos-ao-pos-doc\/","url":"https:\/\/institucional.ufrrj.br\/portalcpda\/candidatos-ao-pos-doc\/","name":"Candidatos ao P\u00f3s-Doc - CPDA","isPartOf":{"@id":"https:\/\/institucional.ufrrj.br\/portalcpda\/#website"},"datePublished":"2024-04-04T18:15:04+00:00","dateModified":"2025-02-25T18:29:06+00:00","breadcrumb":{"@id":"https:\/\/institucional.ufrrj.br\/portalcpda\/candidatos-ao-pos-doc\/#breadcrumb"},"inLanguage":"pt-BR","potentialAction":[{"@type":"ReadAction","target":["https:\/\/institucional.ufrrj.br\/portalcpda\/candidatos-ao-pos-doc\/"]}]},{"@type":"BreadcrumbList","@id":"https:\/\/institucional.ufrrj.br\/portalcpda\/candidatos-ao-pos-doc\/#breadcrumb","itemListElement":[{"@type":"ListItem","position":1,"name":"In\u00edcio","item":"https:\/\/institucional.ufrrj.br\/portalcpda\/"},{"@type":"ListItem","position":2,"name":"Candidatos ao P\u00f3s-Doc"}]},{"@type":"WebSite","@id":"https:\/\/institucional.ufrrj.br\/portalcpda\/#website","url":"https:\/\/institucional.ufrrj.br\/portalcpda\/","name":"CPDA","description":"institucional.ufrrj.br","potentialAction":[{"@type":"SearchAction","target":{"@type":"EntryPoint","urlTemplate":"https:\/\/institucional.ufrrj.br\/portalcpda\/?s={search_term_string}"},"query-input":{"@type":"PropertyValueSpecification","valueRequired":true,"valueName":"search_term_string"}}],"inLanguage":"pt-BR"}]}},"acf":[],"_links":{"self":[{"href":"https:\/\/institucional.ufrrj.br\/portalcpda\/wp-json\/wp\/v2\/pages\/25597","targetHints":{"allow":["GET"]}}],"collection":[{"href":"https:\/\/institucional.ufrrj.br\/portalcpda\/wp-json\/wp\/v2\/pages"}],"about":[{"href":"https:\/\/institucional.ufrrj.br\/portalcpda\/wp-json\/wp\/v2\/types\/page"}],"author":[{"embeddable":true,"href":"https:\/\/institucional.ufrrj.br\/portalcpda\/wp-json\/wp\/v2\/users\/715"}],"replies":[{"embeddable":true,"href":"https:\/\/institucional.ufrrj.br\/portalcpda\/wp-json\/wp\/v2\/comments?post=25597"}],"version-history":[{"count":4,"href":"https:\/\/institucional.ufrrj.br\/portalcpda\/wp-json\/wp\/v2\/pages\/25597\/revisions"}],"predecessor-version":[{"id":26508,"href":"https:\/\/institucional.ufrrj.br\/portalcpda\/wp-json\/wp\/v2\/pages\/25597\/revisions\/26508"}],"wp:attachment":[{"href":"https:\/\/institucional.ufrrj.br\/portalcpda\/wp-json\/wp\/v2\/media?parent=25597"}],"curies":[{"name":"wp","href":"https:\/\/api.w.org\/{rel}","templated":true}]}}