{"id":24,"date":"2011-07-01T00:59:57","date_gmt":"2011-07-01T00:59:57","guid":{"rendered":"http:\/\/r1.ufrrj.br\/cpda\/?page_id=24"},"modified":"2022-12-23T13:15:06","modified_gmt":"2022-12-23T16:15:06","slug":"historia-do-cpda","status":"publish","type":"page","link":"https:\/\/institucional.ufrrj.br\/portalcpda\/historia-do-cpda\/","title":{"rendered":"Hist\u00f3ria do CPDA"},"content":{"rendered":"<hr \/>\n<p>&nbsp;<\/p>\n<p>O Programa de P\u00f3s-Gradua\u00e7\u00e3o de Ci\u00eancias Sociais em Desenvolvimento, Agricultura e Sociedade da <a href=\"https:\/\/portal.ufrrj.br\/\" target=\"_blank\" rel=\"noopener noreferrer\">Universidade Federal Rural do Rio de Janeiro<\/a> \u00e9 um programa de ensino, pesquisa, extens\u00e3o e interc\u00e2mbio interdisciplinar no \u00e2mbito das Ci\u00eancias Sociais, e voltado para o conhecimento sobre o mundo rural e temas afins. Credenciado pelo Parecer 536\/1986 do Conselho Federal de Educa\u00e7\u00e3o e recredenciado pelo Parecer 190\/1994, o curso \u00e9 recomendado pela Capes em n\u00edveis de Mestrado e Doutorado e avaliado pelo Comit\u00ea de Sociologia e Ci\u00eancias Sociais. Obteve conceito 5 (cinco), numa escala de 3 (tr\u00eas) a 7 (sete), na \u00faltima avalia\u00e7\u00e3o quadrienal (2017\/2020), o que o qualifica como programa de excel\u00eancia nacional. Participa dos programas de bolsas de estudo da Capes (Demanda Social e PEC\/PG), do CNPq e da Faperj.<\/p>\n<p>Ao longo de sua trajet\u00f3ria, o CPDA\/UFRRJ vem recebendo alunos de diversificada forma\u00e7\u00e3o acad\u00eamica (Ci\u00eancias Sociais, Economia, Hist\u00f3ria, Geografia, Economia e Agronomia, entre outras) e origin\u00e1rios de todas as regi\u00f5es brasileiras, de diversos pa\u00edses latino-americanos e de pa\u00edses africanos, em especial os de l\u00edngua portuguesa. Em 2016, implantou um <a href=\"https:\/\/institucional.ufrrj.br\/portalcpda\/sistema-de-cotas-para-negros-e-indigenas\/\" target=\"_blank\" rel=\"noopener noreferrer\">Sistema de Cotas para negros e ind\u00edgenas<\/a>.<\/p>\n<p>O CPDA consolidou-se como centro de excel\u00eancia de Ci\u00eancias Sociais, com campo tem\u00e1tico voltado aos processos sociais relacionados \u00e0 agricultura, a quest\u00f5es agr\u00e1rias, ao mundo rural e \u00e0 conforma\u00e7\u00e3o de sistemas agroalimentares, analisados em sua complexidade e multidimensionalidade. Estudos sobre pol\u00edticas p\u00fablicas, movimentos sociais, produ\u00e7\u00e3o e consumo alimentar, territ\u00f3rio e cultura, campesinato, agroneg\u00f3cio, quest\u00f5es ambientais e ind\u00edgenas tornaram-se alguns dos temas que fizeram do CPDA uma refer\u00eancia nacional e latino-americana. Esses temas refletem-se nas atividades dos <a href=\"https:\/\/institucional.ufrrj.br\/portalcpda\/grupos-de-pesquisa\/\" target=\"_blank\" rel=\"noopener noreferrer\">Grupos<\/a> e <a href=\"https:\/\/institucional.ufrrj.br\/portalcpda\/nucleos-de-pesquisa-2020\/\" target=\"_blank\" rel=\"noopener noreferrer\">N\u00facleos<\/a> de Pesquisa liderados por seus docentes.<\/p>\n<p>O CPDA foi criado em 1976 como Centro de P\u00f3s-gradua\u00e7\u00e3o em Desenvolvimento e Agricultura, vinculado \u00e0 Escola Interamericana de Administra\u00e7\u00e3o P\u00fablica da Funda\u00e7\u00e3o Get\u00falio Vargas (EIAP\/FGV). O curso de Mestrado iniciou-se em 1977, funcionando no Solar da Imperatriz, Horto Florestal, na cidade do Rio de Janeiro\/RJ. Em 1982, transferiu-se para a UFRRJ, com professores, alunos e funcion\u00e1rios, passando a fazer parte do Departamento de Ci\u00eancias Humanas, Letras e Artes e, posteriormente, ao Departamento de Letras e Ci\u00eancias Sociais. Em 1983,mudou-se de sua sede originalno Horto Florestal para alojar-se no pr\u00e9dio que hoje pertence ao Col\u00e9gio T\u00e9cnico da UFRRJ, nele permanecendo at\u00e9 o final da d\u00e9cada, quando passou a ocupar algumas salas do pr\u00e9dio anexo do <a href=\"http:\/\/institutos.ufrrj.br\/ichs\/\" target=\"_blank\" rel=\"noopener noreferrer\">Instituto de Ci\u00eancias Humanas e Sociais<\/a> (ICHS\/UFRRJ).<\/p>\n<p>No in\u00edcio dos anos 1990, com a extin\u00e7\u00e3o do Instituto do A\u00e7\u00facar e do \u00c1lcool, e gra\u00e7as ao apoio da FAO\/ONU, os professores do CPDA conseguiram que fossem cedidos \u00e0 UFRRJ quatro andares do edif\u00edcio at\u00e9 ent\u00e3o ocupado por este Instituto, na Avenida Presidente Vargas, 417, no centro do Rio de Janeiro\/RJ. Com isso, suas atividades acad\u00eamicas e administrativas passaram a funcionar neste endere\u00e7o, embora os professores continuassem ministrando aulas na gradua\u00e7\u00e3o (cursos de Agronomia, Veterin\u00e1ria, Zootecnia e Engenharia Florestal, entre outros) e participando de reuni\u00f5es no campus de Serop\u00e9dica da UFRRJ.<\/p>\n<p>Nesse momento, o curso era estruturado em tr\u00eas \u00e1reas de concentra\u00e7\u00e3o: Desenvolvimento e Agricultura, Sociedade e Agricultura e Planejamento e Pol\u00edticas de Desenvolvimento Agr\u00edcola e Rural para Am\u00e9rica Latina e Caribe, esta \u00faltima conhecida como Vit\u00f3rio Marrama, por ser produto de um conv\u00eanio entre o CPDA\/UFRRJ, a FAO e a Universidade <em>La Sapienza<\/em> de Roma\/It\u00e1lia.<\/p>\n<p>Em 1995, foi criado o Doutorado e, ap\u00f3s uma redefini\u00e7\u00e3o do campo tem\u00e1tico e do nome do curso, este passou a se chamar Programa de P\u00f3s-Gradua\u00e7\u00e3o em Desenvolvimento, Agricultura e Sociedade. Nessa mesma \u00e9poca, foi institu\u00eddo o <a href=\"http:\/\/institutos.ufrrj.br\/ichs\/departamentos\/departamento-de-desenvolvimento-agricultura-e-sociedade-ddas\/\" target=\"_blank\" rel=\"noopener noreferrer\">Departamento de Desenvolvimento, Agricultura e Sociedade<\/a> (DDAS), ao qual passou a se vincular a totalidade dos professores do CPDA. Nas d\u00e9cadas de 1980 e 1990, houve tamb\u00e9m um grande esfor\u00e7o de titula\u00e7\u00e3o do corpo docente, uma vez que, como era comum na \u00e9poca, nem todos os professores de P\u00f3s-Gradua\u00e7\u00e3o tinham t\u00edtulo de Doutor.<\/p>\n<p>A cria\u00e7\u00e3o do Doutorado e a constante necessidade de atualiza\u00e7\u00e3o das abordagens te\u00f3ricas e metodol\u00f3gicas levaram a mudan\u00e7as importantes na estrutura curricular do CPDA. Em 2004, com base nas sugest\u00f5es de docentes e discentes, por meio de reuni\u00f5es e atividades avaliativas que se consolidaram por meio do <a href=\"https:\/\/institucional.ufrrj.br\/portalcpda\/forum-cpda\/\" target=\"_blank\" rel=\"noopener noreferrer\">F\u00f3rum CPDA<\/a>, e nas recomenda\u00e7\u00f5es do Comit\u00ea de Sociologia da Capes, ao qual o Programa se filiou ainda nos anos 1980, ficou decidida a extin\u00e7\u00e3o das antigas \u00c1reas de Concentra\u00e7\u00e3o e a reorganiza\u00e7\u00e3o das <a href=\"https:\/\/institucional.ufrrj.br\/portalcpda\/linhas-de-pesquisa\/\" target=\"_blank\" rel=\"noopener noreferrer\">Linhas de Pesquisa<\/a>, adequando-as mais claramente ao campo das Ci\u00eancias Sociais, com uma abordagem interdisciplinar mais bem delimitada neste \u00e2mbito. Nesta ocasi\u00e3o foi alterado o nome para Programa de P\u00f3s-Gradua\u00e7\u00e3o de Ci\u00eancias Sociais em Desenvolvimento, Agricultura e Sociedade, denomina\u00e7\u00e3o aprovada pela Capes em 2006, mas mantendo a sigla (CPDA), j\u00e1 conhecida nacional e internacionalmente. A partir do ano de 2016, os diplomas de seus titulados passaram a ser emitidos como Mestre ou Doutor em Ci\u00eancias Sociais pelo Programa de P\u00f3s-Gradua\u00e7\u00e3o de Ci\u00eancias Sociais em Desenvolvimento, Agricultura e Sociedade.<\/p>\n<p>Em 2018 e 2019, por meio de amplos processos internos de debate, particularmente no F\u00f3rum CPDA, foram novamente atualizadas as Linhas de Pesquisa e a estrutura curricular do Programa, considerando novos interesses e temas emergentes. As mudan\u00e7as introduzidas buscaram qualificar a forma\u00e7\u00e3o de mestres e doutores, com o refor\u00e7o das discuss\u00f5es epistemol\u00f3gicas, te\u00f3ricas e metodol\u00f3gicas, valorizando o di\u00e1logo interdisciplinar a partir do aprofundamento te\u00f3rico dos principais campos disciplinares.<\/p>\n<p>Centro de excel\u00eancia em estudos rurais, agr\u00e1rios e do sistema agroalimentar brasileiro, o CPDA possui uma forte voca\u00e7\u00e3o latino-americana, o que resultou em sua escolha pela FAO\/ONU, em 1987, para ser a sede regional do Mestrado em Planejamento e Pol\u00edticas de Desenvolvimento Agr\u00edcola e Rural para Am\u00e9rica Latina e Caribe (Vit\u00f3rio Marrama). Este curso, que formou quatro turmas de mestres entre 1990 e 1999, foi desenvolvido em colabora\u00e7\u00e3o com professores da It\u00e1lia e de outros pa\u00edses da Uni\u00e3o Europeia, por meio de programas de coopera\u00e7\u00e3o institucional. Nas duas \u00faltimas d\u00e9cadas, no que se refere ao interc\u00e2mbio nacional, o CPDA desenvolveu projetos de forma\u00e7\u00e3o de doutores no \u00e2mbito do Programa Nacional de Coopera\u00e7\u00e3o Acad\u00eamica (Procad\/Capes), com a Universidade Federal de Lavras (UFLA, Minas Gerais), e do Programa de Doutorado Interinstitucional (Dinter\/Capes), com a Universidade Estadual de Santa Cruz (UESC, Bahia \u2013 2009 a 2013) e com o Instituto Federal Goiano (IF Goiano, Goi\u00e1s &#8211; 2017 a 2021).<\/p>\n<p>Desde sua origem, o CPDA vem participando regularmente de diversas atividades de interc\u00e2mbio de pesquisa, tanto nacionais quanto internacionais. Um exemplo disso \u00e9 o Projeto de Interc\u00e2mbio de Pesquisa Social em Agricultura (Pipsa), que funcionou sob a coordena\u00e7\u00e3o do CPDA entre 1979 e 1984, com apoio da Funda\u00e7\u00e3o Ford. Trata-se de uma iniciativa pioneira de colocar pesquisadores de todo o Brasil, muitos ainda estudantes de mestrado ou doutorado, em contato para discutir suas pesquisas. Outro exemplo \u00e9 o fato de o CPDA ter abrigado, entre 1993 e 2003, a Secretaria Executiva da Rede de Institui\u00e7\u00f5es Vinculadas \u00e0 Capacita\u00e7\u00e3o em Economia e Pol\u00edticas Agr\u00edcolas na Am\u00e9rica Latina e Caribe (Red Capa), uma rede de coopera\u00e7\u00e3o horizontal com mais de 60 universidades e centros de pesquisa desta regi\u00e3o, da Europa e da Am\u00e9rica do Norte, incluindo programas de capacita\u00e7\u00e3o \u00e0 dist\u00e2ncia, <em>workshops<\/em>, semin\u00e1rios, interc\u00e2mbios, edi\u00e7\u00e3o da revista Pol\u00edticas Agr\u00edcolas, publica\u00e7\u00e3o de livros e materiais did\u00e1ticos e a organiza\u00e7\u00e3o de atividades de pesquisa, com financiamento do Projeto FAO de Coopera\u00e7\u00e3o T\u00e9cnica Italiana e do Projeto ALFA\/Uni\u00e3o Europeia.<\/p>\n<p>Os esfor\u00e7os de internacionaliza\u00e7\u00e3o prosseguiram ao longo da trajet\u00f3ria do CPDA. O Programa participa, atualmente, de um conjunto diversificado de redes internacionais de pesquisa com atua\u00e7\u00e3o relevante em temas relacionados \u00e0 sustentabilidade da agricultura e do sistema agroalimentar, soberania e seguran\u00e7a alimentar e nutricional, transforma\u00e7\u00f5es na estrutura fundi\u00e1ria e usos da terra, mudan\u00e7as clim\u00e1ticas e pol\u00edticas p\u00fablicas para a agricultura e o mundo rural, entre outros. Merecem destaque as contribui\u00e7\u00f5es do Programa na formula\u00e7\u00e3o, monitoramento e avalia\u00e7\u00e3o de pol\u00edticas p\u00fablicas e na constru\u00e7\u00e3o de diferentes estudos e documentos orientadores de pol\u00edticas elaborados por organismos multilaterais, particularmente no \u00e2mbito das ag\u00eancias que integram o sistema ONU.<\/p>\n<p>O CPDA edita, desde 1993, a revista quadrimestral <a href=\"https:\/\/revistaesa.com\/ojs\/index.php\/esa\" target=\"_blank\" rel=\"noopener noreferrer\"><em>Estudos Sociedade e Agricultura<\/em><\/a>, que vem ocupando um lugar importante entre as publica\u00e7\u00f5es cient\u00edficas brasileiras dedicadas ao conhecimento de quest\u00f5es rurais, agr\u00edcolas e agr\u00e1rias no \u00e2mbito das Ci\u00eancias Sociais.<\/p>\n<p>Edita, ainda, desde 2017, e em parceira com Redibec (Red Iberoamericana de Econom\u00eda Ecol\u00f3gica), a <a href=\"https:\/\/redibec.org\/ojs\/index.php\/revibec\" target=\"_blank\" rel=\"noopener noreferrer\"><em>Revibec &#8211; Revista Iberoamericana de Econom\u00eda Ecol\u00f3gica<\/em><\/a>, que dedica-se ao estudo da rela\u00e7\u00e3o entre sociedade e natureza, particularmente no que se refere \u00e0s ferramentas do metabolismo social, buscando contribuir para a consolida\u00e7\u00e3o da Economia Ecol\u00f3gica como abordagem cient\u00edfica.<\/p>\n<p>Os discentes do CPDA editam, desde 2007, a revista <a href=\"https:\/\/revistaideas.ufrrj.br\/ojs\/index.php\/ideas\/index\" target=\"_blank\" rel=\"noopener noreferrer\"><em>IDeAS \u2013 Interfaces em Desenvolvimento, Agricultura e Sociedade<\/em><\/a>, um peri\u00f3dico cient\u00edfico de revis\u00e3o por pares, acesso livre e publica\u00e7\u00e3o cont\u00ednua de artigos em portugu\u00eas, espanhol e ingl\u00eas. Al\u00e9m da dissemina\u00e7\u00e3o do conhecimento cient\u00edfico produzido em universidades e outras institui\u00e7\u00f5es de pesquisa e de fomentar o debate e a circula\u00e7\u00e3o de informa\u00e7\u00f5es sobre o \u201cmundo rural\u201d, na interface entre\u00a0<em>desenvolvimento, agricultura e sociedade<\/em>, a revista tem como objetivo garantir espa\u00e7o para publica\u00e7\u00f5es de estudantes de p\u00f3s-gradua\u00e7\u00e3o nas \u00e1reas de Ci\u00eancias Sociais, Humanas e Agr\u00e1rias.<\/p>\n<p>&nbsp;<\/p>\n<p>Para saber mais sobre o CPDA:<\/p>\n<p>LIMA, Eli Napole\u00e3o de; MOREIRA, Roberto Jos\u00e9; CESCO, Susana. Abordagens interdisciplinares e interpreta\u00e7\u00f5es sobre Desenvolvimento e Mundo Rural em um Programa de P\u00f3s-Gradua\u00e7\u00e3o em Ci\u00eancias Sociais. <em>Revista Brasileira de P\u00f3s-Gradua\u00e7\u00e3o<\/em>, v. 13, n.30, jan.-abr. 2016, p. 253-277. Dispon\u00edvel em: <a href=\"https:\/\/rbpg.capes.gov.br\/index.php\/rbpg\/issue\/view\/36\">https:\/\/rbpg.capes.gov.br\/index.php\/rbpg\/issue\/view\/36<\/a><\/p>\n<p>CESCO, Susana; MOREIRA, Roberto Jos\u00e9; LIMA, Eli Napole\u00e3o de. Interdisciplinaridade, entre o conceito e a pr\u00e1tica um estudo de caso. <em>Revista Brasileira de Ci\u00eancias Sociais<\/em>, vol.29, n.84, fev. 2014, p.57-71.<br \/>\nDispon\u00edvel em: <a href=\"https:\/\/www.scielo.br\/scielo.php?script=sci_arttext&amp;pid=S0102-69092014000100004&amp;lng=en&amp;nrm=iso\" target=\"_blank\" rel=\"noopener noreferrer\">https:\/\/www.scielo.br\/scielo.php?script=sci_arttext&amp;pid=S0102-69092014000100004&amp;lng=en&amp;nrm=iso<\/a><\/p>\n<p>MOREIRA, Roberto. Mobilizando agendas em torno da pesquisa social em agricultura. O Programa CPDA, o PIPSA e o PRONEX. In: LIMA, Eli Napole\u00e3o de e LEITE, S\u00e9rgio Pereira (Orgs.). <em>CPDA 30 Anos. Desenvolvimento, Agricultura e Sociedade<\/em>. Rio de Janeiro: Mauad X; Serop\u00e9dica: EDUR, 2010.<br \/>\nDispon\u00edvel em: <a href=\"https:\/\/mauad.com.br\/index.php?route=product\/product&amp;product_id=10355&amp;search=cpda+30+anos\" target=\"_blank\" rel=\"noopener noreferrer\">https:\/\/mauad.com.br\/index.php?route=product\/product&amp;product_id=10355&amp;search=cpda+30+anos<\/a><\/p>\n<p>&nbsp;<\/p>\n<p>Apresenta\u00e7\u00e3o do CPDA \u2013 2021<\/p>\n<p><iframe loading=\"lazy\" title=\"Apresenta\u00e7\u00e3o do CPDA - 2021\" width=\"500\" height=\"375\" src=\"https:\/\/www.youtube.com\/embed\/SaNFU2isIdY?feature=oembed\" frameborder=\"0\" allow=\"accelerometer; autoplay; clipboard-write; encrypted-media; gyroscope; picture-in-picture; web-share\" referrerpolicy=\"strict-origin-when-cross-origin\" allowfullscreen><\/iframe><\/p>\n<p>&nbsp;<\/p>\n<p>&nbsp;<\/p>\n<p>&nbsp;<\/p>\n","protected":false},"excerpt":{"rendered":"<p>&nbsp; O Programa de P\u00f3s-Gradua\u00e7\u00e3o de Ci\u00eancias Sociais em Desenvolvimento, Agricultura e Sociedade da Universidade Federal Rural do Rio de <a class=\"read-more\" href=\"https:\/\/institucional.ufrrj.br\/portalcpda\/historia-do-cpda\/ \" >&#8230; <span class=\"font-italic\">leia mais <i class=\"fas fa-angle-right\"><\/i><\/span><\/a><\/p>\n","protected":false},"author":634,"featured_media":0,"parent":0,"menu_order":0,"comment_status":"open","ping_status":"open","template":"","meta":{"_acf_changed":false,"footnotes":""},"class_list":["post-24","page","type-page","status-publish","hentry"],"yoast_head":"<!-- This site is optimized with the Yoast SEO plugin v27.2 - https:\/\/yoast.com\/product\/yoast-seo-wordpress\/ -->\n<title>Hist\u00f3ria do CPDA - CPDA<\/title>\n<meta name=\"robots\" content=\"index, follow, max-snippet:-1, max-image-preview:large, max-video-preview:-1\" \/>\n<link rel=\"canonical\" href=\"https:\/\/institucional.ufrrj.br\/portalcpda\/historia-do-cpda\/\" \/>\n<meta property=\"og:locale\" content=\"pt_BR\" \/>\n<meta property=\"og:type\" content=\"article\" \/>\n<meta property=\"og:title\" content=\"Hist\u00f3ria do CPDA - CPDA\" \/>\n<meta property=\"og:description\" content=\"&nbsp; O Programa de P\u00f3s-Gradua\u00e7\u00e3o de Ci\u00eancias Sociais em Desenvolvimento, Agricultura e Sociedade da Universidade Federal Rural do Rio de ... leia mais\" \/>\n<meta property=\"og:url\" content=\"https:\/\/institucional.ufrrj.br\/portalcpda\/historia-do-cpda\/\" \/>\n<meta property=\"og:site_name\" content=\"CPDA\" \/>\n<meta property=\"article:modified_time\" content=\"2022-12-23T16:15:06+00:00\" \/>\n<meta name=\"twitter:card\" content=\"summary_large_image\" \/>\n<meta name=\"twitter:label1\" content=\"Est. tempo de leitura\" \/>\n\t<meta name=\"twitter:data1\" content=\"9 minutos\" \/>\n<script type=\"application\/ld+json\" class=\"yoast-schema-graph\">{\"@context\":\"https:\/\/schema.org\",\"@graph\":[{\"@type\":\"WebPage\",\"@id\":\"https:\/\/institucional.ufrrj.br\/portalcpda\/historia-do-cpda\/\",\"url\":\"https:\/\/institucional.ufrrj.br\/portalcpda\/historia-do-cpda\/\",\"name\":\"Hist\u00f3ria do CPDA - CPDA\",\"isPartOf\":{\"@id\":\"https:\/\/institucional.ufrrj.br\/portalcpda\/#website\"},\"datePublished\":\"2011-07-01T00:59:57+00:00\",\"dateModified\":\"2022-12-23T16:15:06+00:00\",\"breadcrumb\":{\"@id\":\"https:\/\/institucional.ufrrj.br\/portalcpda\/historia-do-cpda\/#breadcrumb\"},\"inLanguage\":\"pt-BR\",\"potentialAction\":[{\"@type\":\"ReadAction\",\"target\":[\"https:\/\/institucional.ufrrj.br\/portalcpda\/historia-do-cpda\/\"]}]},{\"@type\":\"BreadcrumbList\",\"@id\":\"https:\/\/institucional.ufrrj.br\/portalcpda\/historia-do-cpda\/#breadcrumb\",\"itemListElement\":[{\"@type\":\"ListItem\",\"position\":1,\"name\":\"In\u00edcio\",\"item\":\"https:\/\/institucional.ufrrj.br\/portalcpda\/\"},{\"@type\":\"ListItem\",\"position\":2,\"name\":\"Hist\u00f3ria do CPDA\"}]},{\"@type\":\"WebSite\",\"@id\":\"https:\/\/institucional.ufrrj.br\/portalcpda\/#website\",\"url\":\"https:\/\/institucional.ufrrj.br\/portalcpda\/\",\"name\":\"CPDA\",\"description\":\"institucional.ufrrj.br\",\"potentialAction\":[{\"@type\":\"SearchAction\",\"target\":{\"@type\":\"EntryPoint\",\"urlTemplate\":\"https:\/\/institucional.ufrrj.br\/portalcpda\/?s={search_term_string}\"},\"query-input\":{\"@type\":\"PropertyValueSpecification\",\"valueRequired\":true,\"valueName\":\"search_term_string\"}}],\"inLanguage\":\"pt-BR\"}]}<\/script>\n<!-- \/ Yoast SEO plugin. -->","yoast_head_json":{"title":"Hist\u00f3ria do CPDA - CPDA","robots":{"index":"index","follow":"follow","max-snippet":"max-snippet:-1","max-image-preview":"max-image-preview:large","max-video-preview":"max-video-preview:-1"},"canonical":"https:\/\/institucional.ufrrj.br\/portalcpda\/historia-do-cpda\/","og_locale":"pt_BR","og_type":"article","og_title":"Hist\u00f3ria do CPDA - CPDA","og_description":"&nbsp; O Programa de P\u00f3s-Gradua\u00e7\u00e3o de Ci\u00eancias Sociais em Desenvolvimento, Agricultura e Sociedade da Universidade Federal Rural do Rio de ... leia mais","og_url":"https:\/\/institucional.ufrrj.br\/portalcpda\/historia-do-cpda\/","og_site_name":"CPDA","article_modified_time":"2022-12-23T16:15:06+00:00","twitter_card":"summary_large_image","twitter_misc":{"Est. tempo de leitura":"9 minutos"},"schema":{"@context":"https:\/\/schema.org","@graph":[{"@type":"WebPage","@id":"https:\/\/institucional.ufrrj.br\/portalcpda\/historia-do-cpda\/","url":"https:\/\/institucional.ufrrj.br\/portalcpda\/historia-do-cpda\/","name":"Hist\u00f3ria do CPDA - CPDA","isPartOf":{"@id":"https:\/\/institucional.ufrrj.br\/portalcpda\/#website"},"datePublished":"2011-07-01T00:59:57+00:00","dateModified":"2022-12-23T16:15:06+00:00","breadcrumb":{"@id":"https:\/\/institucional.ufrrj.br\/portalcpda\/historia-do-cpda\/#breadcrumb"},"inLanguage":"pt-BR","potentialAction":[{"@type":"ReadAction","target":["https:\/\/institucional.ufrrj.br\/portalcpda\/historia-do-cpda\/"]}]},{"@type":"BreadcrumbList","@id":"https:\/\/institucional.ufrrj.br\/portalcpda\/historia-do-cpda\/#breadcrumb","itemListElement":[{"@type":"ListItem","position":1,"name":"In\u00edcio","item":"https:\/\/institucional.ufrrj.br\/portalcpda\/"},{"@type":"ListItem","position":2,"name":"Hist\u00f3ria do CPDA"}]},{"@type":"WebSite","@id":"https:\/\/institucional.ufrrj.br\/portalcpda\/#website","url":"https:\/\/institucional.ufrrj.br\/portalcpda\/","name":"CPDA","description":"institucional.ufrrj.br","potentialAction":[{"@type":"SearchAction","target":{"@type":"EntryPoint","urlTemplate":"https:\/\/institucional.ufrrj.br\/portalcpda\/?s={search_term_string}"},"query-input":{"@type":"PropertyValueSpecification","valueRequired":true,"valueName":"search_term_string"}}],"inLanguage":"pt-BR"}]}},"acf":[],"_links":{"self":[{"href":"https:\/\/institucional.ufrrj.br\/portalcpda\/wp-json\/wp\/v2\/pages\/24","targetHints":{"allow":["GET"]}}],"collection":[{"href":"https:\/\/institucional.ufrrj.br\/portalcpda\/wp-json\/wp\/v2\/pages"}],"about":[{"href":"https:\/\/institucional.ufrrj.br\/portalcpda\/wp-json\/wp\/v2\/types\/page"}],"author":[{"embeddable":true,"href":"https:\/\/institucional.ufrrj.br\/portalcpda\/wp-json\/wp\/v2\/users\/634"}],"replies":[{"embeddable":true,"href":"https:\/\/institucional.ufrrj.br\/portalcpda\/wp-json\/wp\/v2\/comments?post=24"}],"version-history":[{"count":22,"href":"https:\/\/institucional.ufrrj.br\/portalcpda\/wp-json\/wp\/v2\/pages\/24\/revisions"}],"predecessor-version":[{"id":23970,"href":"https:\/\/institucional.ufrrj.br\/portalcpda\/wp-json\/wp\/v2\/pages\/24\/revisions\/23970"}],"wp:attachment":[{"href":"https:\/\/institucional.ufrrj.br\/portalcpda\/wp-json\/wp\/v2\/media?parent=24"}],"curies":[{"name":"wp","href":"https:\/\/api.w.org\/{rel}","templated":true}]}}