{"id":23362,"date":"2022-07-11T11:59:21","date_gmt":"2022-07-11T14:59:21","guid":{"rendered":"https:\/\/institucional.ufrrj.br\/portalcpda\/?page_id=23362"},"modified":"2022-07-11T11:59:21","modified_gmt":"2022-07-11T14:59:21","slug":"cartografia-social-e-geotecnologias-na-analise-socioambiental","status":"publish","type":"page","link":"https:\/\/institucional.ufrrj.br\/portalcpda\/cartografia-social-e-geotecnologias-na-analise-socioambiental\/","title":{"rendered":"Cartografia Social e Geotecnologias na an\u00e1lise socioambiental"},"content":{"rendered":"<p>IH 1587<\/p>\n<p>Disciplina Espec\u00edfica da Linha de Pesquisa Terra, Poder e Territ\u00f3rio<br \/>\nN\u00famero de cr\u00e9ditos : 3<br \/>\nCarga hor\u00e1ria: 4 horas aulas semanais<br \/>\nProfessor respons\u00e1vel: Andrey Cordeiro Ferreira<\/p>\n<p><strong>Objetivo<\/strong><\/p>\n<p>A presente disciplina tem por objetivo articular a cartografia social, as geotecnologias e as novas tecnologias (<em>softwares, tablets, drones<\/em>) na pesquisa em ci\u00eancias sociais, direcionadas especialmente para a an\u00e1lise socioambiental.<\/p>\n<p><strong>Ementa<\/strong><\/p>\n<p>&nbsp;<\/p>\n<p><strong>Bibliografia<\/strong><\/p>\n<p>Mauss, Marcel. Manual de etnografia, Lisboa: Dom Quixote (1947).<\/p>\n<p>Mauss, Marcel. &#8220;Fragmento de um plano de Sociologia Descritiva.&#8221; Ensaios de sociologia, Perspectiva, 2009.<\/p>\n<p>Brotton, Jerry. Uma hist\u00f3ria do mundo em doze mapas. Rio de Janeiro, Zahar Editores, 2014.<\/p>\n<p>Acselrad, Henri, Mapeamentos, identidades e territ\u00f3rios. IN Acselrad, Henri. Cartografia social e din\u00e2micas territoriais: marcos para o debate. Rio de Janeiro: UFRJ, IPPUR (2010).<\/p>\n<p>Hoffmann, Maria Barroso. Mapeamentos participativos e atores transnacionais: a forma\u00e7\u00e3o de identidades pol\u00edticas para al\u00e9m do Estado e dos grupos \u00e9tnicos. IN Acselrad, Henri. Cartografia social e din\u00e2micas territoriais: marcos para o debate. Rio de Janeiro: UFRJ, IPPUR (2010).<\/p>\n<p>Coli, Luis R\u00e9gis. Sistemas de Informa\u00e7\u00e3o Geogr\u00e1fica e iniciativas participativas de mapeamento: estrat\u00e9gias, ambiguidades e assimetrias. IN Acselrad, Henri. Cartografia social e din\u00e2micas territoriais: marcos para o debate. Rio de Janeiro: UFRJ, IPPUR (2010).<\/p>\n<p>Acselrad, Henri. Cartografias sociais e territ\u00f3rio. Rio de Janeiro: Ippur\/UFRJ, 2008.<\/p>\n<p>Chapin, Mac; Zachary, Lamb and Bill, Threlkeld. Mapping indigenous lands. Annu. Rev. Anthropol. 34 (2005): 619-638.<\/p>\n<p>Paulston, Rolland G. and Martin, Liebman. &#8220;Social cartography: A new metaphor\/tool for comparative studies.&#8221; Social cartography: Mapping ways of seeing social and educational change, 1996: 7-28.<\/p>\n<p>Crespo, Ant\u00f4nio Arnot. Estat\u00edstica f\u00e1cil. Saraiva, 2002. C\u00e2mara, Gilberto, et al. &#8220;An\u00e1lise espacial e geoprocessamento.&#8221; An\u00e1lise espacial de dados geogr\u00e1ficos, Instituto Nacional de Pesquisa Espacial, 2003.<\/p>\n<p>Silva, Jorge Xavier da e Zaidan, Ricardo Tavares. Geoprocessamento e an\u00e1lise ambiental: aplica\u00e7\u00f5es. Bertrand Brasil, 2004.<\/p>\n","protected":false},"excerpt":{"rendered":"<p>IH 1587 Disciplina Espec\u00edfica da Linha de Pesquisa Terra, Poder e Territ\u00f3rio N\u00famero de cr\u00e9ditos : 3 Carga hor\u00e1ria: 4 <a class=\"read-more\" href=\"https:\/\/institucional.ufrrj.br\/portalcpda\/cartografia-social-e-geotecnologias-na-analise-socioambiental\/ \" >&#8230; <span class=\"font-italic\">leia mais <i class=\"fas fa-angle-right\"><\/i><\/span><\/a><\/p>\n","protected":false},"author":711,"featured_media":0,"parent":0,"menu_order":0,"comment_status":"closed","ping_status":"closed","template":"","meta":{"_acf_changed":false,"footnotes":""},"class_list":["post-23362","page","type-page","status-publish","hentry"],"yoast_head":"<!-- This site is optimized with the Yoast SEO plugin v27.2 - https:\/\/yoast.com\/product\/yoast-seo-wordpress\/ -->\n<title>Cartografia Social e Geotecnologias na an\u00e1lise socioambiental - CPDA<\/title>\n<meta name=\"robots\" content=\"index, follow, max-snippet:-1, max-image-preview:large, max-video-preview:-1\" \/>\n<link rel=\"canonical\" href=\"https:\/\/institucional.ufrrj.br\/portalcpda\/cartografia-social-e-geotecnologias-na-analise-socioambiental\/\" \/>\n<meta property=\"og:locale\" content=\"pt_BR\" \/>\n<meta property=\"og:type\" content=\"article\" \/>\n<meta property=\"og:title\" content=\"Cartografia Social e Geotecnologias na an\u00e1lise socioambiental - CPDA\" \/>\n<meta property=\"og:description\" content=\"IH 1587 Disciplina Espec\u00edfica da Linha de Pesquisa Terra, Poder e Territ\u00f3rio N\u00famero de cr\u00e9ditos : 3 Carga hor\u00e1ria: 4 ... leia mais\" \/>\n<meta property=\"og:url\" content=\"https:\/\/institucional.ufrrj.br\/portalcpda\/cartografia-social-e-geotecnologias-na-analise-socioambiental\/\" \/>\n<meta property=\"og:site_name\" content=\"CPDA\" \/>\n<meta name=\"twitter:card\" content=\"summary_large_image\" \/>\n<meta name=\"twitter:label1\" content=\"Est. tempo de leitura\" \/>\n\t<meta name=\"twitter:data1\" content=\"2 minutos\" \/>\n<script type=\"application\/ld+json\" class=\"yoast-schema-graph\">{\"@context\":\"https:\/\/schema.org\",\"@graph\":[{\"@type\":\"WebPage\",\"@id\":\"https:\/\/institucional.ufrrj.br\/portalcpda\/cartografia-social-e-geotecnologias-na-analise-socioambiental\/\",\"url\":\"https:\/\/institucional.ufrrj.br\/portalcpda\/cartografia-social-e-geotecnologias-na-analise-socioambiental\/\",\"name\":\"Cartografia Social e Geotecnologias na an\u00e1lise socioambiental - CPDA\",\"isPartOf\":{\"@id\":\"https:\/\/institucional.ufrrj.br\/portalcpda\/#website\"},\"datePublished\":\"2022-07-11T14:59:21+00:00\",\"breadcrumb\":{\"@id\":\"https:\/\/institucional.ufrrj.br\/portalcpda\/cartografia-social-e-geotecnologias-na-analise-socioambiental\/#breadcrumb\"},\"inLanguage\":\"pt-BR\",\"potentialAction\":[{\"@type\":\"ReadAction\",\"target\":[\"https:\/\/institucional.ufrrj.br\/portalcpda\/cartografia-social-e-geotecnologias-na-analise-socioambiental\/\"]}]},{\"@type\":\"BreadcrumbList\",\"@id\":\"https:\/\/institucional.ufrrj.br\/portalcpda\/cartografia-social-e-geotecnologias-na-analise-socioambiental\/#breadcrumb\",\"itemListElement\":[{\"@type\":\"ListItem\",\"position\":1,\"name\":\"In\u00edcio\",\"item\":\"https:\/\/institucional.ufrrj.br\/portalcpda\/\"},{\"@type\":\"ListItem\",\"position\":2,\"name\":\"Cartografia Social e Geotecnologias na an\u00e1lise socioambiental\"}]},{\"@type\":\"WebSite\",\"@id\":\"https:\/\/institucional.ufrrj.br\/portalcpda\/#website\",\"url\":\"https:\/\/institucional.ufrrj.br\/portalcpda\/\",\"name\":\"CPDA\",\"description\":\"institucional.ufrrj.br\",\"potentialAction\":[{\"@type\":\"SearchAction\",\"target\":{\"@type\":\"EntryPoint\",\"urlTemplate\":\"https:\/\/institucional.ufrrj.br\/portalcpda\/?s={search_term_string}\"},\"query-input\":{\"@type\":\"PropertyValueSpecification\",\"valueRequired\":true,\"valueName\":\"search_term_string\"}}],\"inLanguage\":\"pt-BR\"}]}<\/script>\n<!-- \/ Yoast SEO plugin. -->","yoast_head_json":{"title":"Cartografia Social e Geotecnologias na an\u00e1lise socioambiental - CPDA","robots":{"index":"index","follow":"follow","max-snippet":"max-snippet:-1","max-image-preview":"max-image-preview:large","max-video-preview":"max-video-preview:-1"},"canonical":"https:\/\/institucional.ufrrj.br\/portalcpda\/cartografia-social-e-geotecnologias-na-analise-socioambiental\/","og_locale":"pt_BR","og_type":"article","og_title":"Cartografia Social e Geotecnologias na an\u00e1lise socioambiental - CPDA","og_description":"IH 1587 Disciplina Espec\u00edfica da Linha de Pesquisa Terra, Poder e Territ\u00f3rio N\u00famero de cr\u00e9ditos : 3 Carga hor\u00e1ria: 4 ... leia mais","og_url":"https:\/\/institucional.ufrrj.br\/portalcpda\/cartografia-social-e-geotecnologias-na-analise-socioambiental\/","og_site_name":"CPDA","twitter_card":"summary_large_image","twitter_misc":{"Est. tempo de leitura":"2 minutos"},"schema":{"@context":"https:\/\/schema.org","@graph":[{"@type":"WebPage","@id":"https:\/\/institucional.ufrrj.br\/portalcpda\/cartografia-social-e-geotecnologias-na-analise-socioambiental\/","url":"https:\/\/institucional.ufrrj.br\/portalcpda\/cartografia-social-e-geotecnologias-na-analise-socioambiental\/","name":"Cartografia Social e Geotecnologias na an\u00e1lise socioambiental - CPDA","isPartOf":{"@id":"https:\/\/institucional.ufrrj.br\/portalcpda\/#website"},"datePublished":"2022-07-11T14:59:21+00:00","breadcrumb":{"@id":"https:\/\/institucional.ufrrj.br\/portalcpda\/cartografia-social-e-geotecnologias-na-analise-socioambiental\/#breadcrumb"},"inLanguage":"pt-BR","potentialAction":[{"@type":"ReadAction","target":["https:\/\/institucional.ufrrj.br\/portalcpda\/cartografia-social-e-geotecnologias-na-analise-socioambiental\/"]}]},{"@type":"BreadcrumbList","@id":"https:\/\/institucional.ufrrj.br\/portalcpda\/cartografia-social-e-geotecnologias-na-analise-socioambiental\/#breadcrumb","itemListElement":[{"@type":"ListItem","position":1,"name":"In\u00edcio","item":"https:\/\/institucional.ufrrj.br\/portalcpda\/"},{"@type":"ListItem","position":2,"name":"Cartografia Social e Geotecnologias na an\u00e1lise socioambiental"}]},{"@type":"WebSite","@id":"https:\/\/institucional.ufrrj.br\/portalcpda\/#website","url":"https:\/\/institucional.ufrrj.br\/portalcpda\/","name":"CPDA","description":"institucional.ufrrj.br","potentialAction":[{"@type":"SearchAction","target":{"@type":"EntryPoint","urlTemplate":"https:\/\/institucional.ufrrj.br\/portalcpda\/?s={search_term_string}"},"query-input":{"@type":"PropertyValueSpecification","valueRequired":true,"valueName":"search_term_string"}}],"inLanguage":"pt-BR"}]}},"acf":[],"_links":{"self":[{"href":"https:\/\/institucional.ufrrj.br\/portalcpda\/wp-json\/wp\/v2\/pages\/23362","targetHints":{"allow":["GET"]}}],"collection":[{"href":"https:\/\/institucional.ufrrj.br\/portalcpda\/wp-json\/wp\/v2\/pages"}],"about":[{"href":"https:\/\/institucional.ufrrj.br\/portalcpda\/wp-json\/wp\/v2\/types\/page"}],"author":[{"embeddable":true,"href":"https:\/\/institucional.ufrrj.br\/portalcpda\/wp-json\/wp\/v2\/users\/711"}],"replies":[{"embeddable":true,"href":"https:\/\/institucional.ufrrj.br\/portalcpda\/wp-json\/wp\/v2\/comments?post=23362"}],"version-history":[{"count":1,"href":"https:\/\/institucional.ufrrj.br\/portalcpda\/wp-json\/wp\/v2\/pages\/23362\/revisions"}],"predecessor-version":[{"id":23363,"href":"https:\/\/institucional.ufrrj.br\/portalcpda\/wp-json\/wp\/v2\/pages\/23362\/revisions\/23363"}],"wp:attachment":[{"href":"https:\/\/institucional.ufrrj.br\/portalcpda\/wp-json\/wp\/v2\/media?parent=23362"}],"curies":[{"name":"wp","href":"https:\/\/api.w.org\/{rel}","templated":true}]}}